{"id":2800,"date":"2025-08-14T15:57:17","date_gmt":"2025-08-14T07:57:17","guid":{"rendered":"https:\/\/senyenergy.com\/?post_type=product&#038;p=2800"},"modified":"2025-08-15T10:25:44","modified_gmt":"2025-08-15T02:25:44","slug":"parafusos-auto-perfurantes-com-cabeca-de-anilha-hexagonal-para-montagem-solar","status":"publish","type":"product","link":"https:\/\/senyenergy.com\/pt\/product\/parafusos-auto-perfurantes-com-cabeca-de-anilha-hexagonal-para-montagem-solar\/","title":{"rendered":"Parafusos auto-perfurantes com cabe\u00e7a de anilha hexagonal para montagem de pain\u00e9is solares"},"content":{"rendered":"<p>O<strong><b>\u00a0Parafusos auto-perfurantes<\/b><\/strong>\u00a0Os parafusos auto-roscantes para montagem de pain\u00e9is solares s\u00e3o utilizados principalmente para fixar os suportes de telhado. Os parafusos de alta qualidade s\u00e3o utilizados para fixar os suportes de telhado quando se fixam os pain\u00e9is solares. Estes parafusos tornam a montagem mais f\u00e1cil e r\u00e1pida.<\/p>\n<p>Os parafusos auto-perfurantes para vigas de madeira e vigas de a\u00e7o s\u00e3o componentes essenciais nos sistemas de instala\u00e7\u00e3o solar, concebidos para proporcionar uma liga\u00e7\u00e3o forte e fi\u00e1vel entre suportes de instala\u00e7\u00e3o, vigas e outros elementos estruturais.<\/p>\n<p>&nbsp;<\/p>\n<p>Os principais componentes do <strong><b>Parafusos auto-perfurantes com cabe\u00e7a de anilha hexagonal<\/b><\/strong><\/p>\n<p>Cabe\u00e7a de anilha hexagonal (HWH):<\/p>\n<p>Aplica\u00e7\u00e3o de bin\u00e1rio elevado: O acionamento hexagonal interno (6 l\u00f3bulos) permite uma aplica\u00e7\u00e3o de bin\u00e1rio significativamente mais elevada do que os accionamentos Phillips ou Torx. Isto \u00e9 essencial para passar o parafuso atrav\u00e9s de a\u00e7o espesso ou vigas de madeira sem danificar a transmiss\u00e3o.<\/p>\n<p>M\u00e1quina de lavar integrada: A anilha integrada proporciona uma grande superf\u00edcie de apoio. Distribui eficazmente a for\u00e7a de aperto. Ajuda a vedar o orif\u00edcio contra a entrada de \u00e1gua (essencial para a longevidade do telhado). E evita que a cabe\u00e7a seja puxada atrav\u00e9s de componentes de chapa met\u00e1lica mais finos. Actua como uma anilha de bloqueio contra o afrouxamento (especialmente com a parte inferior serrilhada).<\/p>\n<p>Ponta auto-perfurante: N\u00e3o necessita de pr\u00e9-perfura\u00e7\u00e3o: A ponta actua como uma broca, criando o seu pr\u00f3prio orif\u00edcio piloto no metal de base (normalmente madres, vigas ou carris de a\u00e7o). Isto acelera drasticamente a instala\u00e7\u00e3o e reduz os custos de m\u00e3o de obra.<\/p>\n<p>Materiais: A\u00e7o carbono galvanizado ou a\u00e7o inoxid\u00e1vel, garantindo a sua robustez e resist\u00eancia \u00e0 corros\u00e3o.<\/p>\n<p>&nbsp;<\/p>\n<p>Estamos a redefinir o futuro das instala\u00e7\u00f5es de pain\u00e9is solares com os nossos inovadores parafusos autoperfurantes solares. Estes parafusos not\u00e1veis foram concebidos para perfurar sem esfor\u00e7o v\u00e1rios materiais, tornando-os a melhor escolha para fixar o hardware de montagem de pain\u00e9is solares. Descubra como os nossos parafusos auto-perfurantes est\u00e3o a transformar a ind\u00fastria solar.<\/p>\n<p>&nbsp;<\/p>\n<p><strong><b>Carater\u00edsticas dos parafusos auto-perfurantes com cabe\u00e7a de anilha hexagonal para montagem solar<\/b><\/strong><\/p>\n<ol>\n<li>Design autoperfurante de \u00faltima gera\u00e7\u00e3o:<\/li>\n<\/ol>\n<p>Os nossos parafusos autoperfurantes solares apresentam um design de vanguarda que elimina a necessidade de furos pr\u00e9vios. \u00c0 medida que s\u00e3o introduzidos na superf\u00edcie, criam os seus pr\u00f3prios orif\u00edcios piloto precisos, reduzindo o tempo e o esfor\u00e7o de instala\u00e7\u00e3o.<\/p>\n<ol start=\"2\">\n<li>Compatibilidade superior de materiais:<\/li>\n<\/ol>\n<p>Estes parafusos foram concebidos para se destacarem em v\u00e1rios materiais, incluindo metal, madeira e superf\u00edcies compostas. Quer esteja a montar pain\u00e9is solares em telhados ou noutras estruturas, os nossos parafusos oferecem uma versatilidade sem paralelo.<\/p>\n<ol start=\"3\">\n<li>Poder de fixa\u00e7\u00e3o inigual\u00e1vel:<\/li>\n<\/ol>\n<p>Experimente a confian\u00e7a de uma fixa\u00e7\u00e3o segura do painel solar. Os nossos parafusos auto-perfurantes proporcionam um poder de fixa\u00e7\u00e3o inigual\u00e1vel, garantindo que os seus pain\u00e9is se mant\u00eam firmemente no lugar, mesmo em condi\u00e7\u00f5es climat\u00e9ricas dif\u00edceis.<\/p>\n<ol start=\"4\">\n<li>Gama abrangente:<\/li>\n<\/ol>\n<p>Escolha entre a nossa vasta gama de parafusos autoperfurantes solares, concebidos para satisfazer as diversas necessidades dos seus projectos solares. Quer esteja a trabalhar em instala\u00e7\u00f5es residenciais ou comerciais, temos o parafuso certo para o trabalho.<\/p>\n<ol start=\"5\">\n<li>Efici\u00eancia e precis\u00e3o:<\/li>\n<\/ol>\n<p>Estes parafusos s\u00e3o sin\u00f3nimo de efici\u00eancia e precis\u00e3o. Sem necessidade de pr\u00e9-perfura\u00e7\u00e3o demorada, pode concluir as instala\u00e7\u00f5es mais rapidamente, reduzindo os custos de m\u00e3o de obra e os prazos do projeto.<\/p>\n<ol start=\"6\">\n<li>A durabilidade alia-se \u00e0 sustentabilidade:<\/li>\n<\/ol>\n<p>Estamos empenhados na sustentabilidade e os nossos parafusos reflectem esse compromisso. Fabricados com materiais de alta qualidade e resistentes \u00e0 corros\u00e3o, s\u00e3o constru\u00eddos para resistir ao teste do tempo, contribuindo para a longevidade das suas instala\u00e7\u00f5es solares.<\/p>\n<p>&nbsp;<\/p>\n<p>O <strong><b>Parafusos auto-perfurantes<\/b><\/strong>\u00a0para vigas de madeira e vigas de a\u00e7o s\u00e3o normalmente utilizados pelos nossos clientes para todos os tipos de telhados, tais como telhado de telha, telhado de lata de metal, telhados de metal trapezoidal e etc. As especifica\u00e7\u00f5es dos parafusos auto-perfurantes podem ser personalizadas.<\/p>\n<p>&nbsp;<\/p>\n<p>Os profissionais do sector solar confiam na nossa\u00a0<strong><b>Parafusos auto-perfurantes<\/b><\/strong>\u00a0pela sua qualidade e fiabilidade inigual\u00e1veis. Junte-se \u00e0s fileiras de clientes satisfeitos que confiam nos nossos parafusos para projectos solares bem sucedidos.<\/p>\n<p>&nbsp;<\/p>","protected":false},"excerpt":{"rendered":"<p>O <strong><b>Parafusos auto-perfurantes<\/b><\/strong>\u00a0para vigas de madeira e vigas de a\u00e7o s\u00e3o normalmente utilizados pelos nossos clientes para todos os tipos de telhados, tais como telhado de telha, telhado de lata de metal, telhados de metal trapezoidal e etc. As especifica\u00e7\u00f5es dos parafusos auto-perfurantes podem ser personalizadas.<\/p>\n<div class=\"wp-block-button popmake-1937\"><a class=\"wp-block-button__link wp-element-button\">verifica\u00e7\u00e3o de pre\u00e7os<\/a><\/div>","protected":false},"featured_media":2801,"template":"","meta":{"_uag_custom_page_level_css":"","site-sidebar-layout":"default","site-content-layout":"","ast-site-content-layout":"default","site-content-style":"default","site-sidebar-style":"default","ast-global-header-display":"","ast-banner-title-visibility":"","ast-main-header-display":"","ast-hfb-above-header-display":"","ast-hfb-below-header-display":"","ast-hfb-mobile-header-display":"","site-post-title":"","ast-breadcrumbs-content":"","ast-featured-img":"","footer-sml-layout":"","ast-disable-related-posts":"","theme-transparent-header-meta":"default","adv-header-id-meta":"","stick-header-meta":"","header-above-stick-meta":"","header-main-stick-meta":"","header-below-stick-meta":"","astra-migrate-meta-layouts":"set","ast-page-background-enabled":"default","ast-page-background-meta":{"desktop":{"background-color":"","background-image":"","background-repeat":"repeat","background-position":"center center","background-size":"auto","background-attachment":"scroll","background-type":"","background-media":"","overlay-type":"","overlay-color":"","overlay-opacity":"","overlay-gradient":""},"tablet":{"background-color":"","background-image":"","background-repeat":"repeat","background-position":"center center","background-size":"auto","background-attachment":"scroll","background-type":"","background-media":"","overlay-type":"","overlay-color":"","overlay-opacity":"","overlay-gradient":""},"mobile":{"background-color":"","background-image":"","background-repeat":"repeat","background-position":"center center","background-size":"auto","background-attachment":"scroll","background-type":"","background-media":"","overlay-type":"","overlay-color":"","overlay-opacity":"","overlay-gradient":""}},"ast-content-background-meta":{"desktop":{"background-color":"var(--ast-global-color-5)","background-image":"","background-repeat":"repeat","background-position":"center center","background-size":"auto","background-attachment":"scroll","background-type":"","background-media":"","overlay-type":"","overlay-color":"","overlay-opacity":"","overlay-gradient":""},"tablet":{"background-color":"var(--ast-global-color-5)","background-image":"","background-repeat":"repeat","background-position":"center center","background-size":"auto","background-attachment":"scroll","background-type":"","background-media":"","overlay-type":"","overlay-color":"","overlay-opacity":"","overlay-gradient":""},"mobile":{"background-color":"var(--ast-global-color-5)","background-image":"","background-repeat":"repeat","background-position":"center center","background-size":"auto","background-attachment":"scroll","background-type":"","background-media":"","overlay-type":"","overlay-color":"","overlay-opacity":"","overlay-gradient":""}}},"product_brand":[],"product_cat":[25,23],"product_tag":[297,295,298,292,293,294,296],"class_list":{"0":"post-2800","1":"product","2":"type-product","3":"status-publish","4":"has-post-thumbnail","6":"product_cat-excellent","7":"product_cat-solar-accessories","8":"product_tag-drywall-screw","9":"product_tag-metal-screws","10":"product_tag-roofing-screws","11":"product_tag-self-drilling-screws","12":"product_tag-self-tapping-screws","13":"product_tag-solar-screws","14":"product_tag-wood-screws","15":"desktop-align-left","16":"tablet-align-left","17":"mobile-align-left","19":"first","20":"instock","21":"shipping-taxable","22":"product-type-simple"},"spectra_custom_meta":{"_uabb_version":["1.36.1"],"_edit_last":["1"],"_edit_lock":["1755224744:1"],"_thumbnail_id":["2801"],"wb_custom_tabs":["a:0:{}"],"total_sales":["0"],"_tax_status":["taxable"],"_tax_class":[""],"_manage_stock":["no"],"_backorders":["no"],"_sold_individually":["no"],"_virtual":["no"],"_downloadable":["no"],"_download_limit":["-1"],"_download_expiry":["-1"],"_stock":[null],"_stock_status":["instock"],"_wc_average_rating":["0"],"_wc_review_count":["0"],"_product_version":["9.6.2"],"_product_image_gallery":["2802,2803,2804,2805"],"site-sidebar-layout":["default"],"ast-site-content-layout":["default"],"site-content-style":["default"],"site-sidebar-style":["default"],"theme-transparent-header-meta":["default"],"astra-migrate-meta-layouts":["set"],"_uag_page_assets":["a:9:{s:3:\"css\";s:5318:\".uag-blocks-common-selector{z-index:var(--z-index-desktop) !important}@media (max-width: 976px){.uag-blocks-common-selector{z-index:var(--z-index-tablet) !important}}@media (max-width: 767px){.uag-blocks-common-selector{z-index:var(--z-index-mobile) !important}}\n.wp-block-uagb-faq{width:100%}.wp-block-uagb-faq.uagb-faq-layout-accordion .uagb-faq-child__outer-wrap .uagb-faq-questions-button{cursor:pointer}.wp-block-uagb-faq .uagb-faq-content{margin-bottom:0}.wp-block-uagb-faq .uagb-faq-content p{margin:auto}.uagb-faq-layout-grid.uagb-faq-equal-height.uagb-faq__wrap .uagb-faq-child__outer-wrap,.uagb-faq-layout-grid.uagb-faq-equal-height.uagb-faq__wrap .uagb-faq-item{height:100%}body[class*=\"astra\"] .uagb-faq-questions{line-height:normal}.uagb-faq-item{overflow:hidden}\n.wp-block-uagb-faq-child .uagb-faq-questions-button{display:flex;align-items:center}.wp-block-uagb-faq-child .uagb-faq-questions-button .uagb-faq-icon-wrap{display:flex;align-items:center}.wp-block-uagb-faq-child .uagb-faq-questions-button .uagb-question{width:100%;margin-top:0;margin-bottom:0}.wp-block-uagb-faq-child .uagb-icon svg,.wp-block-uagb-faq-child .uagb-icon-active svg{width:15px;height:15px;font-size:15px}.wp-block-uagb-faq-child.uagb-faq-child__outer-wrap.uagb-faq-item .uagb-icon-active,.wp-block-uagb-faq-child.uagb-faq-child__outer-wrap.uagb-faq-item.uagb-faq-item-active .uagb-icon,.wp-block-uagb-faq-child.uagb-faq-child__outer-wrap .uagb-faq-item .uagb-icon-active,.wp-block-uagb-faq-child.uagb-faq-child__outer-wrap .uagb-faq-item.uagb-faq-item-active .uagb-icon{display:none;width:0;padding:0;height:0;margin:0}.wp-block-uagb-faq-child.uagb-faq-child__outer-wrap.uagb-faq-item .uagb-icon,.wp-block-uagb-faq-child.uagb-faq-child__outer-wrap.uagb-faq-item.uagb-faq-item-active .uagb-icon-active,.wp-block-uagb-faq-child.uagb-faq-child__outer-wrap .uagb-faq-item .uagb-icon,.wp-block-uagb-faq-child.uagb-faq-child__outer-wrap .uagb-faq-item.uagb-faq-item-active .uagb-icon-active{display:flex;width:auto;height:auto}.uagb-faq-layout-grid .uagb-faq-child__outer-wrap.uagb-faq-item .uagb-icon,.uagb-faq-layout-grid .uagb-faq-child__outer-wrap.uagb-faq-item.uagb-faq-item-active .uagb-icon-active,.uagb-faq-layout-grid .uagb-faq-child__outer-wrap .uagb-faq-item .uagb-icon,.uagb-faq-layout-grid .uagb-faq-child__outer-wrap .uagb-faq-item.uagb-faq-item-active .uagb-icon-active{display:none}.uagb-faq-layout-grid .uagb-faq-child__outer-wrap.uagb-faq-item span.uagb-icon-active.uagb-faq-icon-wrap,.uagb-faq-layout-grid .uagb-faq-child__outer-wrap.uagb-faq-item.uagb-faq-item-active .uagb-icon-active,.uagb-faq-layout-grid .uagb-faq-child__outer-wrap .uagb-faq-item span.uagb-icon-active.uagb-faq-icon-wrap,.uagb-faq-layout-grid .uagb-faq-child__outer-wrap .uagb-faq-item.uagb-faq-item-active .uagb-icon-active{display:none}\n.uagb-block-55b5edaf .uagb-icon svg{width: 12px;height: 12px;font-size: 12px;}.uagb-block-55b5edaf .uagb-icon-active svg{width: 12px;height: 12px;font-size: 12px;}.uagb-block-55b5edaf .uagb-faq-child__outer-wrap{margin-bottom: 10px;}.uagb-block-55b5edaf .uagb-faq-item{border-top-width: 1px;border-left-width: 1px;border-right-width: 1px;border-bottom-width: 1px;border-top-left-radius: 2px;border-top-right-radius: 2px;border-bottom-left-radius: 2px;border-bottom-right-radius: 2px;border-color: #1e1e1e;border-style: solid;}.uagb-block-55b5edaf .uagb-faq-questions-button{padding-top: 10px;padding-bottom: 10px;padding-right: 10px;padding-left: 10px;}.uagb-block-55b5edaf .uagb-faq-content{padding-top: 10px;padding-bottom: 10px;padding-right: 10px;padding-left: 10px;}.uagb-block-55b5edaf .uagb-faq-content span{margin-top: 10px;margin-bottom: 10px;margin-right: 10px;margin-left: 10px;}.uagb-block-55b5edaf.uagb-faq-icon-row .uagb-faq-item .uagb-faq-icon-wrap{margin-right: 10px;}.uagb-block-55b5edaf.uagb-faq-icon-row-reverse .uagb-faq-item .uagb-faq-icon-wrap{margin-left: 10px;}.uagb-block-55b5edaf .uagb-faq-item .uagb-faq-questions-button.uagb-faq-questions{flex-direction: row;}.uagb-block-55b5edaf .wp-block-uagb-faq-child.uagb-faq-child__outer-wrap .uagb-faq-content {display: none;}@media only screen and (max-width: 976px) {.uagb-block-55b5edaf.uagb-faq-icon-row .uagb-faq-item .uagb-faq-icon-wrap{margin-right: 10px;}.uagb-block-55b5edaf.uagb-faq-icon-row-reverse .uagb-faq-item .uagb-faq-icon-wrap{margin-left: 10px;}.uagb-block-55b5edaf .uagb-faq-questions-button{padding-top: 10px;padding-bottom: 10px;padding-right: 10px;padding-left: 10px;}.uagb-block-55b5edaf .uagb-faq-content{padding-top: 10px;padding-bottom: 10px;padding-right: 10px;padding-left: 10px;}.uagb-block-55b5edaf .uagb-faq-content span{margin-top: 10px;margin-bottom: 10px;margin-right: 10px;margin-left: 10px;}}@media only screen and (max-width: 767px) {.uagb-block-55b5edaf.uagb-faq-icon-row .uagb-faq-item .uagb-faq-icon-wrap{margin-right: 10px;}.uagb-block-55b5edaf.uagb-faq-icon-row-reverse .uagb-faq-item .uagb-faq-icon-wrap{margin-left: 10px;}.uagb-block-55b5edaf .uagb-faq-questions-button{padding-top: 10px;padding-bottom: 10px;padding-right: 10px;padding-left: 10px;}.uagb-block-55b5edaf .uagb-faq-content{padding-top: 10px;padding-bottom: 10px;padding-right: 10px;padding-left: 10px;}.uagb-block-55b5edaf .uagb-faq-content span{margin-top: 10px;margin-bottom: 10px;margin-right: 10px;margin-left: 10px;}}\";s:2:\"js\";s:0:\"\";s:18:\"current_block_list\";a:10:{i:0;s:11:\"core\/search\";i:1;s:10:\"core\/group\";i:2;s:12:\"core\/heading\";i:3;s:17:\"core\/latest-posts\";i:4;s:20:\"core\/latest-comments\";i:5;s:13:\"core\/archives\";i:6;s:15:\"core\/categories\";i:7;s:14:\"core\/paragraph\";i:8;s:8:\"uagb\/faq\";i:9;s:14:\"uagb\/faq-child\";}s:8:\"uag_flag\";b:1;s:11:\"uag_version\";s:10:\"1775829763\";s:6:\"gfonts\";a:0:{}s:10:\"gfonts_url\";s:0:\"\";s:12:\"gfonts_files\";a:0:{}s:14:\"uag_faq_layout\";b:1;}"],"_uag_css_file_name":["uag-css-2800.css"]},"uagb_featured_image_src":{"full":["https:\/\/senyenergy.com\/wp-content\/uploads\/2025\/08\/stainless-steel-Self-Drilling-Screws-for-solar-system.jpg",800,800,false],"thumbnail":["https:\/\/senyenergy.com\/wp-content\/uploads\/2025\/08\/stainless-steel-Self-Drilling-Screws-for-solar-system-150x150.jpg",150,150,true],"medium":["https:\/\/senyenergy.com\/wp-content\/uploads\/2025\/08\/stainless-steel-Self-Drilling-Screws-for-solar-system-300x300.jpg",300,300,true],"medium_large":["https:\/\/senyenergy.com\/wp-content\/uploads\/2025\/08\/stainless-steel-Self-Drilling-Screws-for-solar-system-768x768.jpg",768,768,true],"large":["https:\/\/senyenergy.com\/wp-content\/uploads\/2025\/08\/stainless-steel-Self-Drilling-Screws-for-solar-system.jpg",800,800,false],"1536x1536":["https:\/\/senyenergy.com\/wp-content\/uploads\/2025\/08\/stainless-steel-Self-Drilling-Screws-for-solar-system.jpg",800,800,false],"2048x2048":["https:\/\/senyenergy.com\/wp-content\/uploads\/2025\/08\/stainless-steel-Self-Drilling-Screws-for-solar-system.jpg",800,800,false],"trp-custom-language-flag":["https:\/\/senyenergy.com\/wp-content\/uploads\/2025\/08\/stainless-steel-Self-Drilling-Screws-for-solar-system-12x12.jpg",12,12,true],"woocommerce_thumbnail":["https:\/\/senyenergy.com\/wp-content\/uploads\/2025\/08\/stainless-steel-Self-Drilling-Screws-for-solar-system-300x300.jpg",300,300,true],"woocommerce_single":["https:\/\/senyenergy.com\/wp-content\/uploads\/2025\/08\/stainless-steel-Self-Drilling-Screws-for-solar-system-600x600.jpg",600,600,true],"woocommerce_gallery_thumbnail":["https:\/\/senyenergy.com\/wp-content\/uploads\/2025\/08\/stainless-steel-Self-Drilling-Screws-for-solar-system-100x100.jpg",100,100,true]},"uagb_author_info":{"display_name":"wp-admin","author_link":"https:\/\/senyenergy.com\/pt\/author\/"},"uagb_comment_info":0,"uagb_excerpt":"The Self-Drilling Screws\u00a0for wooden beams and steel beams are normally used by our customers for all kinds of roofs, such as tile roof, metal tin roof, trapezoidal metal roofs and etc. The specifications of Self-Drilling Screws can be customized. price check","_links":{"self":[{"href":"https:\/\/senyenergy.com\/pt\/wp-json\/wp\/v2\/product\/2800","targetHints":{"allow":["GET"]}}],"collection":[{"href":"https:\/\/senyenergy.com\/pt\/wp-json\/wp\/v2\/product"}],"about":[{"href":"https:\/\/senyenergy.com\/pt\/wp-json\/wp\/v2\/types\/product"}],"wp:featuredmedia":[{"embeddable":true,"href":"https:\/\/senyenergy.com\/pt\/wp-json\/wp\/v2\/media\/2801"}],"wp:attachment":[{"href":"https:\/\/senyenergy.com\/pt\/wp-json\/wp\/v2\/media?parent=2800"}],"wp:term":[{"taxonomy":"product_brand","embeddable":true,"href":"https:\/\/senyenergy.com\/pt\/wp-json\/wp\/v2\/product_brand?post=2800"},{"taxonomy":"product_cat","embeddable":true,"href":"https:\/\/senyenergy.com\/pt\/wp-json\/wp\/v2\/product_cat?post=2800"},{"taxonomy":"product_tag","embeddable":true,"href":"https:\/\/senyenergy.com\/pt\/wp-json\/wp\/v2\/product_tag?post=2800"}],"curies":[{"name":"wp","href":"https:\/\/api.w.org\/{rel}","templated":true}]}}