{"id":2793,"date":"2025-08-13T17:57:04","date_gmt":"2025-08-13T09:57:04","guid":{"rendered":"https:\/\/senyenergy.com\/?post_type=product&#038;p=2793"},"modified":"2025-08-15T10:26:44","modified_gmt":"2025-08-15T02:26:44","slug":"novos-ganchos-de-neve-para-paineis-solares-fotovoltaicos-ganchos-de-neve-para-remocao-de-neve","status":"publish","type":"product","link":"https:\/\/senyenergy.com\/pt\/product\/novos-ganchos-de-neve-para-paineis-solares-fotovoltaicos-ganchos-de-neve-para-remocao-de-neve\/","title":{"rendered":"Novo painel solar fotovoltaico ganchos para neve clipes para remo\u00e7\u00e3o de neve"},"content":{"rendered":"<p><strong><b>Ganchos para pain\u00e9is solares para neve Clipes para neve<\/b><\/strong>\u00a0tamb\u00e9m designado por Trav\u00e3o de neve para painel solar fotovoltaico para evitar que a neve caia dos pain\u00e9is solares no telhado. Concebidos especificamente para instala\u00e7\u00f5es solares em regi\u00f5es com climas de inverno rigorosos, os nossos novos ganchos de neve para pain\u00e9is solares s\u00e3o f\u00e1ceis de instalar em pain\u00e9is fotovoltaicos (PV) existentes. Os ganchos de neve s\u00e3o f\u00e1ceis de instalar nos pain\u00e9is fotovoltaicos existentes.<\/p>\n<p>&nbsp;<\/p>\n<p><strong><b>Carater\u00edsticas dos ganchos para neve do painel solar Snow Clips<\/b><\/strong>:<\/p>\n<p>&nbsp;<\/p>\n<p>*Solu\u00e7\u00e3o de acumula\u00e7\u00e3o de neve: Estes clipes resolvem eficazmente o desafio da acumula\u00e7\u00e3o de neve nos pain\u00e9is solares, reduzindo significativamente os custos de m\u00e3o de obra associados \u00e0 remo\u00e7\u00e3o da neve durante os meses de inverno.<\/p>\n<p>&nbsp;<\/p>\n<p>Gerir a queda de neve: Actuam como blocos de neve e quebra-neves nos m\u00f3dulos fotovoltaicos, evitando avalanches perigosas e repentinas de neve e gelo.<\/p>\n<p>&nbsp;<\/p>\n<p>*Constru\u00e7\u00e3o: Fabricados em pl\u00e1stico fi\u00e1vel e reutiliz\u00e1vel de alta qualidade, estes clipes foram concebidos para suportar temperaturas extremas e resistir ao envelhecimento, longevidade e desempenho consistente no aumento da efici\u00eancia do painel solar.<\/p>\n<p>&nbsp;<\/p>\n<p>*Instala\u00e7\u00e3o sem ferramentas: O processo de instala\u00e7\u00e3o \u00e9 simples e n\u00e3o necessita de quaisquer ferramentas especiais. Basta fixar os clipes nas extremidades dos pain\u00e9is fotovoltaicos para uma instala\u00e7\u00e3o segura e eficiente.<\/p>\n<p>&nbsp;<\/p>\n<p>*Aumento da produ\u00e7\u00e3o de energia: O design inovador destes clipes de remo\u00e7\u00e3o de neve ajuda a cortar e a descarregar a neve, melhorando assim a produ\u00e7\u00e3o de energia e prolongando a vida \u00fatil dos pain\u00e9is solares.<\/p>\n<p>&nbsp;<\/p>\n<p>*Orienta\u00e7\u00e3o para uma instala\u00e7\u00e3o \u00f3ptima: Para obter os melhores resultados, recomenda-se a instala\u00e7\u00e3o de 3-5 clipes de remo\u00e7\u00e3o de neve por m\u00f3dulo solar, especificamente concebidos para enfrentar eficazmente os desafios da acumula\u00e7\u00e3o de neve.<\/p>\n<p>&nbsp;<\/p>\n<p>Especifica\u00e7\u00f5es:<\/p>\n<p>*Nome do produto: Clipe de guia de neve para painel solar<\/p>\n<p>*Material: Pl\u00e1stico t\u00e9cnico de alta qualidade<\/p>\n<p>*Tamanho: 50*94 mm<\/p>\n<p>*Cor: azul ou preto<\/p>\n<p>&nbsp;<\/p>\n<p>Estes <strong><b>Ganchos para pain\u00e9is solares para neve Clipes para neve<\/b><\/strong>\u00a0s\u00e3o uma solu\u00e7\u00e3o pr\u00e1tica para a acumula\u00e7\u00e3o de neve nos pain\u00e9is solares, minimizando os custos de m\u00e3o de obra para a remo\u00e7\u00e3o da neve no inverno. A instala\u00e7\u00e3o de protec\u00e7\u00f5es contra a neve para pain\u00e9is solares pode evitar este problema. Recomenda-se que todos os propriet\u00e1rios de casas instalem ganchos de neve para pain\u00e9is solares fotovoltaicos para ajudar a drenar a neve para descarregar a neve em tempo frio, porque isto pode reduzir o tempo e o custo de limpar a neve por si pr\u00f3prio no inverno frio.<\/p>\n<p>&nbsp;<\/p>","protected":false},"excerpt":{"rendered":"<p>Estes <strong><b>Ganchos para pain\u00e9is solares para neve Clipes para neve<\/b><\/strong>\u00a0s\u00e3o uma solu\u00e7\u00e3o pr\u00e1tica para a acumula\u00e7\u00e3o de neve nos pain\u00e9is solares, minimizando os custos de m\u00e3o de obra para a remo\u00e7\u00e3o da neve no inverno. A instala\u00e7\u00e3o de protec\u00e7\u00f5es contra a neve para pain\u00e9is solares pode evitar este problema. Recomenda-se que todos os propriet\u00e1rios de casas instalem ganchos de neve para pain\u00e9is solares fotovoltaicos para ajudar a drenar a neve para descarregar a neve em tempo frio, porque isto pode reduzir o tempo e o custo de limpar a neve por si pr\u00f3prio no inverno frio.<\/p>\n<div class=\"wp-block-button popmake-1937\"><a class=\"wp-block-button__link wp-element-button\">verifica\u00e7\u00e3o de pre\u00e7os<\/a><\/div>","protected":false},"featured_media":2794,"template":"","meta":{"_uag_custom_page_level_css":"","site-sidebar-layout":"default","site-content-layout":"","ast-site-content-layout":"default","site-content-style":"default","site-sidebar-style":"default","ast-global-header-display":"","ast-banner-title-visibility":"","ast-main-header-display":"","ast-hfb-above-header-display":"","ast-hfb-below-header-display":"","ast-hfb-mobile-header-display":"","site-post-title":"","ast-breadcrumbs-content":"","ast-featured-img":"","footer-sml-layout":"","ast-disable-related-posts":"","theme-transparent-header-meta":"default","adv-header-id-meta":"","stick-header-meta":"","header-above-stick-meta":"","header-main-stick-meta":"","header-below-stick-meta":"","astra-migrate-meta-layouts":"set","ast-page-background-enabled":"default","ast-page-background-meta":{"desktop":{"background-color":"","background-image":"","background-repeat":"repeat","background-position":"center center","background-size":"auto","background-attachment":"scroll","background-type":"","background-media":"","overlay-type":"","overlay-color":"","overlay-opacity":"","overlay-gradient":""},"tablet":{"background-color":"","background-image":"","background-repeat":"repeat","background-position":"center center","background-size":"auto","background-attachment":"scroll","background-type":"","background-media":"","overlay-type":"","overlay-color":"","overlay-opacity":"","overlay-gradient":""},"mobile":{"background-color":"","background-image":"","background-repeat":"repeat","background-position":"center center","background-size":"auto","background-attachment":"scroll","background-type":"","background-media":"","overlay-type":"","overlay-color":"","overlay-opacity":"","overlay-gradient":""}},"ast-content-background-meta":{"desktop":{"background-color":"var(--ast-global-color-5)","background-image":"","background-repeat":"repeat","background-position":"center center","background-size":"auto","background-attachment":"scroll","background-type":"","background-media":"","overlay-type":"","overlay-color":"","overlay-opacity":"","overlay-gradient":""},"tablet":{"background-color":"var(--ast-global-color-5)","background-image":"","background-repeat":"repeat","background-position":"center center","background-size":"auto","background-attachment":"scroll","background-type":"","background-media":"","overlay-type":"","overlay-color":"","overlay-opacity":"","overlay-gradient":""},"mobile":{"background-color":"var(--ast-global-color-5)","background-image":"","background-repeat":"repeat","background-position":"center center","background-size":"auto","background-attachment":"scroll","background-type":"","background-media":"","overlay-type":"","overlay-color":"","overlay-opacity":"","overlay-gradient":""}}},"product_brand":[],"product_cat":[25,23,33],"product_tag":[291,290,289,286,288,287,285],"class_list":{"0":"post-2793","1":"product","2":"type-product","3":"status-publish","4":"has-post-thumbnail","6":"product_cat-excellent","7":"product_cat-solar-accessories","8":"product_cat-solar-panel-accessories","9":"product_tag-pv-snow-removal-clips","10":"product_tag-snow-accumulation-solution","11":"product_tag-solar-panel-pv-snow-brake","12":"product_tag-solar-panel-snow-clips","13":"product_tag-solar-panel-snow-guide-clamp","14":"product_tag-solar-panel-snow-guide-clip","15":"product_tag-solar-panel-snow-hooks","16":"desktop-align-left","17":"tablet-align-left","18":"mobile-align-left","20":"first","21":"instock","22":"shipping-taxable","23":"product-type-simple"},"spectra_custom_meta":{"_uabb_version":["1.36.1"],"_edit_last":["1"],"_edit_lock":["1756888344:1"],"_thumbnail_id":["2794"],"wb_custom_tabs":["a:0:{}"],"total_sales":["0"],"_tax_status":["taxable"],"_tax_class":[""],"_manage_stock":["no"],"_backorders":["no"],"_sold_individually":["no"],"_virtual":["no"],"_downloadable":["no"],"_download_limit":["-1"],"_download_expiry":["-1"],"_stock":[null],"_stock_status":["instock"],"_wc_average_rating":["0"],"_wc_review_count":["0"],"_product_version":["9.6.2"],"_product_image_gallery":["2797,2796,2795,2798"],"site-sidebar-layout":["default"],"ast-site-content-layout":["default"],"site-content-style":["default"],"site-sidebar-style":["default"],"theme-transparent-header-meta":["default"],"astra-migrate-meta-layouts":["set"],"_uag_page_assets":["a:9:{s:3:\"css\";s:5318:\".uag-blocks-common-selector{z-index:var(--z-index-desktop) !important}@media (max-width: 976px){.uag-blocks-common-selector{z-index:var(--z-index-tablet) !important}}@media (max-width: 767px){.uag-blocks-common-selector{z-index:var(--z-index-mobile) !important}}\n.wp-block-uagb-faq{width:100%}.wp-block-uagb-faq.uagb-faq-layout-accordion .uagb-faq-child__outer-wrap .uagb-faq-questions-button{cursor:pointer}.wp-block-uagb-faq .uagb-faq-content{margin-bottom:0}.wp-block-uagb-faq .uagb-faq-content p{margin:auto}.uagb-faq-layout-grid.uagb-faq-equal-height.uagb-faq__wrap .uagb-faq-child__outer-wrap,.uagb-faq-layout-grid.uagb-faq-equal-height.uagb-faq__wrap .uagb-faq-item{height:100%}body[class*=\"astra\"] .uagb-faq-questions{line-height:normal}.uagb-faq-item{overflow:hidden}\n.wp-block-uagb-faq-child .uagb-faq-questions-button{display:flex;align-items:center}.wp-block-uagb-faq-child .uagb-faq-questions-button .uagb-faq-icon-wrap{display:flex;align-items:center}.wp-block-uagb-faq-child .uagb-faq-questions-button .uagb-question{width:100%;margin-top:0;margin-bottom:0}.wp-block-uagb-faq-child .uagb-icon svg,.wp-block-uagb-faq-child .uagb-icon-active svg{width:15px;height:15px;font-size:15px}.wp-block-uagb-faq-child.uagb-faq-child__outer-wrap.uagb-faq-item .uagb-icon-active,.wp-block-uagb-faq-child.uagb-faq-child__outer-wrap.uagb-faq-item.uagb-faq-item-active .uagb-icon,.wp-block-uagb-faq-child.uagb-faq-child__outer-wrap .uagb-faq-item .uagb-icon-active,.wp-block-uagb-faq-child.uagb-faq-child__outer-wrap .uagb-faq-item.uagb-faq-item-active .uagb-icon{display:none;width:0;padding:0;height:0;margin:0}.wp-block-uagb-faq-child.uagb-faq-child__outer-wrap.uagb-faq-item .uagb-icon,.wp-block-uagb-faq-child.uagb-faq-child__outer-wrap.uagb-faq-item.uagb-faq-item-active .uagb-icon-active,.wp-block-uagb-faq-child.uagb-faq-child__outer-wrap .uagb-faq-item .uagb-icon,.wp-block-uagb-faq-child.uagb-faq-child__outer-wrap .uagb-faq-item.uagb-faq-item-active .uagb-icon-active{display:flex;width:auto;height:auto}.uagb-faq-layout-grid .uagb-faq-child__outer-wrap.uagb-faq-item .uagb-icon,.uagb-faq-layout-grid .uagb-faq-child__outer-wrap.uagb-faq-item.uagb-faq-item-active .uagb-icon-active,.uagb-faq-layout-grid .uagb-faq-child__outer-wrap .uagb-faq-item .uagb-icon,.uagb-faq-layout-grid .uagb-faq-child__outer-wrap .uagb-faq-item.uagb-faq-item-active .uagb-icon-active{display:none}.uagb-faq-layout-grid .uagb-faq-child__outer-wrap.uagb-faq-item span.uagb-icon-active.uagb-faq-icon-wrap,.uagb-faq-layout-grid .uagb-faq-child__outer-wrap.uagb-faq-item.uagb-faq-item-active .uagb-icon-active,.uagb-faq-layout-grid .uagb-faq-child__outer-wrap .uagb-faq-item span.uagb-icon-active.uagb-faq-icon-wrap,.uagb-faq-layout-grid .uagb-faq-child__outer-wrap .uagb-faq-item.uagb-faq-item-active .uagb-icon-active{display:none}\n.uagb-block-55b5edaf .uagb-icon svg{width: 12px;height: 12px;font-size: 12px;}.uagb-block-55b5edaf .uagb-icon-active svg{width: 12px;height: 12px;font-size: 12px;}.uagb-block-55b5edaf .uagb-faq-child__outer-wrap{margin-bottom: 10px;}.uagb-block-55b5edaf .uagb-faq-item{border-top-width: 1px;border-left-width: 1px;border-right-width: 1px;border-bottom-width: 1px;border-top-left-radius: 2px;border-top-right-radius: 2px;border-bottom-left-radius: 2px;border-bottom-right-radius: 2px;border-color: #1e1e1e;border-style: solid;}.uagb-block-55b5edaf .uagb-faq-questions-button{padding-top: 10px;padding-bottom: 10px;padding-right: 10px;padding-left: 10px;}.uagb-block-55b5edaf .uagb-faq-content{padding-top: 10px;padding-bottom: 10px;padding-right: 10px;padding-left: 10px;}.uagb-block-55b5edaf .uagb-faq-content span{margin-top: 10px;margin-bottom: 10px;margin-right: 10px;margin-left: 10px;}.uagb-block-55b5edaf.uagb-faq-icon-row .uagb-faq-item .uagb-faq-icon-wrap{margin-right: 10px;}.uagb-block-55b5edaf.uagb-faq-icon-row-reverse .uagb-faq-item .uagb-faq-icon-wrap{margin-left: 10px;}.uagb-block-55b5edaf .uagb-faq-item .uagb-faq-questions-button.uagb-faq-questions{flex-direction: row;}.uagb-block-55b5edaf .wp-block-uagb-faq-child.uagb-faq-child__outer-wrap .uagb-faq-content {display: none;}@media only screen and (max-width: 976px) {.uagb-block-55b5edaf.uagb-faq-icon-row .uagb-faq-item .uagb-faq-icon-wrap{margin-right: 10px;}.uagb-block-55b5edaf.uagb-faq-icon-row-reverse .uagb-faq-item .uagb-faq-icon-wrap{margin-left: 10px;}.uagb-block-55b5edaf .uagb-faq-questions-button{padding-top: 10px;padding-bottom: 10px;padding-right: 10px;padding-left: 10px;}.uagb-block-55b5edaf .uagb-faq-content{padding-top: 10px;padding-bottom: 10px;padding-right: 10px;padding-left: 10px;}.uagb-block-55b5edaf .uagb-faq-content span{margin-top: 10px;margin-bottom: 10px;margin-right: 10px;margin-left: 10px;}}@media only screen and (max-width: 767px) {.uagb-block-55b5edaf.uagb-faq-icon-row .uagb-faq-item .uagb-faq-icon-wrap{margin-right: 10px;}.uagb-block-55b5edaf.uagb-faq-icon-row-reverse .uagb-faq-item .uagb-faq-icon-wrap{margin-left: 10px;}.uagb-block-55b5edaf .uagb-faq-questions-button{padding-top: 10px;padding-bottom: 10px;padding-right: 10px;padding-left: 10px;}.uagb-block-55b5edaf .uagb-faq-content{padding-top: 10px;padding-bottom: 10px;padding-right: 10px;padding-left: 10px;}.uagb-block-55b5edaf .uagb-faq-content span{margin-top: 10px;margin-bottom: 10px;margin-right: 10px;margin-left: 10px;}}\";s:2:\"js\";s:0:\"\";s:18:\"current_block_list\";a:10:{i:0;s:11:\"core\/search\";i:1;s:10:\"core\/group\";i:2;s:12:\"core\/heading\";i:3;s:17:\"core\/latest-posts\";i:4;s:20:\"core\/latest-comments\";i:5;s:13:\"core\/archives\";i:6;s:15:\"core\/categories\";i:7;s:14:\"core\/paragraph\";i:8;s:8:\"uagb\/faq\";i:9;s:14:\"uagb\/faq-child\";}s:8:\"uag_flag\";b:1;s:11:\"uag_version\";s:10:\"1775829763\";s:6:\"gfonts\";a:0:{}s:10:\"gfonts_url\";s:0:\"\";s:12:\"gfonts_files\";a:0:{}s:14:\"uag_faq_layout\";b:1;}"],"_uag_css_file_name":["uag-css-2793.css"]},"uagb_featured_image_src":{"full":["https:\/\/senyenergy.com\/wp-content\/uploads\/2025\/08\/Blue-or-Black-Solar-Panel-Snow-Hooks-Snow-Clip.jpg",800,800,false],"thumbnail":["https:\/\/senyenergy.com\/wp-content\/uploads\/2025\/08\/Blue-or-Black-Solar-Panel-Snow-Hooks-Snow-Clip-150x150.jpg",150,150,true],"medium":["https:\/\/senyenergy.com\/wp-content\/uploads\/2025\/08\/Blue-or-Black-Solar-Panel-Snow-Hooks-Snow-Clip-300x300.jpg",300,300,true],"medium_large":["https:\/\/senyenergy.com\/wp-content\/uploads\/2025\/08\/Blue-or-Black-Solar-Panel-Snow-Hooks-Snow-Clip-768x768.jpg",768,768,true],"large":["https:\/\/senyenergy.com\/wp-content\/uploads\/2025\/08\/Blue-or-Black-Solar-Panel-Snow-Hooks-Snow-Clip.jpg",800,800,false],"1536x1536":["https:\/\/senyenergy.com\/wp-content\/uploads\/2025\/08\/Blue-or-Black-Solar-Panel-Snow-Hooks-Snow-Clip.jpg",800,800,false],"2048x2048":["https:\/\/senyenergy.com\/wp-content\/uploads\/2025\/08\/Blue-or-Black-Solar-Panel-Snow-Hooks-Snow-Clip.jpg",800,800,false],"trp-custom-language-flag":["https:\/\/senyenergy.com\/wp-content\/uploads\/2025\/08\/Blue-or-Black-Solar-Panel-Snow-Hooks-Snow-Clip-12x12.jpg",12,12,true],"woocommerce_thumbnail":["https:\/\/senyenergy.com\/wp-content\/uploads\/2025\/08\/Blue-or-Black-Solar-Panel-Snow-Hooks-Snow-Clip-300x300.jpg",300,300,true],"woocommerce_single":["https:\/\/senyenergy.com\/wp-content\/uploads\/2025\/08\/Blue-or-Black-Solar-Panel-Snow-Hooks-Snow-Clip-600x600.jpg",600,600,true],"woocommerce_gallery_thumbnail":["https:\/\/senyenergy.com\/wp-content\/uploads\/2025\/08\/Blue-or-Black-Solar-Panel-Snow-Hooks-Snow-Clip-100x100.jpg",100,100,true]},"uagb_author_info":{"display_name":"wp-admin","author_link":"https:\/\/senyenergy.com\/pt\/author\/"},"uagb_comment_info":0,"uagb_excerpt":"These Solar Panel Snow Hooks Snow Clips\u00a0are a practical solution to snow buildup on solar panels, minimizing labor costs for winter snow removal. Installing snow guards for solar panels can prevent this issue, It is recommended that every homeowner install PV Solar Panel Snow Hooks Snow Clips to help drain snow for discharging for snow&hellip;","_links":{"self":[{"href":"https:\/\/senyenergy.com\/pt\/wp-json\/wp\/v2\/product\/2793","targetHints":{"allow":["GET"]}}],"collection":[{"href":"https:\/\/senyenergy.com\/pt\/wp-json\/wp\/v2\/product"}],"about":[{"href":"https:\/\/senyenergy.com\/pt\/wp-json\/wp\/v2\/types\/product"}],"wp:featuredmedia":[{"embeddable":true,"href":"https:\/\/senyenergy.com\/pt\/wp-json\/wp\/v2\/media\/2794"}],"wp:attachment":[{"href":"https:\/\/senyenergy.com\/pt\/wp-json\/wp\/v2\/media?parent=2793"}],"wp:term":[{"taxonomy":"product_brand","embeddable":true,"href":"https:\/\/senyenergy.com\/pt\/wp-json\/wp\/v2\/product_brand?post=2793"},{"taxonomy":"product_cat","embeddable":true,"href":"https:\/\/senyenergy.com\/pt\/wp-json\/wp\/v2\/product_cat?post=2793"},{"taxonomy":"product_tag","embeddable":true,"href":"https:\/\/senyenergy.com\/pt\/wp-json\/wp\/v2\/product_tag?post=2793"}],"curies":[{"name":"wp","href":"https:\/\/api.w.org\/{rel}","templated":true}]}}