{"id":2658,"date":"2025-07-08T15:43:40","date_gmt":"2025-07-08T07:43:40","guid":{"rendered":"https:\/\/senyenergy.com\/?post_type=product&#038;p=2658"},"modified":"2025-07-13T12:10:53","modified_gmt":"2025-07-13T04:10:53","slug":"bracadeira-media-solar-de-aluminio-para-modulo-solar-30mm-35mm","status":"publish","type":"product","link":"https:\/\/senyenergy.com\/pt\/product\/bracadeira-media-solar-de-aluminio-para-modulo-solar-30mm-35mm\/","title":{"rendered":"Bra\u00e7adeira m\u00e9dia solar de alum\u00ednio para m\u00f3dulo solar 30mm \/35mm"},"content":{"rendered":"<p><strong><b>Alum\u00ednio S<\/b><\/strong><strong><b>olar <\/b><\/strong><strong><b>M<\/b><\/strong><strong><b>id <\/b><\/strong><strong><b>C<\/b><\/strong><strong><b>l\u00e2mpada<\/b><\/strong>\u00a0\u00e9 um componente essencial utilizado para fixar pain\u00e9is solares a calhas de montagem em instala\u00e7\u00f5es solares. Estes grampos proporcionam uma liga\u00e7\u00e3o fi\u00e1vel, garantindo que os pain\u00e9is solares permanecem est\u00e1veis e devidamente alinhados. A bra\u00e7adeira interm\u00e9dia, tamb\u00e9m conhecida como bra\u00e7adeira do meio, \u00e9 utilizada para fixar os pain\u00e9is solares entre dois m\u00f3dulos solares. \u00c9 montado com parafuso e porca, fixando-o ao carril para fixar firmemente os pain\u00e9is contra o vento e qualquer outra vibra\u00e7\u00e3o. O grampo m\u00e9dio \u00e9 feito de alum\u00ednio 6005 T5 com anodiza\u00e7\u00e3o e \u00e9 compat\u00edvel com pain\u00e9is solares de 30-50mm.<\/p>\n<p>&nbsp;<\/p>\n<p>Fabricado em alum\u00ednio anodizado resistente \u00e0 corros\u00e3o, o grampo \u00e9 leve, \u00e0 prova de intemp\u00e9ries e concebido para suportar as cargas din\u00e2micas e as condi\u00e7\u00f5es ambientais existentes. \u00c9 ideal para instaladores que necessitam de uma fixa\u00e7\u00e3o r\u00e1pida e repet\u00edvel do painel com fiabilidade a longo prazo.<\/p>\n<p>&nbsp;<\/p>\n<p>O nosso <strong><b>Alum\u00ednio S<\/b><\/strong><strong><b>olar <\/b><\/strong><strong><b>M<\/b><\/strong><strong><b>id <\/b><\/strong><strong><b>C<\/b><\/strong><strong><b>l\u00e2mpada<\/b><\/strong>\u00a0para painel solar \u00e9 feito de material de alum\u00ednio anodizado extrudido, que tem boa prote\u00e7\u00e3o contra a ferrugem e a corros\u00e3o. O grampo m\u00e9dio \u00e9 anodizado no acabamento da superf\u00edcie normalmente. Tamb\u00e9m podemos fazer anodiza\u00e7\u00e3o preta na superf\u00edcie para atender a pain\u00e9is solares com moldura preta. Tamb\u00e9m pode ser acabamento de moinho como o pedido do cliente. Temos prateado e preto para sua escolha ou personalizado para atender \u00e0s suas demandas. Nossa f\u00e1brica fornece as diferentes s\u00e9ries de bra\u00e7adeiras intermedi\u00e1rias, incluindo 30\/35\/40\/45\/50mm e mais para se adequar aos pain\u00e9is solares. O grampo m\u00e9dio de alum\u00ednio para pain\u00e9is solares \u00e9 combinado com um parafuso de cabe\u00e7a de soquete, uma arruela plana, uma arruela de press\u00e3o e uma porca deslizante. Tamb\u00e9m pode ser equipado com clipe de aterramento para fixar no trilho de montagem para alcan\u00e7ar a proposta de aterramento. Levamos a s\u00e9rio a qualidade dos grampos m\u00e9dios e damos a garantia para os nossos outros produtos.<\/p>\n<p>&nbsp;<\/p>\n<p>Carater\u00edsticas de <strong><b>Alum\u00ednio S<\/b><\/strong><strong><b>olar <\/b><\/strong><strong><b>M<\/b><\/strong><strong><b>id <\/b><\/strong><strong><b>C<\/b><\/strong><strong><b>l\u00e2mpada<\/b><\/strong>\u00a0para pain\u00e9is solares:<\/p>\n<ol>\n<li>Instala\u00e7\u00e3o simples e f\u00e1cil;<\/li>\n<li>Alta pr\u00e9-montagem na f\u00e1brica;<\/li>\n<li>Alta resist\u00eancia \u00e0 corros\u00e3o, longa vida \u00fatil;<\/li>\n<li>Boa qualidade e elevada resist\u00eancia;<\/li>\n<li>Ser de v\u00e1rios tamanhos para encaixar os pain\u00e9is solares;<\/li>\n<li>Altamente rent\u00e1vel e a pre\u00e7o de f\u00e1brica;<\/li>\n<\/ol>\n<p>&nbsp;<\/p>\n<p>Componentes deste alum\u00ednio <strong><b>Alum\u00ednio S<\/b><\/strong><strong><b>olar <\/b><\/strong><strong><b>M<\/b><\/strong><strong><b>id <\/b><\/strong><strong><b>C<\/b><\/strong><strong><b>l\u00e2mpada<\/b><\/strong><\/p>\n<p>\u00c9 fornecido com base de alum\u00ednio de montagem, parafuso hexagonal de a\u00e7o inoxid\u00e1vel e m\u00f3dulo Senyang T, pode ser fornecido com porca personalizada<\/p>\n<p>e parafuso, se solicitado.<\/p>\n<p>&nbsp;<\/p>\n<p>Especifica\u00e7\u00e3o do presente <strong><b>Alum\u00ednio S<\/b><\/strong><strong><b>olar <\/b><\/strong><strong><b>M<\/b><\/strong><strong><b>id <\/b><\/strong><strong><b>C<\/b><\/strong><strong><b>l\u00e2mpada<\/b><\/strong><\/p>\n<p>- Comprimento padr\u00e3o da bra\u00e7adeira: 40mm, outros tamanhos personalizados: 40 \/ 50 \/60 \/80... dispon\u00edvel<\/p>\n<p>- Parafusos: M8\u00d7450mm,M8\u00d745mm,M8\u00d750mm,M8\u00d755mm,M8\u00d760mm,M8\u00d765mm\u2026<\/p>\n<p>- Tratamento de superf\u00edcie: Anodizado;<\/p>\n<p>- Cor: prata \/ preto ...<\/p>\n<p>&nbsp;<\/p>\n<p><strong><b>S<\/b><\/strong><strong><b>olar <\/b><\/strong><strong><b>M<\/b><\/strong><strong><b>id <\/b><\/strong><strong><b>C<\/b><\/strong><strong><b>l\u00e2mpada<\/b><\/strong> Tamb\u00e9m pode ser equipado com um clipe de liga\u00e7\u00e3o \u00e0 terra para fixar na calha de montagem para atingir o objetivo de liga\u00e7\u00e3o \u00e0 terra.<\/p>\n<p>consultar Montagem solar Sistemas de liga\u00e7\u00e3o \u00e0 terra<\/p>\n<p>&nbsp;<\/p>\n<p>A SENYANG disp\u00f5e de pin\u00e7as de meio\/fim de pel\u00edcula fina ou com estrutura, tanto do tipo fixo como ajust\u00e1vel. E concebe diferentes <strong><b>Alum\u00ednio S<\/b><\/strong><strong><b>olar <\/b><\/strong><strong><b>M<\/b><\/strong><strong><b>id <\/b><\/strong><strong><b>C<\/b><\/strong><strong><b>l\u00e2mpada<\/b><\/strong>\u00a0para carris diferentes, n\u00e3o hesite em contactar-nos para obter uma bra\u00e7adeira interm\u00e9dia personalizada, oferecemos servi\u00e7o OEM!<\/p>\n<p>&nbsp;<\/p>","protected":false},"excerpt":{"rendered":"<p>O nosso alum\u00ednio <strong><b>S<\/b><\/strong><strong><b>olar <\/b><\/strong><strong><b>M<\/b><\/strong><strong><b>id <\/b><\/strong><strong><b>C<\/b><\/strong><strong><b>l\u00e2mpada<\/b><\/strong>\u00a0para painel solar \u00e9 feito de material de alum\u00ednio anodizado extrudido, que tem boa prote\u00e7\u00e3o contra a ferrugem e a corros\u00e3o. A bra\u00e7adeira m\u00e9dia \u00e9 anodizada no acabamento da superf\u00edcie normalmente, mas tamb\u00e9m podemos fazer anodiza\u00e7\u00e3o preta na superf\u00edcie para atender aos pain\u00e9is solares com moldura preta. Tamb\u00e9m pode ser fresado a pedido do cliente. Temos prateado e preto para sua escolha ou personalizado para atender \u00e0s suas demandas. Nossa f\u00e1brica fornece as diferentes s\u00e9ries de bra\u00e7adeiras intermedi\u00e1rias, incluindo 30\/35\/40\/45\/50mm e mais para se adequar aos pain\u00e9is solares. O grampo m\u00e9dio de alum\u00ednio para pain\u00e9is solares \u00e9 combinado com um parafuso de cabe\u00e7a de soquete, uma arruela plana, uma arruela de press\u00e3o e uma porca deslizante. Tamb\u00e9m pode ser equipado com clipe de aterramento para fixar no trilho de montagem para alcan\u00e7ar a proposta de aterramento. Levamos a s\u00e9rio a qualidade dos grampos m\u00e9dios e damos a garantia para os nossos outros produtos.<\/p>\n<div class=\"wp-block-button popmake-1937\"><a class=\"wp-block-button__link wp-element-button\">verifica\u00e7\u00e3o de pre\u00e7os<\/a><\/div>","protected":false},"featured_media":2663,"template":"","meta":{"_uag_custom_page_level_css":"","site-sidebar-layout":"default","site-content-layout":"","ast-site-content-layout":"default","site-content-style":"default","site-sidebar-style":"default","ast-global-header-display":"","ast-banner-title-visibility":"","ast-main-header-display":"","ast-hfb-above-header-display":"","ast-hfb-below-header-display":"","ast-hfb-mobile-header-display":"","site-post-title":"","ast-breadcrumbs-content":"","ast-featured-img":"","footer-sml-layout":"","ast-disable-related-posts":"","theme-transparent-header-meta":"default","adv-header-id-meta":"","stick-header-meta":"","header-above-stick-meta":"","header-main-stick-meta":"","header-below-stick-meta":"","astra-migrate-meta-layouts":"set","ast-page-background-enabled":"default","ast-page-background-meta":{"desktop":{"background-color":"","background-image":"","background-repeat":"repeat","background-position":"center center","background-size":"auto","background-attachment":"scroll","background-type":"","background-media":"","overlay-type":"","overlay-color":"","overlay-opacity":"","overlay-gradient":""},"tablet":{"background-color":"","background-image":"","background-repeat":"repeat","background-position":"center center","background-size":"auto","background-attachment":"scroll","background-type":"","background-media":"","overlay-type":"","overlay-color":"","overlay-opacity":"","overlay-gradient":""},"mobile":{"background-color":"","background-image":"","background-repeat":"repeat","background-position":"center center","background-size":"auto","background-attachment":"scroll","background-type":"","background-media":"","overlay-type":"","overlay-color":"","overlay-opacity":"","overlay-gradient":""}},"ast-content-background-meta":{"desktop":{"background-color":"var(--ast-global-color-5)","background-image":"","background-repeat":"repeat","background-position":"center center","background-size":"auto","background-attachment":"scroll","background-type":"","background-media":"","overlay-type":"","overlay-color":"","overlay-opacity":"","overlay-gradient":""},"tablet":{"background-color":"var(--ast-global-color-5)","background-image":"","background-repeat":"repeat","background-position":"center center","background-size":"auto","background-attachment":"scroll","background-type":"","background-media":"","overlay-type":"","overlay-color":"","overlay-opacity":"","overlay-gradient":""},"mobile":{"background-color":"var(--ast-global-color-5)","background-image":"","background-repeat":"repeat","background-position":"center center","background-size":"auto","background-attachment":"scroll","background-type":"","background-media":"","overlay-type":"","overlay-color":"","overlay-opacity":"","overlay-gradient":""}}},"product_brand":[],"product_cat":[25,23,132,33],"product_tag":[238,240,58,239],"class_list":{"0":"post-2658","1":"product","2":"type-product","3":"status-publish","4":"has-post-thumbnail","6":"product_cat-excellent","7":"product_cat-solar-accessories","8":"product_cat-solar-mounting-components","9":"product_cat-solar-panel-accessories","10":"product_tag-mid-clamp","11":"product_tag-solar-inter-clamp","12":"product_tag-solar-mid-clamp","13":"product_tag-solar-middle-clamp","14":"desktop-align-left","15":"tablet-align-left","16":"mobile-align-left","18":"first","19":"instock","20":"shipping-taxable","21":"product-type-simple"},"spectra_custom_meta":{"_uabb_version":["1.36.1"],"_edit_last":["1"],"_edit_lock":["1752484926:1"],"_thumbnail_id":["2663"],"total_sales":["0"],"_tax_status":["taxable"],"_tax_class":[""],"_manage_stock":["no"],"_backorders":["no"],"_sold_individually":["no"],"_virtual":["no"],"_downloadable":["no"],"_download_limit":["-1"],"_download_expiry":["-1"],"_stock":[null],"_stock_status":["instock"],"_wc_average_rating":["0"],"_wc_review_count":["0"],"_product_version":["9.6.2"],"_product_image_gallery":["2662,2660,2661,2659"],"site-sidebar-layout":["default"],"ast-site-content-layout":["default"],"site-content-style":["default"],"site-sidebar-style":["default"],"theme-transparent-header-meta":["default"],"astra-migrate-meta-layouts":["set"],"_uag_page_assets":["a:9:{s:3:\"css\";s:5318:\".uag-blocks-common-selector{z-index:var(--z-index-desktop) !important}@media (max-width: 976px){.uag-blocks-common-selector{z-index:var(--z-index-tablet) !important}}@media (max-width: 767px){.uag-blocks-common-selector{z-index:var(--z-index-mobile) !important}}\n.wp-block-uagb-faq{width:100%}.wp-block-uagb-faq.uagb-faq-layout-accordion .uagb-faq-child__outer-wrap .uagb-faq-questions-button{cursor:pointer}.wp-block-uagb-faq .uagb-faq-content{margin-bottom:0}.wp-block-uagb-faq .uagb-faq-content p{margin:auto}.uagb-faq-layout-grid.uagb-faq-equal-height.uagb-faq__wrap .uagb-faq-child__outer-wrap,.uagb-faq-layout-grid.uagb-faq-equal-height.uagb-faq__wrap .uagb-faq-item{height:100%}body[class*=\"astra\"] .uagb-faq-questions{line-height:normal}.uagb-faq-item{overflow:hidden}\n.wp-block-uagb-faq-child .uagb-faq-questions-button{display:flex;align-items:center}.wp-block-uagb-faq-child .uagb-faq-questions-button .uagb-faq-icon-wrap{display:flex;align-items:center}.wp-block-uagb-faq-child .uagb-faq-questions-button .uagb-question{width:100%;margin-top:0;margin-bottom:0}.wp-block-uagb-faq-child .uagb-icon svg,.wp-block-uagb-faq-child .uagb-icon-active svg{width:15px;height:15px;font-size:15px}.wp-block-uagb-faq-child.uagb-faq-child__outer-wrap.uagb-faq-item .uagb-icon-active,.wp-block-uagb-faq-child.uagb-faq-child__outer-wrap.uagb-faq-item.uagb-faq-item-active .uagb-icon,.wp-block-uagb-faq-child.uagb-faq-child__outer-wrap .uagb-faq-item .uagb-icon-active,.wp-block-uagb-faq-child.uagb-faq-child__outer-wrap .uagb-faq-item.uagb-faq-item-active .uagb-icon{display:none;width:0;padding:0;height:0;margin:0}.wp-block-uagb-faq-child.uagb-faq-child__outer-wrap.uagb-faq-item .uagb-icon,.wp-block-uagb-faq-child.uagb-faq-child__outer-wrap.uagb-faq-item.uagb-faq-item-active .uagb-icon-active,.wp-block-uagb-faq-child.uagb-faq-child__outer-wrap .uagb-faq-item .uagb-icon,.wp-block-uagb-faq-child.uagb-faq-child__outer-wrap .uagb-faq-item.uagb-faq-item-active .uagb-icon-active{display:flex;width:auto;height:auto}.uagb-faq-layout-grid .uagb-faq-child__outer-wrap.uagb-faq-item .uagb-icon,.uagb-faq-layout-grid .uagb-faq-child__outer-wrap.uagb-faq-item.uagb-faq-item-active .uagb-icon-active,.uagb-faq-layout-grid .uagb-faq-child__outer-wrap .uagb-faq-item .uagb-icon,.uagb-faq-layout-grid .uagb-faq-child__outer-wrap .uagb-faq-item.uagb-faq-item-active .uagb-icon-active{display:none}.uagb-faq-layout-grid .uagb-faq-child__outer-wrap.uagb-faq-item span.uagb-icon-active.uagb-faq-icon-wrap,.uagb-faq-layout-grid .uagb-faq-child__outer-wrap.uagb-faq-item.uagb-faq-item-active .uagb-icon-active,.uagb-faq-layout-grid .uagb-faq-child__outer-wrap .uagb-faq-item span.uagb-icon-active.uagb-faq-icon-wrap,.uagb-faq-layout-grid .uagb-faq-child__outer-wrap .uagb-faq-item.uagb-faq-item-active .uagb-icon-active{display:none}\n.uagb-block-55b5edaf .uagb-icon svg{width: 12px;height: 12px;font-size: 12px;}.uagb-block-55b5edaf .uagb-icon-active svg{width: 12px;height: 12px;font-size: 12px;}.uagb-block-55b5edaf .uagb-faq-child__outer-wrap{margin-bottom: 10px;}.uagb-block-55b5edaf .uagb-faq-item{border-top-width: 1px;border-left-width: 1px;border-right-width: 1px;border-bottom-width: 1px;border-top-left-radius: 2px;border-top-right-radius: 2px;border-bottom-left-radius: 2px;border-bottom-right-radius: 2px;border-color: #1e1e1e;border-style: solid;}.uagb-block-55b5edaf .uagb-faq-questions-button{padding-top: 10px;padding-bottom: 10px;padding-right: 10px;padding-left: 10px;}.uagb-block-55b5edaf .uagb-faq-content{padding-top: 10px;padding-bottom: 10px;padding-right: 10px;padding-left: 10px;}.uagb-block-55b5edaf .uagb-faq-content span{margin-top: 10px;margin-bottom: 10px;margin-right: 10px;margin-left: 10px;}.uagb-block-55b5edaf.uagb-faq-icon-row .uagb-faq-item .uagb-faq-icon-wrap{margin-right: 10px;}.uagb-block-55b5edaf.uagb-faq-icon-row-reverse .uagb-faq-item .uagb-faq-icon-wrap{margin-left: 10px;}.uagb-block-55b5edaf .uagb-faq-item .uagb-faq-questions-button.uagb-faq-questions{flex-direction: row;}.uagb-block-55b5edaf .wp-block-uagb-faq-child.uagb-faq-child__outer-wrap .uagb-faq-content {display: none;}@media only screen and (max-width: 976px) {.uagb-block-55b5edaf.uagb-faq-icon-row .uagb-faq-item .uagb-faq-icon-wrap{margin-right: 10px;}.uagb-block-55b5edaf.uagb-faq-icon-row-reverse .uagb-faq-item .uagb-faq-icon-wrap{margin-left: 10px;}.uagb-block-55b5edaf .uagb-faq-questions-button{padding-top: 10px;padding-bottom: 10px;padding-right: 10px;padding-left: 10px;}.uagb-block-55b5edaf .uagb-faq-content{padding-top: 10px;padding-bottom: 10px;padding-right: 10px;padding-left: 10px;}.uagb-block-55b5edaf .uagb-faq-content span{margin-top: 10px;margin-bottom: 10px;margin-right: 10px;margin-left: 10px;}}@media only screen and (max-width: 767px) {.uagb-block-55b5edaf.uagb-faq-icon-row .uagb-faq-item .uagb-faq-icon-wrap{margin-right: 10px;}.uagb-block-55b5edaf.uagb-faq-icon-row-reverse .uagb-faq-item .uagb-faq-icon-wrap{margin-left: 10px;}.uagb-block-55b5edaf .uagb-faq-questions-button{padding-top: 10px;padding-bottom: 10px;padding-right: 10px;padding-left: 10px;}.uagb-block-55b5edaf .uagb-faq-content{padding-top: 10px;padding-bottom: 10px;padding-right: 10px;padding-left: 10px;}.uagb-block-55b5edaf .uagb-faq-content span{margin-top: 10px;margin-bottom: 10px;margin-right: 10px;margin-left: 10px;}}\";s:2:\"js\";s:0:\"\";s:18:\"current_block_list\";a:10:{i:0;s:11:\"core\/search\";i:1;s:10:\"core\/group\";i:2;s:12:\"core\/heading\";i:3;s:17:\"core\/latest-posts\";i:4;s:20:\"core\/latest-comments\";i:5;s:13:\"core\/archives\";i:6;s:15:\"core\/categories\";i:7;s:14:\"core\/paragraph\";i:8;s:8:\"uagb\/faq\";i:9;s:14:\"uagb\/faq-child\";}s:8:\"uag_flag\";b:1;s:11:\"uag_version\";s:10:\"1775829763\";s:6:\"gfonts\";a:0:{}s:10:\"gfonts_url\";s:0:\"\";s:12:\"gfonts_files\";a:0:{}s:14:\"uag_faq_layout\";b:1;}"],"_uag_css_file_name":["uag-css-2658.css"]},"uagb_featured_image_src":{"full":["https:\/\/senyenergy.com\/wp-content\/uploads\/2025\/07\/Solar-Mid-Clamp-size.jpg",800,800,false],"thumbnail":["https:\/\/senyenergy.com\/wp-content\/uploads\/2025\/07\/Solar-Mid-Clamp-size-150x150.jpg",150,150,true],"medium":["https:\/\/senyenergy.com\/wp-content\/uploads\/2025\/07\/Solar-Mid-Clamp-size-300x300.jpg",300,300,true],"medium_large":["https:\/\/senyenergy.com\/wp-content\/uploads\/2025\/07\/Solar-Mid-Clamp-size-768x768.jpg",768,768,true],"large":["https:\/\/senyenergy.com\/wp-content\/uploads\/2025\/07\/Solar-Mid-Clamp-size.jpg",800,800,false],"1536x1536":["https:\/\/senyenergy.com\/wp-content\/uploads\/2025\/07\/Solar-Mid-Clamp-size.jpg",800,800,false],"2048x2048":["https:\/\/senyenergy.com\/wp-content\/uploads\/2025\/07\/Solar-Mid-Clamp-size.jpg",800,800,false],"trp-custom-language-flag":["https:\/\/senyenergy.com\/wp-content\/uploads\/2025\/07\/Solar-Mid-Clamp-size-12x12.jpg",12,12,true],"woocommerce_thumbnail":["https:\/\/senyenergy.com\/wp-content\/uploads\/2025\/07\/Solar-Mid-Clamp-size-300x300.jpg",300,300,true],"woocommerce_single":["https:\/\/senyenergy.com\/wp-content\/uploads\/2025\/07\/Solar-Mid-Clamp-size-600x600.jpg",600,600,true],"woocommerce_gallery_thumbnail":["https:\/\/senyenergy.com\/wp-content\/uploads\/2025\/07\/Solar-Mid-Clamp-size-100x100.jpg",100,100,true]},"uagb_author_info":{"display_name":"wp-admin","author_link":"https:\/\/senyenergy.com\/pt\/author\/"},"uagb_comment_info":0,"uagb_excerpt":"Our aluminum Solar Mid Clamp\u00a0for solar panel is made of extruded anodized aluminum material, which has good rust-proof and corrosion protection. The mid clamp is anodized on surface finish normally.We can also do black anodized on the surface to meet with black framed solar panels. It can be mill finish as customer\u2019s request also. We&hellip;","_links":{"self":[{"href":"https:\/\/senyenergy.com\/pt\/wp-json\/wp\/v2\/product\/2658","targetHints":{"allow":["GET"]}}],"collection":[{"href":"https:\/\/senyenergy.com\/pt\/wp-json\/wp\/v2\/product"}],"about":[{"href":"https:\/\/senyenergy.com\/pt\/wp-json\/wp\/v2\/types\/product"}],"wp:featuredmedia":[{"embeddable":true,"href":"https:\/\/senyenergy.com\/pt\/wp-json\/wp\/v2\/media\/2663"}],"wp:attachment":[{"href":"https:\/\/senyenergy.com\/pt\/wp-json\/wp\/v2\/media?parent=2658"}],"wp:term":[{"taxonomy":"product_brand","embeddable":true,"href":"https:\/\/senyenergy.com\/pt\/wp-json\/wp\/v2\/product_brand?post=2658"},{"taxonomy":"product_cat","embeddable":true,"href":"https:\/\/senyenergy.com\/pt\/wp-json\/wp\/v2\/product_cat?post=2658"},{"taxonomy":"product_tag","embeddable":true,"href":"https:\/\/senyenergy.com\/pt\/wp-json\/wp\/v2\/product_tag?post=2658"}],"curies":[{"name":"wp","href":"https:\/\/api.w.org\/{rel}","templated":true}]}}