{"id":2643,"date":"2025-07-02T15:42:03","date_gmt":"2025-07-02T07:42:03","guid":{"rendered":"https:\/\/senyenergy.com\/?post_type=product&#038;p=2643"},"modified":"2025-07-02T15:42:04","modified_gmt":"2025-07-02T07:42:04","slug":"fabricantes-de-suportes-para-cabos-solares-de-telhado","status":"publish","type":"product","link":"https:\/\/senyenergy.com\/pt\/product\/fabricantes-de-suportes-para-cabos-solares-de-telhado\/","title":{"rendered":"Fabricantes de calhas para cabos solares de telhado"},"content":{"rendered":"<p><strong><b>Solar<\/b><\/strong><strong><b>\u00a0<\/b><\/strong><strong><b>Suporte para cabos<\/b><\/strong>\u00a0\u00e9 um sistema de suporte especializado concebido para encaminhar, organizar e proteger com seguran\u00e7a os cabos el\u00e9ctricos (cadeias de corrente cont\u00ednua, sa\u00edda CA, comunica\u00e7\u00f5es) em telhados com instala\u00e7\u00f5es solares fotovoltaicas (PV). Substitui as condutas ou os cabos expostos, garantindo a conformidade, a seguran\u00e7a e a longevidade.<\/p>\n<p>&nbsp;<\/p>\n<p><strong><b>Solar<\/b><\/strong><strong><b>\u00a0<\/b><\/strong><strong><b>Suporte para cabos<\/b><\/strong>\u00a0foi concebido para satisfazer os requisitos exclusivos da ind\u00fastria solar. Fornecendo suporte de cabos, prote\u00e7\u00e3o de cabos e gerenciamento de fios, nossos sistemas de bandeja de cabos solares e sistemas de suporte de cabos solares s\u00e3o projetados para aplica\u00e7\u00f5es de montagem solar de servi\u00e7os p\u00fablicos. O sistema de bandeja de cabos aberto permite que os instaladores coloquem os fios. O design fi\u00e1vel e duradouro resiste aos danos causados por ambientes agressivos e pela luz UV. O suporte para cabos Solar \u00e9 composto por tr\u00eas componentes principais que se interligam de forma r\u00e1pida e c\u00f3moda. A tampa superior permite-lhe colocar os fios no suporte para cabos. Quando a cablagem estiver conclu\u00edda, basta encaixar a tampa no suporte. O resultado \u00e9 um aspeto elegante que reduz o tempo de instala\u00e7\u00e3o e as despesas de m\u00e3o de obra.<\/p>\n<p>&nbsp;<\/p>\n<p>Carater\u00edsticas de <strong><b>Solar<\/b><\/strong><strong><b>\u00a0<\/b><\/strong><strong><b>Suporte para cabos<\/b><\/strong>:<\/p>\n<ol>\n<li>Design ventilado: Muitos tabuleiros incluem ranhuras de ventila\u00e7\u00e3o para permitir a dissipa\u00e7\u00e3o do calor, protegendo os cabos contra o sobreaquecimento.<\/li>\n<li>Sistema modular: Dispon\u00edvel em v\u00e1rios comprimentos e configura\u00e7\u00f5es, permitindo layouts personalizados para atender \u00e0s necessidades espec\u00edficas de instala\u00e7\u00e3o.<\/li>\n<li>Acesso f\u00e1cil: Concebido para um acesso direto aos cabos para manuten\u00e7\u00e3o e resolu\u00e7\u00e3o de problemas.<\/li>\n<li>Gest\u00e3o de cabos organizada: Mant\u00e9m a cablagem limpa e ordenada, reduzindo a desordem e os potenciais danos.<\/li>\n<li>Seguran\u00e7a refor\u00e7ada: Protege os cabos contra riscos ambientais, danos f\u00edsicos e exposi\u00e7\u00e3o aos raios UV, minimizando os riscos de inc\u00eandio.<\/li>\n<\/ol>\n<p>&nbsp;<\/p>\n<p><strong><b>Solar<\/b><\/strong><strong><b>\u00a0<\/b><\/strong><strong><b>Suporte para cabos<\/b><\/strong>\u00a0\u00e9 vital para a gest\u00e3o segura e eficiente da cablagem el\u00e9ctrica em instala\u00e7\u00f5es solares. Uma instala\u00e7\u00e3o correta melhora a organiza\u00e7\u00e3o, a seguran\u00e7a e a longevidade do sistema de energia solar.  Nas instala\u00e7\u00f5es de pain\u00e9is solares residenciais e comerciais, ajudam a organizar e suportar os cabos que ligam os pain\u00e9is solares aos inversores, controladores de carga e baterias, assegurando que os cabos est\u00e3o seguros e protegidos dos danos ambientais. Em grandes centrais de energia solar, estes tabuleiros orientam os cabos de alimenta\u00e7\u00e3o dos pain\u00e9is para os inversores e as liga\u00e7\u00f5es \u00e0 rede, resultando num sistema mais racional e eficiente e simplificando as tarefas de manuten\u00e7\u00e3o. S\u00e3o cruciais no manuseamento de cabos de alta tens\u00e3o em instala\u00e7\u00f5es solares industriais, promovendo a seguran\u00e7a e a fiabilidade. Os suportes para cabos solares tamb\u00e9m se encontram em esta\u00e7\u00f5es de carregamento de ve\u00edculos el\u00e9ctricos alimentados a energia solar e em instala\u00e7\u00f5es fora da rede, onde ajudam a organizar e a proteger cabos importantes.<\/p>\n<p>&nbsp;<\/p>\n<p>&nbsp;<\/p>\n<p>Em resumo, <strong><b>bandeja de cabos solares<\/b><\/strong>s s\u00e3o vitais para preservar a integridade dos cabos, melhorar a efici\u00eancia do sistema e garantir a seguran\u00e7a e a durabilidade dos sistemas de energia solar em diferentes sectores. Com mais de anos de experi\u00eancia, somos conhecidos pelos nossos suportes para cabos para fabricantes de energia solar. Dedicamo-nos \u00e0 inova\u00e7\u00e3o, durabilidade e precis\u00e3o, fornecendo solu\u00e7\u00f5es completas de gest\u00e3o de cabos que melhoram a efici\u00eancia, a seguran\u00e7a e a vida \u00fatil dos sistemas de energia solar. Estes suportes para cabos solares s\u00e3o concebidos para suportar as condi\u00e7\u00f5es ambientais mais severas, fornecendo uma prote\u00e7\u00e3o excecional para os cabos contra os raios UV, as condi\u00e7\u00f5es atmosf\u00e9ricas adversas e a corros\u00e3o. Quer se trate de instala\u00e7\u00f5es residenciais em telhados ou de grandes centrais de energia solar, os nossos tabuleiros s\u00e3o concebidos para suportar, organizar e proteger os cabos el\u00e9ctricos, permitindo uma transmiss\u00e3o de energia sem problemas e reduzindo o tempo de inatividade. Os tabuleiros para cabos solares s\u00e3o fabricados com materiais de alta qualidade e resistentes \u00e0 corros\u00e3o, como o alum\u00ednio e o a\u00e7o inoxid\u00e1vel, garantindo a sua durabilidade ao longo do tempo e oferecendo uma gest\u00e3o \u00f3ptima dos cabos em todas as fases do ciclo de vida da energia solar.<\/p>\n<p>&nbsp;<\/p>\n<p>&nbsp;<\/p>","protected":false},"excerpt":{"rendered":"<p>As calhas para cabos solares foram concebidas para satisfazer os requisitos exclusivos do sector da energia solar. Fornecendo suporte de cabos, prote\u00e7\u00e3o de cabos e gest\u00e3o de fios, os nossos sistemas de bandeja de cabos solares e sistemas de suporte de cabos solares s\u00e3o concebidos para aplica\u00e7\u00f5es de montagem de energia solar utilit\u00e1ria. As nossas bandejas de cabos solares s\u00e3o feitas de a\u00e7o galvanizado de alta qualidade, a\u00e7o inoxid\u00e1vel e alum\u00ednio. O sistema de bandeja de cabos aberto permite que os instaladores coloquem os fios. Sem puxar, sem enfiar. O design fi\u00e1vel e duradouro resiste a danos provocados por ambientes agressivos e luz UV. O suporte para cabos Solar \u00e9 composto por tr\u00eas componentes principais que se interligam de forma r\u00e1pida e c\u00f3moda. A tampa superior permite-lhe colocar os fios no suporte para cabos. Quando a cablagem estiver conclu\u00edda, basta encaixar a tampa no suporte. O resultado \u00e9 um aspeto elegante que reduz o tempo de instala\u00e7\u00e3o e as despesas de m\u00e3o de obra.<\/p>\n<div class=\"wp-block-button popmake-1937\"><a class=\"wp-block-button__link wp-element-button\">verifica\u00e7\u00e3o de pre\u00e7os<\/a><\/div>","protected":false},"featured_media":2645,"template":"","meta":{"_uag_custom_page_level_css":"","site-sidebar-layout":"default","site-content-layout":"","ast-site-content-layout":"default","site-content-style":"default","site-sidebar-style":"default","ast-global-header-display":"","ast-banner-title-visibility":"","ast-main-header-display":"","ast-hfb-above-header-display":"","ast-hfb-below-header-display":"","ast-hfb-mobile-header-display":"","site-post-title":"","ast-breadcrumbs-content":"","ast-featured-img":"","footer-sml-layout":"","ast-disable-related-posts":"","theme-transparent-header-meta":"default","adv-header-id-meta":"","stick-header-meta":"","header-above-stick-meta":"","header-main-stick-meta":"","header-below-stick-meta":"","astra-migrate-meta-layouts":"set","ast-page-background-enabled":"default","ast-page-background-meta":{"desktop":{"background-color":"","background-image":"","background-repeat":"repeat","background-position":"center center","background-size":"auto","background-attachment":"scroll","background-type":"","background-media":"","overlay-type":"","overlay-color":"","overlay-opacity":"","overlay-gradient":""},"tablet":{"background-color":"","background-image":"","background-repeat":"repeat","background-position":"center center","background-size":"auto","background-attachment":"scroll","background-type":"","background-media":"","overlay-type":"","overlay-color":"","overlay-opacity":"","overlay-gradient":""},"mobile":{"background-color":"","background-image":"","background-repeat":"repeat","background-position":"center center","background-size":"auto","background-attachment":"scroll","background-type":"","background-media":"","overlay-type":"","overlay-color":"","overlay-opacity":"","overlay-gradient":""}},"ast-content-background-meta":{"desktop":{"background-color":"var(--ast-global-color-5)","background-image":"","background-repeat":"repeat","background-position":"center center","background-size":"auto","background-attachment":"scroll","background-type":"","background-media":"","overlay-type":"","overlay-color":"","overlay-opacity":"","overlay-gradient":""},"tablet":{"background-color":"var(--ast-global-color-5)","background-image":"","background-repeat":"repeat","background-position":"center center","background-size":"auto","background-attachment":"scroll","background-type":"","background-media":"","overlay-type":"","overlay-color":"","overlay-opacity":"","overlay-gradient":""},"mobile":{"background-color":"var(--ast-global-color-5)","background-image":"","background-repeat":"repeat","background-position":"center center","background-size":"auto","background-attachment":"scroll","background-type":"","background-media":"","overlay-type":"","overlay-color":"","overlay-opacity":"","overlay-gradient":""}}},"product_brand":[],"product_cat":[25,23,132],"product_tag":[229,231,235,232,54,233,34,234,230],"class_list":{"0":"post-2643","1":"product","2":"type-product","3":"status-publish","4":"has-post-thumbnail","6":"product_cat-excellent","7":"product_cat-solar-accessories","8":"product_cat-solar-mounting-components","9":"product_tag-cable-tray","10":"product_tag-cable-tray-systems","11":"product_tag-cable-trays-and-accessories","12":"product_tag-pv-cable-tray","13":"product_tag-rooftop-solar-mounting","14":"product_tag-solar-cable-tray","15":"product_tag-solar-panel","16":"product_tag-wire-and-cable-management","17":"product_tag-wire-mesh-cable-tray","18":"desktop-align-left","19":"tablet-align-left","20":"mobile-align-left","22":"first","23":"instock","24":"shipping-taxable","25":"product-type-simple"},"spectra_custom_meta":{"_uabb_version":["1.36.1"],"_edit_last":["1"],"_edit_lock":["1752377930:1"],"_thumbnail_id":["2645"],"total_sales":["0"],"_tax_status":["taxable"],"_tax_class":[""],"_manage_stock":["no"],"_backorders":["no"],"_sold_individually":["no"],"_virtual":["no"],"_downloadable":["no"],"_download_limit":["-1"],"_download_expiry":["-1"],"_stock":[null],"_stock_status":["instock"],"_wc_average_rating":["0"],"_wc_review_count":["0"],"_product_version":["9.6.2"],"_product_image_gallery":["2646,2647,2648,2644"],"site-sidebar-layout":["default"],"ast-site-content-layout":["default"],"site-content-style":["default"],"site-sidebar-style":["default"],"theme-transparent-header-meta":["default"],"astra-migrate-meta-layouts":["set"],"_uag_page_assets":["a:9:{s:3:\"css\";s:5318:\".uag-blocks-common-selector{z-index:var(--z-index-desktop) !important}@media (max-width: 976px){.uag-blocks-common-selector{z-index:var(--z-index-tablet) !important}}@media (max-width: 767px){.uag-blocks-common-selector{z-index:var(--z-index-mobile) !important}}\n.wp-block-uagb-faq{width:100%}.wp-block-uagb-faq.uagb-faq-layout-accordion .uagb-faq-child__outer-wrap .uagb-faq-questions-button{cursor:pointer}.wp-block-uagb-faq .uagb-faq-content{margin-bottom:0}.wp-block-uagb-faq .uagb-faq-content p{margin:auto}.uagb-faq-layout-grid.uagb-faq-equal-height.uagb-faq__wrap .uagb-faq-child__outer-wrap,.uagb-faq-layout-grid.uagb-faq-equal-height.uagb-faq__wrap .uagb-faq-item{height:100%}body[class*=\"astra\"] .uagb-faq-questions{line-height:normal}.uagb-faq-item{overflow:hidden}\n.wp-block-uagb-faq-child .uagb-faq-questions-button{display:flex;align-items:center}.wp-block-uagb-faq-child .uagb-faq-questions-button .uagb-faq-icon-wrap{display:flex;align-items:center}.wp-block-uagb-faq-child .uagb-faq-questions-button .uagb-question{width:100%;margin-top:0;margin-bottom:0}.wp-block-uagb-faq-child .uagb-icon svg,.wp-block-uagb-faq-child .uagb-icon-active svg{width:15px;height:15px;font-size:15px}.wp-block-uagb-faq-child.uagb-faq-child__outer-wrap.uagb-faq-item .uagb-icon-active,.wp-block-uagb-faq-child.uagb-faq-child__outer-wrap.uagb-faq-item.uagb-faq-item-active .uagb-icon,.wp-block-uagb-faq-child.uagb-faq-child__outer-wrap .uagb-faq-item .uagb-icon-active,.wp-block-uagb-faq-child.uagb-faq-child__outer-wrap .uagb-faq-item.uagb-faq-item-active .uagb-icon{display:none;width:0;padding:0;height:0;margin:0}.wp-block-uagb-faq-child.uagb-faq-child__outer-wrap.uagb-faq-item .uagb-icon,.wp-block-uagb-faq-child.uagb-faq-child__outer-wrap.uagb-faq-item.uagb-faq-item-active .uagb-icon-active,.wp-block-uagb-faq-child.uagb-faq-child__outer-wrap .uagb-faq-item .uagb-icon,.wp-block-uagb-faq-child.uagb-faq-child__outer-wrap .uagb-faq-item.uagb-faq-item-active .uagb-icon-active{display:flex;width:auto;height:auto}.uagb-faq-layout-grid .uagb-faq-child__outer-wrap.uagb-faq-item .uagb-icon,.uagb-faq-layout-grid .uagb-faq-child__outer-wrap.uagb-faq-item.uagb-faq-item-active .uagb-icon-active,.uagb-faq-layout-grid .uagb-faq-child__outer-wrap .uagb-faq-item .uagb-icon,.uagb-faq-layout-grid .uagb-faq-child__outer-wrap .uagb-faq-item.uagb-faq-item-active .uagb-icon-active{display:none}.uagb-faq-layout-grid .uagb-faq-child__outer-wrap.uagb-faq-item span.uagb-icon-active.uagb-faq-icon-wrap,.uagb-faq-layout-grid .uagb-faq-child__outer-wrap.uagb-faq-item.uagb-faq-item-active .uagb-icon-active,.uagb-faq-layout-grid .uagb-faq-child__outer-wrap .uagb-faq-item span.uagb-icon-active.uagb-faq-icon-wrap,.uagb-faq-layout-grid .uagb-faq-child__outer-wrap .uagb-faq-item.uagb-faq-item-active .uagb-icon-active{display:none}\n.uagb-block-55b5edaf .uagb-icon svg{width: 12px;height: 12px;font-size: 12px;}.uagb-block-55b5edaf .uagb-icon-active svg{width: 12px;height: 12px;font-size: 12px;}.uagb-block-55b5edaf .uagb-faq-child__outer-wrap{margin-bottom: 10px;}.uagb-block-55b5edaf .uagb-faq-item{border-top-width: 1px;border-left-width: 1px;border-right-width: 1px;border-bottom-width: 1px;border-top-left-radius: 2px;border-top-right-radius: 2px;border-bottom-left-radius: 2px;border-bottom-right-radius: 2px;border-color: #1e1e1e;border-style: solid;}.uagb-block-55b5edaf .uagb-faq-questions-button{padding-top: 10px;padding-bottom: 10px;padding-right: 10px;padding-left: 10px;}.uagb-block-55b5edaf .uagb-faq-content{padding-top: 10px;padding-bottom: 10px;padding-right: 10px;padding-left: 10px;}.uagb-block-55b5edaf .uagb-faq-content span{margin-top: 10px;margin-bottom: 10px;margin-right: 10px;margin-left: 10px;}.uagb-block-55b5edaf.uagb-faq-icon-row .uagb-faq-item .uagb-faq-icon-wrap{margin-right: 10px;}.uagb-block-55b5edaf.uagb-faq-icon-row-reverse .uagb-faq-item .uagb-faq-icon-wrap{margin-left: 10px;}.uagb-block-55b5edaf .uagb-faq-item .uagb-faq-questions-button.uagb-faq-questions{flex-direction: row;}.uagb-block-55b5edaf .wp-block-uagb-faq-child.uagb-faq-child__outer-wrap .uagb-faq-content {display: none;}@media only screen and (max-width: 976px) {.uagb-block-55b5edaf.uagb-faq-icon-row .uagb-faq-item .uagb-faq-icon-wrap{margin-right: 10px;}.uagb-block-55b5edaf.uagb-faq-icon-row-reverse .uagb-faq-item .uagb-faq-icon-wrap{margin-left: 10px;}.uagb-block-55b5edaf .uagb-faq-questions-button{padding-top: 10px;padding-bottom: 10px;padding-right: 10px;padding-left: 10px;}.uagb-block-55b5edaf .uagb-faq-content{padding-top: 10px;padding-bottom: 10px;padding-right: 10px;padding-left: 10px;}.uagb-block-55b5edaf .uagb-faq-content span{margin-top: 10px;margin-bottom: 10px;margin-right: 10px;margin-left: 10px;}}@media only screen and (max-width: 767px) {.uagb-block-55b5edaf.uagb-faq-icon-row .uagb-faq-item .uagb-faq-icon-wrap{margin-right: 10px;}.uagb-block-55b5edaf.uagb-faq-icon-row-reverse .uagb-faq-item .uagb-faq-icon-wrap{margin-left: 10px;}.uagb-block-55b5edaf .uagb-faq-questions-button{padding-top: 10px;padding-bottom: 10px;padding-right: 10px;padding-left: 10px;}.uagb-block-55b5edaf .uagb-faq-content{padding-top: 10px;padding-bottom: 10px;padding-right: 10px;padding-left: 10px;}.uagb-block-55b5edaf .uagb-faq-content span{margin-top: 10px;margin-bottom: 10px;margin-right: 10px;margin-left: 10px;}}\";s:2:\"js\";s:0:\"\";s:18:\"current_block_list\";a:10:{i:0;s:11:\"core\/search\";i:1;s:10:\"core\/group\";i:2;s:12:\"core\/heading\";i:3;s:17:\"core\/latest-posts\";i:4;s:20:\"core\/latest-comments\";i:5;s:13:\"core\/archives\";i:6;s:15:\"core\/categories\";i:7;s:14:\"core\/paragraph\";i:8;s:8:\"uagb\/faq\";i:9;s:14:\"uagb\/faq-child\";}s:8:\"uag_flag\";b:1;s:11:\"uag_version\";s:10:\"1775829763\";s:6:\"gfonts\";a:0:{}s:10:\"gfonts_url\";s:0:\"\";s:12:\"gfonts_files\";a:0:{}s:14:\"uag_faq_layout\";b:1;}"],"_uag_css_file_name":["uag-css-2643.css"]},"uagb_featured_image_src":{"full":["https:\/\/senyenergy.com\/wp-content\/uploads\/2025\/07\/Solar-Cable-Tray.jpg",800,800,false],"thumbnail":["https:\/\/senyenergy.com\/wp-content\/uploads\/2025\/07\/Solar-Cable-Tray-150x150.jpg",150,150,true],"medium":["https:\/\/senyenergy.com\/wp-content\/uploads\/2025\/07\/Solar-Cable-Tray-300x300.jpg",300,300,true],"medium_large":["https:\/\/senyenergy.com\/wp-content\/uploads\/2025\/07\/Solar-Cable-Tray-768x768.jpg",768,768,true],"large":["https:\/\/senyenergy.com\/wp-content\/uploads\/2025\/07\/Solar-Cable-Tray.jpg",800,800,false],"1536x1536":["https:\/\/senyenergy.com\/wp-content\/uploads\/2025\/07\/Solar-Cable-Tray.jpg",800,800,false],"2048x2048":["https:\/\/senyenergy.com\/wp-content\/uploads\/2025\/07\/Solar-Cable-Tray.jpg",800,800,false],"trp-custom-language-flag":["https:\/\/senyenergy.com\/wp-content\/uploads\/2025\/07\/Solar-Cable-Tray-12x12.jpg",12,12,true],"woocommerce_thumbnail":["https:\/\/senyenergy.com\/wp-content\/uploads\/2025\/07\/Solar-Cable-Tray-300x300.jpg",300,300,true],"woocommerce_single":["https:\/\/senyenergy.com\/wp-content\/uploads\/2025\/07\/Solar-Cable-Tray-600x600.jpg",600,600,true],"woocommerce_gallery_thumbnail":["https:\/\/senyenergy.com\/wp-content\/uploads\/2025\/07\/Solar-Cable-Tray-100x100.jpg",100,100,true]},"uagb_author_info":{"display_name":"wp-admin","author_link":"https:\/\/senyenergy.com\/pt\/author\/"},"uagb_comment_info":0,"uagb_excerpt":"Solar Cable Tray is designed to meet the unique requirements of the solar industry. Providing cable support, cable protection, and wire management, Our solar cable tray systems and solar cable support systems are engineered for utility solar mounting applications. Our The Solar cable tray are made of High Grade galvanized steel, stainless steel &amp; aluminum.&hellip;","_links":{"self":[{"href":"https:\/\/senyenergy.com\/pt\/wp-json\/wp\/v2\/product\/2643","targetHints":{"allow":["GET"]}}],"collection":[{"href":"https:\/\/senyenergy.com\/pt\/wp-json\/wp\/v2\/product"}],"about":[{"href":"https:\/\/senyenergy.com\/pt\/wp-json\/wp\/v2\/types\/product"}],"wp:featuredmedia":[{"embeddable":true,"href":"https:\/\/senyenergy.com\/pt\/wp-json\/wp\/v2\/media\/2645"}],"wp:attachment":[{"href":"https:\/\/senyenergy.com\/pt\/wp-json\/wp\/v2\/media?parent=2643"}],"wp:term":[{"taxonomy":"product_brand","embeddable":true,"href":"https:\/\/senyenergy.com\/pt\/wp-json\/wp\/v2\/product_brand?post=2643"},{"taxonomy":"product_cat","embeddable":true,"href":"https:\/\/senyenergy.com\/pt\/wp-json\/wp\/v2\/product_cat?post=2643"},{"taxonomy":"product_tag","embeddable":true,"href":"https:\/\/senyenergy.com\/pt\/wp-json\/wp\/v2\/product_tag?post=2643"}],"curies":[{"name":"wp","href":"https:\/\/api.w.org\/{rel}","templated":true}]}}