{"id":2625,"date":"2025-06-27T11:58:12","date_gmt":"2025-06-27T03:58:12","guid":{"rendered":"https:\/\/senyenergy.com\/?post_type=product&#038;p=2625"},"modified":"2025-11-24T16:37:09","modified_gmt":"2025-11-24T08:37:09","slug":"parafuso-de-suspensao-solar-auto-perfurante-para-tercas-de-aco-de-telhado-ondulado","status":"publish","type":"product","link":"https:\/\/senyenergy.com\/pt\/product\/parafuso-de-suspensao-solar-auto-perfurante-para-tercas-de-aco-de-telhado-ondulado\/","title":{"rendered":"Parafuso de suspens\u00e3o solar auto-perfurante para madres de a\u00e7o para telhados ondulados"},"content":{"rendered":"<p><strong>Auto-perfurante<\/strong> <strong>Parafuso de suspens\u00e3o solar<\/strong>\u00a0for steel purlins\u00a0are essential for securely mounting solar panels to steel purlins. These bolts simplify installation and provide a robust solution for anchoring solar mounting systems. This solar hanger bolt for steel purlins is designed with self-drilling point. It is applicable for metal or corrugated cement roofs with steel supports. It usually use with aluminum L bracket or SUS304 connecting plate to fix the mounting rail.<\/p>\n<p><strong>Auto-perfurante <\/strong><strong>Parafuso de suspens\u00e3o solar <\/strong>for steel purlin is made of zinc-nickel alloys which the strength is higher than copper material and high corrosion resistance. It comes supplied with EPDM rubber gasket and three stainless steel M10 flange nuts. The bracket is locked between the upper two nuts and the height is adjustable, the bottom nut is used for fix the metal sheet of the roof.<\/p>\n<p>&nbsp;<\/p>\n<p>Carater\u00edsticas deste <strong>Auto-perfurante <\/strong><strong>Parafuso de suspens\u00e3o solar<\/strong>\u00a0para suportes de a\u00e7o:<\/p>\n<ol>\n<li>Ponta auto-perfurante: Concebida com uma ponta afiada e auto-perfurante que elimina a necessidade de pr\u00e9-perfura\u00e7\u00e3o, tornando a instala\u00e7\u00e3o mais r\u00e1pida e f\u00e1cil.<\/li>\n<li>Material de elevada resist\u00eancia: Normalmente fabricado em a\u00e7o de alta qualidade com um revestimento resistente \u00e0 corros\u00e3o, garantindo durabilidade e longevidade.<\/li>\n<li>V\u00e1rios comprimentos e di\u00e2metros: Dispon\u00edvel em v\u00e1rios tamanhos para acomodar diferentes necessidades de instala\u00e7\u00e3o e configura\u00e7\u00f5es de painel.<\/li>\n<li>Compat\u00edvel com sistemas de montagem solar: Funciona na perfei\u00e7\u00e3o com v\u00e1rios suportes e estruturas de montagem solar.<\/li>\n<li>Poupan\u00e7a de tempo: A carater\u00edstica de auto-perfura\u00e7\u00e3o reduz o tempo de instala\u00e7\u00e3o e os custos de m\u00e3o de obra.<\/li>\n<li>Forte e seguro: Proporciona uma liga\u00e7\u00e3o fi\u00e1vel \u00e0s madres de a\u00e7o, assegurando que os pain\u00e9is solares s\u00e3o ancorados de forma segura.<\/li>\n<li>Resist\u00eancia \u00e0 corros\u00e3o: O revestimento protetor ajuda a evitar a ferrugem e a corros\u00e3o, prolongando a vida \u00fatil do sistema de montagem.<\/li>\n<li>Utiliza\u00e7\u00e3o vers\u00e1til: Adequado para uma vasta gama de instala\u00e7\u00f5es de pain\u00e9is solares em estruturas de a\u00e7o.<\/li>\n<\/ol>\n<p><strong>Auto-perfurante <\/strong><strong>Parafuso de suspens\u00e3o solar<\/strong>\u00a0\u00e9 um fixador especializado concebido especificamente para fixar de forma r\u00e1pida e segura calhas de montagem de pain\u00e9is solares diretamente \u00e0s madres de a\u00e7o estrutural de um telhado met\u00e1lico. Combina perfura\u00e7\u00e3o, roscagem e fixa\u00e7\u00e3o numa \u00fanica opera\u00e7\u00e3o. E proporciona uma instala\u00e7\u00e3o r\u00e1pida para a montagem de pain\u00e9is solares em madres de a\u00e7o de telhados met\u00e1licos. Devido \u00e0\u00a0<strong>Auto-perfurante <\/strong><strong>Parafuso de suspens\u00e3o solar<\/strong>\u00a0para suportes de a\u00e7o tem a pr\u00f3pria auto-perfura\u00e7\u00e3o, pode perfurar a folha de metal e a madre de a\u00e7o ou cimento diretamente, n\u00e3o precisa de pr\u00e9-perfurar os furos. Desta forma, poupa-se muito tempo de instala\u00e7\u00e3o durante a montagem no local.<\/p>\n<p>&nbsp;<\/p>\n<p>Parafuso de suspens\u00e3o solar na f\u00e1brica por atacado, temos algum tipo de parafuso de suspens\u00e3o para montagem solar em telhado de metal para ter\u00e7as de madeira e a\u00e7o.<\/p>\n<p>Al\u00e9m disso, a nossa f\u00e1brica fornece sistemas de montagem completos para telhado de metal e telhado de telha, montagem no solo, garagem.....<\/p>\n<p>Se estiver interessado nos nossos produtos ou tiver algum projeto de energia solar, n\u00e3o hesite em contactar-nos, iremos ajud\u00e1-lo a encontrar e recomendar-lhe a solu\u00e7\u00e3o chave-na-m\u00e3o para si.<\/p>\n<p>&nbsp;<\/p>\n<p>&nbsp;<\/p>","protected":false},"excerpt":{"rendered":"<p>O parafuso de suspens\u00e3o solar para madre de a\u00e7o \u00e9 feito de ligas de zinco-n\u00edquel, cuja for\u00e7a \u00e9 maior do que o material de cobre e alta resist\u00eancia \u00e0 corros\u00e3o. \u00c9 fornecido com junta de borracha EPDM e tr\u00eas porcas de flange M10 de a\u00e7o inoxid\u00e1vel. O suporte \u00e9 bloqueado entre as duas porcas superiores e a altura \u00e9 ajust\u00e1vel, a porca inferior \u00e9 utilizada para fixar a chapa met\u00e1lica do telhado.<\/p>\n<p>\u00c9 aplic\u00e1vel para telhados de metal ou cimento ondulado com suportes de a\u00e7o. Normalmente, \u00e9 utilizado com suporte em L de alum\u00ednio ou placa de liga\u00e7\u00e3o SUS304 para fixar a calha de montagem.<\/p>\n<div class=\"wp-block-button popmake-1937\"><a class=\"wp-block-button__link wp-element-button\">verifica\u00e7\u00e3o de pre\u00e7os<\/a><\/div>","protected":false},"featured_media":2628,"template":"","meta":{"_uag_custom_page_level_css":"","site-sidebar-layout":"default","site-content-layout":"","ast-site-content-layout":"default","site-content-style":"default","site-sidebar-style":"default","ast-global-header-display":"","ast-banner-title-visibility":"","ast-main-header-display":"","ast-hfb-above-header-display":"","ast-hfb-below-header-display":"","ast-hfb-mobile-header-display":"","site-post-title":"","ast-breadcrumbs-content":"","ast-featured-img":"","footer-sml-layout":"","ast-disable-related-posts":"","theme-transparent-header-meta":"default","adv-header-id-meta":"","stick-header-meta":"","header-above-stick-meta":"","header-main-stick-meta":"","header-below-stick-meta":"","astra-migrate-meta-layouts":"set","ast-page-background-enabled":"default","ast-page-background-meta":{"desktop":{"background-color":"","background-image":"","background-repeat":"repeat","background-position":"center center","background-size":"auto","background-attachment":"scroll","background-type":"","background-media":"","overlay-type":"","overlay-color":"","overlay-opacity":"","overlay-gradient":""},"tablet":{"background-color":"","background-image":"","background-repeat":"repeat","background-position":"center center","background-size":"auto","background-attachment":"scroll","background-type":"","background-media":"","overlay-type":"","overlay-color":"","overlay-opacity":"","overlay-gradient":""},"mobile":{"background-color":"","background-image":"","background-repeat":"repeat","background-position":"center center","background-size":"auto","background-attachment":"scroll","background-type":"","background-media":"","overlay-type":"","overlay-color":"","overlay-opacity":"","overlay-gradient":""}},"ast-content-background-meta":{"desktop":{"background-color":"var(--ast-global-color-5)","background-image":"","background-repeat":"repeat","background-position":"center center","background-size":"auto","background-attachment":"scroll","background-type":"","background-media":"","overlay-type":"","overlay-color":"","overlay-opacity":"","overlay-gradient":""},"tablet":{"background-color":"var(--ast-global-color-5)","background-image":"","background-repeat":"repeat","background-position":"center center","background-size":"auto","background-attachment":"scroll","background-type":"","background-media":"","overlay-type":"","overlay-color":"","overlay-opacity":"","overlay-gradient":""},"mobile":{"background-color":"var(--ast-global-color-5)","background-image":"","background-repeat":"repeat","background-position":"center center","background-size":"auto","background-attachment":"scroll","background-type":"","background-media":"","overlay-type":"","overlay-color":"","overlay-opacity":"","overlay-gradient":""}}},"product_brand":[],"product_cat":[25,23,132],"product_tag":[378,221,218,220],"class_list":{"0":"post-2625","1":"product","2":"type-product","3":"status-publish","4":"has-post-thumbnail","6":"product_cat-excellent","7":"product_cat-solar-accessories","8":"product_cat-solar-mounting-components","9":"product_tag-double-head-hanger-bolt","10":"product_tag-hanger-bolt-and-hex-flange-nut","11":"product_tag-solar-hanger-bolt","12":"product_tag-solar-mounting-fastener","13":"desktop-align-left","14":"tablet-align-left","15":"mobile-align-left","17":"first","18":"instock","19":"shipping-taxable","20":"product-type-simple"},"spectra_custom_meta":{"_uabb_version":["1.36.1"],"_edit_last":["1"],"_edit_lock":["1763973382:1"],"_thumbnail_id":["2628"],"total_sales":["0"],"_tax_status":["taxable"],"_tax_class":[""],"_manage_stock":["no"],"_backorders":["no"],"_sold_individually":["no"],"_virtual":["no"],"_downloadable":["no"],"_download_limit":["-1"],"_download_expiry":["-1"],"_stock":[null],"_stock_status":["instock"],"_wc_average_rating":["0"],"_wc_review_count":["0"],"_product_version":["9.6.2"],"_product_image_gallery":["2627,2630,2626,2629"],"site-sidebar-layout":["default"],"ast-site-content-layout":["default"],"site-content-style":["default"],"site-sidebar-style":["default"],"theme-transparent-header-meta":["default"],"wb_custom_tabs":["a:0:{}"],"astra-migrate-meta-layouts":["set"],"_uag_page_assets":["a:9:{s:3:\"css\";s:5318:\".uag-blocks-common-selector{z-index:var(--z-index-desktop) !important}@media (max-width: 976px){.uag-blocks-common-selector{z-index:var(--z-index-tablet) !important}}@media (max-width: 767px){.uag-blocks-common-selector{z-index:var(--z-index-mobile) !important}}\n.wp-block-uagb-faq{width:100%}.wp-block-uagb-faq.uagb-faq-layout-accordion .uagb-faq-child__outer-wrap .uagb-faq-questions-button{cursor:pointer}.wp-block-uagb-faq .uagb-faq-content{margin-bottom:0}.wp-block-uagb-faq .uagb-faq-content p{margin:auto}.uagb-faq-layout-grid.uagb-faq-equal-height.uagb-faq__wrap .uagb-faq-child__outer-wrap,.uagb-faq-layout-grid.uagb-faq-equal-height.uagb-faq__wrap .uagb-faq-item{height:100%}body[class*=\"astra\"] .uagb-faq-questions{line-height:normal}.uagb-faq-item{overflow:hidden}\n.wp-block-uagb-faq-child .uagb-faq-questions-button{display:flex;align-items:center}.wp-block-uagb-faq-child .uagb-faq-questions-button .uagb-faq-icon-wrap{display:flex;align-items:center}.wp-block-uagb-faq-child .uagb-faq-questions-button .uagb-question{width:100%;margin-top:0;margin-bottom:0}.wp-block-uagb-faq-child .uagb-icon svg,.wp-block-uagb-faq-child .uagb-icon-active svg{width:15px;height:15px;font-size:15px}.wp-block-uagb-faq-child.uagb-faq-child__outer-wrap.uagb-faq-item .uagb-icon-active,.wp-block-uagb-faq-child.uagb-faq-child__outer-wrap.uagb-faq-item.uagb-faq-item-active .uagb-icon,.wp-block-uagb-faq-child.uagb-faq-child__outer-wrap .uagb-faq-item .uagb-icon-active,.wp-block-uagb-faq-child.uagb-faq-child__outer-wrap .uagb-faq-item.uagb-faq-item-active .uagb-icon{display:none;width:0;padding:0;height:0;margin:0}.wp-block-uagb-faq-child.uagb-faq-child__outer-wrap.uagb-faq-item .uagb-icon,.wp-block-uagb-faq-child.uagb-faq-child__outer-wrap.uagb-faq-item.uagb-faq-item-active .uagb-icon-active,.wp-block-uagb-faq-child.uagb-faq-child__outer-wrap .uagb-faq-item .uagb-icon,.wp-block-uagb-faq-child.uagb-faq-child__outer-wrap .uagb-faq-item.uagb-faq-item-active .uagb-icon-active{display:flex;width:auto;height:auto}.uagb-faq-layout-grid .uagb-faq-child__outer-wrap.uagb-faq-item .uagb-icon,.uagb-faq-layout-grid .uagb-faq-child__outer-wrap.uagb-faq-item.uagb-faq-item-active .uagb-icon-active,.uagb-faq-layout-grid .uagb-faq-child__outer-wrap .uagb-faq-item .uagb-icon,.uagb-faq-layout-grid .uagb-faq-child__outer-wrap .uagb-faq-item.uagb-faq-item-active .uagb-icon-active{display:none}.uagb-faq-layout-grid .uagb-faq-child__outer-wrap.uagb-faq-item span.uagb-icon-active.uagb-faq-icon-wrap,.uagb-faq-layout-grid .uagb-faq-child__outer-wrap.uagb-faq-item.uagb-faq-item-active .uagb-icon-active,.uagb-faq-layout-grid .uagb-faq-child__outer-wrap .uagb-faq-item span.uagb-icon-active.uagb-faq-icon-wrap,.uagb-faq-layout-grid .uagb-faq-child__outer-wrap .uagb-faq-item.uagb-faq-item-active .uagb-icon-active{display:none}\n.uagb-block-55b5edaf .uagb-icon svg{width: 12px;height: 12px;font-size: 12px;}.uagb-block-55b5edaf .uagb-icon-active svg{width: 12px;height: 12px;font-size: 12px;}.uagb-block-55b5edaf .uagb-faq-child__outer-wrap{margin-bottom: 10px;}.uagb-block-55b5edaf .uagb-faq-item{border-top-width: 1px;border-left-width: 1px;border-right-width: 1px;border-bottom-width: 1px;border-top-left-radius: 2px;border-top-right-radius: 2px;border-bottom-left-radius: 2px;border-bottom-right-radius: 2px;border-color: #1e1e1e;border-style: solid;}.uagb-block-55b5edaf .uagb-faq-questions-button{padding-top: 10px;padding-bottom: 10px;padding-right: 10px;padding-left: 10px;}.uagb-block-55b5edaf .uagb-faq-content{padding-top: 10px;padding-bottom: 10px;padding-right: 10px;padding-left: 10px;}.uagb-block-55b5edaf .uagb-faq-content span{margin-top: 10px;margin-bottom: 10px;margin-right: 10px;margin-left: 10px;}.uagb-block-55b5edaf.uagb-faq-icon-row .uagb-faq-item .uagb-faq-icon-wrap{margin-right: 10px;}.uagb-block-55b5edaf.uagb-faq-icon-row-reverse .uagb-faq-item .uagb-faq-icon-wrap{margin-left: 10px;}.uagb-block-55b5edaf .uagb-faq-item .uagb-faq-questions-button.uagb-faq-questions{flex-direction: row;}.uagb-block-55b5edaf .wp-block-uagb-faq-child.uagb-faq-child__outer-wrap .uagb-faq-content {display: none;}@media only screen and (max-width: 976px) {.uagb-block-55b5edaf.uagb-faq-icon-row .uagb-faq-item .uagb-faq-icon-wrap{margin-right: 10px;}.uagb-block-55b5edaf.uagb-faq-icon-row-reverse .uagb-faq-item .uagb-faq-icon-wrap{margin-left: 10px;}.uagb-block-55b5edaf .uagb-faq-questions-button{padding-top: 10px;padding-bottom: 10px;padding-right: 10px;padding-left: 10px;}.uagb-block-55b5edaf .uagb-faq-content{padding-top: 10px;padding-bottom: 10px;padding-right: 10px;padding-left: 10px;}.uagb-block-55b5edaf .uagb-faq-content span{margin-top: 10px;margin-bottom: 10px;margin-right: 10px;margin-left: 10px;}}@media only screen and (max-width: 767px) {.uagb-block-55b5edaf.uagb-faq-icon-row .uagb-faq-item .uagb-faq-icon-wrap{margin-right: 10px;}.uagb-block-55b5edaf.uagb-faq-icon-row-reverse .uagb-faq-item .uagb-faq-icon-wrap{margin-left: 10px;}.uagb-block-55b5edaf .uagb-faq-questions-button{padding-top: 10px;padding-bottom: 10px;padding-right: 10px;padding-left: 10px;}.uagb-block-55b5edaf .uagb-faq-content{padding-top: 10px;padding-bottom: 10px;padding-right: 10px;padding-left: 10px;}.uagb-block-55b5edaf .uagb-faq-content span{margin-top: 10px;margin-bottom: 10px;margin-right: 10px;margin-left: 10px;}}\";s:2:\"js\";s:0:\"\";s:18:\"current_block_list\";a:10:{i:0;s:11:\"core\/search\";i:1;s:10:\"core\/group\";i:2;s:12:\"core\/heading\";i:3;s:17:\"core\/latest-posts\";i:4;s:20:\"core\/latest-comments\";i:5;s:13:\"core\/archives\";i:6;s:15:\"core\/categories\";i:7;s:14:\"core\/paragraph\";i:8;s:8:\"uagb\/faq\";i:9;s:14:\"uagb\/faq-child\";}s:8:\"uag_flag\";b:1;s:11:\"uag_version\";s:10:\"1775829763\";s:6:\"gfonts\";a:0:{}s:10:\"gfonts_url\";s:0:\"\";s:12:\"gfonts_files\";a:0:{}s:14:\"uag_faq_layout\";b:1;}"],"_uag_css_file_name":["uag-css-2625.css"]},"uagb_featured_image_src":{"full":["https:\/\/senyenergy.com\/wp-content\/uploads\/2025\/06\/Solar-Hanger-Bolt-use-with-L-bracket-and-connecting-plate.jpg",800,800,false],"thumbnail":["https:\/\/senyenergy.com\/wp-content\/uploads\/2025\/06\/Solar-Hanger-Bolt-use-with-L-bracket-and-connecting-plate-150x150.jpg",150,150,true],"medium":["https:\/\/senyenergy.com\/wp-content\/uploads\/2025\/06\/Solar-Hanger-Bolt-use-with-L-bracket-and-connecting-plate-300x300.jpg",300,300,true],"medium_large":["https:\/\/senyenergy.com\/wp-content\/uploads\/2025\/06\/Solar-Hanger-Bolt-use-with-L-bracket-and-connecting-plate-768x768.jpg",768,768,true],"large":["https:\/\/senyenergy.com\/wp-content\/uploads\/2025\/06\/Solar-Hanger-Bolt-use-with-L-bracket-and-connecting-plate.jpg",800,800,false],"1536x1536":["https:\/\/senyenergy.com\/wp-content\/uploads\/2025\/06\/Solar-Hanger-Bolt-use-with-L-bracket-and-connecting-plate.jpg",800,800,false],"2048x2048":["https:\/\/senyenergy.com\/wp-content\/uploads\/2025\/06\/Solar-Hanger-Bolt-use-with-L-bracket-and-connecting-plate.jpg",800,800,false],"trp-custom-language-flag":["https:\/\/senyenergy.com\/wp-content\/uploads\/2025\/06\/Solar-Hanger-Bolt-use-with-L-bracket-and-connecting-plate-12x12.jpg",12,12,true],"woocommerce_thumbnail":["https:\/\/senyenergy.com\/wp-content\/uploads\/2025\/06\/Solar-Hanger-Bolt-use-with-L-bracket-and-connecting-plate-300x300.jpg",300,300,true],"woocommerce_single":["https:\/\/senyenergy.com\/wp-content\/uploads\/2025\/06\/Solar-Hanger-Bolt-use-with-L-bracket-and-connecting-plate-600x600.jpg",600,600,true],"woocommerce_gallery_thumbnail":["https:\/\/senyenergy.com\/wp-content\/uploads\/2025\/06\/Solar-Hanger-Bolt-use-with-L-bracket-and-connecting-plate-100x100.jpg",100,100,true]},"uagb_author_info":{"display_name":"wp-admin","author_link":"https:\/\/senyenergy.com\/pt\/author\/"},"uagb_comment_info":0,"uagb_excerpt":"Solar hanger bolt for steel purlin is made of zinc-nickel alloys which the strength is higher than copper material and high corrosion resistance.It comes supplied with EPDM rubber gasket and three stainless steel M10 flange nuts. The bracket is locked between the upper two nuts and the height is adjustable, the bottom nut is used&hellip;","_links":{"self":[{"href":"https:\/\/senyenergy.com\/pt\/wp-json\/wp\/v2\/product\/2625","targetHints":{"allow":["GET"]}}],"collection":[{"href":"https:\/\/senyenergy.com\/pt\/wp-json\/wp\/v2\/product"}],"about":[{"href":"https:\/\/senyenergy.com\/pt\/wp-json\/wp\/v2\/types\/product"}],"wp:featuredmedia":[{"embeddable":true,"href":"https:\/\/senyenergy.com\/pt\/wp-json\/wp\/v2\/media\/2628"}],"wp:attachment":[{"href":"https:\/\/senyenergy.com\/pt\/wp-json\/wp\/v2\/media?parent=2625"}],"wp:term":[{"taxonomy":"product_brand","embeddable":true,"href":"https:\/\/senyenergy.com\/pt\/wp-json\/wp\/v2\/product_brand?post=2625"},{"taxonomy":"product_cat","embeddable":true,"href":"https:\/\/senyenergy.com\/pt\/wp-json\/wp\/v2\/product_cat?post=2625"},{"taxonomy":"product_tag","embeddable":true,"href":"https:\/\/senyenergy.com\/pt\/wp-json\/wp\/v2\/product_tag?post=2625"}],"curies":[{"name":"wp","href":"https:\/\/api.w.org\/{rel}","templated":true}]}}