{"id":2615,"date":"2025-06-24T16:45:20","date_gmt":"2025-06-24T08:45:20","guid":{"rendered":"https:\/\/senyenergy.com\/?post_type=product&#038;p=2615"},"modified":"2025-07-13T11:30:39","modified_gmt":"2025-07-13T03:30:39","slug":"tira-de-vedacao-de-borracha-epdm-impermeavel-para-painel-solar-em-forma-de-t","status":"publish","type":"product","link":"https:\/\/senyenergy.com\/pt\/product\/tira-de-vedacao-de-borracha-epdm-impermeavel-para-painel-solar-em-forma-de-t\/","title":{"rendered":"Faixa de veda\u00e7\u00e3o de borracha EPDM para painel solar em forma de T"},"content":{"rendered":"<p>A<strong> Faixa de veda\u00e7\u00e3o de borracha EPDM para painel solar\u00a0<\/strong>\u00e9 um componente essencial para garantir a integridade e a longevidade das instala\u00e7\u00f5es de pain\u00e9is solares. Proporciona uma veda\u00e7\u00e3o fi\u00e1vel contra \u00e1gua, poeira e detritos, melhorando o desempenho geral dos sistemas de energia solar.<\/p>\n<p>&nbsp;<\/p>\n<p>Principal objetivo e fun\u00e7\u00e3o da <strong>Faixa de veda\u00e7\u00e3o de borracha EPDM para painel solar<\/strong>:<\/p>\n<ul>\n<li>Impermeabiliza\u00e7\u00e3o: Cria uma barreira estanque entre os pain\u00e9is solares e as calhas\/caixilhos de montagem, impedindo a entrada de chuva, neve e humidade.<\/li>\n<li>Prote\u00e7\u00e3o contra detritos: Impede a acumula\u00e7\u00e3o de p\u00f3, folhas, insectos e pequenos detritos sob os pain\u00e9is.<\/li>\n<li>Resist\u00eancia ao levantamento pelo vento: Ajuda a fixar os pain\u00e9is preenchendo os espa\u00e7os vazios, reduzindo a vibra\u00e7\u00e3o ou a eleva\u00e7\u00e3o induzida pelo vento.<\/li>\n<li>Tamp\u00e3o de expans\u00e3o t\u00e9rmica: Absorve a expans\u00e3o\/contra\u00e7\u00e3o natural dos pain\u00e9is e das estruturas met\u00e1licas devido a altera\u00e7\u00f5es de temperatura.<\/li>\n<\/ul>\n<p>&nbsp;<\/p>\n<p>Em forma de T <strong>Faixa de veda\u00e7\u00e3o de borracha EPDM para painel solar<\/strong> \u00e9 utilizado para pain\u00e9is solares fotovoltaicos. E a tira de veda\u00e7\u00e3o de borracha EPDM encaixa-se entre os pain\u00e9is para vedar as lacunas, tornando a cobertura solar num abrigo estanque \u00e0 \u00e1gua, ideal para portos ou estruturas solares para autom\u00f3veis. Tem uma grande resist\u00eancia ao calor. A veda\u00e7\u00e3o por extrus\u00e3o de borracha de silicone tem excelentes propriedades qu\u00edmicas e f\u00edsicas, \u00e9 resistente a altas e baixas temperaturas, ao desgaste, ao \u00f3leo, ao p\u00f3, etc. Al\u00e9m disso, tamb\u00e9m pode ser utilizado na constru\u00e7\u00e3o naval, nas telecomunica\u00e7\u00f5es, na avia\u00e7\u00e3o, nos electrodom\u00e9sticos, na ilumina\u00e7\u00e3o, nos equipamentos m\u00e9dicos, nos sal\u00f5es de beleza, etc.<\/p>\n<p>&nbsp;<\/p>\n<p>Carater\u00edsticas da forma em T \u00e0 prova de \u00e1gua <strong>Faixa de veda\u00e7\u00e3o de borracha EPDM para painel solar<\/strong>:<\/p>\n<ol>\n<li>Material EPDM de alta qualidade: Fabricado em borracha EPDM (mon\u00f3mero de etileno-propileno-dieno) duradoura, conhecida pela sua excelente resist\u00eancia \u00e0s intemp\u00e9ries e elasticidade.<\/li>\n<li>Propriedades \u00e0 prova de \u00e1gua: Concebidas para criar uma veda\u00e7\u00e3o estanque, impedindo a entrada de humidade que poderia danificar os pain\u00e9is solares e as estruturas de montagem.<\/li>\n<li>Resist\u00eancia aos raios UV: Resiste \u00e0 degrada\u00e7\u00e3o provocada pela exposi\u00e7\u00e3o aos raios UV, assegurando um desempenho duradouro em condi\u00e7\u00f5es exteriores.<\/li>\n<li>Flex\u00edvel e f\u00e1cil de cortar: Pode ser facilmente cortado nos comprimentos desejados para aplica\u00e7\u00f5es personalizadas.<\/li>\n<li>Desempenho melhorado: Ajuda a manter condi\u00e7\u00f5es de funcionamento ideais, evitando a acumula\u00e7\u00e3o de humidade e a corros\u00e3o.<\/li>\n<li>Instala\u00e7\u00e3o f\u00e1cil: Simples de aplicar, tornando-o acess\u00edvel tanto para instaladores profissionais como para entusiastas da bricolage.<\/li>\n<li>Solu\u00e7\u00e3o econ\u00f3mica: Reduz o risco de danos causados pela \u00e1gua, poupando potencialmente custos em repara\u00e7\u00f5es e substitui\u00e7\u00f5es.<\/li>\n<li>Ampla aplicabilidade: Adequado para todos os tipos de pain\u00e9is solares emoldurados de uso geral atualmente existentes no mercado, desde pequenos sistemas solares a grandes sistemas, mesmo de v\u00e1rios megawatts, at\u00e9 grandes sistemas de v\u00e1rios megawatts, que podem ser utilizados como gama de servi\u00e7o<\/li>\n<\/ol>\n<p>&nbsp;<\/p>\n<p>As nossas borrachas s\u00e3o produzidas localmente para n\u00f3s, feitas de borracha de PVC el\u00e1stica altamente modificada e resistente aos raios UV, fabricada a partir de 3 grupos diferentes de mat\u00e9rias-primas, todas de acordo com as diretrizes da UE, e podem ser coloridas e dimensionadas por encomenda.<\/p>\n<p>&nbsp;<\/p>\n<p>M\u00e9todo de instala\u00e7\u00e3o da junta de veda\u00e7\u00e3o do painel solar :<\/p>\n<ol>\n<li>Limpar o alum\u00ednio que reveste os pain\u00e9is.<\/li>\n<li>Estenda a borracha de veda\u00e7\u00e3o no comprimento correto.<\/li>\n<li>Quando chegar a um grampo, corte a borracha com uma faca Stanley ou com uma tesoura.<\/li>\n<li>Corte a borracha de modo a que a extremidade superior imperme\u00e1vel encaixe \u00e0 volta do grampo.<\/li>\n<li>Utilizando uma fina camada de borracha, esfregue-a na parte inferior do vedante de borracha e introduza-a no espa\u00e7o para criar uma veda\u00e7\u00e3o estanque \u00e0 \u00e1gua.<\/li>\n<\/ol>\n<p>A energia solar fotovoltaica \u00e0 prova de \u00e1gua <strong>Faixa de veda\u00e7\u00e3o de borracha EPDM para painel solar<\/strong>\u00a0\u00e9 crucial para manter a integridade e o desempenho das instala\u00e7\u00f5es solares. A sua conce\u00e7\u00e3o dur\u00e1vel e flex\u00edvel oferece uma prote\u00e7\u00e3o eficaz contra a humidade e os elementos ambientais. As tiras de veda\u00e7\u00e3o em borracha EPDM da junta de veda\u00e7\u00e3o do painel solar n\u00e3o s\u00e3o negoci\u00e1veis para instala\u00e7\u00f5es solares duradouras e \u00e0 prova de \u00e1gua. Evitam danos provocados pela humidade, aumentam a seguran\u00e7a e prolongam a vida \u00fatil do sistema, tirando partido da excecional resist\u00eancia \u00e0s intemp\u00e9ries do EPDM.<\/p>","protected":false},"excerpt":{"rendered":"<p>A fita vedante de borracha EPDM imperme\u00e1vel em forma de T \u00e9 utilizada para pain\u00e9is solares fotovoltaicos. E a tira de veda\u00e7\u00e3o de borracha EPDM encaixa-se entre os pain\u00e9is para vedar as lacunas, tornando a cobertura solar num abrigo estanque \u00e0 \u00e1gua, ideal para portos ou estruturas solares para autom\u00f3veis. Tem uma grande resist\u00eancia ao calor. O vedante de extrus\u00e3o de borracha de silicone tem excelentes propriedades qu\u00edmicas e f\u00edsicas, resist\u00eancia a altas e baixas temperaturas, resist\u00eancia ao desgaste, resist\u00eancia ao \u00f3leo, resist\u00eancia ao p\u00f3, etc. Al\u00e9m disso, tamb\u00e9m pode ser utilizado na constru\u00e7\u00e3o naval, nas telecomunica\u00e7\u00f5es, na avia\u00e7\u00e3o, nos electrodom\u00e9sticos, na ilumina\u00e7\u00e3o, nos equipamentos m\u00e9dicos, nos sal\u00f5es de beleza, etc.<\/p>\n<div class=\"wp-block-button popmake-1937\"><a class=\"wp-block-button__link wp-element-button\">verifica\u00e7\u00e3o de pre\u00e7os<\/a><\/div>","protected":false},"featured_media":2618,"template":"","meta":{"_uag_custom_page_level_css":"","site-sidebar-layout":"default","site-content-layout":"","ast-site-content-layout":"default","site-content-style":"default","site-sidebar-style":"default","ast-global-header-display":"","ast-banner-title-visibility":"","ast-main-header-display":"","ast-hfb-above-header-display":"","ast-hfb-below-header-display":"","ast-hfb-mobile-header-display":"","site-post-title":"","ast-breadcrumbs-content":"","ast-featured-img":"","footer-sml-layout":"","ast-disable-related-posts":"","theme-transparent-header-meta":"default","adv-header-id-meta":"","stick-header-meta":"","header-above-stick-meta":"","header-main-stick-meta":"","header-below-stick-meta":"","astra-migrate-meta-layouts":"set","ast-page-background-enabled":"default","ast-page-background-meta":{"desktop":{"background-color":"","background-image":"","background-repeat":"repeat","background-position":"center center","background-size":"auto","background-attachment":"scroll","background-type":"","background-media":"","overlay-type":"","overlay-color":"","overlay-opacity":"","overlay-gradient":""},"tablet":{"background-color":"","background-image":"","background-repeat":"repeat","background-position":"center center","background-size":"auto","background-attachment":"scroll","background-type":"","background-media":"","overlay-type":"","overlay-color":"","overlay-opacity":"","overlay-gradient":""},"mobile":{"background-color":"","background-image":"","background-repeat":"repeat","background-position":"center center","background-size":"auto","background-attachment":"scroll","background-type":"","background-media":"","overlay-type":"","overlay-color":"","overlay-opacity":"","overlay-gradient":""}},"ast-content-background-meta":{"desktop":{"background-color":"var(--ast-global-color-5)","background-image":"","background-repeat":"repeat","background-position":"center center","background-size":"auto","background-attachment":"scroll","background-type":"","background-media":"","overlay-type":"","overlay-color":"","overlay-opacity":"","overlay-gradient":""},"tablet":{"background-color":"var(--ast-global-color-5)","background-image":"","background-repeat":"repeat","background-position":"center center","background-size":"auto","background-attachment":"scroll","background-type":"","background-media":"","overlay-type":"","overlay-color":"","overlay-opacity":"","overlay-gradient":""},"mobile":{"background-color":"var(--ast-global-color-5)","background-image":"","background-repeat":"repeat","background-position":"center center","background-size":"auto","background-attachment":"scroll","background-type":"","background-media":"","overlay-type":"","overlay-color":"","overlay-opacity":"","overlay-gradient":""}}},"product_brand":[],"product_cat":[25,23,132,33],"product_tag":[216,215,217,39,38,37,214],"class_list":{"0":"post-2615","1":"product","2":"type-product","3":"status-publish","4":"has-post-thumbnail","6":"product_cat-excellent","7":"product_cat-solar-accessories","8":"product_cat-solar-mounting-components","9":"product_cat-solar-panel-accessories","10":"product_tag-epdm-rubber-pad","11":"product_tag-solar-panel-seam-gasket","12":"product_tag-solar-panel-waterproof","13":"product_tag-solar-waterproof-solutions","14":"product_tag-solar-waterproof-system","15":"product_tag-waterproof-mounting","16":"product_tag-waterproof-rubber-seal-strip","17":"desktop-align-left","18":"tablet-align-left","19":"mobile-align-left","21":"first","22":"instock","23":"shipping-taxable","24":"product-type-simple"},"spectra_custom_meta":{"_uabb_version":["1.36.1"],"_edit_last":["1"],"_edit_lock":["1752377432:1"],"_thumbnail_id":["2618"],"total_sales":["0"],"_tax_status":["taxable"],"_tax_class":[""],"_manage_stock":["no"],"_backorders":["no"],"_sold_individually":["no"],"_virtual":["no"],"_downloadable":["no"],"_download_limit":["-1"],"_download_expiry":["-1"],"_stock":[null],"_stock_status":["instock"],"_wc_average_rating":["0"],"_wc_review_count":["0"],"_product_version":["9.6.2"],"_product_image_gallery":["2616,2619,2617,2620"],"site-sidebar-layout":["default"],"ast-site-content-layout":["default"],"site-content-style":["default"],"site-sidebar-style":["default"],"theme-transparent-header-meta":["default"],"astra-migrate-meta-layouts":["set"],"_uag_page_assets":["a:9:{s:3:\"css\";s:5318:\".uag-blocks-common-selector{z-index:var(--z-index-desktop) !important}@media (max-width: 976px){.uag-blocks-common-selector{z-index:var(--z-index-tablet) !important}}@media (max-width: 767px){.uag-blocks-common-selector{z-index:var(--z-index-mobile) !important}}\n.wp-block-uagb-faq{width:100%}.wp-block-uagb-faq.uagb-faq-layout-accordion .uagb-faq-child__outer-wrap .uagb-faq-questions-button{cursor:pointer}.wp-block-uagb-faq .uagb-faq-content{margin-bottom:0}.wp-block-uagb-faq .uagb-faq-content p{margin:auto}.uagb-faq-layout-grid.uagb-faq-equal-height.uagb-faq__wrap .uagb-faq-child__outer-wrap,.uagb-faq-layout-grid.uagb-faq-equal-height.uagb-faq__wrap .uagb-faq-item{height:100%}body[class*=\"astra\"] .uagb-faq-questions{line-height:normal}.uagb-faq-item{overflow:hidden}\n.wp-block-uagb-faq-child .uagb-faq-questions-button{display:flex;align-items:center}.wp-block-uagb-faq-child .uagb-faq-questions-button .uagb-faq-icon-wrap{display:flex;align-items:center}.wp-block-uagb-faq-child .uagb-faq-questions-button .uagb-question{width:100%;margin-top:0;margin-bottom:0}.wp-block-uagb-faq-child .uagb-icon svg,.wp-block-uagb-faq-child .uagb-icon-active svg{width:15px;height:15px;font-size:15px}.wp-block-uagb-faq-child.uagb-faq-child__outer-wrap.uagb-faq-item .uagb-icon-active,.wp-block-uagb-faq-child.uagb-faq-child__outer-wrap.uagb-faq-item.uagb-faq-item-active .uagb-icon,.wp-block-uagb-faq-child.uagb-faq-child__outer-wrap .uagb-faq-item .uagb-icon-active,.wp-block-uagb-faq-child.uagb-faq-child__outer-wrap .uagb-faq-item.uagb-faq-item-active .uagb-icon{display:none;width:0;padding:0;height:0;margin:0}.wp-block-uagb-faq-child.uagb-faq-child__outer-wrap.uagb-faq-item .uagb-icon,.wp-block-uagb-faq-child.uagb-faq-child__outer-wrap.uagb-faq-item.uagb-faq-item-active .uagb-icon-active,.wp-block-uagb-faq-child.uagb-faq-child__outer-wrap .uagb-faq-item .uagb-icon,.wp-block-uagb-faq-child.uagb-faq-child__outer-wrap .uagb-faq-item.uagb-faq-item-active .uagb-icon-active{display:flex;width:auto;height:auto}.uagb-faq-layout-grid .uagb-faq-child__outer-wrap.uagb-faq-item .uagb-icon,.uagb-faq-layout-grid .uagb-faq-child__outer-wrap.uagb-faq-item.uagb-faq-item-active .uagb-icon-active,.uagb-faq-layout-grid .uagb-faq-child__outer-wrap .uagb-faq-item .uagb-icon,.uagb-faq-layout-grid .uagb-faq-child__outer-wrap .uagb-faq-item.uagb-faq-item-active .uagb-icon-active{display:none}.uagb-faq-layout-grid .uagb-faq-child__outer-wrap.uagb-faq-item span.uagb-icon-active.uagb-faq-icon-wrap,.uagb-faq-layout-grid .uagb-faq-child__outer-wrap.uagb-faq-item.uagb-faq-item-active .uagb-icon-active,.uagb-faq-layout-grid .uagb-faq-child__outer-wrap .uagb-faq-item span.uagb-icon-active.uagb-faq-icon-wrap,.uagb-faq-layout-grid .uagb-faq-child__outer-wrap .uagb-faq-item.uagb-faq-item-active .uagb-icon-active{display:none}\n.uagb-block-55b5edaf .uagb-icon svg{width: 12px;height: 12px;font-size: 12px;}.uagb-block-55b5edaf .uagb-icon-active svg{width: 12px;height: 12px;font-size: 12px;}.uagb-block-55b5edaf .uagb-faq-child__outer-wrap{margin-bottom: 10px;}.uagb-block-55b5edaf .uagb-faq-item{border-top-width: 1px;border-left-width: 1px;border-right-width: 1px;border-bottom-width: 1px;border-top-left-radius: 2px;border-top-right-radius: 2px;border-bottom-left-radius: 2px;border-bottom-right-radius: 2px;border-color: #1e1e1e;border-style: solid;}.uagb-block-55b5edaf .uagb-faq-questions-button{padding-top: 10px;padding-bottom: 10px;padding-right: 10px;padding-left: 10px;}.uagb-block-55b5edaf .uagb-faq-content{padding-top: 10px;padding-bottom: 10px;padding-right: 10px;padding-left: 10px;}.uagb-block-55b5edaf .uagb-faq-content span{margin-top: 10px;margin-bottom: 10px;margin-right: 10px;margin-left: 10px;}.uagb-block-55b5edaf.uagb-faq-icon-row .uagb-faq-item .uagb-faq-icon-wrap{margin-right: 10px;}.uagb-block-55b5edaf.uagb-faq-icon-row-reverse .uagb-faq-item .uagb-faq-icon-wrap{margin-left: 10px;}.uagb-block-55b5edaf .uagb-faq-item .uagb-faq-questions-button.uagb-faq-questions{flex-direction: row;}.uagb-block-55b5edaf .wp-block-uagb-faq-child.uagb-faq-child__outer-wrap .uagb-faq-content {display: none;}@media only screen and (max-width: 976px) {.uagb-block-55b5edaf.uagb-faq-icon-row .uagb-faq-item .uagb-faq-icon-wrap{margin-right: 10px;}.uagb-block-55b5edaf.uagb-faq-icon-row-reverse .uagb-faq-item .uagb-faq-icon-wrap{margin-left: 10px;}.uagb-block-55b5edaf .uagb-faq-questions-button{padding-top: 10px;padding-bottom: 10px;padding-right: 10px;padding-left: 10px;}.uagb-block-55b5edaf .uagb-faq-content{padding-top: 10px;padding-bottom: 10px;padding-right: 10px;padding-left: 10px;}.uagb-block-55b5edaf .uagb-faq-content span{margin-top: 10px;margin-bottom: 10px;margin-right: 10px;margin-left: 10px;}}@media only screen and (max-width: 767px) {.uagb-block-55b5edaf.uagb-faq-icon-row .uagb-faq-item .uagb-faq-icon-wrap{margin-right: 10px;}.uagb-block-55b5edaf.uagb-faq-icon-row-reverse .uagb-faq-item .uagb-faq-icon-wrap{margin-left: 10px;}.uagb-block-55b5edaf .uagb-faq-questions-button{padding-top: 10px;padding-bottom: 10px;padding-right: 10px;padding-left: 10px;}.uagb-block-55b5edaf .uagb-faq-content{padding-top: 10px;padding-bottom: 10px;padding-right: 10px;padding-left: 10px;}.uagb-block-55b5edaf .uagb-faq-content span{margin-top: 10px;margin-bottom: 10px;margin-right: 10px;margin-left: 10px;}}\";s:2:\"js\";s:0:\"\";s:18:\"current_block_list\";a:10:{i:0;s:11:\"core\/search\";i:1;s:10:\"core\/group\";i:2;s:12:\"core\/heading\";i:3;s:17:\"core\/latest-posts\";i:4;s:20:\"core\/latest-comments\";i:5;s:13:\"core\/archives\";i:6;s:15:\"core\/categories\";i:7;s:14:\"core\/paragraph\";i:8;s:8:\"uagb\/faq\";i:9;s:14:\"uagb\/faq-child\";}s:8:\"uag_flag\";b:1;s:11:\"uag_version\";s:10:\"1775829763\";s:6:\"gfonts\";a:0:{}s:10:\"gfonts_url\";s:0:\"\";s:12:\"gfonts_files\";a:0:{}s:14:\"uag_faq_layout\";b:1;}"],"_uag_css_file_name":["uag-css-2615.css"]},"uagb_featured_image_src":{"full":["https:\/\/senyenergy.com\/wp-content\/uploads\/2025\/06\/Solar-panel-seam-gasket.jpg",800,800,false],"thumbnail":["https:\/\/senyenergy.com\/wp-content\/uploads\/2025\/06\/Solar-panel-seam-gasket-150x150.jpg",150,150,true],"medium":["https:\/\/senyenergy.com\/wp-content\/uploads\/2025\/06\/Solar-panel-seam-gasket-300x300.jpg",300,300,true],"medium_large":["https:\/\/senyenergy.com\/wp-content\/uploads\/2025\/06\/Solar-panel-seam-gasket-768x768.jpg",768,768,true],"large":["https:\/\/senyenergy.com\/wp-content\/uploads\/2025\/06\/Solar-panel-seam-gasket.jpg",800,800,false],"1536x1536":["https:\/\/senyenergy.com\/wp-content\/uploads\/2025\/06\/Solar-panel-seam-gasket.jpg",800,800,false],"2048x2048":["https:\/\/senyenergy.com\/wp-content\/uploads\/2025\/06\/Solar-panel-seam-gasket.jpg",800,800,false],"trp-custom-language-flag":["https:\/\/senyenergy.com\/wp-content\/uploads\/2025\/06\/Solar-panel-seam-gasket-12x12.jpg",12,12,true],"woocommerce_thumbnail":["https:\/\/senyenergy.com\/wp-content\/uploads\/2025\/06\/Solar-panel-seam-gasket-300x300.jpg",300,300,true],"woocommerce_single":["https:\/\/senyenergy.com\/wp-content\/uploads\/2025\/06\/Solar-panel-seam-gasket-600x600.jpg",600,600,true],"woocommerce_gallery_thumbnail":["https:\/\/senyenergy.com\/wp-content\/uploads\/2025\/06\/Solar-panel-seam-gasket-100x100.jpg",100,100,true]},"uagb_author_info":{"display_name":"wp-admin","author_link":"https:\/\/senyenergy.com\/pt\/author\/"},"uagb_comment_info":0,"uagb_excerpt":"T-shaped waterproof EPDM rubber seal strip is used for solar photovoltaic panels. And EPDM rubber seal strip fits in between the panels to seal the gaps, making a Solar cover a water - tight shelter, ideal for Solar car ports or structures. It has great heat resistance. Silicone rubber extrusion seal has excellent chemical and&hellip;","_links":{"self":[{"href":"https:\/\/senyenergy.com\/pt\/wp-json\/wp\/v2\/product\/2615","targetHints":{"allow":["GET"]}}],"collection":[{"href":"https:\/\/senyenergy.com\/pt\/wp-json\/wp\/v2\/product"}],"about":[{"href":"https:\/\/senyenergy.com\/pt\/wp-json\/wp\/v2\/types\/product"}],"wp:featuredmedia":[{"embeddable":true,"href":"https:\/\/senyenergy.com\/pt\/wp-json\/wp\/v2\/media\/2618"}],"wp:attachment":[{"href":"https:\/\/senyenergy.com\/pt\/wp-json\/wp\/v2\/media?parent=2615"}],"wp:term":[{"taxonomy":"product_brand","embeddable":true,"href":"https:\/\/senyenergy.com\/pt\/wp-json\/wp\/v2\/product_brand?post=2615"},{"taxonomy":"product_cat","embeddable":true,"href":"https:\/\/senyenergy.com\/pt\/wp-json\/wp\/v2\/product_cat?post=2615"},{"taxonomy":"product_tag","embeddable":true,"href":"https:\/\/senyenergy.com\/pt\/wp-json\/wp\/v2\/product_tag?post=2615"}],"curies":[{"name":"wp","href":"https:\/\/api.w.org\/{rel}","templated":true}]}}