{"id":2609,"date":"2025-06-23T16:31:33","date_gmt":"2025-06-23T08:31:33","guid":{"rendered":"https:\/\/senyenergy.com\/?post_type=product&#038;p=2609"},"modified":"2025-06-23T16:31:34","modified_gmt":"2025-06-23T08:31:34","slug":"30-bracadeira-de-extremidade-de-painel-solar-de-dupla-finalidade-de-35-mm","status":"publish","type":"product","link":"https:\/\/senyenergy.com\/pt\/product\/30-bracadeira-de-extremidade-de-painel-solar-de-dupla-finalidade-de-35-mm\/","title":{"rendered":"Bra\u00e7adeira de extremidade de painel solar de dupla finalidade de 30\/35 mm"},"content":{"rendered":"<p>30\/35mm <strong><b>Bra\u00e7adeira de extremidade de painel solar de dupla finalidade<\/b><\/strong>\u00a0\u00e9 uma solu\u00e7\u00e3o de montagem vers\u00e1til, concebida para fixar as extremidades exteriores dos pain\u00e9is solares \u00e0s calhas de montagem. Esta bra\u00e7adeira acomoda pain\u00e9is de 30 mm e 35 mm de espessura, tornando-a adapt\u00e1vel a v\u00e1rias instala\u00e7\u00f5es solares.<\/p>\n<p>30\/35mm <strong><b>Bra\u00e7adeira de extremidade de painel solar de dupla finalidade<\/b><\/strong>\u00a0Capaz de se adaptar a duas espessuras de painel, simplifica o invent\u00e1rio e a instala\u00e7\u00e3o, reduzindo a necessidade de v\u00e1rios tipos de bra\u00e7adeiras no local. Concebida para uma fixa\u00e7\u00e3o r\u00e1pida, a abra\u00e7adeira minimiza o tempo de instala\u00e7\u00e3o e os custos de m\u00e3o de obra, assegurando simultaneamente um ajuste seguro.<\/p>\n<p>&nbsp;<\/p>\n<p>Bra\u00e7adeira de extremidade de painel solar de dupla finalidade de 30\/35 mm com design de 2 furos: Este \u00e9 o mecanismo crucial que permite a compatibilidade do painel solar duplo.<\/p>\n<p>O corpo da abra\u00e7adeira tem dois orif\u00edcios pr\u00e9-perfurados para parafusos, posicionados em desvios espec\u00edficos.<\/p>\n<p>&nbsp;<\/p>\n<p>Como funciona:<\/p>\n<p>&nbsp;<\/p>\n<p>Para a estrutura do painel solar de 30 mm: Utiliza-se um orif\u00edcio espec\u00edfico (normalmente o orif\u00edcio posicionado mais pr\u00f3ximo do lado de fixa\u00e7\u00e3o do painel).<\/p>\n<p>Para a estrutura do painel solar de 35 mm: Utilizar o outro orif\u00edcio (posicionado ligeiramente mais afastado do lado de fixa\u00e7\u00e3o do painel).<\/p>\n<p>&nbsp;<\/p>\n<p>Carater\u00edsticas de 30\/35mm <strong><b>Bra\u00e7adeira de extremidade de painel solar de dupla finalidade<\/b><\/strong><\/p>\n<p>Simplicidade de invent\u00e1rio: Compat\u00edvel com pain\u00e9is solares de 30 mm e 35 mm. Uma pin\u00e7a adapta-se aos dois tamanhos mais comuns de estrutura de painel solar.<\/p>\n<p>Econ\u00f3mica: Reduz a necessidade de comprar e armazenar v\u00e1rios tipos de abra\u00e7adeiras.<\/p>\n<p>Flexibilidade de instala\u00e7\u00e3o: \u00datil para locais que utilizam uma mistura de tamanhos de carris ou para preparar o invent\u00e1rio para o futuro.<\/p>\n<p>Constru\u00e7\u00e3o robusta: Fabricado com materiais resistentes \u00e0 corros\u00e3o, como o alum\u00ednio ou o a\u00e7o inoxid\u00e1vel, para maior durabilidade e longevidade.<\/p>\n<p>Instala\u00e7\u00e3o f\u00e1cil: O design simples permite uma fixa\u00e7\u00e3o r\u00e1pida sem a necessidade de ferramentas especializadas.<\/p>\n<p>Ajuste seguro: Proporciona uma forte ader\u00eancia aos bordos do painel, garantindo estabilidade e evitando movimentos.<\/p>\n<p>&nbsp;<\/p>\n<p>Compatibilidade do painel solar: Embora seja \"universal\", verifique sempre se a bra\u00e7adeira \u00e9 compat\u00edvel com o perfil espec\u00edfico da estrutura (espessura, altura do rebordo\/desenho) dos seus pain\u00e9is solares.<\/p>\n<p>&nbsp;<\/p>\n<p>30\/35mm <strong><b>Bra\u00e7adeira de extremidade de painel solar de dupla finalidade<\/b><\/strong>\u00a0Fabricado com materiais de alta qualidade e resistentes \u00e0 corros\u00e3o, proporciona um desempenho duradouro em ambientes exteriores. O grampo mant\u00e9m os pain\u00e9is firmemente no lugar, impedindo o movimento e garantindo a estabilidade em condi\u00e7\u00f5es climat\u00e9ricas vari\u00e1veis. Se utiliza frequentemente pain\u00e9is solares de 30 mm ou 35 mm de espessura, esta bra\u00e7adeira de extremidade de painel solar de dupla finalidade de 30\/35 mm \u00e9 a sua escolha ideal.<\/p>","protected":false},"excerpt":{"rendered":"<p>Bra\u00e7adeira de extremidade de painel solar de dupla finalidade de 30\/35 mm Capaz de se adaptar a duas espessuras de painel, simplifica o invent\u00e1rio e a instala\u00e7\u00e3o, reduzindo a necessidade de v\u00e1rios tipos de bra\u00e7adeiras no local. Concebida para uma fixa\u00e7\u00e3o r\u00e1pida, a bra\u00e7adeira minimiza o tempo de instala\u00e7\u00e3o e os custos de m\u00e3o de obra, assegurando simultaneamente um ajuste seguro.<\/p>\n<div class=\"wp-block-button popmake-1937\"><a class=\"wp-block-button__link wp-element-button\">verifica\u00e7\u00e3o de pre\u00e7os<\/a><\/div>","protected":false},"featured_media":2614,"template":"","meta":{"_uag_custom_page_level_css":"","site-sidebar-layout":"default","site-content-layout":"","ast-site-content-layout":"default","site-content-style":"default","site-sidebar-style":"default","ast-global-header-display":"","ast-banner-title-visibility":"","ast-main-header-display":"","ast-hfb-above-header-display":"","ast-hfb-below-header-display":"","ast-hfb-mobile-header-display":"","site-post-title":"","ast-breadcrumbs-content":"","ast-featured-img":"","footer-sml-layout":"","ast-disable-related-posts":"","theme-transparent-header-meta":"default","adv-header-id-meta":"","stick-header-meta":"","header-above-stick-meta":"","header-main-stick-meta":"","header-below-stick-meta":"","astra-migrate-meta-layouts":"set","ast-page-background-enabled":"default","ast-page-background-meta":{"desktop":{"background-color":"","background-image":"","background-repeat":"repeat","background-position":"center center","background-size":"auto","background-attachment":"scroll","background-type":"","background-media":"","overlay-type":"","overlay-color":"","overlay-opacity":"","overlay-gradient":""},"tablet":{"background-color":"","background-image":"","background-repeat":"repeat","background-position":"center center","background-size":"auto","background-attachment":"scroll","background-type":"","background-media":"","overlay-type":"","overlay-color":"","overlay-opacity":"","overlay-gradient":""},"mobile":{"background-color":"","background-image":"","background-repeat":"repeat","background-position":"center center","background-size":"auto","background-attachment":"scroll","background-type":"","background-media":"","overlay-type":"","overlay-color":"","overlay-opacity":"","overlay-gradient":""}},"ast-content-background-meta":{"desktop":{"background-color":"var(--ast-global-color-5)","background-image":"","background-repeat":"repeat","background-position":"center center","background-size":"auto","background-attachment":"scroll","background-type":"","background-media":"","overlay-type":"","overlay-color":"","overlay-opacity":"","overlay-gradient":""},"tablet":{"background-color":"var(--ast-global-color-5)","background-image":"","background-repeat":"repeat","background-position":"center center","background-size":"auto","background-attachment":"scroll","background-type":"","background-media":"","overlay-type":"","overlay-color":"","overlay-opacity":"","overlay-gradient":""},"mobile":{"background-color":"var(--ast-global-color-5)","background-image":"","background-repeat":"repeat","background-position":"center center","background-size":"auto","background-attachment":"scroll","background-type":"","background-media":"","overlay-type":"","overlay-color":"","overlay-opacity":"","overlay-gradient":""}}},"product_brand":[],"product_cat":[25,23,132,33],"product_tag":[134,210,55,213,207,34,208,212],"class_list":{"0":"post-2609","1":"product","2":"type-product","3":"status-publish","4":"has-post-thumbnail","6":"product_cat-excellent","7":"product_cat-solar-accessories","8":"product_cat-solar-mounting-components","9":"product_cat-solar-panel-accessories","10":"product_tag-metal-roof-solar-clamp","11":"product_tag-solar-adjustable-clamp","12":"product_tag-solar-clamp","13":"product_tag-solar-clamps","14":"product_tag-solar-end-clamp","15":"product_tag-solar-panel","16":"product_tag-solar-panel-clamp","17":"product_tag-solar-side-clamp","18":"desktop-align-left","19":"tablet-align-left","20":"mobile-align-left","22":"first","23":"instock","24":"shipping-taxable","25":"product-type-simple"},"spectra_custom_meta":{"_uabb_version":["1.36.1"],"_edit_last":["1"],"_edit_lock":["1750753704:1"],"_thumbnail_id":["2614"],"total_sales":["0"],"_tax_status":["taxable"],"_tax_class":[""],"_manage_stock":["no"],"_backorders":["no"],"_sold_individually":["no"],"_virtual":["no"],"_downloadable":["no"],"_download_limit":["-1"],"_download_expiry":["-1"],"_stock":[null],"_stock_status":["instock"],"_wc_average_rating":["0"],"_wc_review_count":["0"],"_product_version":["9.6.2"],"_product_image_gallery":["2610,2613,2612,2611"],"site-sidebar-layout":["default"],"ast-site-content-layout":["default"],"site-content-style":["default"],"site-sidebar-style":["default"],"theme-transparent-header-meta":["default"],"astra-migrate-meta-layouts":["set"],"_uag_page_assets":["a:9:{s:3:\"css\";s:5055:\".wp-block-uagb-faq{width:100%}.wp-block-uagb-faq.uagb-faq-layout-accordion .uagb-faq-child__outer-wrap .uagb-faq-questions-button{cursor:pointer}.wp-block-uagb-faq .uagb-faq-content{margin-bottom:0}.wp-block-uagb-faq .uagb-faq-content p{margin:auto}.uagb-faq-layout-grid.uagb-faq-equal-height.uagb-faq__wrap .uagb-faq-child__outer-wrap,.uagb-faq-layout-grid.uagb-faq-equal-height.uagb-faq__wrap .uagb-faq-item{height:100%}body[class*=\"astra\"] .uagb-faq-questions{line-height:normal}.uagb-faq-item{overflow:hidden}\n.wp-block-uagb-faq-child .uagb-faq-questions-button{display:flex;align-items:center}.wp-block-uagb-faq-child .uagb-faq-questions-button .uagb-faq-icon-wrap{display:flex;align-items:center}.wp-block-uagb-faq-child .uagb-faq-questions-button .uagb-question{width:100%;margin-top:0;margin-bottom:0}.wp-block-uagb-faq-child .uagb-icon svg,.wp-block-uagb-faq-child .uagb-icon-active svg{width:15px;height:15px;font-size:15px}.wp-block-uagb-faq-child.uagb-faq-child__outer-wrap.uagb-faq-item .uagb-icon-active,.wp-block-uagb-faq-child.uagb-faq-child__outer-wrap.uagb-faq-item.uagb-faq-item-active .uagb-icon,.wp-block-uagb-faq-child.uagb-faq-child__outer-wrap .uagb-faq-item .uagb-icon-active,.wp-block-uagb-faq-child.uagb-faq-child__outer-wrap .uagb-faq-item.uagb-faq-item-active .uagb-icon{display:none;width:0;padding:0;height:0;margin:0}.wp-block-uagb-faq-child.uagb-faq-child__outer-wrap.uagb-faq-item .uagb-icon,.wp-block-uagb-faq-child.uagb-faq-child__outer-wrap.uagb-faq-item.uagb-faq-item-active .uagb-icon-active,.wp-block-uagb-faq-child.uagb-faq-child__outer-wrap .uagb-faq-item .uagb-icon,.wp-block-uagb-faq-child.uagb-faq-child__outer-wrap .uagb-faq-item.uagb-faq-item-active .uagb-icon-active{display:flex;width:auto;height:auto}.uagb-faq-layout-grid .uagb-faq-child__outer-wrap.uagb-faq-item .uagb-icon,.uagb-faq-layout-grid .uagb-faq-child__outer-wrap.uagb-faq-item.uagb-faq-item-active .uagb-icon-active,.uagb-faq-layout-grid .uagb-faq-child__outer-wrap .uagb-faq-item .uagb-icon,.uagb-faq-layout-grid .uagb-faq-child__outer-wrap .uagb-faq-item.uagb-faq-item-active .uagb-icon-active{display:none}.uagb-faq-layout-grid .uagb-faq-child__outer-wrap.uagb-faq-item span.uagb-icon-active.uagb-faq-icon-wrap,.uagb-faq-layout-grid .uagb-faq-child__outer-wrap.uagb-faq-item.uagb-faq-item-active .uagb-icon-active,.uagb-faq-layout-grid .uagb-faq-child__outer-wrap .uagb-faq-item span.uagb-icon-active.uagb-faq-icon-wrap,.uagb-faq-layout-grid .uagb-faq-child__outer-wrap .uagb-faq-item.uagb-faq-item-active .uagb-icon-active{display:none}\n.uagb-block-55b5edaf .uagb-icon svg{width: 12px;height: 12px;font-size: 12px;}.uagb-block-55b5edaf .uagb-icon-active svg{width: 12px;height: 12px;font-size: 12px;}.uagb-block-55b5edaf .uagb-faq-child__outer-wrap{margin-bottom: 10px;}.uagb-block-55b5edaf .uagb-faq-item{border-top-width: 1px;border-left-width: 1px;border-right-width: 1px;border-bottom-width: 1px;border-top-left-radius: 2px;border-top-right-radius: 2px;border-bottom-left-radius: 2px;border-bottom-right-radius: 2px;border-color: #1e1e1e;border-style: solid;}.uagb-block-55b5edaf .uagb-faq-questions-button{padding-top: 10px;padding-bottom: 10px;padding-right: 10px;padding-left: 10px;}.uagb-block-55b5edaf .uagb-faq-content{padding-top: 10px;padding-bottom: 10px;padding-right: 10px;padding-left: 10px;}.uagb-block-55b5edaf .uagb-faq-content span{margin-top: 10px;margin-bottom: 10px;margin-right: 10px;margin-left: 10px;}.uagb-block-55b5edaf.uagb-faq-icon-row .uagb-faq-item .uagb-faq-icon-wrap{margin-right: 10px;}.uagb-block-55b5edaf.uagb-faq-icon-row-reverse .uagb-faq-item .uagb-faq-icon-wrap{margin-left: 10px;}.uagb-block-55b5edaf .uagb-faq-item .uagb-faq-questions-button.uagb-faq-questions{flex-direction: row;}.uagb-block-55b5edaf .wp-block-uagb-faq-child.uagb-faq-child__outer-wrap .uagb-faq-content {display: none;}@media only screen and (max-width: 976px) {.uagb-block-55b5edaf.uagb-faq-icon-row .uagb-faq-item .uagb-faq-icon-wrap{margin-right: 10px;}.uagb-block-55b5edaf.uagb-faq-icon-row-reverse .uagb-faq-item .uagb-faq-icon-wrap{margin-left: 10px;}.uagb-block-55b5edaf .uagb-faq-questions-button{padding-top: 10px;padding-bottom: 10px;padding-right: 10px;padding-left: 10px;}.uagb-block-55b5edaf .uagb-faq-content{padding-top: 10px;padding-bottom: 10px;padding-right: 10px;padding-left: 10px;}.uagb-block-55b5edaf .uagb-faq-content span{margin-top: 10px;margin-bottom: 10px;margin-right: 10px;margin-left: 10px;}}@media only screen and (max-width: 767px) {.uagb-block-55b5edaf.uagb-faq-icon-row .uagb-faq-item .uagb-faq-icon-wrap{margin-right: 10px;}.uagb-block-55b5edaf.uagb-faq-icon-row-reverse .uagb-faq-item .uagb-faq-icon-wrap{margin-left: 10px;}.uagb-block-55b5edaf .uagb-faq-questions-button{padding-top: 10px;padding-bottom: 10px;padding-right: 10px;padding-left: 10px;}.uagb-block-55b5edaf .uagb-faq-content{padding-top: 10px;padding-bottom: 10px;padding-right: 10px;padding-left: 10px;}.uagb-block-55b5edaf .uagb-faq-content span{margin-top: 10px;margin-bottom: 10px;margin-right: 10px;margin-left: 10px;}}\";s:2:\"js\";s:0:\"\";s:18:\"current_block_list\";a:10:{i:0;s:11:\"core\/search\";i:1;s:10:\"core\/group\";i:2;s:12:\"core\/heading\";i:3;s:17:\"core\/latest-posts\";i:4;s:20:\"core\/latest-comments\";i:5;s:13:\"core\/archives\";i:6;s:15:\"core\/categories\";i:7;s:14:\"core\/paragraph\";i:8;s:8:\"uagb\/faq\";i:9;s:14:\"uagb\/faq-child\";}s:8:\"uag_flag\";b:1;s:11:\"uag_version\";s:10:\"1775829763\";s:6:\"gfonts\";a:0:{}s:10:\"gfonts_url\";s:0:\"\";s:12:\"gfonts_files\";a:0:{}s:14:\"uag_faq_layout\";b:1;}"],"_uag_css_file_name":["uag-css-2609.css"]},"uagb_featured_image_src":{"full":["https:\/\/senyenergy.com\/wp-content\/uploads\/2025\/06\/Solar-Panel-End-Clamp.jpg",800,800,false],"thumbnail":["https:\/\/senyenergy.com\/wp-content\/uploads\/2025\/06\/Solar-Panel-End-Clamp-150x150.jpg",150,150,true],"medium":["https:\/\/senyenergy.com\/wp-content\/uploads\/2025\/06\/Solar-Panel-End-Clamp-300x300.jpg",300,300,true],"medium_large":["https:\/\/senyenergy.com\/wp-content\/uploads\/2025\/06\/Solar-Panel-End-Clamp-768x768.jpg",768,768,true],"large":["https:\/\/senyenergy.com\/wp-content\/uploads\/2025\/06\/Solar-Panel-End-Clamp.jpg",800,800,false],"1536x1536":["https:\/\/senyenergy.com\/wp-content\/uploads\/2025\/06\/Solar-Panel-End-Clamp.jpg",800,800,false],"2048x2048":["https:\/\/senyenergy.com\/wp-content\/uploads\/2025\/06\/Solar-Panel-End-Clamp.jpg",800,800,false],"trp-custom-language-flag":["https:\/\/senyenergy.com\/wp-content\/uploads\/2025\/06\/Solar-Panel-End-Clamp-12x12.jpg",12,12,true],"woocommerce_thumbnail":["https:\/\/senyenergy.com\/wp-content\/uploads\/2025\/06\/Solar-Panel-End-Clamp-300x300.jpg",300,300,true],"woocommerce_single":["https:\/\/senyenergy.com\/wp-content\/uploads\/2025\/06\/Solar-Panel-End-Clamp-600x600.jpg",600,600,true],"woocommerce_gallery_thumbnail":["https:\/\/senyenergy.com\/wp-content\/uploads\/2025\/06\/Solar-Panel-End-Clamp-100x100.jpg",100,100,true]},"uagb_author_info":{"display_name":"wp-admin","author_link":"https:\/\/senyenergy.com\/pt\/author\/"},"uagb_comment_info":0,"uagb_excerpt":"30\/35mm Dual-purpose Solar Panel End Clamp Capable of fitting two panel thicknesses, it simplifies inventory and installation, reducing the need for multiple clamp types on site. Engineered for quick attachment, the clamp minimizes installation time and labor costs while ensuring a secure fit. price check","_links":{"self":[{"href":"https:\/\/senyenergy.com\/pt\/wp-json\/wp\/v2\/product\/2609","targetHints":{"allow":["GET"]}}],"collection":[{"href":"https:\/\/senyenergy.com\/pt\/wp-json\/wp\/v2\/product"}],"about":[{"href":"https:\/\/senyenergy.com\/pt\/wp-json\/wp\/v2\/types\/product"}],"wp:featuredmedia":[{"embeddable":true,"href":"https:\/\/senyenergy.com\/pt\/wp-json\/wp\/v2\/media\/2614"}],"wp:attachment":[{"href":"https:\/\/senyenergy.com\/pt\/wp-json\/wp\/v2\/media?parent=2609"}],"wp:term":[{"taxonomy":"product_brand","embeddable":true,"href":"https:\/\/senyenergy.com\/pt\/wp-json\/wp\/v2\/product_brand?post=2609"},{"taxonomy":"product_cat","embeddable":true,"href":"https:\/\/senyenergy.com\/pt\/wp-json\/wp\/v2\/product_cat?post=2609"},{"taxonomy":"product_tag","embeddable":true,"href":"https:\/\/senyenergy.com\/pt\/wp-json\/wp\/v2\/product_tag?post=2609"}],"curies":[{"name":"wp","href":"https:\/\/api.w.org\/{rel}","templated":true}]}}