{"id":2602,"date":"2025-06-20T13:09:30","date_gmt":"2025-06-20T05:09:30","guid":{"rendered":"https:\/\/senyenergy.com\/?post_type=product&#038;p=2602"},"modified":"2025-06-20T13:09:31","modified_gmt":"2025-06-20T05:09:31","slug":"bracadeira-de-extremidade-ajustavel-para-painel-solar-de-aluminio-30-50mm","status":"publish","type":"product","link":"https:\/\/senyenergy.com\/pt\/product\/bracadeira-de-extremidade-ajustavel-para-painel-solar-de-aluminio-30-50mm\/","title":{"rendered":"Bra\u00e7adeira de extremidade ajust\u00e1vel para painel solar de alum\u00ednio 30-50mm"},"content":{"rendered":"<p>Alum\u00ednio <strong><b>Bra\u00e7adeira de extremidade ajust\u00e1vel para painel solar<\/b><\/strong> \u00e9 um componente multifuncional de alta qualidade utilizado para fixar a extremidade dos pain\u00e9is solares em sistemas de instala\u00e7\u00e3o solar. Este grampo de extremidade ajust\u00e1vel proporciona uma instala\u00e7\u00e3o mais simples e flex\u00edvel para a montagem de pain\u00e9is solares. Foi concebido para ser ajustado a diferentes espessuras de m\u00f3dulos fotovoltaicos que variam entre 30 mm e 50 mm. \u00c9 um componente solar ideal quando n\u00e3o se tem a certeza da espessura da estrutura dos m\u00f3dulos fotovoltaicos, \u00e9 muito conveniente para o sistema de montagem solar.<\/p>\n<p>&nbsp;<\/p>\n<p>A bra\u00e7adeira de extremidade ajust\u00e1vel para pain\u00e9is solares segura firmemente os pain\u00e9is solares nas extremidades da estrutura. Funciona em conjunto com a bra\u00e7adeira interm\u00e9dia para oferecer mais estabilidade nos carris.<\/p>\n<p>&nbsp;<\/p>\n<p>O nosso <strong><b>Bra\u00e7adeira de extremidade ajust\u00e1vel para painel solar<\/b><\/strong>\u00a0\u00a0Os kits incluem: pe\u00e7a de base, fixador superior, parafuso SUS304 e porca deslizante de alum\u00ednio, tamb\u00e9m podemos vender a bra\u00e7adeira separadamente. Alum\u00ednio anodizado e materiais de fixa\u00e7\u00e3o de a\u00e7o inoxid\u00e1vel, alta anti-corros\u00e3o e anti-ferrugem. A cor preta \u00e9 opcional. Estamos sempre s\u00e9rios com a qualidade de nossos produtos de cada pequena parte para o suporte inteiro e fornecer a garantia para todos os nossos produtos.<\/p>\n<p>&nbsp;<\/p>\n<p>Carater\u00edsticas deste <strong><b>Bra\u00e7adeira de extremidade ajust\u00e1vel para painel solar<\/b><\/strong>\u00a0:<\/p>\n<ul>\n<li>Design ajust\u00e1vel: Permite o ajuste fino da posi\u00e7\u00e3o do grampo para acomodar diferentes tamanhos e configura\u00e7\u00f5es de pain\u00e9is.<\/li>\n<li>Materiais duradouros: Normalmente, s\u00e3o fabricados em alum\u00ednio resistente \u00e0 corros\u00e3o e em a\u00e7o inoxid\u00e1vel, garantindo longevidade e resist\u00eancia \u00e0s condi\u00e7\u00f5es ambientais.<\/li>\n<li>Instala\u00e7\u00e3o f\u00e1cil: Concebida para uma instala\u00e7\u00e3o direta sem necessidade de ferramentas especializadas.<\/li>\n<li>Compatibilidade: Funciona com v\u00e1rios tipos de pain\u00e9is solares e sistemas de montagem, proporcionando flexibilidade nas instala\u00e7\u00f5es.<\/li>\n<\/ul>\n<p>&nbsp;<\/p>\n<p>Porqu\u00ea utilizar o\u00a0<strong><b>Bra\u00e7adeira de extremidade ajust\u00e1vel para painel solar<\/b><\/strong> ?<\/p>\n<ol>\n<li>Versatilidade: A maior vantagem. Um design de bra\u00e7adeira pode ser utilizado com muitas marcas e modelos diferentes de pain\u00e9is solares, eliminando a necessidade de v\u00e1rias bra\u00e7adeiras espec\u00edficas. Isto simplifica o aprovisionamento e o invent\u00e1rio.<\/li>\n<li>Compatibilidade: Essencial quando se instalam v\u00e1rios tipos de pain\u00e9is no mesmo projeto ou quando futuras substitui\u00e7\u00f5es\/actualiza\u00e7\u00f5es de pain\u00e9is podem ter dimens\u00f5es de estrutura diferentes.<\/li>\n<li>Absor\u00e7\u00e3o de toler\u00e2ncias: Compensa pequenas varia\u00e7\u00f5es na espessura da estrutura do painel e nas toler\u00e2ncias de fabrico, assegurando um ajuste consistente e seguro.<\/li>\n<li>Redu\u00e7\u00e3o dos erros de instala\u00e7\u00e3o: Menos hip\u00f3teses de utilizar o grampo de largura fixa errado.<\/li>\n<li>Efici\u00eancia: Os instaladores n\u00e3o precisam de verificar constantemente se t\u00eam o grampo fixo exato para cada tipo\/sec\u00e7\u00e3o de painel.<\/li>\n<li>Custo-efic\u00e1cia: Embora as abra\u00e7adeiras individuais possam custar um pouco mais do que as vers\u00f5es fixas, o custo global do projeto \u00e9 frequentemente inferior devido \u00e0 redu\u00e7\u00e3o do n\u00famero de SKU e \u00e0 log\u00edstica simplificada.<\/li>\n<\/ol>\n<p>&nbsp;<\/p>\n<p><strong><b>Bra\u00e7adeira de extremidade ajust\u00e1vel para painel solar<\/b><\/strong>s s\u00e3o a solu\u00e7\u00e3o moderna e flex\u00edvel para fixar as extremidades dos pain\u00e9is solares \u00e0s calhas de montagem. A sua capacidade de se adaptarem a v\u00e1rias espessuras de estruturas de pain\u00e9is torna-os componentes altamente vers\u00e1teis, econ\u00f3micos e fi\u00e1veis, essenciais para instala\u00e7\u00f5es de pain\u00e9is solares eficientes e seguras.<\/p>","protected":false},"excerpt":{"rendered":"<p>Este grampo de extremidade ajust\u00e1vel proporciona uma instala\u00e7\u00e3o mais simples e flex\u00edvel para a montagem de pain\u00e9is solares. Foi concebido para ser ajustado a diferentes espessuras de m\u00f3dulos fotovoltaicos que variam entre 30 mm e 50 mm. \u00c9 um componente solar ideal quando n\u00e3o se tem a certeza da espessura da estrutura dos m\u00f3dulos fotovoltaicos, \u00e9 muito conveniente para o sistema de montagem solar.<\/p>\n<div class=\"wp-block-button popmake-1937\"><a class=\"wp-block-button__link wp-element-button\">verifica\u00e7\u00e3o de pre\u00e7os<\/a><\/div>","protected":false},"featured_media":2603,"template":"","meta":{"_uag_custom_page_level_css":"","site-sidebar-layout":"default","site-content-layout":"","ast-site-content-layout":"default","site-content-style":"default","site-sidebar-style":"default","ast-global-header-display":"","ast-banner-title-visibility":"","ast-main-header-display":"","ast-hfb-above-header-display":"","ast-hfb-below-header-display":"","ast-hfb-mobile-header-display":"","site-post-title":"","ast-breadcrumbs-content":"","ast-featured-img":"","footer-sml-layout":"","ast-disable-related-posts":"","theme-transparent-header-meta":"default","adv-header-id-meta":"","stick-header-meta":"","header-above-stick-meta":"","header-main-stick-meta":"","header-below-stick-meta":"","astra-migrate-meta-layouts":"set","ast-page-background-enabled":"default","ast-page-background-meta":{"desktop":{"background-color":"","background-image":"","background-repeat":"repeat","background-position":"center center","background-size":"auto","background-attachment":"scroll","background-type":"","background-media":"","overlay-type":"","overlay-color":"","overlay-opacity":"","overlay-gradient":""},"tablet":{"background-color":"","background-image":"","background-repeat":"repeat","background-position":"center center","background-size":"auto","background-attachment":"scroll","background-type":"","background-media":"","overlay-type":"","overlay-color":"","overlay-opacity":"","overlay-gradient":""},"mobile":{"background-color":"","background-image":"","background-repeat":"repeat","background-position":"center center","background-size":"auto","background-attachment":"scroll","background-type":"","background-media":"","overlay-type":"","overlay-color":"","overlay-opacity":"","overlay-gradient":""}},"ast-content-background-meta":{"desktop":{"background-color":"var(--ast-global-color-5)","background-image":"","background-repeat":"repeat","background-position":"center center","background-size":"auto","background-attachment":"scroll","background-type":"","background-media":"","overlay-type":"","overlay-color":"","overlay-opacity":"","overlay-gradient":""},"tablet":{"background-color":"var(--ast-global-color-5)","background-image":"","background-repeat":"repeat","background-position":"center center","background-size":"auto","background-attachment":"scroll","background-type":"","background-media":"","overlay-type":"","overlay-color":"","overlay-opacity":"","overlay-gradient":""},"mobile":{"background-color":"var(--ast-global-color-5)","background-image":"","background-repeat":"repeat","background-position":"center center","background-size":"auto","background-attachment":"scroll","background-type":"","background-media":"","overlay-type":"","overlay-color":"","overlay-opacity":"","overlay-gradient":""}}},"product_brand":[],"product_cat":[25,23,132,33],"product_tag":[142,210,209,47,46,55,207,34,208,211,65],"class_list":{"0":"post-2602","1":"product","2":"type-product","3":"status-publish","4":"has-post-thumbnail","6":"product_cat-excellent","7":"product_cat-solar-accessories","8":"product_cat-solar-mounting-components","9":"product_cat-solar-panel-accessories","10":"product_tag-rv-solar-panel-mount","11":"product_tag-solar-adjustable-clamp","12":"product_tag-solar-adjustable-end-clamp","13":"product_tag-solar-adjustable-kits","14":"product_tag-solar-adjustable-mounting","15":"product_tag-solar-clamp","16":"product_tag-solar-end-clamp","17":"product_tag-solar-panel","18":"product_tag-solar-panel-clamp","19":"product_tag-solar-pv-clamp","20":"product_tag-solar-pv-clip","21":"desktop-align-left","22":"tablet-align-left","23":"mobile-align-left","25":"first","26":"instock","27":"shipping-taxable","28":"product-type-simple"},"spectra_custom_meta":{"_uabb_version":["1.36.1"],"_edit_last":["1"],"_edit_lock":["1750664215:1"],"_thumbnail_id":["2603"],"total_sales":["0"],"_tax_status":["taxable"],"_tax_class":[""],"_manage_stock":["no"],"_backorders":["no"],"_sold_individually":["no"],"_virtual":["no"],"_downloadable":["no"],"_download_limit":["-1"],"_download_expiry":["-1"],"_stock":[null],"_stock_status":["instock"],"_wc_average_rating":["0"],"_wc_review_count":["0"],"_product_version":["9.6.2"],"_product_image_gallery":["2604,2607,2605,2606,2608"],"site-sidebar-layout":["default"],"ast-site-content-layout":["default"],"site-content-style":["default"],"site-sidebar-style":["default"],"theme-transparent-header-meta":["default"],"astra-migrate-meta-layouts":["set"],"_uag_page_assets":["a:9:{s:3:\"css\";s:5055:\".wp-block-uagb-faq{width:100%}.wp-block-uagb-faq.uagb-faq-layout-accordion .uagb-faq-child__outer-wrap .uagb-faq-questions-button{cursor:pointer}.wp-block-uagb-faq .uagb-faq-content{margin-bottom:0}.wp-block-uagb-faq .uagb-faq-content p{margin:auto}.uagb-faq-layout-grid.uagb-faq-equal-height.uagb-faq__wrap .uagb-faq-child__outer-wrap,.uagb-faq-layout-grid.uagb-faq-equal-height.uagb-faq__wrap .uagb-faq-item{height:100%}body[class*=\"astra\"] .uagb-faq-questions{line-height:normal}.uagb-faq-item{overflow:hidden}\n.wp-block-uagb-faq-child .uagb-faq-questions-button{display:flex;align-items:center}.wp-block-uagb-faq-child .uagb-faq-questions-button .uagb-faq-icon-wrap{display:flex;align-items:center}.wp-block-uagb-faq-child .uagb-faq-questions-button .uagb-question{width:100%;margin-top:0;margin-bottom:0}.wp-block-uagb-faq-child .uagb-icon svg,.wp-block-uagb-faq-child .uagb-icon-active svg{width:15px;height:15px;font-size:15px}.wp-block-uagb-faq-child.uagb-faq-child__outer-wrap.uagb-faq-item .uagb-icon-active,.wp-block-uagb-faq-child.uagb-faq-child__outer-wrap.uagb-faq-item.uagb-faq-item-active .uagb-icon,.wp-block-uagb-faq-child.uagb-faq-child__outer-wrap .uagb-faq-item .uagb-icon-active,.wp-block-uagb-faq-child.uagb-faq-child__outer-wrap .uagb-faq-item.uagb-faq-item-active .uagb-icon{display:none;width:0;padding:0;height:0;margin:0}.wp-block-uagb-faq-child.uagb-faq-child__outer-wrap.uagb-faq-item .uagb-icon,.wp-block-uagb-faq-child.uagb-faq-child__outer-wrap.uagb-faq-item.uagb-faq-item-active .uagb-icon-active,.wp-block-uagb-faq-child.uagb-faq-child__outer-wrap .uagb-faq-item .uagb-icon,.wp-block-uagb-faq-child.uagb-faq-child__outer-wrap .uagb-faq-item.uagb-faq-item-active .uagb-icon-active{display:flex;width:auto;height:auto}.uagb-faq-layout-grid .uagb-faq-child__outer-wrap.uagb-faq-item .uagb-icon,.uagb-faq-layout-grid .uagb-faq-child__outer-wrap.uagb-faq-item.uagb-faq-item-active .uagb-icon-active,.uagb-faq-layout-grid .uagb-faq-child__outer-wrap .uagb-faq-item .uagb-icon,.uagb-faq-layout-grid .uagb-faq-child__outer-wrap .uagb-faq-item.uagb-faq-item-active .uagb-icon-active{display:none}.uagb-faq-layout-grid .uagb-faq-child__outer-wrap.uagb-faq-item span.uagb-icon-active.uagb-faq-icon-wrap,.uagb-faq-layout-grid .uagb-faq-child__outer-wrap.uagb-faq-item.uagb-faq-item-active .uagb-icon-active,.uagb-faq-layout-grid .uagb-faq-child__outer-wrap .uagb-faq-item span.uagb-icon-active.uagb-faq-icon-wrap,.uagb-faq-layout-grid .uagb-faq-child__outer-wrap .uagb-faq-item.uagb-faq-item-active .uagb-icon-active{display:none}\n.uagb-block-55b5edaf .uagb-icon svg{width: 12px;height: 12px;font-size: 12px;}.uagb-block-55b5edaf .uagb-icon-active svg{width: 12px;height: 12px;font-size: 12px;}.uagb-block-55b5edaf .uagb-faq-child__outer-wrap{margin-bottom: 10px;}.uagb-block-55b5edaf .uagb-faq-item{border-top-width: 1px;border-left-width: 1px;border-right-width: 1px;border-bottom-width: 1px;border-top-left-radius: 2px;border-top-right-radius: 2px;border-bottom-left-radius: 2px;border-bottom-right-radius: 2px;border-color: #1e1e1e;border-style: solid;}.uagb-block-55b5edaf .uagb-faq-questions-button{padding-top: 10px;padding-bottom: 10px;padding-right: 10px;padding-left: 10px;}.uagb-block-55b5edaf .uagb-faq-content{padding-top: 10px;padding-bottom: 10px;padding-right: 10px;padding-left: 10px;}.uagb-block-55b5edaf .uagb-faq-content span{margin-top: 10px;margin-bottom: 10px;margin-right: 10px;margin-left: 10px;}.uagb-block-55b5edaf.uagb-faq-icon-row .uagb-faq-item .uagb-faq-icon-wrap{margin-right: 10px;}.uagb-block-55b5edaf.uagb-faq-icon-row-reverse .uagb-faq-item .uagb-faq-icon-wrap{margin-left: 10px;}.uagb-block-55b5edaf .uagb-faq-item .uagb-faq-questions-button.uagb-faq-questions{flex-direction: row;}.uagb-block-55b5edaf .wp-block-uagb-faq-child.uagb-faq-child__outer-wrap .uagb-faq-content {display: none;}@media only screen and (max-width: 976px) {.uagb-block-55b5edaf.uagb-faq-icon-row .uagb-faq-item .uagb-faq-icon-wrap{margin-right: 10px;}.uagb-block-55b5edaf.uagb-faq-icon-row-reverse .uagb-faq-item .uagb-faq-icon-wrap{margin-left: 10px;}.uagb-block-55b5edaf .uagb-faq-questions-button{padding-top: 10px;padding-bottom: 10px;padding-right: 10px;padding-left: 10px;}.uagb-block-55b5edaf .uagb-faq-content{padding-top: 10px;padding-bottom: 10px;padding-right: 10px;padding-left: 10px;}.uagb-block-55b5edaf .uagb-faq-content span{margin-top: 10px;margin-bottom: 10px;margin-right: 10px;margin-left: 10px;}}@media only screen and (max-width: 767px) {.uagb-block-55b5edaf.uagb-faq-icon-row .uagb-faq-item .uagb-faq-icon-wrap{margin-right: 10px;}.uagb-block-55b5edaf.uagb-faq-icon-row-reverse .uagb-faq-item .uagb-faq-icon-wrap{margin-left: 10px;}.uagb-block-55b5edaf .uagb-faq-questions-button{padding-top: 10px;padding-bottom: 10px;padding-right: 10px;padding-left: 10px;}.uagb-block-55b5edaf .uagb-faq-content{padding-top: 10px;padding-bottom: 10px;padding-right: 10px;padding-left: 10px;}.uagb-block-55b5edaf .uagb-faq-content span{margin-top: 10px;margin-bottom: 10px;margin-right: 10px;margin-left: 10px;}}\";s:2:\"js\";s:0:\"\";s:18:\"current_block_list\";a:10:{i:0;s:11:\"core\/search\";i:1;s:10:\"core\/group\";i:2;s:12:\"core\/heading\";i:3;s:17:\"core\/latest-posts\";i:4;s:20:\"core\/latest-comments\";i:5;s:13:\"core\/archives\";i:6;s:15:\"core\/categories\";i:7;s:14:\"core\/paragraph\";i:8;s:8:\"uagb\/faq\";i:9;s:14:\"uagb\/faq-child\";}s:8:\"uag_flag\";b:1;s:11:\"uag_version\";s:10:\"1775829763\";s:6:\"gfonts\";a:0:{}s:10:\"gfonts_url\";s:0:\"\";s:12:\"gfonts_files\";a:0:{}s:14:\"uag_faq_layout\";b:1;}"],"_uag_css_file_name":["uag-css-2602.css"]},"uagb_featured_image_src":{"full":["https:\/\/senyenergy.com\/wp-content\/uploads\/2025\/06\/solar-adjustable-end-clamp.jpg",800,800,false],"thumbnail":["https:\/\/senyenergy.com\/wp-content\/uploads\/2025\/06\/solar-adjustable-end-clamp-150x150.jpg",150,150,true],"medium":["https:\/\/senyenergy.com\/wp-content\/uploads\/2025\/06\/solar-adjustable-end-clamp-300x300.jpg",300,300,true],"medium_large":["https:\/\/senyenergy.com\/wp-content\/uploads\/2025\/06\/solar-adjustable-end-clamp-768x768.jpg",768,768,true],"large":["https:\/\/senyenergy.com\/wp-content\/uploads\/2025\/06\/solar-adjustable-end-clamp.jpg",800,800,false],"1536x1536":["https:\/\/senyenergy.com\/wp-content\/uploads\/2025\/06\/solar-adjustable-end-clamp.jpg",800,800,false],"2048x2048":["https:\/\/senyenergy.com\/wp-content\/uploads\/2025\/06\/solar-adjustable-end-clamp.jpg",800,800,false],"trp-custom-language-flag":["https:\/\/senyenergy.com\/wp-content\/uploads\/2025\/06\/solar-adjustable-end-clamp-12x12.jpg",12,12,true],"woocommerce_thumbnail":["https:\/\/senyenergy.com\/wp-content\/uploads\/2025\/06\/solar-adjustable-end-clamp-300x300.jpg",300,300,true],"woocommerce_single":["https:\/\/senyenergy.com\/wp-content\/uploads\/2025\/06\/solar-adjustable-end-clamp-600x600.jpg",600,600,true],"woocommerce_gallery_thumbnail":["https:\/\/senyenergy.com\/wp-content\/uploads\/2025\/06\/solar-adjustable-end-clamp-100x100.jpg",100,100,true]},"uagb_author_info":{"display_name":"wp-admin","author_link":"https:\/\/senyenergy.com\/pt\/author\/"},"uagb_comment_info":0,"uagb_excerpt":"This adjustable end clamp provides more simple and flexible installation for solar panel mounting. It is designed to be adjusted for different PV modules framed thickness ranging from 30mm to 50mm. It is an ideal solar component when you don\u2019t sure the framed thickness of the PV modules,it is very convenient for solar mounting system.&hellip;","_links":{"self":[{"href":"https:\/\/senyenergy.com\/pt\/wp-json\/wp\/v2\/product\/2602","targetHints":{"allow":["GET"]}}],"collection":[{"href":"https:\/\/senyenergy.com\/pt\/wp-json\/wp\/v2\/product"}],"about":[{"href":"https:\/\/senyenergy.com\/pt\/wp-json\/wp\/v2\/types\/product"}],"wp:featuredmedia":[{"embeddable":true,"href":"https:\/\/senyenergy.com\/pt\/wp-json\/wp\/v2\/media\/2603"}],"wp:attachment":[{"href":"https:\/\/senyenergy.com\/pt\/wp-json\/wp\/v2\/media?parent=2602"}],"wp:term":[{"taxonomy":"product_brand","embeddable":true,"href":"https:\/\/senyenergy.com\/pt\/wp-json\/wp\/v2\/product_brand?post=2602"},{"taxonomy":"product_cat","embeddable":true,"href":"https:\/\/senyenergy.com\/pt\/wp-json\/wp\/v2\/product_cat?post=2602"},{"taxonomy":"product_tag","embeddable":true,"href":"https:\/\/senyenergy.com\/pt\/wp-json\/wp\/v2\/product_tag?post=2602"}],"curies":[{"name":"wp","href":"https:\/\/api.w.org\/{rel}","templated":true}]}}