{"id":2595,"date":"2025-06-20T11:13:38","date_gmt":"2025-06-20T03:13:38","guid":{"rendered":"https:\/\/senyenergy.com\/?post_type=product&#038;p=2595"},"modified":"2025-07-13T11:10:31","modified_gmt":"2025-07-13T03:10:31","slug":"terminal-de-ligacao-a-terra-do-painel-solar-de-cobre-grampo-de-ligacao-a-terra","status":"publish","type":"product","link":"https:\/\/senyenergy.com\/pt\/product\/terminal-de-ligacao-a-terra-do-painel-solar-de-cobre-grampo-de-ligacao-a-terra\/","title":{"rendered":"Ficha de liga\u00e7\u00e3o \u00e0 terra para painel solar de cobre Bra\u00e7adeira de liga\u00e7\u00e3o \u00e0 terra"},"content":{"rendered":"<p>A <strong>Cobre<\/strong> <strong><b>Painel solar de terra<\/b><\/strong><strong><b>ing<\/b><\/strong><strong><b>\u00a0Lu<\/b><\/strong>g \u00e9 um componente de seguran\u00e7a cr\u00edtico em sistemas fotovoltaicos (PV), concebido para ligar eletricamente e ligar \u00e0 terra a estrutura met\u00e1lica dos pain\u00e9is solares. Isto evita choques el\u00e9ctricos, riscos de inc\u00eandio e danos no equipamento provocados por descargas atmosf\u00e9ricas, acumula\u00e7\u00e3o de est\u00e1tica ou correntes de falha.<\/p>\n<p>&nbsp;<\/p>\n<p>Carater\u00edsticas de <strong>Cobre<\/strong>\u00a0<strong><b>Painel solar de terra<\/b><\/strong><strong><b>ing<\/b><\/strong><strong><b>\u00a0Lu<\/b><\/strong>g<\/p>\n<ul>\n<li>Material: Cobre (frequentemente estanhado) para uma elevada condutividade e resist\u00eancia \u00e0 corros\u00e3o.<\/li>\n<li>Desenho: Furo ou ranhura: Fixa-se ao orif\u00edcio de liga\u00e7\u00e3o \u00e0 terra pr\u00e9-perfurado do painel solar.<\/li>\n<li>Parafuso de ajuste ou grampo de compress\u00e3o: Fixa o condutor de liga\u00e7\u00e3o \u00e0 terra (fio de cobre).<\/li>\n<li>Dentes serrilhados: Mordem a estrutura do painel para uma liga\u00e7\u00e3o de baixa resist\u00eancia.<\/li>\n<li>Grande versatilidade: Este terminal de liga\u00e7\u00e3o \u00e0 terra foi concebido como o m\u00e9todo de liga\u00e7\u00e3o \u00e0 terra solar mais comum no mundo, adequado para telhados solares, terrenos solares, carports solares, estufas vegetais solares e outras aplica\u00e7\u00f5es de liga\u00e7\u00e3o \u00e0 terra para prote\u00e7\u00e3o contra raios de sistemas solares fotovoltaicos<\/li>\n<li>Forte compatibilidade: Este sistema \u00e9 adequado para quase todos os pain\u00e9is solares com arma\u00e7\u00f5es existentes no mercado e \u00e9 compat\u00edvel com as calhas de alum\u00ednio dos suportes de telhado comuns e com os suportes de solo<\/li>\n<\/ul>\n<p>&nbsp;<\/p>\n<p>Porqu\u00ea <strong>Cobre\u00a0<b>Painel solar de terra<\/b><\/strong><strong><b>ing<\/b><\/strong><strong><b>\u00a0Lu<\/b><\/strong>g? Melhor condutividade do que o alum\u00ednio e menor corros\u00e3o galv\u00e2nica quando ligado a caixilhos de alum\u00ednio.<\/p>\n<ol>\n<li>Quanto menor for o n\u00famero de liga\u00e7\u00f5es paralelas, melhor ser\u00e1 o efeito de condu\u00e7\u00e3o do raio.<\/li>\n<li>No telhado, ocupa uma grande \u00e1rea e est\u00e1 inevitavelmente sujeito a raios e choques el\u00e9ctricos em dias de trovoada.<\/li>\n<li>Durante o processo de instala\u00e7\u00e3o do sistema, o fio de terra \u00e9 instalado diretamente no painel solar e depois ligado \u00e0 terra, ou v\u00e1rios pain\u00e9is s\u00e3o ligados em paralelo e depois ligados \u00e0 terra.<\/li>\n<li>\u00c9 utilizado para conduzir rapidamente a corrente do raio para a terra, a fim de evitar danos causados pelo raio e proteger os componentes.<\/li>\n<li>Instale um para cada componente e depois ligue-o \u00e0 terra em paralelo, ou cada um est\u00e1 diretamente ligado \u00e0 terra. Quanto menor for o n\u00famero de liga\u00e7\u00f5es em paralelo, melhor ser\u00e1 o efeito de condu\u00e7\u00e3o do raio.<\/li>\n<li>\u00c9 adequado para ligar o fio de terra amarelo-verde do componente ou de outros produtos \u00e0 terra no sistema de ilumina\u00e7\u00e3o.<\/li>\n<li>A bra\u00e7adeira de fio de prote\u00e7\u00e3o de aterramento de prote\u00e7\u00e3o contra raios \u00e9 fixada em um tipo de espiral, que \u00e9 conveniente para instala\u00e7\u00e3o e fixa\u00e7\u00e3o em v\u00e1rios equipamentos.<\/li>\n<li>Material: cobre; cobre niquelado - o terminal \u00e9 feito de cobre, a superf\u00edcie \u00e9 niquelada e tem as carater\u00edsticas de resist\u00eancia \u00e0 oxida\u00e7\u00e3o e \u00e0 corros\u00e3o.<\/li>\n<li>Cor: branco prateado<\/li>\n<li>Faixa de espessura do quadro: 0,8 mm-4,5 mm<\/li>\n<li>Di\u00e2metro do fio aplic\u00e1vel 2,5 mm2\/4,0 mm2\/6,0 mm2\/10 mm2\/35 mm2<\/li>\n<\/ol>\n<p>O <strong>Cobre<\/strong> <strong><b>Painel solar de terra<\/b><\/strong><strong><b>ing<\/b><\/strong><strong><b>\u00a0Lu<\/b>g<\/strong>\u00a0 O conetor de liga\u00e7\u00e3o \u00e0 terra foi combinado com pain\u00e9is solares de diferentes estruturas, calhas de alum\u00ednio, carports solares e calhas de a\u00e7o em forma de C (a\u00e7o em forma de U). Tem uma vasta gama de aplica\u00e7\u00f5es.<\/p>","protected":false},"excerpt":{"rendered":"<p>Ficha de liga\u00e7\u00e3o \u00e0 terra do painel solar de cobre Liga\u00e7\u00e3o \u00e0 terra para fio nu 6 AWG e 8 AWG para 6-14AWG e ficha de liga\u00e7\u00e3o \u00e0 terra do painel solar de cobre Melhor condutividade do que o alum\u00ednio e menos corros\u00e3o galv\u00e2nica quando ligado a estruturas de alum\u00ednio.<\/p>\n<div class=\"wp-block-button popmake-1937\"><a class=\"wp-block-button__link wp-element-button\">verifica\u00e7\u00e3o de pre\u00e7os<\/a><\/div>","protected":false},"featured_media":2596,"template":"","meta":{"_uag_custom_page_level_css":"","site-sidebar-layout":"default","site-content-layout":"","ast-site-content-layout":"default","site-content-style":"default","site-sidebar-style":"default","ast-global-header-display":"","ast-banner-title-visibility":"","ast-main-header-display":"","ast-hfb-above-header-display":"","ast-hfb-below-header-display":"","ast-hfb-mobile-header-display":"","site-post-title":"","ast-breadcrumbs-content":"","ast-featured-img":"","footer-sml-layout":"","ast-disable-related-posts":"","theme-transparent-header-meta":"default","adv-header-id-meta":"","stick-header-meta":"","header-above-stick-meta":"","header-main-stick-meta":"","header-below-stick-meta":"","astra-migrate-meta-layouts":"set","ast-page-background-enabled":"default","ast-page-background-meta":{"desktop":{"background-color":"","background-image":"","background-repeat":"repeat","background-position":"center center","background-size":"auto","background-attachment":"scroll","background-type":"","background-media":"","overlay-type":"","overlay-color":"","overlay-opacity":"","overlay-gradient":""},"tablet":{"background-color":"","background-image":"","background-repeat":"repeat","background-position":"center center","background-size":"auto","background-attachment":"scroll","background-type":"","background-media":"","overlay-type":"","overlay-color":"","overlay-opacity":"","overlay-gradient":""},"mobile":{"background-color":"","background-image":"","background-repeat":"repeat","background-position":"center center","background-size":"auto","background-attachment":"scroll","background-type":"","background-media":"","overlay-type":"","overlay-color":"","overlay-opacity":"","overlay-gradient":""}},"ast-content-background-meta":{"desktop":{"background-color":"var(--ast-global-color-5)","background-image":"","background-repeat":"repeat","background-position":"center center","background-size":"auto","background-attachment":"scroll","background-type":"","background-media":"","overlay-type":"","overlay-color":"","overlay-opacity":"","overlay-gradient":""},"tablet":{"background-color":"var(--ast-global-color-5)","background-image":"","background-repeat":"repeat","background-position":"center center","background-size":"auto","background-attachment":"scroll","background-type":"","background-media":"","overlay-type":"","overlay-color":"","overlay-opacity":"","overlay-gradient":""},"mobile":{"background-color":"var(--ast-global-color-5)","background-image":"","background-repeat":"repeat","background-position":"center center","background-size":"auto","background-attachment":"scroll","background-type":"","background-media":"","overlay-type":"","overlay-color":"","overlay-opacity":"","overlay-gradient":""}}},"product_brand":[],"product_cat":[25,23,132,33],"product_tag":[197,198,59,55,203,205,204,206,89,199,200],"class_list":{"0":"post-2595","1":"product","2":"type-product","3":"status-publish","4":"has-post-thumbnail","6":"product_cat-excellent","7":"product_cat-solar-accessories","8":"product_cat-solar-mounting-components","9":"product_cat-solar-panel-accessories","10":"product_tag-earthing-lug","11":"product_tag-grounding-clip","12":"product_tag-grounding-lug","13":"product_tag-solar-clamp","14":"product_tag-solar-earthing-clip","15":"product_tag-solar-ground-bonding","16":"product_tag-solar-grounding-bonding","17":"product_tag-solar-grounding-connector","18":"product_tag-solar-grounding-system","19":"product_tag-solar-panel-earthing","20":"product_tag-solar-panel-grounding-lug","21":"desktop-align-left","22":"tablet-align-left","23":"mobile-align-left","25":"first","26":"instock","27":"shipping-taxable","28":"product-type-simple"},"spectra_custom_meta":{"_uabb_version":["1.36.1"],"_edit_last":["1"],"_edit_lock":["1752376234:1"],"_thumbnail_id":["2596"],"total_sales":["0"],"_tax_status":["taxable"],"_tax_class":[""],"_manage_stock":["no"],"_backorders":["no"],"_sold_individually":["no"],"_virtual":["no"],"_downloadable":["no"],"_download_limit":["-1"],"_download_expiry":["-1"],"_stock":[null],"_stock_status":["instock"],"_wc_average_rating":["0"],"_wc_review_count":["0"],"_product_version":["9.6.2"],"_product_image_gallery":["2601,2598,2599,2597"],"site-sidebar-layout":["default"],"ast-site-content-layout":["default"],"site-content-style":["default"],"site-sidebar-style":["default"],"theme-transparent-header-meta":["default"],"astra-migrate-meta-layouts":["set"],"_uag_page_assets":["a:9:{s:3:\"css\";s:5318:\".uag-blocks-common-selector{z-index:var(--z-index-desktop) !important}@media (max-width: 976px){.uag-blocks-common-selector{z-index:var(--z-index-tablet) !important}}@media (max-width: 767px){.uag-blocks-common-selector{z-index:var(--z-index-mobile) !important}}\n.wp-block-uagb-faq{width:100%}.wp-block-uagb-faq.uagb-faq-layout-accordion .uagb-faq-child__outer-wrap .uagb-faq-questions-button{cursor:pointer}.wp-block-uagb-faq .uagb-faq-content{margin-bottom:0}.wp-block-uagb-faq .uagb-faq-content p{margin:auto}.uagb-faq-layout-grid.uagb-faq-equal-height.uagb-faq__wrap .uagb-faq-child__outer-wrap,.uagb-faq-layout-grid.uagb-faq-equal-height.uagb-faq__wrap .uagb-faq-item{height:100%}body[class*=\"astra\"] .uagb-faq-questions{line-height:normal}.uagb-faq-item{overflow:hidden}\n.wp-block-uagb-faq-child .uagb-faq-questions-button{display:flex;align-items:center}.wp-block-uagb-faq-child .uagb-faq-questions-button .uagb-faq-icon-wrap{display:flex;align-items:center}.wp-block-uagb-faq-child .uagb-faq-questions-button .uagb-question{width:100%;margin-top:0;margin-bottom:0}.wp-block-uagb-faq-child .uagb-icon svg,.wp-block-uagb-faq-child .uagb-icon-active svg{width:15px;height:15px;font-size:15px}.wp-block-uagb-faq-child.uagb-faq-child__outer-wrap.uagb-faq-item .uagb-icon-active,.wp-block-uagb-faq-child.uagb-faq-child__outer-wrap.uagb-faq-item.uagb-faq-item-active .uagb-icon,.wp-block-uagb-faq-child.uagb-faq-child__outer-wrap .uagb-faq-item .uagb-icon-active,.wp-block-uagb-faq-child.uagb-faq-child__outer-wrap .uagb-faq-item.uagb-faq-item-active .uagb-icon{display:none;width:0;padding:0;height:0;margin:0}.wp-block-uagb-faq-child.uagb-faq-child__outer-wrap.uagb-faq-item .uagb-icon,.wp-block-uagb-faq-child.uagb-faq-child__outer-wrap.uagb-faq-item.uagb-faq-item-active .uagb-icon-active,.wp-block-uagb-faq-child.uagb-faq-child__outer-wrap .uagb-faq-item .uagb-icon,.wp-block-uagb-faq-child.uagb-faq-child__outer-wrap .uagb-faq-item.uagb-faq-item-active .uagb-icon-active{display:flex;width:auto;height:auto}.uagb-faq-layout-grid .uagb-faq-child__outer-wrap.uagb-faq-item .uagb-icon,.uagb-faq-layout-grid .uagb-faq-child__outer-wrap.uagb-faq-item.uagb-faq-item-active .uagb-icon-active,.uagb-faq-layout-grid .uagb-faq-child__outer-wrap .uagb-faq-item .uagb-icon,.uagb-faq-layout-grid .uagb-faq-child__outer-wrap .uagb-faq-item.uagb-faq-item-active .uagb-icon-active{display:none}.uagb-faq-layout-grid .uagb-faq-child__outer-wrap.uagb-faq-item span.uagb-icon-active.uagb-faq-icon-wrap,.uagb-faq-layout-grid .uagb-faq-child__outer-wrap.uagb-faq-item.uagb-faq-item-active .uagb-icon-active,.uagb-faq-layout-grid .uagb-faq-child__outer-wrap .uagb-faq-item span.uagb-icon-active.uagb-faq-icon-wrap,.uagb-faq-layout-grid .uagb-faq-child__outer-wrap .uagb-faq-item.uagb-faq-item-active .uagb-icon-active{display:none}\n.uagb-block-55b5edaf .uagb-icon svg{width: 12px;height: 12px;font-size: 12px;}.uagb-block-55b5edaf .uagb-icon-active svg{width: 12px;height: 12px;font-size: 12px;}.uagb-block-55b5edaf .uagb-faq-child__outer-wrap{margin-bottom: 10px;}.uagb-block-55b5edaf .uagb-faq-item{border-top-width: 1px;border-left-width: 1px;border-right-width: 1px;border-bottom-width: 1px;border-top-left-radius: 2px;border-top-right-radius: 2px;border-bottom-left-radius: 2px;border-bottom-right-radius: 2px;border-color: #1e1e1e;border-style: solid;}.uagb-block-55b5edaf .uagb-faq-questions-button{padding-top: 10px;padding-bottom: 10px;padding-right: 10px;padding-left: 10px;}.uagb-block-55b5edaf .uagb-faq-content{padding-top: 10px;padding-bottom: 10px;padding-right: 10px;padding-left: 10px;}.uagb-block-55b5edaf .uagb-faq-content span{margin-top: 10px;margin-bottom: 10px;margin-right: 10px;margin-left: 10px;}.uagb-block-55b5edaf.uagb-faq-icon-row .uagb-faq-item .uagb-faq-icon-wrap{margin-right: 10px;}.uagb-block-55b5edaf.uagb-faq-icon-row-reverse .uagb-faq-item .uagb-faq-icon-wrap{margin-left: 10px;}.uagb-block-55b5edaf .uagb-faq-item .uagb-faq-questions-button.uagb-faq-questions{flex-direction: row;}.uagb-block-55b5edaf .wp-block-uagb-faq-child.uagb-faq-child__outer-wrap .uagb-faq-content {display: none;}@media only screen and (max-width: 976px) {.uagb-block-55b5edaf.uagb-faq-icon-row .uagb-faq-item .uagb-faq-icon-wrap{margin-right: 10px;}.uagb-block-55b5edaf.uagb-faq-icon-row-reverse .uagb-faq-item .uagb-faq-icon-wrap{margin-left: 10px;}.uagb-block-55b5edaf .uagb-faq-questions-button{padding-top: 10px;padding-bottom: 10px;padding-right: 10px;padding-left: 10px;}.uagb-block-55b5edaf .uagb-faq-content{padding-top: 10px;padding-bottom: 10px;padding-right: 10px;padding-left: 10px;}.uagb-block-55b5edaf .uagb-faq-content span{margin-top: 10px;margin-bottom: 10px;margin-right: 10px;margin-left: 10px;}}@media only screen and (max-width: 767px) {.uagb-block-55b5edaf.uagb-faq-icon-row .uagb-faq-item .uagb-faq-icon-wrap{margin-right: 10px;}.uagb-block-55b5edaf.uagb-faq-icon-row-reverse .uagb-faq-item .uagb-faq-icon-wrap{margin-left: 10px;}.uagb-block-55b5edaf .uagb-faq-questions-button{padding-top: 10px;padding-bottom: 10px;padding-right: 10px;padding-left: 10px;}.uagb-block-55b5edaf .uagb-faq-content{padding-top: 10px;padding-bottom: 10px;padding-right: 10px;padding-left: 10px;}.uagb-block-55b5edaf .uagb-faq-content span{margin-top: 10px;margin-bottom: 10px;margin-right: 10px;margin-left: 10px;}}\";s:2:\"js\";s:0:\"\";s:18:\"current_block_list\";a:10:{i:0;s:11:\"core\/search\";i:1;s:10:\"core\/group\";i:2;s:12:\"core\/heading\";i:3;s:17:\"core\/latest-posts\";i:4;s:20:\"core\/latest-comments\";i:5;s:13:\"core\/archives\";i:6;s:15:\"core\/categories\";i:7;s:14:\"core\/paragraph\";i:8;s:8:\"uagb\/faq\";i:9;s:14:\"uagb\/faq-child\";}s:8:\"uag_flag\";b:1;s:11:\"uag_version\";s:10:\"1775829763\";s:6:\"gfonts\";a:0:{}s:10:\"gfonts_url\";s:0:\"\";s:12:\"gfonts_files\";a:0:{}s:14:\"uag_faq_layout\";b:1;}"],"_uag_css_file_name":["uag-css-2595.css"]},"uagb_featured_image_src":{"full":["https:\/\/senyenergy.com\/wp-content\/uploads\/2025\/06\/Copper-Solar-Panel-Grounding-Lug.jpg",800,800,false],"thumbnail":["https:\/\/senyenergy.com\/wp-content\/uploads\/2025\/06\/Copper-Solar-Panel-Grounding-Lug-150x150.jpg",150,150,true],"medium":["https:\/\/senyenergy.com\/wp-content\/uploads\/2025\/06\/Copper-Solar-Panel-Grounding-Lug-300x300.jpg",300,300,true],"medium_large":["https:\/\/senyenergy.com\/wp-content\/uploads\/2025\/06\/Copper-Solar-Panel-Grounding-Lug-768x768.jpg",768,768,true],"large":["https:\/\/senyenergy.com\/wp-content\/uploads\/2025\/06\/Copper-Solar-Panel-Grounding-Lug.jpg",800,800,false],"1536x1536":["https:\/\/senyenergy.com\/wp-content\/uploads\/2025\/06\/Copper-Solar-Panel-Grounding-Lug.jpg",800,800,false],"2048x2048":["https:\/\/senyenergy.com\/wp-content\/uploads\/2025\/06\/Copper-Solar-Panel-Grounding-Lug.jpg",800,800,false],"trp-custom-language-flag":["https:\/\/senyenergy.com\/wp-content\/uploads\/2025\/06\/Copper-Solar-Panel-Grounding-Lug-12x12.jpg",12,12,true],"woocommerce_thumbnail":["https:\/\/senyenergy.com\/wp-content\/uploads\/2025\/06\/Copper-Solar-Panel-Grounding-Lug-300x300.jpg",300,300,true],"woocommerce_single":["https:\/\/senyenergy.com\/wp-content\/uploads\/2025\/06\/Copper-Solar-Panel-Grounding-Lug-600x600.jpg",600,600,true],"woocommerce_gallery_thumbnail":["https:\/\/senyenergy.com\/wp-content\/uploads\/2025\/06\/Copper-Solar-Panel-Grounding-Lug-100x100.jpg",100,100,true]},"uagb_author_info":{"display_name":"wp-admin","author_link":"https:\/\/senyenergy.com\/pt\/author\/"},"uagb_comment_info":0,"uagb_excerpt":"Copper Solar Panel Grounding Lug Ground Bonding to 6 AWG and 8 AWG Bare Wire for 6-14AWG and Copper Solar Panel Grounding Lug Better conductivity than aluminum and less galvanic corrosion when bonded to aluminum frames. price check","_links":{"self":[{"href":"https:\/\/senyenergy.com\/pt\/wp-json\/wp\/v2\/product\/2595","targetHints":{"allow":["GET"]}}],"collection":[{"href":"https:\/\/senyenergy.com\/pt\/wp-json\/wp\/v2\/product"}],"about":[{"href":"https:\/\/senyenergy.com\/pt\/wp-json\/wp\/v2\/types\/product"}],"wp:featuredmedia":[{"embeddable":true,"href":"https:\/\/senyenergy.com\/pt\/wp-json\/wp\/v2\/media\/2596"}],"wp:attachment":[{"href":"https:\/\/senyenergy.com\/pt\/wp-json\/wp\/v2\/media?parent=2595"}],"wp:term":[{"taxonomy":"product_brand","embeddable":true,"href":"https:\/\/senyenergy.com\/pt\/wp-json\/wp\/v2\/product_brand?post=2595"},{"taxonomy":"product_cat","embeddable":true,"href":"https:\/\/senyenergy.com\/pt\/wp-json\/wp\/v2\/product_cat?post=2595"},{"taxonomy":"product_tag","embeddable":true,"href":"https:\/\/senyenergy.com\/pt\/wp-json\/wp\/v2\/product_tag?post=2595"}],"curies":[{"name":"wp","href":"https:\/\/api.w.org\/{rel}","templated":true}]}}