{"id":2588,"date":"2025-06-18T17:03:16","date_gmt":"2025-06-18T09:03:16","guid":{"rendered":"https:\/\/senyenergy.com\/?post_type=product&#038;p=2588"},"modified":"2025-07-13T11:05:43","modified_gmt":"2025-07-13T03:05:43","slug":"terminal-de-ligacao-a-terra-para-paineis-solares-kits-de-ligacao-a-terra-para-paineis-solares","status":"publish","type":"product","link":"https:\/\/senyenergy.com\/pt\/product\/terminal-de-ligacao-a-terra-para-paineis-solares-kits-de-ligacao-a-terra-para-paineis-solares\/","title":{"rendered":"Kits de liga\u00e7\u00e3o \u00e0 terra para pain\u00e9is solares"},"content":{"rendered":"<p>A <strong>Kits de conectores de aterramento solar<\/strong> \u00a0\u00e9 um componente essencial dos kits de liga\u00e7\u00e3o \u00e0 terra para pain\u00e9is solares, concebido para garantir a seguran\u00e7a el\u00e9ctrica e a prote\u00e7\u00e3o contra descargas atmosf\u00e9ricas e sobretens\u00f5es. \u00c9 tamb\u00e9m designado por terminal de liga\u00e7\u00e3o \u00e0 terra solar e \u00e9 um membro da nossa fam\u00edlia de liga\u00e7\u00e3o \u00e0 terra, sendo concebido para ser montado na calha para segurar o fio de terra. O kit de terminal de aterramento consiste em terminal de aterramento estanhado, arruela especialmente projetada, parafuso e almofada de a\u00e7o inoxid\u00e1vel, os dentes afiados na arruela s\u00e3o constru\u00eddos para embutir no trilho de alum\u00ednio anodizado para criar um caminho de aterramento. Usando com clipe de aterramento, o lug de aterramento \u00e9 f\u00e1cil de anexar o fio terra de cobre, n\u00e3o h\u00e1 necessidade de correr ao redor do fio de um \u00fanico m\u00f3dulo. torna os sistemas de aterramento f\u00e1ceis e simples.<\/p>\n<p>&nbsp;<\/p>\n<p><strong>Kits de conectores de aterramento solar<\/strong> \u00e9 usado para ser montado na calha de alum\u00ednio para segurar o fio de terra de cobre. \u00c9 um membro importante da nossa fam\u00edlia de liga\u00e7\u00e3o \u00e0 terra, ao ser utilizado com outros componentes de liga\u00e7\u00e3o \u00e0 terra, facilita a liga\u00e7\u00e3o \u00e0 terra dos sistemas solares fotovoltaicos. Toda a nossa \u00a0<strong>Kits de conectores de aterramento solar<\/strong>\u00a0O conjunto inclui anilha, terminal de liga\u00e7\u00e3o \u00e0 terra, parafuso de a\u00e7o inoxid\u00e1vel e almofada de a\u00e7o inoxid\u00e1vel<\/p>\n<p>&nbsp;<\/p>\n<p>\u00c9 f\u00e1cil fazer a liga\u00e7\u00e3o \u00e0 terra de todo o conjunto de pain\u00e9is solares fotovoltaicos, basta montar o terminal de liga\u00e7\u00e3o \u00e0 terra na extremidade de cada calha de montagem e, em seguida, apertar o parafuso sextavado.<\/p>\n<p>&nbsp;<\/p>\n<p>Carater\u00edsticas de \u00a0<strong>Kits de conectores de aterramento solar<\/strong><strong><b>\u00a0<\/b><\/strong>para o sistema solar:<\/p>\n<p>Constru\u00e7\u00e3o robusta: Dispomos de materiais de alta qualidade<\/p>\n<p>cobre ou alum\u00ednio para uma excelente condutividade e durabilidade.<\/p>\n<p>Resist\u00eancia \u00e0 corros\u00e3o: Frequentemente revestidos ou tratados para resistir \u00e0 corros\u00e3o, assegurando um desempenho a longo prazo em ambientes exteriores.<\/p>\n<p>Variedade de tamanhos: Dispon\u00edvel em v\u00e1rios tamanhos e configura\u00e7\u00f5es para acomodar diferentes tamanhos de cabos e necessidades de instala\u00e7\u00e3o.<\/p>\n<p>F\u00e1cil instala\u00e7\u00e3o: Concebida para uma fixa\u00e7\u00e3o direta a estruturas de pain\u00e9is solares ou estruturas de montagem.<\/p>\n<p>Seguran\u00e7a el\u00e9ctrica: Fornece um ponto de liga\u00e7\u00e3o \u00e0 terra fi\u00e1vel para proteger os sistemas solares de falhas e picos el\u00e9ctricos.<\/p>\n<p>Prote\u00e7\u00e3o contra raios: Ajuda a dissipar as cargas el\u00e9ctricas dos rel\u00e2mpagos, reduzindo o risco de danos no equipamento solar.<\/p>\n<p>Aumento da longevidade do sistema: Protege os pain\u00e9is solares e o equipamento associado, contribuindo para uma vida \u00fatil mais longa de todo o sistema.<\/p>\n<p>&nbsp;<\/p>\n<p>A \u00a0<strong>Kits de conectores de aterramento solar<\/strong>\u00a0\u00e9 um componente essencial para garantir a seguran\u00e7a el\u00e9ctrica dos sistemas de pain\u00e9is solares. Pode melhorar a prote\u00e7\u00e3o do seu sistema de energia solar contra falhas el\u00e9ctricas e riscos ambientais. A nossa fam\u00edlia de sistemas de liga\u00e7\u00e3o \u00e0 terra solar inclui o terminal de liga\u00e7\u00e3o \u00e0 terra solar fotovoltaico, o clip de liga\u00e7\u00e3o \u00e0 terra solar. Jumper de liga\u00e7\u00e3o e v\u00e1rios clipes de cabo. N\u00e3o hesite em contactar-nos para saber mais sobre todo o sistema de liga\u00e7\u00e3o \u00e0 terra.<\/p>","protected":false},"excerpt":{"rendered":"<p>O terminal de liga\u00e7\u00e3o \u00e0 terra solar fotovoltaico \u00e9 utilizado para ser montado na calha de alum\u00ednio para segurar o fio de liga\u00e7\u00e3o \u00e0 terra. \u00c9 um membro importante da nossa fam\u00edlia de liga\u00e7\u00e3o \u00e0 terra, utilizando com outros componentes de liga\u00e7\u00e3o \u00e0 terra, facilita a liga\u00e7\u00e3o \u00e0 terra dos sistemas solares fotovoltaicos.<\/p>\n<p>O nosso conjunto completo de terminais de liga\u00e7\u00e3o \u00e0 terra para energia solar inclui anilha, terminal de liga\u00e7\u00e3o \u00e0 terra, parafuso de a\u00e7o inoxid\u00e1vel e almofada de a\u00e7o inoxid\u00e1vel<\/p>\n<div class=\"wp-block-button popmake-1937\"><a class=\"wp-block-button__link wp-element-button\">verifica\u00e7\u00e3o de pre\u00e7os<\/a><\/div>","protected":false},"featured_media":2589,"template":"","meta":{"_uag_custom_page_level_css":"","site-sidebar-layout":"default","site-content-layout":"","ast-site-content-layout":"default","site-content-style":"default","site-sidebar-style":"default","ast-global-header-display":"","ast-banner-title-visibility":"","ast-main-header-display":"","ast-hfb-above-header-display":"","ast-hfb-below-header-display":"","ast-hfb-mobile-header-display":"","site-post-title":"","ast-breadcrumbs-content":"","ast-featured-img":"","footer-sml-layout":"","ast-disable-related-posts":"","theme-transparent-header-meta":"default","adv-header-id-meta":"","stick-header-meta":"","header-above-stick-meta":"","header-main-stick-meta":"","header-below-stick-meta":"","astra-migrate-meta-layouts":"set","ast-page-background-enabled":"default","ast-page-background-meta":{"desktop":{"background-color":"","background-image":"","background-repeat":"repeat","background-position":"center center","background-size":"auto","background-attachment":"scroll","background-type":"","background-media":"","overlay-type":"","overlay-color":"","overlay-opacity":"","overlay-gradient":""},"tablet":{"background-color":"","background-image":"","background-repeat":"repeat","background-position":"center center","background-size":"auto","background-attachment":"scroll","background-type":"","background-media":"","overlay-type":"","overlay-color":"","overlay-opacity":"","overlay-gradient":""},"mobile":{"background-color":"","background-image":"","background-repeat":"repeat","background-position":"center center","background-size":"auto","background-attachment":"scroll","background-type":"","background-media":"","overlay-type":"","overlay-color":"","overlay-opacity":"","overlay-gradient":""}},"ast-content-background-meta":{"desktop":{"background-color":"var(--ast-global-color-5)","background-image":"","background-repeat":"repeat","background-position":"center center","background-size":"auto","background-attachment":"scroll","background-type":"","background-media":"","overlay-type":"","overlay-color":"","overlay-opacity":"","overlay-gradient":""},"tablet":{"background-color":"var(--ast-global-color-5)","background-image":"","background-repeat":"repeat","background-position":"center center","background-size":"auto","background-attachment":"scroll","background-type":"","background-media":"","overlay-type":"","overlay-color":"","overlay-opacity":"","overlay-gradient":""},"mobile":{"background-color":"var(--ast-global-color-5)","background-image":"","background-repeat":"repeat","background-position":"center center","background-size":"auto","background-attachment":"scroll","background-type":"","background-media":"","overlay-type":"","overlay-color":"","overlay-opacity":"","overlay-gradient":""}}},"product_brand":[],"product_cat":[25,23,132,33],"product_tag":[197,198,59,203,202,201,199,200],"class_list":{"0":"post-2588","1":"product","2":"type-product","3":"status-publish","4":"has-post-thumbnail","6":"product_cat-excellent","7":"product_cat-solar-accessories","8":"product_cat-solar-mounting-components","9":"product_cat-solar-panel-accessories","10":"product_tag-earthing-lug","11":"product_tag-grounding-clip","12":"product_tag-grounding-lug","13":"product_tag-solar-earthing-clip","14":"product_tag-solar-grounding-clip","15":"product_tag-solar-grounding-system-kits","16":"product_tag-solar-panel-earthing","17":"product_tag-solar-panel-grounding-lug","18":"desktop-align-left","19":"tablet-align-left","20":"mobile-align-left","22":"first","23":"instock","24":"shipping-taxable","25":"product-type-simple"},"spectra_custom_meta":{"_uabb_version":["1.36.1"],"_edit_last":["1"],"_edit_lock":["1752375988:1"],"_thumbnail_id":["2589"],"total_sales":["0"],"_tax_status":["taxable"],"_tax_class":[""],"_manage_stock":["no"],"_backorders":["no"],"_sold_individually":["no"],"_virtual":["no"],"_downloadable":["no"],"_download_limit":["-1"],"_download_expiry":["-1"],"_stock":[null],"_stock_status":["instock"],"_wc_average_rating":["0"],"_wc_review_count":["0"],"_product_version":["9.6.2"],"_product_image_gallery":["2593,2590,2592,2591"],"site-sidebar-layout":["default"],"ast-site-content-layout":["default"],"site-content-style":["default"],"site-sidebar-style":["default"],"theme-transparent-header-meta":["default"],"astra-migrate-meta-layouts":["set"],"_uag_page_assets":["a:9:{s:3:\"css\";s:5318:\".uag-blocks-common-selector{z-index:var(--z-index-desktop) !important}@media (max-width: 976px){.uag-blocks-common-selector{z-index:var(--z-index-tablet) !important}}@media (max-width: 767px){.uag-blocks-common-selector{z-index:var(--z-index-mobile) !important}}\n.wp-block-uagb-faq{width:100%}.wp-block-uagb-faq.uagb-faq-layout-accordion .uagb-faq-child__outer-wrap .uagb-faq-questions-button{cursor:pointer}.wp-block-uagb-faq .uagb-faq-content{margin-bottom:0}.wp-block-uagb-faq .uagb-faq-content p{margin:auto}.uagb-faq-layout-grid.uagb-faq-equal-height.uagb-faq__wrap .uagb-faq-child__outer-wrap,.uagb-faq-layout-grid.uagb-faq-equal-height.uagb-faq__wrap .uagb-faq-item{height:100%}body[class*=\"astra\"] .uagb-faq-questions{line-height:normal}.uagb-faq-item{overflow:hidden}\n.wp-block-uagb-faq-child .uagb-faq-questions-button{display:flex;align-items:center}.wp-block-uagb-faq-child .uagb-faq-questions-button .uagb-faq-icon-wrap{display:flex;align-items:center}.wp-block-uagb-faq-child .uagb-faq-questions-button .uagb-question{width:100%;margin-top:0;margin-bottom:0}.wp-block-uagb-faq-child .uagb-icon svg,.wp-block-uagb-faq-child .uagb-icon-active svg{width:15px;height:15px;font-size:15px}.wp-block-uagb-faq-child.uagb-faq-child__outer-wrap.uagb-faq-item .uagb-icon-active,.wp-block-uagb-faq-child.uagb-faq-child__outer-wrap.uagb-faq-item.uagb-faq-item-active .uagb-icon,.wp-block-uagb-faq-child.uagb-faq-child__outer-wrap .uagb-faq-item .uagb-icon-active,.wp-block-uagb-faq-child.uagb-faq-child__outer-wrap .uagb-faq-item.uagb-faq-item-active .uagb-icon{display:none;width:0;padding:0;height:0;margin:0}.wp-block-uagb-faq-child.uagb-faq-child__outer-wrap.uagb-faq-item .uagb-icon,.wp-block-uagb-faq-child.uagb-faq-child__outer-wrap.uagb-faq-item.uagb-faq-item-active .uagb-icon-active,.wp-block-uagb-faq-child.uagb-faq-child__outer-wrap .uagb-faq-item .uagb-icon,.wp-block-uagb-faq-child.uagb-faq-child__outer-wrap .uagb-faq-item.uagb-faq-item-active .uagb-icon-active{display:flex;width:auto;height:auto}.uagb-faq-layout-grid .uagb-faq-child__outer-wrap.uagb-faq-item .uagb-icon,.uagb-faq-layout-grid .uagb-faq-child__outer-wrap.uagb-faq-item.uagb-faq-item-active .uagb-icon-active,.uagb-faq-layout-grid .uagb-faq-child__outer-wrap .uagb-faq-item .uagb-icon,.uagb-faq-layout-grid .uagb-faq-child__outer-wrap .uagb-faq-item.uagb-faq-item-active .uagb-icon-active{display:none}.uagb-faq-layout-grid .uagb-faq-child__outer-wrap.uagb-faq-item span.uagb-icon-active.uagb-faq-icon-wrap,.uagb-faq-layout-grid .uagb-faq-child__outer-wrap.uagb-faq-item.uagb-faq-item-active .uagb-icon-active,.uagb-faq-layout-grid .uagb-faq-child__outer-wrap .uagb-faq-item span.uagb-icon-active.uagb-faq-icon-wrap,.uagb-faq-layout-grid .uagb-faq-child__outer-wrap .uagb-faq-item.uagb-faq-item-active .uagb-icon-active{display:none}\n.uagb-block-55b5edaf .uagb-icon svg{width: 12px;height: 12px;font-size: 12px;}.uagb-block-55b5edaf .uagb-icon-active svg{width: 12px;height: 12px;font-size: 12px;}.uagb-block-55b5edaf .uagb-faq-child__outer-wrap{margin-bottom: 10px;}.uagb-block-55b5edaf .uagb-faq-item{border-top-width: 1px;border-left-width: 1px;border-right-width: 1px;border-bottom-width: 1px;border-top-left-radius: 2px;border-top-right-radius: 2px;border-bottom-left-radius: 2px;border-bottom-right-radius: 2px;border-color: #1e1e1e;border-style: solid;}.uagb-block-55b5edaf .uagb-faq-questions-button{padding-top: 10px;padding-bottom: 10px;padding-right: 10px;padding-left: 10px;}.uagb-block-55b5edaf .uagb-faq-content{padding-top: 10px;padding-bottom: 10px;padding-right: 10px;padding-left: 10px;}.uagb-block-55b5edaf .uagb-faq-content span{margin-top: 10px;margin-bottom: 10px;margin-right: 10px;margin-left: 10px;}.uagb-block-55b5edaf.uagb-faq-icon-row .uagb-faq-item .uagb-faq-icon-wrap{margin-right: 10px;}.uagb-block-55b5edaf.uagb-faq-icon-row-reverse .uagb-faq-item .uagb-faq-icon-wrap{margin-left: 10px;}.uagb-block-55b5edaf .uagb-faq-item .uagb-faq-questions-button.uagb-faq-questions{flex-direction: row;}.uagb-block-55b5edaf .wp-block-uagb-faq-child.uagb-faq-child__outer-wrap .uagb-faq-content {display: none;}@media only screen and (max-width: 976px) {.uagb-block-55b5edaf.uagb-faq-icon-row .uagb-faq-item .uagb-faq-icon-wrap{margin-right: 10px;}.uagb-block-55b5edaf.uagb-faq-icon-row-reverse .uagb-faq-item .uagb-faq-icon-wrap{margin-left: 10px;}.uagb-block-55b5edaf .uagb-faq-questions-button{padding-top: 10px;padding-bottom: 10px;padding-right: 10px;padding-left: 10px;}.uagb-block-55b5edaf .uagb-faq-content{padding-top: 10px;padding-bottom: 10px;padding-right: 10px;padding-left: 10px;}.uagb-block-55b5edaf .uagb-faq-content span{margin-top: 10px;margin-bottom: 10px;margin-right: 10px;margin-left: 10px;}}@media only screen and (max-width: 767px) {.uagb-block-55b5edaf.uagb-faq-icon-row .uagb-faq-item .uagb-faq-icon-wrap{margin-right: 10px;}.uagb-block-55b5edaf.uagb-faq-icon-row-reverse .uagb-faq-item .uagb-faq-icon-wrap{margin-left: 10px;}.uagb-block-55b5edaf .uagb-faq-questions-button{padding-top: 10px;padding-bottom: 10px;padding-right: 10px;padding-left: 10px;}.uagb-block-55b5edaf .uagb-faq-content{padding-top: 10px;padding-bottom: 10px;padding-right: 10px;padding-left: 10px;}.uagb-block-55b5edaf .uagb-faq-content span{margin-top: 10px;margin-bottom: 10px;margin-right: 10px;margin-left: 10px;}}\";s:2:\"js\";s:0:\"\";s:18:\"current_block_list\";a:10:{i:0;s:11:\"core\/search\";i:1;s:10:\"core\/group\";i:2;s:12:\"core\/heading\";i:3;s:17:\"core\/latest-posts\";i:4;s:20:\"core\/latest-comments\";i:5;s:13:\"core\/archives\";i:6;s:15:\"core\/categories\";i:7;s:14:\"core\/paragraph\";i:8;s:8:\"uagb\/faq\";i:9;s:14:\"uagb\/faq-child\";}s:8:\"uag_flag\";b:1;s:11:\"uag_version\";s:10:\"1775829763\";s:6:\"gfonts\";a:0:{}s:10:\"gfonts_url\";s:0:\"\";s:12:\"gfonts_files\";a:0:{}s:14:\"uag_faq_layout\";b:1;}"],"_uag_css_file_name":["uag-css-2588.css"]},"uagb_featured_image_src":{"full":["https:\/\/senyenergy.com\/wp-content\/uploads\/2025\/06\/Anodized-aluminum-Solar-Grounding-Lugs.jpg",800,800,false],"thumbnail":["https:\/\/senyenergy.com\/wp-content\/uploads\/2025\/06\/Anodized-aluminum-Solar-Grounding-Lugs-150x150.jpg",150,150,true],"medium":["https:\/\/senyenergy.com\/wp-content\/uploads\/2025\/06\/Anodized-aluminum-Solar-Grounding-Lugs-300x300.jpg",300,300,true],"medium_large":["https:\/\/senyenergy.com\/wp-content\/uploads\/2025\/06\/Anodized-aluminum-Solar-Grounding-Lugs-768x768.jpg",768,768,true],"large":["https:\/\/senyenergy.com\/wp-content\/uploads\/2025\/06\/Anodized-aluminum-Solar-Grounding-Lugs.jpg",800,800,false],"1536x1536":["https:\/\/senyenergy.com\/wp-content\/uploads\/2025\/06\/Anodized-aluminum-Solar-Grounding-Lugs.jpg",800,800,false],"2048x2048":["https:\/\/senyenergy.com\/wp-content\/uploads\/2025\/06\/Anodized-aluminum-Solar-Grounding-Lugs.jpg",800,800,false],"trp-custom-language-flag":["https:\/\/senyenergy.com\/wp-content\/uploads\/2025\/06\/Anodized-aluminum-Solar-Grounding-Lugs-12x12.jpg",12,12,true],"woocommerce_thumbnail":["https:\/\/senyenergy.com\/wp-content\/uploads\/2025\/06\/Anodized-aluminum-Solar-Grounding-Lugs-300x300.jpg",300,300,true],"woocommerce_single":["https:\/\/senyenergy.com\/wp-content\/uploads\/2025\/06\/Anodized-aluminum-Solar-Grounding-Lugs-600x600.jpg",600,600,true],"woocommerce_gallery_thumbnail":["https:\/\/senyenergy.com\/wp-content\/uploads\/2025\/06\/Anodized-aluminum-Solar-Grounding-Lugs-100x100.jpg",100,100,true]},"uagb_author_info":{"display_name":"wp-admin","author_link":"https:\/\/senyenergy.com\/pt\/author\/"},"uagb_comment_info":0,"uagb_excerpt":"Solar PV grounding lug is used to mounted on the aluminum rail to hold the coppe!grounding wire. lt is important member of our earthing family,by using with other earthingcomponents, it make the solar PV systems grounding easy. Our whole solar grounding lug set is including washer, lay-in earthing lug, stainless steel bolt and stainless steel&hellip;","_links":{"self":[{"href":"https:\/\/senyenergy.com\/pt\/wp-json\/wp\/v2\/product\/2588","targetHints":{"allow":["GET"]}}],"collection":[{"href":"https:\/\/senyenergy.com\/pt\/wp-json\/wp\/v2\/product"}],"about":[{"href":"https:\/\/senyenergy.com\/pt\/wp-json\/wp\/v2\/types\/product"}],"wp:featuredmedia":[{"embeddable":true,"href":"https:\/\/senyenergy.com\/pt\/wp-json\/wp\/v2\/media\/2589"}],"wp:attachment":[{"href":"https:\/\/senyenergy.com\/pt\/wp-json\/wp\/v2\/media?parent=2588"}],"wp:term":[{"taxonomy":"product_brand","embeddable":true,"href":"https:\/\/senyenergy.com\/pt\/wp-json\/wp\/v2\/product_brand?post=2588"},{"taxonomy":"product_cat","embeddable":true,"href":"https:\/\/senyenergy.com\/pt\/wp-json\/wp\/v2\/product_cat?post=2588"},{"taxonomy":"product_tag","embeddable":true,"href":"https:\/\/senyenergy.com\/pt\/wp-json\/wp\/v2\/product_tag?post=2588"}],"curies":[{"name":"wp","href":"https:\/\/api.w.org\/{rel}","templated":true}]}}