{"id":2557,"date":"2025-06-09T12:52:32","date_gmt":"2025-06-09T04:52:32","guid":{"rendered":"https:\/\/senyenergy.com\/?post_type=product&#038;p=2557"},"modified":"2025-06-09T12:52:32","modified_gmt":"2025-06-09T04:52:32","slug":"porca-elastica-de-mola-com-esfera-para-perfil-de-aluminio","status":"publish","type":"product","link":"https:\/\/senyenergy.com\/pt\/product\/porca-elastica-de-mola-com-esfera-para-perfil-de-aluminio\/","title":{"rendered":"Porca el\u00e1stica de mola com esfera para perfil de alum\u00ednio"},"content":{"rendered":"<p>Uma porca el\u00e1stica de mola com uma esfera \u00e9 um fixador especializado concebido para proporcionar flexibilidade e estabilidade em v\u00e1rias aplica\u00e7\u00f5es.<\/p>\n<p>Estas porcas em T com carga de mola adaptam-se a todas as nossas ranhuras em V da s\u00e9rie 20\/30\/40\/45 e a outras extrus\u00f5es em T de alum\u00ednio com perfil 2020\/3030\/4040\/4545.<\/p>\n<p>Estes\u00a0<strong><b>Porca el\u00e1stica de mola com esfera<\/b><\/strong>\u00a0As porcas em T t\u00eam uma esfera com mola que impede o movimento indesejado da porca na ranhura. Isto permite a inser\u00e7\u00e3o de porcas na posi\u00e7\u00e3o vertical, uma vez que n\u00e3o deslizam devido \u00e0 gravidade.<\/p>\n<p>S\u00e3o altamente desej\u00e1veis para permitir a adi\u00e7\u00e3o de porcas em T num desenho pr\u00e9-constru\u00eddo.<\/p>\n<p>Estas porcas em T funcionam ao serem inclinadas e inseridas sob o rebordo da ranhura de extrus\u00e3o.<\/p>\n<p>&nbsp;<\/p>\n<p>Carater\u00edsticas de <strong><b>Porca el\u00e1stica de mola com esfera<\/b><\/strong>:<\/p>\n<p>Mecanismo de mola: Incorpora uma mola para permitir o movimento e o ajuste, acomodando altera\u00e7\u00f5es na tens\u00e3o ou na carga.<\/p>\n<p>Design da bola: A bola proporciona uma ader\u00eancia segura \u00e0 superf\u00edcie, aumentando a estabilidade e reduzindo o deslizamento.<\/p>\n<p>Variedade de materiais: Normalmente fabricados com materiais dur\u00e1veis, a\u00e7o carbono ou a\u00e7o inoxid\u00e1vel, asseguram longevidade e resist\u00eancia ao desgaste.<\/p>\n<p>Instala\u00e7\u00e3o f\u00e1cil: Concebida para uma instala\u00e7\u00e3o direta sem necessidade de ferramentas especializadas.<\/p>\n<p>Flexibilidade: O mecanismo de mola permite ajustes na tens\u00e3o, tornando-o ideal para aplica\u00e7\u00f5es din\u00e2micas.<\/p>\n<p>Fixa\u00e7\u00e3o segura: O desenho da bola ajuda a manter uma fixa\u00e7\u00e3o forte, reduzindo o risco de se soltar com o tempo.<\/p>\n<p>Resist\u00eancia \u00e0 corros\u00e3o: Dependendo do material, pode resistir a condi\u00e7\u00f5es ambientais adversas, tornando-o adequado para utiliza\u00e7\u00e3o no exterior.<\/p>\n<p>Aplica\u00e7\u00f5es vers\u00e1teis: Pode ser utilizado numa grande variedade de ambientes, desde aplica\u00e7\u00f5es autom\u00f3veis a aplica\u00e7\u00f5es industriais.<\/p>\n<p>&nbsp;<\/p>\n<p>Modelo: S\u00e9rie 20 \/30 \/40\/ 45 Porca em T com mola<\/p>\n<p>Tamanho da rosca:  M3\/ M4 \/ M5 \/ M6 \/ M8<\/p>\n<p>Material: A\u00e7o carbono ou a\u00e7o inoxid\u00e1vel<\/p>\n<p>Aplic\u00e1vel a perfis de alum\u00ednio das s\u00e9ries 20 \/30 \/40\/ 45<\/p>\n<p>&nbsp;<\/p>\n<p>Os conectores T-nut Spring\/Swivel\/Roll-in proporcionam uma fixa\u00e7\u00e3o segura, uma instala\u00e7\u00e3o f\u00e1cil e liga\u00e7\u00f5es fortes entre componentes. Obt\u00eam encaixes com mola, capacidade de rota\u00e7\u00e3o e inser\u00e7\u00e3o de roll-in sem esfor\u00e7o.<\/p>\n<p>O <strong><b>Porca el\u00e1stica de mola com esfera<\/b><\/strong>\u00a0\u00e9 um fixador vers\u00e1til que proporciona flexibilidade e fixa\u00e7\u00e3o segura em v\u00e1rias aplica\u00e7\u00f5es. O seu design torna-o adequado para ambientes din\u00e2micos onde a estabilidade \u00e9 crucial. Verifique os desenhos\/especifica\u00e7\u00f5es: Se poss\u00edvel, partilhe uma imagem ou um diagrama para confirmar.<\/p>\n<p>Se necessitar de n\u00fameros de pe\u00e7as ou de ajuda na procura de fontes, contacte-me!<\/p>","protected":false},"excerpt":{"rendered":"<p>Estas porcas em T com carga de mola adaptam-se a todas as nossas ranhuras em V da s\u00e9rie 20\/30\/40\/45 e a outras extrus\u00f5es em T de alum\u00ednio com perfil 2020\/3030\/4040\/4545.<br \/>\nEstas porcas em T t\u00eam uma esfera com mola que impede o movimento indesejado da porca na ranhura. Isto permite a inser\u00e7\u00e3o de porcas na posi\u00e7\u00e3o vertical, uma vez que n\u00e3o deslizam devido \u00e0 gravidade.<br \/>\nS\u00e3o altamente desej\u00e1veis para permitir a adi\u00e7\u00e3o de porcas em T num desenho pr\u00e9-constru\u00eddo.<br \/>\nEstas porcas em T funcionam ao serem inclinadas e inseridas sob o rebordo da ranhura de extrus\u00e3o.<\/p>\n<div class=\"wp-block-button popmake-1937\"><a class=\"wp-block-button__link wp-element-button\">verifica\u00e7\u00e3o de pre\u00e7os<\/a><\/div>","protected":false},"featured_media":2560,"template":"","meta":{"_uag_custom_page_level_css":"","site-sidebar-layout":"default","site-content-layout":"","ast-site-content-layout":"default","site-content-style":"default","site-sidebar-style":"default","ast-global-header-display":"","ast-banner-title-visibility":"","ast-main-header-display":"","ast-hfb-above-header-display":"","ast-hfb-below-header-display":"","ast-hfb-mobile-header-display":"","site-post-title":"","ast-breadcrumbs-content":"","ast-featured-img":"","footer-sml-layout":"","ast-disable-related-posts":"","theme-transparent-header-meta":"default","adv-header-id-meta":"","stick-header-meta":"","header-above-stick-meta":"","header-main-stick-meta":"","header-below-stick-meta":"","astra-migrate-meta-layouts":"set","ast-page-background-enabled":"default","ast-page-background-meta":{"desktop":{"background-color":"","background-image":"","background-repeat":"repeat","background-position":"center center","background-size":"auto","background-attachment":"scroll","background-type":"","background-media":"","overlay-type":"","overlay-color":"","overlay-opacity":"","overlay-gradient":""},"tablet":{"background-color":"","background-image":"","background-repeat":"repeat","background-position":"center center","background-size":"auto","background-attachment":"scroll","background-type":"","background-media":"","overlay-type":"","overlay-color":"","overlay-opacity":"","overlay-gradient":""},"mobile":{"background-color":"","background-image":"","background-repeat":"repeat","background-position":"center center","background-size":"auto","background-attachment":"scroll","background-type":"","background-media":"","overlay-type":"","overlay-color":"","overlay-opacity":"","overlay-gradient":""}},"ast-content-background-meta":{"desktop":{"background-color":"var(--ast-global-color-5)","background-image":"","background-repeat":"repeat","background-position":"center center","background-size":"auto","background-attachment":"scroll","background-type":"","background-media":"","overlay-type":"","overlay-color":"","overlay-opacity":"","overlay-gradient":""},"tablet":{"background-color":"var(--ast-global-color-5)","background-image":"","background-repeat":"repeat","background-position":"center center","background-size":"auto","background-attachment":"scroll","background-type":"","background-media":"","overlay-type":"","overlay-color":"","overlay-opacity":"","overlay-gradient":""},"mobile":{"background-color":"var(--ast-global-color-5)","background-image":"","background-repeat":"repeat","background-position":"center center","background-size":"auto","background-attachment":"scroll","background-type":"","background-media":"","overlay-type":"","overlay-color":"","overlay-opacity":"","overlay-gradient":""}}},"product_brand":[],"product_cat":[25,23,132],"product_tag":[187,180,186,182,55,120,188,34,65,183,177,178,181,185,184,179],"class_list":{"0":"post-2557","1":"product","2":"type-product","3":"status-publish","4":"has-post-thumbnail","6":"product_cat-excellent","7":"product_cat-solar-accessories","8":"product_cat-solar-mounting-components","9":"product_tag-aluminum-profile-nut","10":"product_tag-half-round-elasticity-slot-nut","11":"product_tag-rail-nut","12":"product_tag-roll-ball-elastic-nuts","13":"product_tag-solar-clamp","14":"product_tag-solar-energy","15":"product_tag-solar-nut","16":"product_tag-solar-panel","17":"product_tag-solar-pv-clip","18":"product_tag-solar-sliding-nut","19":"product_tag-spring-elastic-nut","20":"product_tag-spring-loaded-nut","21":"product_tag-spring-m4-t-nut","22":"product_tag-spring-swivel-roll-in-ball-nut","23":"product_tag-t-nut","24":"product_tag-t-spring-nut-roll-in","25":"desktop-align-left","26":"tablet-align-left","27":"mobile-align-left","29":"first","30":"instock","31":"shipping-taxable","32":"product-type-simple"},"spectra_custom_meta":{"_uabb_version":["1.36.1"],"_edit_last":["1"],"_edit_lock":["1749444697:1"],"_thumbnail_id":["2560"],"total_sales":["0"],"_tax_status":["taxable"],"_tax_class":[""],"_manage_stock":["no"],"_backorders":["no"],"_sold_individually":["no"],"_virtual":["no"],"_downloadable":["no"],"_download_limit":["-1"],"_download_expiry":["-1"],"_stock":[null],"_stock_status":["instock"],"_wc_average_rating":["0"],"_wc_review_count":["0"],"_product_version":["9.6.2"],"_product_image_gallery":["2559,2558,2562,2561"],"site-sidebar-layout":["default"],"ast-site-content-layout":["default"],"site-content-style":["default"],"site-sidebar-style":["default"],"theme-transparent-header-meta":["default"],"astra-migrate-meta-layouts":["set"],"_uag_page_assets":["a:9:{s:3:\"css\";s:5318:\".uag-blocks-common-selector{z-index:var(--z-index-desktop) !important}@media (max-width: 976px){.uag-blocks-common-selector{z-index:var(--z-index-tablet) !important}}@media (max-width: 767px){.uag-blocks-common-selector{z-index:var(--z-index-mobile) !important}}\n.wp-block-uagb-faq{width:100%}.wp-block-uagb-faq.uagb-faq-layout-accordion .uagb-faq-child__outer-wrap .uagb-faq-questions-button{cursor:pointer}.wp-block-uagb-faq .uagb-faq-content{margin-bottom:0}.wp-block-uagb-faq .uagb-faq-content p{margin:auto}.uagb-faq-layout-grid.uagb-faq-equal-height.uagb-faq__wrap .uagb-faq-child__outer-wrap,.uagb-faq-layout-grid.uagb-faq-equal-height.uagb-faq__wrap .uagb-faq-item{height:100%}body[class*=\"astra\"] .uagb-faq-questions{line-height:normal}.uagb-faq-item{overflow:hidden}\n.wp-block-uagb-faq-child .uagb-faq-questions-button{display:flex;align-items:center}.wp-block-uagb-faq-child .uagb-faq-questions-button .uagb-faq-icon-wrap{display:flex;align-items:center}.wp-block-uagb-faq-child .uagb-faq-questions-button .uagb-question{width:100%;margin-top:0;margin-bottom:0}.wp-block-uagb-faq-child .uagb-icon svg,.wp-block-uagb-faq-child .uagb-icon-active svg{width:15px;height:15px;font-size:15px}.wp-block-uagb-faq-child.uagb-faq-child__outer-wrap.uagb-faq-item .uagb-icon-active,.wp-block-uagb-faq-child.uagb-faq-child__outer-wrap.uagb-faq-item.uagb-faq-item-active .uagb-icon,.wp-block-uagb-faq-child.uagb-faq-child__outer-wrap .uagb-faq-item .uagb-icon-active,.wp-block-uagb-faq-child.uagb-faq-child__outer-wrap .uagb-faq-item.uagb-faq-item-active .uagb-icon{display:none;width:0;padding:0;height:0;margin:0}.wp-block-uagb-faq-child.uagb-faq-child__outer-wrap.uagb-faq-item .uagb-icon,.wp-block-uagb-faq-child.uagb-faq-child__outer-wrap.uagb-faq-item.uagb-faq-item-active .uagb-icon-active,.wp-block-uagb-faq-child.uagb-faq-child__outer-wrap .uagb-faq-item .uagb-icon,.wp-block-uagb-faq-child.uagb-faq-child__outer-wrap .uagb-faq-item.uagb-faq-item-active .uagb-icon-active{display:flex;width:auto;height:auto}.uagb-faq-layout-grid .uagb-faq-child__outer-wrap.uagb-faq-item .uagb-icon,.uagb-faq-layout-grid .uagb-faq-child__outer-wrap.uagb-faq-item.uagb-faq-item-active .uagb-icon-active,.uagb-faq-layout-grid .uagb-faq-child__outer-wrap .uagb-faq-item .uagb-icon,.uagb-faq-layout-grid .uagb-faq-child__outer-wrap .uagb-faq-item.uagb-faq-item-active .uagb-icon-active{display:none}.uagb-faq-layout-grid .uagb-faq-child__outer-wrap.uagb-faq-item span.uagb-icon-active.uagb-faq-icon-wrap,.uagb-faq-layout-grid .uagb-faq-child__outer-wrap.uagb-faq-item.uagb-faq-item-active .uagb-icon-active,.uagb-faq-layout-grid .uagb-faq-child__outer-wrap .uagb-faq-item span.uagb-icon-active.uagb-faq-icon-wrap,.uagb-faq-layout-grid .uagb-faq-child__outer-wrap .uagb-faq-item.uagb-faq-item-active .uagb-icon-active{display:none}\n.uagb-block-55b5edaf .uagb-icon svg{width: 12px;height: 12px;font-size: 12px;}.uagb-block-55b5edaf .uagb-icon-active svg{width: 12px;height: 12px;font-size: 12px;}.uagb-block-55b5edaf .uagb-faq-child__outer-wrap{margin-bottom: 10px;}.uagb-block-55b5edaf .uagb-faq-item{border-top-width: 1px;border-left-width: 1px;border-right-width: 1px;border-bottom-width: 1px;border-top-left-radius: 2px;border-top-right-radius: 2px;border-bottom-left-radius: 2px;border-bottom-right-radius: 2px;border-color: #1e1e1e;border-style: solid;}.uagb-block-55b5edaf .uagb-faq-questions-button{padding-top: 10px;padding-bottom: 10px;padding-right: 10px;padding-left: 10px;}.uagb-block-55b5edaf .uagb-faq-content{padding-top: 10px;padding-bottom: 10px;padding-right: 10px;padding-left: 10px;}.uagb-block-55b5edaf .uagb-faq-content span{margin-top: 10px;margin-bottom: 10px;margin-right: 10px;margin-left: 10px;}.uagb-block-55b5edaf.uagb-faq-icon-row .uagb-faq-item .uagb-faq-icon-wrap{margin-right: 10px;}.uagb-block-55b5edaf.uagb-faq-icon-row-reverse .uagb-faq-item .uagb-faq-icon-wrap{margin-left: 10px;}.uagb-block-55b5edaf .uagb-faq-item .uagb-faq-questions-button.uagb-faq-questions{flex-direction: row;}.uagb-block-55b5edaf .wp-block-uagb-faq-child.uagb-faq-child__outer-wrap .uagb-faq-content {display: none;}@media only screen and (max-width: 976px) {.uagb-block-55b5edaf.uagb-faq-icon-row .uagb-faq-item .uagb-faq-icon-wrap{margin-right: 10px;}.uagb-block-55b5edaf.uagb-faq-icon-row-reverse .uagb-faq-item .uagb-faq-icon-wrap{margin-left: 10px;}.uagb-block-55b5edaf .uagb-faq-questions-button{padding-top: 10px;padding-bottom: 10px;padding-right: 10px;padding-left: 10px;}.uagb-block-55b5edaf .uagb-faq-content{padding-top: 10px;padding-bottom: 10px;padding-right: 10px;padding-left: 10px;}.uagb-block-55b5edaf .uagb-faq-content span{margin-top: 10px;margin-bottom: 10px;margin-right: 10px;margin-left: 10px;}}@media only screen and (max-width: 767px) {.uagb-block-55b5edaf.uagb-faq-icon-row .uagb-faq-item .uagb-faq-icon-wrap{margin-right: 10px;}.uagb-block-55b5edaf.uagb-faq-icon-row-reverse .uagb-faq-item .uagb-faq-icon-wrap{margin-left: 10px;}.uagb-block-55b5edaf .uagb-faq-questions-button{padding-top: 10px;padding-bottom: 10px;padding-right: 10px;padding-left: 10px;}.uagb-block-55b5edaf .uagb-faq-content{padding-top: 10px;padding-bottom: 10px;padding-right: 10px;padding-left: 10px;}.uagb-block-55b5edaf .uagb-faq-content span{margin-top: 10px;margin-bottom: 10px;margin-right: 10px;margin-left: 10px;}}\";s:2:\"js\";s:0:\"\";s:18:\"current_block_list\";a:10:{i:0;s:11:\"core\/search\";i:1;s:10:\"core\/group\";i:2;s:12:\"core\/heading\";i:3;s:17:\"core\/latest-posts\";i:4;s:20:\"core\/latest-comments\";i:5;s:13:\"core\/archives\";i:6;s:15:\"core\/categories\";i:7;s:14:\"core\/paragraph\";i:8;s:8:\"uagb\/faq\";i:9;s:14:\"uagb\/faq-child\";}s:8:\"uag_flag\";b:1;s:11:\"uag_version\";s:10:\"1775829763\";s:6:\"gfonts\";a:0:{}s:10:\"gfonts_url\";s:0:\"\";s:12:\"gfonts_files\";a:0:{}s:14:\"uag_faq_layout\";b:1;}"],"_uag_css_file_name":["uag-css-2557.css"]},"uagb_featured_image_src":{"full":["https:\/\/senyenergy.com\/wp-content\/uploads\/2025\/06\/Spring-Elastic-Nut.jpg",800,800,false],"thumbnail":["https:\/\/senyenergy.com\/wp-content\/uploads\/2025\/06\/Spring-Elastic-Nut-150x150.jpg",150,150,true],"medium":["https:\/\/senyenergy.com\/wp-content\/uploads\/2025\/06\/Spring-Elastic-Nut-300x300.jpg",300,300,true],"medium_large":["https:\/\/senyenergy.com\/wp-content\/uploads\/2025\/06\/Spring-Elastic-Nut-768x768.jpg",768,768,true],"large":["https:\/\/senyenergy.com\/wp-content\/uploads\/2025\/06\/Spring-Elastic-Nut.jpg",800,800,false],"1536x1536":["https:\/\/senyenergy.com\/wp-content\/uploads\/2025\/06\/Spring-Elastic-Nut.jpg",800,800,false],"2048x2048":["https:\/\/senyenergy.com\/wp-content\/uploads\/2025\/06\/Spring-Elastic-Nut.jpg",800,800,false],"trp-custom-language-flag":["https:\/\/senyenergy.com\/wp-content\/uploads\/2025\/06\/Spring-Elastic-Nut-12x12.jpg",12,12,true],"woocommerce_thumbnail":["https:\/\/senyenergy.com\/wp-content\/uploads\/2025\/06\/Spring-Elastic-Nut-300x300.jpg",300,300,true],"woocommerce_single":["https:\/\/senyenergy.com\/wp-content\/uploads\/2025\/06\/Spring-Elastic-Nut-600x600.jpg",600,600,true],"woocommerce_gallery_thumbnail":["https:\/\/senyenergy.com\/wp-content\/uploads\/2025\/06\/Spring-Elastic-Nut-100x100.jpg",100,100,true]},"uagb_author_info":{"display_name":"wp-admin","author_link":"https:\/\/senyenergy.com\/pt\/author\/"},"uagb_comment_info":0,"uagb_excerpt":"These Spring Loaded T-Nuts fit all our 20\/30\/40\/45 series V-Slot and other 2020\/3030\/4040\/4545 profile aluminum T-Slot extrusion. These Tee Nuts have a spring loaded ball that prevents unwanted movement of the nut in the slot. This allows for inserting nuts in the vertical position as they will not slide from gravity. They are highly desirable&hellip;","_links":{"self":[{"href":"https:\/\/senyenergy.com\/pt\/wp-json\/wp\/v2\/product\/2557","targetHints":{"allow":["GET"]}}],"collection":[{"href":"https:\/\/senyenergy.com\/pt\/wp-json\/wp\/v2\/product"}],"about":[{"href":"https:\/\/senyenergy.com\/pt\/wp-json\/wp\/v2\/types\/product"}],"wp:featuredmedia":[{"embeddable":true,"href":"https:\/\/senyenergy.com\/pt\/wp-json\/wp\/v2\/media\/2560"}],"wp:attachment":[{"href":"https:\/\/senyenergy.com\/pt\/wp-json\/wp\/v2\/media?parent=2557"}],"wp:term":[{"taxonomy":"product_brand","embeddable":true,"href":"https:\/\/senyenergy.com\/pt\/wp-json\/wp\/v2\/product_brand?post=2557"},{"taxonomy":"product_cat","embeddable":true,"href":"https:\/\/senyenergy.com\/pt\/wp-json\/wp\/v2\/product_cat?post=2557"},{"taxonomy":"product_tag","embeddable":true,"href":"https:\/\/senyenergy.com\/pt\/wp-json\/wp\/v2\/product_tag?post=2557"}],"curies":[{"name":"wp","href":"https:\/\/api.w.org\/{rel}","templated":true}]}}