{"id":2550,"date":"2025-06-09T11:13:08","date_gmt":"2025-06-09T03:13:08","guid":{"rendered":"https:\/\/senyenergy.com\/?post_type=product&#038;p=2550"},"modified":"2025-07-13T10:58:54","modified_gmt":"2025-07-13T02:58:54","slug":"abracadeiras-metalicas-solares-em-aco-inoxidavel-com-fecho-automatico","status":"publish","type":"product","link":"https:\/\/senyenergy.com\/pt\/product\/abracadeiras-metalicas-solares-em-aco-inoxidavel-com-fecho-automatico\/","title":{"rendered":"Abra\u00e7adeiras solares em a\u00e7o inoxid\u00e1vel com fecho autom\u00e1tico"},"content":{"rendered":"<p>Todos os 304 <strong><b>Abra\u00e7adeiras de a\u00e7o inoxid\u00e1vel com fecho autom\u00e1tico<\/b><\/strong>\u00a0Constru\u00e7\u00e3o em compara\u00e7\u00e3o com os tradicionais la\u00e7os de nylon zip, Metal Zip Ties t\u00eam custos de fabrica\u00e7\u00e3o mais caros, mas, obviamente, melhor desempenho. tem maior resist\u00eancia \u00e0 tra\u00e7\u00e3o, abrasividade e pode suportar a corros\u00e3o, n\u00e3o \u00e9 f\u00e1cil de obter o envelhecimento e deforma\u00e7\u00e3o, pode ser usado sob alta temperatura para algumas aplica\u00e7\u00f5es especiais, tais como envolt\u00f3rio de escape autom\u00e1tico...<\/p>\n<p>&nbsp;<\/p>\n<p>Carater\u00edsticas de <strong><b>Abra\u00e7adeiras de a\u00e7o inoxid\u00e1vel com fecho autom\u00e1tico<\/b><\/strong>:<\/p>\n<p>Resist\u00eancia \u00e0 corros\u00e3o: Fabricado em a\u00e7o inoxid\u00e1vel de alta qualidade, oferece resist\u00eancia \u00e0 ferrugem e \u00e0 corros\u00e3o, tornando-o adequado para ambientes exteriores e agressivos.<\/p>\n<p>Elevada resist\u00eancia \u00e0 tra\u00e7\u00e3o: Concebida para suportar cargas e tens\u00f5es elevadas, garantindo um desempenho fi\u00e1vel em condi\u00e7\u00f5es exigentes.<\/p>\n<p>Resist\u00eancia \u00e0 temperatura: Podem suportar temperaturas extremas, o que os torna ideais para aplica\u00e7\u00f5es a altas e baixas temperaturas.<\/p>\n<p>Variedade de tamanhos: Dispon\u00edvel em v\u00e1rios comprimentos e larguras para acomodar diferentes tamanhos de cabos e aplica\u00e7\u00f5es.<\/p>\n<p>Durabilidade: Desempenho de longa dura\u00e7\u00e3o em compara\u00e7\u00e3o com as abra\u00e7adeiras de pl\u00e1stico, especialmente em ambientes exigentes.<\/p>\n<p>Seguran\u00e7a: Proporciona uma fixa\u00e7\u00e3o segura que n\u00e3o se afrouxa com o tempo, reduzindo o risco de desconex\u00f5es acidentais.<\/p>\n<p>Versatilidade: Adequado para uma vasta gama de aplica\u00e7\u00f5es, desde ambientes industriais at\u00e9 \u00e0 utiliza\u00e7\u00e3o dom\u00e9stica.<\/p>\n<p>Amigo do ambiente: O a\u00e7o inoxid\u00e1vel \u00e9 recicl\u00e1vel, o que faz destas gravatas uma op\u00e7\u00e3o mais amiga do ambiente.<\/p>\n<p>&nbsp;<\/p>\n<p>Comprimento: 300 mm \/ 11,8 polegadas (padr\u00e3o\uff09 suporte150-1200mm ou personalizado<\/p>\n<p>Largura: 4,6 mm \/ 0,18 polegadas (padr\u00e3o\uff09 suporte4,6 \/ 7,9 \/ 10\/12\/16 mm<\/p>\n<p>Espessura: 0,25 mm\/0,01 polegadas (padr\u00e3o\uff09<\/p>\n<p>50\/100 unidades de fechos de correr met\u00e1licos embalados em sacos selados<\/p>\n<p>&nbsp;<\/p>\n<p>Utiliza\u00e7\u00f5es comuns de <strong><b>Abra\u00e7adeiras de a\u00e7o inoxid\u00e1vel com fecho autom\u00e1tico<\/b><\/strong>:<\/p>\n<p>Eletricidade e telecomunica\u00e7\u00f5es: Organiza\u00e7\u00e3o e fixa\u00e7\u00e3o de cabos em centros de dados, instala\u00e7\u00f5es de telecomunica\u00e7\u00f5es e pain\u00e9is el\u00e9ctricos.<\/p>\n<p>Constru\u00e7\u00e3o e fabrico: Utilizado para agrupar e fixar materiais, tubos e fios em estaleiros de constru\u00e7\u00e3o e f\u00e1bricas.<\/p>\n<p>Transporte: Utilizado nas ind\u00fastrias autom\u00f3vel e aeroespacial para fixar componentes e cablagens.<\/p>\n<p>Sistemas HVAC: Ideal para fixar condutas, tubagens e cablagem el\u00e9ctrica em sistemas de aquecimento, ventila\u00e7\u00e3o e ar condicionado.<\/p>\n<p>&nbsp;<\/p>\n<p>As abra\u00e7adeiras met\u00e1licas de a\u00e7o inoxid\u00e1vel \u00e0 prova de fogo de grau 304 oferecem uma melhor prote\u00e7\u00e3o aos seus pertences em compara\u00e7\u00e3o com as abra\u00e7adeiras de pl\u00e1stico comuns, proporcionando prote\u00e7\u00e3o quando utilizadas em ambientes corrosivos e temperaturas extremas<\/p>\n<p>Este fecho de correr resistente <strong><b>Abra\u00e7adeiras de a\u00e7o inoxid\u00e1vel<\/b><\/strong>\u00a0Possui mecanismo de rolamento de esferas de bloqueio autom\u00e1tico, que assegura uma resist\u00eancia \u00e0 tra\u00e7\u00e3o m\u00ednima de 200 LBS e uma inser\u00e7\u00e3o f\u00e1cil ao fixar mangueiras, cabos, tubos e muito mais<\/p>\n<p>Os cantos arredondados e a superf\u00edcie lisa tornam estas abra\u00e7adeiras f\u00e1ceis de manusear, a cabe\u00e7a totalmente fechada n\u00e3o permite que a sujidade ou a areia interfira com o mecanismo de bloqueio<\/p>\n<p>Elevada resist\u00eancia \u00e0 tra\u00e7\u00e3o para uma maior fiabilidade e seguran\u00e7a em aplica\u00e7\u00f5es pesadas, tais como revestimento de escapes, veda\u00e7\u00f5es, refor\u00e7o de toldos, trabalho no exterior e industrial<\/p>\n<p>&nbsp;<\/p>","protected":false},"excerpt":{"rendered":"<p>As abra\u00e7adeiras met\u00e1licas de a\u00e7o inoxid\u00e1vel \u00e0 prova de fogo de grau 304 oferecem uma melhor prote\u00e7\u00e3o aos seus pertences em compara\u00e7\u00e3o com as abra\u00e7adeiras de pl\u00e1stico comuns, proporcionando prote\u00e7\u00e3o quando utilizadas em ambientes corrosivos e temperaturas extremas<br \/>\nEstes fechos de correr para trabalhos pesados possuem um mecanismo de bloqueio autom\u00e1tico com rolamento de esferas, que assegura uma resist\u00eancia \u00e0 tra\u00e7\u00e3o m\u00ednima de 200 LBS e uma inser\u00e7\u00e3o f\u00e1cil ao fixar mangueiras, cabos, tubos e muito mais<br \/>\nOs cantos arredondados e a superf\u00edcie lisa tornam estas abra\u00e7adeiras f\u00e1ceis de manusear, a cabe\u00e7a totalmente fechada n\u00e3o permite que a sujidade ou a areia interfira com o mecanismo de bloqueio<br \/>\nElevada resist\u00eancia \u00e0 tra\u00e7\u00e3o para uma maior fiabilidade e seguran\u00e7a em aplica\u00e7\u00f5es pesadas, tais como revestimento de escapes, veda\u00e7\u00f5es, refor\u00e7o de toldos, trabalho no exterior e industrial<\/p>\n<div class=\"wp-block-button popmake-1937\"><a class=\"wp-block-button__link wp-element-button\">verifica\u00e7\u00e3o de pre\u00e7os<\/a><\/div>","protected":false},"featured_media":2552,"template":"","meta":{"_uag_custom_page_level_css":"","site-sidebar-layout":"default","site-content-layout":"","ast-site-content-layout":"default","site-content-style":"default","site-sidebar-style":"default","ast-global-header-display":"","ast-banner-title-visibility":"","ast-main-header-display":"","ast-hfb-above-header-display":"","ast-hfb-below-header-display":"","ast-hfb-mobile-header-display":"","site-post-title":"","ast-breadcrumbs-content":"","ast-featured-img":"","footer-sml-layout":"","ast-disable-related-posts":"","theme-transparent-header-meta":"default","adv-header-id-meta":"","stick-header-meta":"","header-above-stick-meta":"","header-main-stick-meta":"","header-below-stick-meta":"","astra-migrate-meta-layouts":"set","ast-page-background-enabled":"default","ast-page-background-meta":{"desktop":{"background-color":"","background-image":"","background-repeat":"repeat","background-position":"center center","background-size":"auto","background-attachment":"scroll","background-type":"","background-media":"","overlay-type":"","overlay-color":"","overlay-opacity":"","overlay-gradient":""},"tablet":{"background-color":"","background-image":"","background-repeat":"repeat","background-position":"center center","background-size":"auto","background-attachment":"scroll","background-type":"","background-media":"","overlay-type":"","overlay-color":"","overlay-opacity":"","overlay-gradient":""},"mobile":{"background-color":"","background-image":"","background-repeat":"repeat","background-position":"center center","background-size":"auto","background-attachment":"scroll","background-type":"","background-media":"","overlay-type":"","overlay-color":"","overlay-opacity":"","overlay-gradient":""}},"ast-content-background-meta":{"desktop":{"background-color":"var(--ast-global-color-5)","background-image":"","background-repeat":"repeat","background-position":"center center","background-size":"auto","background-attachment":"scroll","background-type":"","background-media":"","overlay-type":"","overlay-color":"","overlay-opacity":"","overlay-gradient":""},"tablet":{"background-color":"var(--ast-global-color-5)","background-image":"","background-repeat":"repeat","background-position":"center center","background-size":"auto","background-attachment":"scroll","background-type":"","background-media":"","overlay-type":"","overlay-color":"","overlay-opacity":"","overlay-gradient":""},"mobile":{"background-color":"var(--ast-global-color-5)","background-image":"","background-repeat":"repeat","background-position":"center center","background-size":"auto","background-attachment":"scroll","background-type":"","background-media":"","overlay-type":"","overlay-color":"","overlay-opacity":"","overlay-gradient":""}}},"product_brand":[],"product_cat":[25,23,132,33],"product_tag":[171,173,169,174,168,34,36,65,119,170,175,172,176],"class_list":{"0":"post-2550","1":"product","2":"type-product","3":"status-publish","4":"has-post-thumbnail","6":"product_cat-excellent","7":"product_cat-solar-accessories","8":"product_cat-solar-mounting-components","9":"product_cat-solar-panel-accessories","10":"product_tag-cable-ties","11":"product_tag-cable-ties-metal","12":"product_tag-metal-cable-ties","13":"product_tag-metal-zip-tie","14":"product_tag-solar-cable-ties","15":"product_tag-solar-panel","16":"product_tag-solar-panel-clip","17":"product_tag-solar-pv-clip","18":"product_tag-solar-system","19":"product_tag-stainless-steel-metal-cable-ties","20":"product_tag-stainless-steel-zip","21":"product_tag-wire-cable-ties","22":"product_tag-zip-ties","23":"desktop-align-left","24":"tablet-align-left","25":"mobile-align-left","27":"first","28":"instock","29":"shipping-taxable","30":"product-type-simple"},"spectra_custom_meta":{"_uabb_version":["1.36.1"],"_edit_last":["1"],"_edit_lock":["1752375513:1"],"_thumbnail_id":["2552"],"total_sales":["0"],"_tax_status":["taxable"],"_tax_class":[""],"_manage_stock":["no"],"_backorders":["no"],"_sold_individually":["no"],"_virtual":["no"],"_downloadable":["no"],"_download_limit":["-1"],"_download_expiry":["-1"],"_stock":[null],"_stock_status":["instock"],"_wc_average_rating":["0"],"_wc_review_count":["0"],"_product_version":["9.6.2"],"_product_image_gallery":["2554,2551,2556,2555,2553"],"site-sidebar-layout":["default"],"ast-site-content-layout":["default"],"site-content-style":["default"],"site-sidebar-style":["default"],"theme-transparent-header-meta":["default"],"astra-migrate-meta-layouts":["set"],"_uag_css_file_name":["uag-css-2550.css"],"_uag_page_assets":["a:9:{s:3:\"css\";s:5311:\".uag-blocks-common-selector{z-index:var(--z-index-desktop) !important}@media(max-width: 976px){.uag-blocks-common-selector{z-index:var(--z-index-tablet) !important}}@media(max-width: 767px){.uag-blocks-common-selector{z-index:var(--z-index-mobile) !important}}.wp-block-uagb-faq{width:100%}.wp-block-uagb-faq.uagb-faq-layout-accordion .uagb-faq-child__outer-wrap .uagb-faq-questions-button{cursor:pointer}.wp-block-uagb-faq .uagb-faq-content{margin-bottom:0}.wp-block-uagb-faq .uagb-faq-content p{margin:auto}.uagb-faq-layout-grid.uagb-faq-equal-height.uagb-faq__wrap .uagb-faq-child__outer-wrap,.uagb-faq-layout-grid.uagb-faq-equal-height.uagb-faq__wrap .uagb-faq-item{height:100%}body[class*=astra] .uagb-faq-questions{line-height:normal}.uagb-faq-item{overflow:hidden}.wp-block-uagb-faq-child .uagb-faq-questions-button{display:flex;align-items:center}.wp-block-uagb-faq-child .uagb-faq-questions-button .uagb-faq-icon-wrap{display:flex;align-items:center}.wp-block-uagb-faq-child .uagb-faq-questions-button .uagb-question{width:100%;margin-top:0;margin-bottom:0}.wp-block-uagb-faq-child .uagb-icon svg,.wp-block-uagb-faq-child .uagb-icon-active svg{width:15px;height:15px;font-size:15px}.wp-block-uagb-faq-child.uagb-faq-child__outer-wrap.uagb-faq-item .uagb-icon-active,.wp-block-uagb-faq-child.uagb-faq-child__outer-wrap.uagb-faq-item.uagb-faq-item-active .uagb-icon,.wp-block-uagb-faq-child.uagb-faq-child__outer-wrap .uagb-faq-item .uagb-icon-active,.wp-block-uagb-faq-child.uagb-faq-child__outer-wrap .uagb-faq-item.uagb-faq-item-active .uagb-icon{display:none;width:0;padding:0;height:0;margin:0}.wp-block-uagb-faq-child.uagb-faq-child__outer-wrap.uagb-faq-item .uagb-icon,.wp-block-uagb-faq-child.uagb-faq-child__outer-wrap.uagb-faq-item.uagb-faq-item-active .uagb-icon-active,.wp-block-uagb-faq-child.uagb-faq-child__outer-wrap .uagb-faq-item .uagb-icon,.wp-block-uagb-faq-child.uagb-faq-child__outer-wrap .uagb-faq-item.uagb-faq-item-active .uagb-icon-active{display:flex;width:auto;height:auto}.uagb-faq-layout-grid .uagb-faq-child__outer-wrap.uagb-faq-item .uagb-icon,.uagb-faq-layout-grid .uagb-faq-child__outer-wrap.uagb-faq-item.uagb-faq-item-active .uagb-icon-active,.uagb-faq-layout-grid .uagb-faq-child__outer-wrap .uagb-faq-item .uagb-icon,.uagb-faq-layout-grid .uagb-faq-child__outer-wrap .uagb-faq-item.uagb-faq-item-active .uagb-icon-active{display:none}.uagb-faq-layout-grid .uagb-faq-child__outer-wrap.uagb-faq-item span.uagb-icon-active.uagb-faq-icon-wrap,.uagb-faq-layout-grid .uagb-faq-child__outer-wrap.uagb-faq-item.uagb-faq-item-active .uagb-icon-active,.uagb-faq-layout-grid .uagb-faq-child__outer-wrap .uagb-faq-item span.uagb-icon-active.uagb-faq-icon-wrap,.uagb-faq-layout-grid .uagb-faq-child__outer-wrap .uagb-faq-item.uagb-faq-item-active .uagb-icon-active{display:none}.uagb-block-55b5edaf .uagb-icon svg{width: 12px;height: 12px;font-size: 12px;}.uagb-block-55b5edaf .uagb-icon-active svg{width: 12px;height: 12px;font-size: 12px;}.uagb-block-55b5edaf .uagb-faq-child__outer-wrap{margin-bottom: 10px;}.uagb-block-55b5edaf .uagb-faq-item{border-top-width: 1px;border-left-width: 1px;border-right-width: 1px;border-bottom-width: 1px;border-top-left-radius: 2px;border-top-right-radius: 2px;border-bottom-left-radius: 2px;border-bottom-right-radius: 2px;border-color: #1e1e1e;border-style: solid;}.uagb-block-55b5edaf .uagb-faq-questions-button{padding-top: 10px;padding-bottom: 10px;padding-right: 10px;padding-left: 10px;}.uagb-block-55b5edaf .uagb-faq-content{padding-top: 10px;padding-bottom: 10px;padding-right: 10px;padding-left: 10px;}.uagb-block-55b5edaf .uagb-faq-content span{margin-top: 10px;margin-bottom: 10px;margin-right: 10px;margin-left: 10px;}.uagb-block-55b5edaf.uagb-faq-icon-row .uagb-faq-item .uagb-faq-icon-wrap{margin-right: 10px;}.uagb-block-55b5edaf.uagb-faq-icon-row-reverse .uagb-faq-item .uagb-faq-icon-wrap{margin-left: 10px;}.uagb-block-55b5edaf .uagb-faq-item .uagb-faq-questions-button.uagb-faq-questions{flex-direction: row;}.uagb-block-55b5edaf .wp-block-uagb-faq-child.uagb-faq-child__outer-wrap .uagb-faq-content {display: none;}@media only screen and (max-width: 976px) {.uagb-block-55b5edaf.uagb-faq-icon-row .uagb-faq-item .uagb-faq-icon-wrap{margin-right: 10px;}.uagb-block-55b5edaf.uagb-faq-icon-row-reverse .uagb-faq-item .uagb-faq-icon-wrap{margin-left: 10px;}.uagb-block-55b5edaf .uagb-faq-questions-button{padding-top: 10px;padding-bottom: 10px;padding-right: 10px;padding-left: 10px;}.uagb-block-55b5edaf .uagb-faq-content{padding-top: 10px;padding-bottom: 10px;padding-right: 10px;padding-left: 10px;}.uagb-block-55b5edaf .uagb-faq-content span{margin-top: 10px;margin-bottom: 10px;margin-right: 10px;margin-left: 10px;}}@media only screen and (max-width: 767px) {.uagb-block-55b5edaf.uagb-faq-icon-row .uagb-faq-item .uagb-faq-icon-wrap{margin-right: 10px;}.uagb-block-55b5edaf.uagb-faq-icon-row-reverse .uagb-faq-item .uagb-faq-icon-wrap{margin-left: 10px;}.uagb-block-55b5edaf .uagb-faq-questions-button{padding-top: 10px;padding-bottom: 10px;padding-right: 10px;padding-left: 10px;}.uagb-block-55b5edaf .uagb-faq-content{padding-top: 10px;padding-bottom: 10px;padding-right: 10px;padding-left: 10px;}.uagb-block-55b5edaf .uagb-faq-content span{margin-top: 10px;margin-bottom: 10px;margin-right: 10px;margin-left: 10px;}}\";s:2:\"js\";s:0:\"\";s:18:\"current_block_list\";a:10:{i:0;s:11:\"core\/search\";i:1;s:10:\"core\/group\";i:2;s:12:\"core\/heading\";i:3;s:17:\"core\/latest-posts\";i:4;s:20:\"core\/latest-comments\";i:5;s:13:\"core\/archives\";i:6;s:15:\"core\/categories\";i:7;s:14:\"core\/paragraph\";i:8;s:8:\"uagb\/faq\";i:9;s:14:\"uagb\/faq-child\";}s:8:\"uag_flag\";b:1;s:11:\"uag_version\";s:10:\"1777556832\";s:6:\"gfonts\";a:0:{}s:10:\"gfonts_url\";s:0:\"\";s:12:\"gfonts_files\";a:0:{}s:14:\"uag_faq_layout\";b:1;}"]},"uagb_featured_image_src":{"full":["https:\/\/senyenergy.com\/wp-content\/uploads\/2025\/06\/Stainless-Steel-Metal-Cable-Ties.jpg",800,800,false],"thumbnail":["https:\/\/senyenergy.com\/wp-content\/uploads\/2025\/06\/Stainless-Steel-Metal-Cable-Ties-150x150.jpg",150,150,true],"medium":["https:\/\/senyenergy.com\/wp-content\/uploads\/2025\/06\/Stainless-Steel-Metal-Cable-Ties-300x300.jpg",300,300,true],"medium_large":["https:\/\/senyenergy.com\/wp-content\/uploads\/2025\/06\/Stainless-Steel-Metal-Cable-Ties-768x768.jpg",768,768,true],"large":["https:\/\/senyenergy.com\/wp-content\/uploads\/2025\/06\/Stainless-Steel-Metal-Cable-Ties.jpg",800,800,false],"1536x1536":["https:\/\/senyenergy.com\/wp-content\/uploads\/2025\/06\/Stainless-Steel-Metal-Cable-Ties.jpg",800,800,false],"2048x2048":["https:\/\/senyenergy.com\/wp-content\/uploads\/2025\/06\/Stainless-Steel-Metal-Cable-Ties.jpg",800,800,false],"trp-custom-language-flag":["https:\/\/senyenergy.com\/wp-content\/uploads\/2025\/06\/Stainless-Steel-Metal-Cable-Ties-12x12.jpg",12,12,true],"woocommerce_thumbnail":["https:\/\/senyenergy.com\/wp-content\/uploads\/2025\/06\/Stainless-Steel-Metal-Cable-Ties-300x300.jpg",300,300,true],"woocommerce_single":["https:\/\/senyenergy.com\/wp-content\/uploads\/2025\/06\/Stainless-Steel-Metal-Cable-Ties-600x600.jpg",600,600,true],"woocommerce_gallery_thumbnail":["https:\/\/senyenergy.com\/wp-content\/uploads\/2025\/06\/Stainless-Steel-Metal-Cable-Ties-100x100.jpg",100,100,true]},"uagb_author_info":{"display_name":"wp-admin","author_link":"https:\/\/senyenergy.com\/pt\/author\/"},"uagb_comment_info":0,"uagb_excerpt":"304 grade fire proof stainless steel metal zip ties offer better protection to your belongs compared to ordinary plastic ties, providing protection when used in corrosive environments and extreme temperature This heavy duty zip ties features Self locking, ball bearing mechanism, which assures 200 LBS min tensile strength and easy insertion when securing hoses, cables,&hellip;","_links":{"self":[{"href":"https:\/\/senyenergy.com\/pt\/wp-json\/wp\/v2\/product\/2550","targetHints":{"allow":["GET"]}}],"collection":[{"href":"https:\/\/senyenergy.com\/pt\/wp-json\/wp\/v2\/product"}],"about":[{"href":"https:\/\/senyenergy.com\/pt\/wp-json\/wp\/v2\/types\/product"}],"wp:featuredmedia":[{"embeddable":true,"href":"https:\/\/senyenergy.com\/pt\/wp-json\/wp\/v2\/media\/2552"}],"wp:attachment":[{"href":"https:\/\/senyenergy.com\/pt\/wp-json\/wp\/v2\/media?parent=2550"}],"wp:term":[{"taxonomy":"product_brand","embeddable":true,"href":"https:\/\/senyenergy.com\/pt\/wp-json\/wp\/v2\/product_brand?post=2550"},{"taxonomy":"product_cat","embeddable":true,"href":"https:\/\/senyenergy.com\/pt\/wp-json\/wp\/v2\/product_cat?post=2550"},{"taxonomy":"product_tag","embeddable":true,"href":"https:\/\/senyenergy.com\/pt\/wp-json\/wp\/v2\/product_tag?post=2550"}],"curies":[{"name":"wp","href":"https:\/\/api.w.org\/{rel}","templated":true}]}}