{"id":2544,"date":"2025-06-06T15:56:25","date_gmt":"2025-06-06T07:56:25","guid":{"rendered":"https:\/\/senyenergy.com\/?post_type=product&#038;p=2544"},"modified":"2025-06-06T15:56:26","modified_gmt":"2025-06-06T07:56:26","slug":"sistema-de-montagem-de-grampos-solares-klip-lok-700","status":"publish","type":"product","link":"https:\/\/senyenergy.com\/pt\/product\/sistema-de-montagem-de-grampos-solares-klip-lok-700\/","title":{"rendered":"Sistema de montagem de bra\u00e7adeiras Solar Klip Lok 700"},"content":{"rendered":"<p>O <strong>Solar Klip Lok 700 Montagem de bra\u00e7adeiras<\/strong> O sistema foi concebido para fixar de forma segura os pain\u00e9is solares aos telhados met\u00e1licos com nervuras trapezoidais Klip Lok 700 - um perfil popular na Austr\u00e1lia, Nova Zel\u00e2ndia, pa\u00edses do Sudeste Asi\u00e1tico, etc. Ao contr\u00e1rio dos telhados com costuras de p\u00e9, o Klip Lok 700 tem uma forma distinta de nervura trapezoidal, exigindo grampos especializados para instala\u00e7\u00f5es n\u00e3o penetrantes e seguras em termos de garantia.<\/p>\n<p>&nbsp;<\/p>\n<p>O <strong>Fixa\u00e7\u00e3o por grampo Solar Klip Lok 700<\/strong> O sistema \u00e9 uma bra\u00e7adeira com base em carris para instala\u00e7\u00e3o solar em telhados met\u00e1licos de jun\u00e7\u00e3o permanente para coberturas Lysaght Klip-lok, especificamente fabricada para coberturas met\u00e1licas de jun\u00e7\u00e3o permanente Lysaght Klip-lok 700 com dimens\u00f5es semelhantes. A bra\u00e7adeira mant\u00e9m a eleg\u00e2ncia do seu telhado de metal com junta de p\u00e9 sem danificar o material da cobertura. Nenhum dano \u00e9 igual a nenhuma penetra\u00e7\u00e3o, o que significa que \u00e9 \u00e0 prova de intemp\u00e9ries para o telhado, garantindo assim uma vida \u00fatil mais longa. E tamb\u00e9m garante que deve ser montado no telhado com perman\u00eancia e durabilidade. \u00c9 simplesmente compat\u00edvel com o sistema de montagem de p\u00e9s em L para tornar o sistema mais forte e robusto. A instala\u00e7\u00e3o \u00e9 t\u00e3o simples como colocar a bra\u00e7adeira na costura e apertar o parafuso de fixa\u00e7\u00e3o com a tens\u00e3o especificada para atingir a for\u00e7a m\u00e1xima de fixa\u00e7\u00e3o.<\/p>\n<p>&nbsp;<\/p>\n<p>Carater\u00edsticas de <strong>Fixa\u00e7\u00e3o por grampo Solar Klip Lok 700<\/strong>:<\/p>\n<p>Compatibilidade de costura: Adaptado aos perfis de tejadilho Klip Lok 700, assegurando uma fixa\u00e7\u00e3o segura e est\u00e1vel.<\/p>\n<p>Design n\u00e3o penetrante: Fixa-se \u00e0s costuras do telhado sem as penetrar, evitando fugas e protegendo o telhado.<\/p>\n<p>Constru\u00e7\u00e3o duradoura: Fabricado com materiais de alta qualidade e resistentes \u00e0 corros\u00e3o, alum\u00ednio e a\u00e7o inoxid\u00e1vel.<\/p>\n<p>Preven\u00e7\u00e3o de fugas: Reduz o risco de infiltra\u00e7\u00e3o de \u00e1gua, mantendo a integridade do telhado.<\/p>\n<p>F\u00e1cil compatibilidade com o sistema de montagem de p\u00e9s em L para fazer a instala\u00e7\u00e3o de retrato e paisagem est\u00e3o dispon\u00edveis para pain\u00e9is solares.<\/p>\n<p>Instala\u00e7\u00e3o r\u00e1pida: Concebida para uma instala\u00e7\u00e3o f\u00e1cil e r\u00e1pida, reduzindo os custos de m\u00e3o de obra e o tempo.<\/p>\n<p>&nbsp;<\/p>\n<p>Al\u00e9m disso, tamb\u00e9m temos a solu\u00e7\u00e3o de bra\u00e7adeira sem calha Klip Lok 700, que \u00e9 uma montagem sem calha para instala\u00e7\u00e3o fotovoltaica em telhados met\u00e1licos de costura permanente para telhados Lysaght Klip-lok, especificamente fabricada para telhados met\u00e1licos de costura Lysaght Klip-lok 700 com dimens\u00f5es semelhantes. A montagem em paisagem sem calhas com apenas 3 componentes \u00e9 conseguida com os nossos grampos universais. A bra\u00e7adeira mant\u00e9m a eleg\u00e2ncia do seu telhado de jun\u00e7\u00e3o permanente sem penetra\u00e7\u00e3o no material do telhado. A aus\u00eancia de penetra\u00e7\u00e3o significa que o telhado \u00e9 resistente \u00e0s intemp\u00e9ries para garantir uma vida \u00fatil mais longa. E tamb\u00e9m garante que deve ser montado no telhado com perman\u00eancia e durabilidade. N\u00famero m\u00ednimo de componentes e dois parafusos de fixa\u00e7\u00e3o pr\u00e9-montados para uma instala\u00e7\u00e3o super r\u00e1pida.<\/p>\n<p>&nbsp;<\/p>\n<p>O <strong>Fixa\u00e7\u00e3o por grampo Solar Klip Lok 700<\/strong> proporciona uma solu\u00e7\u00e3o fi\u00e1vel e eficiente para a montagem de pain\u00e9is solares em telhados Klip Lok. O seu design dur\u00e1vel e a facilidade de instala\u00e7\u00e3o fazem dele uma excelente escolha para a montagem de pain\u00e9is solares em telhados Klip-lok da Lysaght.<\/p>\n<p>Precisa de contactos de fornecedores ou de guias de instala\u00e7\u00e3o? Diga-me a localiza\u00e7\u00e3o do seu projeto!<\/p>","protected":false},"excerpt":{"rendered":"<p>O sistema de montagem da bra\u00e7adeira Solar Klip Lok 700 \u00e9 uma bra\u00e7adeira com base em carris para a instala\u00e7\u00e3o solar em telhados met\u00e1licos de jun\u00e7\u00e3o permanente para coberturas Lysaght Klip-lok, especificamente concebida para coberturas met\u00e1licas de jun\u00e7\u00e3o permanente Lysaght Klip-lok 700 com dimens\u00f5es semelhantes. A bra\u00e7adeira mant\u00e9m a eleg\u00e2ncia do seu telhado de metal com junta de p\u00e9 sem danificar o material da cobertura. Nenhum dano \u00e9 igual a nenhuma penetra\u00e7\u00e3o, o que significa que \u00e9 \u00e0 prova de intemp\u00e9ries para o telhado, garantindo assim uma vida \u00fatil mais longa. E tamb\u00e9m garante que deve ser montado no telhado com perman\u00eancia e durabilidade. \u00c9 simplesmente compat\u00edvel com o sistema de montagem de p\u00e9s em L para tornar o sistema mais forte e robusto. A instala\u00e7\u00e3o \u00e9 t\u00e3o simples como colocar a bra\u00e7adeira na costura e apertar o parafuso de fixa\u00e7\u00e3o com a tens\u00e3o especificada para atingir a for\u00e7a m\u00e1xima de fixa\u00e7\u00e3o.<\/p>\n<div class=\"wp-block-button popmake-1937\"><a class=\"wp-block-button__link wp-element-button\">verifica\u00e7\u00e3o de pre\u00e7os<\/a><\/div>","protected":false},"featured_media":2545,"template":"","meta":{"_uag_custom_page_level_css":"","site-sidebar-layout":"default","site-content-layout":"","ast-site-content-layout":"default","site-content-style":"default","site-sidebar-style":"default","ast-global-header-display":"","ast-banner-title-visibility":"","ast-main-header-display":"","ast-hfb-above-header-display":"","ast-hfb-below-header-display":"","ast-hfb-mobile-header-display":"","site-post-title":"","ast-breadcrumbs-content":"","ast-featured-img":"","footer-sml-layout":"","ast-disable-related-posts":"","theme-transparent-header-meta":"default","adv-header-id-meta":"","stick-header-meta":"","header-above-stick-meta":"","header-main-stick-meta":"","header-below-stick-meta":"","astra-migrate-meta-layouts":"set","ast-page-background-enabled":"default","ast-page-background-meta":{"desktop":{"background-color":"","background-image":"","background-repeat":"repeat","background-position":"center center","background-size":"auto","background-attachment":"scroll","background-type":"","background-media":"","overlay-type":"","overlay-color":"","overlay-opacity":"","overlay-gradient":""},"tablet":{"background-color":"","background-image":"","background-repeat":"repeat","background-position":"center center","background-size":"auto","background-attachment":"scroll","background-type":"","background-media":"","overlay-type":"","overlay-color":"","overlay-opacity":"","overlay-gradient":""},"mobile":{"background-color":"","background-image":"","background-repeat":"repeat","background-position":"center center","background-size":"auto","background-attachment":"scroll","background-type":"","background-media":"","overlay-type":"","overlay-color":"","overlay-opacity":"","overlay-gradient":""}},"ast-content-background-meta":{"desktop":{"background-color":"var(--ast-global-color-5)","background-image":"","background-repeat":"repeat","background-position":"center center","background-size":"auto","background-attachment":"scroll","background-type":"","background-media":"","overlay-type":"","overlay-color":"","overlay-opacity":"","overlay-gradient":""},"tablet":{"background-color":"var(--ast-global-color-5)","background-image":"","background-repeat":"repeat","background-position":"center center","background-size":"auto","background-attachment":"scroll","background-type":"","background-media":"","overlay-type":"","overlay-color":"","overlay-opacity":"","overlay-gradient":""},"mobile":{"background-color":"var(--ast-global-color-5)","background-image":"","background-repeat":"repeat","background-position":"center center","background-size":"auto","background-attachment":"scroll","background-type":"","background-media":"","overlay-type":"","overlay-color":"","overlay-opacity":"","overlay-gradient":""}}},"product_brand":[],"product_cat":[25,61,132,24],"product_tag":[51,141,55,120,53,39,117],"class_list":{"0":"post-2544","1":"product","2":"type-product","3":"status-publish","4":"has-post-thumbnail","6":"product_cat-excellent","7":"product_cat-solar-metal-roof-mounting-system","8":"product_cat-solar-mounting-components","9":"product_cat-solar-mounting-system","10":"product_tag-metal-roof-solar-mounting","11":"product_tag-roof-solar-mounting","12":"product_tag-solar-clamp","13":"product_tag-solar-energy","14":"product_tag-solar-mounting-system","15":"product_tag-solar-waterproof-solutions","16":"product_tag-tin-roof-solar-mounting","17":"desktop-align-left","18":"tablet-align-left","19":"mobile-align-left","21":"first","22":"instock","23":"shipping-taxable","24":"product-type-simple"},"spectra_custom_meta":{"_uabb_version":["1.36.1"],"_edit_last":["1"],"_edit_lock":["1749437769:1"],"_thumbnail_id":["2545"],"total_sales":["0"],"_tax_status":["taxable"],"_tax_class":[""],"_manage_stock":["no"],"_backorders":["no"],"_sold_individually":["no"],"_virtual":["no"],"_downloadable":["no"],"_download_limit":["-1"],"_download_expiry":["-1"],"_stock":[null],"_stock_status":["instock"],"_wc_average_rating":["0"],"_wc_review_count":["0"],"_product_version":["9.6.2"],"_product_image_gallery":["2547,2546,2548,2549"],"site-sidebar-layout":["default"],"ast-site-content-layout":["default"],"site-content-style":["default"],"site-sidebar-style":["default"],"theme-transparent-header-meta":["default"],"astra-migrate-meta-layouts":["set"],"_uag_page_assets":["a:9:{s:3:\"css\";s:5318:\".uag-blocks-common-selector{z-index:var(--z-index-desktop) !important}@media (max-width: 976px){.uag-blocks-common-selector{z-index:var(--z-index-tablet) !important}}@media (max-width: 767px){.uag-blocks-common-selector{z-index:var(--z-index-mobile) !important}}\n.wp-block-uagb-faq{width:100%}.wp-block-uagb-faq.uagb-faq-layout-accordion .uagb-faq-child__outer-wrap .uagb-faq-questions-button{cursor:pointer}.wp-block-uagb-faq .uagb-faq-content{margin-bottom:0}.wp-block-uagb-faq .uagb-faq-content p{margin:auto}.uagb-faq-layout-grid.uagb-faq-equal-height.uagb-faq__wrap .uagb-faq-child__outer-wrap,.uagb-faq-layout-grid.uagb-faq-equal-height.uagb-faq__wrap .uagb-faq-item{height:100%}body[class*=\"astra\"] .uagb-faq-questions{line-height:normal}.uagb-faq-item{overflow:hidden}\n.wp-block-uagb-faq-child .uagb-faq-questions-button{display:flex;align-items:center}.wp-block-uagb-faq-child .uagb-faq-questions-button .uagb-faq-icon-wrap{display:flex;align-items:center}.wp-block-uagb-faq-child .uagb-faq-questions-button .uagb-question{width:100%;margin-top:0;margin-bottom:0}.wp-block-uagb-faq-child .uagb-icon svg,.wp-block-uagb-faq-child .uagb-icon-active svg{width:15px;height:15px;font-size:15px}.wp-block-uagb-faq-child.uagb-faq-child__outer-wrap.uagb-faq-item .uagb-icon-active,.wp-block-uagb-faq-child.uagb-faq-child__outer-wrap.uagb-faq-item.uagb-faq-item-active .uagb-icon,.wp-block-uagb-faq-child.uagb-faq-child__outer-wrap .uagb-faq-item .uagb-icon-active,.wp-block-uagb-faq-child.uagb-faq-child__outer-wrap .uagb-faq-item.uagb-faq-item-active .uagb-icon{display:none;width:0;padding:0;height:0;margin:0}.wp-block-uagb-faq-child.uagb-faq-child__outer-wrap.uagb-faq-item .uagb-icon,.wp-block-uagb-faq-child.uagb-faq-child__outer-wrap.uagb-faq-item.uagb-faq-item-active .uagb-icon-active,.wp-block-uagb-faq-child.uagb-faq-child__outer-wrap .uagb-faq-item .uagb-icon,.wp-block-uagb-faq-child.uagb-faq-child__outer-wrap .uagb-faq-item.uagb-faq-item-active .uagb-icon-active{display:flex;width:auto;height:auto}.uagb-faq-layout-grid .uagb-faq-child__outer-wrap.uagb-faq-item .uagb-icon,.uagb-faq-layout-grid .uagb-faq-child__outer-wrap.uagb-faq-item.uagb-faq-item-active .uagb-icon-active,.uagb-faq-layout-grid .uagb-faq-child__outer-wrap .uagb-faq-item .uagb-icon,.uagb-faq-layout-grid .uagb-faq-child__outer-wrap .uagb-faq-item.uagb-faq-item-active .uagb-icon-active{display:none}.uagb-faq-layout-grid .uagb-faq-child__outer-wrap.uagb-faq-item span.uagb-icon-active.uagb-faq-icon-wrap,.uagb-faq-layout-grid .uagb-faq-child__outer-wrap.uagb-faq-item.uagb-faq-item-active .uagb-icon-active,.uagb-faq-layout-grid .uagb-faq-child__outer-wrap .uagb-faq-item span.uagb-icon-active.uagb-faq-icon-wrap,.uagb-faq-layout-grid .uagb-faq-child__outer-wrap .uagb-faq-item.uagb-faq-item-active .uagb-icon-active{display:none}\n.uagb-block-55b5edaf .uagb-icon svg{width: 12px;height: 12px;font-size: 12px;}.uagb-block-55b5edaf .uagb-icon-active svg{width: 12px;height: 12px;font-size: 12px;}.uagb-block-55b5edaf .uagb-faq-child__outer-wrap{margin-bottom: 10px;}.uagb-block-55b5edaf .uagb-faq-item{border-top-width: 1px;border-left-width: 1px;border-right-width: 1px;border-bottom-width: 1px;border-top-left-radius: 2px;border-top-right-radius: 2px;border-bottom-left-radius: 2px;border-bottom-right-radius: 2px;border-color: #1e1e1e;border-style: solid;}.uagb-block-55b5edaf .uagb-faq-questions-button{padding-top: 10px;padding-bottom: 10px;padding-right: 10px;padding-left: 10px;}.uagb-block-55b5edaf .uagb-faq-content{padding-top: 10px;padding-bottom: 10px;padding-right: 10px;padding-left: 10px;}.uagb-block-55b5edaf .uagb-faq-content span{margin-top: 10px;margin-bottom: 10px;margin-right: 10px;margin-left: 10px;}.uagb-block-55b5edaf.uagb-faq-icon-row .uagb-faq-item .uagb-faq-icon-wrap{margin-right: 10px;}.uagb-block-55b5edaf.uagb-faq-icon-row-reverse .uagb-faq-item .uagb-faq-icon-wrap{margin-left: 10px;}.uagb-block-55b5edaf .uagb-faq-item .uagb-faq-questions-button.uagb-faq-questions{flex-direction: row;}.uagb-block-55b5edaf .wp-block-uagb-faq-child.uagb-faq-child__outer-wrap .uagb-faq-content {display: none;}@media only screen and (max-width: 976px) {.uagb-block-55b5edaf.uagb-faq-icon-row .uagb-faq-item .uagb-faq-icon-wrap{margin-right: 10px;}.uagb-block-55b5edaf.uagb-faq-icon-row-reverse .uagb-faq-item .uagb-faq-icon-wrap{margin-left: 10px;}.uagb-block-55b5edaf .uagb-faq-questions-button{padding-top: 10px;padding-bottom: 10px;padding-right: 10px;padding-left: 10px;}.uagb-block-55b5edaf .uagb-faq-content{padding-top: 10px;padding-bottom: 10px;padding-right: 10px;padding-left: 10px;}.uagb-block-55b5edaf .uagb-faq-content span{margin-top: 10px;margin-bottom: 10px;margin-right: 10px;margin-left: 10px;}}@media only screen and (max-width: 767px) {.uagb-block-55b5edaf.uagb-faq-icon-row .uagb-faq-item .uagb-faq-icon-wrap{margin-right: 10px;}.uagb-block-55b5edaf.uagb-faq-icon-row-reverse .uagb-faq-item .uagb-faq-icon-wrap{margin-left: 10px;}.uagb-block-55b5edaf .uagb-faq-questions-button{padding-top: 10px;padding-bottom: 10px;padding-right: 10px;padding-left: 10px;}.uagb-block-55b5edaf .uagb-faq-content{padding-top: 10px;padding-bottom: 10px;padding-right: 10px;padding-left: 10px;}.uagb-block-55b5edaf .uagb-faq-content span{margin-top: 10px;margin-bottom: 10px;margin-right: 10px;margin-left: 10px;}}\";s:2:\"js\";s:0:\"\";s:18:\"current_block_list\";a:10:{i:0;s:11:\"core\/search\";i:1;s:10:\"core\/group\";i:2;s:12:\"core\/heading\";i:3;s:17:\"core\/latest-posts\";i:4;s:20:\"core\/latest-comments\";i:5;s:13:\"core\/archives\";i:6;s:15:\"core\/categories\";i:7;s:14:\"core\/paragraph\";i:8;s:8:\"uagb\/faq\";i:9;s:14:\"uagb\/faq-child\";}s:8:\"uag_flag\";b:1;s:11:\"uag_version\";s:10:\"1775829763\";s:6:\"gfonts\";a:0:{}s:10:\"gfonts_url\";s:0:\"\";s:12:\"gfonts_files\";a:0:{}s:14:\"uag_faq_layout\";b:1;}"],"_uag_css_file_name":["uag-css-2544.css"]},"uagb_featured_image_src":{"full":["https:\/\/senyenergy.com\/wp-content\/uploads\/2025\/06\/Solar-Klip-Lok-700.jpg",800,800,false],"thumbnail":["https:\/\/senyenergy.com\/wp-content\/uploads\/2025\/06\/Solar-Klip-Lok-700-150x150.jpg",150,150,true],"medium":["https:\/\/senyenergy.com\/wp-content\/uploads\/2025\/06\/Solar-Klip-Lok-700-300x300.jpg",300,300,true],"medium_large":["https:\/\/senyenergy.com\/wp-content\/uploads\/2025\/06\/Solar-Klip-Lok-700-768x768.jpg",768,768,true],"large":["https:\/\/senyenergy.com\/wp-content\/uploads\/2025\/06\/Solar-Klip-Lok-700.jpg",800,800,false],"1536x1536":["https:\/\/senyenergy.com\/wp-content\/uploads\/2025\/06\/Solar-Klip-Lok-700.jpg",800,800,false],"2048x2048":["https:\/\/senyenergy.com\/wp-content\/uploads\/2025\/06\/Solar-Klip-Lok-700.jpg",800,800,false],"trp-custom-language-flag":["https:\/\/senyenergy.com\/wp-content\/uploads\/2025\/06\/Solar-Klip-Lok-700-12x12.jpg",12,12,true],"woocommerce_thumbnail":["https:\/\/senyenergy.com\/wp-content\/uploads\/2025\/06\/Solar-Klip-Lok-700-300x300.jpg",300,300,true],"woocommerce_single":["https:\/\/senyenergy.com\/wp-content\/uploads\/2025\/06\/Solar-Klip-Lok-700-600x600.jpg",600,600,true],"woocommerce_gallery_thumbnail":["https:\/\/senyenergy.com\/wp-content\/uploads\/2025\/06\/Solar-Klip-Lok-700-100x100.jpg",100,100,true]},"uagb_author_info":{"display_name":"wp-admin","author_link":"https:\/\/senyenergy.com\/pt\/author\/"},"uagb_comment_info":0,"uagb_excerpt":"The Solar Klip Lok 700 clamp mounting system is rail-based clamp for solar installation on standing seam metal roof for Lysaght Klip-lok roofing, specifically made for Lysaght Klip-lok 700 metal seam roofing with similar dimension. The clamp maintains the elegance of your standing seam metal roof with no harm to the rood material. No harm&hellip;","_links":{"self":[{"href":"https:\/\/senyenergy.com\/pt\/wp-json\/wp\/v2\/product\/2544","targetHints":{"allow":["GET"]}}],"collection":[{"href":"https:\/\/senyenergy.com\/pt\/wp-json\/wp\/v2\/product"}],"about":[{"href":"https:\/\/senyenergy.com\/pt\/wp-json\/wp\/v2\/types\/product"}],"wp:featuredmedia":[{"embeddable":true,"href":"https:\/\/senyenergy.com\/pt\/wp-json\/wp\/v2\/media\/2545"}],"wp:attachment":[{"href":"https:\/\/senyenergy.com\/pt\/wp-json\/wp\/v2\/media?parent=2544"}],"wp:term":[{"taxonomy":"product_brand","embeddable":true,"href":"https:\/\/senyenergy.com\/pt\/wp-json\/wp\/v2\/product_brand?post=2544"},{"taxonomy":"product_cat","embeddable":true,"href":"https:\/\/senyenergy.com\/pt\/wp-json\/wp\/v2\/product_cat?post=2544"},{"taxonomy":"product_tag","embeddable":true,"href":"https:\/\/senyenergy.com\/pt\/wp-json\/wp\/v2\/product_tag?post=2544"}],"curies":[{"name":"wp","href":"https:\/\/api.w.org\/{rel}","templated":true}]}}