{"id":2538,"date":"2025-06-05T16:44:24","date_gmt":"2025-06-05T08:44:24","guid":{"rendered":"https:\/\/senyenergy.com\/?post_type=product&#038;p=2538"},"modified":"2025-06-05T16:44:24","modified_gmt":"2025-06-05T08:44:24","slug":"sistema-de-montagem-de-bracadeira-solar-klip-lok-406","status":"publish","type":"product","link":"https:\/\/senyenergy.com\/pt\/product\/sistema-de-montagem-de-bracadeira-solar-klip-lok-406\/","title":{"rendered":"Sistema de montagem de bra\u00e7adeiras Solar Klip Lok 406"},"content":{"rendered":"<p>O <strong><b>Solar Klip Lok 406 Fixa\u00e7\u00e3o por bra\u00e7adeira<\/b><\/strong> O sistema foi concebido especificamente para a instala\u00e7\u00e3o segura de colectores solares em telhados de chapa Klip Lok 406. A montagem de pain\u00e9is solares num telhado de metal ondulado Klip Lok 406 requer um sistema n\u00e3o penetrante, baseado em grampos, especificamente concebido para este perfil.<\/p>\n<p>&nbsp;<\/p>\n<p>Carater\u00edsticas de <strong><b>Solar Klip Lok 406 Fixa\u00e7\u00e3o por bra\u00e7adeira<\/b><\/strong>:<\/p>\n<p>Design compat\u00edvel: Adaptado aos perfis de tejadilho Klip Lok 406, garantindo uma fixa\u00e7\u00e3o segura.<\/p>\n<p>N\u00e3o penetrante: Fixa-se \u00e0s costuras sem penetrar no telhado, evitando fugas e mantendo a integridade do telhado.<\/p>\n<p>Materiais duradouros: Fabricado em alum\u00ednio de alta qualidade e resistente \u00e0 corros\u00e3o.<\/p>\n<p>Preven\u00e7\u00e3o de fugas: Reduz o risco de infiltra\u00e7\u00e3o de \u00e1gua, protegendo a estrutura do telhado.<\/p>\n<p>Resist\u00eancia ao vento: Concebida para resistir a ventos fortes, garantindo a estabilidade dos pain\u00e9is solares.<\/p>\n<p>Instala\u00e7\u00e3o f\u00e1cil: Instala\u00e7\u00e3o r\u00e1pida com o m\u00ednimo de ferramentas, reduzindo os custos de m\u00e3o de obra.<\/p>\n<p>Forte e seguro: As bra\u00e7adeiras projectadas proporcionam uma excelente resist\u00eancia \u00e0 subida do vento.<\/p>\n<p>&nbsp;<\/p>\n<p>Identificar o fabricante do teto: Quem fabricou o seu teto Klip Lok 406 (por exemplo, Bluescope\/John Lysaght, Metroll, etc.?)<\/p>\n<p>&nbsp;<\/p>\n<p>A SENYANG pode oferecer componentes de montagem solar s\u00f3lidos e de boa qualidade para diferentes tipos de telhados.<\/p>\n<p>As chapas de ferro ondulado s\u00e3o coberturas muito populares em projectos comerciais e industriais.<\/p>\n<p>LYSAGHE \u00e9 um fabricante famoso no mercado australiano de telhados met\u00e1licos, KLIP-LOK\u00ae \u00e9 uma das suas marcas.<\/p>\n<p>Este suporte Kliplok 406 pode ser utilizado tanto em coberturas planas de ferro como em coberturas onduladas inclinadas,<\/p>\n<p>Com este grampo fotovoltaico Kliplock, pode montar r\u00e1pida e economicamente pain\u00e9is solares emoldurados \/ n\u00e3o emoldurados em coberturas met\u00e1licas.<\/p>\n<p>N\u00e3o \u00e9 necess\u00e1rio penetrar nas chapas do telhado, protegendo os sistemas originais de telhados ocultos.<\/p>\n<p>&nbsp;<\/p>\n<p>Vantagens\u00a0<strong><b>Solar<\/b><\/strong>\u00a0<strong><b>Bra\u00e7adeira solar KlipLok 406<\/b><\/strong>\u00a0:<\/p>\n<p>- Utiliza\u00e7\u00e3o perfeita para o perfil de chapa met\u00e1lica para telhado Klip-Lok 406;<\/p>\n<p>- Pode adaptar-se a pain\u00e9is solares de paisagem e port\u00e1teis;<\/p>\n<p>- Suporte em L \/ ganchos de tejadilho compat\u00edveis com orif\u00edcios M8 X 20mm e anilhas;<\/p>\n<p>- Pode ser instalado em telhados de zinco inclinados ou planos;<\/p>\n<p>- 10 anos de garantia com as nossas bra\u00e7adeiras de telhado de junta de p\u00e9 Lysaght klip-lok 406 ou 700 ;<\/p>\n<p>&nbsp;<\/p>\n<p>O<strong><b>\u00a0Solar Klip Lok 406 Fixa\u00e7\u00e3o por bra\u00e7adeira<\/b><\/strong>\u00a0oferece uma solu\u00e7\u00e3o fi\u00e1vel para a instala\u00e7\u00e3o de pain\u00e9is solares nos telhados Klip Lok. O seu design duradouro e a facilidade de instala\u00e7\u00e3o fazem dele uma excelente escolha para maximizar a produ\u00e7\u00e3o de energia solar. Se tiver mais perguntas ou precisar de recomenda\u00e7\u00f5es espec\u00edficas, n\u00e3o hesite em perguntar!<\/p>","protected":false},"excerpt":{"rendered":"<p>Este suporte Kliplok 406 pode ser utilizado tanto em coberturas planas de ferro como em coberturas onduladas inclinadas,<\/p>\n<p>apenas com o nosso suporte de p\u00e9s em L, calha, grampos interiores \/ finais.<\/p>\n<p>&nbsp;<\/p>\n<p>Com este grampo fotovoltaico Kliplock, pode montar r\u00e1pida e economicamente pain\u00e9is solares emoldurados \/ n\u00e3o emoldurados em coberturas met\u00e1licas.<\/p>\n<p>Suporte em L \/ ganchos de tejadilho compat\u00edveis com orif\u00edcios M8 X 20 mm e anilhas<\/p>\n<p>N\u00e3o \u00e9 necess\u00e1rio penetrar nas chapas do telhado, protegendo os sistemas originais de telhados ocultos.<\/p>\n<div class=\"wp-block-button popmake-1937\"><a class=\"wp-block-button__link wp-element-button\">verifica\u00e7\u00e3o de pre\u00e7os<\/a><\/div>","protected":false},"featured_media":2539,"template":"","meta":{"_uag_custom_page_level_css":"","site-sidebar-layout":"default","site-content-layout":"","ast-site-content-layout":"default","site-content-style":"default","site-sidebar-style":"default","ast-global-header-display":"","ast-banner-title-visibility":"","ast-main-header-display":"","ast-hfb-above-header-display":"","ast-hfb-below-header-display":"","ast-hfb-mobile-header-display":"","site-post-title":"","ast-breadcrumbs-content":"","ast-featured-img":"","footer-sml-layout":"","ast-disable-related-posts":"","theme-transparent-header-meta":"default","adv-header-id-meta":"","stick-header-meta":"","header-above-stick-meta":"","header-main-stick-meta":"","header-below-stick-meta":"","astra-migrate-meta-layouts":"set","ast-page-background-enabled":"default","ast-page-background-meta":{"desktop":{"background-color":"","background-image":"","background-repeat":"repeat","background-position":"center center","background-size":"auto","background-attachment":"scroll","background-type":"","background-media":"","overlay-type":"","overlay-color":"","overlay-opacity":"","overlay-gradient":""},"tablet":{"background-color":"","background-image":"","background-repeat":"repeat","background-position":"center center","background-size":"auto","background-attachment":"scroll","background-type":"","background-media":"","overlay-type":"","overlay-color":"","overlay-opacity":"","overlay-gradient":""},"mobile":{"background-color":"","background-image":"","background-repeat":"repeat","background-position":"center center","background-size":"auto","background-attachment":"scroll","background-type":"","background-media":"","overlay-type":"","overlay-color":"","overlay-opacity":"","overlay-gradient":""}},"ast-content-background-meta":{"desktop":{"background-color":"var(--ast-global-color-5)","background-image":"","background-repeat":"repeat","background-position":"center center","background-size":"auto","background-attachment":"scroll","background-type":"","background-media":"","overlay-type":"","overlay-color":"","overlay-opacity":"","overlay-gradient":""},"tablet":{"background-color":"var(--ast-global-color-5)","background-image":"","background-repeat":"repeat","background-position":"center center","background-size":"auto","background-attachment":"scroll","background-type":"","background-media":"","overlay-type":"","overlay-color":"","overlay-opacity":"","overlay-gradient":""},"mobile":{"background-color":"var(--ast-global-color-5)","background-image":"","background-repeat":"repeat","background-position":"center center","background-size":"auto","background-attachment":"scroll","background-type":"","background-media":"","overlay-type":"","overlay-color":"","overlay-opacity":"","overlay-gradient":""}}},"product_brand":[],"product_cat":[25,61,132,24],"product_tag":[51,54,55,166,120,167,53,119,39,38],"class_list":{"0":"post-2538","1":"product","2":"type-product","3":"status-publish","4":"has-post-thumbnail","6":"product_cat-excellent","7":"product_cat-solar-metal-roof-mounting-system","8":"product_cat-solar-mounting-components","9":"product_cat-solar-mounting-system","10":"product_tag-metal-roof-solar-mounting","11":"product_tag-rooftop-solar-mounting","12":"product_tag-solar-clamp","13":"product_tag-solar-corrugated-roof-mounting","14":"product_tag-solar-energy","15":"product_tag-solar-klip-lok-clamp","16":"product_tag-solar-mounting-system","17":"product_tag-solar-system","18":"product_tag-solar-waterproof-solutions","19":"product_tag-solar-waterproof-system","20":"desktop-align-left","21":"tablet-align-left","22":"mobile-align-left","24":"first","25":"instock","26":"shipping-taxable","27":"product-type-simple"},"spectra_custom_meta":{"_uabb_version":["1.36.1"],"_edit_last":["1"],"_edit_lock":["1749195699:1"],"_thumbnail_id":["2539"],"total_sales":["0"],"_tax_status":["taxable"],"_tax_class":[""],"_manage_stock":["no"],"_backorders":["no"],"_sold_individually":["no"],"_virtual":["no"],"_downloadable":["no"],"_download_limit":["-1"],"_download_expiry":["-1"],"_stock":[null],"_stock_status":["instock"],"_wc_average_rating":["0"],"_wc_review_count":["0"],"_product_version":["9.6.2"],"_product_image_gallery":["2543,2540,2542,2541"],"site-sidebar-layout":["default"],"ast-site-content-layout":["default"],"site-content-style":["default"],"site-sidebar-style":["default"],"theme-transparent-header-meta":["default"],"astra-migrate-meta-layouts":["set"],"_uag_page_assets":["a:9:{s:3:\"css\";s:5318:\".uag-blocks-common-selector{z-index:var(--z-index-desktop) !important}@media (max-width: 976px){.uag-blocks-common-selector{z-index:var(--z-index-tablet) !important}}@media (max-width: 767px){.uag-blocks-common-selector{z-index:var(--z-index-mobile) !important}}\n.wp-block-uagb-faq{width:100%}.wp-block-uagb-faq.uagb-faq-layout-accordion .uagb-faq-child__outer-wrap .uagb-faq-questions-button{cursor:pointer}.wp-block-uagb-faq .uagb-faq-content{margin-bottom:0}.wp-block-uagb-faq .uagb-faq-content p{margin:auto}.uagb-faq-layout-grid.uagb-faq-equal-height.uagb-faq__wrap .uagb-faq-child__outer-wrap,.uagb-faq-layout-grid.uagb-faq-equal-height.uagb-faq__wrap .uagb-faq-item{height:100%}body[class*=\"astra\"] .uagb-faq-questions{line-height:normal}.uagb-faq-item{overflow:hidden}\n.wp-block-uagb-faq-child .uagb-faq-questions-button{display:flex;align-items:center}.wp-block-uagb-faq-child .uagb-faq-questions-button .uagb-faq-icon-wrap{display:flex;align-items:center}.wp-block-uagb-faq-child .uagb-faq-questions-button .uagb-question{width:100%;margin-top:0;margin-bottom:0}.wp-block-uagb-faq-child .uagb-icon svg,.wp-block-uagb-faq-child .uagb-icon-active svg{width:15px;height:15px;font-size:15px}.wp-block-uagb-faq-child.uagb-faq-child__outer-wrap.uagb-faq-item .uagb-icon-active,.wp-block-uagb-faq-child.uagb-faq-child__outer-wrap.uagb-faq-item.uagb-faq-item-active .uagb-icon,.wp-block-uagb-faq-child.uagb-faq-child__outer-wrap .uagb-faq-item .uagb-icon-active,.wp-block-uagb-faq-child.uagb-faq-child__outer-wrap .uagb-faq-item.uagb-faq-item-active .uagb-icon{display:none;width:0;padding:0;height:0;margin:0}.wp-block-uagb-faq-child.uagb-faq-child__outer-wrap.uagb-faq-item .uagb-icon,.wp-block-uagb-faq-child.uagb-faq-child__outer-wrap.uagb-faq-item.uagb-faq-item-active .uagb-icon-active,.wp-block-uagb-faq-child.uagb-faq-child__outer-wrap .uagb-faq-item .uagb-icon,.wp-block-uagb-faq-child.uagb-faq-child__outer-wrap .uagb-faq-item.uagb-faq-item-active .uagb-icon-active{display:flex;width:auto;height:auto}.uagb-faq-layout-grid .uagb-faq-child__outer-wrap.uagb-faq-item .uagb-icon,.uagb-faq-layout-grid .uagb-faq-child__outer-wrap.uagb-faq-item.uagb-faq-item-active .uagb-icon-active,.uagb-faq-layout-grid .uagb-faq-child__outer-wrap .uagb-faq-item .uagb-icon,.uagb-faq-layout-grid .uagb-faq-child__outer-wrap .uagb-faq-item.uagb-faq-item-active .uagb-icon-active{display:none}.uagb-faq-layout-grid .uagb-faq-child__outer-wrap.uagb-faq-item span.uagb-icon-active.uagb-faq-icon-wrap,.uagb-faq-layout-grid .uagb-faq-child__outer-wrap.uagb-faq-item.uagb-faq-item-active .uagb-icon-active,.uagb-faq-layout-grid .uagb-faq-child__outer-wrap .uagb-faq-item span.uagb-icon-active.uagb-faq-icon-wrap,.uagb-faq-layout-grid .uagb-faq-child__outer-wrap .uagb-faq-item.uagb-faq-item-active .uagb-icon-active{display:none}\n.uagb-block-55b5edaf .uagb-icon svg{width: 12px;height: 12px;font-size: 12px;}.uagb-block-55b5edaf .uagb-icon-active svg{width: 12px;height: 12px;font-size: 12px;}.uagb-block-55b5edaf .uagb-faq-child__outer-wrap{margin-bottom: 10px;}.uagb-block-55b5edaf .uagb-faq-item{border-top-width: 1px;border-left-width: 1px;border-right-width: 1px;border-bottom-width: 1px;border-top-left-radius: 2px;border-top-right-radius: 2px;border-bottom-left-radius: 2px;border-bottom-right-radius: 2px;border-color: #1e1e1e;border-style: solid;}.uagb-block-55b5edaf .uagb-faq-questions-button{padding-top: 10px;padding-bottom: 10px;padding-right: 10px;padding-left: 10px;}.uagb-block-55b5edaf .uagb-faq-content{padding-top: 10px;padding-bottom: 10px;padding-right: 10px;padding-left: 10px;}.uagb-block-55b5edaf .uagb-faq-content span{margin-top: 10px;margin-bottom: 10px;margin-right: 10px;margin-left: 10px;}.uagb-block-55b5edaf.uagb-faq-icon-row .uagb-faq-item .uagb-faq-icon-wrap{margin-right: 10px;}.uagb-block-55b5edaf.uagb-faq-icon-row-reverse .uagb-faq-item .uagb-faq-icon-wrap{margin-left: 10px;}.uagb-block-55b5edaf .uagb-faq-item .uagb-faq-questions-button.uagb-faq-questions{flex-direction: row;}.uagb-block-55b5edaf .wp-block-uagb-faq-child.uagb-faq-child__outer-wrap .uagb-faq-content {display: none;}@media only screen and (max-width: 976px) {.uagb-block-55b5edaf.uagb-faq-icon-row .uagb-faq-item .uagb-faq-icon-wrap{margin-right: 10px;}.uagb-block-55b5edaf.uagb-faq-icon-row-reverse .uagb-faq-item .uagb-faq-icon-wrap{margin-left: 10px;}.uagb-block-55b5edaf .uagb-faq-questions-button{padding-top: 10px;padding-bottom: 10px;padding-right: 10px;padding-left: 10px;}.uagb-block-55b5edaf .uagb-faq-content{padding-top: 10px;padding-bottom: 10px;padding-right: 10px;padding-left: 10px;}.uagb-block-55b5edaf .uagb-faq-content span{margin-top: 10px;margin-bottom: 10px;margin-right: 10px;margin-left: 10px;}}@media only screen and (max-width: 767px) {.uagb-block-55b5edaf.uagb-faq-icon-row .uagb-faq-item .uagb-faq-icon-wrap{margin-right: 10px;}.uagb-block-55b5edaf.uagb-faq-icon-row-reverse .uagb-faq-item .uagb-faq-icon-wrap{margin-left: 10px;}.uagb-block-55b5edaf .uagb-faq-questions-button{padding-top: 10px;padding-bottom: 10px;padding-right: 10px;padding-left: 10px;}.uagb-block-55b5edaf .uagb-faq-content{padding-top: 10px;padding-bottom: 10px;padding-right: 10px;padding-left: 10px;}.uagb-block-55b5edaf .uagb-faq-content span{margin-top: 10px;margin-bottom: 10px;margin-right: 10px;margin-left: 10px;}}\";s:2:\"js\";s:0:\"\";s:18:\"current_block_list\";a:10:{i:0;s:11:\"core\/search\";i:1;s:10:\"core\/group\";i:2;s:12:\"core\/heading\";i:3;s:17:\"core\/latest-posts\";i:4;s:20:\"core\/latest-comments\";i:5;s:13:\"core\/archives\";i:6;s:15:\"core\/categories\";i:7;s:14:\"core\/paragraph\";i:8;s:8:\"uagb\/faq\";i:9;s:14:\"uagb\/faq-child\";}s:8:\"uag_flag\";b:1;s:11:\"uag_version\";s:10:\"1775829763\";s:6:\"gfonts\";a:0:{}s:10:\"gfonts_url\";s:0:\"\";s:12:\"gfonts_files\";a:0:{}s:14:\"uag_faq_layout\";b:1;}"],"_uag_css_file_name":["uag-css-2538.css"]},"uagb_featured_image_src":{"full":["https:\/\/senyenergy.com\/wp-content\/uploads\/2025\/06\/Klip-Lok-406.jpg",800,800,false],"thumbnail":["https:\/\/senyenergy.com\/wp-content\/uploads\/2025\/06\/Klip-Lok-406-150x150.jpg",150,150,true],"medium":["https:\/\/senyenergy.com\/wp-content\/uploads\/2025\/06\/Klip-Lok-406-300x300.jpg",300,300,true],"medium_large":["https:\/\/senyenergy.com\/wp-content\/uploads\/2025\/06\/Klip-Lok-406-768x768.jpg",768,768,true],"large":["https:\/\/senyenergy.com\/wp-content\/uploads\/2025\/06\/Klip-Lok-406.jpg",800,800,false],"1536x1536":["https:\/\/senyenergy.com\/wp-content\/uploads\/2025\/06\/Klip-Lok-406.jpg",800,800,false],"2048x2048":["https:\/\/senyenergy.com\/wp-content\/uploads\/2025\/06\/Klip-Lok-406.jpg",800,800,false],"trp-custom-language-flag":["https:\/\/senyenergy.com\/wp-content\/uploads\/2025\/06\/Klip-Lok-406-12x12.jpg",12,12,true],"woocommerce_thumbnail":["https:\/\/senyenergy.com\/wp-content\/uploads\/2025\/06\/Klip-Lok-406-300x300.jpg",300,300,true],"woocommerce_single":["https:\/\/senyenergy.com\/wp-content\/uploads\/2025\/06\/Klip-Lok-406-600x600.jpg",600,600,true],"woocommerce_gallery_thumbnail":["https:\/\/senyenergy.com\/wp-content\/uploads\/2025\/06\/Klip-Lok-406-100x100.jpg",100,100,true]},"uagb_author_info":{"display_name":"wp-admin","author_link":"https:\/\/senyenergy.com\/pt\/author\/"},"uagb_comment_info":0,"uagb_excerpt":"This Kliplok 406 bracket can be used for both flat iron roofs or slope tilted corrugated roofing, just with our matched L feet bracket, rail , inner \/ end clamps . &nbsp; With this Kliplock PV clamp, can quickly and cost effectively mounts framed \/ unframed solar panels on metal roofing . L bracket \/&hellip;","_links":{"self":[{"href":"https:\/\/senyenergy.com\/pt\/wp-json\/wp\/v2\/product\/2538","targetHints":{"allow":["GET"]}}],"collection":[{"href":"https:\/\/senyenergy.com\/pt\/wp-json\/wp\/v2\/product"}],"about":[{"href":"https:\/\/senyenergy.com\/pt\/wp-json\/wp\/v2\/types\/product"}],"wp:featuredmedia":[{"embeddable":true,"href":"https:\/\/senyenergy.com\/pt\/wp-json\/wp\/v2\/media\/2539"}],"wp:attachment":[{"href":"https:\/\/senyenergy.com\/pt\/wp-json\/wp\/v2\/media?parent=2538"}],"wp:term":[{"taxonomy":"product_brand","embeddable":true,"href":"https:\/\/senyenergy.com\/pt\/wp-json\/wp\/v2\/product_brand?post=2538"},{"taxonomy":"product_cat","embeddable":true,"href":"https:\/\/senyenergy.com\/pt\/wp-json\/wp\/v2\/product_cat?post=2538"},{"taxonomy":"product_tag","embeddable":true,"href":"https:\/\/senyenergy.com\/pt\/wp-json\/wp\/v2\/product_tag?post=2538"}],"curies":[{"name":"wp","href":"https:\/\/api.w.org\/{rel}","templated":true}]}}