{"id":2501,"date":"2025-05-28T16:41:40","date_gmt":"2025-05-28T08:41:40","guid":{"rendered":"https:\/\/senyenergy.com\/?post_type=product&#038;p=2501"},"modified":"2025-07-13T10:30:00","modified_gmt":"2025-07-13T02:30:00","slug":"novo-90-clipe-de-cabo-de-painel-solar-em-aco-inoxidavel-304","status":"publish","type":"product","link":"https:\/\/senyenergy.com\/pt\/product\/novo-90-clipe-de-cabo-de-painel-solar-em-aco-inoxidavel-304\/","title":{"rendered":"Novo clipe de cabo de painel solar de 90\u00b0 em a\u00e7o inoxid\u00e1vel 304"},"content":{"rendered":"<p>Novos 2 fios <strong>90\u00b0 <b>clip para cabo de painel solar<\/b><\/strong>\u00a0foi concebido para segurar e organizar de forma segura os cabos ligados aos pain\u00e9is solares, assegurando uma instala\u00e7\u00e3o limpa e eficiente.<\/p>\n<p>Os nossos 2 fios <strong>90\u00b0<\/strong> <strong><b>clip para cabo de painel solar<\/b><\/strong>\u00a0O seu design retorcido facilita a utiliza\u00e7\u00e3o e a remo\u00e7\u00e3o sem ferramentas para uma utiliza\u00e7\u00e3o r\u00e1pida. Al\u00e9m disso, pode adaptar-se a quadros de pain\u00e9is padr\u00e3o de 1 a 3 mm de espessura. Al\u00e9m disso, o design de dupla compress\u00e3o suporta cabos de 4 a 7 mm de di\u00e2metro. A parte de tr\u00e1s foi concebida com farpas para evitar que o clip caia ap\u00f3s a instala\u00e7\u00e3o. \u00c9 adequado para cabos em componentes e cabos de inversores. E os rebordos sem rebarbas evitam danos no isolamento do cabo.<\/p>\n<p>&nbsp;<\/p>\n<p>Carater\u00edsticas de 2 fios 90\u00b0 <strong><b>clip para cabo de painel solar<\/b><\/strong><\/p>\n<ol>\n<li>MELHORAR A EFICI\u00caNCIA: Os clipes para fios melhoram efetivamente a efici\u00eancia da instala\u00e7\u00e3o no local, poupam tempo e trabalho para o projeto de instala\u00e7\u00e3o do sistema fotovoltaico.<\/li>\n<li>A\u00c7O INOXID\u00c1VEL 304: As bra\u00e7adeiras para cabos s\u00e3o fabricadas em a\u00e7o inoxid\u00e1vel 304, forte, resistente ao desgaste e \u00e0 ferrugem.<\/li>\n<li>DESENHO DA BARBA: A parte de tr\u00e1s foi concebida com uma farpa para evitar que o clipe de arame caia ap\u00f3s a instala\u00e7\u00e3o, garantindo uma fixa\u00e7\u00e3o firme.<\/li>\n<li>DESENHO RAZO\u00c1VEL: O desenho especial da lingueta facilita a instala\u00e7\u00e3o e remo\u00e7\u00e3o sem ferramentas, com rebarbas que podem efetivamente evitar danos no isolamento do cabo.<\/li>\n<li>E FIABILIDADE: O clipe para cabo fotovoltaico tem uma forte capacidade de suporte de carga, vento, vibra\u00e7\u00e3o e \u00e1gua para garantir seguran\u00e7a e fiabilidade.<\/li>\n<li>PROJETO DE \u00c2NGULO DIREITO: Segura os cabos em curvas de 90 \u00b0 contra pain\u00e9is \/ estruturas, evitando flacidez ou entalamento.<\/li>\n<li>COMPATIBILIDADE UNIVERSAL: Adapta-se a cabos solares de 4-7 mm de di\u00e2metro (os conectores MC4 deslizam facilmente).<\/li>\n<\/ol>\n<p>&nbsp;<\/p>\n<p>Especifica\u00e7\u00e3o de 2 fios <strong>90\u00b0<\/strong> <strong><b>clip para cabo de painel solar<\/b><\/strong>:<\/p>\n<p>Tipo de artigo: Clipe para cabo de painel solar<\/p>\n<p>Material: A\u00e7o inoxid\u00e1vel 304<\/p>\n<p>&nbsp;<\/p>\n<p>Aplica\u00e7\u00f5es de 90\u00b0 <strong><b>clip para cabo de painel solar<\/b><\/strong>:<\/p>\n<p>Instala\u00e7\u00f5es solares residenciais: Ideal para organizar os cabos nos telhados e ao longo das paredes.<\/p>\n<p>Projectos solares comerciais: \u00datil em instala\u00e7\u00f5es maiores onde a gest\u00e3o de cabos \u00e9 crucial.<\/p>\n<p>Aplica\u00e7\u00f5es para ve\u00edculos de recreio e mar\u00edtimos: Ajuda a manter os cabos arrumados e seguros em configura\u00e7\u00f5es m\u00f3veis.<\/p>\n<p>&nbsp;<\/p>\n<p>Os 2 fios de a\u00e7o inoxid\u00e1vel 304\u00a0<strong>90\u00b0<\/strong> <strong><b>clip para cabo de painel solar <\/b><\/strong>\u00e9 uma ferramenta eficaz para organizar e fixar cabos em sistemas de pain\u00e9is solares. O seu design e durabilidade fazem dele um complemento valioso para qualquer instala\u00e7\u00e3o solar, melhorando tanto a funcionalidade como a est\u00e9tica.  Outras s\u00e9ries de clipes para cabos est\u00e3o dispon\u00edveis para m\u00f3dulos fotovoltaicos com e sem moldura em v\u00e1rios tamanhos. Bem-vindo ao inqu\u00e9rito sobre os nossos clipes para cabos solares fotovoltaicos em a\u00e7o inoxid\u00e1vel. Se tiver mais perguntas ou precisar de recomenda\u00e7\u00f5es espec\u00edficas, n\u00e3o hesite em perguntar!<\/p>","protected":false},"excerpt":{"rendered":"<p>Os nossos 90\u00b0 <strong><b>clip para cabo de painel solar<\/b><\/strong>\u00a0O seu design retorcido facilita a utiliza\u00e7\u00e3o e a remo\u00e7\u00e3o sem ferramentas para uma utiliza\u00e7\u00e3o r\u00e1pida. Al\u00e9m disso, pode adaptar-se a quadros de pain\u00e9is padr\u00e3o de 1 a 3 mm de espessura. Al\u00e9m disso, o design de dupla compress\u00e3o suporta cabos de 4 a 7 mm de di\u00e2metro. A parte de tr\u00e1s foi concebida com farpas para evitar que o clip caia ap\u00f3s a instala\u00e7\u00e3o. \u00c9 adequado para cabos em componentes e cabos de inversores. E os rebordos sem rebarbas evitam danos no isolamento do cabo.<\/p>\n<div class=\"wp-block-button popmake-1937\"><a class=\"wp-block-button__link wp-element-button\">verifica\u00e7\u00e3o de pre\u00e7os<\/a><\/div>","protected":false},"featured_media":2502,"template":"","meta":{"_uag_custom_page_level_css":"","site-sidebar-layout":"default","site-content-layout":"","ast-site-content-layout":"default","site-content-style":"default","site-sidebar-style":"default","ast-global-header-display":"","ast-banner-title-visibility":"","ast-main-header-display":"","ast-hfb-above-header-display":"","ast-hfb-below-header-display":"","ast-hfb-mobile-header-display":"","site-post-title":"","ast-breadcrumbs-content":"","ast-featured-img":"","footer-sml-layout":"","ast-disable-related-posts":"","theme-transparent-header-meta":"default","adv-header-id-meta":"","stick-header-meta":"","header-above-stick-meta":"","header-main-stick-meta":"","header-below-stick-meta":"","astra-migrate-meta-layouts":"set","ast-page-background-enabled":"default","ast-page-background-meta":{"desktop":{"background-color":"","background-image":"","background-repeat":"repeat","background-position":"center center","background-size":"auto","background-attachment":"scroll","background-type":"","background-media":"","overlay-type":"","overlay-color":"","overlay-opacity":"","overlay-gradient":""},"tablet":{"background-color":"","background-image":"","background-repeat":"repeat","background-position":"center center","background-size":"auto","background-attachment":"scroll","background-type":"","background-media":"","overlay-type":"","overlay-color":"","overlay-opacity":"","overlay-gradient":""},"mobile":{"background-color":"","background-image":"","background-repeat":"repeat","background-position":"center center","background-size":"auto","background-attachment":"scroll","background-type":"","background-media":"","overlay-type":"","overlay-color":"","overlay-opacity":"","overlay-gradient":""}},"ast-content-background-meta":{"desktop":{"background-color":"var(--ast-global-color-5)","background-image":"","background-repeat":"repeat","background-position":"center center","background-size":"auto","background-attachment":"scroll","background-type":"","background-media":"","overlay-type":"","overlay-color":"","overlay-opacity":"","overlay-gradient":""},"tablet":{"background-color":"var(--ast-global-color-5)","background-image":"","background-repeat":"repeat","background-position":"center center","background-size":"auto","background-attachment":"scroll","background-type":"","background-media":"","overlay-type":"","overlay-color":"","overlay-opacity":"","overlay-gradient":""},"mobile":{"background-color":"var(--ast-global-color-5)","background-image":"","background-repeat":"repeat","background-position":"center center","background-size":"auto","background-attachment":"scroll","background-type":"","background-media":"","overlay-type":"","overlay-color":"","overlay-opacity":"","overlay-gradient":""}}},"product_brand":[],"product_cat":[25,23,132,33],"product_tag":[151,152,77,55,150,34,148,36,149,65,153],"class_list":{"0":"post-2501","1":"product","2":"type-product","3":"status-publish","4":"has-post-thumbnail","6":"product_cat-excellent","7":"product_cat-solar-accessories","8":"product_cat-solar-mounting-components","9":"product_cat-solar-panel-accessories","10":"product_tag-2-wires-solar-cable-clip","11":"product_tag-4-wires-solar-panel-cable-clip","12":"product_tag-solar-cable-clip","13":"product_tag-solar-clamp","14":"product_tag-solar-mc4-cable-clip","15":"product_tag-solar-panel","16":"product_tag-solar-panel-cable-clip","17":"product_tag-solar-panel-clip","18":"product_tag-solar-pv-cable-clip","19":"product_tag-solar-pv-clip","20":"product_tag-sus304-solar-cable-clip","21":"desktop-align-left","22":"tablet-align-left","23":"mobile-align-left","25":"first","26":"instock","27":"shipping-taxable","28":"product-type-simple"},"spectra_custom_meta":{"_uabb_version":["1.36.1"],"_edit_last":["1"],"_edit_lock":["1752373745:1"],"_thumbnail_id":["2502"],"total_sales":["0"],"_tax_status":["taxable"],"_tax_class":[""],"_manage_stock":["no"],"_backorders":["no"],"_sold_individually":["no"],"_virtual":["no"],"_downloadable":["no"],"_download_limit":["-1"],"_download_expiry":["-1"],"_stock":[null],"_stock_status":["instock"],"_wc_average_rating":["0"],"_wc_review_count":["0"],"_product_version":["9.6.2"],"_product_image_gallery":["2504,2503,2505,2506"],"site-sidebar-layout":["default"],"ast-site-content-layout":["default"],"site-content-style":["default"],"site-sidebar-style":["default"],"theme-transparent-header-meta":["default"],"astra-migrate-meta-layouts":["set"],"_uag_page_assets":["a:9:{s:3:\"css\";s:5318:\".uag-blocks-common-selector{z-index:var(--z-index-desktop) !important}@media (max-width: 976px){.uag-blocks-common-selector{z-index:var(--z-index-tablet) !important}}@media (max-width: 767px){.uag-blocks-common-selector{z-index:var(--z-index-mobile) !important}}\n.wp-block-uagb-faq{width:100%}.wp-block-uagb-faq.uagb-faq-layout-accordion .uagb-faq-child__outer-wrap .uagb-faq-questions-button{cursor:pointer}.wp-block-uagb-faq .uagb-faq-content{margin-bottom:0}.wp-block-uagb-faq .uagb-faq-content p{margin:auto}.uagb-faq-layout-grid.uagb-faq-equal-height.uagb-faq__wrap .uagb-faq-child__outer-wrap,.uagb-faq-layout-grid.uagb-faq-equal-height.uagb-faq__wrap .uagb-faq-item{height:100%}body[class*=\"astra\"] .uagb-faq-questions{line-height:normal}.uagb-faq-item{overflow:hidden}\n.wp-block-uagb-faq-child .uagb-faq-questions-button{display:flex;align-items:center}.wp-block-uagb-faq-child .uagb-faq-questions-button .uagb-faq-icon-wrap{display:flex;align-items:center}.wp-block-uagb-faq-child .uagb-faq-questions-button .uagb-question{width:100%;margin-top:0;margin-bottom:0}.wp-block-uagb-faq-child .uagb-icon svg,.wp-block-uagb-faq-child .uagb-icon-active svg{width:15px;height:15px;font-size:15px}.wp-block-uagb-faq-child.uagb-faq-child__outer-wrap.uagb-faq-item .uagb-icon-active,.wp-block-uagb-faq-child.uagb-faq-child__outer-wrap.uagb-faq-item.uagb-faq-item-active .uagb-icon,.wp-block-uagb-faq-child.uagb-faq-child__outer-wrap .uagb-faq-item .uagb-icon-active,.wp-block-uagb-faq-child.uagb-faq-child__outer-wrap .uagb-faq-item.uagb-faq-item-active .uagb-icon{display:none;width:0;padding:0;height:0;margin:0}.wp-block-uagb-faq-child.uagb-faq-child__outer-wrap.uagb-faq-item .uagb-icon,.wp-block-uagb-faq-child.uagb-faq-child__outer-wrap.uagb-faq-item.uagb-faq-item-active .uagb-icon-active,.wp-block-uagb-faq-child.uagb-faq-child__outer-wrap .uagb-faq-item .uagb-icon,.wp-block-uagb-faq-child.uagb-faq-child__outer-wrap .uagb-faq-item.uagb-faq-item-active .uagb-icon-active{display:flex;width:auto;height:auto}.uagb-faq-layout-grid .uagb-faq-child__outer-wrap.uagb-faq-item .uagb-icon,.uagb-faq-layout-grid .uagb-faq-child__outer-wrap.uagb-faq-item.uagb-faq-item-active .uagb-icon-active,.uagb-faq-layout-grid .uagb-faq-child__outer-wrap .uagb-faq-item .uagb-icon,.uagb-faq-layout-grid .uagb-faq-child__outer-wrap .uagb-faq-item.uagb-faq-item-active .uagb-icon-active{display:none}.uagb-faq-layout-grid .uagb-faq-child__outer-wrap.uagb-faq-item span.uagb-icon-active.uagb-faq-icon-wrap,.uagb-faq-layout-grid .uagb-faq-child__outer-wrap.uagb-faq-item.uagb-faq-item-active .uagb-icon-active,.uagb-faq-layout-grid .uagb-faq-child__outer-wrap .uagb-faq-item span.uagb-icon-active.uagb-faq-icon-wrap,.uagb-faq-layout-grid .uagb-faq-child__outer-wrap .uagb-faq-item.uagb-faq-item-active .uagb-icon-active{display:none}\n.uagb-block-55b5edaf .uagb-icon svg{width: 12px;height: 12px;font-size: 12px;}.uagb-block-55b5edaf .uagb-icon-active svg{width: 12px;height: 12px;font-size: 12px;}.uagb-block-55b5edaf .uagb-faq-child__outer-wrap{margin-bottom: 10px;}.uagb-block-55b5edaf .uagb-faq-item{border-top-width: 1px;border-left-width: 1px;border-right-width: 1px;border-bottom-width: 1px;border-top-left-radius: 2px;border-top-right-radius: 2px;border-bottom-left-radius: 2px;border-bottom-right-radius: 2px;border-color: #1e1e1e;border-style: solid;}.uagb-block-55b5edaf .uagb-faq-questions-button{padding-top: 10px;padding-bottom: 10px;padding-right: 10px;padding-left: 10px;}.uagb-block-55b5edaf .uagb-faq-content{padding-top: 10px;padding-bottom: 10px;padding-right: 10px;padding-left: 10px;}.uagb-block-55b5edaf .uagb-faq-content span{margin-top: 10px;margin-bottom: 10px;margin-right: 10px;margin-left: 10px;}.uagb-block-55b5edaf.uagb-faq-icon-row .uagb-faq-item .uagb-faq-icon-wrap{margin-right: 10px;}.uagb-block-55b5edaf.uagb-faq-icon-row-reverse .uagb-faq-item .uagb-faq-icon-wrap{margin-left: 10px;}.uagb-block-55b5edaf .uagb-faq-item .uagb-faq-questions-button.uagb-faq-questions{flex-direction: row;}.uagb-block-55b5edaf .wp-block-uagb-faq-child.uagb-faq-child__outer-wrap .uagb-faq-content {display: none;}@media only screen and (max-width: 976px) {.uagb-block-55b5edaf.uagb-faq-icon-row .uagb-faq-item .uagb-faq-icon-wrap{margin-right: 10px;}.uagb-block-55b5edaf.uagb-faq-icon-row-reverse .uagb-faq-item .uagb-faq-icon-wrap{margin-left: 10px;}.uagb-block-55b5edaf .uagb-faq-questions-button{padding-top: 10px;padding-bottom: 10px;padding-right: 10px;padding-left: 10px;}.uagb-block-55b5edaf .uagb-faq-content{padding-top: 10px;padding-bottom: 10px;padding-right: 10px;padding-left: 10px;}.uagb-block-55b5edaf .uagb-faq-content span{margin-top: 10px;margin-bottom: 10px;margin-right: 10px;margin-left: 10px;}}@media only screen and (max-width: 767px) {.uagb-block-55b5edaf.uagb-faq-icon-row .uagb-faq-item .uagb-faq-icon-wrap{margin-right: 10px;}.uagb-block-55b5edaf.uagb-faq-icon-row-reverse .uagb-faq-item .uagb-faq-icon-wrap{margin-left: 10px;}.uagb-block-55b5edaf .uagb-faq-questions-button{padding-top: 10px;padding-bottom: 10px;padding-right: 10px;padding-left: 10px;}.uagb-block-55b5edaf .uagb-faq-content{padding-top: 10px;padding-bottom: 10px;padding-right: 10px;padding-left: 10px;}.uagb-block-55b5edaf .uagb-faq-content span{margin-top: 10px;margin-bottom: 10px;margin-right: 10px;margin-left: 10px;}}\";s:2:\"js\";s:0:\"\";s:18:\"current_block_list\";a:10:{i:0;s:11:\"core\/search\";i:1;s:10:\"core\/group\";i:2;s:12:\"core\/heading\";i:3;s:17:\"core\/latest-posts\";i:4;s:20:\"core\/latest-comments\";i:5;s:13:\"core\/archives\";i:6;s:15:\"core\/categories\";i:7;s:14:\"core\/paragraph\";i:8;s:8:\"uagb\/faq\";i:9;s:14:\"uagb\/faq-child\";}s:8:\"uag_flag\";b:1;s:11:\"uag_version\";s:10:\"1775829763\";s:6:\"gfonts\";a:0:{}s:10:\"gfonts_url\";s:0:\"\";s:12:\"gfonts_files\";a:0:{}s:14:\"uag_faq_layout\";b:1;}"],"_uag_css_file_name":["uag-css-2501.css"]},"uagb_featured_image_src":{"full":["https:\/\/senyenergy.com\/wp-content\/uploads\/2025\/05\/90-degree-cable-clip.jpg",800,800,false],"thumbnail":["https:\/\/senyenergy.com\/wp-content\/uploads\/2025\/05\/90-degree-cable-clip-150x150.jpg",150,150,true],"medium":["https:\/\/senyenergy.com\/wp-content\/uploads\/2025\/05\/90-degree-cable-clip-300x300.jpg",300,300,true],"medium_large":["https:\/\/senyenergy.com\/wp-content\/uploads\/2025\/05\/90-degree-cable-clip-768x768.jpg",768,768,true],"large":["https:\/\/senyenergy.com\/wp-content\/uploads\/2025\/05\/90-degree-cable-clip.jpg",800,800,false],"1536x1536":["https:\/\/senyenergy.com\/wp-content\/uploads\/2025\/05\/90-degree-cable-clip.jpg",800,800,false],"2048x2048":["https:\/\/senyenergy.com\/wp-content\/uploads\/2025\/05\/90-degree-cable-clip.jpg",800,800,false],"trp-custom-language-flag":["https:\/\/senyenergy.com\/wp-content\/uploads\/2025\/05\/90-degree-cable-clip-12x12.jpg",12,12,true],"woocommerce_thumbnail":["https:\/\/senyenergy.com\/wp-content\/uploads\/2025\/05\/90-degree-cable-clip-300x300.jpg",300,300,true],"woocommerce_single":["https:\/\/senyenergy.com\/wp-content\/uploads\/2025\/05\/90-degree-cable-clip-600x600.jpg",600,600,true],"woocommerce_gallery_thumbnail":["https:\/\/senyenergy.com\/wp-content\/uploads\/2025\/05\/90-degree-cable-clip-100x100.jpg",100,100,true]},"uagb_author_info":{"display_name":"wp-admin","author_link":"https:\/\/senyenergy.com\/pt\/author\/"},"uagb_comment_info":0,"uagb_excerpt":"Our 90\u00b0 solar panel cable clip\u00a0twisted design for ultimate ease of use and and removal without tools for fast deployment. Besides, it can fits standard panel frames from 1 to 3 mm thick. Furthermore, Double-compression design supports cables from 4 to 7 mm in diameter. The back is designed with barbs to prevent the clip&hellip;","_links":{"self":[{"href":"https:\/\/senyenergy.com\/pt\/wp-json\/wp\/v2\/product\/2501","targetHints":{"allow":["GET"]}}],"collection":[{"href":"https:\/\/senyenergy.com\/pt\/wp-json\/wp\/v2\/product"}],"about":[{"href":"https:\/\/senyenergy.com\/pt\/wp-json\/wp\/v2\/types\/product"}],"wp:featuredmedia":[{"embeddable":true,"href":"https:\/\/senyenergy.com\/pt\/wp-json\/wp\/v2\/media\/2502"}],"wp:attachment":[{"href":"https:\/\/senyenergy.com\/pt\/wp-json\/wp\/v2\/media?parent=2501"}],"wp:term":[{"taxonomy":"product_brand","embeddable":true,"href":"https:\/\/senyenergy.com\/pt\/wp-json\/wp\/v2\/product_brand?post=2501"},{"taxonomy":"product_cat","embeddable":true,"href":"https:\/\/senyenergy.com\/pt\/wp-json\/wp\/v2\/product_cat?post=2501"},{"taxonomy":"product_tag","embeddable":true,"href":"https:\/\/senyenergy.com\/pt\/wp-json\/wp\/v2\/product_tag?post=2501"}],"curies":[{"name":"wp","href":"https:\/\/api.w.org\/{rel}","templated":true}]}}