{"id":2494,"date":"2025-05-28T12:03:25","date_gmt":"2025-05-28T04:03:25","guid":{"rendered":"https:\/\/senyenergy.com\/?post_type=product&#038;p=2494"},"modified":"2025-07-13T12:00:56","modified_gmt":"2025-07-13T04:00:56","slug":"novo-kit-de-suporte-de-painel-solar-ajustavel-em-z-para-reboques-de-autocaravanas-barcos-e-iates","status":"publish","type":"product","link":"https:\/\/senyenergy.com\/pt\/product\/novo-kit-de-suporte-de-painel-solar-ajustavel-em-z-para-reboques-de-autocaravanas-barcos-e-iates\/","title":{"rendered":"Novo kit de suporte de painel solar ajust\u00e1vel para ve\u00edculos de recreio, reboques, barcos, iates, telhados"},"content":{"rendered":"<p>Cansado de suportes solares pouco fi\u00e1veis? O nosso Ne<strong>w Suporte ajust\u00e1vel para painel solar<\/strong> oferece uma solu\u00e7\u00e3o robusta para maximizar o seu investimento solar. Concebidos para durabilidade e flexibilidade, estes suportes permitem ajustes de \u00e2ngulo precisos para captar a luz solar m\u00e1xima, quer estejam estacionados, ancorados ou em movimento. Ideais para superf\u00edcies irregulares, a sua constru\u00e7\u00e3o resistente \u00e0 corros\u00e3o assegura a longevidade em ambientes mar\u00edtimos e exteriores.<\/p>\n<p>O novo <strong>Ajust\u00e1vel <b>Suporte para painel solar <\/b><\/strong>O kit pode ajustar o \u00e2ngulo e a altura, sendo ideal para a instala\u00e7\u00e3o em superf\u00edcies irregulares e para o \u00e2ngulo de inclina\u00e7\u00e3o ideal dos pain\u00e9is solares. Estes suportes apresentam um design em forma de Z que proporciona uma resist\u00eancia e estabilidade \u00f3ptimas com uma gama de ajuste do \u00e2ngulo: 0\u00b0-180\u00b0Faixa de ajuste de altura do suporte: 4,7\u2033-6,7\u2033(120-170mm), assegurando que os seus pain\u00e9is solares est\u00e3o firmemente fixados no lugar, mesmo em condi\u00e7\u00f5es dif\u00edceis, tais como \u00e1guas agitadas ou locais de campismo com muito vento.<\/p>\n<p>&nbsp;<\/p>\n<p>Carater\u00edsticas do novo <strong>Ajust\u00e1vel<b> Suporte para painel solar <\/b><\/strong>kit<\/p>\n<ol>\n<li>Design ajust\u00e1vel: Permite ajustes de \u00e2ngulo para otimizar o posicionamento do painel solar para uma exposi\u00e7\u00e3o m\u00e1xima \u00e0 luz solar.<\/li>\n<li>Compatibilidade vers\u00e1til: Adequado para v\u00e1rios tamanhos e tipos de pain\u00e9is solares, tornando-o flex\u00edvel para diferentes aplica\u00e7\u00f5es.<\/li>\n<li>Kit completo: Normalmente inclui todo o hardware necess\u00e1rio para a instala\u00e7\u00e3o, como parafusos, anilhas e suportes de montagem.<\/li>\n<li>F\u00e1cil de utilizar: Design \u00fanico, perfeito para superf\u00edcies irregulares, ideal para a montagem de pequenos pain\u00e9is solares<\/li>\n<li>Economia de espa\u00e7o: O design compacto \u00e9 ideal para espa\u00e7os limitados em ve\u00edculos RVs, Trailers, Barcos, Autocaravanas, Iates, Paredes, Cabanas, Galp\u00f5es, Garagens e outros Tectos n\u00e3o estanques<\/li>\n<\/ol>\n<p>Liga de alum\u00ednio, anodiza\u00e7\u00e3o de superf\u00edcie (anti-corros\u00e3o, isolamento de resist\u00eancia ao desgaste, alta resist\u00eancia e tenacidade)<\/p>\n<p>Comprimento flex\u00edvel: 4,7\u2033-6,7\u2033 (120-170mm),<\/p>\n<p>Gama de \u00e2ngulos ajust\u00e1veis 20\u00b0~160\u00b0<\/p>\n<p>Embalagem: 4 pe\u00e7as de suporte de montagem inclinada para painel solar, 3 porcas e 3 parafusos<\/p>\n<p>&nbsp;<\/p>\n<p>Aplica\u00e7\u00f5es de novos <strong>Ajust\u00e1vel<b> Suporte para painel solar <\/b><\/strong>kit<\/p>\n<p>O novo <strong>Ajust\u00e1vel<b> Suporte para painel solar <\/b><\/strong>kit Adequado para: Suportes para pain\u00e9is solares de ve\u00edculos de recreio, suportes para pain\u00e9is solares de ve\u00edculos de recreio. Suportes de painel solar para autocaravana, suporte de painel solar para autocaravana. Suportes de painel solar para campismo, suporte de painel solar para campismo. Suportes de alum\u00ednio em forma de Z para pain\u00e9is solares de ve\u00edculos de recreio para instala\u00e7\u00e3o de m\u00f3dulos planos fixos. Tamb\u00e9m pode ser utilizado para a instala\u00e7\u00e3o de m\u00f3dulos solares com diferentes especifica\u00e7\u00f5es, como sem\u00e1foros, luzes de aviso, luzes indicadoras e energia de reserva de ilumina\u00e7\u00e3o de seguran\u00e7a.<\/p>\n<p>&nbsp;<\/p>\n<p>Este produto \u00e9 uma boa escolha para sistemas de montagem plana em telhados planos ou curvos. Compat\u00edvel com todos os tipos de telhados e m\u00f3dulos solares.<\/p>\n<p><strong><b>Suporte ajust\u00e1vel para painel solar <\/b><\/strong>Os kits s\u00e3o idealmente concebidos para instalar pain\u00e9is solares individuais de 50w~200w em caravanas, reboques, barcos, autocaravanas, iates, paredes, cabanas, telheiros, garagens e outros telhados n\u00e3o cobertos. Para sistemas de pain\u00e9is solares de grandes dimens\u00f5es, recomendamos que escolha 4 suportes (2 pares) para uma instala\u00e7\u00e3o mais est\u00e1vel<\/p>\n<p>&nbsp;<\/p>\n<p>&nbsp;<\/p>","protected":false},"excerpt":{"rendered":"<p>O novo ajust\u00e1vel <strong><b>Kit de suporte do painel solar Z<\/b><\/strong>\u00a0Estes suportes t\u00eam um design em forma de Z que proporciona uma resist\u00eancia e estabilidade \u00f3ptimas com uma gama de regula\u00e7\u00e3o do \u00e2ngulo: 0\u00b0-180\u00b0Faixa de ajuste de altura do suporte: 4,7\u2033-6,7\u2033(120-170mm), assegurando que os seus pain\u00e9is solares est\u00e3o firmemente fixados no lugar, mesmo em condi\u00e7\u00f5es dif\u00edceis, tais como \u00e1guas agitadas ou locais de campismo com muito vento.<\/p>\n<div class=\"wp-block-button popmake-1937\"><a class=\"wp-block-button__link wp-element-button\">verifica\u00e7\u00e3o de pre\u00e7os<\/a><\/div>","protected":false},"featured_media":2495,"template":"","meta":{"_uag_custom_page_level_css":"","site-sidebar-layout":"default","site-content-layout":"","ast-site-content-layout":"default","site-content-style":"default","site-sidebar-style":"default","ast-global-header-display":"","ast-banner-title-visibility":"","ast-main-header-display":"","ast-hfb-above-header-display":"","ast-hfb-below-header-display":"","ast-hfb-mobile-header-display":"","site-post-title":"","ast-breadcrumbs-content":"","ast-featured-img":"","footer-sml-layout":"","ast-disable-related-posts":"","theme-transparent-header-meta":"default","adv-header-id-meta":"","stick-header-meta":"","header-above-stick-meta":"","header-main-stick-meta":"","header-below-stick-meta":"","astra-migrate-meta-layouts":"set","ast-page-background-enabled":"default","ast-page-background-meta":{"desktop":{"background-color":"","background-image":"","background-repeat":"repeat","background-position":"center center","background-size":"auto","background-attachment":"scroll","background-type":"","background-media":"","overlay-type":"","overlay-color":"","overlay-opacity":"","overlay-gradient":""},"tablet":{"background-color":"","background-image":"","background-repeat":"repeat","background-position":"center center","background-size":"auto","background-attachment":"scroll","background-type":"","background-media":"","overlay-type":"","overlay-color":"","overlay-opacity":"","overlay-gradient":""},"mobile":{"background-color":"","background-image":"","background-repeat":"repeat","background-position":"center center","background-size":"auto","background-attachment":"scroll","background-type":"","background-media":"","overlay-type":"","overlay-color":"","overlay-opacity":"","overlay-gradient":""}},"ast-content-background-meta":{"desktop":{"background-color":"var(--ast-global-color-5)","background-image":"","background-repeat":"repeat","background-position":"center center","background-size":"auto","background-attachment":"scroll","background-type":"","background-media":"","overlay-type":"","overlay-color":"","overlay-opacity":"","overlay-gradient":""},"tablet":{"background-color":"var(--ast-global-color-5)","background-image":"","background-repeat":"repeat","background-position":"center center","background-size":"auto","background-attachment":"scroll","background-type":"","background-media":"","overlay-type":"","overlay-color":"","overlay-opacity":"","overlay-gradient":""},"mobile":{"background-color":"var(--ast-global-color-5)","background-image":"","background-repeat":"repeat","background-position":"center center","background-size":"auto","background-attachment":"scroll","background-type":"","background-media":"","overlay-type":"","overlay-color":"","overlay-opacity":"","overlay-gradient":""}}},"product_brand":[],"product_cat":[25,132,24],"product_tag":[147,144,139,80,143,142,137,47,46,138,145,140],"class_list":{"0":"post-2494","1":"product","2":"type-product","3":"status-publish","4":"has-post-thumbnail","6":"product_cat-excellent","7":"product_cat-solar-mounting-components","8":"product_cat-solar-mounting-system","9":"product_tag-adjustable-solar-panel-brackets","10":"product_tag-boat-solar-installation","11":"product_tag-boats-solar-mounting","12":"product_tag-rail-free-solar-mounting","13":"product_tag-rv-solar-mounting-kit","14":"product_tag-rv-solar-panel-mount","15":"product_tag-rvs-solar-mounting","16":"product_tag-solar-adjustable-kits","17":"product_tag-solar-adjustable-mounting","18":"product_tag-trailers-solar-system","19":"product_tag-universal-z-brackets","20":"product_tag-yachts-solar-brackets","21":"desktop-align-left","22":"tablet-align-left","23":"mobile-align-left","25":"first","26":"instock","27":"shipping-taxable","28":"product-type-simple"},"spectra_custom_meta":{"_uabb_version":["1.36.1"],"_edit_last":["1"],"_edit_lock":["1752379184:1"],"_thumbnail_id":["2495"],"total_sales":["0"],"_tax_status":["taxable"],"_tax_class":[""],"_manage_stock":["no"],"_backorders":["no"],"_sold_individually":["no"],"_virtual":["no"],"_downloadable":["no"],"_download_limit":["-1"],"_download_expiry":["-1"],"_stock":[null],"_stock_status":["instock"],"_wc_average_rating":["0"],"_wc_review_count":["0"],"_product_version":["9.6.2"],"_product_image_gallery":["2497,2496,2498,2499,2500"],"site-sidebar-layout":["default"],"ast-site-content-layout":["default"],"site-content-style":["default"],"site-sidebar-style":["default"],"theme-transparent-header-meta":["default"],"astra-migrate-meta-layouts":["set"],"_uag_page_assets":["a:9:{s:3:\"css\";s:5318:\".uag-blocks-common-selector{z-index:var(--z-index-desktop) !important}@media (max-width: 976px){.uag-blocks-common-selector{z-index:var(--z-index-tablet) !important}}@media (max-width: 767px){.uag-blocks-common-selector{z-index:var(--z-index-mobile) !important}}\n.wp-block-uagb-faq{width:100%}.wp-block-uagb-faq.uagb-faq-layout-accordion .uagb-faq-child__outer-wrap .uagb-faq-questions-button{cursor:pointer}.wp-block-uagb-faq .uagb-faq-content{margin-bottom:0}.wp-block-uagb-faq .uagb-faq-content p{margin:auto}.uagb-faq-layout-grid.uagb-faq-equal-height.uagb-faq__wrap .uagb-faq-child__outer-wrap,.uagb-faq-layout-grid.uagb-faq-equal-height.uagb-faq__wrap .uagb-faq-item{height:100%}body[class*=\"astra\"] .uagb-faq-questions{line-height:normal}.uagb-faq-item{overflow:hidden}\n.wp-block-uagb-faq-child .uagb-faq-questions-button{display:flex;align-items:center}.wp-block-uagb-faq-child .uagb-faq-questions-button .uagb-faq-icon-wrap{display:flex;align-items:center}.wp-block-uagb-faq-child .uagb-faq-questions-button .uagb-question{width:100%;margin-top:0;margin-bottom:0}.wp-block-uagb-faq-child .uagb-icon svg,.wp-block-uagb-faq-child .uagb-icon-active svg{width:15px;height:15px;font-size:15px}.wp-block-uagb-faq-child.uagb-faq-child__outer-wrap.uagb-faq-item .uagb-icon-active,.wp-block-uagb-faq-child.uagb-faq-child__outer-wrap.uagb-faq-item.uagb-faq-item-active .uagb-icon,.wp-block-uagb-faq-child.uagb-faq-child__outer-wrap .uagb-faq-item .uagb-icon-active,.wp-block-uagb-faq-child.uagb-faq-child__outer-wrap .uagb-faq-item.uagb-faq-item-active .uagb-icon{display:none;width:0;padding:0;height:0;margin:0}.wp-block-uagb-faq-child.uagb-faq-child__outer-wrap.uagb-faq-item .uagb-icon,.wp-block-uagb-faq-child.uagb-faq-child__outer-wrap.uagb-faq-item.uagb-faq-item-active .uagb-icon-active,.wp-block-uagb-faq-child.uagb-faq-child__outer-wrap .uagb-faq-item .uagb-icon,.wp-block-uagb-faq-child.uagb-faq-child__outer-wrap .uagb-faq-item.uagb-faq-item-active .uagb-icon-active{display:flex;width:auto;height:auto}.uagb-faq-layout-grid .uagb-faq-child__outer-wrap.uagb-faq-item .uagb-icon,.uagb-faq-layout-grid .uagb-faq-child__outer-wrap.uagb-faq-item.uagb-faq-item-active .uagb-icon-active,.uagb-faq-layout-grid .uagb-faq-child__outer-wrap .uagb-faq-item .uagb-icon,.uagb-faq-layout-grid .uagb-faq-child__outer-wrap .uagb-faq-item.uagb-faq-item-active .uagb-icon-active{display:none}.uagb-faq-layout-grid .uagb-faq-child__outer-wrap.uagb-faq-item span.uagb-icon-active.uagb-faq-icon-wrap,.uagb-faq-layout-grid .uagb-faq-child__outer-wrap.uagb-faq-item.uagb-faq-item-active .uagb-icon-active,.uagb-faq-layout-grid .uagb-faq-child__outer-wrap .uagb-faq-item span.uagb-icon-active.uagb-faq-icon-wrap,.uagb-faq-layout-grid .uagb-faq-child__outer-wrap .uagb-faq-item.uagb-faq-item-active .uagb-icon-active{display:none}\n.uagb-block-55b5edaf .uagb-icon svg{width: 12px;height: 12px;font-size: 12px;}.uagb-block-55b5edaf .uagb-icon-active svg{width: 12px;height: 12px;font-size: 12px;}.uagb-block-55b5edaf .uagb-faq-child__outer-wrap{margin-bottom: 10px;}.uagb-block-55b5edaf .uagb-faq-item{border-top-width: 1px;border-left-width: 1px;border-right-width: 1px;border-bottom-width: 1px;border-top-left-radius: 2px;border-top-right-radius: 2px;border-bottom-left-radius: 2px;border-bottom-right-radius: 2px;border-color: #1e1e1e;border-style: solid;}.uagb-block-55b5edaf .uagb-faq-questions-button{padding-top: 10px;padding-bottom: 10px;padding-right: 10px;padding-left: 10px;}.uagb-block-55b5edaf .uagb-faq-content{padding-top: 10px;padding-bottom: 10px;padding-right: 10px;padding-left: 10px;}.uagb-block-55b5edaf .uagb-faq-content span{margin-top: 10px;margin-bottom: 10px;margin-right: 10px;margin-left: 10px;}.uagb-block-55b5edaf.uagb-faq-icon-row .uagb-faq-item .uagb-faq-icon-wrap{margin-right: 10px;}.uagb-block-55b5edaf.uagb-faq-icon-row-reverse .uagb-faq-item .uagb-faq-icon-wrap{margin-left: 10px;}.uagb-block-55b5edaf .uagb-faq-item .uagb-faq-questions-button.uagb-faq-questions{flex-direction: row;}.uagb-block-55b5edaf .wp-block-uagb-faq-child.uagb-faq-child__outer-wrap .uagb-faq-content {display: none;}@media only screen and (max-width: 976px) {.uagb-block-55b5edaf.uagb-faq-icon-row .uagb-faq-item .uagb-faq-icon-wrap{margin-right: 10px;}.uagb-block-55b5edaf.uagb-faq-icon-row-reverse .uagb-faq-item .uagb-faq-icon-wrap{margin-left: 10px;}.uagb-block-55b5edaf .uagb-faq-questions-button{padding-top: 10px;padding-bottom: 10px;padding-right: 10px;padding-left: 10px;}.uagb-block-55b5edaf .uagb-faq-content{padding-top: 10px;padding-bottom: 10px;padding-right: 10px;padding-left: 10px;}.uagb-block-55b5edaf .uagb-faq-content span{margin-top: 10px;margin-bottom: 10px;margin-right: 10px;margin-left: 10px;}}@media only screen and (max-width: 767px) {.uagb-block-55b5edaf.uagb-faq-icon-row .uagb-faq-item .uagb-faq-icon-wrap{margin-right: 10px;}.uagb-block-55b5edaf.uagb-faq-icon-row-reverse .uagb-faq-item .uagb-faq-icon-wrap{margin-left: 10px;}.uagb-block-55b5edaf .uagb-faq-questions-button{padding-top: 10px;padding-bottom: 10px;padding-right: 10px;padding-left: 10px;}.uagb-block-55b5edaf .uagb-faq-content{padding-top: 10px;padding-bottom: 10px;padding-right: 10px;padding-left: 10px;}.uagb-block-55b5edaf .uagb-faq-content span{margin-top: 10px;margin-bottom: 10px;margin-right: 10px;margin-left: 10px;}}\";s:2:\"js\";s:0:\"\";s:18:\"current_block_list\";a:10:{i:0;s:11:\"core\/search\";i:1;s:10:\"core\/group\";i:2;s:12:\"core\/heading\";i:3;s:17:\"core\/latest-posts\";i:4;s:20:\"core\/latest-comments\";i:5;s:13:\"core\/archives\";i:6;s:15:\"core\/categories\";i:7;s:14:\"core\/paragraph\";i:8;s:8:\"uagb\/faq\";i:9;s:14:\"uagb\/faq-child\";}s:8:\"uag_flag\";b:1;s:11:\"uag_version\";s:10:\"1775829763\";s:6:\"gfonts\";a:0:{}s:10:\"gfonts_url\";s:0:\"\";s:12:\"gfonts_files\";a:0:{}s:14:\"uag_faq_layout\";b:1;}"],"_uag_css_file_name":["uag-css-2494.css"]},"uagb_featured_image_src":{"full":["https:\/\/senyenergy.com\/wp-content\/uploads\/2025\/05\/Adjustable-Solar-Panel-Z-Brackets-kit.jpg",800,800,false],"thumbnail":["https:\/\/senyenergy.com\/wp-content\/uploads\/2025\/05\/Adjustable-Solar-Panel-Z-Brackets-kit-150x150.jpg",150,150,true],"medium":["https:\/\/senyenergy.com\/wp-content\/uploads\/2025\/05\/Adjustable-Solar-Panel-Z-Brackets-kit-300x300.jpg",300,300,true],"medium_large":["https:\/\/senyenergy.com\/wp-content\/uploads\/2025\/05\/Adjustable-Solar-Panel-Z-Brackets-kit-768x768.jpg",768,768,true],"large":["https:\/\/senyenergy.com\/wp-content\/uploads\/2025\/05\/Adjustable-Solar-Panel-Z-Brackets-kit.jpg",800,800,false],"1536x1536":["https:\/\/senyenergy.com\/wp-content\/uploads\/2025\/05\/Adjustable-Solar-Panel-Z-Brackets-kit.jpg",800,800,false],"2048x2048":["https:\/\/senyenergy.com\/wp-content\/uploads\/2025\/05\/Adjustable-Solar-Panel-Z-Brackets-kit.jpg",800,800,false],"trp-custom-language-flag":["https:\/\/senyenergy.com\/wp-content\/uploads\/2025\/05\/Adjustable-Solar-Panel-Z-Brackets-kit-12x12.jpg",12,12,true],"woocommerce_thumbnail":["https:\/\/senyenergy.com\/wp-content\/uploads\/2025\/05\/Adjustable-Solar-Panel-Z-Brackets-kit-300x300.jpg",300,300,true],"woocommerce_single":["https:\/\/senyenergy.com\/wp-content\/uploads\/2025\/05\/Adjustable-Solar-Panel-Z-Brackets-kit-600x600.jpg",600,600,true],"woocommerce_gallery_thumbnail":["https:\/\/senyenergy.com\/wp-content\/uploads\/2025\/05\/Adjustable-Solar-Panel-Z-Brackets-kit-100x100.jpg",100,100,true]},"uagb_author_info":{"display_name":"wp-admin","author_link":"https:\/\/senyenergy.com\/pt\/author\/"},"uagb_comment_info":0,"uagb_excerpt":"The New Adjustable Solar Panel Z Bracket kit\u00a0can adjust angle and height, ideal for the installation on irregular surfaces and for the optimal tilt angle of solar panels.These brackets feature a Z-shaped design that provides optimal strength and stability with angle adjustment range: 0\u00b0-180\u00b0Bracket height adjustment range: 4.7\"-6.7\"(120-170mm) ensuring your solar panels are firmly fixed&hellip;","_links":{"self":[{"href":"https:\/\/senyenergy.com\/pt\/wp-json\/wp\/v2\/product\/2494","targetHints":{"allow":["GET"]}}],"collection":[{"href":"https:\/\/senyenergy.com\/pt\/wp-json\/wp\/v2\/product"}],"about":[{"href":"https:\/\/senyenergy.com\/pt\/wp-json\/wp\/v2\/types\/product"}],"wp:featuredmedia":[{"embeddable":true,"href":"https:\/\/senyenergy.com\/pt\/wp-json\/wp\/v2\/media\/2495"}],"wp:attachment":[{"href":"https:\/\/senyenergy.com\/pt\/wp-json\/wp\/v2\/media?parent=2494"}],"wp:term":[{"taxonomy":"product_brand","embeddable":true,"href":"https:\/\/senyenergy.com\/pt\/wp-json\/wp\/v2\/product_brand?post=2494"},{"taxonomy":"product_cat","embeddable":true,"href":"https:\/\/senyenergy.com\/pt\/wp-json\/wp\/v2\/product_cat?post=2494"},{"taxonomy":"product_tag","embeddable":true,"href":"https:\/\/senyenergy.com\/pt\/wp-json\/wp\/v2\/product_tag?post=2494"}],"curies":[{"name":"wp","href":"https:\/\/api.w.org\/{rel}","templated":true}]}}