{"id":2482,"date":"2025-05-26T14:41:32","date_gmt":"2025-05-26T06:41:32","guid":{"rendered":"https:\/\/senyenergy.com\/?post_type=product&#038;p=2482"},"modified":"2025-07-13T10:22:11","modified_gmt":"2025-07-13T02:22:11","slug":"kit-de-revestimento-de-telhas-de-asfalto-solar","status":"publish","type":"product","link":"https:\/\/senyenergy.com\/pt\/product\/kit-de-revestimento-de-telhas-de-asfalto-solar\/","title":{"rendered":"Kits de montagem de rufos de telhas solares para telhados de asfalto"},"content":{"rendered":"<p><strong>Fixa\u00e7\u00e3o de revestimento de telha solar<\/strong> Os kits s\u00e3o um conjunto especializado de componentes concebidos para garantir uma veda\u00e7\u00e3o estanque em torno dos sistemas de montagem de pain\u00e9is solares instalados em telhados de telha asf\u00e1ltica.<\/p>\n<p><strong>Fixa\u00e7\u00e3o de revestimento de telha solar<\/strong> Os kits s\u00e3o concebidos para o telhado de telha de asfalto como substitui\u00e7\u00e3o de telha para uma melhor resist\u00eancia \u00e0 \u00e1gua. O design da placa intermitente com um incha\u00e7o redondo encaixa-se perfeitamente no suporte em L para evitar a entrada de \u00e1gua. O material para a placa de substitui\u00e7\u00e3o da telha \u00e9 o alum\u00ednio AL6005-T5, que tem uma vida \u00fatil de 25 anos.<\/p>\n<p>&nbsp;<\/p>\n<p>Objetivo <strong>Fixa\u00e7\u00e3o de revestimento de telha solar<\/strong><\/p>\n<p>Impermeabiliza\u00e7\u00e3o: Evita fugas nos locais onde os colectores solares penetram no telhado, desviando a \u00e1gua.<\/p>\n<p>Integra\u00e7\u00e3o: Funciona na perfei\u00e7\u00e3o com telhas de asfalto para manter a integridade do telhado enquanto apoia as instala\u00e7\u00f5es de pain\u00e9is solares.<\/p>\n<p>&nbsp;<\/p>\n<p>Carater\u00edsticas do <strong>Fixa\u00e7\u00e3o de revestimento de telha solar<\/strong>:<\/p>\n<p>Preven\u00e7\u00e3o de fugas: Essencial para proteger a estrutura do telhado e o interior contra danos causados pela \u00e1gua e inclui componentes de revestimento que criam uma veda\u00e7\u00e3o estanque \u00e0 volta das penetra\u00e7\u00f5es do telhado.<\/p>\n<p>Compatibilidade: Concebido para ser utilizado com telhas de asfalto padr\u00e3o e v\u00e1rios sistemas de montagem solar.<\/p>\n<p>Longevidade: Prolonga a vida \u00fatil do telhado e da instala\u00e7\u00e3o solar.<\/p>\n<p>Kit completo: Normalmente inclui todos os componentes necess\u00e1rios, tais como placas de revestimento, Lfoot, parafusos e vedantes.<\/p>\n<p>Estabilidade melhorada: Fornece pontos de montagem seguros para os pain\u00e9is solares, assegurando que permanecem no lugar durante ventos fortes.<\/p>\n<p>&nbsp;<\/p>\n<p>Este <strong>Fixa\u00e7\u00e3o de revestimento de telha solar<\/strong> Os kits s\u00e3o essenciais para a integra\u00e7\u00e3o segura de pain\u00e9is solares em telhados de telha asf\u00e1ltica, combinando a durabilidade da impermeabiliza\u00e7\u00e3o com um design funcional. A sele\u00e7\u00e3o e instala\u00e7\u00e3o adequadas garantem a efici\u00eancia energ\u00e9tica sem comprometer a integridade do telhado. Se tiver mais perguntas ou precisar de recomenda\u00e7\u00f5es espec\u00edficas, n\u00e3o hesite em perguntar!<\/p>","protected":false},"excerpt":{"rendered":"<p>Solar <strong><b>Telhado de asfalto com revestimento de telha<\/b><\/strong>\u00a0O kit foi concebido para o telhado de telha de asfalto como substitui\u00e7\u00e3o da telha para uma melhor resist\u00eancia \u00e0 \u00e1gua. O design da placa intermitente com um incha\u00e7o redondo encaixa-se perfeitamente no suporte em L para evitar a entrada de \u00e1gua. O material para a placa de substitui\u00e7\u00e3o da telha \u00e9 o alum\u00ednio AL6005-T5, que tem uma vida \u00fatil de 25 anos.<\/p>\n<div class=\"wp-block-button popmake-1937\"><a class=\"wp-block-button__link wp-element-button\">verifica\u00e7\u00e3o de pre\u00e7os<\/a><\/div>","protected":false},"featured_media":2487,"template":"","meta":{"_uag_custom_page_level_css":"","site-sidebar-layout":"default","site-content-layout":"","ast-site-content-layout":"default","site-content-style":"default","site-sidebar-style":"default","ast-global-header-display":"","ast-banner-title-visibility":"","ast-main-header-display":"","ast-hfb-above-header-display":"","ast-hfb-below-header-display":"","ast-hfb-mobile-header-display":"","site-post-title":"","ast-breadcrumbs-content":"","ast-featured-img":"","footer-sml-layout":"","ast-disable-related-posts":"","theme-transparent-header-meta":"default","adv-header-id-meta":"","stick-header-meta":"","header-above-stick-meta":"","header-main-stick-meta":"","header-below-stick-meta":"","astra-migrate-meta-layouts":"set","ast-page-background-enabled":"default","ast-page-background-meta":{"desktop":{"background-color":"","background-image":"","background-repeat":"repeat","background-position":"center center","background-size":"auto","background-attachment":"scroll","background-type":"","background-media":"","overlay-type":"","overlay-color":"","overlay-opacity":"","overlay-gradient":""},"tablet":{"background-color":"","background-image":"","background-repeat":"repeat","background-position":"center center","background-size":"auto","background-attachment":"scroll","background-type":"","background-media":"","overlay-type":"","overlay-color":"","overlay-opacity":"","overlay-gradient":""},"mobile":{"background-color":"","background-image":"","background-repeat":"repeat","background-position":"center center","background-size":"auto","background-attachment":"scroll","background-type":"","background-media":"","overlay-type":"","overlay-color":"","overlay-opacity":"","overlay-gradient":""}},"ast-content-background-meta":{"desktop":{"background-color":"var(--ast-global-color-5)","background-image":"","background-repeat":"repeat","background-position":"center center","background-size":"auto","background-attachment":"scroll","background-type":"","background-media":"","overlay-type":"","overlay-color":"","overlay-opacity":"","overlay-gradient":""},"tablet":{"background-color":"var(--ast-global-color-5)","background-image":"","background-repeat":"repeat","background-position":"center center","background-size":"auto","background-attachment":"scroll","background-type":"","background-media":"","overlay-type":"","overlay-color":"","overlay-opacity":"","overlay-gradient":""},"mobile":{"background-color":"var(--ast-global-color-5)","background-image":"","background-repeat":"repeat","background-position":"center center","background-size":"auto","background-attachment":"scroll","background-type":"","background-media":"","overlay-type":"","overlay-color":"","overlay-opacity":"","overlay-gradient":""}}},"product_brand":[],"product_cat":[25,24],"product_tag":[128,129,130,54,127,126,120,131,39],"class_list":{"0":"post-2482","1":"product","2":"type-product","3":"status-publish","4":"has-post-thumbnail","6":"product_cat-excellent","7":"product_cat-solar-mounting-system","8":"product_tag-asphalt-roof-solar-racking","9":"product_tag-pv-mount-flashing","10":"product_tag-roof-tiles-solar-and-shingles-accessories","11":"product_tag-rooftop-solar-mounting","12":"product_tag-shingle-roof-solar-racking","13":"product_tag-solar-asphalt-flashing-kit","14":"product_tag-solar-energy","15":"product_tag-solar-panel-shingle-mount","16":"product_tag-solar-waterproof-solutions","17":"desktop-align-left","18":"tablet-align-left","19":"mobile-align-left","21":"first","22":"instock","23":"shipping-taxable","24":"product-type-simple"},"spectra_custom_meta":{"_uabb_version":["1.36.1"],"_edit_last":["1"],"_edit_lock":["1752373315:1"],"_thumbnail_id":["2487"],"total_sales":["0"],"_tax_status":["taxable"],"_tax_class":[""],"_manage_stock":["no"],"_backorders":["no"],"_sold_individually":["no"],"_virtual":["no"],"_downloadable":["no"],"_download_limit":["-1"],"_download_expiry":["-1"],"_stock":[null],"_stock_status":["instock"],"_wc_average_rating":["0"],"_wc_review_count":["0"],"_product_version":["9.6.2"],"_product_image_gallery":["2484,2483,2485,2486"],"site-sidebar-layout":["default"],"ast-site-content-layout":["default"],"site-content-style":["default"],"site-sidebar-style":["default"],"theme-transparent-header-meta":["default"],"astra-migrate-meta-layouts":["set"],"_uag_page_assets":["a:9:{s:3:\"css\";s:5318:\".uag-blocks-common-selector{z-index:var(--z-index-desktop) !important}@media (max-width: 976px){.uag-blocks-common-selector{z-index:var(--z-index-tablet) !important}}@media (max-width: 767px){.uag-blocks-common-selector{z-index:var(--z-index-mobile) !important}}\n.wp-block-uagb-faq{width:100%}.wp-block-uagb-faq.uagb-faq-layout-accordion .uagb-faq-child__outer-wrap .uagb-faq-questions-button{cursor:pointer}.wp-block-uagb-faq .uagb-faq-content{margin-bottom:0}.wp-block-uagb-faq .uagb-faq-content p{margin:auto}.uagb-faq-layout-grid.uagb-faq-equal-height.uagb-faq__wrap .uagb-faq-child__outer-wrap,.uagb-faq-layout-grid.uagb-faq-equal-height.uagb-faq__wrap .uagb-faq-item{height:100%}body[class*=\"astra\"] .uagb-faq-questions{line-height:normal}.uagb-faq-item{overflow:hidden}\n.wp-block-uagb-faq-child .uagb-faq-questions-button{display:flex;align-items:center}.wp-block-uagb-faq-child .uagb-faq-questions-button .uagb-faq-icon-wrap{display:flex;align-items:center}.wp-block-uagb-faq-child .uagb-faq-questions-button .uagb-question{width:100%;margin-top:0;margin-bottom:0}.wp-block-uagb-faq-child .uagb-icon svg,.wp-block-uagb-faq-child .uagb-icon-active svg{width:15px;height:15px;font-size:15px}.wp-block-uagb-faq-child.uagb-faq-child__outer-wrap.uagb-faq-item .uagb-icon-active,.wp-block-uagb-faq-child.uagb-faq-child__outer-wrap.uagb-faq-item.uagb-faq-item-active .uagb-icon,.wp-block-uagb-faq-child.uagb-faq-child__outer-wrap .uagb-faq-item .uagb-icon-active,.wp-block-uagb-faq-child.uagb-faq-child__outer-wrap .uagb-faq-item.uagb-faq-item-active .uagb-icon{display:none;width:0;padding:0;height:0;margin:0}.wp-block-uagb-faq-child.uagb-faq-child__outer-wrap.uagb-faq-item .uagb-icon,.wp-block-uagb-faq-child.uagb-faq-child__outer-wrap.uagb-faq-item.uagb-faq-item-active .uagb-icon-active,.wp-block-uagb-faq-child.uagb-faq-child__outer-wrap .uagb-faq-item .uagb-icon,.wp-block-uagb-faq-child.uagb-faq-child__outer-wrap .uagb-faq-item.uagb-faq-item-active .uagb-icon-active{display:flex;width:auto;height:auto}.uagb-faq-layout-grid .uagb-faq-child__outer-wrap.uagb-faq-item .uagb-icon,.uagb-faq-layout-grid .uagb-faq-child__outer-wrap.uagb-faq-item.uagb-faq-item-active .uagb-icon-active,.uagb-faq-layout-grid .uagb-faq-child__outer-wrap .uagb-faq-item .uagb-icon,.uagb-faq-layout-grid .uagb-faq-child__outer-wrap .uagb-faq-item.uagb-faq-item-active .uagb-icon-active{display:none}.uagb-faq-layout-grid .uagb-faq-child__outer-wrap.uagb-faq-item span.uagb-icon-active.uagb-faq-icon-wrap,.uagb-faq-layout-grid .uagb-faq-child__outer-wrap.uagb-faq-item.uagb-faq-item-active .uagb-icon-active,.uagb-faq-layout-grid .uagb-faq-child__outer-wrap .uagb-faq-item span.uagb-icon-active.uagb-faq-icon-wrap,.uagb-faq-layout-grid .uagb-faq-child__outer-wrap .uagb-faq-item.uagb-faq-item-active .uagb-icon-active{display:none}\n.uagb-block-55b5edaf .uagb-icon svg{width: 12px;height: 12px;font-size: 12px;}.uagb-block-55b5edaf .uagb-icon-active svg{width: 12px;height: 12px;font-size: 12px;}.uagb-block-55b5edaf .uagb-faq-child__outer-wrap{margin-bottom: 10px;}.uagb-block-55b5edaf .uagb-faq-item{border-top-width: 1px;border-left-width: 1px;border-right-width: 1px;border-bottom-width: 1px;border-top-left-radius: 2px;border-top-right-radius: 2px;border-bottom-left-radius: 2px;border-bottom-right-radius: 2px;border-color: #1e1e1e;border-style: solid;}.uagb-block-55b5edaf .uagb-faq-questions-button{padding-top: 10px;padding-bottom: 10px;padding-right: 10px;padding-left: 10px;}.uagb-block-55b5edaf .uagb-faq-content{padding-top: 10px;padding-bottom: 10px;padding-right: 10px;padding-left: 10px;}.uagb-block-55b5edaf .uagb-faq-content span{margin-top: 10px;margin-bottom: 10px;margin-right: 10px;margin-left: 10px;}.uagb-block-55b5edaf.uagb-faq-icon-row .uagb-faq-item .uagb-faq-icon-wrap{margin-right: 10px;}.uagb-block-55b5edaf.uagb-faq-icon-row-reverse .uagb-faq-item .uagb-faq-icon-wrap{margin-left: 10px;}.uagb-block-55b5edaf .uagb-faq-item .uagb-faq-questions-button.uagb-faq-questions{flex-direction: row;}.uagb-block-55b5edaf .wp-block-uagb-faq-child.uagb-faq-child__outer-wrap .uagb-faq-content {display: none;}@media only screen and (max-width: 976px) {.uagb-block-55b5edaf.uagb-faq-icon-row .uagb-faq-item .uagb-faq-icon-wrap{margin-right: 10px;}.uagb-block-55b5edaf.uagb-faq-icon-row-reverse .uagb-faq-item .uagb-faq-icon-wrap{margin-left: 10px;}.uagb-block-55b5edaf .uagb-faq-questions-button{padding-top: 10px;padding-bottom: 10px;padding-right: 10px;padding-left: 10px;}.uagb-block-55b5edaf .uagb-faq-content{padding-top: 10px;padding-bottom: 10px;padding-right: 10px;padding-left: 10px;}.uagb-block-55b5edaf .uagb-faq-content span{margin-top: 10px;margin-bottom: 10px;margin-right: 10px;margin-left: 10px;}}@media only screen and (max-width: 767px) {.uagb-block-55b5edaf.uagb-faq-icon-row .uagb-faq-item .uagb-faq-icon-wrap{margin-right: 10px;}.uagb-block-55b5edaf.uagb-faq-icon-row-reverse .uagb-faq-item .uagb-faq-icon-wrap{margin-left: 10px;}.uagb-block-55b5edaf .uagb-faq-questions-button{padding-top: 10px;padding-bottom: 10px;padding-right: 10px;padding-left: 10px;}.uagb-block-55b5edaf .uagb-faq-content{padding-top: 10px;padding-bottom: 10px;padding-right: 10px;padding-left: 10px;}.uagb-block-55b5edaf .uagb-faq-content span{margin-top: 10px;margin-bottom: 10px;margin-right: 10px;margin-left: 10px;}}\";s:2:\"js\";s:0:\"\";s:18:\"current_block_list\";a:10:{i:0;s:11:\"core\/search\";i:1;s:10:\"core\/group\";i:2;s:12:\"core\/heading\";i:3;s:17:\"core\/latest-posts\";i:4;s:20:\"core\/latest-comments\";i:5;s:13:\"core\/archives\";i:6;s:15:\"core\/categories\";i:7;s:14:\"core\/paragraph\";i:8;s:8:\"uagb\/faq\";i:9;s:14:\"uagb\/faq-child\";}s:8:\"uag_flag\";b:1;s:11:\"uag_version\";s:10:\"1775829763\";s:6:\"gfonts\";a:0:{}s:10:\"gfonts_url\";s:0:\"\";s:12:\"gfonts_files\";a:0:{}s:14:\"uag_faq_layout\";b:1;}"],"_uag_css_file_name":["uag-css-2482.css"]},"uagb_featured_image_src":{"full":["https:\/\/senyenergy.com\/wp-content\/uploads\/2025\/05\/solar-shingle-flashing.jpg",800,800,false],"thumbnail":["https:\/\/senyenergy.com\/wp-content\/uploads\/2025\/05\/solar-shingle-flashing-150x150.jpg",150,150,true],"medium":["https:\/\/senyenergy.com\/wp-content\/uploads\/2025\/05\/solar-shingle-flashing-300x300.jpg",300,300,true],"medium_large":["https:\/\/senyenergy.com\/wp-content\/uploads\/2025\/05\/solar-shingle-flashing-768x768.jpg",768,768,true],"large":["https:\/\/senyenergy.com\/wp-content\/uploads\/2025\/05\/solar-shingle-flashing.jpg",800,800,false],"1536x1536":["https:\/\/senyenergy.com\/wp-content\/uploads\/2025\/05\/solar-shingle-flashing.jpg",800,800,false],"2048x2048":["https:\/\/senyenergy.com\/wp-content\/uploads\/2025\/05\/solar-shingle-flashing.jpg",800,800,false],"trp-custom-language-flag":["https:\/\/senyenergy.com\/wp-content\/uploads\/2025\/05\/solar-shingle-flashing-12x12.jpg",12,12,true],"woocommerce_thumbnail":["https:\/\/senyenergy.com\/wp-content\/uploads\/2025\/05\/solar-shingle-flashing-300x300.jpg",300,300,true],"woocommerce_single":["https:\/\/senyenergy.com\/wp-content\/uploads\/2025\/05\/solar-shingle-flashing-600x600.jpg",600,600,true],"woocommerce_gallery_thumbnail":["https:\/\/senyenergy.com\/wp-content\/uploads\/2025\/05\/solar-shingle-flashing-100x100.jpg",100,100,true]},"uagb_author_info":{"display_name":"wp-admin","author_link":"https:\/\/senyenergy.com\/pt\/author\/"},"uagb_comment_info":0,"uagb_excerpt":"Solar Asphalt Roof Shingle Flashing\u00a0Kit is designed for the asphalt shingle roof as tile replacement for better water resistance. The design for the flashing plate with a round swelling are perfectly fit with the L bracket to prevent water. The material for the Shingle replacement plate is Aluminum AL6005-T5, which have a 25 years lifetime.&hellip;","_links":{"self":[{"href":"https:\/\/senyenergy.com\/pt\/wp-json\/wp\/v2\/product\/2482","targetHints":{"allow":["GET"]}}],"collection":[{"href":"https:\/\/senyenergy.com\/pt\/wp-json\/wp\/v2\/product"}],"about":[{"href":"https:\/\/senyenergy.com\/pt\/wp-json\/wp\/v2\/types\/product"}],"wp:featuredmedia":[{"embeddable":true,"href":"https:\/\/senyenergy.com\/pt\/wp-json\/wp\/v2\/media\/2487"}],"wp:attachment":[{"href":"https:\/\/senyenergy.com\/pt\/wp-json\/wp\/v2\/media?parent=2482"}],"wp:term":[{"taxonomy":"product_brand","embeddable":true,"href":"https:\/\/senyenergy.com\/pt\/wp-json\/wp\/v2\/product_brand?post=2482"},{"taxonomy":"product_cat","embeddable":true,"href":"https:\/\/senyenergy.com\/pt\/wp-json\/wp\/v2\/product_cat?post=2482"},{"taxonomy":"product_tag","embeddable":true,"href":"https:\/\/senyenergy.com\/pt\/wp-json\/wp\/v2\/product_tag?post=2482"}],"curies":[{"name":"wp","href":"https:\/\/api.w.org\/{rel}","templated":true}]}}