{"id":2476,"date":"2025-05-23T10:11:51","date_gmt":"2025-05-23T02:11:51","guid":{"rendered":"https:\/\/senyenergy.com\/?post_type=product&#038;p=2476"},"modified":"2025-07-13T10:53:01","modified_gmt":"2025-07-13T02:53:01","slug":"suporte-de-pes-em-l-com-125-mm-de-altura-para-montagem-em-telhado-de-metal-solar","status":"publish","type":"product","link":"https:\/\/senyenergy.com\/pt\/product\/suporte-de-pes-em-l-com-125-mm-de-altura-para-montagem-em-telhado-de-metal-solar\/","title":{"rendered":"Suporte de p\u00e9s em L para montagem em telhado met\u00e1lico de 125 mm"},"content":{"rendered":"<p><strong><b>Suporte de 125 mm para p\u00e9s solares em L <\/b><\/strong>para montagem solar em telhados met\u00e1licos \u00e9 uma pe\u00e7a de componentes de montagem solar muito universal, porque pode ser utilizada para a maioria dos tipos de montagem fotovoltaica em telhados met\u00e1licos. Os \u00e2ngulos de instala\u00e7\u00e3o est\u00e3o dispon\u00edveis de 0 graus a 60 graus. O suporte de p\u00e9s em L para montagem solar proporciona uma instala\u00e7\u00e3o simples para montagem em telhado de metal solar. Al\u00e9m disso, \u00e9 tamb\u00e9m uma das solu\u00e7\u00f5es mais econ\u00f3micas aplicadas para telhados universais de chapa met\u00e1lica ondulada e trapezoidal.<\/p>\n<p>&nbsp;<\/p>\n<p><strong><b>Este suporte de 125mm Solar L Feet<\/b><\/strong>O design do furo longo \u00e9 flex\u00edvel para ajustar a altura da calha, tornando a instala\u00e7\u00e3o mais r\u00e1pida e eficaz. O design do furo longo \u00e9 flex\u00edvel para ajustar a altura do carril, tornando a instala\u00e7\u00e3o mais r\u00e1pida.<\/p>\n<p>&nbsp;<\/p>\n<p>Este suporte de montagem de p\u00e9s em L \u00e9 feito de material AL6005-T5 de boa qualidade, leve, resistente \u00e0 corros\u00e3o e dur\u00e1vel. O tratamento da superf\u00edcie serrilhada da parte superior pode ser fixado com firmeza ao carril para evitar o deslizamento. A almofada de borracha EPDM de alta qualidade \u00e9 bastante dur\u00e1vel para uma vida \u00fatil longa.<\/p>\n<p>&nbsp;<\/p>\n<p>Carater\u00edsticas de <strong><b>Suporte de 125 mm para p\u00e9s solares em L<\/b><\/strong><strong><b> para montagem em telhados met\u00e1licos<\/b><\/strong>:<\/p>\n<p>Design em forma de L: Proporciona um ponto de ancoragem forte e est\u00e1vel para os pain\u00e9is solares, garantindo uma fixa\u00e7\u00e3o segura.<\/p>\n<p>125 mm de altura: Oferece uma folga adequada para uma ventila\u00e7\u00e3o e drenagem corretas por baixo dos pain\u00e9is solares.<\/p>\n<p>Compatibilidade vers\u00e1til: Adequado para v\u00e1rias configura\u00e7\u00f5es de pain\u00e9is solares e tipos de telhado.<\/p>\n<p>Estabilidade: Garante uma fixa\u00e7\u00e3o segura, reduzindo o risco de movimento do painel em caso de ventos fortes.<\/p>\n<p>Facilidade de instala\u00e7\u00e3o: Concebido para uma instala\u00e7\u00e3o r\u00e1pida e direta, minimizando o tempo de trabalho.<\/p>\n<p>Desempenho melhorado: Permite a ventila\u00e7\u00e3o, ajudando a manter temperaturas de funcionamento \u00f3ptimas para os pain\u00e9is solares.<\/p>\n<p>Resist\u00eancia \u00e0 corros\u00e3o: Os materiais duradouros garantem um desempenho a longo prazo em v\u00e1rias condi\u00e7\u00f5es climat\u00e9ricas.<\/p>\n<p>&nbsp;<\/p>\n<p>O <strong><b>Suporte de 125 mm para p\u00e9s solares em L <\/b><\/strong>pode ser montado com parafusos de madeira e auto-perfurantes ou com os nossos parafusos de suspens\u00e3o para satisfazer diferentes exig\u00eancias e ter\u00e7as de telhado, e a almofada de borracha EPDM pode evitar fugas de \u00e1gua causadas pela perfura\u00e7\u00e3o. Os p\u00e9s em L s\u00e3o montados diretamente no telhado de metal e ligados a calhas que s\u00e3o montadas lateralmente, simples e f\u00e1ceis de instalar.<\/p>\n<p>&nbsp;<\/p>\n<p>FAQs<\/p>\n<p>P: Posso empilhar p\u00e9s em L para aumentar a altura?<\/p>\n<p>R: N\u00e3o recomendado; utilize um suporte mais alto ou consulte o fabricante.<\/p>\n<p>&nbsp;<\/p>\n<p>P: Os 125 mm s\u00e3o adequados para telhados planos?<\/p>\n<p>R: Sim, mas assegure um \u00e2ngulo de inclina\u00e7\u00e3o adequado para a drenagem.<\/p>\n<p>&nbsp;<\/p>\n<p>P: Quantos p\u00e9s em L por painel?<\/p>\n<p>R: Tipicamente 4-8, dependendo do tamanho do painel e do espa\u00e7amento.<\/p>\n<p>Para requisitos precisos, partilhe os detalhes do seu projeto (tipo de telhado, localiza\u00e7\u00e3o, especifica\u00e7\u00f5es dos pain\u00e9is) com um instalador ou fornecedor de energia solar para confirmar a compatibilidade.<\/p>","protected":false},"excerpt":{"rendered":"<p>125mm de altura deste <strong><b>P\u00e9 em L para suporte solar<\/b><\/strong>O design do furo longo \u00e9 flex\u00edvel para ajustar a altura do carril, tornando a instala\u00e7\u00e3o mais r\u00e1pida.<\/p>\n<div class=\"wp-block-button popmake-1937\"><a class=\"wp-block-button__link wp-element-button\">verifica\u00e7\u00e3o de pre\u00e7os<\/a><\/div>","protected":false},"featured_media":2477,"template":"","meta":{"_uag_custom_page_level_css":"","site-sidebar-layout":"default","site-content-layout":"","ast-site-content-layout":"default","site-content-style":"default","site-sidebar-style":"default","ast-global-header-display":"","ast-banner-title-visibility":"","ast-main-header-display":"","ast-hfb-above-header-display":"","ast-hfb-below-header-display":"","ast-hfb-mobile-header-display":"","site-post-title":"","ast-breadcrumbs-content":"","ast-featured-img":"","footer-sml-layout":"","ast-disable-related-posts":"","theme-transparent-header-meta":"default","adv-header-id-meta":"","stick-header-meta":"","header-above-stick-meta":"","header-main-stick-meta":"","header-below-stick-meta":"","astra-migrate-meta-layouts":"set","ast-page-background-enabled":"default","ast-page-background-meta":{"desktop":{"background-color":"","background-image":"","background-repeat":"repeat","background-position":"center center","background-size":"auto","background-attachment":"scroll","background-type":"","background-media":"","overlay-type":"","overlay-color":"","overlay-opacity":"","overlay-gradient":""},"tablet":{"background-color":"","background-image":"","background-repeat":"repeat","background-position":"center center","background-size":"auto","background-attachment":"scroll","background-type":"","background-media":"","overlay-type":"","overlay-color":"","overlay-opacity":"","overlay-gradient":""},"mobile":{"background-color":"","background-image":"","background-repeat":"repeat","background-position":"center center","background-size":"auto","background-attachment":"scroll","background-type":"","background-media":"","overlay-type":"","overlay-color":"","overlay-opacity":"","overlay-gradient":""}},"ast-content-background-meta":{"desktop":{"background-color":"var(--ast-global-color-5)","background-image":"","background-repeat":"repeat","background-position":"center center","background-size":"auto","background-attachment":"scroll","background-type":"","background-media":"","overlay-type":"","overlay-color":"","overlay-opacity":"","overlay-gradient":""},"tablet":{"background-color":"var(--ast-global-color-5)","background-image":"","background-repeat":"repeat","background-position":"center center","background-size":"auto","background-attachment":"scroll","background-type":"","background-media":"","overlay-type":"","overlay-color":"","overlay-opacity":"","overlay-gradient":""},"mobile":{"background-color":"var(--ast-global-color-5)","background-image":"","background-repeat":"repeat","background-position":"center center","background-size":"auto","background-attachment":"scroll","background-type":"","background-media":"","overlay-type":"","overlay-color":"","overlay-opacity":"","overlay-gradient":""}}},"product_brand":[],"product_cat":[25,23,33],"product_tag":[123,124,51,54,120,125,53,34,119,117,52,118],"class_list":{"0":"post-2476","1":"product","2":"type-product","3":"status-publish","4":"has-post-thumbnail","6":"product_cat-excellent","7":"product_cat-solar-accessories","8":"product_cat-solar-panel-accessories","9":"product_tag-l-foot-solar-bracket","10":"product_tag-l-foot-solar-mounting","11":"product_tag-metal-roof-solar-mounting","12":"product_tag-rooftop-solar-mounting","13":"product_tag-solar-energy","14":"product_tag-solar-l-foot-system","15":"product_tag-solar-mounting-system","16":"product_tag-solar-panel","17":"product_tag-solar-system","18":"product_tag-tin-roof-solar-mounting","19":"product_tag-trapezoidal-metal-roof-solar-mounting","20":"product_tag-trapezoidal-sheet-solar-mounting","21":"desktop-align-left","22":"tablet-align-left","23":"mobile-align-left","25":"first","26":"instock","27":"shipping-taxable","28":"product-type-simple"},"spectra_custom_meta":{"_uabb_version":["1.36.1"],"_edit_last":["1"],"_edit_lock":["1752375205:1"],"_thumbnail_id":["2477"],"total_sales":["0"],"_tax_status":["taxable"],"_tax_class":[""],"_manage_stock":["no"],"_backorders":["no"],"_sold_individually":["no"],"_virtual":["no"],"_downloadable":["no"],"_download_limit":["-1"],"_download_expiry":["-1"],"_stock":[null],"_stock_status":["instock"],"_wc_average_rating":["0"],"_wc_review_count":["0"],"_product_version":["9.6.2"],"_product_image_gallery":["2481,2478,2479,2480"],"site-sidebar-layout":["default"],"ast-site-content-layout":["default"],"site-content-style":["default"],"site-sidebar-style":["default"],"theme-transparent-header-meta":["default"],"astra-migrate-meta-layouts":["set"],"_uag_page_assets":["a:9:{s:3:\"css\";s:5055:\".wp-block-uagb-faq{width:100%}.wp-block-uagb-faq.uagb-faq-layout-accordion .uagb-faq-child__outer-wrap .uagb-faq-questions-button{cursor:pointer}.wp-block-uagb-faq .uagb-faq-content{margin-bottom:0}.wp-block-uagb-faq .uagb-faq-content p{margin:auto}.uagb-faq-layout-grid.uagb-faq-equal-height.uagb-faq__wrap .uagb-faq-child__outer-wrap,.uagb-faq-layout-grid.uagb-faq-equal-height.uagb-faq__wrap .uagb-faq-item{height:100%}body[class*=\"astra\"] .uagb-faq-questions{line-height:normal}.uagb-faq-item{overflow:hidden}\n.wp-block-uagb-faq-child .uagb-faq-questions-button{display:flex;align-items:center}.wp-block-uagb-faq-child .uagb-faq-questions-button .uagb-faq-icon-wrap{display:flex;align-items:center}.wp-block-uagb-faq-child .uagb-faq-questions-button .uagb-question{width:100%;margin-top:0;margin-bottom:0}.wp-block-uagb-faq-child .uagb-icon svg,.wp-block-uagb-faq-child .uagb-icon-active svg{width:15px;height:15px;font-size:15px}.wp-block-uagb-faq-child.uagb-faq-child__outer-wrap.uagb-faq-item .uagb-icon-active,.wp-block-uagb-faq-child.uagb-faq-child__outer-wrap.uagb-faq-item.uagb-faq-item-active .uagb-icon,.wp-block-uagb-faq-child.uagb-faq-child__outer-wrap .uagb-faq-item .uagb-icon-active,.wp-block-uagb-faq-child.uagb-faq-child__outer-wrap .uagb-faq-item.uagb-faq-item-active .uagb-icon{display:none;width:0;padding:0;height:0;margin:0}.wp-block-uagb-faq-child.uagb-faq-child__outer-wrap.uagb-faq-item .uagb-icon,.wp-block-uagb-faq-child.uagb-faq-child__outer-wrap.uagb-faq-item.uagb-faq-item-active .uagb-icon-active,.wp-block-uagb-faq-child.uagb-faq-child__outer-wrap .uagb-faq-item .uagb-icon,.wp-block-uagb-faq-child.uagb-faq-child__outer-wrap .uagb-faq-item.uagb-faq-item-active .uagb-icon-active{display:flex;width:auto;height:auto}.uagb-faq-layout-grid .uagb-faq-child__outer-wrap.uagb-faq-item .uagb-icon,.uagb-faq-layout-grid .uagb-faq-child__outer-wrap.uagb-faq-item.uagb-faq-item-active .uagb-icon-active,.uagb-faq-layout-grid .uagb-faq-child__outer-wrap .uagb-faq-item .uagb-icon,.uagb-faq-layout-grid .uagb-faq-child__outer-wrap .uagb-faq-item.uagb-faq-item-active .uagb-icon-active{display:none}.uagb-faq-layout-grid .uagb-faq-child__outer-wrap.uagb-faq-item span.uagb-icon-active.uagb-faq-icon-wrap,.uagb-faq-layout-grid .uagb-faq-child__outer-wrap.uagb-faq-item.uagb-faq-item-active .uagb-icon-active,.uagb-faq-layout-grid .uagb-faq-child__outer-wrap .uagb-faq-item span.uagb-icon-active.uagb-faq-icon-wrap,.uagb-faq-layout-grid .uagb-faq-child__outer-wrap .uagb-faq-item.uagb-faq-item-active .uagb-icon-active{display:none}\n.uagb-block-55b5edaf .uagb-icon svg{width: 12px;height: 12px;font-size: 12px;}.uagb-block-55b5edaf .uagb-icon-active svg{width: 12px;height: 12px;font-size: 12px;}.uagb-block-55b5edaf .uagb-faq-child__outer-wrap{margin-bottom: 10px;}.uagb-block-55b5edaf .uagb-faq-item{border-top-width: 1px;border-left-width: 1px;border-right-width: 1px;border-bottom-width: 1px;border-top-left-radius: 2px;border-top-right-radius: 2px;border-bottom-left-radius: 2px;border-bottom-right-radius: 2px;border-color: #1e1e1e;border-style: solid;}.uagb-block-55b5edaf .uagb-faq-questions-button{padding-top: 10px;padding-bottom: 10px;padding-right: 10px;padding-left: 10px;}.uagb-block-55b5edaf .uagb-faq-content{padding-top: 10px;padding-bottom: 10px;padding-right: 10px;padding-left: 10px;}.uagb-block-55b5edaf .uagb-faq-content span{margin-top: 10px;margin-bottom: 10px;margin-right: 10px;margin-left: 10px;}.uagb-block-55b5edaf.uagb-faq-icon-row .uagb-faq-item .uagb-faq-icon-wrap{margin-right: 10px;}.uagb-block-55b5edaf.uagb-faq-icon-row-reverse .uagb-faq-item .uagb-faq-icon-wrap{margin-left: 10px;}.uagb-block-55b5edaf .uagb-faq-item .uagb-faq-questions-button.uagb-faq-questions{flex-direction: row;}.uagb-block-55b5edaf .wp-block-uagb-faq-child.uagb-faq-child__outer-wrap .uagb-faq-content {display: none;}@media only screen and (max-width: 976px) {.uagb-block-55b5edaf.uagb-faq-icon-row .uagb-faq-item .uagb-faq-icon-wrap{margin-right: 10px;}.uagb-block-55b5edaf.uagb-faq-icon-row-reverse .uagb-faq-item .uagb-faq-icon-wrap{margin-left: 10px;}.uagb-block-55b5edaf .uagb-faq-questions-button{padding-top: 10px;padding-bottom: 10px;padding-right: 10px;padding-left: 10px;}.uagb-block-55b5edaf .uagb-faq-content{padding-top: 10px;padding-bottom: 10px;padding-right: 10px;padding-left: 10px;}.uagb-block-55b5edaf .uagb-faq-content span{margin-top: 10px;margin-bottom: 10px;margin-right: 10px;margin-left: 10px;}}@media only screen and (max-width: 767px) {.uagb-block-55b5edaf.uagb-faq-icon-row .uagb-faq-item .uagb-faq-icon-wrap{margin-right: 10px;}.uagb-block-55b5edaf.uagb-faq-icon-row-reverse .uagb-faq-item .uagb-faq-icon-wrap{margin-left: 10px;}.uagb-block-55b5edaf .uagb-faq-questions-button{padding-top: 10px;padding-bottom: 10px;padding-right: 10px;padding-left: 10px;}.uagb-block-55b5edaf .uagb-faq-content{padding-top: 10px;padding-bottom: 10px;padding-right: 10px;padding-left: 10px;}.uagb-block-55b5edaf .uagb-faq-content span{margin-top: 10px;margin-bottom: 10px;margin-right: 10px;margin-left: 10px;}}\";s:2:\"js\";s:0:\"\";s:18:\"current_block_list\";a:10:{i:0;s:11:\"core\/search\";i:1;s:10:\"core\/group\";i:2;s:12:\"core\/heading\";i:3;s:17:\"core\/latest-posts\";i:4;s:20:\"core\/latest-comments\";i:5;s:13:\"core\/archives\";i:6;s:15:\"core\/categories\";i:7;s:14:\"core\/paragraph\";i:8;s:8:\"uagb\/faq\";i:9;s:14:\"uagb\/faq-child\";}s:8:\"uag_flag\";b:1;s:11:\"uag_version\";s:10:\"1775829763\";s:6:\"gfonts\";a:0:{}s:10:\"gfonts_url\";s:0:\"\";s:12:\"gfonts_files\";a:0:{}s:14:\"uag_faq_layout\";b:1;}"],"_uag_css_file_name":["uag-css-2476.css"]},"uagb_featured_image_src":{"full":["https:\/\/senyenergy.com\/wp-content\/uploads\/2025\/05\/125mm-L-foot-bracket-for-solar-metal-roof-mounting.jpg",800,800,false],"thumbnail":["https:\/\/senyenergy.com\/wp-content\/uploads\/2025\/05\/125mm-L-foot-bracket-for-solar-metal-roof-mounting-150x150.jpg",150,150,true],"medium":["https:\/\/senyenergy.com\/wp-content\/uploads\/2025\/05\/125mm-L-foot-bracket-for-solar-metal-roof-mounting-300x300.jpg",300,300,true],"medium_large":["https:\/\/senyenergy.com\/wp-content\/uploads\/2025\/05\/125mm-L-foot-bracket-for-solar-metal-roof-mounting-768x768.jpg",768,768,true],"large":["https:\/\/senyenergy.com\/wp-content\/uploads\/2025\/05\/125mm-L-foot-bracket-for-solar-metal-roof-mounting.jpg",800,800,false],"1536x1536":["https:\/\/senyenergy.com\/wp-content\/uploads\/2025\/05\/125mm-L-foot-bracket-for-solar-metal-roof-mounting.jpg",800,800,false],"2048x2048":["https:\/\/senyenergy.com\/wp-content\/uploads\/2025\/05\/125mm-L-foot-bracket-for-solar-metal-roof-mounting.jpg",800,800,false],"trp-custom-language-flag":["https:\/\/senyenergy.com\/wp-content\/uploads\/2025\/05\/125mm-L-foot-bracket-for-solar-metal-roof-mounting-12x12.jpg",12,12,true],"woocommerce_thumbnail":["https:\/\/senyenergy.com\/wp-content\/uploads\/2025\/05\/125mm-L-foot-bracket-for-solar-metal-roof-mounting-300x300.jpg",300,300,true],"woocommerce_single":["https:\/\/senyenergy.com\/wp-content\/uploads\/2025\/05\/125mm-L-foot-bracket-for-solar-metal-roof-mounting-600x600.jpg",600,600,true],"woocommerce_gallery_thumbnail":["https:\/\/senyenergy.com\/wp-content\/uploads\/2025\/05\/125mm-L-foot-bracket-for-solar-metal-roof-mounting-100x100.jpg",100,100,true]},"uagb_author_info":{"display_name":"wp-admin","author_link":"https:\/\/senyenergy.com\/pt\/author\/"},"uagb_comment_info":0,"uagb_excerpt":"125mm height of this L foot for solar bracket, make more space between solar panel and roofing,conducive to the heat dissipation of solar panels.Ensure the service life of solar panels and the most efficient power generation output.The long hole design is flexible for adjusting the height of \u00a0the rail, make the installation more faster. price&hellip;","_links":{"self":[{"href":"https:\/\/senyenergy.com\/pt\/wp-json\/wp\/v2\/product\/2476","targetHints":{"allow":["GET"]}}],"collection":[{"href":"https:\/\/senyenergy.com\/pt\/wp-json\/wp\/v2\/product"}],"about":[{"href":"https:\/\/senyenergy.com\/pt\/wp-json\/wp\/v2\/types\/product"}],"wp:featuredmedia":[{"embeddable":true,"href":"https:\/\/senyenergy.com\/pt\/wp-json\/wp\/v2\/media\/2477"}],"wp:attachment":[{"href":"https:\/\/senyenergy.com\/pt\/wp-json\/wp\/v2\/media?parent=2476"}],"wp:term":[{"taxonomy":"product_brand","embeddable":true,"href":"https:\/\/senyenergy.com\/pt\/wp-json\/wp\/v2\/product_brand?post=2476"},{"taxonomy":"product_cat","embeddable":true,"href":"https:\/\/senyenergy.com\/pt\/wp-json\/wp\/v2\/product_cat?post=2476"},{"taxonomy":"product_tag","embeddable":true,"href":"https:\/\/senyenergy.com\/pt\/wp-json\/wp\/v2\/product_tag?post=2476"}],"curies":[{"name":"wp","href":"https:\/\/api.w.org\/{rel}","templated":true}]}}