{"id":2442,"date":"2025-05-15T15:57:59","date_gmt":"2025-05-15T07:57:59","guid":{"rendered":"https:\/\/senyenergy.com\/?post_type=product&#038;p=2442"},"modified":"2025-05-15T15:57:59","modified_gmt":"2025-05-15T07:57:59","slug":"montagem-solar-em-teto-plano-tpo-a-prova-de-agua-e-flexivel","status":"publish","type":"product","link":"https:\/\/senyenergy.com\/pt\/product\/montagem-solar-em-teto-plano-tpo-a-prova-de-agua-e-flexivel\/","title":{"rendered":"Montagem solar em telhado plano de TPO \u00e0 prova de \u00e1gua e flex\u00edvel"},"content":{"rendered":"<p>Os telhados planos de TPO (Olefina Termopl\u00e1stica) s\u00e3o normalmente utilizados em telhados comerciais e industriais e podem ser eficazmente utilizados para instala\u00e7\u00f5es de pain\u00e9is solares.<\/p>\n<p>Desenvolvemos uma nova estrutura de montagem fotovoltaica feita de a\u00e7o inoxid\u00e1vel e alum\u00ednio, proporcionando uma combina\u00e7\u00e3o perfeita entre os suportes de fixa\u00e7\u00e3o TPO e os telhados met\u00e1licos trapezoidais. O aparelho inclui uma calha, kits de grampos, um kit de suporte, o suporte de fixa\u00e7\u00e3o de telhado TPO e uma placa de cobertura TPO.<\/p>\n<p>O nosso <strong><b>Montagem solar em telhado plano de TPO<\/b><\/strong>\u00a0A cobertura flex\u00edvel \u00e0 prova de \u00e1gua foi concebida principalmente para coberturas de telhas de a\u00e7o coloridas, abordando quest\u00f5es fundamentais como a impermeabiliza\u00e7\u00e3o e o envelhecimento. Acrescenta uma camada de isolamento e uma camada de material TPO\/PVC de longa dura\u00e7\u00e3o no topo da camada estrutural. A estrutura principal do sistema de suporte solar para telhados \u00e0 prova de \u00e1gua TPO (base TPO) \u00e9 feita de a\u00e7o inoxid\u00e1vel e liga de alum\u00ednio. O seu design profissional \u00e0 prova de \u00e1gua garante que os propriet\u00e1rios n\u00e3o precisam de se preocupar com fugas no telhado, satisfazendo eficazmente as necessidades duplas de instala\u00e7\u00e3o da central de energia solar e de prote\u00e7\u00e3o do telhado.<\/p>\n<p>&nbsp;<\/p>\n<p>Carater\u00edsticas do <strong><b>Montagem solar em telhado plano de TPO<\/b><\/strong>\u00a0:<\/p>\n<p>Sistemas de montagem n\u00e3o penetrantes: Concebidos para fixar os pain\u00e9is solares sem penetrar na membrana, reduzindo o risco de fugas. Excelente desempenho \u00e0 prova de \u00e1gua<\/p>\n<p>Estantes ajust\u00e1veis: Muitos sistemas oferecem \u00e2ngulos ajust\u00e1veis para otimizar a orienta\u00e7\u00e3o do painel solar para uma exposi\u00e7\u00e3o m\u00e1xima \u00e0 luz solar.<\/p>\n<p>Materiais resistentes \u00e0 corros\u00e3o: Constru\u00eddo em alum\u00ednio e a\u00e7o inoxid\u00e1vel para resistir \u00e0s condi\u00e7\u00f5es climat\u00e9ricas.<\/p>\n<p>Integridade do telhado: Minimiza o risco de danificar a membrana da cobertura, preservando a garantia e a integridade do telhado.<\/p>\n<p>Facilidade de instala\u00e7\u00e3o: Os sistemas n\u00e3o penetrantes podem ser instalados rapidamente, exigindo frequentemente menos m\u00e3o de obra e tempo.<\/p>\n<p>Flexibilidade: As estantes ajust\u00e1veis permitem um posicionamento \u00f3timo dos pain\u00e9is, melhorando a produ\u00e7\u00e3o de energia.<\/p>\n<p>&nbsp;<\/p>\n<p>Etapas de instala\u00e7\u00e3o de <strong><b>Montagem solar em telhado plano de TPO <\/b><\/strong>:<\/p>\n<p>1. posicionamento e perfura\u00e7\u00e3o.<\/p>\n<p>2. limpar os orif\u00edcios e lavar a superf\u00edcie.<\/p>\n<p>3.Instala\u00e7\u00e3o dos suportes.<\/p>\n<p>4. realiza\u00e7\u00e3o de soldadura por ar quente.<\/p>\n<p>5) Instala\u00e7\u00e3o das calhas.<\/p>\n<p>A membrana imperme\u00e1vel TPO, ou membrana imperme\u00e1vel de poliolefina termopl\u00e1stica, \u00e9 um novo tipo de material de impermeabiliza\u00e7\u00e3o. \u00c9 feita de resina sint\u00e9tica de poliolefina termopl\u00e1stica (TPO), que combina borracha de etileno-propileno e polipropileno atrav\u00e9s de tecnologia de polimeriza\u00e7\u00e3o avan\u00e7ada. S\u00e3o adicionados antioxidantes, agentes anti-envelhecimento e amaciadores para melhorar as suas propriedades. Al\u00e9m disso, o tecido de malha de fibra de poli\u00e9ster pode ser utilizado como material de refor\u00e7o interno para criar uma membrana imperme\u00e1vel melhorada. Este produto pertence \u00e0 categoria de membranas imperme\u00e1veis de pol\u00edmeros sint\u00e9ticos.<\/p>\n<p>&nbsp;<\/p>\n<p><strong><b>Montagem solar em telhado plano de TPO<\/b><\/strong>\u00a0As principais carater\u00edsticas da solu\u00e7\u00e3o \u00e0 prova de \u00e1gua incluem uma forte adaptabilidade ambiental, elevada resist\u00eancia ao descasque da costura, excelente resist\u00eancia ao envelhecimento, resist\u00eancia \u00e0 corros\u00e3o qu\u00edmica, boa plasticidade, sem necessidade de uma camada protetora quando exposta, constru\u00e7\u00e3o conveniente e sem polui\u00e7\u00e3o e excelente resist\u00eancia \u00e0 perfura\u00e7\u00e3o.<\/p>","protected":false},"excerpt":{"rendered":"<p>O nosso <strong><b>Montagem solar em telhado plano de TPO<\/b><\/strong> A cobertura flex\u00edvel \u00e0 prova de \u00e1gua foi concebida principalmente para coberturas de telhas de a\u00e7o coloridas, abordando quest\u00f5es fundamentais como a impermeabiliza\u00e7\u00e3o e o envelhecimento. Acrescenta uma camada de isolamento e uma camada de material TPO\/PVC de longa dura\u00e7\u00e3o no topo da camada estrutural. A estrutura principal do sistema de suporte solar para telhados \u00e0 prova de \u00e1gua TPO (base TPO) \u00e9 feita de a\u00e7o inoxid\u00e1vel e liga de alum\u00ednio. O seu design profissional \u00e0 prova de \u00e1gua garante que os propriet\u00e1rios n\u00e3o precisam de se preocupar com fugas no telhado, satisfazendo eficazmente as necessidades duplas de instala\u00e7\u00e3o da central de energia solar e de prote\u00e7\u00e3o do telhado.<\/p>\n<div class=\"wp-block-button popmake-1937\"><a class=\"wp-block-button__link wp-element-button\">verifica\u00e7\u00e3o de pre\u00e7os<\/a><\/div>","protected":false},"featured_media":2448,"template":"","meta":{"_uag_custom_page_level_css":"","site-sidebar-layout":"default","site-content-layout":"","ast-site-content-layout":"default","site-content-style":"default","site-sidebar-style":"default","ast-global-header-display":"","ast-banner-title-visibility":"","ast-main-header-display":"","ast-hfb-above-header-display":"","ast-hfb-below-header-display":"","ast-hfb-mobile-header-display":"","site-post-title":"","ast-breadcrumbs-content":"","ast-featured-img":"","footer-sml-layout":"","ast-disable-related-posts":"","theme-transparent-header-meta":"default","adv-header-id-meta":"","stick-header-meta":"","header-above-stick-meta":"","header-main-stick-meta":"","header-below-stick-meta":"","astra-migrate-meta-layouts":"set","ast-page-background-enabled":"default","ast-page-background-meta":{"desktop":{"background-color":"","background-image":"","background-repeat":"repeat","background-position":"center center","background-size":"auto","background-attachment":"scroll","background-type":"","background-media":"","overlay-type":"","overlay-color":"","overlay-opacity":"","overlay-gradient":""},"tablet":{"background-color":"","background-image":"","background-repeat":"repeat","background-position":"center center","background-size":"auto","background-attachment":"scroll","background-type":"","background-media":"","overlay-type":"","overlay-color":"","overlay-opacity":"","overlay-gradient":""},"mobile":{"background-color":"","background-image":"","background-repeat":"repeat","background-position":"center center","background-size":"auto","background-attachment":"scroll","background-type":"","background-media":"","overlay-type":"","overlay-color":"","overlay-opacity":"","overlay-gradient":""}},"ast-content-background-meta":{"desktop":{"background-color":"var(--ast-global-color-5)","background-image":"","background-repeat":"repeat","background-position":"center center","background-size":"auto","background-attachment":"scroll","background-type":"","background-media":"","overlay-type":"","overlay-color":"","overlay-opacity":"","overlay-gradient":""},"tablet":{"background-color":"var(--ast-global-color-5)","background-image":"","background-repeat":"repeat","background-position":"center center","background-size":"auto","background-attachment":"scroll","background-type":"","background-media":"","overlay-type":"","overlay-color":"","overlay-opacity":"","overlay-gradient":""},"mobile":{"background-color":"var(--ast-global-color-5)","background-image":"","background-repeat":"repeat","background-position":"center center","background-size":"auto","background-attachment":"scroll","background-type":"","background-media":"","overlay-type":"","overlay-color":"","overlay-opacity":"","overlay-gradient":""}}},"product_brand":[],"product_cat":[25,61,24],"product_tag":[54,46,53,34,101,98,100,99],"class_list":{"0":"post-2442","1":"product","2":"type-product","3":"status-publish","4":"has-post-thumbnail","6":"product_cat-excellent","7":"product_cat-solar-metal-roof-mounting-system","8":"product_cat-solar-mounting-system","9":"product_tag-rooftop-solar-mounting","10":"product_tag-solar-adjustable-mounting","11":"product_tag-solar-mounting-system","12":"product_tag-solar-panel","13":"product_tag-thermoplastic-polyolefin-tpo-waterproof-membrane","14":"product_tag-tpo-roof-solar-mounting","15":"product_tag-tpo-solar-solution","16":"product_tag-tpo-solar-system","17":"desktop-align-left","18":"tablet-align-left","19":"mobile-align-left","21":"first","22":"instock","23":"shipping-taxable","24":"product-type-simple"},"spectra_custom_meta":{"_uabb_version":["1.36.1"],"_edit_last":["1"],"_edit_lock":["1747295803:1"],"_thumbnail_id":["2448"],"total_sales":["0"],"_tax_status":["taxable"],"_tax_class":[""],"_manage_stock":["no"],"_backorders":["no"],"_sold_individually":["no"],"_virtual":["no"],"_downloadable":["no"],"_download_limit":["-1"],"_download_expiry":["-1"],"_stock":[null],"_stock_status":["instock"],"_wc_average_rating":["0"],"_wc_review_count":["0"],"_product_version":["9.6.2"],"_product_image_gallery":["2444,2445,2446,2443,2447"],"site-sidebar-layout":["default"],"ast-site-content-layout":["default"],"site-content-style":["default"],"site-sidebar-style":["default"],"theme-transparent-header-meta":["default"],"astra-migrate-meta-layouts":["set"],"_uag_page_assets":["a:9:{s:3:\"css\";s:5318:\".uag-blocks-common-selector{z-index:var(--z-index-desktop) !important}@media (max-width: 976px){.uag-blocks-common-selector{z-index:var(--z-index-tablet) !important}}@media (max-width: 767px){.uag-blocks-common-selector{z-index:var(--z-index-mobile) !important}}\n.wp-block-uagb-faq{width:100%}.wp-block-uagb-faq.uagb-faq-layout-accordion .uagb-faq-child__outer-wrap .uagb-faq-questions-button{cursor:pointer}.wp-block-uagb-faq .uagb-faq-content{margin-bottom:0}.wp-block-uagb-faq .uagb-faq-content p{margin:auto}.uagb-faq-layout-grid.uagb-faq-equal-height.uagb-faq__wrap .uagb-faq-child__outer-wrap,.uagb-faq-layout-grid.uagb-faq-equal-height.uagb-faq__wrap .uagb-faq-item{height:100%}body[class*=\"astra\"] .uagb-faq-questions{line-height:normal}.uagb-faq-item{overflow:hidden}\n.wp-block-uagb-faq-child .uagb-faq-questions-button{display:flex;align-items:center}.wp-block-uagb-faq-child .uagb-faq-questions-button .uagb-faq-icon-wrap{display:flex;align-items:center}.wp-block-uagb-faq-child .uagb-faq-questions-button .uagb-question{width:100%;margin-top:0;margin-bottom:0}.wp-block-uagb-faq-child .uagb-icon svg,.wp-block-uagb-faq-child .uagb-icon-active svg{width:15px;height:15px;font-size:15px}.wp-block-uagb-faq-child.uagb-faq-child__outer-wrap.uagb-faq-item .uagb-icon-active,.wp-block-uagb-faq-child.uagb-faq-child__outer-wrap.uagb-faq-item.uagb-faq-item-active .uagb-icon,.wp-block-uagb-faq-child.uagb-faq-child__outer-wrap .uagb-faq-item .uagb-icon-active,.wp-block-uagb-faq-child.uagb-faq-child__outer-wrap .uagb-faq-item.uagb-faq-item-active .uagb-icon{display:none;width:0;padding:0;height:0;margin:0}.wp-block-uagb-faq-child.uagb-faq-child__outer-wrap.uagb-faq-item .uagb-icon,.wp-block-uagb-faq-child.uagb-faq-child__outer-wrap.uagb-faq-item.uagb-faq-item-active .uagb-icon-active,.wp-block-uagb-faq-child.uagb-faq-child__outer-wrap .uagb-faq-item .uagb-icon,.wp-block-uagb-faq-child.uagb-faq-child__outer-wrap .uagb-faq-item.uagb-faq-item-active .uagb-icon-active{display:flex;width:auto;height:auto}.uagb-faq-layout-grid .uagb-faq-child__outer-wrap.uagb-faq-item .uagb-icon,.uagb-faq-layout-grid .uagb-faq-child__outer-wrap.uagb-faq-item.uagb-faq-item-active .uagb-icon-active,.uagb-faq-layout-grid .uagb-faq-child__outer-wrap .uagb-faq-item .uagb-icon,.uagb-faq-layout-grid .uagb-faq-child__outer-wrap .uagb-faq-item.uagb-faq-item-active .uagb-icon-active{display:none}.uagb-faq-layout-grid .uagb-faq-child__outer-wrap.uagb-faq-item span.uagb-icon-active.uagb-faq-icon-wrap,.uagb-faq-layout-grid .uagb-faq-child__outer-wrap.uagb-faq-item.uagb-faq-item-active .uagb-icon-active,.uagb-faq-layout-grid .uagb-faq-child__outer-wrap .uagb-faq-item span.uagb-icon-active.uagb-faq-icon-wrap,.uagb-faq-layout-grid .uagb-faq-child__outer-wrap .uagb-faq-item.uagb-faq-item-active .uagb-icon-active{display:none}\n.uagb-block-55b5edaf .uagb-icon svg{width: 12px;height: 12px;font-size: 12px;}.uagb-block-55b5edaf .uagb-icon-active svg{width: 12px;height: 12px;font-size: 12px;}.uagb-block-55b5edaf .uagb-faq-child__outer-wrap{margin-bottom: 10px;}.uagb-block-55b5edaf .uagb-faq-item{border-top-width: 1px;border-left-width: 1px;border-right-width: 1px;border-bottom-width: 1px;border-top-left-radius: 2px;border-top-right-radius: 2px;border-bottom-left-radius: 2px;border-bottom-right-radius: 2px;border-color: #1e1e1e;border-style: solid;}.uagb-block-55b5edaf .uagb-faq-questions-button{padding-top: 10px;padding-bottom: 10px;padding-right: 10px;padding-left: 10px;}.uagb-block-55b5edaf .uagb-faq-content{padding-top: 10px;padding-bottom: 10px;padding-right: 10px;padding-left: 10px;}.uagb-block-55b5edaf .uagb-faq-content span{margin-top: 10px;margin-bottom: 10px;margin-right: 10px;margin-left: 10px;}.uagb-block-55b5edaf.uagb-faq-icon-row .uagb-faq-item .uagb-faq-icon-wrap{margin-right: 10px;}.uagb-block-55b5edaf.uagb-faq-icon-row-reverse .uagb-faq-item .uagb-faq-icon-wrap{margin-left: 10px;}.uagb-block-55b5edaf .uagb-faq-item .uagb-faq-questions-button.uagb-faq-questions{flex-direction: row;}.uagb-block-55b5edaf .wp-block-uagb-faq-child.uagb-faq-child__outer-wrap .uagb-faq-content {display: none;}@media only screen and (max-width: 976px) {.uagb-block-55b5edaf.uagb-faq-icon-row .uagb-faq-item .uagb-faq-icon-wrap{margin-right: 10px;}.uagb-block-55b5edaf.uagb-faq-icon-row-reverse .uagb-faq-item .uagb-faq-icon-wrap{margin-left: 10px;}.uagb-block-55b5edaf .uagb-faq-questions-button{padding-top: 10px;padding-bottom: 10px;padding-right: 10px;padding-left: 10px;}.uagb-block-55b5edaf .uagb-faq-content{padding-top: 10px;padding-bottom: 10px;padding-right: 10px;padding-left: 10px;}.uagb-block-55b5edaf .uagb-faq-content span{margin-top: 10px;margin-bottom: 10px;margin-right: 10px;margin-left: 10px;}}@media only screen and (max-width: 767px) {.uagb-block-55b5edaf.uagb-faq-icon-row .uagb-faq-item .uagb-faq-icon-wrap{margin-right: 10px;}.uagb-block-55b5edaf.uagb-faq-icon-row-reverse .uagb-faq-item .uagb-faq-icon-wrap{margin-left: 10px;}.uagb-block-55b5edaf .uagb-faq-questions-button{padding-top: 10px;padding-bottom: 10px;padding-right: 10px;padding-left: 10px;}.uagb-block-55b5edaf .uagb-faq-content{padding-top: 10px;padding-bottom: 10px;padding-right: 10px;padding-left: 10px;}.uagb-block-55b5edaf .uagb-faq-content span{margin-top: 10px;margin-bottom: 10px;margin-right: 10px;margin-left: 10px;}}\";s:2:\"js\";s:0:\"\";s:18:\"current_block_list\";a:10:{i:0;s:11:\"core\/search\";i:1;s:10:\"core\/group\";i:2;s:12:\"core\/heading\";i:3;s:17:\"core\/latest-posts\";i:4;s:20:\"core\/latest-comments\";i:5;s:13:\"core\/archives\";i:6;s:15:\"core\/categories\";i:7;s:14:\"core\/paragraph\";i:8;s:8:\"uagb\/faq\";i:9;s:14:\"uagb\/faq-child\";}s:8:\"uag_flag\";b:1;s:11:\"uag_version\";s:10:\"1775829763\";s:6:\"gfonts\";a:0:{}s:10:\"gfonts_url\";s:0:\"\";s:12:\"gfonts_files\";a:0:{}s:14:\"uag_faq_layout\";b:1;}"],"_uag_css_file_name":["uag-css-2442.css"]},"uagb_featured_image_src":{"full":["https:\/\/senyenergy.com\/wp-content\/uploads\/2025\/05\/TPO-solar-mounting-structures.jpg",800,800,false],"thumbnail":["https:\/\/senyenergy.com\/wp-content\/uploads\/2025\/05\/TPO-solar-mounting-structures-150x150.jpg",150,150,true],"medium":["https:\/\/senyenergy.com\/wp-content\/uploads\/2025\/05\/TPO-solar-mounting-structures-300x300.jpg",300,300,true],"medium_large":["https:\/\/senyenergy.com\/wp-content\/uploads\/2025\/05\/TPO-solar-mounting-structures-768x768.jpg",768,768,true],"large":["https:\/\/senyenergy.com\/wp-content\/uploads\/2025\/05\/TPO-solar-mounting-structures.jpg",800,800,false],"1536x1536":["https:\/\/senyenergy.com\/wp-content\/uploads\/2025\/05\/TPO-solar-mounting-structures.jpg",800,800,false],"2048x2048":["https:\/\/senyenergy.com\/wp-content\/uploads\/2025\/05\/TPO-solar-mounting-structures.jpg",800,800,false],"trp-custom-language-flag":["https:\/\/senyenergy.com\/wp-content\/uploads\/2025\/05\/TPO-solar-mounting-structures-12x12.jpg",12,12,true],"woocommerce_thumbnail":["https:\/\/senyenergy.com\/wp-content\/uploads\/2025\/05\/TPO-solar-mounting-structures-300x300.jpg",300,300,true],"woocommerce_single":["https:\/\/senyenergy.com\/wp-content\/uploads\/2025\/05\/TPO-solar-mounting-structures-600x600.jpg",600,600,true],"woocommerce_gallery_thumbnail":["https:\/\/senyenergy.com\/wp-content\/uploads\/2025\/05\/TPO-solar-mounting-structures-100x100.jpg",100,100,true]},"uagb_author_info":{"display_name":"wp-admin","author_link":"https:\/\/senyenergy.com\/pt\/author\/"},"uagb_comment_info":0,"uagb_excerpt":"Our Flat TPO Roof Solar Mounting flexible waterproof roof is primarily designed for color steel tile roofs, addressing key issues such as waterproofing and aging. It adds an insulation layer and a long-life TPO\/PVC material layer on top of the structural layer. The main structure of the TPO waterproof roof solar bracket system (TPO base)&hellip;","_links":{"self":[{"href":"https:\/\/senyenergy.com\/pt\/wp-json\/wp\/v2\/product\/2442","targetHints":{"allow":["GET"]}}],"collection":[{"href":"https:\/\/senyenergy.com\/pt\/wp-json\/wp\/v2\/product"}],"about":[{"href":"https:\/\/senyenergy.com\/pt\/wp-json\/wp\/v2\/types\/product"}],"wp:featuredmedia":[{"embeddable":true,"href":"https:\/\/senyenergy.com\/pt\/wp-json\/wp\/v2\/media\/2448"}],"wp:attachment":[{"href":"https:\/\/senyenergy.com\/pt\/wp-json\/wp\/v2\/media?parent=2442"}],"wp:term":[{"taxonomy":"product_brand","embeddable":true,"href":"https:\/\/senyenergy.com\/pt\/wp-json\/wp\/v2\/product_brand?post=2442"},{"taxonomy":"product_cat","embeddable":true,"href":"https:\/\/senyenergy.com\/pt\/wp-json\/wp\/v2\/product_cat?post=2442"},{"taxonomy":"product_tag","embeddable":true,"href":"https:\/\/senyenergy.com\/pt\/wp-json\/wp\/v2\/product_tag?post=2442"}],"curies":[{"name":"wp","href":"https:\/\/api.w.org\/{rel}","templated":true}]}}