{"id":2435,"date":"2025-05-14T15:48:44","date_gmt":"2025-05-14T07:48:44","guid":{"rendered":"https:\/\/senyenergy.com\/?post_type=product&#038;p=2435"},"modified":"2025-05-14T15:48:45","modified_gmt":"2025-05-14T07:48:45","slug":"parafuso-de-terra-solar-galvanizado-com-flange-para-fundacao-de-montagem-solar","status":"publish","type":"product","link":"https:\/\/senyenergy.com\/pt\/product\/parafuso-de-terra-solar-galvanizado-com-flange-para-fundacao-de-montagem-solar\/","title":{"rendered":"Parafuso de terra galvanizado solar com flange para funda\u00e7\u00e3o de montagem solar"},"content":{"rendered":"<p>O parafuso de solo galvanizado solar \u00e9 um sistema de ancoragem helicoidal utilizado para fixar estruturas de montagem solar (por exemplo, carports, matrizes montadas no solo). A flange \u00e9 uma placa plana soldada na parte superior do parafuso, permitindo a fixa\u00e7\u00e3o direta a estantes solares ou sistemas de solo. Os nossos <strong><b>parafuso de terra solar galvanizado com flange<\/b><\/strong>\u00a0\u00e9 uma solu\u00e7\u00e3o eficiente e robusta para fixar suportes de pain\u00e9is solares em v\u00e1rias condi\u00e7\u00f5es de solo.<\/p>\n<p>Carater\u00edsticas de <strong><b>parafuso de terra solar galvanizado com flange<\/b><\/strong>\u00a0:<\/p>\n<ol>\n<li>Constru\u00e7\u00e3o em a\u00e7o galvanizado: Fabricado em a\u00e7o galvanizado para resistir \u00e0 corros\u00e3o e garantir a durabilidade em ambientes exteriores.<\/li>\n<li>Design de flange: A flange proporciona uma base est\u00e1vel para a montagem de estruturas solares e melhora a distribui\u00e7\u00e3o da carga.<\/li>\n<li>Instala\u00e7\u00e3o f\u00e1cil: Concebida para uma instala\u00e7\u00e3o r\u00e1pida com o m\u00ednimo de ferramentas, utilizando frequentemente um acionamento hidr\u00e1ulico ou aparafusamento manual.<\/li>\n<li>Variedade de tamanhos: Dispon\u00edvel em v\u00e1rios comprimentos e di\u00e2metros para acomodar diferentes tipos de solo e profundidades de instala\u00e7\u00e3o.<\/li>\n<li>Econ\u00f3mica: Reduz a necessidade de funda\u00e7\u00f5es de bet\u00e3o, diminuindo os custos e o tempo de instala\u00e7\u00e3o.<\/li>\n<li>Versatilidade: Adequado para uma gama de aplica\u00e7\u00f5es, incluindo instala\u00e7\u00f5es solares residenciais, comerciais e \u00e0 escala de servi\u00e7os p\u00fablicos.<\/li>\n<\/ol>\n<p>Aplica\u00e7\u00f5es de <strong><b>parafuso de terra solar galvanizado com flange<\/b><\/strong>e:<\/p>\n<p>Sistemas solares montados no solo: Ideal para fixar os pain\u00e9is solares em campos abertos ou terrenos irregulares.<\/p>\n<p>Estruturas de carports: Pode ser utilizado para ancorar os carports solares, proporcionando estabilidade e apoio.<\/p>\n<p>Projectos solares fora da rede: Perfeito para instala\u00e7\u00f5es remotas onde as funda\u00e7\u00f5es tradicionais podem n\u00e3o ser vi\u00e1veis.<\/p>\n<p>&nbsp;<\/p>\n<p>Vantagens em rela\u00e7\u00e3o \u00e0s funda\u00e7\u00f5es de bet\u00e3o tradicionais<\/p>\n<p>Sem bet\u00e3o: Instala\u00e7\u00e3o mais r\u00e1pida, amiga do ambiente.<\/p>\n<p>Ajust\u00e1vel: Pode ser desaparafusado e reposicionado.<\/p>\n<p>Resistente \u00e0 corros\u00e3o: O revestimento galvanizado dura mais de 20-30 anos.<\/p>\n<p>Suporte de carga: Suporta cargas verticais\/horizontais elevadas (por exemplo, vento\/neve).<\/p>\n<p>&nbsp;<\/p>\n<p><strong><b>S<\/b><\/strong><strong><b>parafuso de terra galvanizado olar com flange<\/b><\/strong>\u00a0\u00e9 uma solu\u00e7\u00e3o eficaz para fixar de forma segura os sistemas de pain\u00e9is solares. A sua durabilidade, facilidade de instala\u00e7\u00e3o e rela\u00e7\u00e3o custo-efic\u00e1cia tornam-no uma escolha popular para v\u00e1rias aplica\u00e7\u00f5es solares.<\/p>\n<p>Precisa de uma recomenda\u00e7\u00e3o personalizada?<\/p>\n<ul>\n<li>Forne\u00e7a os detalhes do seu projeto:<\/li>\n<li>Tipo de solo<\/li>\n<li>Requisitos de carga (por exemplo, peso do painel + cargas de vento\/neve)<\/li>\n<li>Localiza\u00e7\u00e3o (para a profundidade da linha de gelo)<\/li>\n<\/ul>\n<p>Eu ajudo-o a escolher as especifica\u00e7\u00f5es corretas do parafuso de terra!<\/p>","protected":false},"excerpt":{"rendered":"<p>O parafuso de terra solar galvanizado com flange \u00e9 uma solu\u00e7\u00e3o eficaz para fixar com seguran\u00e7a os sistemas de pain\u00e9is solares. A sua durabilidade, facilidade de instala\u00e7\u00e3o e rela\u00e7\u00e3o custo-efic\u00e1cia fazem dele uma escolha popular para v\u00e1rias aplica\u00e7\u00f5es solares. Se tiver mais perguntas ou precisar de recomenda\u00e7\u00f5es espec\u00edficas, n\u00e3o hesite em perguntar!<\/p>\n<div class=\"wp-block-button popmake-1937\"><a class=\"wp-block-button__link wp-element-button\">verifica\u00e7\u00e3o de pre\u00e7os<\/a><\/div>","protected":false},"featured_media":2441,"template":"","meta":{"_uag_custom_page_level_css":"","site-sidebar-layout":"default","site-content-layout":"","ast-site-content-layout":"default","site-content-style":"default","site-sidebar-style":"default","ast-global-header-display":"","ast-banner-title-visibility":"","ast-main-header-display":"","ast-hfb-above-header-display":"","ast-hfb-below-header-display":"","ast-hfb-mobile-header-display":"","site-post-title":"","ast-breadcrumbs-content":"","ast-featured-img":"","footer-sml-layout":"","ast-disable-related-posts":"","theme-transparent-header-meta":"default","adv-header-id-meta":"","stick-header-meta":"","header-above-stick-meta":"","header-main-stick-meta":"","header-below-stick-meta":"","astra-migrate-meta-layouts":"set","ast-page-background-enabled":"default","ast-page-background-meta":{"desktop":{"background-color":"","background-image":"","background-repeat":"repeat","background-position":"center center","background-size":"auto","background-attachment":"scroll","background-type":"","background-media":"","overlay-type":"","overlay-color":"","overlay-opacity":"","overlay-gradient":""},"tablet":{"background-color":"","background-image":"","background-repeat":"repeat","background-position":"center center","background-size":"auto","background-attachment":"scroll","background-type":"","background-media":"","overlay-type":"","overlay-color":"","overlay-opacity":"","overlay-gradient":""},"mobile":{"background-color":"","background-image":"","background-repeat":"repeat","background-position":"center center","background-size":"auto","background-attachment":"scroll","background-type":"","background-media":"","overlay-type":"","overlay-color":"","overlay-opacity":"","overlay-gradient":""}},"ast-content-background-meta":{"desktop":{"background-color":"var(--ast-global-color-5)","background-image":"","background-repeat":"repeat","background-position":"center center","background-size":"auto","background-attachment":"scroll","background-type":"","background-media":"","overlay-type":"","overlay-color":"","overlay-opacity":"","overlay-gradient":""},"tablet":{"background-color":"var(--ast-global-color-5)","background-image":"","background-repeat":"repeat","background-position":"center center","background-size":"auto","background-attachment":"scroll","background-type":"","background-media":"","overlay-type":"","overlay-color":"","overlay-opacity":"","overlay-gradient":""},"mobile":{"background-color":"var(--ast-global-color-5)","background-image":"","background-repeat":"repeat","background-position":"center center","background-size":"auto","background-attachment":"scroll","background-type":"","background-media":"","overlay-type":"","overlay-color":"","overlay-opacity":"","overlay-gradient":""}}},"product_brand":[],"product_cat":[25,23],"product_tag":[90,97,95,93,96,91,89,94,53,92],"class_list":{"0":"post-2435","1":"product","2":"type-product","3":"status-publish","4":"has-post-thumbnail","6":"product_cat-excellent","7":"product_cat-solar-accessories","8":"product_tag-ground-screw","9":"product_tag-ground-screw-with-flange","10":"product_tag-ground-screws-anchor","11":"product_tag-helical-screw-piles","12":"product_tag-pile-solar-ground-system","13":"product_tag-solar-ground-mounting","14":"product_tag-solar-grounding-system","15":"product_tag-solar-mounting-foundation","16":"product_tag-solar-mounting-system","17":"product_tag-solar-pile-screw","18":"desktop-align-left","19":"tablet-align-left","20":"mobile-align-left","22":"first","23":"instock","24":"shipping-taxable","25":"product-type-simple"},"spectra_custom_meta":{"_uabb_version":["1.36.1"],"_edit_last":["1"],"_edit_lock":["1747294587:1"],"_thumbnail_id":["2441"],"total_sales":["0"],"_tax_status":["taxable"],"_tax_class":[""],"_manage_stock":["no"],"_backorders":["no"],"_sold_individually":["no"],"_virtual":["no"],"_downloadable":["no"],"_download_limit":["-1"],"_download_expiry":["-1"],"_stock":[null],"_stock_status":["instock"],"_wc_average_rating":["0"],"_wc_review_count":["0"],"_product_version":["9.6.2"],"_product_image_gallery":["2436,2437,2438,2439,2440"],"site-sidebar-layout":["default"],"ast-site-content-layout":["default"],"site-content-style":["default"],"site-sidebar-style":["default"],"theme-transparent-header-meta":["default"],"astra-migrate-meta-layouts":["set"],"_uag_page_assets":["a:9:{s:3:\"css\";s:5318:\".uag-blocks-common-selector{z-index:var(--z-index-desktop) !important}@media (max-width: 976px){.uag-blocks-common-selector{z-index:var(--z-index-tablet) !important}}@media (max-width: 767px){.uag-blocks-common-selector{z-index:var(--z-index-mobile) !important}}\n.wp-block-uagb-faq{width:100%}.wp-block-uagb-faq.uagb-faq-layout-accordion .uagb-faq-child__outer-wrap .uagb-faq-questions-button{cursor:pointer}.wp-block-uagb-faq .uagb-faq-content{margin-bottom:0}.wp-block-uagb-faq .uagb-faq-content p{margin:auto}.uagb-faq-layout-grid.uagb-faq-equal-height.uagb-faq__wrap .uagb-faq-child__outer-wrap,.uagb-faq-layout-grid.uagb-faq-equal-height.uagb-faq__wrap .uagb-faq-item{height:100%}body[class*=\"astra\"] .uagb-faq-questions{line-height:normal}.uagb-faq-item{overflow:hidden}\n.wp-block-uagb-faq-child .uagb-faq-questions-button{display:flex;align-items:center}.wp-block-uagb-faq-child .uagb-faq-questions-button .uagb-faq-icon-wrap{display:flex;align-items:center}.wp-block-uagb-faq-child .uagb-faq-questions-button .uagb-question{width:100%;margin-top:0;margin-bottom:0}.wp-block-uagb-faq-child .uagb-icon svg,.wp-block-uagb-faq-child .uagb-icon-active svg{width:15px;height:15px;font-size:15px}.wp-block-uagb-faq-child.uagb-faq-child__outer-wrap.uagb-faq-item .uagb-icon-active,.wp-block-uagb-faq-child.uagb-faq-child__outer-wrap.uagb-faq-item.uagb-faq-item-active .uagb-icon,.wp-block-uagb-faq-child.uagb-faq-child__outer-wrap .uagb-faq-item .uagb-icon-active,.wp-block-uagb-faq-child.uagb-faq-child__outer-wrap .uagb-faq-item.uagb-faq-item-active .uagb-icon{display:none;width:0;padding:0;height:0;margin:0}.wp-block-uagb-faq-child.uagb-faq-child__outer-wrap.uagb-faq-item .uagb-icon,.wp-block-uagb-faq-child.uagb-faq-child__outer-wrap.uagb-faq-item.uagb-faq-item-active .uagb-icon-active,.wp-block-uagb-faq-child.uagb-faq-child__outer-wrap .uagb-faq-item .uagb-icon,.wp-block-uagb-faq-child.uagb-faq-child__outer-wrap .uagb-faq-item.uagb-faq-item-active .uagb-icon-active{display:flex;width:auto;height:auto}.uagb-faq-layout-grid .uagb-faq-child__outer-wrap.uagb-faq-item .uagb-icon,.uagb-faq-layout-grid .uagb-faq-child__outer-wrap.uagb-faq-item.uagb-faq-item-active .uagb-icon-active,.uagb-faq-layout-grid .uagb-faq-child__outer-wrap .uagb-faq-item .uagb-icon,.uagb-faq-layout-grid .uagb-faq-child__outer-wrap .uagb-faq-item.uagb-faq-item-active .uagb-icon-active{display:none}.uagb-faq-layout-grid .uagb-faq-child__outer-wrap.uagb-faq-item span.uagb-icon-active.uagb-faq-icon-wrap,.uagb-faq-layout-grid .uagb-faq-child__outer-wrap.uagb-faq-item.uagb-faq-item-active .uagb-icon-active,.uagb-faq-layout-grid .uagb-faq-child__outer-wrap .uagb-faq-item span.uagb-icon-active.uagb-faq-icon-wrap,.uagb-faq-layout-grid .uagb-faq-child__outer-wrap .uagb-faq-item.uagb-faq-item-active .uagb-icon-active{display:none}\n.uagb-block-55b5edaf .uagb-icon svg{width: 12px;height: 12px;font-size: 12px;}.uagb-block-55b5edaf .uagb-icon-active svg{width: 12px;height: 12px;font-size: 12px;}.uagb-block-55b5edaf .uagb-faq-child__outer-wrap{margin-bottom: 10px;}.uagb-block-55b5edaf .uagb-faq-item{border-top-width: 1px;border-left-width: 1px;border-right-width: 1px;border-bottom-width: 1px;border-top-left-radius: 2px;border-top-right-radius: 2px;border-bottom-left-radius: 2px;border-bottom-right-radius: 2px;border-color: #1e1e1e;border-style: solid;}.uagb-block-55b5edaf .uagb-faq-questions-button{padding-top: 10px;padding-bottom: 10px;padding-right: 10px;padding-left: 10px;}.uagb-block-55b5edaf .uagb-faq-content{padding-top: 10px;padding-bottom: 10px;padding-right: 10px;padding-left: 10px;}.uagb-block-55b5edaf .uagb-faq-content span{margin-top: 10px;margin-bottom: 10px;margin-right: 10px;margin-left: 10px;}.uagb-block-55b5edaf.uagb-faq-icon-row .uagb-faq-item .uagb-faq-icon-wrap{margin-right: 10px;}.uagb-block-55b5edaf.uagb-faq-icon-row-reverse .uagb-faq-item .uagb-faq-icon-wrap{margin-left: 10px;}.uagb-block-55b5edaf .uagb-faq-item .uagb-faq-questions-button.uagb-faq-questions{flex-direction: row;}.uagb-block-55b5edaf .wp-block-uagb-faq-child.uagb-faq-child__outer-wrap .uagb-faq-content {display: none;}@media only screen and (max-width: 976px) {.uagb-block-55b5edaf.uagb-faq-icon-row .uagb-faq-item .uagb-faq-icon-wrap{margin-right: 10px;}.uagb-block-55b5edaf.uagb-faq-icon-row-reverse .uagb-faq-item .uagb-faq-icon-wrap{margin-left: 10px;}.uagb-block-55b5edaf .uagb-faq-questions-button{padding-top: 10px;padding-bottom: 10px;padding-right: 10px;padding-left: 10px;}.uagb-block-55b5edaf .uagb-faq-content{padding-top: 10px;padding-bottom: 10px;padding-right: 10px;padding-left: 10px;}.uagb-block-55b5edaf .uagb-faq-content span{margin-top: 10px;margin-bottom: 10px;margin-right: 10px;margin-left: 10px;}}@media only screen and (max-width: 767px) {.uagb-block-55b5edaf.uagb-faq-icon-row .uagb-faq-item .uagb-faq-icon-wrap{margin-right: 10px;}.uagb-block-55b5edaf.uagb-faq-icon-row-reverse .uagb-faq-item .uagb-faq-icon-wrap{margin-left: 10px;}.uagb-block-55b5edaf .uagb-faq-questions-button{padding-top: 10px;padding-bottom: 10px;padding-right: 10px;padding-left: 10px;}.uagb-block-55b5edaf .uagb-faq-content{padding-top: 10px;padding-bottom: 10px;padding-right: 10px;padding-left: 10px;}.uagb-block-55b5edaf .uagb-faq-content span{margin-top: 10px;margin-bottom: 10px;margin-right: 10px;margin-left: 10px;}}\";s:2:\"js\";s:0:\"\";s:18:\"current_block_list\";a:10:{i:0;s:11:\"core\/search\";i:1;s:10:\"core\/group\";i:2;s:12:\"core\/heading\";i:3;s:17:\"core\/latest-posts\";i:4;s:20:\"core\/latest-comments\";i:5;s:13:\"core\/archives\";i:6;s:15:\"core\/categories\";i:7;s:14:\"core\/paragraph\";i:8;s:8:\"uagb\/faq\";i:9;s:14:\"uagb\/faq-child\";}s:8:\"uag_flag\";b:1;s:11:\"uag_version\";s:10:\"1775829763\";s:6:\"gfonts\";a:0:{}s:10:\"gfonts_url\";s:0:\"\";s:12:\"gfonts_files\";a:0:{}s:14:\"uag_faq_layout\";b:1;}"],"_uag_css_file_name":["uag-css-2435.css"]},"uagb_featured_image_src":{"full":["https:\/\/senyenergy.com\/wp-content\/uploads\/2025\/05\/Helical-Screw-Piles.jpg",800,800,false],"thumbnail":["https:\/\/senyenergy.com\/wp-content\/uploads\/2025\/05\/Helical-Screw-Piles-150x150.jpg",150,150,true],"medium":["https:\/\/senyenergy.com\/wp-content\/uploads\/2025\/05\/Helical-Screw-Piles-300x300.jpg",300,300,true],"medium_large":["https:\/\/senyenergy.com\/wp-content\/uploads\/2025\/05\/Helical-Screw-Piles-768x768.jpg",768,768,true],"large":["https:\/\/senyenergy.com\/wp-content\/uploads\/2025\/05\/Helical-Screw-Piles.jpg",800,800,false],"1536x1536":["https:\/\/senyenergy.com\/wp-content\/uploads\/2025\/05\/Helical-Screw-Piles.jpg",800,800,false],"2048x2048":["https:\/\/senyenergy.com\/wp-content\/uploads\/2025\/05\/Helical-Screw-Piles.jpg",800,800,false],"trp-custom-language-flag":["https:\/\/senyenergy.com\/wp-content\/uploads\/2025\/05\/Helical-Screw-Piles-12x12.jpg",12,12,true],"woocommerce_thumbnail":["https:\/\/senyenergy.com\/wp-content\/uploads\/2025\/05\/Helical-Screw-Piles-300x300.jpg",300,300,true],"woocommerce_single":["https:\/\/senyenergy.com\/wp-content\/uploads\/2025\/05\/Helical-Screw-Piles-600x600.jpg",600,600,true],"woocommerce_gallery_thumbnail":["https:\/\/senyenergy.com\/wp-content\/uploads\/2025\/05\/Helical-Screw-Piles-100x100.jpg",100,100,true]},"uagb_author_info":{"display_name":"wp-admin","author_link":"https:\/\/senyenergy.com\/pt\/author\/"},"uagb_comment_info":0,"uagb_excerpt":"solar galvanized ground screw with flange is an effective solution for anchoring solar panel systems securely. Its durability, ease of installation, and cost-effectiveness make it a popular choice for various solar applications. If you have further questions or need specific recommendations, feel free to ask! price check","_links":{"self":[{"href":"https:\/\/senyenergy.com\/pt\/wp-json\/wp\/v2\/product\/2435","targetHints":{"allow":["GET"]}}],"collection":[{"href":"https:\/\/senyenergy.com\/pt\/wp-json\/wp\/v2\/product"}],"about":[{"href":"https:\/\/senyenergy.com\/pt\/wp-json\/wp\/v2\/types\/product"}],"wp:featuredmedia":[{"embeddable":true,"href":"https:\/\/senyenergy.com\/pt\/wp-json\/wp\/v2\/media\/2441"}],"wp:attachment":[{"href":"https:\/\/senyenergy.com\/pt\/wp-json\/wp\/v2\/media?parent=2435"}],"wp:term":[{"taxonomy":"product_brand","embeddable":true,"href":"https:\/\/senyenergy.com\/pt\/wp-json\/wp\/v2\/product_brand?post=2435"},{"taxonomy":"product_cat","embeddable":true,"href":"https:\/\/senyenergy.com\/pt\/wp-json\/wp\/v2\/product_cat?post=2435"},{"taxonomy":"product_tag","embeddable":true,"href":"https:\/\/senyenergy.com\/pt\/wp-json\/wp\/v2\/product_tag?post=2435"}],"curies":[{"name":"wp","href":"https:\/\/api.w.org\/{rel}","templated":true}]}}