{"id":2429,"date":"2025-05-13T15:49:59","date_gmt":"2025-05-13T07:49:59","guid":{"rendered":"https:\/\/senyenergy.com\/?post_type=product&#038;p=2429"},"modified":"2025-06-30T15:27:39","modified_gmt":"2025-06-30T07:27:39","slug":"jumper-de-ligacao-a-terra-solar-em-cobre-para-sistema-de-ligacao-a-terra-solar","status":"publish","type":"product","link":"https:\/\/senyenergy.com\/pt\/product\/jumper-de-ligacao-a-terra-solar-em-cobre-para-sistema-de-ligacao-a-terra-solar\/","title":{"rendered":"Jumper de liga\u00e7\u00e3o \u00e0 terra solar de cobre para sistema de liga\u00e7\u00e3o \u00e0 terra solar"},"content":{"rendered":"<p>O <strong><b>Cobre<\/b><\/strong> <strong><b>Jumpe de liga\u00e7\u00e3o \u00e0 terra solar<\/b><\/strong><strong><b>r<\/b><\/strong> \u00e9 utilizado para criar uma liga\u00e7\u00e3o el\u00e9ctrica entre duas pe\u00e7as de alum\u00ednio anodizado, a\u00e7o galvanizado ou qualquer metal condutor de eletricidade que tenha sido unido mecanicamente. E liga as calhas de montagem e ajuda os m\u00f3dulos fotovoltaicos a ligarem-se \u00e0 terra. Al\u00e9m disso, a liga\u00e7\u00e3o \u00e0 terra e a liga\u00e7\u00e3o adequada s\u00e3o fundamentais para a seguran\u00e7a, a preven\u00e7\u00e3o de choques el\u00e9ctricos e a prote\u00e7\u00e3o do equipamento solar contra raios\/surtos.  O jumper de liga\u00e7\u00e3o \u00e9 composto por fio de cobre entran\u00e7ado estanhado e o WEEB \u00e9 ligado a ambas as extremidades do jumper. O WEEB proporciona liga\u00e7\u00f5es el\u00e9ctricas herm\u00e9ticas fi\u00e1veis, enquanto os fios de cobre entran\u00e7ado permitem a expans\u00e3o t\u00e9rmica.<\/p>\n<p>O conjunto forma uma liga\u00e7\u00e3o el\u00e9ctrica flex\u00edvel entre as calhas ligadas pelo suporte. Utilizar um em cada junta. A colagem do m\u00f3dulo fotovoltaico ao jumper de liga\u00e7\u00e3o elimina a necessidade de ligar os m\u00f3dulos separadamente: basta ligar a estrutura de instala\u00e7\u00e3o \u00e0 terra. \u00c9 um condutor fi\u00e1vel para garantir a condutividade necess\u00e1ria entre as calhas que necessitam de liga\u00e7\u00e3o el\u00e9ctrica. Um sistema de instala\u00e7\u00e3o de liga\u00e7\u00e3o \u00e0 terra de alta qualidade desempenha um papel importante no funcionamento normal de equipamentos electr\u00f3nicos solares sens\u00edveis.<\/p>\n<p>O<strong><b> Jumper de liga\u00e7\u00e3o \u00e0 terra solar <\/b><\/strong>para o sistema de montagem solar foi concebido para ser f\u00e1cil de instalar e ter uma excelente durabilidade. No processo de fabrico s\u00e3o utilizados materiais da melhor qualidade para garantir o melhor desempenho nas condi\u00e7\u00f5es ambientais mais extremas.<\/p>\n<p>Carater\u00edstica deste <strong>Jumper de liga\u00e7\u00e3o \u00e0 terra solar<\/strong><\/p>\n<ol>\n<li>Sistema de liga\u00e7\u00e3o altamente pr\u00e9-montado;<\/li>\n<li>Conce\u00e7\u00e3o fixa, montagem r\u00e1pida;<\/li>\n<li>Possui uma resist\u00eancia \u00e0 corros\u00e3o extremamente elevada;<\/li>\n<li>Fabricado em cobre de alta resist\u00eancia;<\/li>\n<li>Conjunto completo de jumpers;<\/li>\n<\/ol>\n<p>Aplica\u00e7\u00f5es deste <strong>Jumper de liga\u00e7\u00e3o \u00e0 terra solar<\/strong><\/p>\n<ul>\n<li>Sistemas solares residenciais: Utilizado em instala\u00e7\u00f5es solares dom\u00e9sticas para ligar eficazmente \u00e0 terra os componentes do sistema.<\/li>\n<li>Instala\u00e7\u00f5es comerciais: Essencial para projectos solares de maior dimens\u00e3o para garantir a seguran\u00e7a e o cumprimento dos regulamentos.<\/li>\n<li>Parques solares \u00e0 escala dos servi\u00e7os p\u00fablicos: Cr\u00edtico para a liga\u00e7\u00e3o \u00e0 terra de grandes matrizes e inversores em sistemas de energia solar \u00e0 escala dos servi\u00e7os p\u00fablicos.<\/li>\n<\/ul>\n<p>O jumper de liga\u00e7\u00e3o do kit de aterramento solar \u00e9 usado para ligar m\u00f3dulos solares a suportes de alum\u00ednio e trilhos de montagem. Em seguida, aterre o m\u00f3dulo solar e o sistema de suporte, e aterre e interconecte todo o conjunto num \u00fanico sistema de aterramento. A utiliza\u00e7\u00e3o do jumper de liga\u00e7\u00e3o elimina a necessidade de utilizar olhais embutidos e\/ou parafusos auto-roscantes em cada m\u00f3dulo. A utiliza\u00e7\u00e3o deste componente tamb\u00e9m elimina a necessidade de cablagem cont\u00ednua para cada m\u00f3dulo.<\/p>\n<p>O <strong>Jumper de liga\u00e7\u00e3o \u00e0 terra solar<\/strong>\u00a0A liga\u00e7\u00e3o \u00e0 terra do m\u00f3dulo fotovoltaico oferece uma solu\u00e7\u00e3o inovadora e econ\u00f3mica. A linha de produtos solares pode reduzir o equil\u00edbrio da instala\u00e7\u00e3o do custo do sistema, simplificando a instala\u00e7\u00e3o. Os nossos produtos t\u00eam uma durabilidade e compatibilidade perfeitas. Fixe o conjunto do jumper na ranhura de montagem superior da calha e aperte-o com as porcas de flange. A ponta da anilha ligada \u00e0 terra e o parafuso em T ligado \u00e0 terra penetrar\u00e3o na camada anodizada da calha de guia e formar\u00e3o um caminho de terra que conduz \u00e0 calha de guia e atrav\u00e9s do jumper de liga\u00e7\u00e3o.<\/p>\n<p>A linha SY de jumpers de liga\u00e7\u00e3o em cobre estanhado, resistente \u00e0 corros\u00e3o, \u00e9 uma solu\u00e7\u00e3o de alta qualidade para o seu sistema, para criar uma liga\u00e7\u00e3o el\u00e9ctrica entre duas pe\u00e7as de metais galvanizados ou outros metais condutores de eletricidade n\u00e3o revestidos. Os comprimentos padr\u00e3o variam de 150mm a 300mm, com ou sem hardware de instala\u00e7\u00e3o montado ou n\u00e3o. Os comprimentos personalizados tamb\u00e9m est\u00e3o dispon\u00edveis mediante pedido.<\/p>\n<p>Para acess\u00f3rios do sistema de liga\u00e7\u00e3o \u00e0 terra solar, tais como: placa de liga\u00e7\u00e3o \u00e0 terra, terminal de liga\u00e7\u00e3o \u00e0 terra... Bem-vindo a contactar-nos.  Somos um fabricante profissional de suportes e pe\u00e7as solares.  Os nossos engenheiros profissionais e equipa de vendas fornecem o melhor servi\u00e7o para a sua instala\u00e7\u00e3o solar.<\/p>","protected":false},"excerpt":{"rendered":"<p>A linha SY de jumpers de liga\u00e7\u00e3o em cobre estanhado, resistente \u00e0 corros\u00e3o, \u00e9 uma solu\u00e7\u00e3o de alta qualidade para o seu sistema, para criar uma liga\u00e7\u00e3o el\u00e9ctrica entre duas pe\u00e7as de metais galvanizados ou outros metais condutores de eletricidade n\u00e3o revestidos. Os comprimentos padr\u00e3o variam de 150mm a 300mm, com ou sem hardware de instala\u00e7\u00e3o montado ou n\u00e3o montado. Os comprimentos personalizados tamb\u00e9m est\u00e3o dispon\u00edveis mediante pedido<\/p>\n<div class=\"wp-block-button popmake-1937\"><a class=\"wp-block-button__link wp-element-button\">verifica\u00e7\u00e3o de pre\u00e7os<\/a><\/div>","protected":false},"featured_media":2430,"template":"","meta":{"_uag_custom_page_level_css":"","site-sidebar-layout":"default","site-content-layout":"","ast-site-content-layout":"default","site-content-style":"default","site-sidebar-style":"default","ast-global-header-display":"","ast-banner-title-visibility":"","ast-main-header-display":"","ast-hfb-above-header-display":"","ast-hfb-below-header-display":"","ast-hfb-mobile-header-display":"","site-post-title":"","ast-breadcrumbs-content":"","ast-featured-img":"","footer-sml-layout":"","ast-disable-related-posts":"","theme-transparent-header-meta":"default","adv-header-id-meta":"","stick-header-meta":"","header-above-stick-meta":"","header-main-stick-meta":"","header-below-stick-meta":"","astra-migrate-meta-layouts":"set","ast-page-background-enabled":"default","ast-page-background-meta":{"desktop":{"background-color":"","background-image":"","background-repeat":"repeat","background-position":"center center","background-size":"auto","background-attachment":"scroll","background-type":"","background-media":"","overlay-type":"","overlay-color":"","overlay-opacity":"","overlay-gradient":""},"tablet":{"background-color":"","background-image":"","background-repeat":"repeat","background-position":"center center","background-size":"auto","background-attachment":"scroll","background-type":"","background-media":"","overlay-type":"","overlay-color":"","overlay-opacity":"","overlay-gradient":""},"mobile":{"background-color":"","background-image":"","background-repeat":"repeat","background-position":"center center","background-size":"auto","background-attachment":"scroll","background-type":"","background-media":"","overlay-type":"","overlay-color":"","overlay-opacity":"","overlay-gradient":""}},"ast-content-background-meta":{"desktop":{"background-color":"var(--ast-global-color-5)","background-image":"","background-repeat":"repeat","background-position":"center center","background-size":"auto","background-attachment":"scroll","background-type":"","background-media":"","overlay-type":"","overlay-color":"","overlay-opacity":"","overlay-gradient":""},"tablet":{"background-color":"var(--ast-global-color-5)","background-image":"","background-repeat":"repeat","background-position":"center center","background-size":"auto","background-attachment":"scroll","background-type":"","background-media":"","overlay-type":"","overlay-color":"","overlay-opacity":"","overlay-gradient":""},"mobile":{"background-color":"var(--ast-global-color-5)","background-image":"","background-repeat":"repeat","background-position":"center center","background-size":"auto","background-attachment":"scroll","background-type":"","background-media":"","overlay-type":"","overlay-color":"","overlay-opacity":"","overlay-gradient":""}}},"product_brand":[],"product_cat":[25,23,33],"product_tag":[85,88,86,89,87],"class_list":{"0":"post-2429","1":"product","2":"type-product","3":"status-publish","4":"has-post-thumbnail","6":"product_cat-excellent","7":"product_cat-solar-accessories","8":"product_cat-solar-panel-accessories","9":"product_tag-copper-bonding-jumper","10":"product_tag-solar-bonding-jumper","11":"product_tag-solar-grounding-bonding-jumper","12":"product_tag-solar-grounding-system","13":"product_tag-solar-panel-grounding-copper-bonding-jumper","14":"desktop-align-left","15":"tablet-align-left","16":"mobile-align-left","18":"first","19":"instock","20":"shipping-taxable","21":"product-type-simple"},"spectra_custom_meta":{"_uabb_version":["1.36.1"],"_edit_last":["1"],"_edit_lock":["1751268393:1"],"_thumbnail_id":["2430"],"total_sales":["0"],"_tax_status":["taxable"],"_tax_class":[""],"_manage_stock":["no"],"_backorders":["no"],"_sold_individually":["no"],"_virtual":["no"],"_downloadable":["no"],"_download_limit":["-1"],"_download_expiry":["-1"],"_stock":[null],"_stock_status":["instock"],"_wc_average_rating":["0"],"_wc_review_count":["0"],"_product_version":["9.6.2"],"_product_image_gallery":["2431,2432,2434,2433"],"site-sidebar-layout":["default"],"ast-site-content-layout":["default"],"site-content-style":["default"],"site-sidebar-style":["default"],"theme-transparent-header-meta":["default"],"astra-migrate-meta-layouts":["set"],"_uag_page_assets":["a:9:{s:3:\"css\";s:5318:\".uag-blocks-common-selector{z-index:var(--z-index-desktop) !important}@media (max-width: 976px){.uag-blocks-common-selector{z-index:var(--z-index-tablet) !important}}@media (max-width: 767px){.uag-blocks-common-selector{z-index:var(--z-index-mobile) !important}}\n.wp-block-uagb-faq{width:100%}.wp-block-uagb-faq.uagb-faq-layout-accordion .uagb-faq-child__outer-wrap .uagb-faq-questions-button{cursor:pointer}.wp-block-uagb-faq .uagb-faq-content{margin-bottom:0}.wp-block-uagb-faq .uagb-faq-content p{margin:auto}.uagb-faq-layout-grid.uagb-faq-equal-height.uagb-faq__wrap .uagb-faq-child__outer-wrap,.uagb-faq-layout-grid.uagb-faq-equal-height.uagb-faq__wrap .uagb-faq-item{height:100%}body[class*=\"astra\"] .uagb-faq-questions{line-height:normal}.uagb-faq-item{overflow:hidden}\n.wp-block-uagb-faq-child .uagb-faq-questions-button{display:flex;align-items:center}.wp-block-uagb-faq-child .uagb-faq-questions-button .uagb-faq-icon-wrap{display:flex;align-items:center}.wp-block-uagb-faq-child .uagb-faq-questions-button .uagb-question{width:100%;margin-top:0;margin-bottom:0}.wp-block-uagb-faq-child .uagb-icon svg,.wp-block-uagb-faq-child .uagb-icon-active svg{width:15px;height:15px;font-size:15px}.wp-block-uagb-faq-child.uagb-faq-child__outer-wrap.uagb-faq-item .uagb-icon-active,.wp-block-uagb-faq-child.uagb-faq-child__outer-wrap.uagb-faq-item.uagb-faq-item-active .uagb-icon,.wp-block-uagb-faq-child.uagb-faq-child__outer-wrap .uagb-faq-item .uagb-icon-active,.wp-block-uagb-faq-child.uagb-faq-child__outer-wrap .uagb-faq-item.uagb-faq-item-active .uagb-icon{display:none;width:0;padding:0;height:0;margin:0}.wp-block-uagb-faq-child.uagb-faq-child__outer-wrap.uagb-faq-item .uagb-icon,.wp-block-uagb-faq-child.uagb-faq-child__outer-wrap.uagb-faq-item.uagb-faq-item-active .uagb-icon-active,.wp-block-uagb-faq-child.uagb-faq-child__outer-wrap .uagb-faq-item .uagb-icon,.wp-block-uagb-faq-child.uagb-faq-child__outer-wrap .uagb-faq-item.uagb-faq-item-active .uagb-icon-active{display:flex;width:auto;height:auto}.uagb-faq-layout-grid .uagb-faq-child__outer-wrap.uagb-faq-item .uagb-icon,.uagb-faq-layout-grid .uagb-faq-child__outer-wrap.uagb-faq-item.uagb-faq-item-active .uagb-icon-active,.uagb-faq-layout-grid .uagb-faq-child__outer-wrap .uagb-faq-item .uagb-icon,.uagb-faq-layout-grid .uagb-faq-child__outer-wrap .uagb-faq-item.uagb-faq-item-active .uagb-icon-active{display:none}.uagb-faq-layout-grid .uagb-faq-child__outer-wrap.uagb-faq-item span.uagb-icon-active.uagb-faq-icon-wrap,.uagb-faq-layout-grid .uagb-faq-child__outer-wrap.uagb-faq-item.uagb-faq-item-active .uagb-icon-active,.uagb-faq-layout-grid .uagb-faq-child__outer-wrap .uagb-faq-item span.uagb-icon-active.uagb-faq-icon-wrap,.uagb-faq-layout-grid .uagb-faq-child__outer-wrap .uagb-faq-item.uagb-faq-item-active .uagb-icon-active{display:none}\n.uagb-block-55b5edaf .uagb-icon svg{width: 12px;height: 12px;font-size: 12px;}.uagb-block-55b5edaf .uagb-icon-active svg{width: 12px;height: 12px;font-size: 12px;}.uagb-block-55b5edaf .uagb-faq-child__outer-wrap{margin-bottom: 10px;}.uagb-block-55b5edaf .uagb-faq-item{border-top-width: 1px;border-left-width: 1px;border-right-width: 1px;border-bottom-width: 1px;border-top-left-radius: 2px;border-top-right-radius: 2px;border-bottom-left-radius: 2px;border-bottom-right-radius: 2px;border-color: #1e1e1e;border-style: solid;}.uagb-block-55b5edaf .uagb-faq-questions-button{padding-top: 10px;padding-bottom: 10px;padding-right: 10px;padding-left: 10px;}.uagb-block-55b5edaf .uagb-faq-content{padding-top: 10px;padding-bottom: 10px;padding-right: 10px;padding-left: 10px;}.uagb-block-55b5edaf .uagb-faq-content span{margin-top: 10px;margin-bottom: 10px;margin-right: 10px;margin-left: 10px;}.uagb-block-55b5edaf.uagb-faq-icon-row .uagb-faq-item .uagb-faq-icon-wrap{margin-right: 10px;}.uagb-block-55b5edaf.uagb-faq-icon-row-reverse .uagb-faq-item .uagb-faq-icon-wrap{margin-left: 10px;}.uagb-block-55b5edaf .uagb-faq-item .uagb-faq-questions-button.uagb-faq-questions{flex-direction: row;}.uagb-block-55b5edaf .wp-block-uagb-faq-child.uagb-faq-child__outer-wrap .uagb-faq-content {display: none;}@media only screen and (max-width: 976px) {.uagb-block-55b5edaf.uagb-faq-icon-row .uagb-faq-item .uagb-faq-icon-wrap{margin-right: 10px;}.uagb-block-55b5edaf.uagb-faq-icon-row-reverse .uagb-faq-item .uagb-faq-icon-wrap{margin-left: 10px;}.uagb-block-55b5edaf .uagb-faq-questions-button{padding-top: 10px;padding-bottom: 10px;padding-right: 10px;padding-left: 10px;}.uagb-block-55b5edaf .uagb-faq-content{padding-top: 10px;padding-bottom: 10px;padding-right: 10px;padding-left: 10px;}.uagb-block-55b5edaf .uagb-faq-content span{margin-top: 10px;margin-bottom: 10px;margin-right: 10px;margin-left: 10px;}}@media only screen and (max-width: 767px) {.uagb-block-55b5edaf.uagb-faq-icon-row .uagb-faq-item .uagb-faq-icon-wrap{margin-right: 10px;}.uagb-block-55b5edaf.uagb-faq-icon-row-reverse .uagb-faq-item .uagb-faq-icon-wrap{margin-left: 10px;}.uagb-block-55b5edaf .uagb-faq-questions-button{padding-top: 10px;padding-bottom: 10px;padding-right: 10px;padding-left: 10px;}.uagb-block-55b5edaf .uagb-faq-content{padding-top: 10px;padding-bottom: 10px;padding-right: 10px;padding-left: 10px;}.uagb-block-55b5edaf .uagb-faq-content span{margin-top: 10px;margin-bottom: 10px;margin-right: 10px;margin-left: 10px;}}\";s:2:\"js\";s:0:\"\";s:18:\"current_block_list\";a:10:{i:0;s:11:\"core\/search\";i:1;s:10:\"core\/group\";i:2;s:12:\"core\/heading\";i:3;s:17:\"core\/latest-posts\";i:4;s:20:\"core\/latest-comments\";i:5;s:13:\"core\/archives\";i:6;s:15:\"core\/categories\";i:7;s:14:\"core\/paragraph\";i:8;s:8:\"uagb\/faq\";i:9;s:14:\"uagb\/faq-child\";}s:8:\"uag_flag\";b:1;s:11:\"uag_version\";s:10:\"1775829763\";s:6:\"gfonts\";a:0:{}s:10:\"gfonts_url\";s:0:\"\";s:12:\"gfonts_files\";a:0:{}s:14:\"uag_faq_layout\";b:1;}"],"_uag_css_file_name":["uag-css-2429.css"]},"uagb_featured_image_src":{"full":["https:\/\/senyenergy.com\/wp-content\/uploads\/2025\/05\/1-2.jpg",800,800,false],"thumbnail":["https:\/\/senyenergy.com\/wp-content\/uploads\/2025\/05\/1-2-150x150.jpg",150,150,true],"medium":["https:\/\/senyenergy.com\/wp-content\/uploads\/2025\/05\/1-2-300x300.jpg",300,300,true],"medium_large":["https:\/\/senyenergy.com\/wp-content\/uploads\/2025\/05\/1-2-768x768.jpg",768,768,true],"large":["https:\/\/senyenergy.com\/wp-content\/uploads\/2025\/05\/1-2.jpg",800,800,false],"1536x1536":["https:\/\/senyenergy.com\/wp-content\/uploads\/2025\/05\/1-2.jpg",800,800,false],"2048x2048":["https:\/\/senyenergy.com\/wp-content\/uploads\/2025\/05\/1-2.jpg",800,800,false],"trp-custom-language-flag":["https:\/\/senyenergy.com\/wp-content\/uploads\/2025\/05\/1-2-12x12.jpg",12,12,true],"woocommerce_thumbnail":["https:\/\/senyenergy.com\/wp-content\/uploads\/2025\/05\/1-2-300x300.jpg",300,300,true],"woocommerce_single":["https:\/\/senyenergy.com\/wp-content\/uploads\/2025\/05\/1-2-600x600.jpg",600,600,true],"woocommerce_gallery_thumbnail":["https:\/\/senyenergy.com\/wp-content\/uploads\/2025\/05\/1-2-100x100.jpg",100,100,true]},"uagb_author_info":{"display_name":"wp-admin","author_link":"https:\/\/senyenergy.com\/pt\/author\/"},"uagb_comment_info":0,"uagb_excerpt":"The corrosion resistant, tin plated copper SY line of bonding jumpers are high quality solutions for your system to create an electrical bond between two pieces of galvanized or other uncoated electrically conductive metals. Standard lengths range from 150mm to 300mm, with or without installation hardware assembled or unassembled. Custom lengths are also available on&hellip;","_links":{"self":[{"href":"https:\/\/senyenergy.com\/pt\/wp-json\/wp\/v2\/product\/2429","targetHints":{"allow":["GET"]}}],"collection":[{"href":"https:\/\/senyenergy.com\/pt\/wp-json\/wp\/v2\/product"}],"about":[{"href":"https:\/\/senyenergy.com\/pt\/wp-json\/wp\/v2\/types\/product"}],"wp:featuredmedia":[{"embeddable":true,"href":"https:\/\/senyenergy.com\/pt\/wp-json\/wp\/v2\/media\/2430"}],"wp:attachment":[{"href":"https:\/\/senyenergy.com\/pt\/wp-json\/wp\/v2\/media?parent=2429"}],"wp:term":[{"taxonomy":"product_brand","embeddable":true,"href":"https:\/\/senyenergy.com\/pt\/wp-json\/wp\/v2\/product_brand?post=2429"},{"taxonomy":"product_cat","embeddable":true,"href":"https:\/\/senyenergy.com\/pt\/wp-json\/wp\/v2\/product_cat?post=2429"},{"taxonomy":"product_tag","embeddable":true,"href":"https:\/\/senyenergy.com\/pt\/wp-json\/wp\/v2\/product_tag?post=2429"}],"curies":[{"name":"wp","href":"https:\/\/api.w.org\/{rel}","templated":true}]}}