{"id":2417,"date":"2025-05-08T11:32:50","date_gmt":"2025-05-08T03:32:50","guid":{"rendered":"https:\/\/senyenergy.com\/?post_type=product&#038;p=2417"},"modified":"2025-07-13T11:58:13","modified_gmt":"2025-07-13T03:58:13","slug":"montagem-de-balastro-solar-sem-calha-ajustavel-para-telhado-plano","status":"publish","type":"product","link":"https:\/\/senyenergy.com\/pt\/product\/montagem-de-balastro-solar-sem-calha-ajustavel-para-telhado-plano\/","title":{"rendered":"Montagem de balastro solar sem carris e ajust\u00e1vel para telhados planos"},"content":{"rendered":"<p>Menos carris\u00a0<strong><b>Montagem ajust\u00e1vel do balastro solar<\/b><\/strong>\u00a0fixa os pain\u00e9is solares a um telhado plano utilizando pesos (blocos de lastro, pavimentos de bet\u00e3o ou pesos de a\u00e7o) em vez de penetra\u00e7\u00f5es no telhado. O sistema baseia-se na gravidade e na fric\u00e7\u00e3o para manter o conjunto no lugar e resistir \u00e0 subida do vento. Os sistemas solares montados com balastro s\u00e3o uma escolha popular para telhados planos porque evitam penetra\u00e7\u00f5es no telhado, reduzindo o risco de fugas e simplificando a instala\u00e7\u00e3o.<\/p>\n<p>o nosso comboio menos\u00a0<strong><b>Montagem ajust\u00e1vel do balastro solar<\/b><\/strong>\u00a0aplica-se ao telhado onde o buraco n\u00e3o pode ser aberto. O bloco de bet\u00e3o \u00e9 colocado em todo o sistema para fixar a estrutura ao telhado, resistindo \u00e0 for\u00e7a do vento e impedindo o movimento. Al\u00e9m disso, a resist\u00eancia \u00e0 corros\u00e3o e a maquinabilidade s\u00e3o excelentes no produto que utiliza o a\u00e7o ZAM da chapa de a\u00e7o revestida com liga de alum\u00ednio e zinco quente de alta resist\u00eancia \u00e0 corros\u00e3o.<\/p>\n<p>Componentes de um caminho de ferro menos\u00a0<strong><b>Montagem ajust\u00e1vel do balastro solar<\/b><\/strong><\/p>\n<ul>\n<li>Carris\/quadros: a nossa estrutura de balastro sem carris que suporta os pain\u00e9is solares.<\/li>\n<li>Pesos de lastro: Blocos de bet\u00e3o, pavimentos ou placas de a\u00e7o que proporcionam estabilidade.<\/li>\n<li>Kits de inclina\u00e7\u00e3o (opcional): Suportes ajust\u00e1veis para inclinar os pain\u00e9is para uma melhor exposi\u00e7\u00e3o solar.<\/li>\n<li>Almofadas de borracha ou EPDM: Protegem a membrana do telhado contra a abras\u00e3o.<\/li>\n<li>Deflectores de vento (se necess\u00e1rio): Reduzem as for\u00e7as de eleva\u00e7\u00e3o do vento.<\/li>\n<\/ul>\n<p><strong><b>Carater\u00edsticas de<\/b><\/strong>\u00a0<strong><b>Menos carris<\/b><\/strong><strong><b>\u00a0Montagem ajust\u00e1vel do balastro solar<\/b><\/strong><\/p>\n<p>Sem penetra\u00e7\u00f5es no telhado - Minimiza as fugas e as preocupa\u00e7\u00f5es com a garantia.<\/p>\n<p>\u2705 Instala\u00e7\u00e3o mais r\u00e1pida - N\u00e3o \u00e9 necess\u00e1rio furar ou vedar.<\/p>\n<p>\u2705 Modular e ajust\u00e1vel - F\u00e1cil de deslocar ou expandir o sistema.<\/p>\n<p>Prote\u00e7\u00e3o do telhado - O balastro pode proteger o telhado dos raios UV e das intemp\u00e9ries.<\/p>\n<p>\u2705 Ajust\u00e1vel - a nossa estrutura com furo mais longo e pe\u00e7as flex\u00edveis para que possa ser ajustada aquando da instala\u00e7\u00e3o<\/p>\n<p>Mais econ\u00f4mico - o sistema n\u00e3o precisa de trilhos adicionais para economizar material e apenas 3 partes: grampo m\u00e9dio, grampo final, estrutura de lastro, cerca de 20% menor que a estrutura de alum\u00ednio<\/p>\n<p>Universal-adapt\u00e1vel a cada tipo de painel<\/p>\n<p>&nbsp;<\/p>\n<p>Menos carris\u00a0<strong><b>Montagem ajust\u00e1vel do balastro solar<\/b><\/strong>\u00a0\u00e9 uma solu\u00e7\u00e3o n\u00e3o invasiva e econ\u00f3mica para telhados planos com capacidade de carga adequada. Uma engenharia adequada, c\u00e1lculos de vento e prote\u00e7\u00e3o do telhado s\u00e3o essenciais para uma instala\u00e7\u00e3o segura e duradoura.<\/p>\n<p>Gostaria de obter ajuda para calcular as necessidades de balastro para um projeto espec\u00edfico? Diga-me as dimens\u00f5es e a localiza\u00e7\u00e3o do seu telhado!<\/p>","protected":false},"excerpt":{"rendered":"<p>nosso <strong><b>Menos carris<\/b><\/strong><strong><b>\u00a0Montagem ajust\u00e1vel do balastro solar<\/b><\/strong>\u00a0aplica-se ao telhado onde o buraco n\u00e3o pode ser aberto. O bloco de bet\u00e3o \u00e9 colocado em todo o sistema para fixar a estrutura ao telhado, resistindo \u00e0 for\u00e7a do vento e impedindo o movimento. Al\u00e9m disso, a resist\u00eancia \u00e0 corros\u00e3o e a maquinabilidade s\u00e3o excelentes no produto que utiliza o a\u00e7o ZAM da chapa de a\u00e7o revestida com liga de alum\u00ednio e zinco quente de alta resist\u00eancia \u00e0 corros\u00e3o.<\/p>\n<div class=\"wp-block-button popmake-1937\"><a class=\"wp-block-button__link wp-element-button\">verifica\u00e7\u00e3o de pre\u00e7os<\/a><\/div>","protected":false},"featured_media":2418,"template":"","meta":{"_uag_custom_page_level_css":"","site-sidebar-layout":"default","site-content-layout":"","ast-site-content-layout":"default","site-content-style":"default","site-sidebar-style":"default","ast-global-header-display":"","ast-banner-title-visibility":"","ast-main-header-display":"","ast-hfb-above-header-display":"","ast-hfb-below-header-display":"","ast-hfb-mobile-header-display":"","site-post-title":"","ast-breadcrumbs-content":"","ast-featured-img":"","footer-sml-layout":"","ast-disable-related-posts":"","theme-transparent-header-meta":"default","adv-header-id-meta":"","stick-header-meta":"","header-above-stick-meta":"","header-main-stick-meta":"","header-below-stick-meta":"","astra-migrate-meta-layouts":"set","ast-page-background-enabled":"default","ast-page-background-meta":{"desktop":{"background-color":"","background-image":"","background-repeat":"repeat","background-position":"center center","background-size":"auto","background-attachment":"scroll","background-type":"","background-media":"","overlay-type":"","overlay-color":"","overlay-opacity":"","overlay-gradient":""},"tablet":{"background-color":"","background-image":"","background-repeat":"repeat","background-position":"center center","background-size":"auto","background-attachment":"scroll","background-type":"","background-media":"","overlay-type":"","overlay-color":"","overlay-opacity":"","overlay-gradient":""},"mobile":{"background-color":"","background-image":"","background-repeat":"repeat","background-position":"center center","background-size":"auto","background-attachment":"scroll","background-type":"","background-media":"","overlay-type":"","overlay-color":"","overlay-opacity":"","overlay-gradient":""}},"ast-content-background-meta":{"desktop":{"background-color":"var(--ast-global-color-5)","background-image":"","background-repeat":"repeat","background-position":"center center","background-size":"auto","background-attachment":"scroll","background-type":"","background-media":"","overlay-type":"","overlay-color":"","overlay-opacity":"","overlay-gradient":""},"tablet":{"background-color":"var(--ast-global-color-5)","background-image":"","background-repeat":"repeat","background-position":"center center","background-size":"auto","background-attachment":"scroll","background-type":"","background-media":"","overlay-type":"","overlay-color":"","overlay-opacity":"","overlay-gradient":""},"mobile":{"background-color":"var(--ast-global-color-5)","background-image":"","background-repeat":"repeat","background-position":"center center","background-size":"auto","background-attachment":"scroll","background-type":"","background-media":"","overlay-type":"","overlay-color":"","overlay-opacity":"","overlay-gradient":""}}},"product_brand":[],"product_cat":[25,24],"product_tag":[256,254,255,257],"class_list":{"0":"post-2417","1":"product","2":"type-product","3":"status-publish","4":"has-post-thumbnail","6":"product_cat-excellent","7":"product_cat-solar-mounting-system","8":"product_tag-adjustable-solar-ballast-mount","9":"product_tag-solar-ballast-mounting","10":"product_tag-solar-ballast-mounting-system","11":"product_tag-solar-flat-roof-solar-ballast-mounting","12":"desktop-align-left","13":"tablet-align-left","14":"mobile-align-left","16":"first","17":"instock","18":"shipping-taxable","19":"product-type-simple"},"spectra_custom_meta":{"_uabb_version":["1.36.1"],"_edit_last":["1"],"_edit_lock":["1752379011:1"],"_thumbnail_id":["2418"],"total_sales":["0"],"_tax_status":["taxable"],"_tax_class":[""],"_manage_stock":["no"],"_backorders":["no"],"_sold_individually":["no"],"_virtual":["no"],"_downloadable":["no"],"_download_limit":["-1"],"_download_expiry":["-1"],"_stock":[null],"_stock_status":["instock"],"_wc_average_rating":["0"],"_wc_review_count":["0"],"_product_version":["9.6.2"],"_product_image_gallery":["2420,2421,2419,2422"],"site-sidebar-layout":["default"],"ast-site-content-layout":["default"],"site-content-style":["default"],"site-sidebar-style":["default"],"theme-transparent-header-meta":["default"],"astra-migrate-meta-layouts":["set"],"_uag_page_assets":["a:9:{s:3:\"css\";s:5318:\".uag-blocks-common-selector{z-index:var(--z-index-desktop) !important}@media (max-width: 976px){.uag-blocks-common-selector{z-index:var(--z-index-tablet) !important}}@media (max-width: 767px){.uag-blocks-common-selector{z-index:var(--z-index-mobile) !important}}\n.wp-block-uagb-faq{width:100%}.wp-block-uagb-faq.uagb-faq-layout-accordion .uagb-faq-child__outer-wrap .uagb-faq-questions-button{cursor:pointer}.wp-block-uagb-faq .uagb-faq-content{margin-bottom:0}.wp-block-uagb-faq .uagb-faq-content p{margin:auto}.uagb-faq-layout-grid.uagb-faq-equal-height.uagb-faq__wrap .uagb-faq-child__outer-wrap,.uagb-faq-layout-grid.uagb-faq-equal-height.uagb-faq__wrap .uagb-faq-item{height:100%}body[class*=\"astra\"] .uagb-faq-questions{line-height:normal}.uagb-faq-item{overflow:hidden}\n.wp-block-uagb-faq-child .uagb-faq-questions-button{display:flex;align-items:center}.wp-block-uagb-faq-child .uagb-faq-questions-button .uagb-faq-icon-wrap{display:flex;align-items:center}.wp-block-uagb-faq-child .uagb-faq-questions-button .uagb-question{width:100%;margin-top:0;margin-bottom:0}.wp-block-uagb-faq-child .uagb-icon svg,.wp-block-uagb-faq-child .uagb-icon-active svg{width:15px;height:15px;font-size:15px}.wp-block-uagb-faq-child.uagb-faq-child__outer-wrap.uagb-faq-item .uagb-icon-active,.wp-block-uagb-faq-child.uagb-faq-child__outer-wrap.uagb-faq-item.uagb-faq-item-active .uagb-icon,.wp-block-uagb-faq-child.uagb-faq-child__outer-wrap .uagb-faq-item .uagb-icon-active,.wp-block-uagb-faq-child.uagb-faq-child__outer-wrap .uagb-faq-item.uagb-faq-item-active .uagb-icon{display:none;width:0;padding:0;height:0;margin:0}.wp-block-uagb-faq-child.uagb-faq-child__outer-wrap.uagb-faq-item .uagb-icon,.wp-block-uagb-faq-child.uagb-faq-child__outer-wrap.uagb-faq-item.uagb-faq-item-active .uagb-icon-active,.wp-block-uagb-faq-child.uagb-faq-child__outer-wrap .uagb-faq-item .uagb-icon,.wp-block-uagb-faq-child.uagb-faq-child__outer-wrap .uagb-faq-item.uagb-faq-item-active .uagb-icon-active{display:flex;width:auto;height:auto}.uagb-faq-layout-grid .uagb-faq-child__outer-wrap.uagb-faq-item .uagb-icon,.uagb-faq-layout-grid .uagb-faq-child__outer-wrap.uagb-faq-item.uagb-faq-item-active .uagb-icon-active,.uagb-faq-layout-grid .uagb-faq-child__outer-wrap .uagb-faq-item .uagb-icon,.uagb-faq-layout-grid .uagb-faq-child__outer-wrap .uagb-faq-item.uagb-faq-item-active .uagb-icon-active{display:none}.uagb-faq-layout-grid .uagb-faq-child__outer-wrap.uagb-faq-item span.uagb-icon-active.uagb-faq-icon-wrap,.uagb-faq-layout-grid .uagb-faq-child__outer-wrap.uagb-faq-item.uagb-faq-item-active .uagb-icon-active,.uagb-faq-layout-grid .uagb-faq-child__outer-wrap .uagb-faq-item span.uagb-icon-active.uagb-faq-icon-wrap,.uagb-faq-layout-grid .uagb-faq-child__outer-wrap .uagb-faq-item.uagb-faq-item-active .uagb-icon-active{display:none}\n.uagb-block-55b5edaf .uagb-icon svg{width: 12px;height: 12px;font-size: 12px;}.uagb-block-55b5edaf .uagb-icon-active svg{width: 12px;height: 12px;font-size: 12px;}.uagb-block-55b5edaf .uagb-faq-child__outer-wrap{margin-bottom: 10px;}.uagb-block-55b5edaf .uagb-faq-item{border-top-width: 1px;border-left-width: 1px;border-right-width: 1px;border-bottom-width: 1px;border-top-left-radius: 2px;border-top-right-radius: 2px;border-bottom-left-radius: 2px;border-bottom-right-radius: 2px;border-color: #1e1e1e;border-style: solid;}.uagb-block-55b5edaf .uagb-faq-questions-button{padding-top: 10px;padding-bottom: 10px;padding-right: 10px;padding-left: 10px;}.uagb-block-55b5edaf .uagb-faq-content{padding-top: 10px;padding-bottom: 10px;padding-right: 10px;padding-left: 10px;}.uagb-block-55b5edaf .uagb-faq-content span{margin-top: 10px;margin-bottom: 10px;margin-right: 10px;margin-left: 10px;}.uagb-block-55b5edaf.uagb-faq-icon-row .uagb-faq-item .uagb-faq-icon-wrap{margin-right: 10px;}.uagb-block-55b5edaf.uagb-faq-icon-row-reverse .uagb-faq-item .uagb-faq-icon-wrap{margin-left: 10px;}.uagb-block-55b5edaf .uagb-faq-item .uagb-faq-questions-button.uagb-faq-questions{flex-direction: row;}.uagb-block-55b5edaf .wp-block-uagb-faq-child.uagb-faq-child__outer-wrap .uagb-faq-content {display: none;}@media only screen and (max-width: 976px) {.uagb-block-55b5edaf.uagb-faq-icon-row .uagb-faq-item .uagb-faq-icon-wrap{margin-right: 10px;}.uagb-block-55b5edaf.uagb-faq-icon-row-reverse .uagb-faq-item .uagb-faq-icon-wrap{margin-left: 10px;}.uagb-block-55b5edaf .uagb-faq-questions-button{padding-top: 10px;padding-bottom: 10px;padding-right: 10px;padding-left: 10px;}.uagb-block-55b5edaf .uagb-faq-content{padding-top: 10px;padding-bottom: 10px;padding-right: 10px;padding-left: 10px;}.uagb-block-55b5edaf .uagb-faq-content span{margin-top: 10px;margin-bottom: 10px;margin-right: 10px;margin-left: 10px;}}@media only screen and (max-width: 767px) {.uagb-block-55b5edaf.uagb-faq-icon-row .uagb-faq-item .uagb-faq-icon-wrap{margin-right: 10px;}.uagb-block-55b5edaf.uagb-faq-icon-row-reverse .uagb-faq-item .uagb-faq-icon-wrap{margin-left: 10px;}.uagb-block-55b5edaf .uagb-faq-questions-button{padding-top: 10px;padding-bottom: 10px;padding-right: 10px;padding-left: 10px;}.uagb-block-55b5edaf .uagb-faq-content{padding-top: 10px;padding-bottom: 10px;padding-right: 10px;padding-left: 10px;}.uagb-block-55b5edaf .uagb-faq-content span{margin-top: 10px;margin-bottom: 10px;margin-right: 10px;margin-left: 10px;}}\";s:2:\"js\";s:0:\"\";s:18:\"current_block_list\";a:10:{i:0;s:11:\"core\/search\";i:1;s:10:\"core\/group\";i:2;s:12:\"core\/heading\";i:3;s:17:\"core\/latest-posts\";i:4;s:20:\"core\/latest-comments\";i:5;s:13:\"core\/archives\";i:6;s:15:\"core\/categories\";i:7;s:14:\"core\/paragraph\";i:8;s:8:\"uagb\/faq\";i:9;s:14:\"uagb\/faq-child\";}s:8:\"uag_flag\";b:1;s:11:\"uag_version\";s:10:\"1775829763\";s:6:\"gfonts\";a:0:{}s:10:\"gfonts_url\";s:0:\"\";s:12:\"gfonts_files\";a:0:{}s:14:\"uag_faq_layout\";b:1;}"],"_uag_css_file_name":["uag-css-2417.css"]},"uagb_featured_image_src":{"full":["https:\/\/senyenergy.com\/wp-content\/uploads\/2025\/05\/1.jpg",800,800,false],"thumbnail":["https:\/\/senyenergy.com\/wp-content\/uploads\/2025\/05\/1-150x150.jpg",150,150,true],"medium":["https:\/\/senyenergy.com\/wp-content\/uploads\/2025\/05\/1-300x300.jpg",300,300,true],"medium_large":["https:\/\/senyenergy.com\/wp-content\/uploads\/2025\/05\/1-768x768.jpg",768,768,true],"large":["https:\/\/senyenergy.com\/wp-content\/uploads\/2025\/05\/1.jpg",800,800,false],"1536x1536":["https:\/\/senyenergy.com\/wp-content\/uploads\/2025\/05\/1.jpg",800,800,false],"2048x2048":["https:\/\/senyenergy.com\/wp-content\/uploads\/2025\/05\/1.jpg",800,800,false],"trp-custom-language-flag":["https:\/\/senyenergy.com\/wp-content\/uploads\/2025\/05\/1-12x12.jpg",12,12,true],"woocommerce_thumbnail":["https:\/\/senyenergy.com\/wp-content\/uploads\/2025\/05\/1-300x300.jpg",300,300,true],"woocommerce_single":["https:\/\/senyenergy.com\/wp-content\/uploads\/2025\/05\/1-600x600.jpg",600,600,true],"woocommerce_gallery_thumbnail":["https:\/\/senyenergy.com\/wp-content\/uploads\/2025\/05\/1-100x100.jpg",100,100,true]},"uagb_author_info":{"display_name":"wp-admin","author_link":"https:\/\/senyenergy.com\/pt\/author\/"},"uagb_comment_info":0,"uagb_excerpt":"our Rail less\u00a0Adjustable Solar Ballast Mounting\u00a0applies to the roof where the hole cannot be opened. The concrete block is placed throughout the system to fix the frame to the roof, resisting wind force, and preventing movement. Moreover, the corrosion resistance and the machinability excellent in the product using ZAM steel of the high corrosion resistance&hellip;","_links":{"self":[{"href":"https:\/\/senyenergy.com\/pt\/wp-json\/wp\/v2\/product\/2417","targetHints":{"allow":["GET"]}}],"collection":[{"href":"https:\/\/senyenergy.com\/pt\/wp-json\/wp\/v2\/product"}],"about":[{"href":"https:\/\/senyenergy.com\/pt\/wp-json\/wp\/v2\/types\/product"}],"wp:featuredmedia":[{"embeddable":true,"href":"https:\/\/senyenergy.com\/pt\/wp-json\/wp\/v2\/media\/2418"}],"wp:attachment":[{"href":"https:\/\/senyenergy.com\/pt\/wp-json\/wp\/v2\/media?parent=2417"}],"wp:term":[{"taxonomy":"product_brand","embeddable":true,"href":"https:\/\/senyenergy.com\/pt\/wp-json\/wp\/v2\/product_brand?post=2417"},{"taxonomy":"product_cat","embeddable":true,"href":"https:\/\/senyenergy.com\/pt\/wp-json\/wp\/v2\/product_cat?post=2417"},{"taxonomy":"product_tag","embeddable":true,"href":"https:\/\/senyenergy.com\/pt\/wp-json\/wp\/v2\/product_tag?post=2417"}],"curies":[{"name":"wp","href":"https:\/\/api.w.org\/{rel}","templated":true}]}}