{"id":2411,"date":"2025-04-30T12:26:39","date_gmt":"2025-04-30T04:26:39","guid":{"rendered":"https:\/\/senyenergy.com\/?post_type=product&#038;p=2411"},"modified":"2025-06-30T15:34:20","modified_gmt":"2025-06-30T07:34:20","slug":"calha-solar-sem-grampo-klip-lok-montagem-no-telhado-universal-nao-penetrante","status":"publish","type":"product","link":"https:\/\/senyenergy.com\/pt\/product\/calha-solar-sem-grampo-klip-lok-montagem-no-telhado-universal-nao-penetrante\/","title":{"rendered":"Solar Rail menos Klip-lok Clamp Montagem em telhado Universal n\u00e3o penetrante"},"content":{"rendered":"<p><strong>Bra\u00e7adeira Klip-lok sem carril solar <\/strong>\u00e9 um componente de montagem especializado concebido para a instala\u00e7\u00e3o r\u00e1pida e sem ferramentas de pain\u00e9is solares em telhados met\u00e1licos Klip-lok, eliminando a necessidade de calhas tradicionais. Proporciona uma solu\u00e7\u00e3o de baixo perfil, econ\u00f3mica e estanque \u00e0s intemp\u00e9ries, com m\u00e1xima estabilidade e peso m\u00ednimo para projectos solares comerciais e residenciais.<\/p>\n<p>Carater\u00edsticas e vantagens do <strong>Bra\u00e7adeira Klip-lok sem carril solar <\/strong>montagem no teto<br \/>\nDesign sem calhas - Fixa diretamente os pain\u00e9is solares aos perfis de cobertura Klip-lok, reduzindo os custos de material e m\u00e3o de obra.<br \/>\nInstala\u00e7\u00e3o sem ferramentas - Fixa\u00e7\u00e3o r\u00e1pida de encaixe, poupando tempo.<br \/>\n\u00c0 prova de \u00e1gua e de intemp\u00e9ries - Mant\u00e9m a integridade do telhado (n\u00e3o \u00e9 necess\u00e1ria perfura\u00e7\u00e3o\/penetra\u00e7\u00e3o).<br \/>\nCompat\u00edvel com as principais marcas de pain\u00e9is - Adapta-se \u00e0 maioria dos m\u00f3dulos solares padr\u00e3o (at\u00e9 40 mm de espessura da estrutura).<br \/>\nSem penetra\u00e7\u00e3o - Montagem r\u00e1pida, instala\u00e7\u00e3o sem perfurar a superf\u00edcie do telhado.<br \/>\nAlum\u00ednio anti-corrosivo-Al6005-T5 no material, reduz a carga de peso do telhado, anti-corrosivo com acabamento fino anodizado<\/p>\n<p>\ud83d\udd39 Como funciona<br \/>\nFixa-se \u00e0s nervuras Klip-lok sem parafusos nem furos.<br \/>\nFixa as estruturas dos pain\u00e9is solares diretamente ao telhado.<br \/>\nMant\u00e9m a garantia do telhado (conce\u00e7\u00e3o n\u00e3o penetrante).<\/p>\n<p>O nosso <strong>Bra\u00e7adeira Klip-lok sem carril solar <\/strong>montagem no telhado com apenas tr\u00eas componentes necess\u00e1rios para instalar os m\u00f3dulos diretamente no telhado. Um clip de montagem de base tem 80 mm, 100 mm ou 140 mm de comprimento, pelo que \u00e9 f\u00e1cil de transportar e fixar em quase todos os telhados trapezoidais em sandu\u00edche. O sistema de montagem sem barreiras permite uma log\u00edstica f\u00e1cil, um armazenamento econ\u00f3mico e uma montagem simples.<\/p>\n<p>\ud83d\udd39 Aplica\u00e7\u00f5es da <strong>Bra\u00e7adeira Klip-lok sem carril solar<\/strong> montagem no teto<br \/>\nKlip-lok a maior parte dos telhados met\u00e1licos.<br \/>\nInstala\u00e7\u00f5es solares comerciais e industriais.<br \/>\nProjectos de reabilita\u00e7\u00e3o onde os sistemas ferrovi\u00e1rios s\u00e3o impratic\u00e1veis.<\/p>\n<p><em>A conce\u00e7\u00e3o da bra\u00e7adeira de costura vertical sem carris OEM \u00e9 vi\u00e1vel<\/em><\/p>\n<p>Precisa de um or\u00e7amento ou de especifica\u00e7\u00f5es para o seu projeto? Diga-me o tipo de painel e o perfil do telhado!<\/p>","protected":false},"excerpt":{"rendered":"<p>O nosso <strong><b>Solar Rail-less Klip-lok Clam<\/b><\/strong><strong><b>p montagem no tejadilho<\/b><\/strong>\u00a0com apenas tr\u00eas componentes necess\u00e1rios para instalar os m\u00f3dulos diretamente no telhado. Um clip de montagem de base tem 80 mm, 100 mm ou 140 mm de comprimento, pelo que \u00e9 f\u00e1cil de transportar e fixar em quase todos os telhados trapezoidais em sandu\u00edche. O sistema de montagem sem barreiras permite uma log\u00edstica f\u00e1cil, um armazenamento econ\u00f3mico e uma montagem simples.<\/p>\n<div class=\"wp-block-button popmake-1937\"><a class=\"wp-block-button__link wp-element-button\">verifica\u00e7\u00e3o de pre\u00e7os<\/a><\/div>","protected":false},"featured_media":2412,"template":"","meta":{"_uag_custom_page_level_css":"","site-sidebar-layout":"default","site-content-layout":"","ast-site-content-layout":"default","site-content-style":"default","site-sidebar-style":"default","ast-global-header-display":"","ast-banner-title-visibility":"","ast-main-header-display":"","ast-hfb-above-header-display":"","ast-hfb-below-header-display":"","ast-hfb-mobile-header-display":"","site-post-title":"","ast-breadcrumbs-content":"","ast-featured-img":"","footer-sml-layout":"","ast-disable-related-posts":"","theme-transparent-header-meta":"default","adv-header-id-meta":"","stick-header-meta":"","header-above-stick-meta":"","header-main-stick-meta":"","header-below-stick-meta":"","astra-migrate-meta-layouts":"set","ast-page-background-enabled":"default","ast-page-background-meta":{"desktop":{"background-color":"","background-image":"","background-repeat":"repeat","background-position":"center center","background-size":"auto","background-attachment":"scroll","background-type":"","background-media":"","overlay-type":"","overlay-color":"","overlay-opacity":"","overlay-gradient":""},"tablet":{"background-color":"","background-image":"","background-repeat":"repeat","background-position":"center center","background-size":"auto","background-attachment":"scroll","background-type":"","background-media":"","overlay-type":"","overlay-color":"","overlay-opacity":"","overlay-gradient":""},"mobile":{"background-color":"","background-image":"","background-repeat":"repeat","background-position":"center center","background-size":"auto","background-attachment":"scroll","background-type":"","background-media":"","overlay-type":"","overlay-color":"","overlay-opacity":"","overlay-gradient":""}},"ast-content-background-meta":{"desktop":{"background-color":"var(--ast-global-color-5)","background-image":"","background-repeat":"repeat","background-position":"center center","background-size":"auto","background-attachment":"scroll","background-type":"","background-media":"","overlay-type":"","overlay-color":"","overlay-opacity":"","overlay-gradient":""},"tablet":{"background-color":"var(--ast-global-color-5)","background-image":"","background-repeat":"repeat","background-position":"center center","background-size":"auto","background-attachment":"scroll","background-type":"","background-media":"","overlay-type":"","overlay-color":"","overlay-opacity":"","overlay-gradient":""},"mobile":{"background-color":"var(--ast-global-color-5)","background-image":"","background-repeat":"repeat","background-position":"center center","background-size":"auto","background-attachment":"scroll","background-type":"","background-media":"","overlay-type":"","overlay-color":"","overlay-opacity":"","overlay-gradient":""}}},"product_brand":[],"product_cat":[25,61,24],"product_tag":[51,80,79,78,54,46,55,53,39,52],"class_list":{"0":"post-2411","1":"product","2":"type-product","3":"status-publish","4":"has-post-thumbnail","6":"product_cat-excellent","7":"product_cat-solar-metal-roof-mounting-system","8":"product_cat-solar-mounting-system","9":"product_tag-metal-roof-solar-mounting","10":"product_tag-rail-free-solar-mounting","11":"product_tag-rail-less-clamp-mounting","12":"product_tag-rail-less-klip-lok","13":"product_tag-rooftop-solar-mounting","14":"product_tag-solar-adjustable-mounting","15":"product_tag-solar-clamp","16":"product_tag-solar-mounting-system","17":"product_tag-solar-waterproof-solutions","18":"product_tag-trapezoidal-metal-roof-solar-mounting","19":"desktop-align-left","20":"tablet-align-left","21":"mobile-align-left","23":"first","24":"instock","25":"shipping-taxable","26":"product-type-simple"},"spectra_custom_meta":{"_uabb_version":["1.36.1"],"_edit_last":["1"],"_edit_lock":["1751268821:1"],"_thumbnail_id":["2412"],"total_sales":["0"],"_tax_status":["taxable"],"_tax_class":[""],"_manage_stock":["no"],"_backorders":["no"],"_sold_individually":["no"],"_virtual":["no"],"_downloadable":["no"],"_download_limit":["-1"],"_download_expiry":["-1"],"_stock":[null],"_stock_status":["instock"],"_wc_average_rating":["0"],"_wc_review_count":["0"],"_product_version":["9.6.2"],"_product_image_gallery":["2414,2413,2415,2416"],"site-sidebar-layout":["default"],"ast-site-content-layout":["default"],"site-content-style":["default"],"site-sidebar-style":["default"],"theme-transparent-header-meta":["default"],"astra-migrate-meta-layouts":["set"],"_uag_page_assets":["a:9:{s:3:\"css\";s:5318:\".uag-blocks-common-selector{z-index:var(--z-index-desktop) !important}@media (max-width: 976px){.uag-blocks-common-selector{z-index:var(--z-index-tablet) !important}}@media (max-width: 767px){.uag-blocks-common-selector{z-index:var(--z-index-mobile) !important}}\n.wp-block-uagb-faq{width:100%}.wp-block-uagb-faq.uagb-faq-layout-accordion .uagb-faq-child__outer-wrap .uagb-faq-questions-button{cursor:pointer}.wp-block-uagb-faq .uagb-faq-content{margin-bottom:0}.wp-block-uagb-faq .uagb-faq-content p{margin:auto}.uagb-faq-layout-grid.uagb-faq-equal-height.uagb-faq__wrap .uagb-faq-child__outer-wrap,.uagb-faq-layout-grid.uagb-faq-equal-height.uagb-faq__wrap .uagb-faq-item{height:100%}body[class*=\"astra\"] .uagb-faq-questions{line-height:normal}.uagb-faq-item{overflow:hidden}\n.wp-block-uagb-faq-child .uagb-faq-questions-button{display:flex;align-items:center}.wp-block-uagb-faq-child .uagb-faq-questions-button .uagb-faq-icon-wrap{display:flex;align-items:center}.wp-block-uagb-faq-child .uagb-faq-questions-button .uagb-question{width:100%;margin-top:0;margin-bottom:0}.wp-block-uagb-faq-child .uagb-icon svg,.wp-block-uagb-faq-child .uagb-icon-active svg{width:15px;height:15px;font-size:15px}.wp-block-uagb-faq-child.uagb-faq-child__outer-wrap.uagb-faq-item .uagb-icon-active,.wp-block-uagb-faq-child.uagb-faq-child__outer-wrap.uagb-faq-item.uagb-faq-item-active .uagb-icon,.wp-block-uagb-faq-child.uagb-faq-child__outer-wrap .uagb-faq-item .uagb-icon-active,.wp-block-uagb-faq-child.uagb-faq-child__outer-wrap .uagb-faq-item.uagb-faq-item-active .uagb-icon{display:none;width:0;padding:0;height:0;margin:0}.wp-block-uagb-faq-child.uagb-faq-child__outer-wrap.uagb-faq-item .uagb-icon,.wp-block-uagb-faq-child.uagb-faq-child__outer-wrap.uagb-faq-item.uagb-faq-item-active .uagb-icon-active,.wp-block-uagb-faq-child.uagb-faq-child__outer-wrap .uagb-faq-item .uagb-icon,.wp-block-uagb-faq-child.uagb-faq-child__outer-wrap .uagb-faq-item.uagb-faq-item-active .uagb-icon-active{display:flex;width:auto;height:auto}.uagb-faq-layout-grid .uagb-faq-child__outer-wrap.uagb-faq-item .uagb-icon,.uagb-faq-layout-grid .uagb-faq-child__outer-wrap.uagb-faq-item.uagb-faq-item-active .uagb-icon-active,.uagb-faq-layout-grid .uagb-faq-child__outer-wrap .uagb-faq-item .uagb-icon,.uagb-faq-layout-grid .uagb-faq-child__outer-wrap .uagb-faq-item.uagb-faq-item-active .uagb-icon-active{display:none}.uagb-faq-layout-grid .uagb-faq-child__outer-wrap.uagb-faq-item span.uagb-icon-active.uagb-faq-icon-wrap,.uagb-faq-layout-grid .uagb-faq-child__outer-wrap.uagb-faq-item.uagb-faq-item-active .uagb-icon-active,.uagb-faq-layout-grid .uagb-faq-child__outer-wrap .uagb-faq-item span.uagb-icon-active.uagb-faq-icon-wrap,.uagb-faq-layout-grid .uagb-faq-child__outer-wrap .uagb-faq-item.uagb-faq-item-active .uagb-icon-active{display:none}\n.uagb-block-55b5edaf .uagb-icon svg{width: 12px;height: 12px;font-size: 12px;}.uagb-block-55b5edaf .uagb-icon-active svg{width: 12px;height: 12px;font-size: 12px;}.uagb-block-55b5edaf .uagb-faq-child__outer-wrap{margin-bottom: 10px;}.uagb-block-55b5edaf .uagb-faq-item{border-top-width: 1px;border-left-width: 1px;border-right-width: 1px;border-bottom-width: 1px;border-top-left-radius: 2px;border-top-right-radius: 2px;border-bottom-left-radius: 2px;border-bottom-right-radius: 2px;border-color: #1e1e1e;border-style: solid;}.uagb-block-55b5edaf .uagb-faq-questions-button{padding-top: 10px;padding-bottom: 10px;padding-right: 10px;padding-left: 10px;}.uagb-block-55b5edaf .uagb-faq-content{padding-top: 10px;padding-bottom: 10px;padding-right: 10px;padding-left: 10px;}.uagb-block-55b5edaf .uagb-faq-content span{margin-top: 10px;margin-bottom: 10px;margin-right: 10px;margin-left: 10px;}.uagb-block-55b5edaf.uagb-faq-icon-row .uagb-faq-item .uagb-faq-icon-wrap{margin-right: 10px;}.uagb-block-55b5edaf.uagb-faq-icon-row-reverse .uagb-faq-item .uagb-faq-icon-wrap{margin-left: 10px;}.uagb-block-55b5edaf .uagb-faq-item .uagb-faq-questions-button.uagb-faq-questions{flex-direction: row;}.uagb-block-55b5edaf .wp-block-uagb-faq-child.uagb-faq-child__outer-wrap .uagb-faq-content {display: none;}@media only screen and (max-width: 976px) {.uagb-block-55b5edaf.uagb-faq-icon-row .uagb-faq-item .uagb-faq-icon-wrap{margin-right: 10px;}.uagb-block-55b5edaf.uagb-faq-icon-row-reverse .uagb-faq-item .uagb-faq-icon-wrap{margin-left: 10px;}.uagb-block-55b5edaf .uagb-faq-questions-button{padding-top: 10px;padding-bottom: 10px;padding-right: 10px;padding-left: 10px;}.uagb-block-55b5edaf .uagb-faq-content{padding-top: 10px;padding-bottom: 10px;padding-right: 10px;padding-left: 10px;}.uagb-block-55b5edaf .uagb-faq-content span{margin-top: 10px;margin-bottom: 10px;margin-right: 10px;margin-left: 10px;}}@media only screen and (max-width: 767px) {.uagb-block-55b5edaf.uagb-faq-icon-row .uagb-faq-item .uagb-faq-icon-wrap{margin-right: 10px;}.uagb-block-55b5edaf.uagb-faq-icon-row-reverse .uagb-faq-item .uagb-faq-icon-wrap{margin-left: 10px;}.uagb-block-55b5edaf .uagb-faq-questions-button{padding-top: 10px;padding-bottom: 10px;padding-right: 10px;padding-left: 10px;}.uagb-block-55b5edaf .uagb-faq-content{padding-top: 10px;padding-bottom: 10px;padding-right: 10px;padding-left: 10px;}.uagb-block-55b5edaf .uagb-faq-content span{margin-top: 10px;margin-bottom: 10px;margin-right: 10px;margin-left: 10px;}}\";s:2:\"js\";s:0:\"\";s:18:\"current_block_list\";a:10:{i:0;s:11:\"core\/search\";i:1;s:10:\"core\/group\";i:2;s:12:\"core\/heading\";i:3;s:17:\"core\/latest-posts\";i:4;s:20:\"core\/latest-comments\";i:5;s:13:\"core\/archives\";i:6;s:15:\"core\/categories\";i:7;s:14:\"core\/paragraph\";i:8;s:8:\"uagb\/faq\";i:9;s:14:\"uagb\/faq-child\";}s:8:\"uag_flag\";b:1;s:11:\"uag_version\";s:10:\"1775829763\";s:6:\"gfonts\";a:0:{}s:10:\"gfonts_url\";s:0:\"\";s:12:\"gfonts_files\";a:0:{}s:14:\"uag_faq_layout\";b:1;}"],"_uag_css_file_name":["uag-css-2411.css"]},"uagb_featured_image_src":{"full":["https:\/\/senyenergy.com\/wp-content\/uploads\/2025\/04\/Klip-lok.jpg",800,800,false],"thumbnail":["https:\/\/senyenergy.com\/wp-content\/uploads\/2025\/04\/Klip-lok-150x150.jpg",150,150,true],"medium":["https:\/\/senyenergy.com\/wp-content\/uploads\/2025\/04\/Klip-lok-300x300.jpg",300,300,true],"medium_large":["https:\/\/senyenergy.com\/wp-content\/uploads\/2025\/04\/Klip-lok-768x768.jpg",768,768,true],"large":["https:\/\/senyenergy.com\/wp-content\/uploads\/2025\/04\/Klip-lok.jpg",800,800,false],"1536x1536":["https:\/\/senyenergy.com\/wp-content\/uploads\/2025\/04\/Klip-lok.jpg",800,800,false],"2048x2048":["https:\/\/senyenergy.com\/wp-content\/uploads\/2025\/04\/Klip-lok.jpg",800,800,false],"trp-custom-language-flag":["https:\/\/senyenergy.com\/wp-content\/uploads\/2025\/04\/Klip-lok-12x12.jpg",12,12,true],"woocommerce_thumbnail":["https:\/\/senyenergy.com\/wp-content\/uploads\/2025\/04\/Klip-lok-300x300.jpg",300,300,true],"woocommerce_single":["https:\/\/senyenergy.com\/wp-content\/uploads\/2025\/04\/Klip-lok-600x600.jpg",600,600,true],"woocommerce_gallery_thumbnail":["https:\/\/senyenergy.com\/wp-content\/uploads\/2025\/04\/Klip-lok-100x100.jpg",100,100,true]},"uagb_author_info":{"display_name":"wp-admin","author_link":"https:\/\/senyenergy.com\/pt\/author\/"},"uagb_comment_info":0,"uagb_excerpt":"Our Solar Rail-less Klip-lok Clamp roof mounting\u00a0with only three components are required to install the modules directly to the roof. A base mounting clip is\u00a080mm,\u00a0100mm or 140mm long, therefore easy to carry and attach to almost all trapezoidal sandwich roofs. Railless mounting system allow for easy logistics, cost-effective warehousing and easy mounting. price check","_links":{"self":[{"href":"https:\/\/senyenergy.com\/pt\/wp-json\/wp\/v2\/product\/2411","targetHints":{"allow":["GET"]}}],"collection":[{"href":"https:\/\/senyenergy.com\/pt\/wp-json\/wp\/v2\/product"}],"about":[{"href":"https:\/\/senyenergy.com\/pt\/wp-json\/wp\/v2\/types\/product"}],"wp:featuredmedia":[{"embeddable":true,"href":"https:\/\/senyenergy.com\/pt\/wp-json\/wp\/v2\/media\/2412"}],"wp:attachment":[{"href":"https:\/\/senyenergy.com\/pt\/wp-json\/wp\/v2\/media?parent=2411"}],"wp:term":[{"taxonomy":"product_brand","embeddable":true,"href":"https:\/\/senyenergy.com\/pt\/wp-json\/wp\/v2\/product_brand?post=2411"},{"taxonomy":"product_cat","embeddable":true,"href":"https:\/\/senyenergy.com\/pt\/wp-json\/wp\/v2\/product_cat?post=2411"},{"taxonomy":"product_tag","embeddable":true,"href":"https:\/\/senyenergy.com\/pt\/wp-json\/wp\/v2\/product_tag?post=2411"}],"curies":[{"name":"wp","href":"https:\/\/api.w.org\/{rel}","templated":true}]}}