{"id":2322,"date":"2025-03-27T21:39:41","date_gmt":"2025-03-27T13:39:41","guid":{"rendered":"https:\/\/senyenergy.com\/?post_type=product&#038;p=2322"},"modified":"2025-06-30T15:15:08","modified_gmt":"2025-06-30T07:15:08","slug":"a-atualizacao-sus304-clipe-de-drenagem-de-agua-solar-pv","status":"publish","type":"product","link":"https:\/\/senyenergy.com\/pt\/product\/a-atualizacao-sus304-clipe-de-drenagem-de-agua-solar-pv\/","title":{"rendered":"The Update Solar PV Water Drain Clip Clipes de limpeza"},"content":{"rendered":"<p>A atualiza\u00e7\u00e3o SUS304 Solar <strong>Clipe de drenagem de \u00e1gua PV<\/strong>\u00a0\u00e9 um acess\u00f3rio de montagem resistente \u00e0 corros\u00e3o, concebido para melhorar a drenagem da \u00e1gua por baixo dos pain\u00e9is solares, ao mesmo tempo que os fixa de forma segura \u00e0s calhas de montagem. Fabricado em a\u00e7o inoxid\u00e1vel de alta qualidade (SUS304), este clip garante uma durabilidade a longo prazo e resist\u00eancia a condi\u00e7\u00f5es climat\u00e9ricas adversas.<\/p>\n<p>&nbsp;<\/p>\n<p>A Atualiza\u00e7\u00e3o Solar <strong>Clipe de drenagem de \u00e1gua PV <\/strong>Clipes de limpeza com prote\u00e7\u00e3o \u00e0 prova de ferrugem, dur\u00e1vel, componente, drenagem eficiente, custo-benef\u00edcio do que o antigo painel solar Drenagem de \u00e1gua fora do clipe. H\u00e1 30mm, 33mm, 35mm, 40mm de espessura do quadro do painel solar opcional.<\/p>\n<p>&nbsp;<\/p>\n<p>Carater\u00edsticas e vantagens do Update Solar <strong>Clipe de drenagem de \u00e1gua PV<\/strong><\/p>\n<ol>\n<li>Material superior - A\u00e7o inoxid\u00e1vel SUS304<\/li>\n<\/ol>\n<p>Elevada resist\u00eancia \u00e0 corros\u00e3o (ideal para zonas costeiras, h\u00famidas ou industriais).<\/p>\n<p>\u00c0 prova de ferrugem e resistente \u00e0s intemp\u00e9ries, garantindo a longevidade mesmo em condi\u00e7\u00f5es extremas.<\/p>\n<p>Mais forte do que o alum\u00ednio ou o a\u00e7o galvanizado, proporcionando um melhor suporte estrutural.<\/p>\n<p>&nbsp;<\/p>\n<ol start=\"2\">\n<li>Projeto de drenagem eficiente da \u00e1gua<\/li>\n<\/ol>\n<p>Evita a acumula\u00e7\u00e3o de \u00e1gua por baixo dos pain\u00e9is solares, reduzindo o risco de..:<\/p>\n<p>Corros\u00e3o nos sistemas de montagem.<\/p>\n<p>Acumula\u00e7\u00e3o de algas ou sujidade, que pode afetar a efici\u00eancia do painel.<\/p>\n<p>Acumula\u00e7\u00e3o de gelo em climas frios.<\/p>\n<p>Melhora a auto-limpeza durante a chuva.<\/p>\n<p>&nbsp;<\/p>\n<ol start=\"3\">\n<li>Seguro e resistente a vibra\u00e7\u00f5es<\/li>\n<\/ol>\n<p>Garante uma ader\u00eancia firme aos pain\u00e9is solares, impedindo o seu movimento devido ao vento ou \u00e0 expans\u00e3o t\u00e9rmica.<\/p>\n<p>Reduz o risco de afrouxamento ao longo do tempo, mantendo a estabilidade do sistema.<\/p>\n<p>&nbsp;<\/p>\n<ol start=\"4\">\n<li>Compatibilidade e facilidade de instala\u00e7\u00e3o<\/li>\n<\/ol>\n<p>Funciona com a maioria das estruturas de pain\u00e9is solares e calhas de montagem padr\u00e3o.<\/p>\n<p>Furos pr\u00e9-perfurados para facilitar o alinhamento e a fixa\u00e7\u00e3o.<\/p>\n<p>Pode ser utilizado em instala\u00e7\u00f5es solares montadas no telhado, no solo e em telheiros.<\/p>\n<p>&nbsp;<\/p>\n<ol start=\"5\">\n<li>Design est\u00e9tico e de baixo perfil<\/li>\n<\/ol>\n<p>Visibilidade m\u00ednima, mantendo um aspeto limpo e profissional.<\/p>\n<p>Sem arestas vivas, o que reduz o risco de ferimentos durante a instala\u00e7\u00e3o.<\/p>\n<p>&nbsp;<\/p>\n<p>Aplica\u00e7\u00f5es da atualiza\u00e7\u00e3o SUS304 Solar <strong>Clipe de drenagem de \u00e1gua PV<\/strong><\/p>\n<p>Solar para telhados residenciais e comerciais<\/p>\n<p>Parques solares montados no solo<\/p>\n<p>Instala\u00e7\u00f5es solares de telheiro e p\u00e9rgola<\/p>\n<p>Ambientes de elevada humidade ou costeiros<\/p>\n<p>&nbsp;<\/p>\n<p>Conclus\u00e3o: O SUS304 oferece o melhor equil\u00edbrio entre durabilidade, resist\u00eancia \u00e0 corros\u00e3o e for\u00e7a, tornando-o ideal para instala\u00e7\u00f5es solares de longa dura\u00e7\u00e3o.<\/p>\n<p>&nbsp;<\/p>\n<p>Conselhos de instala\u00e7\u00e3o do Update SUS304 Solar <strong>Clipe de drenagem de \u00e1gua PV<\/strong><\/p>\n<p>Assegurar um espa\u00e7amento adequado entre os clipes para uma drenagem \u00f3ptima da \u00e1gua.<\/p>\n<p>Utilizar fixadores de a\u00e7o inoxid\u00e1vel para evitar a corros\u00e3o galv\u00e2nica.<\/p>\n<p>Verificar se existem detritos ap\u00f3s a instala\u00e7\u00e3o para evitar entupimentos.<\/p>\n<p>&nbsp;<\/p>\n<p>Finalmente, a atualiza\u00e7\u00e3o SUS304 Solar <strong>Clipe de drenagem de \u00e1gua PV<\/strong>\u00a0\u00e9 uma solu\u00e7\u00e3o de alto desempenho e duradoura para sistemas de montagem solar, particularmente em ambientes adversos. O seu design de drenagem de \u00e1gua aumenta a efici\u00eancia do sistema, enquanto a sua constru\u00e7\u00e3o em a\u00e7o inoxid\u00e1vel garante fiabilidade durante d\u00e9cadas.<\/p>\n<p>Deseja obter mais informa\u00e7\u00f5es sobre Clipe de drenagem de \u00e1gua solar fotovoltaica SUS304 Atualizar ?<\/p>","protected":false},"excerpt":{"rendered":"<p>A atualiza\u00e7\u00e3o SUS304 Solar PV Water Drainage Clip com \u00e0 prova de ferrugem, dur\u00e1vel, prote\u00e7\u00e3o de componentes, drenagem eficiente, custo-benef\u00edcio do que o antigo painel solar Water Drainage off Clip.<\/p>\n<div class=\"wp-block-button popmake-1937\"><a class=\"wp-block-button__link wp-element-button\">verifica\u00e7\u00e3o de pre\u00e7os<\/a><\/div>","protected":false},"featured_media":2324,"template":"","meta":{"_uag_custom_page_level_css":"","site-sidebar-layout":"default","site-content-layout":"","ast-site-content-layout":"default","site-content-style":"default","site-sidebar-style":"default","ast-global-header-display":"","ast-banner-title-visibility":"","ast-main-header-display":"","ast-hfb-above-header-display":"","ast-hfb-below-header-display":"","ast-hfb-mobile-header-display":"","site-post-title":"","ast-breadcrumbs-content":"","ast-featured-img":"","footer-sml-layout":"","ast-disable-related-posts":"","theme-transparent-header-meta":"default","adv-header-id-meta":"","stick-header-meta":"","header-above-stick-meta":"","header-main-stick-meta":"","header-below-stick-meta":"","astra-migrate-meta-layouts":"set","ast-page-background-enabled":"default","ast-page-background-meta":{"desktop":{"background-color":"","background-image":"","background-repeat":"repeat","background-position":"center center","background-size":"auto","background-attachment":"scroll","background-type":"","background-media":"","overlay-type":"","overlay-color":"","overlay-opacity":"","overlay-gradient":""},"tablet":{"background-color":"","background-image":"","background-repeat":"repeat","background-position":"center center","background-size":"auto","background-attachment":"scroll","background-type":"","background-media":"","overlay-type":"","overlay-color":"","overlay-opacity":"","overlay-gradient":""},"mobile":{"background-color":"","background-image":"","background-repeat":"repeat","background-position":"center center","background-size":"auto","background-attachment":"scroll","background-type":"","background-media":"","overlay-type":"","overlay-color":"","overlay-opacity":"","overlay-gradient":""}},"ast-content-background-meta":{"desktop":{"background-color":"var(--ast-global-color-5)","background-image":"","background-repeat":"repeat","background-position":"center center","background-size":"auto","background-attachment":"scroll","background-type":"","background-media":"","overlay-type":"","overlay-color":"","overlay-opacity":"","overlay-gradient":""},"tablet":{"background-color":"var(--ast-global-color-5)","background-image":"","background-repeat":"repeat","background-position":"center center","background-size":"auto","background-attachment":"scroll","background-type":"","background-media":"","overlay-type":"","overlay-color":"","overlay-opacity":"","overlay-gradient":""},"mobile":{"background-color":"var(--ast-global-color-5)","background-image":"","background-repeat":"repeat","background-position":"center center","background-size":"auto","background-attachment":"scroll","background-type":"","background-media":"","overlay-type":"","overlay-color":"","overlay-opacity":"","overlay-gradient":""}}},"product_brand":[],"product_cat":[25,33],"product_tag":[36,64,66,65,63],"class_list":{"0":"post-2322","1":"product","2":"type-product","3":"status-publish","4":"has-post-thumbnail","6":"product_cat-excellent","7":"product_cat-solar-panel-accessories","8":"product_tag-solar-panel-clip","9":"product_tag-solar-panel-solar-pv-water-drainage-clip","10":"product_tag-solar-panel-water-clip","11":"product_tag-solar-pv-clip","12":"product_tag-solar-pv-water-drainage-clip","13":"desktop-align-left","14":"tablet-align-left","15":"mobile-align-left","17":"first","18":"instock","19":"shipping-taxable","20":"product-type-simple"},"spectra_custom_meta":{"_uabb_version":["1.36.1"],"_edit_last":["1"],"_edit_lock":["1751267619:1"],"_thumbnail_id":["2324"],"total_sales":["0"],"_tax_status":["taxable"],"_tax_class":[""],"_manage_stock":["no"],"_backorders":["no"],"_sold_individually":["no"],"_virtual":["no"],"_downloadable":["no"],"_download_limit":["-1"],"_download_expiry":["-1"],"_stock":[null],"_stock_status":["instock"],"_wc_average_rating":["0"],"_wc_review_count":["0"],"_product_version":["9.6.2"],"_product_image_gallery":["2323,2325,2326,2327,2328"],"site-sidebar-layout":["default"],"ast-site-content-layout":["default"],"site-content-style":["default"],"site-sidebar-style":["default"],"theme-transparent-header-meta":["default"],"astra-migrate-meta-layouts":["set"],"_uag_page_assets":["a:9:{s:3:\"css\";s:5318:\".uag-blocks-common-selector{z-index:var(--z-index-desktop) !important}@media (max-width: 976px){.uag-blocks-common-selector{z-index:var(--z-index-tablet) !important}}@media (max-width: 767px){.uag-blocks-common-selector{z-index:var(--z-index-mobile) !important}}\n.wp-block-uagb-faq{width:100%}.wp-block-uagb-faq.uagb-faq-layout-accordion .uagb-faq-child__outer-wrap .uagb-faq-questions-button{cursor:pointer}.wp-block-uagb-faq .uagb-faq-content{margin-bottom:0}.wp-block-uagb-faq .uagb-faq-content p{margin:auto}.uagb-faq-layout-grid.uagb-faq-equal-height.uagb-faq__wrap .uagb-faq-child__outer-wrap,.uagb-faq-layout-grid.uagb-faq-equal-height.uagb-faq__wrap .uagb-faq-item{height:100%}body[class*=\"astra\"] .uagb-faq-questions{line-height:normal}.uagb-faq-item{overflow:hidden}\n.wp-block-uagb-faq-child .uagb-faq-questions-button{display:flex;align-items:center}.wp-block-uagb-faq-child .uagb-faq-questions-button .uagb-faq-icon-wrap{display:flex;align-items:center}.wp-block-uagb-faq-child .uagb-faq-questions-button .uagb-question{width:100%;margin-top:0;margin-bottom:0}.wp-block-uagb-faq-child .uagb-icon svg,.wp-block-uagb-faq-child .uagb-icon-active svg{width:15px;height:15px;font-size:15px}.wp-block-uagb-faq-child.uagb-faq-child__outer-wrap.uagb-faq-item .uagb-icon-active,.wp-block-uagb-faq-child.uagb-faq-child__outer-wrap.uagb-faq-item.uagb-faq-item-active .uagb-icon,.wp-block-uagb-faq-child.uagb-faq-child__outer-wrap .uagb-faq-item .uagb-icon-active,.wp-block-uagb-faq-child.uagb-faq-child__outer-wrap .uagb-faq-item.uagb-faq-item-active .uagb-icon{display:none;width:0;padding:0;height:0;margin:0}.wp-block-uagb-faq-child.uagb-faq-child__outer-wrap.uagb-faq-item .uagb-icon,.wp-block-uagb-faq-child.uagb-faq-child__outer-wrap.uagb-faq-item.uagb-faq-item-active .uagb-icon-active,.wp-block-uagb-faq-child.uagb-faq-child__outer-wrap .uagb-faq-item .uagb-icon,.wp-block-uagb-faq-child.uagb-faq-child__outer-wrap .uagb-faq-item.uagb-faq-item-active .uagb-icon-active{display:flex;width:auto;height:auto}.uagb-faq-layout-grid .uagb-faq-child__outer-wrap.uagb-faq-item .uagb-icon,.uagb-faq-layout-grid .uagb-faq-child__outer-wrap.uagb-faq-item.uagb-faq-item-active .uagb-icon-active,.uagb-faq-layout-grid .uagb-faq-child__outer-wrap .uagb-faq-item .uagb-icon,.uagb-faq-layout-grid .uagb-faq-child__outer-wrap .uagb-faq-item.uagb-faq-item-active .uagb-icon-active{display:none}.uagb-faq-layout-grid .uagb-faq-child__outer-wrap.uagb-faq-item span.uagb-icon-active.uagb-faq-icon-wrap,.uagb-faq-layout-grid .uagb-faq-child__outer-wrap.uagb-faq-item.uagb-faq-item-active .uagb-icon-active,.uagb-faq-layout-grid .uagb-faq-child__outer-wrap .uagb-faq-item span.uagb-icon-active.uagb-faq-icon-wrap,.uagb-faq-layout-grid .uagb-faq-child__outer-wrap .uagb-faq-item.uagb-faq-item-active .uagb-icon-active{display:none}\n.uagb-block-55b5edaf .uagb-icon svg{width: 12px;height: 12px;font-size: 12px;}.uagb-block-55b5edaf .uagb-icon-active svg{width: 12px;height: 12px;font-size: 12px;}.uagb-block-55b5edaf .uagb-faq-child__outer-wrap{margin-bottom: 10px;}.uagb-block-55b5edaf .uagb-faq-item{border-top-width: 1px;border-left-width: 1px;border-right-width: 1px;border-bottom-width: 1px;border-top-left-radius: 2px;border-top-right-radius: 2px;border-bottom-left-radius: 2px;border-bottom-right-radius: 2px;border-color: #1e1e1e;border-style: solid;}.uagb-block-55b5edaf .uagb-faq-questions-button{padding-top: 10px;padding-bottom: 10px;padding-right: 10px;padding-left: 10px;}.uagb-block-55b5edaf .uagb-faq-content{padding-top: 10px;padding-bottom: 10px;padding-right: 10px;padding-left: 10px;}.uagb-block-55b5edaf .uagb-faq-content span{margin-top: 10px;margin-bottom: 10px;margin-right: 10px;margin-left: 10px;}.uagb-block-55b5edaf.uagb-faq-icon-row .uagb-faq-item .uagb-faq-icon-wrap{margin-right: 10px;}.uagb-block-55b5edaf.uagb-faq-icon-row-reverse .uagb-faq-item .uagb-faq-icon-wrap{margin-left: 10px;}.uagb-block-55b5edaf .uagb-faq-item .uagb-faq-questions-button.uagb-faq-questions{flex-direction: row;}.uagb-block-55b5edaf .wp-block-uagb-faq-child.uagb-faq-child__outer-wrap .uagb-faq-content {display: none;}@media only screen and (max-width: 976px) {.uagb-block-55b5edaf.uagb-faq-icon-row .uagb-faq-item .uagb-faq-icon-wrap{margin-right: 10px;}.uagb-block-55b5edaf.uagb-faq-icon-row-reverse .uagb-faq-item .uagb-faq-icon-wrap{margin-left: 10px;}.uagb-block-55b5edaf .uagb-faq-questions-button{padding-top: 10px;padding-bottom: 10px;padding-right: 10px;padding-left: 10px;}.uagb-block-55b5edaf .uagb-faq-content{padding-top: 10px;padding-bottom: 10px;padding-right: 10px;padding-left: 10px;}.uagb-block-55b5edaf .uagb-faq-content span{margin-top: 10px;margin-bottom: 10px;margin-right: 10px;margin-left: 10px;}}@media only screen and (max-width: 767px) {.uagb-block-55b5edaf.uagb-faq-icon-row .uagb-faq-item .uagb-faq-icon-wrap{margin-right: 10px;}.uagb-block-55b5edaf.uagb-faq-icon-row-reverse .uagb-faq-item .uagb-faq-icon-wrap{margin-left: 10px;}.uagb-block-55b5edaf .uagb-faq-questions-button{padding-top: 10px;padding-bottom: 10px;padding-right: 10px;padding-left: 10px;}.uagb-block-55b5edaf .uagb-faq-content{padding-top: 10px;padding-bottom: 10px;padding-right: 10px;padding-left: 10px;}.uagb-block-55b5edaf .uagb-faq-content span{margin-top: 10px;margin-bottom: 10px;margin-right: 10px;margin-left: 10px;}}\";s:2:\"js\";s:0:\"\";s:18:\"current_block_list\";a:10:{i:0;s:11:\"core\/search\";i:1;s:10:\"core\/group\";i:2;s:12:\"core\/heading\";i:3;s:17:\"core\/latest-posts\";i:4;s:20:\"core\/latest-comments\";i:5;s:13:\"core\/archives\";i:6;s:15:\"core\/categories\";i:7;s:14:\"core\/paragraph\";i:8;s:8:\"uagb\/faq\";i:9;s:14:\"uagb\/faq-child\";}s:8:\"uag_flag\";b:1;s:11:\"uag_version\";s:10:\"1775829763\";s:6:\"gfonts\";a:0:{}s:10:\"gfonts_url\";s:0:\"\";s:12:\"gfonts_files\";a:0:{}s:14:\"uag_faq_layout\";b:1;}"],"_uag_css_file_name":["uag-css-2322.css"]},"uagb_featured_image_src":{"full":["https:\/\/senyenergy.com\/wp-content\/uploads\/2025\/03\/Solar-PV-Water-Drainage-Clip.jpg",800,800,false],"thumbnail":["https:\/\/senyenergy.com\/wp-content\/uploads\/2025\/03\/Solar-PV-Water-Drainage-Clip-150x150.jpg",150,150,true],"medium":["https:\/\/senyenergy.com\/wp-content\/uploads\/2025\/03\/Solar-PV-Water-Drainage-Clip-300x300.jpg",300,300,true],"medium_large":["https:\/\/senyenergy.com\/wp-content\/uploads\/2025\/03\/Solar-PV-Water-Drainage-Clip-768x768.jpg",768,768,true],"large":["https:\/\/senyenergy.com\/wp-content\/uploads\/2025\/03\/Solar-PV-Water-Drainage-Clip.jpg",800,800,false],"1536x1536":["https:\/\/senyenergy.com\/wp-content\/uploads\/2025\/03\/Solar-PV-Water-Drainage-Clip.jpg",800,800,false],"2048x2048":["https:\/\/senyenergy.com\/wp-content\/uploads\/2025\/03\/Solar-PV-Water-Drainage-Clip.jpg",800,800,false],"trp-custom-language-flag":["https:\/\/senyenergy.com\/wp-content\/uploads\/2025\/03\/Solar-PV-Water-Drainage-Clip-12x12.jpg",12,12,true],"woocommerce_thumbnail":["https:\/\/senyenergy.com\/wp-content\/uploads\/2025\/03\/Solar-PV-Water-Drainage-Clip-300x300.jpg",300,300,true],"woocommerce_single":["https:\/\/senyenergy.com\/wp-content\/uploads\/2025\/03\/Solar-PV-Water-Drainage-Clip-600x600.jpg",600,600,true],"woocommerce_gallery_thumbnail":["https:\/\/senyenergy.com\/wp-content\/uploads\/2025\/03\/Solar-PV-Water-Drainage-Clip-100x100.jpg",100,100,true]},"uagb_author_info":{"display_name":"wp-admin","author_link":"https:\/\/senyenergy.com\/pt\/author\/"},"uagb_comment_info":0,"uagb_excerpt":"The update\u00a0SUS304 Solar PV Water Drainage Clip\u00a0with rust-proof, durable, component protection, efficient drainage, cost-effective than old solar panel Water Drainage off Clip. price check","_links":{"self":[{"href":"https:\/\/senyenergy.com\/pt\/wp-json\/wp\/v2\/product\/2322","targetHints":{"allow":["GET"]}}],"collection":[{"href":"https:\/\/senyenergy.com\/pt\/wp-json\/wp\/v2\/product"}],"about":[{"href":"https:\/\/senyenergy.com\/pt\/wp-json\/wp\/v2\/types\/product"}],"wp:featuredmedia":[{"embeddable":true,"href":"https:\/\/senyenergy.com\/pt\/wp-json\/wp\/v2\/media\/2324"}],"wp:attachment":[{"href":"https:\/\/senyenergy.com\/pt\/wp-json\/wp\/v2\/media?parent=2322"}],"wp:term":[{"taxonomy":"product_brand","embeddable":true,"href":"https:\/\/senyenergy.com\/pt\/wp-json\/wp\/v2\/product_brand?post=2322"},{"taxonomy":"product_cat","embeddable":true,"href":"https:\/\/senyenergy.com\/pt\/wp-json\/wp\/v2\/product_cat?post=2322"},{"taxonomy":"product_tag","embeddable":true,"href":"https:\/\/senyenergy.com\/pt\/wp-json\/wp\/v2\/product_tag?post=2322"}],"curies":[{"name":"wp","href":"https:\/\/api.w.org\/{rel}","templated":true}]}}