{"id":2203,"date":"2025-02-23T16:58:56","date_gmt":"2025-02-23T08:58:56","guid":{"rendered":"https:\/\/senyenergy.com\/?post_type=product&#038;p=2203"},"modified":"2025-11-13T12:20:31","modified_gmt":"2025-11-13T04:20:31","slug":"passadeira-solar-em-aluminio-antiderrapante","status":"publish","type":"product","link":"https:\/\/senyenergy.com\/pt\/product\/passadeira-solar-em-aluminio-antiderrapante\/","title":{"rendered":"Passarela solar de alum\u00ednio antiderrapante para telhado"},"content":{"rendered":"<p>Antiderrapante <strong>Passadi\u00e7o solar em alum\u00ednio<\/strong> \u00e9 uma placa antiderrapante especialmente concebida para o efeito. Os passadi\u00e7os de alum\u00ednio s\u00e3o amplamente utilizados em instala\u00e7\u00f5es fotovoltaicas e noutros sectores industriais. Proporcionam uma superf\u00edcie segura e est\u00e1vel para os trabalhadores acederem aos pain\u00e9is solares e efectuarem tarefas de manuten\u00e7\u00e3o.<\/p>\n<p>A natureza leve do alum\u00ednio facilita o transporte e a instala\u00e7\u00e3o, reduzindo os custos de m\u00e3o de obra. As suas propriedades de resist\u00eancia \u00e0 corros\u00e3o garantem a durabilidade mesmo em condi\u00e7\u00f5es climat\u00e9ricas adversas. Estas passadeiras s\u00e3o tamb\u00e9m amplamente utilizadas nas ind\u00fastrias de fabrico, constru\u00e7\u00e3o e log\u00edstica, oferecendo um caminho fi\u00e1vel para um movimento eficiente e uma maior seguran\u00e7a.<\/p>\n\n<table id=\"tablepress-2\" class=\"tablepress tablepress-id-2\">\n<thead>\n<tr class=\"row-1\">\n\t<td class=\"column-1\"><\/td><th class=\"column-2\">FICHA T\u00c9CNICA<\/th>\n<\/tr>\n<\/thead>\n<tbody class=\"row-striping row-hover\">\n<tr class=\"row-2\">\n\t<td class=\"column-1\"><\/td><td class=\"column-2\"><\/td>\n<\/tr>\n<tr class=\"row-3\">\n\t<td class=\"column-1\">NO.\uff1a<\/td><td class=\"column-2\">SY-AWS<\/td>\n<\/tr>\n<tr class=\"row-4\">\n\t<td class=\"column-1\">\u00c2ngulo de instala\u00e7\u00e3o:<\/td><td class=\"column-2\">0-30graus<\/td>\n<\/tr>\n<tr class=\"row-5\">\n\t<td class=\"column-1\">Carga de neve\uff1a<\/td><td class=\"column-2\">1,4 KN \/ M2<\/td>\n<\/tr>\n<tr class=\"row-6\">\n\t<td class=\"column-1\">Garantia:<\/td><td class=\"column-2\">10 anos<\/td>\n<\/tr>\n<tr class=\"row-7\">\n\t<td class=\"column-1\">Vida \u00fatil:<\/td><td class=\"column-2\">25 anos<\/td>\n<\/tr>\n<tr class=\"row-8\">\n\t<td class=\"column-1\">Velocidade do vento\uff1a<\/td><td class=\"column-2\">60 M\/s<\/td>\n<\/tr>\n<tr class=\"row-9\">\n\t<td class=\"column-1\">Tamanho:<\/td><td class=\"column-2\">3000*350*30mm.  Pode ser personalizado<\/td>\n<\/tr>\n<tr class=\"row-10\">\n\t<td class=\"column-1\">Material :<\/td><td class=\"column-2\">Alum\u00ednio<\/td>\n<\/tr>\n<tr class=\"row-11\">\n\t<td class=\"column-1\">Tipo de produto:<\/td><td class=\"column-2\">Passadi\u00e7o antiderrapante em alum\u00ednio<\/td>\n<\/tr>\n<tr class=\"row-12\">\n\t<td class=\"column-1\">Padr\u00e3o:<\/td><td class=\"column-2\">AS\/NZS1170 &amp; DIN 1055<\/td>\n<\/tr>\n<tr class=\"row-13\">\n\t<td class=\"column-1\">Orienta\u00e7\u00e3o\uff1a<\/td><td class=\"column-2\">Paisagem,Retrato<\/td>\n<\/tr>\n<tr class=\"row-14\">\n\t<td class=\"column-1\">Local de instala\u00e7\u00e3o:<\/td><td class=\"column-2\">Instala\u00e7\u00f5es de pain\u00e9is solares em telhados e outros sectores industriais<\/td>\n<\/tr>\n<\/tbody>\n<\/table>\n\n<h5>Carater\u00edsticas e vantagens do <strong>Passadi\u00e7o solar em alum\u00ednio<\/strong><\/h5>\n<p>Desempenho anti-derrapante: A superf\u00edcie apresenta uma s\u00e9rie de sali\u00eancias afiadas semelhantes a dentes, aumentando a fric\u00e7\u00e3o e proporcionando um excelente desempenho antiderrapante para evitar escorregadelas e quedas.<\/p>\n<p>Durabilidade: \u00c9 normalmente fabricado em liga de alum\u00ednio resistente \u00e0 corros\u00e3o, garantindo durabilidade e uma longa vida \u00fatil.<\/p>\n<p>Auto-limpeza. Devido ao orif\u00edcio na superf\u00edcie, \u00e9 poss\u00edvel filtrar os res\u00edduos. A estrutura elevada da passadeira antiderrapante ajuda na drenagem, evitando que a \u00e1gua ou outros l\u00edquidos se acumulem na superf\u00edcie. Isto proporciona efeitos antiderrapantes melhorados, particularmente adequados para ambientes h\u00famidos ou \u00e1reas que requerem drenagem.<\/p>\n<p>Reutiliz\u00e1veis: Os passadi\u00e7os antiderrapantes de alum\u00ednio podem ser relativamente f\u00e1ceis de desmontar e reinstalar com pouco peso, o que os torna reutiliz\u00e1veis. Este facto \u00e9 vantajoso em situa\u00e7\u00f5es em que \u00e9 necess\u00e1rio deslocar ou substituir as placas antiderrapantes. Longa dura\u00e7\u00e3o e pouca manuten\u00e7\u00e3o.<\/p>\n<h5>Embalagem do <strong>Passadi\u00e7o solar em alum\u00ednio<\/strong><\/h5>\n<p>Em palete de a\u00e7o de alta qualidade com cinto de a\u00e7o forte, palete de madeira. e tamb\u00e9m pode ser embalado como pedido.<\/p>\n<p>O passadi\u00e7o antiderrapante de alum\u00ednio Solar \u00e9 um produto atualizado que mudou o material de fibra de vidro refor\u00e7ada para alum\u00ednio, que \u00e9 mais leve e muito mais f\u00e1cil de instalar no local. Combinado com a nossa bra\u00e7adeira de extremidade, calha lateral e p\u00e9 em L. A dimens\u00e3o comum \u00e9 3000*350*30mm. Pode ser personalizado. O v\u00e3o pode ser de 1000mm a 1200mm.<\/p>\n<p>A versatilidade e o car\u00e1cter pr\u00e1tico do Antiderrapante <strong>Passadi\u00e7o solar em alum\u00ednio <\/strong>fazem deles a escolha preferida para v\u00e1rias aplica\u00e7\u00f5es industriais.<\/p>\n<p>&nbsp;<\/p>","protected":false},"excerpt":{"rendered":"<p>A passadeira solar de alum\u00ednio \u00e9 uma placa antiderrapante especialmente concebida. As passarelas de alum\u00ednio s\u00e3o amplamente utilizadas em instala\u00e7\u00f5es fotovoltaicas com desempenho antiderrapante e auto-limpeza para projetos solares em telhados. N\u00f3s somos a f\u00e1brica de Passadi\u00e7o Solar de Alum\u00ednio diretamente.<\/p>\n<div class=\"wp-block-button popmake-1937\"><a class=\"wp-block-button__link wp-element-button\">verifica\u00e7\u00e3o de pre\u00e7os<\/a><\/div>","protected":false},"featured_media":2204,"template":"","meta":{"_uag_custom_page_level_css":"","site-sidebar-layout":"default","site-content-layout":"","ast-site-content-layout":"default","site-content-style":"default","site-sidebar-style":"default","ast-global-header-display":"","ast-banner-title-visibility":"","ast-main-header-display":"","ast-hfb-above-header-display":"","ast-hfb-below-header-display":"","ast-hfb-mobile-header-display":"","site-post-title":"","ast-breadcrumbs-content":"","ast-featured-img":"","footer-sml-layout":"","ast-disable-related-posts":"","theme-transparent-header-meta":"default","adv-header-id-meta":"","stick-header-meta":"","header-above-stick-meta":"","header-main-stick-meta":"","header-below-stick-meta":"","astra-migrate-meta-layouts":"set","ast-page-background-enabled":"default","ast-page-background-meta":{"desktop":{"background-color":"","background-image":"","background-repeat":"repeat","background-position":"center center","background-size":"auto","background-attachment":"scroll","background-type":"","background-media":"","overlay-type":"","overlay-color":"","overlay-opacity":"","overlay-gradient":""},"tablet":{"background-color":"","background-image":"","background-repeat":"repeat","background-position":"center center","background-size":"auto","background-attachment":"scroll","background-type":"","background-media":"","overlay-type":"","overlay-color":"","overlay-opacity":"","overlay-gradient":""},"mobile":{"background-color":"","background-image":"","background-repeat":"repeat","background-position":"center center","background-size":"auto","background-attachment":"scroll","background-type":"","background-media":"","overlay-type":"","overlay-color":"","overlay-opacity":"","overlay-gradient":""}},"ast-content-background-meta":{"desktop":{"background-color":"var(--ast-global-color-5)","background-image":"","background-repeat":"repeat","background-position":"center center","background-size":"auto","background-attachment":"scroll","background-type":"","background-media":"","overlay-type":"","overlay-color":"","overlay-opacity":"","overlay-gradient":""},"tablet":{"background-color":"var(--ast-global-color-5)","background-image":"","background-repeat":"repeat","background-position":"center center","background-size":"auto","background-attachment":"scroll","background-type":"","background-media":"","overlay-type":"","overlay-color":"","overlay-opacity":"","overlay-gradient":""},"mobile":{"background-color":"var(--ast-global-color-5)","background-image":"","background-repeat":"repeat","background-position":"center center","background-size":"auto","background-attachment":"scroll","background-type":"","background-media":"","overlay-type":"","overlay-color":"","overlay-opacity":"","overlay-gradient":""}}},"product_brand":[],"product_cat":[25,23],"product_tag":[41,363,43],"class_list":{"0":"post-2203","1":"product","2":"type-product","3":"status-publish","4":"has-post-thumbnail","6":"product_cat-excellent","7":"product_cat-solar-accessories","8":"product_tag-aluminum-walkways","9":"product_tag-anti-slip-solar-aluminum-walkway-for-roof","10":"product_tag-solar-walkways","11":"desktop-align-left","12":"tablet-align-left","13":"mobile-align-left","15":"first","16":"instock","17":"shipping-taxable","18":"product-type-simple"},"spectra_custom_meta":{"_uabb_version":["1.36.1"],"_edit_last":["1"],"_edit_lock":["1763007538:1"],"_thumbnail_id":["2204"],"total_sales":["0"],"_tax_status":["taxable"],"_tax_class":[""],"_manage_stock":["no"],"_backorders":["no"],"_sold_individually":["no"],"_virtual":["no"],"_downloadable":["no"],"_download_limit":["-1"],"_download_expiry":["-1"],"_stock":[null],"_stock_status":["instock"],"_wc_average_rating":["0"],"_wc_review_count":["0"],"_product_version":["9.6.2"],"_product_image_gallery":["2204,2205,2207,2209,2208,2206"],"site-sidebar-layout":["default"],"ast-site-content-layout":["default"],"site-content-style":["default"],"site-sidebar-style":["default"],"theme-transparent-header-meta":["default"],"wb_custom_tabs":["a:0:{}"],"_wp_old_slug":["solar-aluminum-anti-slip-walkway"],"astra-migrate-meta-layouts":["set"],"_uag_page_assets":["a:9:{s:3:\"css\";s:5051:\".wp-block-uagb-faq{width:100%}.wp-block-uagb-faq.uagb-faq-layout-accordion .uagb-faq-child__outer-wrap .uagb-faq-questions-button{cursor:pointer}.wp-block-uagb-faq .uagb-faq-content{margin-bottom:0}.wp-block-uagb-faq .uagb-faq-content p{margin:auto}.uagb-faq-layout-grid.uagb-faq-equal-height.uagb-faq__wrap .uagb-faq-child__outer-wrap,.uagb-faq-layout-grid.uagb-faq-equal-height.uagb-faq__wrap .uagb-faq-item{height:100%}body[class*=astra] .uagb-faq-questions{line-height:normal}.uagb-faq-item{overflow:hidden}.wp-block-uagb-faq-child .uagb-faq-questions-button{display:flex;align-items:center}.wp-block-uagb-faq-child .uagb-faq-questions-button .uagb-faq-icon-wrap{display:flex;align-items:center}.wp-block-uagb-faq-child .uagb-faq-questions-button .uagb-question{width:100%;margin-top:0;margin-bottom:0}.wp-block-uagb-faq-child .uagb-icon svg,.wp-block-uagb-faq-child .uagb-icon-active svg{width:15px;height:15px;font-size:15px}.wp-block-uagb-faq-child.uagb-faq-child__outer-wrap.uagb-faq-item .uagb-icon-active,.wp-block-uagb-faq-child.uagb-faq-child__outer-wrap.uagb-faq-item.uagb-faq-item-active .uagb-icon,.wp-block-uagb-faq-child.uagb-faq-child__outer-wrap .uagb-faq-item .uagb-icon-active,.wp-block-uagb-faq-child.uagb-faq-child__outer-wrap .uagb-faq-item.uagb-faq-item-active .uagb-icon{display:none;width:0;padding:0;height:0;margin:0}.wp-block-uagb-faq-child.uagb-faq-child__outer-wrap.uagb-faq-item .uagb-icon,.wp-block-uagb-faq-child.uagb-faq-child__outer-wrap.uagb-faq-item.uagb-faq-item-active .uagb-icon-active,.wp-block-uagb-faq-child.uagb-faq-child__outer-wrap .uagb-faq-item .uagb-icon,.wp-block-uagb-faq-child.uagb-faq-child__outer-wrap .uagb-faq-item.uagb-faq-item-active .uagb-icon-active{display:flex;width:auto;height:auto}.uagb-faq-layout-grid .uagb-faq-child__outer-wrap.uagb-faq-item .uagb-icon,.uagb-faq-layout-grid .uagb-faq-child__outer-wrap.uagb-faq-item.uagb-faq-item-active .uagb-icon-active,.uagb-faq-layout-grid .uagb-faq-child__outer-wrap .uagb-faq-item .uagb-icon,.uagb-faq-layout-grid .uagb-faq-child__outer-wrap .uagb-faq-item.uagb-faq-item-active .uagb-icon-active{display:none}.uagb-faq-layout-grid .uagb-faq-child__outer-wrap.uagb-faq-item span.uagb-icon-active.uagb-faq-icon-wrap,.uagb-faq-layout-grid .uagb-faq-child__outer-wrap.uagb-faq-item.uagb-faq-item-active .uagb-icon-active,.uagb-faq-layout-grid .uagb-faq-child__outer-wrap .uagb-faq-item span.uagb-icon-active.uagb-faq-icon-wrap,.uagb-faq-layout-grid .uagb-faq-child__outer-wrap .uagb-faq-item.uagb-faq-item-active .uagb-icon-active{display:none}.uagb-block-55b5edaf .uagb-icon svg{width: 12px;height: 12px;font-size: 12px;}.uagb-block-55b5edaf .uagb-icon-active svg{width: 12px;height: 12px;font-size: 12px;}.uagb-block-55b5edaf .uagb-faq-child__outer-wrap{margin-bottom: 10px;}.uagb-block-55b5edaf .uagb-faq-item{border-top-width: 1px;border-left-width: 1px;border-right-width: 1px;border-bottom-width: 1px;border-top-left-radius: 2px;border-top-right-radius: 2px;border-bottom-left-radius: 2px;border-bottom-right-radius: 2px;border-color: #1e1e1e;border-style: solid;}.uagb-block-55b5edaf .uagb-faq-questions-button{padding-top: 10px;padding-bottom: 10px;padding-right: 10px;padding-left: 10px;}.uagb-block-55b5edaf .uagb-faq-content{padding-top: 10px;padding-bottom: 10px;padding-right: 10px;padding-left: 10px;}.uagb-block-55b5edaf .uagb-faq-content span{margin-top: 10px;margin-bottom: 10px;margin-right: 10px;margin-left: 10px;}.uagb-block-55b5edaf.uagb-faq-icon-row .uagb-faq-item .uagb-faq-icon-wrap{margin-right: 10px;}.uagb-block-55b5edaf.uagb-faq-icon-row-reverse .uagb-faq-item .uagb-faq-icon-wrap{margin-left: 10px;}.uagb-block-55b5edaf .uagb-faq-item .uagb-faq-questions-button.uagb-faq-questions{flex-direction: row;}.uagb-block-55b5edaf .wp-block-uagb-faq-child.uagb-faq-child__outer-wrap .uagb-faq-content {display: none;}@media only screen and (max-width: 976px) {.uagb-block-55b5edaf.uagb-faq-icon-row .uagb-faq-item .uagb-faq-icon-wrap{margin-right: 10px;}.uagb-block-55b5edaf.uagb-faq-icon-row-reverse .uagb-faq-item .uagb-faq-icon-wrap{margin-left: 10px;}.uagb-block-55b5edaf .uagb-faq-questions-button{padding-top: 10px;padding-bottom: 10px;padding-right: 10px;padding-left: 10px;}.uagb-block-55b5edaf .uagb-faq-content{padding-top: 10px;padding-bottom: 10px;padding-right: 10px;padding-left: 10px;}.uagb-block-55b5edaf .uagb-faq-content span{margin-top: 10px;margin-bottom: 10px;margin-right: 10px;margin-left: 10px;}}@media only screen and (max-width: 767px) {.uagb-block-55b5edaf.uagb-faq-icon-row .uagb-faq-item .uagb-faq-icon-wrap{margin-right: 10px;}.uagb-block-55b5edaf.uagb-faq-icon-row-reverse .uagb-faq-item .uagb-faq-icon-wrap{margin-left: 10px;}.uagb-block-55b5edaf .uagb-faq-questions-button{padding-top: 10px;padding-bottom: 10px;padding-right: 10px;padding-left: 10px;}.uagb-block-55b5edaf .uagb-faq-content{padding-top: 10px;padding-bottom: 10px;padding-right: 10px;padding-left: 10px;}.uagb-block-55b5edaf .uagb-faq-content span{margin-top: 10px;margin-bottom: 10px;margin-right: 10px;margin-left: 10px;}}\";s:2:\"js\";s:0:\"\";s:18:\"current_block_list\";a:10:{i:0;s:11:\"core\/search\";i:1;s:10:\"core\/group\";i:2;s:12:\"core\/heading\";i:3;s:17:\"core\/latest-posts\";i:4;s:20:\"core\/latest-comments\";i:5;s:13:\"core\/archives\";i:6;s:15:\"core\/categories\";i:7;s:14:\"core\/paragraph\";i:8;s:8:\"uagb\/faq\";i:9;s:14:\"uagb\/faq-child\";}s:8:\"uag_flag\";b:1;s:11:\"uag_version\";s:10:\"1777556832\";s:6:\"gfonts\";a:0:{}s:10:\"gfonts_url\";s:0:\"\";s:12:\"gfonts_files\";a:0:{}s:14:\"uag_faq_layout\";b:1;}"],"_uag_css_file_name":["uag-css-2203.css"]},"uagb_featured_image_src":{"full":["https:\/\/senyenergy.com\/wp-content\/uploads\/2025\/02\/aluminum-anti-slip-walkway.jpg",800,600,false],"thumbnail":["https:\/\/senyenergy.com\/wp-content\/uploads\/2025\/02\/aluminum-anti-slip-walkway-150x150.jpg",150,150,true],"medium":["https:\/\/senyenergy.com\/wp-content\/uploads\/2025\/02\/aluminum-anti-slip-walkway-300x225.jpg",300,225,true],"medium_large":["https:\/\/senyenergy.com\/wp-content\/uploads\/2025\/02\/aluminum-anti-slip-walkway-768x576.jpg",768,576,true],"large":["https:\/\/senyenergy.com\/wp-content\/uploads\/2025\/02\/aluminum-anti-slip-walkway.jpg",800,600,false],"1536x1536":["https:\/\/senyenergy.com\/wp-content\/uploads\/2025\/02\/aluminum-anti-slip-walkway.jpg",800,600,false],"2048x2048":["https:\/\/senyenergy.com\/wp-content\/uploads\/2025\/02\/aluminum-anti-slip-walkway.jpg",800,600,false],"trp-custom-language-flag":["https:\/\/senyenergy.com\/wp-content\/uploads\/2025\/02\/aluminum-anti-slip-walkway-16x12.jpg",16,12,true],"woocommerce_thumbnail":["https:\/\/senyenergy.com\/wp-content\/uploads\/2025\/02\/aluminum-anti-slip-walkway-300x300.jpg",300,300,true],"woocommerce_single":["https:\/\/senyenergy.com\/wp-content\/uploads\/2025\/02\/aluminum-anti-slip-walkway-600x450.jpg",600,450,true],"woocommerce_gallery_thumbnail":["https:\/\/senyenergy.com\/wp-content\/uploads\/2025\/02\/aluminum-anti-slip-walkway-100x100.jpg",100,100,true]},"uagb_author_info":{"display_name":"wp-admin","author_link":"https:\/\/senyenergy.com\/pt\/author\/"},"uagb_comment_info":0,"uagb_excerpt":"Aluminum Solar walkway is a specially designed anti-slip board. Aluminum walkways are extensively used in photovoltaic installations with Anti-slip Performance and self-cleaning for rooftop solar projects. We are the Aluminum Solar walkway factory directly. price check","_links":{"self":[{"href":"https:\/\/senyenergy.com\/pt\/wp-json\/wp\/v2\/product\/2203","targetHints":{"allow":["GET"]}}],"collection":[{"href":"https:\/\/senyenergy.com\/pt\/wp-json\/wp\/v2\/product"}],"about":[{"href":"https:\/\/senyenergy.com\/pt\/wp-json\/wp\/v2\/types\/product"}],"wp:featuredmedia":[{"embeddable":true,"href":"https:\/\/senyenergy.com\/pt\/wp-json\/wp\/v2\/media\/2204"}],"wp:attachment":[{"href":"https:\/\/senyenergy.com\/pt\/wp-json\/wp\/v2\/media?parent=2203"}],"wp:term":[{"taxonomy":"product_brand","embeddable":true,"href":"https:\/\/senyenergy.com\/pt\/wp-json\/wp\/v2\/product_brand?post=2203"},{"taxonomy":"product_cat","embeddable":true,"href":"https:\/\/senyenergy.com\/pt\/wp-json\/wp\/v2\/product_cat?post=2203"},{"taxonomy":"product_tag","embeddable":true,"href":"https:\/\/senyenergy.com\/pt\/wp-json\/wp\/v2\/product_tag?post=2203"}],"curies":[{"name":"wp","href":"https:\/\/api.w.org\/{rel}","templated":true}]}}