{"id":2197,"date":"2025-02-23T16:33:24","date_gmt":"2025-02-23T08:33:24","guid":{"rendered":"https:\/\/senyenergy.com\/?post_type=product&#038;p=2197"},"modified":"2025-06-30T15:09:33","modified_gmt":"2025-06-30T07:09:33","slug":"novo-sistema-de-montagem-solar-de-aluminio-a-prova-de-agua","status":"publish","type":"product","link":"https:\/\/senyenergy.com\/pt\/product\/novo-sistema-de-montagem-solar-de-aluminio-a-prova-de-agua\/","title":{"rendered":"Novo sistema de montagem solar de alum\u00ednio \u00e0 prova de \u00e1gua"},"content":{"rendered":"<p>O novo alum\u00ednio<strong> Montagem solar \u00e0 prova de \u00e1gua <\/strong>\u00e9 o mais recente produto em conformidade com a procura do mercado. A montagem \u00e0 prova de \u00e1gua foi concebida para garantir a instala\u00e7\u00e3o eficaz de pain\u00e9is solares, proporcionando simultaneamente prote\u00e7\u00e3o contra a entrada de \u00e1gua e os desafios ambientais. E \u00e9 totalmente \u00e0 prova de \u00e1gua atrav\u00e9s dos componentes horizontais e verticais \u00e0 prova de \u00e1gua, \u00e9 uma solu\u00e7\u00e3o inovadora para<strong><b>\u00a0<\/b><\/strong>Telhado met\u00e1lico\/telhado plano\/terreno\/port\u00e3o\/estufa\/pergola<strong><b>.<\/b><\/strong><\/p>\n<p>O nosso novo sistema de montagem solar de alum\u00ednio \u00e0 prova de \u00e1gua tem muitas vantagens. Seleciona o carril \u00e0 prova de \u00e1gua do tipo W, drenagem r\u00e1pida e boa impermeabilidade. A estrutura \u00e0 prova de \u00e1gua \u00e9 segura e fi\u00e1vel, em conformidade com as normas duplas de prote\u00e7\u00e3o fotovoltaica e de constru\u00e7\u00e3o. Tem uma forte resist\u00eancia \u00e0 corros\u00e3o, elevada dureza, boa resist\u00eancia ao desgaste, a superf\u00edcie tem auto-repara\u00e7\u00e3o. E tem uma vasta gama de aplica\u00e7\u00f5es, adequada para uma variedade de cen\u00e1rios de aplica\u00e7\u00e3o \u00e0 prova de \u00e1gua em telhados fotovoltaicos.<\/p>\n<p><strong><b>\u00a0<\/b><\/strong><\/p>\n<p>Carater\u00edsticas do novo alum\u00ednio <strong>Montagem solar \u00e0 prova de \u00e1gua<\/strong><\/p>\n<ol>\n<li>Design \u00e0 prova de \u00e1gua: Concebido para evitar a penetra\u00e7\u00e3o de \u00e1gua, protegendo as liga\u00e7\u00f5es el\u00e9ctricas e garantindo a longevidade em v\u00e1rias condi\u00e7\u00f5es climat\u00e9ricas.<\/li>\n<li>Materiais duradouros: fabricado em liga de alum\u00ednio de alta qualidade e resistente \u00e0 corros\u00e3o<\/li>\n<li>Op\u00e7\u00f5es de montagem ajust\u00e1veis: Muitos sistemas oferecem \u00e2ngulos e alturas ajust\u00e1veis para otimizar a orienta\u00e7\u00e3o do painel solar para uma exposi\u00e7\u00e3o m\u00e1xima \u00e0 luz solar.<\/li>\n<li>Drenagem integrada: Alguns projectos incluem carater\u00edsticas de drenagem integradas que facilitam o escoamento da \u00e1gua, evitando ainda mais a sua acumula\u00e7\u00e3o.<\/li>\n<li>Longevidade melhorada: A prote\u00e7\u00e3o da instala\u00e7\u00e3o do painel solar contra danos causados pela \u00e1gua aumenta a vida \u00fatil global do sistema.<\/li>\n<li>Efici\u00eancia melhorada: Ao manter as condi\u00e7\u00f5es ideais, estes sistemas de montagem ajudam a maximizar a produ\u00e7\u00e3o de energia dos pain\u00e9is solares.<\/li>\n<li>Manuten\u00e7\u00e3o reduzida: As carater\u00edsticas \u00e0 prova de \u00e1gua minimizam a necessidade de manuten\u00e7\u00e3o e inspec\u00e7\u00f5es frequentes, poupando tempo e custos.<\/li>\n<\/ol>\n<p>Aplica\u00e7\u00f5es do novo alum\u00ednio <strong>Montagem solar \u00e0 prova de \u00e1gua<\/strong> Sistema:<\/p>\n<ul>\n<li>Instala\u00e7\u00f5es residenciais: Ideal para os propriet\u00e1rios que procuram garantir a durabilidade e a efici\u00eancia dos seus sistemas solares.<\/li>\n<li>Projectos comerciais: Ben\u00e9fico para empresas com instala\u00e7\u00f5es solares que exigem um desempenho fi\u00e1vel em diversas condi\u00e7\u00f5es meteorol\u00f3gicas.<\/li>\n<li>Parques solares \u00e0 escala dos servi\u00e7os p\u00fablicos: Essencial para projectos de energia solar em grande escala, onde a durabilidade e a efici\u00eancia a longo prazo s\u00e3o fundamentais.<\/li>\n<\/ul>\n<p>Se tiver perguntas mais espec\u00edficas ou precisar de recomenda\u00e7\u00f5es sobre marcas ou modelos, n\u00e3o hesite em perguntar!<\/p>","protected":false},"excerpt":{"rendered":"<p>O novo sistema de montagem solar de alum\u00ednio \u00e0 prova de \u00e1gua tem muitas vantagens. Seleciona calha \u00e0 prova de \u00e1gua do tipo W, drenagem r\u00e1pida e boa impermeabilidade. A estrutura \u00e0 prova de \u00e1gua \u00e9 segura e fi\u00e1vel, em conformidade com as normas duplas de prote\u00e7\u00e3o fotovoltaica e de constru\u00e7\u00e3o. Tem uma forte resist\u00eancia \u00e0 corros\u00e3o, alta dureza, boa resist\u00eancia ao desgaste, a superf\u00edcie tem auto-repara\u00e7\u00e3o. E tem uma vasta gama de aplica\u00e7\u00f5es, adequada para uma variedade de cen\u00e1rios de aplica\u00e7\u00e3o \u00e0 prova de \u00e1gua em telhados fotovoltaicos.<\/p>\n<div class=\"wp-block-button popmake-1937\"><a class=\"wp-block-button__link wp-element-button\">verifica\u00e7\u00e3o de pre\u00e7os<\/a><\/div>","protected":false},"featured_media":2199,"template":"","meta":{"_uag_custom_page_level_css":"","site-sidebar-layout":"default","site-content-layout":"","ast-site-content-layout":"default","site-content-style":"default","site-sidebar-style":"default","ast-global-header-display":"","ast-banner-title-visibility":"","ast-main-header-display":"","ast-hfb-above-header-display":"","ast-hfb-below-header-display":"","ast-hfb-mobile-header-display":"","site-post-title":"","ast-breadcrumbs-content":"","ast-featured-img":"","footer-sml-layout":"","ast-disable-related-posts":"","theme-transparent-header-meta":"default","adv-header-id-meta":"","stick-header-meta":"","header-above-stick-meta":"","header-main-stick-meta":"","header-below-stick-meta":"","astra-migrate-meta-layouts":"set","ast-page-background-enabled":"default","ast-page-background-meta":{"desktop":{"background-color":"","background-image":"","background-repeat":"repeat","background-position":"center center","background-size":"auto","background-attachment":"scroll","background-type":"","background-media":"","overlay-type":"","overlay-color":"","overlay-opacity":"","overlay-gradient":""},"tablet":{"background-color":"","background-image":"","background-repeat":"repeat","background-position":"center center","background-size":"auto","background-attachment":"scroll","background-type":"","background-media":"","overlay-type":"","overlay-color":"","overlay-opacity":"","overlay-gradient":""},"mobile":{"background-color":"","background-image":"","background-repeat":"repeat","background-position":"center center","background-size":"auto","background-attachment":"scroll","background-type":"","background-media":"","overlay-type":"","overlay-color":"","overlay-opacity":"","overlay-gradient":""}},"ast-content-background-meta":{"desktop":{"background-color":"var(--ast-global-color-5)","background-image":"","background-repeat":"repeat","background-position":"center center","background-size":"auto","background-attachment":"scroll","background-type":"","background-media":"","overlay-type":"","overlay-color":"","overlay-opacity":"","overlay-gradient":""},"tablet":{"background-color":"var(--ast-global-color-5)","background-image":"","background-repeat":"repeat","background-position":"center center","background-size":"auto","background-attachment":"scroll","background-type":"","background-media":"","overlay-type":"","overlay-color":"","overlay-opacity":"","overlay-gradient":""},"mobile":{"background-color":"var(--ast-global-color-5)","background-image":"","background-repeat":"repeat","background-position":"center center","background-size":"auto","background-attachment":"scroll","background-type":"","background-media":"","overlay-type":"","overlay-color":"","overlay-opacity":"","overlay-gradient":""}}},"product_brand":[],"product_cat":[25,24],"product_tag":[39,38,37,40],"class_list":{"0":"post-2197","1":"product","2":"type-product","3":"status-publish","4":"has-post-thumbnail","6":"product_cat-excellent","7":"product_cat-solar-mounting-system","8":"product_tag-solar-waterproof-solutions","9":"product_tag-solar-waterproof-system","10":"product_tag-waterproof-mounting","11":"product_tag-waterproof-solar-structure","12":"desktop-align-left","13":"tablet-align-left","14":"mobile-align-left","16":"first","17":"instock","18":"shipping-taxable","19":"product-type-simple"},"spectra_custom_meta":{"_uabb_version":["1.36.1"],"_edit_last":["1"],"_edit_lock":["1751267287:1"],"_thumbnail_id":["2199"],"total_sales":["0"],"_tax_status":["taxable"],"_tax_class":[""],"_manage_stock":["no"],"_backorders":["no"],"_sold_individually":["no"],"_virtual":["no"],"_downloadable":["no"],"_download_limit":["-1"],"_download_expiry":["-1"],"_stock":[null],"_stock_status":["instock"],"_wc_average_rating":["0"],"_wc_review_count":["0"],"_product_version":["9.6.2"],"_product_image_gallery":["2199,2201,2202,2198,2200"],"site-sidebar-layout":["default"],"ast-site-content-layout":["default"],"site-content-style":["default"],"site-sidebar-style":["default"],"theme-transparent-header-meta":["default"],"astra-migrate-meta-layouts":["set"],"_uag_page_assets":["a:9:{s:3:\"css\";s:5318:\".uag-blocks-common-selector{z-index:var(--z-index-desktop) !important}@media (max-width: 976px){.uag-blocks-common-selector{z-index:var(--z-index-tablet) !important}}@media (max-width: 767px){.uag-blocks-common-selector{z-index:var(--z-index-mobile) !important}}\n.wp-block-uagb-faq{width:100%}.wp-block-uagb-faq.uagb-faq-layout-accordion .uagb-faq-child__outer-wrap .uagb-faq-questions-button{cursor:pointer}.wp-block-uagb-faq .uagb-faq-content{margin-bottom:0}.wp-block-uagb-faq .uagb-faq-content p{margin:auto}.uagb-faq-layout-grid.uagb-faq-equal-height.uagb-faq__wrap .uagb-faq-child__outer-wrap,.uagb-faq-layout-grid.uagb-faq-equal-height.uagb-faq__wrap .uagb-faq-item{height:100%}body[class*=\"astra\"] .uagb-faq-questions{line-height:normal}.uagb-faq-item{overflow:hidden}\n.wp-block-uagb-faq-child .uagb-faq-questions-button{display:flex;align-items:center}.wp-block-uagb-faq-child .uagb-faq-questions-button .uagb-faq-icon-wrap{display:flex;align-items:center}.wp-block-uagb-faq-child .uagb-faq-questions-button .uagb-question{width:100%;margin-top:0;margin-bottom:0}.wp-block-uagb-faq-child .uagb-icon svg,.wp-block-uagb-faq-child .uagb-icon-active svg{width:15px;height:15px;font-size:15px}.wp-block-uagb-faq-child.uagb-faq-child__outer-wrap.uagb-faq-item .uagb-icon-active,.wp-block-uagb-faq-child.uagb-faq-child__outer-wrap.uagb-faq-item.uagb-faq-item-active .uagb-icon,.wp-block-uagb-faq-child.uagb-faq-child__outer-wrap .uagb-faq-item .uagb-icon-active,.wp-block-uagb-faq-child.uagb-faq-child__outer-wrap .uagb-faq-item.uagb-faq-item-active .uagb-icon{display:none;width:0;padding:0;height:0;margin:0}.wp-block-uagb-faq-child.uagb-faq-child__outer-wrap.uagb-faq-item .uagb-icon,.wp-block-uagb-faq-child.uagb-faq-child__outer-wrap.uagb-faq-item.uagb-faq-item-active .uagb-icon-active,.wp-block-uagb-faq-child.uagb-faq-child__outer-wrap .uagb-faq-item .uagb-icon,.wp-block-uagb-faq-child.uagb-faq-child__outer-wrap .uagb-faq-item.uagb-faq-item-active .uagb-icon-active{display:flex;width:auto;height:auto}.uagb-faq-layout-grid .uagb-faq-child__outer-wrap.uagb-faq-item .uagb-icon,.uagb-faq-layout-grid .uagb-faq-child__outer-wrap.uagb-faq-item.uagb-faq-item-active .uagb-icon-active,.uagb-faq-layout-grid .uagb-faq-child__outer-wrap .uagb-faq-item .uagb-icon,.uagb-faq-layout-grid .uagb-faq-child__outer-wrap .uagb-faq-item.uagb-faq-item-active .uagb-icon-active{display:none}.uagb-faq-layout-grid .uagb-faq-child__outer-wrap.uagb-faq-item span.uagb-icon-active.uagb-faq-icon-wrap,.uagb-faq-layout-grid .uagb-faq-child__outer-wrap.uagb-faq-item.uagb-faq-item-active .uagb-icon-active,.uagb-faq-layout-grid .uagb-faq-child__outer-wrap .uagb-faq-item span.uagb-icon-active.uagb-faq-icon-wrap,.uagb-faq-layout-grid .uagb-faq-child__outer-wrap .uagb-faq-item.uagb-faq-item-active .uagb-icon-active{display:none}\n.uagb-block-55b5edaf .uagb-icon svg{width: 12px;height: 12px;font-size: 12px;}.uagb-block-55b5edaf .uagb-icon-active svg{width: 12px;height: 12px;font-size: 12px;}.uagb-block-55b5edaf .uagb-faq-child__outer-wrap{margin-bottom: 10px;}.uagb-block-55b5edaf .uagb-faq-item{border-top-width: 1px;border-left-width: 1px;border-right-width: 1px;border-bottom-width: 1px;border-top-left-radius: 2px;border-top-right-radius: 2px;border-bottom-left-radius: 2px;border-bottom-right-radius: 2px;border-color: #1e1e1e;border-style: solid;}.uagb-block-55b5edaf .uagb-faq-questions-button{padding-top: 10px;padding-bottom: 10px;padding-right: 10px;padding-left: 10px;}.uagb-block-55b5edaf .uagb-faq-content{padding-top: 10px;padding-bottom: 10px;padding-right: 10px;padding-left: 10px;}.uagb-block-55b5edaf .uagb-faq-content span{margin-top: 10px;margin-bottom: 10px;margin-right: 10px;margin-left: 10px;}.uagb-block-55b5edaf.uagb-faq-icon-row .uagb-faq-item .uagb-faq-icon-wrap{margin-right: 10px;}.uagb-block-55b5edaf.uagb-faq-icon-row-reverse .uagb-faq-item .uagb-faq-icon-wrap{margin-left: 10px;}.uagb-block-55b5edaf .uagb-faq-item .uagb-faq-questions-button.uagb-faq-questions{flex-direction: row;}.uagb-block-55b5edaf .wp-block-uagb-faq-child.uagb-faq-child__outer-wrap .uagb-faq-content {display: none;}@media only screen and (max-width: 976px) {.uagb-block-55b5edaf.uagb-faq-icon-row .uagb-faq-item .uagb-faq-icon-wrap{margin-right: 10px;}.uagb-block-55b5edaf.uagb-faq-icon-row-reverse .uagb-faq-item .uagb-faq-icon-wrap{margin-left: 10px;}.uagb-block-55b5edaf .uagb-faq-questions-button{padding-top: 10px;padding-bottom: 10px;padding-right: 10px;padding-left: 10px;}.uagb-block-55b5edaf .uagb-faq-content{padding-top: 10px;padding-bottom: 10px;padding-right: 10px;padding-left: 10px;}.uagb-block-55b5edaf .uagb-faq-content span{margin-top: 10px;margin-bottom: 10px;margin-right: 10px;margin-left: 10px;}}@media only screen and (max-width: 767px) {.uagb-block-55b5edaf.uagb-faq-icon-row .uagb-faq-item .uagb-faq-icon-wrap{margin-right: 10px;}.uagb-block-55b5edaf.uagb-faq-icon-row-reverse .uagb-faq-item .uagb-faq-icon-wrap{margin-left: 10px;}.uagb-block-55b5edaf .uagb-faq-questions-button{padding-top: 10px;padding-bottom: 10px;padding-right: 10px;padding-left: 10px;}.uagb-block-55b5edaf .uagb-faq-content{padding-top: 10px;padding-bottom: 10px;padding-right: 10px;padding-left: 10px;}.uagb-block-55b5edaf .uagb-faq-content span{margin-top: 10px;margin-bottom: 10px;margin-right: 10px;margin-left: 10px;}}\";s:2:\"js\";s:0:\"\";s:18:\"current_block_list\";a:10:{i:0;s:11:\"core\/search\";i:1;s:10:\"core\/group\";i:2;s:12:\"core\/heading\";i:3;s:17:\"core\/latest-posts\";i:4;s:20:\"core\/latest-comments\";i:5;s:13:\"core\/archives\";i:6;s:15:\"core\/categories\";i:7;s:14:\"core\/paragraph\";i:8;s:8:\"uagb\/faq\";i:9;s:14:\"uagb\/faq-child\";}s:8:\"uag_flag\";b:1;s:11:\"uag_version\";s:10:\"1775829763\";s:6:\"gfonts\";a:0:{}s:10:\"gfonts_url\";s:0:\"\";s:12:\"gfonts_files\";a:0:{}s:14:\"uag_faq_layout\";b:1;}"],"_uag_css_file_name":["uag-css-2197.css"]},"uagb_featured_image_src":{"full":["https:\/\/senyenergy.com\/wp-content\/uploads\/2025\/02\/Aluminum-waterproof-solar-solution.jpg",800,600,false],"thumbnail":["https:\/\/senyenergy.com\/wp-content\/uploads\/2025\/02\/Aluminum-waterproof-solar-solution-150x150.jpg",150,150,true],"medium":["https:\/\/senyenergy.com\/wp-content\/uploads\/2025\/02\/Aluminum-waterproof-solar-solution-300x225.jpg",300,225,true],"medium_large":["https:\/\/senyenergy.com\/wp-content\/uploads\/2025\/02\/Aluminum-waterproof-solar-solution-768x576.jpg",768,576,true],"large":["https:\/\/senyenergy.com\/wp-content\/uploads\/2025\/02\/Aluminum-waterproof-solar-solution.jpg",800,600,false],"1536x1536":["https:\/\/senyenergy.com\/wp-content\/uploads\/2025\/02\/Aluminum-waterproof-solar-solution.jpg",800,600,false],"2048x2048":["https:\/\/senyenergy.com\/wp-content\/uploads\/2025\/02\/Aluminum-waterproof-solar-solution.jpg",800,600,false],"trp-custom-language-flag":["https:\/\/senyenergy.com\/wp-content\/uploads\/2025\/02\/Aluminum-waterproof-solar-solution-16x12.jpg",16,12,true],"woocommerce_thumbnail":["https:\/\/senyenergy.com\/wp-content\/uploads\/2025\/02\/Aluminum-waterproof-solar-solution-300x300.jpg",300,300,true],"woocommerce_single":["https:\/\/senyenergy.com\/wp-content\/uploads\/2025\/02\/Aluminum-waterproof-solar-solution-600x450.jpg",600,450,true],"woocommerce_gallery_thumbnail":["https:\/\/senyenergy.com\/wp-content\/uploads\/2025\/02\/Aluminum-waterproof-solar-solution-100x100.jpg",100,100,true]},"uagb_author_info":{"display_name":"wp-admin","author_link":"https:\/\/senyenergy.com\/pt\/author\/"},"uagb_comment_info":0,"uagb_excerpt":"The New Aluminum Waterproof Solar Mounting System has many advantages. It selects W-type water proof rail, fast drainage and good waterproof. The waterproof structure is safe and reliable, in line with the double standards of photovoltaic and building protection. It has strong corrosion resistance, high hardness, good wear resistance, the surface has self-repair. And it&hellip;","_links":{"self":[{"href":"https:\/\/senyenergy.com\/pt\/wp-json\/wp\/v2\/product\/2197","targetHints":{"allow":["GET"]}}],"collection":[{"href":"https:\/\/senyenergy.com\/pt\/wp-json\/wp\/v2\/product"}],"about":[{"href":"https:\/\/senyenergy.com\/pt\/wp-json\/wp\/v2\/types\/product"}],"wp:featuredmedia":[{"embeddable":true,"href":"https:\/\/senyenergy.com\/pt\/wp-json\/wp\/v2\/media\/2199"}],"wp:attachment":[{"href":"https:\/\/senyenergy.com\/pt\/wp-json\/wp\/v2\/media?parent=2197"}],"wp:term":[{"taxonomy":"product_brand","embeddable":true,"href":"https:\/\/senyenergy.com\/pt\/wp-json\/wp\/v2\/product_brand?post=2197"},{"taxonomy":"product_cat","embeddable":true,"href":"https:\/\/senyenergy.com\/pt\/wp-json\/wp\/v2\/product_cat?post=2197"},{"taxonomy":"product_tag","embeddable":true,"href":"https:\/\/senyenergy.com\/pt\/wp-json\/wp\/v2\/product_tag?post=2197"}],"curies":[{"name":"wp","href":"https:\/\/api.w.org\/{rel}","templated":true}]}}