{"id":2183,"date":"2025-02-23T15:39:33","date_gmt":"2025-02-23T07:39:33","guid":{"rendered":"https:\/\/senyenergy.com\/?post_type=product&#038;p=2183"},"modified":"2025-09-16T12:26:38","modified_gmt":"2025-09-16T04:26:38","slug":"clipe-de-drenagem-de-agua-para-painel-solar-em-aco-inoxidavel-304","status":"publish","type":"product","link":"https:\/\/senyenergy.com\/pt\/product\/clipe-de-drenagem-de-agua-para-painel-solar-em-aco-inoxidavel-304\/","title":{"rendered":"SUS 304 Stainless Steel Solar Drain Clip Supplier in China"},"content":{"rendered":"<p>The SUS 304 <strong>Stainless Steel Solar Drain Clip \u00a0<\/strong>30mm 35mm \u00e9 um componente especializado e concebido para canalizar eficazmente a \u00e1gua para longe dos pain\u00e9is solares, evitando a acumula\u00e7\u00e3o de \u00e1gua e potenciais danos. Melhore a efici\u00eancia e a longevidade das suas instala\u00e7\u00f5es de pain\u00e9is solares com o nosso Clip de Drenagem de \u00c1gua em A\u00e7o Inoxid\u00e1vel 304 para Painel Solar.<\/p>\n<p>&nbsp;<\/p>\n<p>Carater\u00edsticas do <strong>Stainless Steel Solar Drain Clip<\/strong><\/p>\n<ol>\n<li>Material: Fabricado em a\u00e7o inoxid\u00e1vel SUS304, que \u00e9 conhecido pela sua excelente resist\u00eancia \u00e0 corros\u00e3o, for\u00e7a e durabilidade, tornando-o ideal para ambientes exteriores e para suportar condi\u00e7\u00f5es ambientais adversas.<\/li>\n<li>Design de drenagem: Especificamente concebido para permitir que a \u00e1gua se afaste rapidamente dos pain\u00e9is solares, evitando a acumula\u00e7\u00e3o de sujidade, detritos e humidade.<\/li>\n<li>Drenagem \u00f3ptima: Concebida para garantir um escoamento eficiente da \u00e1gua, protegendo os pain\u00e9is solares contra a acumula\u00e7\u00e3o de \u00e1gua e danos associados.<\/li>\n<li>Longevidade: Protege os pain\u00e9is solares e os suportes contra potenciais danos causados pela \u00e1gua, ferrugem ou corros\u00e3o.<\/li>\n<li>Manuten\u00e7\u00e3o reduzida: Ajuda a reduzir a frequ\u00eancia de limpeza necess\u00e1ria para os pain\u00e9is solares, poupando tempo e esfor\u00e7o.<\/li>\n<li>Ajuste ajust\u00e1vel: Muitos modelos s\u00e3o ajust\u00e1veis para se adaptarem a diferentes tamanhos de pain\u00e9is solares e \u00e2ngulos de montagem.<\/li>\n<li>Efici\u00eancia melhorada: Mant\u00e9m os pain\u00e9is solares limpos e livres de humidade, permitindo-lhes funcionar com uma efici\u00eancia \u00f3ptima e maximizando a produ\u00e7\u00e3o de energia.<\/li>\n<li>Durabilidade: Resistente \u00e0 ferrugem e \u00e0 corros\u00e3o, garantindo um desempenho duradouro mesmo em condi\u00e7\u00f5es climat\u00e9ricas adversas.<\/li>\n<li>Custos de manuten\u00e7\u00e3o reduzidos: Ajuda a minimizar a necessidade de limpeza e manuten\u00e7\u00e3o frequentes, poupando tempo e esfor\u00e7o aos propriet\u00e1rios de sistemas solares.<\/li>\n<\/ol>\n<p>Aplica\u00e7\u00f5es do <strong>Stainless Steel Solar Drain Clip<\/strong>\u00a0:<\/p>\n<p>Sistemas solares residenciais: Ideal para propriet\u00e1rios que procuram manter um desempenho \u00f3timo das suas instala\u00e7\u00f5es de pain\u00e9is solares.<br \/>\nInstala\u00e7\u00f5es comerciais: Essencial para grandes parques solares e edif\u00edcios comerciais onde a efici\u00eancia e a manuten\u00e7\u00e3o s\u00e3o cruciais.<\/p>\n<p>SENYENERGY \u00e9 um fornecedor profissional na \u00e1rea de solu\u00e7\u00f5es de montagem solar especializada em suportes de montagem solar e acess\u00f3rios com servi\u00e7o de topo. H\u00e1 30 mil\u00edmetros, 35 mil\u00edmetros e 40 mil\u00edmetros de a\u00e7o inoxid\u00e1vel 304 Painel Solar Clipe de drenagem de \u00e1gua opcional e sem MOQ.<\/p>","protected":false},"excerpt":{"rendered":"<p>O <strong>Stainless Steel Solar Drain Clip<\/strong> solar panel clip is a critical accessory designed to improve the maintenance and efficiency of solar panel systems.<\/p>\n<div class=\"wp-block-button popmake-1937\"><a class=\"wp-block-button__link wp-element-button\">verifica\u00e7\u00e3o de pre\u00e7os<\/a><\/div>","protected":false},"featured_media":2185,"template":"","meta":{"_uag_custom_page_level_css":"","site-sidebar-layout":"default","site-content-layout":"","ast-site-content-layout":"default","site-content-style":"default","site-sidebar-style":"default","ast-global-header-display":"","ast-banner-title-visibility":"","ast-main-header-display":"","ast-hfb-above-header-display":"","ast-hfb-below-header-display":"","ast-hfb-mobile-header-display":"","site-post-title":"","ast-breadcrumbs-content":"","ast-featured-img":"","footer-sml-layout":"","ast-disable-related-posts":"","theme-transparent-header-meta":"default","adv-header-id-meta":"","stick-header-meta":"","header-above-stick-meta":"","header-main-stick-meta":"","header-below-stick-meta":"","astra-migrate-meta-layouts":"set","ast-page-background-enabled":"default","ast-page-background-meta":{"desktop":{"background-color":"","background-image":"","background-repeat":"repeat","background-position":"center center","background-size":"auto","background-attachment":"scroll","background-type":"","background-media":"","overlay-type":"","overlay-color":"","overlay-opacity":"","overlay-gradient":""},"tablet":{"background-color":"","background-image":"","background-repeat":"repeat","background-position":"center center","background-size":"auto","background-attachment":"scroll","background-type":"","background-media":"","overlay-type":"","overlay-color":"","overlay-opacity":"","overlay-gradient":""},"mobile":{"background-color":"","background-image":"","background-repeat":"repeat","background-position":"center center","background-size":"auto","background-attachment":"scroll","background-type":"","background-media":"","overlay-type":"","overlay-color":"","overlay-opacity":"","overlay-gradient":""}},"ast-content-background-meta":{"desktop":{"background-color":"var(--ast-global-color-5)","background-image":"","background-repeat":"repeat","background-position":"center center","background-size":"auto","background-attachment":"scroll","background-type":"","background-media":"","overlay-type":"","overlay-color":"","overlay-opacity":"","overlay-gradient":""},"tablet":{"background-color":"var(--ast-global-color-5)","background-image":"","background-repeat":"repeat","background-position":"center center","background-size":"auto","background-attachment":"scroll","background-type":"","background-media":"","overlay-type":"","overlay-color":"","overlay-opacity":"","overlay-gradient":""},"mobile":{"background-color":"var(--ast-global-color-5)","background-image":"","background-repeat":"repeat","background-position":"center center","background-size":"auto","background-attachment":"scroll","background-type":"","background-media":"","overlay-type":"","overlay-color":"","overlay-opacity":"","overlay-gradient":""}}},"product_brand":[],"product_cat":[25,33],"product_tag":[306,228,227],"class_list":{"0":"post-2183","1":"product","2":"type-product","3":"status-publish","4":"has-post-thumbnail","6":"product_cat-excellent","7":"product_cat-solar-panel-accessories","8":"product_tag-solar-panel-drain-clip","9":"product_tag-solar-water-drain-clamp","10":"product_tag-solar-water-drain-clip","11":"desktop-align-left","12":"tablet-align-left","13":"mobile-align-left","15":"first","16":"instock","17":"shipping-taxable","18":"product-type-simple"},"spectra_custom_meta":{"_uabb_version":["1.36.1"],"_edit_last":["1"],"_edit_lock":["1757996720:1"],"_thumbnail_id":["2185"],"total_sales":["0"],"_tax_status":["taxable"],"_tax_class":[""],"_manage_stock":["no"],"_backorders":["no"],"_sold_individually":["no"],"_virtual":["no"],"_downloadable":["no"],"_download_limit":["-1"],"_download_expiry":["-1"],"_stock":[null],"_stock_status":["instock"],"_wc_average_rating":["0"],"_wc_review_count":["0"],"_product_version":["9.6.2"],"_product_image_gallery":["2185,2184,2187,2188,2186"],"site-sidebar-layout":["default"],"ast-site-content-layout":["default"],"site-content-style":["default"],"site-sidebar-style":["default"],"theme-transparent-header-meta":["default"],"wb_custom_tabs":["a:0:{}"],"astra-migrate-meta-layouts":["set"],"_uag_page_assets":["a:9:{s:3:\"css\";s:5318:\".uag-blocks-common-selector{z-index:var(--z-index-desktop) !important}@media (max-width: 976px){.uag-blocks-common-selector{z-index:var(--z-index-tablet) !important}}@media (max-width: 767px){.uag-blocks-common-selector{z-index:var(--z-index-mobile) !important}}\n.wp-block-uagb-faq{width:100%}.wp-block-uagb-faq.uagb-faq-layout-accordion .uagb-faq-child__outer-wrap .uagb-faq-questions-button{cursor:pointer}.wp-block-uagb-faq .uagb-faq-content{margin-bottom:0}.wp-block-uagb-faq .uagb-faq-content p{margin:auto}.uagb-faq-layout-grid.uagb-faq-equal-height.uagb-faq__wrap .uagb-faq-child__outer-wrap,.uagb-faq-layout-grid.uagb-faq-equal-height.uagb-faq__wrap .uagb-faq-item{height:100%}body[class*=\"astra\"] .uagb-faq-questions{line-height:normal}.uagb-faq-item{overflow:hidden}\n.wp-block-uagb-faq-child .uagb-faq-questions-button{display:flex;align-items:center}.wp-block-uagb-faq-child .uagb-faq-questions-button .uagb-faq-icon-wrap{display:flex;align-items:center}.wp-block-uagb-faq-child .uagb-faq-questions-button .uagb-question{width:100%;margin-top:0;margin-bottom:0}.wp-block-uagb-faq-child .uagb-icon svg,.wp-block-uagb-faq-child .uagb-icon-active svg{width:15px;height:15px;font-size:15px}.wp-block-uagb-faq-child.uagb-faq-child__outer-wrap.uagb-faq-item .uagb-icon-active,.wp-block-uagb-faq-child.uagb-faq-child__outer-wrap.uagb-faq-item.uagb-faq-item-active .uagb-icon,.wp-block-uagb-faq-child.uagb-faq-child__outer-wrap .uagb-faq-item .uagb-icon-active,.wp-block-uagb-faq-child.uagb-faq-child__outer-wrap .uagb-faq-item.uagb-faq-item-active .uagb-icon{display:none;width:0;padding:0;height:0;margin:0}.wp-block-uagb-faq-child.uagb-faq-child__outer-wrap.uagb-faq-item .uagb-icon,.wp-block-uagb-faq-child.uagb-faq-child__outer-wrap.uagb-faq-item.uagb-faq-item-active .uagb-icon-active,.wp-block-uagb-faq-child.uagb-faq-child__outer-wrap .uagb-faq-item .uagb-icon,.wp-block-uagb-faq-child.uagb-faq-child__outer-wrap .uagb-faq-item.uagb-faq-item-active .uagb-icon-active{display:flex;width:auto;height:auto}.uagb-faq-layout-grid .uagb-faq-child__outer-wrap.uagb-faq-item .uagb-icon,.uagb-faq-layout-grid .uagb-faq-child__outer-wrap.uagb-faq-item.uagb-faq-item-active .uagb-icon-active,.uagb-faq-layout-grid .uagb-faq-child__outer-wrap .uagb-faq-item .uagb-icon,.uagb-faq-layout-grid .uagb-faq-child__outer-wrap .uagb-faq-item.uagb-faq-item-active .uagb-icon-active{display:none}.uagb-faq-layout-grid .uagb-faq-child__outer-wrap.uagb-faq-item span.uagb-icon-active.uagb-faq-icon-wrap,.uagb-faq-layout-grid .uagb-faq-child__outer-wrap.uagb-faq-item.uagb-faq-item-active .uagb-icon-active,.uagb-faq-layout-grid .uagb-faq-child__outer-wrap .uagb-faq-item span.uagb-icon-active.uagb-faq-icon-wrap,.uagb-faq-layout-grid .uagb-faq-child__outer-wrap .uagb-faq-item.uagb-faq-item-active .uagb-icon-active{display:none}\n.uagb-block-55b5edaf .uagb-icon svg{width: 12px;height: 12px;font-size: 12px;}.uagb-block-55b5edaf .uagb-icon-active svg{width: 12px;height: 12px;font-size: 12px;}.uagb-block-55b5edaf .uagb-faq-child__outer-wrap{margin-bottom: 10px;}.uagb-block-55b5edaf .uagb-faq-item{border-top-width: 1px;border-left-width: 1px;border-right-width: 1px;border-bottom-width: 1px;border-top-left-radius: 2px;border-top-right-radius: 2px;border-bottom-left-radius: 2px;border-bottom-right-radius: 2px;border-color: #1e1e1e;border-style: solid;}.uagb-block-55b5edaf .uagb-faq-questions-button{padding-top: 10px;padding-bottom: 10px;padding-right: 10px;padding-left: 10px;}.uagb-block-55b5edaf .uagb-faq-content{padding-top: 10px;padding-bottom: 10px;padding-right: 10px;padding-left: 10px;}.uagb-block-55b5edaf .uagb-faq-content span{margin-top: 10px;margin-bottom: 10px;margin-right: 10px;margin-left: 10px;}.uagb-block-55b5edaf.uagb-faq-icon-row .uagb-faq-item .uagb-faq-icon-wrap{margin-right: 10px;}.uagb-block-55b5edaf.uagb-faq-icon-row-reverse .uagb-faq-item .uagb-faq-icon-wrap{margin-left: 10px;}.uagb-block-55b5edaf .uagb-faq-item .uagb-faq-questions-button.uagb-faq-questions{flex-direction: row;}.uagb-block-55b5edaf .wp-block-uagb-faq-child.uagb-faq-child__outer-wrap .uagb-faq-content {display: none;}@media only screen and (max-width: 976px) {.uagb-block-55b5edaf.uagb-faq-icon-row .uagb-faq-item .uagb-faq-icon-wrap{margin-right: 10px;}.uagb-block-55b5edaf.uagb-faq-icon-row-reverse .uagb-faq-item .uagb-faq-icon-wrap{margin-left: 10px;}.uagb-block-55b5edaf .uagb-faq-questions-button{padding-top: 10px;padding-bottom: 10px;padding-right: 10px;padding-left: 10px;}.uagb-block-55b5edaf .uagb-faq-content{padding-top: 10px;padding-bottom: 10px;padding-right: 10px;padding-left: 10px;}.uagb-block-55b5edaf .uagb-faq-content span{margin-top: 10px;margin-bottom: 10px;margin-right: 10px;margin-left: 10px;}}@media only screen and (max-width: 767px) {.uagb-block-55b5edaf.uagb-faq-icon-row .uagb-faq-item .uagb-faq-icon-wrap{margin-right: 10px;}.uagb-block-55b5edaf.uagb-faq-icon-row-reverse .uagb-faq-item .uagb-faq-icon-wrap{margin-left: 10px;}.uagb-block-55b5edaf .uagb-faq-questions-button{padding-top: 10px;padding-bottom: 10px;padding-right: 10px;padding-left: 10px;}.uagb-block-55b5edaf .uagb-faq-content{padding-top: 10px;padding-bottom: 10px;padding-right: 10px;padding-left: 10px;}.uagb-block-55b5edaf .uagb-faq-content span{margin-top: 10px;margin-bottom: 10px;margin-right: 10px;margin-left: 10px;}}\";s:2:\"js\";s:0:\"\";s:18:\"current_block_list\";a:10:{i:0;s:11:\"core\/search\";i:1;s:10:\"core\/group\";i:2;s:12:\"core\/heading\";i:3;s:17:\"core\/latest-posts\";i:4;s:20:\"core\/latest-comments\";i:5;s:13:\"core\/archives\";i:6;s:15:\"core\/categories\";i:7;s:14:\"core\/paragraph\";i:8;s:8:\"uagb\/faq\";i:9;s:14:\"uagb\/faq-child\";}s:8:\"uag_flag\";b:1;s:11:\"uag_version\";s:10:\"1775829763\";s:6:\"gfonts\";a:0:{}s:10:\"gfonts_url\";s:0:\"\";s:12:\"gfonts_files\";a:0:{}s:14:\"uag_faq_layout\";b:1;}"],"_uag_css_file_name":["uag-css-2183.css"]},"uagb_featured_image_src":{"full":["https:\/\/senyenergy.com\/wp-content\/uploads\/2025\/02\/Solar-Panel-Water-Drain-Clip.png",848,861,false],"thumbnail":["https:\/\/senyenergy.com\/wp-content\/uploads\/2025\/02\/Solar-Panel-Water-Drain-Clip-150x150.png",150,150,true],"medium":["https:\/\/senyenergy.com\/wp-content\/uploads\/2025\/02\/Solar-Panel-Water-Drain-Clip-295x300.png",295,300,true],"medium_large":["https:\/\/senyenergy.com\/wp-content\/uploads\/2025\/02\/Solar-Panel-Water-Drain-Clip-768x780.png",768,780,true],"large":["https:\/\/senyenergy.com\/wp-content\/uploads\/2025\/02\/Solar-Panel-Water-Drain-Clip.png",848,861,false],"1536x1536":["https:\/\/senyenergy.com\/wp-content\/uploads\/2025\/02\/Solar-Panel-Water-Drain-Clip.png",848,861,false],"2048x2048":["https:\/\/senyenergy.com\/wp-content\/uploads\/2025\/02\/Solar-Panel-Water-Drain-Clip.png",848,861,false],"trp-custom-language-flag":["https:\/\/senyenergy.com\/wp-content\/uploads\/2025\/02\/Solar-Panel-Water-Drain-Clip-12x12.png",12,12,true],"woocommerce_thumbnail":["https:\/\/senyenergy.com\/wp-content\/uploads\/2025\/02\/Solar-Panel-Water-Drain-Clip-300x300.png",300,300,true],"woocommerce_single":["https:\/\/senyenergy.com\/wp-content\/uploads\/2025\/02\/Solar-Panel-Water-Drain-Clip-600x609.png",600,609,true],"woocommerce_gallery_thumbnail":["https:\/\/senyenergy.com\/wp-content\/uploads\/2025\/02\/Solar-Panel-Water-Drain-Clip-100x100.png",100,100,true]},"uagb_author_info":{"display_name":"wp-admin","author_link":"https:\/\/senyenergy.com\/pt\/author\/"},"uagb_comment_info":0,"uagb_excerpt":"The Stainless Steel Solar Drain Clip solar panel clip is a critical accessory designed to improve the maintenance and efficiency of solar panel systems. price check","_links":{"self":[{"href":"https:\/\/senyenergy.com\/pt\/wp-json\/wp\/v2\/product\/2183","targetHints":{"allow":["GET"]}}],"collection":[{"href":"https:\/\/senyenergy.com\/pt\/wp-json\/wp\/v2\/product"}],"about":[{"href":"https:\/\/senyenergy.com\/pt\/wp-json\/wp\/v2\/types\/product"}],"wp:featuredmedia":[{"embeddable":true,"href":"https:\/\/senyenergy.com\/pt\/wp-json\/wp\/v2\/media\/2185"}],"wp:attachment":[{"href":"https:\/\/senyenergy.com\/pt\/wp-json\/wp\/v2\/media?parent=2183"}],"wp:term":[{"taxonomy":"product_brand","embeddable":true,"href":"https:\/\/senyenergy.com\/pt\/wp-json\/wp\/v2\/product_brand?post=2183"},{"taxonomy":"product_cat","embeddable":true,"href":"https:\/\/senyenergy.com\/pt\/wp-json\/wp\/v2\/product_cat?post=2183"},{"taxonomy":"product_tag","embeddable":true,"href":"https:\/\/senyenergy.com\/pt\/wp-json\/wp\/v2\/product_tag?post=2183"}],"curies":[{"name":"wp","href":"https:\/\/api.w.org\/{rel}","templated":true}]}}