{"id":2920,"date":"2025-10-20T17:20:27","date_gmt":"2025-10-20T09:20:27","guid":{"rendered":"https:\/\/senyenergy.com\/?post_type=product&#038;p=2920"},"modified":"2025-10-20T17:20:27","modified_gmt":"2025-10-20T09:20:27","slug":"new-bvr-solar-pv-grounding-wire","status":"publish","type":"product","link":"https:\/\/senyenergy.com\/fr\/produit\/new-bvr-solar-pv-grounding-wire\/","title":{"rendered":"Nouveau fil de mise \u00e0 la terre BVR Solar PV"},"content":{"rendered":"<p>La mise \u00e0 la terre est un syst\u00e8me de s\u00e9curit\u00e9 essentiel dans une installation solaire. Son but premier est de prot\u00e9ger contre :<\/p>\n<p>&nbsp;<\/p>\n<p>Choc \u00e9lectrique : si un fil sous tension \u00e0 l'int\u00e9rieur de l'onduleur, du bo\u00eetier de raccordement ou du cadre du panneau touche accidentellement le cadre m\u00e9tallique, il est mis sous tension. La mise \u00e0 la terre fournit un chemin \u00e0 faible r\u00e9sistance pour que le courant de d\u00e9faut s'\u00e9coule en toute s\u00e9curit\u00e9 dans la terre, d\u00e9clenchant le disjoncteur et \u00e9vitant \u00e0 quelqu'un de recevoir un choc.<\/p>\n<p>&nbsp;<\/p>\n<p>Foudre : Il aide \u00e0 dissiper l'\u00e9nergie \u00e9lectrique massive d'un coup de foudre dans le sol, prot\u00e9geant ainsi l'\u00e9quipement.<\/p>\n<p>&nbsp;<\/p>\n<p>D\u00e9charge statique : Il emp\u00eache l'accumulation d'\u00e9lectricit\u00e9 statique sur les structures m\u00e9talliques.<\/p>\n<p>&nbsp;<\/p>\n<p>Stabilisation de la tension : Elle fournit un point de r\u00e9f\u00e9rence pour le syst\u00e8me \u00e9lectrique, assurant la stabilit\u00e9 de la tension.<\/p>\n<p>&nbsp;<\/p>\n<p>La mise \u00e0 la terre des panneaux solaires est n\u00e9cessaire pour \u00e9viter les d\u00e9charges statiques et les dommages caus\u00e9s par la foudre. Le fil de terre solaire est l'une des exigences de mise \u00e0 la terre les plus importantes pour le syst\u00e8me de montage solaire. Il relie chaque partie du rack PV \u00e0 la terre par l'interm\u00e9diaire d'un c\u00e2ble de mise \u00e0 la terre int\u00e9gr\u00e9.<\/p>\n<p>&nbsp;<\/p>\n<p>Le pr\u00e9sent <strong><b>Fil de mise \u00e0 la terre pour panneaux solaires photovolta\u00efques<\/b><\/strong> utilisent un noyau en cuivre sans oxyg\u00e8ne de grande puret\u00e9, anti-oxydation et conductivit\u00e9 stable, et le rev\u00eatement protecteur est en PVC de haute qualit\u00e9, isolation, s\u00e9curit\u00e9 et protection de l'environnement. Le nez de connexion est fermement reli\u00e9 au corps du fil, durable et r\u00e9sistant. L'installation est tr\u00e8s rapide et facile.<\/p>\n<p>&nbsp;<\/p>\n<p>&nbsp;<\/p>\n<p>Le diam\u00e8tre du fil de <strong><b>C\u00e2ble de mise \u00e0 la terre pour PV solaire<\/b><\/strong>\u00a0peut \u00eatre : 14 AWG (2.5mm\u00b2) \/ 12 AWG (4mm\u00b2) \/ 10 AWG(6mm\u00b2), et l'ouverture des bornes peut \u00eatre de 4mm\/5mm\/6mm\/8mm.<\/p>\n<p>&nbsp;<\/p>\n<p>Caract\u00e9ristiques de cette <strong><b>Fil de mise \u00e0 la terre pour panneaux solaires photovolta\u00efques<\/b><\/strong><\/p>\n<p>- Fabriqu\u00e9 avec des mat\u00e9riaux de haute qualit\u00e9,<\/p>\n<p>- BVR Solar PV Ground Wire with Terminals 10\/12\/14 AWG Solar Ground Wire Yellow Green Flexible Copper Ground Cable<\/p>\n<p>- Gamme de tailles de c\u00e2bles : 10AWG pour 6mm\u00b2, 12AWG pour 4mm\u00b2, 14AWG pour 2,5mm\u00b2.<\/p>\n<p>- Longueur : 10cm\/20cm\/30cm (en option)<\/p>\n<p>- Couleur : jaune + vert<\/p>\n<p>-Cuivre sans oxyg\u00e8ne de grande puret\u00e9 ;<\/p>\n<p>-R\u00e9sistance \u00e0 la flexion et bonne flexibilit\u00e9 ;<\/p>\n<p>-Installation facile ;<\/p>\n<p>-Durable et r\u00e9sistant \u00e0 la traction ;<\/p>\n<p>-Anti-oxydation et conductivit\u00e9 stable ;<\/p>\n<p>&nbsp;<\/p>\n<p>En conclusion, le \"nouveau fil de mise \u00e0 la terre BVR Solar PV\" est un composant sp\u00e9cialis\u00e9 et tr\u00e8s r\u00e9sistant, essentiel \u00e0 la construction d'un syst\u00e8me solaire photovolta\u00efque s\u00fbr, conforme et durable. Ne le remplacez jamais par un fil \u00e9lectrique g\u00e9n\u00e9rique.<\/p>\n<p>&nbsp;<\/p>\n<p>Cette terre solaire <strong><b>Fil de mise \u00e0 la terre pour panneaux solaires photovolta\u00efques<\/b><\/strong> peut \u00eatre sauvagement utilis\u00e9 pour la mise \u00e0 la terre des panneaux photovolta\u00efques, la mise \u00e0 la terre des chemins de c\u00e2bles, la mise \u00e0 la terre des bo\u00eetes de distribution, la mise \u00e0 la terre des portes et fen\u00eatres des b\u00e2timents, les cavaliers de brides, etc.<\/p>\n<p>&nbsp;<\/p>\n<p>Pour plus d'informations sur notre fil de mise \u00e0 la terre solaire PV, ou sur d'autres composants de montage solaire, veuillez consulter notre site Web : <a href=\"https:\/\/senyenergy.com\/fr\" target=\"_blank\" rel=\"noopener\"><u>www.senyenergy.com<\/u><\/a><\/p>","protected":false},"excerpt":{"rendered":"<p>Ce fil de mise \u00e0 la terre solaire PV utilise un noyau en cuivre sans oxyg\u00e8ne de haute puret\u00e9, anti-oxydation et conductivit\u00e9 stable, et le rev\u00eatement protecteur est un mat\u00e9riau PVC de haute qualit\u00e9, isolation, s\u00e9curit\u00e9 et protection de l'environnement. Le nez de connexion est fermement reli\u00e9 au corps du fil, durable et r\u00e9sistant.<\/p>\n<div class=\"wp-block-button popmake-1937\"><a class=\"wp-block-button__link wp-element-button\">v\u00e9rification des prix<\/a><\/div>","protected":false},"featured_media":2921,"template":"","meta":{"_uag_custom_page_level_css":"","site-sidebar-layout":"default","site-content-layout":"","ast-site-content-layout":"default","site-content-style":"default","site-sidebar-style":"default","ast-global-header-display":"","ast-banner-title-visibility":"","ast-main-header-display":"","ast-hfb-above-header-display":"","ast-hfb-below-header-display":"","ast-hfb-mobile-header-display":"","site-post-title":"","ast-breadcrumbs-content":"","ast-featured-img":"","footer-sml-layout":"","ast-disable-related-posts":"","theme-transparent-header-meta":"default","adv-header-id-meta":"","stick-header-meta":"","header-above-stick-meta":"","header-main-stick-meta":"","header-below-stick-meta":"","astra-migrate-meta-layouts":"set","ast-page-background-enabled":"default","ast-page-background-meta":{"desktop":{"background-color":"","background-image":"","background-repeat":"repeat","background-position":"center center","background-size":"auto","background-attachment":"scroll","background-type":"","background-media":"","overlay-type":"","overlay-color":"","overlay-opacity":"","overlay-gradient":""},"tablet":{"background-color":"","background-image":"","background-repeat":"repeat","background-position":"center center","background-size":"auto","background-attachment":"scroll","background-type":"","background-media":"","overlay-type":"","overlay-color":"","overlay-opacity":"","overlay-gradient":""},"mobile":{"background-color":"","background-image":"","background-repeat":"repeat","background-position":"center center","background-size":"auto","background-attachment":"scroll","background-type":"","background-media":"","overlay-type":"","overlay-color":"","overlay-opacity":"","overlay-gradient":""}},"ast-content-background-meta":{"desktop":{"background-color":"var(--ast-global-color-5)","background-image":"","background-repeat":"repeat","background-position":"center center","background-size":"auto","background-attachment":"scroll","background-type":"","background-media":"","overlay-type":"","overlay-color":"","overlay-opacity":"","overlay-gradient":""},"tablet":{"background-color":"var(--ast-global-color-5)","background-image":"","background-repeat":"repeat","background-position":"center center","background-size":"auto","background-attachment":"scroll","background-type":"","background-media":"","overlay-type":"","overlay-color":"","overlay-opacity":"","overlay-gradient":""},"mobile":{"background-color":"var(--ast-global-color-5)","background-image":"","background-repeat":"repeat","background-position":"center center","background-size":"auto","background-attachment":"scroll","background-type":"","background-media":"","overlay-type":"","overlay-color":"","overlay-opacity":"","overlay-gradient":""}}},"product_brand":[],"product_cat":[25,33],"product_tag":[361,362],"class_list":{"0":"post-2920","1":"product","2":"type-product","3":"status-publish","4":"has-post-thumbnail","6":"product_cat-excellent","7":"product_cat-solar-panel-accessories","8":"product_tag-pv-grounding-wire","9":"product_tag-solar-pv-grounding-wire","10":"desktop-align-left","11":"tablet-align-left","12":"mobile-align-left","14":"first","15":"instock","16":"shipping-taxable","17":"product-type-simple"},"spectra_custom_meta":{"_uabb_version":["1.36.1"],"_edit_last":["1"],"_edit_lock":["1761631798:1"],"_thumbnail_id":["2921"],"wb_custom_tabs":["a:0:{}"],"total_sales":["0"],"_tax_status":["taxable"],"_tax_class":[""],"_manage_stock":["no"],"_backorders":["no"],"_sold_individually":["no"],"_virtual":["no"],"_downloadable":["no"],"_download_limit":["-1"],"_download_expiry":["-1"],"_stock":[null],"_stock_status":["instock"],"_wc_average_rating":["0"],"_wc_review_count":["0"],"_product_version":["9.6.2"],"_product_image_gallery":["2922,2923,2924,2925"],"site-sidebar-layout":["default"],"ast-site-content-layout":["default"],"site-content-style":["default"],"site-sidebar-style":["default"],"theme-transparent-header-meta":["default"],"astra-migrate-meta-layouts":["set"],"_uag_page_assets":["a:9:{s:3:\"css\";s:5318:\".uag-blocks-common-selector{z-index:var(--z-index-desktop) !important}@media (max-width: 976px){.uag-blocks-common-selector{z-index:var(--z-index-tablet) !important}}@media (max-width: 767px){.uag-blocks-common-selector{z-index:var(--z-index-mobile) !important}}\n.wp-block-uagb-faq{width:100%}.wp-block-uagb-faq.uagb-faq-layout-accordion .uagb-faq-child__outer-wrap .uagb-faq-questions-button{cursor:pointer}.wp-block-uagb-faq .uagb-faq-content{margin-bottom:0}.wp-block-uagb-faq .uagb-faq-content p{margin:auto}.uagb-faq-layout-grid.uagb-faq-equal-height.uagb-faq__wrap .uagb-faq-child__outer-wrap,.uagb-faq-layout-grid.uagb-faq-equal-height.uagb-faq__wrap .uagb-faq-item{height:100%}body[class*=\"astra\"] .uagb-faq-questions{line-height:normal}.uagb-faq-item{overflow:hidden}\n.wp-block-uagb-faq-child .uagb-faq-questions-button{display:flex;align-items:center}.wp-block-uagb-faq-child .uagb-faq-questions-button .uagb-faq-icon-wrap{display:flex;align-items:center}.wp-block-uagb-faq-child .uagb-faq-questions-button .uagb-question{width:100%;margin-top:0;margin-bottom:0}.wp-block-uagb-faq-child .uagb-icon svg,.wp-block-uagb-faq-child .uagb-icon-active svg{width:15px;height:15px;font-size:15px}.wp-block-uagb-faq-child.uagb-faq-child__outer-wrap.uagb-faq-item .uagb-icon-active,.wp-block-uagb-faq-child.uagb-faq-child__outer-wrap.uagb-faq-item.uagb-faq-item-active .uagb-icon,.wp-block-uagb-faq-child.uagb-faq-child__outer-wrap .uagb-faq-item .uagb-icon-active,.wp-block-uagb-faq-child.uagb-faq-child__outer-wrap .uagb-faq-item.uagb-faq-item-active .uagb-icon{display:none;width:0;padding:0;height:0;margin:0}.wp-block-uagb-faq-child.uagb-faq-child__outer-wrap.uagb-faq-item .uagb-icon,.wp-block-uagb-faq-child.uagb-faq-child__outer-wrap.uagb-faq-item.uagb-faq-item-active .uagb-icon-active,.wp-block-uagb-faq-child.uagb-faq-child__outer-wrap .uagb-faq-item .uagb-icon,.wp-block-uagb-faq-child.uagb-faq-child__outer-wrap .uagb-faq-item.uagb-faq-item-active .uagb-icon-active{display:flex;width:auto;height:auto}.uagb-faq-layout-grid .uagb-faq-child__outer-wrap.uagb-faq-item .uagb-icon,.uagb-faq-layout-grid .uagb-faq-child__outer-wrap.uagb-faq-item.uagb-faq-item-active .uagb-icon-active,.uagb-faq-layout-grid .uagb-faq-child__outer-wrap .uagb-faq-item .uagb-icon,.uagb-faq-layout-grid .uagb-faq-child__outer-wrap .uagb-faq-item.uagb-faq-item-active .uagb-icon-active{display:none}.uagb-faq-layout-grid .uagb-faq-child__outer-wrap.uagb-faq-item span.uagb-icon-active.uagb-faq-icon-wrap,.uagb-faq-layout-grid .uagb-faq-child__outer-wrap.uagb-faq-item.uagb-faq-item-active .uagb-icon-active,.uagb-faq-layout-grid .uagb-faq-child__outer-wrap .uagb-faq-item span.uagb-icon-active.uagb-faq-icon-wrap,.uagb-faq-layout-grid .uagb-faq-child__outer-wrap .uagb-faq-item.uagb-faq-item-active .uagb-icon-active{display:none}\n.uagb-block-55b5edaf .uagb-icon svg{width: 12px;height: 12px;font-size: 12px;}.uagb-block-55b5edaf .uagb-icon-active svg{width: 12px;height: 12px;font-size: 12px;}.uagb-block-55b5edaf .uagb-faq-child__outer-wrap{margin-bottom: 10px;}.uagb-block-55b5edaf .uagb-faq-item{border-top-width: 1px;border-left-width: 1px;border-right-width: 1px;border-bottom-width: 1px;border-top-left-radius: 2px;border-top-right-radius: 2px;border-bottom-left-radius: 2px;border-bottom-right-radius: 2px;border-color: #1e1e1e;border-style: solid;}.uagb-block-55b5edaf .uagb-faq-questions-button{padding-top: 10px;padding-bottom: 10px;padding-right: 10px;padding-left: 10px;}.uagb-block-55b5edaf .uagb-faq-content{padding-top: 10px;padding-bottom: 10px;padding-right: 10px;padding-left: 10px;}.uagb-block-55b5edaf .uagb-faq-content span{margin-top: 10px;margin-bottom: 10px;margin-right: 10px;margin-left: 10px;}.uagb-block-55b5edaf.uagb-faq-icon-row .uagb-faq-item .uagb-faq-icon-wrap{margin-right: 10px;}.uagb-block-55b5edaf.uagb-faq-icon-row-reverse .uagb-faq-item .uagb-faq-icon-wrap{margin-left: 10px;}.uagb-block-55b5edaf .uagb-faq-item .uagb-faq-questions-button.uagb-faq-questions{flex-direction: row;}.uagb-block-55b5edaf .wp-block-uagb-faq-child.uagb-faq-child__outer-wrap .uagb-faq-content {display: none;}@media only screen and (max-width: 976px) {.uagb-block-55b5edaf.uagb-faq-icon-row .uagb-faq-item .uagb-faq-icon-wrap{margin-right: 10px;}.uagb-block-55b5edaf.uagb-faq-icon-row-reverse .uagb-faq-item .uagb-faq-icon-wrap{margin-left: 10px;}.uagb-block-55b5edaf .uagb-faq-questions-button{padding-top: 10px;padding-bottom: 10px;padding-right: 10px;padding-left: 10px;}.uagb-block-55b5edaf .uagb-faq-content{padding-top: 10px;padding-bottom: 10px;padding-right: 10px;padding-left: 10px;}.uagb-block-55b5edaf .uagb-faq-content span{margin-top: 10px;margin-bottom: 10px;margin-right: 10px;margin-left: 10px;}}@media only screen and (max-width: 767px) {.uagb-block-55b5edaf.uagb-faq-icon-row .uagb-faq-item .uagb-faq-icon-wrap{margin-right: 10px;}.uagb-block-55b5edaf.uagb-faq-icon-row-reverse .uagb-faq-item .uagb-faq-icon-wrap{margin-left: 10px;}.uagb-block-55b5edaf .uagb-faq-questions-button{padding-top: 10px;padding-bottom: 10px;padding-right: 10px;padding-left: 10px;}.uagb-block-55b5edaf .uagb-faq-content{padding-top: 10px;padding-bottom: 10px;padding-right: 10px;padding-left: 10px;}.uagb-block-55b5edaf .uagb-faq-content span{margin-top: 10px;margin-bottom: 10px;margin-right: 10px;margin-left: 10px;}}\";s:2:\"js\";s:0:\"\";s:18:\"current_block_list\";a:10:{i:0;s:11:\"core\/search\";i:1;s:10:\"core\/group\";i:2;s:12:\"core\/heading\";i:3;s:17:\"core\/latest-posts\";i:4;s:20:\"core\/latest-comments\";i:5;s:13:\"core\/archives\";i:6;s:15:\"core\/categories\";i:7;s:14:\"core\/paragraph\";i:8;s:8:\"uagb\/faq\";i:9;s:14:\"uagb\/faq-child\";}s:8:\"uag_flag\";b:1;s:11:\"uag_version\";s:10:\"1775829763\";s:6:\"gfonts\";a:0:{}s:10:\"gfonts_url\";s:0:\"\";s:12:\"gfonts_files\";a:0:{}s:14:\"uag_faq_layout\";b:1;}"],"_uag_css_file_name":["uag-css-2920.css"]},"uagb_featured_image_src":{"full":["https:\/\/senyenergy.com\/wp-content\/uploads\/2025\/10\/BVR-Solar-PV-grounding-wire.jpg",800,800,false],"thumbnail":["https:\/\/senyenergy.com\/wp-content\/uploads\/2025\/10\/BVR-Solar-PV-grounding-wire-150x150.jpg",150,150,true],"medium":["https:\/\/senyenergy.com\/wp-content\/uploads\/2025\/10\/BVR-Solar-PV-grounding-wire-300x300.jpg",300,300,true],"medium_large":["https:\/\/senyenergy.com\/wp-content\/uploads\/2025\/10\/BVR-Solar-PV-grounding-wire-768x768.jpg",768,768,true],"large":["https:\/\/senyenergy.com\/wp-content\/uploads\/2025\/10\/BVR-Solar-PV-grounding-wire.jpg",800,800,false],"1536x1536":["https:\/\/senyenergy.com\/wp-content\/uploads\/2025\/10\/BVR-Solar-PV-grounding-wire.jpg",800,800,false],"2048x2048":["https:\/\/senyenergy.com\/wp-content\/uploads\/2025\/10\/BVR-Solar-PV-grounding-wire.jpg",800,800,false],"trp-custom-language-flag":["https:\/\/senyenergy.com\/wp-content\/uploads\/2025\/10\/BVR-Solar-PV-grounding-wire-12x12.jpg",12,12,true],"woocommerce_thumbnail":["https:\/\/senyenergy.com\/wp-content\/uploads\/2025\/10\/BVR-Solar-PV-grounding-wire-300x300.jpg",300,300,true],"woocommerce_single":["https:\/\/senyenergy.com\/wp-content\/uploads\/2025\/10\/BVR-Solar-PV-grounding-wire-600x600.jpg",600,600,true],"woocommerce_gallery_thumbnail":["https:\/\/senyenergy.com\/wp-content\/uploads\/2025\/10\/BVR-Solar-PV-grounding-wire-100x100.jpg",100,100,true]},"uagb_author_info":{"display_name":"wp-admin","author_link":"https:\/\/senyenergy.com\/fr\/author\/"},"uagb_comment_info":0,"uagb_excerpt":"This Solar PV Grounding Wire use high purity oxygen-free copper core, anti-oxidation and stable conductivity, and the protective coating is high quality PVC material, insulation, safety and environmental protection. The connection nose is firmly connected with the wire body, durable and durable. price check","_links":{"self":[{"href":"https:\/\/senyenergy.com\/fr\/wp-json\/wp\/v2\/product\/2920","targetHints":{"allow":["GET"]}}],"collection":[{"href":"https:\/\/senyenergy.com\/fr\/wp-json\/wp\/v2\/product"}],"about":[{"href":"https:\/\/senyenergy.com\/fr\/wp-json\/wp\/v2\/types\/product"}],"wp:featuredmedia":[{"embeddable":true,"href":"https:\/\/senyenergy.com\/fr\/wp-json\/wp\/v2\/media\/2921"}],"wp:attachment":[{"href":"https:\/\/senyenergy.com\/fr\/wp-json\/wp\/v2\/media?parent=2920"}],"wp:term":[{"taxonomy":"product_brand","embeddable":true,"href":"https:\/\/senyenergy.com\/fr\/wp-json\/wp\/v2\/product_brand?post=2920"},{"taxonomy":"product_cat","embeddable":true,"href":"https:\/\/senyenergy.com\/fr\/wp-json\/wp\/v2\/product_cat?post=2920"},{"taxonomy":"product_tag","embeddable":true,"href":"https:\/\/senyenergy.com\/fr\/wp-json\/wp\/v2\/product_tag?post=2920"}],"curies":[{"name":"wp","href":"https:\/\/api.w.org\/{rel}","templated":true}]}}