{"id":2896,"date":"2025-09-30T17:04:47","date_gmt":"2025-09-30T09:04:47","guid":{"rendered":"https:\/\/senyenergy.com\/?post_type=product&#038;p=2896"},"modified":"2025-09-30T17:04:47","modified_gmt":"2025-09-30T09:04:47","slug":"caillebotis-en-acier-galvanise-a-chaud-anti-corrosion-pour-passerelles","status":"publish","type":"product","link":"https:\/\/senyenergy.com\/fr\/produit\/caillebotis-en-acier-galvanise-a-chaud-anti-corrosion-pour-passerelles\/","title":{"rendered":"Caillebotis en acier galvanis\u00e9 \u00e0 chaud anti-corrosion"},"content":{"rendered":"<p>Anti-corrosif <strong>Passerelle solaire en caillebotis d'acier galvanis\u00e9 \u00e0 chaud<\/strong> est un \u00e9l\u00e9ment d'infrastructure important dans les installations d'\u00e9nergie solaire, en particulier pour les grandes fermes solaires. Il permet au personnel de maintenance de circuler en toute s\u00e9curit\u00e9 autour des panneaux solaires et des \u00e9quipements. Fabriqu\u00e9 en acier \u00e0 faible teneur en carbone, puis galvanis\u00e9 \u00e0 chaud, il offre une excellente r\u00e9sistance \u00e0 la corrosion et une structure robuste, ce qui permet d'assurer un passage fiable pour les panneaux solaires. Il convient aux supports et accessoires solaires et constitue un \u00e9l\u00e9ment cl\u00e9 des syst\u00e8mes d'installation solaire sur les toits. Sa conception l\u00e9g\u00e8re et ses caract\u00e9ristiques de ventilation en font un choix id\u00e9al pour les b\u00e2timents industriels, r\u00e9sidentiels et commerciaux, offrant une base fiable et un support durable pour les projets solaires.<\/p>\n<p><strong>Passerelle solaire en caillebotis d'acier galvanis\u00e9 \u00e0 chaud<\/strong> est id\u00e9al pour les b\u00e2timents industriels, civils et commerciaux. Largement utilis\u00e9 comme plates-formes, passerelles, marches d'escalier et planchers. Dimensions courantes : 2000*400*30mm.  Combin\u00e9s \u00e0 nos pinces d'extr\u00e9mit\u00e9 et \u00e0 nos boulons et \u00e9crous en acier inoxydable, ils sont tr\u00e8s faciles \u00e0 installer sur le site.  Possibilit\u00e9 de personnaliser les dimensions.<\/p>\n<p>La couche de zinc prot\u00e8ge l'acier de la rouille et de la corrosion et prolonge sa dur\u00e9e de vie. Le caillebotis galvanis\u00e9 \u00e0 chaud a une apparence m\u00e9tallique brillante et une structure l\u00e9g\u00e8re. La conception \u00e0 grille ouverte du caillebotis permet un drainage et une ventilation efficaces, r\u00e9duisant l'accumulation d'eau et de d\u00e9bris. En outre, les propri\u00e9t\u00e9s antid\u00e9rapantes du caillebotis garantissent une s\u00e9curit\u00e9 accrue. Il peut \u00e9galement \u00eatre int\u00e9gr\u00e9 \u00e0 d'autres composants, tels que des ballasts, des supports ou des rails.<\/p>\n<p><strong>Sp\u00e9cification de la passerelle solaire en caillebotis d'acier galvanis\u00e9 \u00e0 chaud<\/strong><br \/>\nDimension : 2000 \u00d7 350 \u00d7 30 mm, ou 2000 \u00d7 500 \u00d7 30 mm<br \/>\nMat\u00e9riaux : Acier au carbone<br \/>\nTraitement de surface : galvanisation \u00e0 chaud (\u2265 60 \u00b5m), norme ISO 1461 Zinc.<br \/>\nBarre porteuse : 30 mm Hauteur \u00d7 3 mm \u00c9paisseur<\/p>\n<p>Dur\u00e9e de vie plus longue que les passerelles en fibre de verre renforc\u00e9e.  Il est tr\u00e8s facile de les installer sur place gr\u00e2ce \u00e0 nos pinces d'extr\u00e9mit\u00e9 et aux boulons et \u00e9crous en SS304.<\/p>\n<figure id=\"attachment_2902\" aria-describedby=\"caption-attachment-2902\" style=\"width: 800px\" class=\"wp-caption aligncenter\"><img fetchpriority=\"high\" decoding=\"async\" class=\"wp-image-2902 size-full\" src=\"https:\/\/senyenergy.com\/wp-content\/uploads\/2025\/09\/Solar-Hot-Dip-Galvanized-Steel-Walkway.jpg\" alt=\"Nouveau caillebotis solaire robuste en acier galvanis\u00e9 \u00e0 chaud Passerelle La conception \u00e0 grille ouverte du caillebotis permet un drainage et une ventilation efficaces.\" width=\"800\" height=\"800\" srcset=\"https:\/\/senyenergy.com\/wp-content\/uploads\/2025\/09\/Solar-Hot-Dip-Galvanized-Steel-Walkway.jpg 800w, https:\/\/senyenergy.com\/wp-content\/uploads\/2025\/09\/Solar-Hot-Dip-Galvanized-Steel-Walkway-300x300.jpg 300w, https:\/\/senyenergy.com\/wp-content\/uploads\/2025\/09\/Solar-Hot-Dip-Galvanized-Steel-Walkway-150x150.jpg 150w, https:\/\/senyenergy.com\/wp-content\/uploads\/2025\/09\/Solar-Hot-Dip-Galvanized-Steel-Walkway-768x768.jpg 768w, https:\/\/senyenergy.com\/wp-content\/uploads\/2025\/09\/Solar-Hot-Dip-Galvanized-Steel-Walkway-12x12.jpg 12w, https:\/\/senyenergy.com\/wp-content\/uploads\/2025\/09\/Solar-Hot-Dip-Galvanized-Steel-Walkway-600x600.jpg 600w, https:\/\/senyenergy.com\/wp-content\/uploads\/2025\/09\/Solar-Hot-Dip-Galvanized-Steel-Walkway-100x100.jpg 100w\" sizes=\"(max-width: 800px) 100vw, 800px\" \/><figcaption id=\"caption-attachment-2902\" class=\"wp-caption-text\">Nouveau caillebotis solaire robuste en acier galvanis\u00e9 \u00e0 chaud Passerelle La conception \u00e0 grille ouverte du caillebotis permet un drainage et une ventilation efficaces.<\/figcaption><\/figure>\n<p><strong>Caract\u00e9ristiques de la passerelle en caillebotis d'acier galvanis\u00e9 \u00e0 chaud<\/strong>:<br \/>\nGalvanisation \u00e0 chaud : La passerelle est recouverte d'une couche de zinc par le biais du processus de galvanisation \u00e0 chaud, ce qui lui conf\u00e8re une excellente r\u00e9sistance \u00e0 la corrosion et une grande durabilit\u00e9.<br \/>\nConstruction robuste : G\u00e9n\u00e9ralement fabriqu\u00e9e en acier galvanis\u00e9 \u00e0 chaud, elle est con\u00e7ue pour r\u00e9sister \u00e0 un trafic pi\u00e9tonnier intense et aux conditions environnementales.<br \/>\nSurface antid\u00e9rapante : Une surface textur\u00e9e ou perfor\u00e9e pour \u00e9viter de glisser, am\u00e9liorant ainsi la s\u00e9curit\u00e9 lors de l'utilisation.<br \/>\nConception modulaire : Disponible en diff\u00e9rentes longueurs et largeurs, permettant des options d'agencement personnalisables pour r\u00e9pondre aux exigences sp\u00e9cifiques du site.<\/p>\n<p>Avantages du caillebotis solaire en acier galvanis\u00e9 \u00e0 chaud :<br \/>\nDurabilit\u00e9 accrue : Le processus de galvanisation prot\u00e8ge contre la rouille et la corrosion, garantissant une longue dur\u00e9e de vie m\u00eame dans les environnements ext\u00e9rieurs difficiles.<br \/>\nS\u00e9curit\u00e9 : Fournit une surface de marche stable et s\u00fbre, r\u00e9duisant le risque d'accident pour le personnel d'entretien.<br \/>\nFacilit\u00e9 d'entretien : Les mat\u00e9riaux utilis\u00e9s ne n\u00e9cessitent qu'un entretien minimal au fil du temps.<br \/>\nProtection de l'environnement : Permet de minimiser le compactage et la perturbation du sol autour des installations solaires, favorisant ainsi de meilleures pratiques environnementales.<\/p>\n<p>Conclusion<br \/>\nA <strong>Passerelle solaire en caillebotis d'acier galvanis\u00e9 \u00e0 chaud<\/strong> est essentiel pour assurer un acc\u00e8s s\u00fbr et efficace aux installations solaires. Sa durabilit\u00e9 et sa r\u00e9sistance \u00e0 la corrosion en font un choix id\u00e9al pour les environnements ext\u00e9rieurs, am\u00e9liorant la s\u00e9curit\u00e9 et l'accessibilit\u00e9 globales des syst\u00e8mes d'\u00e9nergie solaire. Si vous avez d'autres questions ou si vous avez besoin de recommandations sp\u00e9cifiques, n'h\u00e9sitez pas \u00e0 nous contacter !<\/p>","protected":false},"excerpt":{"rendered":"<p>Passerelle solaire en caillebotis d'acier galvanis\u00e9 \u00e0 chaud<br \/>\nLe caillebotis a une apparence m\u00e9tallique brillante et une structure l\u00e9g\u00e8re. La conception \u00e0 grille ouverte du caillebotis permet un drainage et une ventilation efficaces, r\u00e9duisant l'accumulation d'eau et de d\u00e9bris. En outre, les propri\u00e9t\u00e9s antid\u00e9rapantes du caillebotis garantissent une s\u00e9curit\u00e9 accrue. Il peut \u00e9galement \u00eatre int\u00e9gr\u00e9 \u00e0 d'autres composants, tels que des ballasts, des supports ou des rails.<\/p>\n<div class=\"wp-block-button popmake-1937\"><a class=\"wp-block-button__link wp-element-button\">v\u00e9rification des prix<\/a><\/div>","protected":false},"featured_media":2901,"template":"","meta":{"_uag_custom_page_level_css":"","site-sidebar-layout":"default","site-content-layout":"","ast-site-content-layout":"default","site-content-style":"default","site-sidebar-style":"default","ast-global-header-display":"","ast-banner-title-visibility":"","ast-main-header-display":"","ast-hfb-above-header-display":"","ast-hfb-below-header-display":"","ast-hfb-mobile-header-display":"","site-post-title":"","ast-breadcrumbs-content":"","ast-featured-img":"","footer-sml-layout":"","ast-disable-related-posts":"","theme-transparent-header-meta":"default","adv-header-id-meta":"","stick-header-meta":"","header-above-stick-meta":"","header-main-stick-meta":"","header-below-stick-meta":"","astra-migrate-meta-layouts":"set","ast-page-background-enabled":"default","ast-page-background-meta":{"desktop":{"background-color":"","background-image":"","background-repeat":"repeat","background-position":"center center","background-size":"auto","background-attachment":"scroll","background-type":"","background-media":"","overlay-type":"","overlay-color":"","overlay-opacity":"","overlay-gradient":""},"tablet":{"background-color":"","background-image":"","background-repeat":"repeat","background-position":"center center","background-size":"auto","background-attachment":"scroll","background-type":"","background-media":"","overlay-type":"","overlay-color":"","overlay-opacity":"","overlay-gradient":""},"mobile":{"background-color":"","background-image":"","background-repeat":"repeat","background-position":"center center","background-size":"auto","background-attachment":"scroll","background-type":"","background-media":"","overlay-type":"","overlay-color":"","overlay-opacity":"","overlay-gradient":""}},"ast-content-background-meta":{"desktop":{"background-color":"var(--ast-global-color-5)","background-image":"","background-repeat":"repeat","background-position":"center center","background-size":"auto","background-attachment":"scroll","background-type":"","background-media":"","overlay-type":"","overlay-color":"","overlay-opacity":"","overlay-gradient":""},"tablet":{"background-color":"var(--ast-global-color-5)","background-image":"","background-repeat":"repeat","background-position":"center center","background-size":"auto","background-attachment":"scroll","background-type":"","background-media":"","overlay-type":"","overlay-color":"","overlay-opacity":"","overlay-gradient":""},"mobile":{"background-color":"var(--ast-global-color-5)","background-image":"","background-repeat":"repeat","background-position":"center center","background-size":"auto","background-attachment":"scroll","background-type":"","background-media":"","overlay-type":"","overlay-color":"","overlay-opacity":"","overlay-gradient":""}}},"product_brand":[],"product_cat":[25,23],"product_tag":[156,350,351,349],"class_list":{"0":"post-2896","1":"product","2":"type-product","3":"status-publish","4":"has-post-thumbnail","6":"product_cat-excellent","7":"product_cat-solar-accessories","8":"product_tag-galvanized-steel-grating","9":"product_tag-hdg-galvanized-steel-walkway","10":"product_tag-solar-galvanized-steel-walkway","11":"product_tag-solar-galvanized-walkway","12":"desktop-align-left","13":"tablet-align-left","14":"mobile-align-left","16":"first","17":"instock","18":"shipping-taxable","19":"product-type-simple"},"spectra_custom_meta":{"_uabb_version":["1.36.1"],"_edit_last":["1"],"_edit_lock":["1759551610:1"],"_thumbnail_id":["2901"],"wb_custom_tabs":["a:0:{}"],"total_sales":["0"],"_tax_status":["taxable"],"_tax_class":[""],"_manage_stock":["no"],"_backorders":["no"],"_sold_individually":["no"],"_virtual":["no"],"_downloadable":["no"],"_download_limit":["-1"],"_download_expiry":["-1"],"_stock":[null],"_stock_status":["instock"],"_wc_average_rating":["0"],"_wc_review_count":["0"],"_product_version":["9.6.2"],"_product_image_gallery":["2899,2897,2898,2900"],"site-sidebar-layout":["default"],"ast-site-content-layout":["default"],"site-content-style":["default"],"site-sidebar-style":["default"],"theme-transparent-header-meta":["default"],"astra-migrate-meta-layouts":["set"],"_uag_css_file_name":["uag-css-2896.css"],"_uag_page_assets":["a:9:{s:3:\"css\";s:5051:\".wp-block-uagb-faq{width:100%}.wp-block-uagb-faq.uagb-faq-layout-accordion .uagb-faq-child__outer-wrap .uagb-faq-questions-button{cursor:pointer}.wp-block-uagb-faq .uagb-faq-content{margin-bottom:0}.wp-block-uagb-faq .uagb-faq-content p{margin:auto}.uagb-faq-layout-grid.uagb-faq-equal-height.uagb-faq__wrap .uagb-faq-child__outer-wrap,.uagb-faq-layout-grid.uagb-faq-equal-height.uagb-faq__wrap .uagb-faq-item{height:100%}body[class*=astra] .uagb-faq-questions{line-height:normal}.uagb-faq-item{overflow:hidden}.wp-block-uagb-faq-child .uagb-faq-questions-button{display:flex;align-items:center}.wp-block-uagb-faq-child .uagb-faq-questions-button .uagb-faq-icon-wrap{display:flex;align-items:center}.wp-block-uagb-faq-child .uagb-faq-questions-button .uagb-question{width:100%;margin-top:0;margin-bottom:0}.wp-block-uagb-faq-child .uagb-icon svg,.wp-block-uagb-faq-child .uagb-icon-active svg{width:15px;height:15px;font-size:15px}.wp-block-uagb-faq-child.uagb-faq-child__outer-wrap.uagb-faq-item .uagb-icon-active,.wp-block-uagb-faq-child.uagb-faq-child__outer-wrap.uagb-faq-item.uagb-faq-item-active .uagb-icon,.wp-block-uagb-faq-child.uagb-faq-child__outer-wrap .uagb-faq-item .uagb-icon-active,.wp-block-uagb-faq-child.uagb-faq-child__outer-wrap .uagb-faq-item.uagb-faq-item-active .uagb-icon{display:none;width:0;padding:0;height:0;margin:0}.wp-block-uagb-faq-child.uagb-faq-child__outer-wrap.uagb-faq-item .uagb-icon,.wp-block-uagb-faq-child.uagb-faq-child__outer-wrap.uagb-faq-item.uagb-faq-item-active .uagb-icon-active,.wp-block-uagb-faq-child.uagb-faq-child__outer-wrap .uagb-faq-item .uagb-icon,.wp-block-uagb-faq-child.uagb-faq-child__outer-wrap .uagb-faq-item.uagb-faq-item-active .uagb-icon-active{display:flex;width:auto;height:auto}.uagb-faq-layout-grid .uagb-faq-child__outer-wrap.uagb-faq-item .uagb-icon,.uagb-faq-layout-grid .uagb-faq-child__outer-wrap.uagb-faq-item.uagb-faq-item-active .uagb-icon-active,.uagb-faq-layout-grid .uagb-faq-child__outer-wrap .uagb-faq-item .uagb-icon,.uagb-faq-layout-grid .uagb-faq-child__outer-wrap .uagb-faq-item.uagb-faq-item-active .uagb-icon-active{display:none}.uagb-faq-layout-grid .uagb-faq-child__outer-wrap.uagb-faq-item span.uagb-icon-active.uagb-faq-icon-wrap,.uagb-faq-layout-grid .uagb-faq-child__outer-wrap.uagb-faq-item.uagb-faq-item-active .uagb-icon-active,.uagb-faq-layout-grid .uagb-faq-child__outer-wrap .uagb-faq-item span.uagb-icon-active.uagb-faq-icon-wrap,.uagb-faq-layout-grid .uagb-faq-child__outer-wrap .uagb-faq-item.uagb-faq-item-active .uagb-icon-active{display:none}.uagb-block-55b5edaf .uagb-icon svg{width: 12px;height: 12px;font-size: 12px;}.uagb-block-55b5edaf .uagb-icon-active svg{width: 12px;height: 12px;font-size: 12px;}.uagb-block-55b5edaf .uagb-faq-child__outer-wrap{margin-bottom: 10px;}.uagb-block-55b5edaf .uagb-faq-item{border-top-width: 1px;border-left-width: 1px;border-right-width: 1px;border-bottom-width: 1px;border-top-left-radius: 2px;border-top-right-radius: 2px;border-bottom-left-radius: 2px;border-bottom-right-radius: 2px;border-color: #1e1e1e;border-style: solid;}.uagb-block-55b5edaf .uagb-faq-questions-button{padding-top: 10px;padding-bottom: 10px;padding-right: 10px;padding-left: 10px;}.uagb-block-55b5edaf .uagb-faq-content{padding-top: 10px;padding-bottom: 10px;padding-right: 10px;padding-left: 10px;}.uagb-block-55b5edaf .uagb-faq-content span{margin-top: 10px;margin-bottom: 10px;margin-right: 10px;margin-left: 10px;}.uagb-block-55b5edaf.uagb-faq-icon-row .uagb-faq-item .uagb-faq-icon-wrap{margin-right: 10px;}.uagb-block-55b5edaf.uagb-faq-icon-row-reverse .uagb-faq-item .uagb-faq-icon-wrap{margin-left: 10px;}.uagb-block-55b5edaf .uagb-faq-item .uagb-faq-questions-button.uagb-faq-questions{flex-direction: row;}.uagb-block-55b5edaf .wp-block-uagb-faq-child.uagb-faq-child__outer-wrap .uagb-faq-content {display: none;}@media only screen and (max-width: 976px) {.uagb-block-55b5edaf.uagb-faq-icon-row .uagb-faq-item .uagb-faq-icon-wrap{margin-right: 10px;}.uagb-block-55b5edaf.uagb-faq-icon-row-reverse .uagb-faq-item .uagb-faq-icon-wrap{margin-left: 10px;}.uagb-block-55b5edaf .uagb-faq-questions-button{padding-top: 10px;padding-bottom: 10px;padding-right: 10px;padding-left: 10px;}.uagb-block-55b5edaf .uagb-faq-content{padding-top: 10px;padding-bottom: 10px;padding-right: 10px;padding-left: 10px;}.uagb-block-55b5edaf .uagb-faq-content span{margin-top: 10px;margin-bottom: 10px;margin-right: 10px;margin-left: 10px;}}@media only screen and (max-width: 767px) {.uagb-block-55b5edaf.uagb-faq-icon-row .uagb-faq-item .uagb-faq-icon-wrap{margin-right: 10px;}.uagb-block-55b5edaf.uagb-faq-icon-row-reverse .uagb-faq-item .uagb-faq-icon-wrap{margin-left: 10px;}.uagb-block-55b5edaf .uagb-faq-questions-button{padding-top: 10px;padding-bottom: 10px;padding-right: 10px;padding-left: 10px;}.uagb-block-55b5edaf .uagb-faq-content{padding-top: 10px;padding-bottom: 10px;padding-right: 10px;padding-left: 10px;}.uagb-block-55b5edaf .uagb-faq-content span{margin-top: 10px;margin-bottom: 10px;margin-right: 10px;margin-left: 10px;}}\";s:2:\"js\";s:0:\"\";s:18:\"current_block_list\";a:10:{i:0;s:11:\"core\/search\";i:1;s:10:\"core\/group\";i:2;s:12:\"core\/heading\";i:3;s:17:\"core\/latest-posts\";i:4;s:20:\"core\/latest-comments\";i:5;s:13:\"core\/archives\";i:6;s:15:\"core\/categories\";i:7;s:14:\"core\/paragraph\";i:8;s:8:\"uagb\/faq\";i:9;s:14:\"uagb\/faq-child\";}s:8:\"uag_flag\";b:1;s:11:\"uag_version\";s:10:\"1777556832\";s:6:\"gfonts\";a:0:{}s:10:\"gfonts_url\";s:0:\"\";s:12:\"gfonts_files\";a:0:{}s:14:\"uag_faq_layout\";b:1;}"]},"uagb_featured_image_src":{"full":["https:\/\/senyenergy.com\/wp-content\/uploads\/2025\/09\/Solar-Hot-Dip-Galvanized-Walkway.jpg",800,800,false],"thumbnail":["https:\/\/senyenergy.com\/wp-content\/uploads\/2025\/09\/Solar-Hot-Dip-Galvanized-Walkway-150x150.jpg",150,150,true],"medium":["https:\/\/senyenergy.com\/wp-content\/uploads\/2025\/09\/Solar-Hot-Dip-Galvanized-Walkway-300x300.jpg",300,300,true],"medium_large":["https:\/\/senyenergy.com\/wp-content\/uploads\/2025\/09\/Solar-Hot-Dip-Galvanized-Walkway-768x768.jpg",768,768,true],"large":["https:\/\/senyenergy.com\/wp-content\/uploads\/2025\/09\/Solar-Hot-Dip-Galvanized-Walkway.jpg",800,800,false],"1536x1536":["https:\/\/senyenergy.com\/wp-content\/uploads\/2025\/09\/Solar-Hot-Dip-Galvanized-Walkway.jpg",800,800,false],"2048x2048":["https:\/\/senyenergy.com\/wp-content\/uploads\/2025\/09\/Solar-Hot-Dip-Galvanized-Walkway.jpg",800,800,false],"trp-custom-language-flag":["https:\/\/senyenergy.com\/wp-content\/uploads\/2025\/09\/Solar-Hot-Dip-Galvanized-Walkway-12x12.jpg",12,12,true],"woocommerce_thumbnail":["https:\/\/senyenergy.com\/wp-content\/uploads\/2025\/09\/Solar-Hot-Dip-Galvanized-Walkway-300x300.jpg",300,300,true],"woocommerce_single":["https:\/\/senyenergy.com\/wp-content\/uploads\/2025\/09\/Solar-Hot-Dip-Galvanized-Walkway-600x600.jpg",600,600,true],"woocommerce_gallery_thumbnail":["https:\/\/senyenergy.com\/wp-content\/uploads\/2025\/09\/Solar-Hot-Dip-Galvanized-Walkway-100x100.jpg",100,100,true]},"uagb_author_info":{"display_name":"wp-admin","author_link":"https:\/\/senyenergy.com\/fr\/author\/"},"uagb_comment_info":0,"uagb_excerpt":"Solar Hot-Dip Galvanized Steel Grating Walkway has bright metal aesthetic appearance and a light structure. The open-grid design of the grating allows for effective drainage and ventilation, reducing the accumulation of water and debris. Additionally, the anti-slip properties of the grating ensure enhanced safety. It can also be integrated with other components, such as ballasts,\u2026","_links":{"self":[{"href":"https:\/\/senyenergy.com\/fr\/wp-json\/wp\/v2\/product\/2896","targetHints":{"allow":["GET"]}}],"collection":[{"href":"https:\/\/senyenergy.com\/fr\/wp-json\/wp\/v2\/product"}],"about":[{"href":"https:\/\/senyenergy.com\/fr\/wp-json\/wp\/v2\/types\/product"}],"wp:featuredmedia":[{"embeddable":true,"href":"https:\/\/senyenergy.com\/fr\/wp-json\/wp\/v2\/media\/2901"}],"wp:attachment":[{"href":"https:\/\/senyenergy.com\/fr\/wp-json\/wp\/v2\/media?parent=2896"}],"wp:term":[{"taxonomy":"product_brand","embeddable":true,"href":"https:\/\/senyenergy.com\/fr\/wp-json\/wp\/v2\/product_brand?post=2896"},{"taxonomy":"product_cat","embeddable":true,"href":"https:\/\/senyenergy.com\/fr\/wp-json\/wp\/v2\/product_cat?post=2896"},{"taxonomy":"product_tag","embeddable":true,"href":"https:\/\/senyenergy.com\/fr\/wp-json\/wp\/v2\/product_tag?post=2896"}],"curies":[{"name":"wp","href":"https:\/\/api.w.org\/{rel}","templated":true}]}}