{"id":2876,"date":"2025-09-17T14:46:40","date_gmt":"2025-09-17T06:46:40","guid":{"rendered":"https:\/\/senyenergy.com\/?post_type=product&#038;p=2876"},"modified":"2025-09-17T14:53:47","modified_gmt":"2025-09-17T06:53:47","slug":"passerelle-solaire-portable-legere-pour-lentretien-des-panneaux-solaires","status":"publish","type":"product","link":"https:\/\/senyenergy.com\/fr\/produit\/passerelle-solaire-portable-legere-pour-lentretien-des-panneaux-solaires\/","title":{"rendered":"Passerelle solaire l\u00e9g\u00e8re et portable pour l'entretien des panneaux solaires"},"content":{"rendered":"<p>L'alliage d'aluminium\u00a0\u00a0<strong>Passerelle solaire portable<\/strong> est utilis\u00e9 pour l'installation et la maintenance des panneaux photovolta\u00efques (y compris la r\u00e9paration, le nettoyage et l'installation de pinces de guidage pour l'eau et la boue). Il se compose d'un support horizontal en aluminium en forme d'\u00e9chelle. Diff\u00e9rents pieds peuvent \u00eatre install\u00e9s pour s'adapter aux diff\u00e9rents angles d'installation des centrales photovolta\u00efques.<\/p>\n<figure id=\"attachment_2880\" aria-describedby=\"caption-attachment-2880\" style=\"width: 600px\" class=\"wp-caption aligncenter\"><img fetchpriority=\"high\" decoding=\"async\" class=\"wp-image-2880 size-woocommerce_single\" src=\"https:\/\/senyenergy.com\/wp-content\/uploads\/2025\/09\/Solar-Panel-Portable-Walkway-600x600.jpg\" alt=\"Passerelles portables l\u00e9g\u00e8res \u00e0 panneaux solaires rapides \u00e0 mettre en place, \u00e0 d\u00e9placer et \u00e0 ranger\" width=\"600\" height=\"600\" srcset=\"https:\/\/senyenergy.com\/wp-content\/uploads\/2025\/09\/Solar-Panel-Portable-Walkway-600x600.jpg 600w, https:\/\/senyenergy.com\/wp-content\/uploads\/2025\/09\/Solar-Panel-Portable-Walkway-300x300.jpg 300w, https:\/\/senyenergy.com\/wp-content\/uploads\/2025\/09\/Solar-Panel-Portable-Walkway-150x150.jpg 150w, https:\/\/senyenergy.com\/wp-content\/uploads\/2025\/09\/Solar-Panel-Portable-Walkway-768x768.jpg 768w, https:\/\/senyenergy.com\/wp-content\/uploads\/2025\/09\/Solar-Panel-Portable-Walkway-12x12.jpg 12w, https:\/\/senyenergy.com\/wp-content\/uploads\/2025\/09\/Solar-Panel-Portable-Walkway-100x100.jpg 100w, https:\/\/senyenergy.com\/wp-content\/uploads\/2025\/09\/Solar-Panel-Portable-Walkway.jpg 800w\" sizes=\"(max-width: 600px) 100vw, 600px\" \/><figcaption id=\"caption-attachment-2880\" class=\"wp-caption-text\">Passerelles portables l\u00e9g\u00e8res \u00e0 panneaux solaires rapides \u00e0 mettre en place, \u00e0 d\u00e9placer et \u00e0 ranger<\/figcaption><\/figure>\n<p><strong>Caract\u00e9ristiques de la passerelle solaire portable<\/strong><\/p>\n<p>Acc\u00e8s rapide et s\u00fbr aux rang\u00e9es de panneaux int\u00e9rieurs<\/p>\n<p>\u2705 Prot\u00e8ge les rails - pas de pression sur les modules<\/p>\n<p>\u2705 S'adapte \u00e0 tous les panneaux jusqu'\u00e0 1,32 m de large<\/p>\n<p>\u2705 L\u00e9ger et modulaire - rapide \u00e0 mettre en place, \u00e0 d\u00e9placer et \u00e0 ranger<\/p>\n<figure id=\"attachment_2877\" aria-describedby=\"caption-attachment-2877\" style=\"width: 600px\" class=\"wp-caption aligncenter\"><img decoding=\"async\" class=\"wp-image-2877 size-woocommerce_single\" src=\"https:\/\/senyenergy.com\/wp-content\/uploads\/2025\/09\/aluminum-alloy-Solar-Panel-Portable-Walkway-600x600.jpg\" alt=\"Panneau solaire l\u00e9ger en aluminium Passerelles portables pour panneau solaire\" width=\"600\" height=\"600\" srcset=\"https:\/\/senyenergy.com\/wp-content\/uploads\/2025\/09\/aluminum-alloy-Solar-Panel-Portable-Walkway-600x600.jpg 600w, https:\/\/senyenergy.com\/wp-content\/uploads\/2025\/09\/aluminum-alloy-Solar-Panel-Portable-Walkway-300x300.jpg 300w, https:\/\/senyenergy.com\/wp-content\/uploads\/2025\/09\/aluminum-alloy-Solar-Panel-Portable-Walkway-150x150.jpg 150w, https:\/\/senyenergy.com\/wp-content\/uploads\/2025\/09\/aluminum-alloy-Solar-Panel-Portable-Walkway-768x768.jpg 768w, https:\/\/senyenergy.com\/wp-content\/uploads\/2025\/09\/aluminum-alloy-Solar-Panel-Portable-Walkway-12x12.jpg 12w, https:\/\/senyenergy.com\/wp-content\/uploads\/2025\/09\/aluminum-alloy-Solar-Panel-Portable-Walkway-100x100.jpg 100w, https:\/\/senyenergy.com\/wp-content\/uploads\/2025\/09\/aluminum-alloy-Solar-Panel-Portable-Walkway.jpg 800w\" sizes=\"(max-width: 600px) 100vw, 600px\" \/><figcaption id=\"caption-attachment-2877\" class=\"wp-caption-text\">Panneau solaire l\u00e9ger en aluminium Passerelles portables pour panneau solaire<\/figcaption><\/figure>\n<p>&nbsp;<\/p>\n<p>Les <strong>Passerelle solaire portable<\/strong> Construite pour une maintenance r\u00e9elle - en particulier lorsque vous \u00eates \u00e0 la course contre la montre ou que vous travaillez dans des espaces restreints. La passerelle portable pour panneaux solaires est plac\u00e9e sur la barre de support entre deux panneaux (la largeur de l'espace doit \u00eatre sup\u00e9rieure \u00e0 10 mm). Les utilisateurs peuvent les choisir en fonction de leurs besoins.<\/p>\n<p>&nbsp;<\/p>\n<p>Les pieds du support reposent sur le cadre en aluminium du panneau ou dans l'espace entre les panneaux adjacents, ce qui permet aux utilisateurs de se tenir debout sur le support sans marcher sur les panneaux.<\/p>\n<p>Il est l\u00e9ger, pesant moins de 5 kg, et peut \u00eatre saisi \u00e0 n'importe quel endroit, ce qui le rend facile \u00e0 utiliser d'une seule main.<\/p>\n<p>Il est r\u00e9glable, avec un espacement des pieds r\u00e9glable, pour s'adapter \u00e0 diff\u00e9rentes largeurs de panneaux et \u00e0 diff\u00e9rentes pentes.<\/p>\n<p>&nbsp;<\/p>\n<p>Trois <strong>Passerelle solaire portable<\/strong> sont disponibles : type plat (SY-M0), type standard (SY-M1) et type inclin\u00e9 (SY-M2).<\/p>\n<p>Le type plat (SY-M0) (avec des bandes de caoutchouc antid\u00e9rapantes sur le fond du support en aluminium) convient aux panneaux install\u00e9s \u00e0 des angles inf\u00e9rieurs \u00e0 5 degr\u00e9s.<\/p>\n<p>Le type standard (SY-M1) convient aux panneaux install\u00e9s \u00e0 des angles inf\u00e9rieurs \u00e0 8 degr\u00e9s.<\/p>\n<p>Le type inclin\u00e9 (SY-M2) convient aux panneaux install\u00e9s \u00e0 des angles inf\u00e9rieurs \u00e0 18 degr\u00e9s.<\/p>\n<figure id=\"attachment_2878\" aria-describedby=\"caption-attachment-2878\" style=\"width: 600px\" class=\"wp-caption aligncenter\"><img decoding=\"async\" class=\"wp-image-2878 size-woocommerce_single\" src=\"https:\/\/senyenergy.com\/wp-content\/uploads\/2025\/09\/flat-type-Solar-Panel-Portable-Walkway-600x600.jpg\" alt=\"Passerelles portables l\u00e9g\u00e8res pour l&#039;installation de panneaux solaires\" width=\"600\" height=\"600\" srcset=\"https:\/\/senyenergy.com\/wp-content\/uploads\/2025\/09\/flat-type-Solar-Panel-Portable-Walkway-600x600.jpg 600w, https:\/\/senyenergy.com\/wp-content\/uploads\/2025\/09\/flat-type-Solar-Panel-Portable-Walkway-300x300.jpg 300w, https:\/\/senyenergy.com\/wp-content\/uploads\/2025\/09\/flat-type-Solar-Panel-Portable-Walkway-150x150.jpg 150w, https:\/\/senyenergy.com\/wp-content\/uploads\/2025\/09\/flat-type-Solar-Panel-Portable-Walkway-768x768.jpg 768w, https:\/\/senyenergy.com\/wp-content\/uploads\/2025\/09\/flat-type-Solar-Panel-Portable-Walkway-12x12.jpg 12w, https:\/\/senyenergy.com\/wp-content\/uploads\/2025\/09\/flat-type-Solar-Panel-Portable-Walkway-100x100.jpg 100w, https:\/\/senyenergy.com\/wp-content\/uploads\/2025\/09\/flat-type-Solar-Panel-Portable-Walkway.jpg 800w\" sizes=\"(max-width: 600px) 100vw, 600px\" \/><figcaption id=\"caption-attachment-2878\" class=\"wp-caption-text\">Passerelles portables l\u00e9g\u00e8res pour l'installation de panneaux solaires<\/figcaption><\/figure>\n<p>&nbsp;<\/p>\n<p>La maintenance ne doit pas ressembler \u00e0 un exercice d'\u00e9quilibriste, et elle ne doit certainement pas mettre vos panneaux en danger. C'est pourquoi nous avons con\u00e7u la passerelle portable pour panneaux solaires SENYANG : une plate-forme l\u00e9g\u00e8re et facile \u00e0 installer qui permet aux techniciens d'acc\u00e9der rapidement et en toute s\u00e9curit\u00e9 \u00e0 n'importe quel panneau, sans jamais marcher sur un module.<\/p>\n<p>Que vous travailliez sous pression ou que vous naviguiez dans les rang\u00e9es int\u00e9rieures, c'est la fa\u00e7on la plus intelligente et la plus s\u00fbre de se d\u00e9placer.<\/p>","protected":false},"excerpt":{"rendered":"<p>La maintenance ne doit pas ressembler \u00e0 un exercice d'\u00e9quilibriste, et elle ne doit certainement pas mettre vos panneaux en danger. C'est pourquoi nous avons con\u00e7u la passerelle portable pour panneaux solaires SENYANG : une plate-forme l\u00e9g\u00e8re et facile \u00e0 installer qui permet aux techniciens d'acc\u00e9der rapidement et en toute s\u00e9curit\u00e9 \u00e0 n'importe quel panneau, sans jamais marcher sur un module.<br \/>\nQue vous travailliez sous pression ou que vous naviguiez dans les rang\u00e9es int\u00e9rieures, c'est la fa\u00e7on la plus intelligente et la plus s\u00fbre de se d\u00e9placer.<\/p>\n<div class=\"wp-block-button popmake-1937\"><a class=\"wp-block-button__link wp-element-button\">v\u00e9rification des prix<\/a><\/div>","protected":false},"featured_media":2880,"template":"","meta":{"_uag_custom_page_level_css":"","site-sidebar-layout":"default","site-content-layout":"","ast-site-content-layout":"default","site-content-style":"default","site-sidebar-style":"default","ast-global-header-display":"","ast-banner-title-visibility":"","ast-main-header-display":"","ast-hfb-above-header-display":"","ast-hfb-below-header-display":"","ast-hfb-mobile-header-display":"","site-post-title":"","ast-breadcrumbs-content":"","ast-featured-img":"","footer-sml-layout":"","ast-disable-related-posts":"","theme-transparent-header-meta":"default","adv-header-id-meta":"","stick-header-meta":"","header-above-stick-meta":"","header-main-stick-meta":"","header-below-stick-meta":"","astra-migrate-meta-layouts":"set","ast-page-background-enabled":"default","ast-page-background-meta":{"desktop":{"background-color":"","background-image":"","background-repeat":"repeat","background-position":"center center","background-size":"auto","background-attachment":"scroll","background-type":"","background-media":"","overlay-type":"","overlay-color":"","overlay-opacity":"","overlay-gradient":""},"tablet":{"background-color":"","background-image":"","background-repeat":"repeat","background-position":"center center","background-size":"auto","background-attachment":"scroll","background-type":"","background-media":"","overlay-type":"","overlay-color":"","overlay-opacity":"","overlay-gradient":""},"mobile":{"background-color":"","background-image":"","background-repeat":"repeat","background-position":"center center","background-size":"auto","background-attachment":"scroll","background-type":"","background-media":"","overlay-type":"","overlay-color":"","overlay-opacity":"","overlay-gradient":""}},"ast-content-background-meta":{"desktop":{"background-color":"var(--ast-global-color-5)","background-image":"","background-repeat":"repeat","background-position":"center center","background-size":"auto","background-attachment":"scroll","background-type":"","background-media":"","overlay-type":"","overlay-color":"","overlay-opacity":"","overlay-gradient":""},"tablet":{"background-color":"var(--ast-global-color-5)","background-image":"","background-repeat":"repeat","background-position":"center center","background-size":"auto","background-attachment":"scroll","background-type":"","background-media":"","overlay-type":"","overlay-color":"","overlay-opacity":"","overlay-gradient":""},"mobile":{"background-color":"var(--ast-global-color-5)","background-image":"","background-repeat":"repeat","background-position":"center center","background-size":"auto","background-attachment":"scroll","background-type":"","background-media":"","overlay-type":"","overlay-color":"","overlay-opacity":"","overlay-gradient":""}}},"product_brand":[],"product_cat":[25,23,33],"product_tag":[343,341,342,28],"class_list":{"0":"post-2876","1":"product","2":"type-product","3":"status-publish","4":"has-post-thumbnail","6":"product_cat-excellent","7":"product_cat-solar-accessories","8":"product_cat-solar-panel-accessories","9":"product_tag-aluminum-solar-walkway","10":"product_tag-solar-panel-portable-walkways","11":"product_tag-solar-panel-walkway","12":"product_tag-solar-walkway","13":"desktop-align-left","14":"tablet-align-left","15":"mobile-align-left","17":"first","18":"instock","19":"shipping-taxable","20":"product-type-simple"},"spectra_custom_meta":{"_uabb_version":["1.36.1"],"_edit_last":["1"],"_edit_lock":["1759042370:1"],"_thumbnail_id":["2880"],"wb_custom_tabs":["a:0:{}"],"total_sales":["0"],"_tax_status":["taxable"],"_tax_class":[""],"_manage_stock":["no"],"_backorders":["no"],"_sold_individually":["no"],"_virtual":["no"],"_downloadable":["no"],"_download_limit":["-1"],"_download_expiry":["-1"],"_stock":[null],"_stock_status":["instock"],"_wc_average_rating":["0"],"_wc_review_count":["0"],"_product_version":["9.6.2"],"_product_image_gallery":["2881,2877,2878,2879"],"site-sidebar-layout":["default"],"ast-site-content-layout":["default"],"site-content-style":["default"],"site-sidebar-style":["default"],"theme-transparent-header-meta":["default"],"astra-migrate-meta-layouts":["set"],"_uag_css_file_name":["uag-css-2876.css"],"_uag_page_assets":["a:9:{s:3:\"css\";s:5311:\".uag-blocks-common-selector{z-index:var(--z-index-desktop) !important}@media(max-width: 976px){.uag-blocks-common-selector{z-index:var(--z-index-tablet) !important}}@media(max-width: 767px){.uag-blocks-common-selector{z-index:var(--z-index-mobile) !important}}.wp-block-uagb-faq{width:100%}.wp-block-uagb-faq.uagb-faq-layout-accordion .uagb-faq-child__outer-wrap .uagb-faq-questions-button{cursor:pointer}.wp-block-uagb-faq .uagb-faq-content{margin-bottom:0}.wp-block-uagb-faq .uagb-faq-content p{margin:auto}.uagb-faq-layout-grid.uagb-faq-equal-height.uagb-faq__wrap .uagb-faq-child__outer-wrap,.uagb-faq-layout-grid.uagb-faq-equal-height.uagb-faq__wrap .uagb-faq-item{height:100%}body[class*=astra] .uagb-faq-questions{line-height:normal}.uagb-faq-item{overflow:hidden}.wp-block-uagb-faq-child .uagb-faq-questions-button{display:flex;align-items:center}.wp-block-uagb-faq-child .uagb-faq-questions-button .uagb-faq-icon-wrap{display:flex;align-items:center}.wp-block-uagb-faq-child .uagb-faq-questions-button .uagb-question{width:100%;margin-top:0;margin-bottom:0}.wp-block-uagb-faq-child .uagb-icon svg,.wp-block-uagb-faq-child .uagb-icon-active svg{width:15px;height:15px;font-size:15px}.wp-block-uagb-faq-child.uagb-faq-child__outer-wrap.uagb-faq-item .uagb-icon-active,.wp-block-uagb-faq-child.uagb-faq-child__outer-wrap.uagb-faq-item.uagb-faq-item-active .uagb-icon,.wp-block-uagb-faq-child.uagb-faq-child__outer-wrap .uagb-faq-item .uagb-icon-active,.wp-block-uagb-faq-child.uagb-faq-child__outer-wrap .uagb-faq-item.uagb-faq-item-active .uagb-icon{display:none;width:0;padding:0;height:0;margin:0}.wp-block-uagb-faq-child.uagb-faq-child__outer-wrap.uagb-faq-item .uagb-icon,.wp-block-uagb-faq-child.uagb-faq-child__outer-wrap.uagb-faq-item.uagb-faq-item-active .uagb-icon-active,.wp-block-uagb-faq-child.uagb-faq-child__outer-wrap .uagb-faq-item .uagb-icon,.wp-block-uagb-faq-child.uagb-faq-child__outer-wrap .uagb-faq-item.uagb-faq-item-active .uagb-icon-active{display:flex;width:auto;height:auto}.uagb-faq-layout-grid .uagb-faq-child__outer-wrap.uagb-faq-item .uagb-icon,.uagb-faq-layout-grid .uagb-faq-child__outer-wrap.uagb-faq-item.uagb-faq-item-active .uagb-icon-active,.uagb-faq-layout-grid .uagb-faq-child__outer-wrap .uagb-faq-item .uagb-icon,.uagb-faq-layout-grid .uagb-faq-child__outer-wrap .uagb-faq-item.uagb-faq-item-active .uagb-icon-active{display:none}.uagb-faq-layout-grid .uagb-faq-child__outer-wrap.uagb-faq-item span.uagb-icon-active.uagb-faq-icon-wrap,.uagb-faq-layout-grid .uagb-faq-child__outer-wrap.uagb-faq-item.uagb-faq-item-active .uagb-icon-active,.uagb-faq-layout-grid .uagb-faq-child__outer-wrap .uagb-faq-item span.uagb-icon-active.uagb-faq-icon-wrap,.uagb-faq-layout-grid .uagb-faq-child__outer-wrap .uagb-faq-item.uagb-faq-item-active .uagb-icon-active{display:none}.uagb-block-55b5edaf .uagb-icon svg{width: 12px;height: 12px;font-size: 12px;}.uagb-block-55b5edaf .uagb-icon-active svg{width: 12px;height: 12px;font-size: 12px;}.uagb-block-55b5edaf .uagb-faq-child__outer-wrap{margin-bottom: 10px;}.uagb-block-55b5edaf .uagb-faq-item{border-top-width: 1px;border-left-width: 1px;border-right-width: 1px;border-bottom-width: 1px;border-top-left-radius: 2px;border-top-right-radius: 2px;border-bottom-left-radius: 2px;border-bottom-right-radius: 2px;border-color: #1e1e1e;border-style: solid;}.uagb-block-55b5edaf .uagb-faq-questions-button{padding-top: 10px;padding-bottom: 10px;padding-right: 10px;padding-left: 10px;}.uagb-block-55b5edaf .uagb-faq-content{padding-top: 10px;padding-bottom: 10px;padding-right: 10px;padding-left: 10px;}.uagb-block-55b5edaf .uagb-faq-content span{margin-top: 10px;margin-bottom: 10px;margin-right: 10px;margin-left: 10px;}.uagb-block-55b5edaf.uagb-faq-icon-row .uagb-faq-item .uagb-faq-icon-wrap{margin-right: 10px;}.uagb-block-55b5edaf.uagb-faq-icon-row-reverse .uagb-faq-item .uagb-faq-icon-wrap{margin-left: 10px;}.uagb-block-55b5edaf .uagb-faq-item .uagb-faq-questions-button.uagb-faq-questions{flex-direction: row;}.uagb-block-55b5edaf .wp-block-uagb-faq-child.uagb-faq-child__outer-wrap .uagb-faq-content {display: none;}@media only screen and (max-width: 976px) {.uagb-block-55b5edaf.uagb-faq-icon-row .uagb-faq-item .uagb-faq-icon-wrap{margin-right: 10px;}.uagb-block-55b5edaf.uagb-faq-icon-row-reverse .uagb-faq-item .uagb-faq-icon-wrap{margin-left: 10px;}.uagb-block-55b5edaf .uagb-faq-questions-button{padding-top: 10px;padding-bottom: 10px;padding-right: 10px;padding-left: 10px;}.uagb-block-55b5edaf .uagb-faq-content{padding-top: 10px;padding-bottom: 10px;padding-right: 10px;padding-left: 10px;}.uagb-block-55b5edaf .uagb-faq-content span{margin-top: 10px;margin-bottom: 10px;margin-right: 10px;margin-left: 10px;}}@media only screen and (max-width: 767px) {.uagb-block-55b5edaf.uagb-faq-icon-row .uagb-faq-item .uagb-faq-icon-wrap{margin-right: 10px;}.uagb-block-55b5edaf.uagb-faq-icon-row-reverse .uagb-faq-item .uagb-faq-icon-wrap{margin-left: 10px;}.uagb-block-55b5edaf .uagb-faq-questions-button{padding-top: 10px;padding-bottom: 10px;padding-right: 10px;padding-left: 10px;}.uagb-block-55b5edaf .uagb-faq-content{padding-top: 10px;padding-bottom: 10px;padding-right: 10px;padding-left: 10px;}.uagb-block-55b5edaf .uagb-faq-content span{margin-top: 10px;margin-bottom: 10px;margin-right: 10px;margin-left: 10px;}}\";s:2:\"js\";s:0:\"\";s:18:\"current_block_list\";a:10:{i:0;s:11:\"core\/search\";i:1;s:10:\"core\/group\";i:2;s:12:\"core\/heading\";i:3;s:17:\"core\/latest-posts\";i:4;s:20:\"core\/latest-comments\";i:5;s:13:\"core\/archives\";i:6;s:15:\"core\/categories\";i:7;s:14:\"core\/paragraph\";i:8;s:8:\"uagb\/faq\";i:9;s:14:\"uagb\/faq-child\";}s:8:\"uag_flag\";b:1;s:11:\"uag_version\";s:10:\"1777556832\";s:6:\"gfonts\";a:0:{}s:10:\"gfonts_url\";s:0:\"\";s:12:\"gfonts_files\";a:0:{}s:14:\"uag_faq_layout\";b:1;}"]},"uagb_featured_image_src":{"full":["https:\/\/senyenergy.com\/wp-content\/uploads\/2025\/09\/Solar-Panel-Portable-Walkway.jpg",800,800,false],"thumbnail":["https:\/\/senyenergy.com\/wp-content\/uploads\/2025\/09\/Solar-Panel-Portable-Walkway-150x150.jpg",150,150,true],"medium":["https:\/\/senyenergy.com\/wp-content\/uploads\/2025\/09\/Solar-Panel-Portable-Walkway-300x300.jpg",300,300,true],"medium_large":["https:\/\/senyenergy.com\/wp-content\/uploads\/2025\/09\/Solar-Panel-Portable-Walkway-768x768.jpg",768,768,true],"large":["https:\/\/senyenergy.com\/wp-content\/uploads\/2025\/09\/Solar-Panel-Portable-Walkway.jpg",800,800,false],"1536x1536":["https:\/\/senyenergy.com\/wp-content\/uploads\/2025\/09\/Solar-Panel-Portable-Walkway.jpg",800,800,false],"2048x2048":["https:\/\/senyenergy.com\/wp-content\/uploads\/2025\/09\/Solar-Panel-Portable-Walkway.jpg",800,800,false],"trp-custom-language-flag":["https:\/\/senyenergy.com\/wp-content\/uploads\/2025\/09\/Solar-Panel-Portable-Walkway-12x12.jpg",12,12,true],"woocommerce_thumbnail":["https:\/\/senyenergy.com\/wp-content\/uploads\/2025\/09\/Solar-Panel-Portable-Walkway-300x300.jpg",300,300,true],"woocommerce_single":["https:\/\/senyenergy.com\/wp-content\/uploads\/2025\/09\/Solar-Panel-Portable-Walkway-600x600.jpg",600,600,true],"woocommerce_gallery_thumbnail":["https:\/\/senyenergy.com\/wp-content\/uploads\/2025\/09\/Solar-Panel-Portable-Walkway-100x100.jpg",100,100,true]},"uagb_author_info":{"display_name":"wp-admin","author_link":"https:\/\/senyenergy.com\/fr\/author\/"},"uagb_comment_info":0,"uagb_excerpt":"Maintenance shouldn\u2019t feel like a balancing act \u2014 and it definitely shouldn\u2019t put your panels at risk. That\u2019s why we engineered the SENYANG Solar Panel Portable Walkway: a lightweight, installer-friendly platform that gives technicians fast, safe access across any array \u2014 without ever stepping on a module. Whether you're working under pressure or navigating inner\u2026","_links":{"self":[{"href":"https:\/\/senyenergy.com\/fr\/wp-json\/wp\/v2\/product\/2876","targetHints":{"allow":["GET"]}}],"collection":[{"href":"https:\/\/senyenergy.com\/fr\/wp-json\/wp\/v2\/product"}],"about":[{"href":"https:\/\/senyenergy.com\/fr\/wp-json\/wp\/v2\/types\/product"}],"wp:featuredmedia":[{"embeddable":true,"href":"https:\/\/senyenergy.com\/fr\/wp-json\/wp\/v2\/media\/2880"}],"wp:attachment":[{"href":"https:\/\/senyenergy.com\/fr\/wp-json\/wp\/v2\/media?parent=2876"}],"wp:term":[{"taxonomy":"product_brand","embeddable":true,"href":"https:\/\/senyenergy.com\/fr\/wp-json\/wp\/v2\/product_brand?post=2876"},{"taxonomy":"product_cat","embeddable":true,"href":"https:\/\/senyenergy.com\/fr\/wp-json\/wp\/v2\/product_cat?post=2876"},{"taxonomy":"product_tag","embeddable":true,"href":"https:\/\/senyenergy.com\/fr\/wp-json\/wp\/v2\/product_tag?post=2876"}],"curies":[{"name":"wp","href":"https:\/\/api.w.org\/{rel}","templated":true}]}}