{"id":2838,"date":"2025-09-12T12:16:46","date_gmt":"2025-09-12T04:16:46","guid":{"rendered":"https:\/\/senyenergy.com\/?post_type=product&#038;p=2838"},"modified":"2025-09-12T12:16:47","modified_gmt":"2025-09-12T04:16:47","slug":"kit-de-protection-contre-les-oiseaux-pour-panneaux-solaires","status":"publish","type":"product","link":"https:\/\/senyenergy.com\/fr\/produit\/kit-de-protection-contre-les-oiseaux-pour-panneaux-solaires\/","title":{"rendered":"Kit de protection contre les oiseaux pour panneaux solaires Factory"},"content":{"rendered":"<p>Les <strong><b>Kit de protection contre les oiseaux des panneaux solaires<\/b><\/strong>\u00a0est con\u00e7u pour emp\u00eacher les oiseaux et les rongeurs nuisibles de p\u00e9n\u00e9trer sous les panneaux solaires et d'endommager le syst\u00e8me.<\/p>\n<p>le toit et le c\u00e2blage \u00e9lectrique. Ce syst\u00e8me prot\u00e8ge solidement les panneaux en cr\u00e9ant une barri\u00e8re physique qui exclut les nuisibles des zones de montage des panneaux solaires. Le kit solaire se fixe en toute s\u00e9curit\u00e9 sur les panneaux solaires sans les endommager ni annuler leur garantie. Il emp\u00eache les oiseaux, les nuisibles et les gros d\u00e9bris de nicher ou de s'accumuler sous les panneaux, prot\u00e9geant ainsi l'int\u00e9grit\u00e9 et les performances du syst\u00e8me.<\/p>\n<p>&nbsp;<\/p>\n<p><strong><b>Caract\u00e9ristiques du kit de protection contre les oiseaux des panneaux solaires<\/b><\/strong><\/p>\n<ol>\n<li>Installation non invasive : Aucun per\u00e7age n'est n\u00e9cessaire. Les clips se fixent directement sur le cadre du panneau, sans percer le panneau solaire ni la couverture du toit.<\/li>\n<li>Durable et r\u00e9sistant aux intemp\u00e9ries : Fabriqu\u00e9 \u00e0 partir de mat\u00e9riaux r\u00e9sistants aux UV qui peuvent supporter des temp\u00e9ratures extr\u00eames, la pluie et la neige sans se d\u00e9grader.<\/li>\n<li>Flux d'air optimal : La conception sp\u00e9cifique des mailles emp\u00eache les oiseaux mais ne restreint pas le flux d'air, qui est n\u00e9cessaire pour le refroidissement du panneau.<\/li>\n<li>Respectueux de l'environnement et s\u00fbr : Une solution humaine de dissuasion des oiseaux qui ne nuit pas aux animaux.<\/li>\n<li>Installation facile\uff1a Peut \u00eatre coup\u00e9 \u00e0 la taille voulue et ne s'effiloche pas<\/li>\n<li>Une protection rentable : Un petit investissement unique permet de prot\u00e9ger un actif important, g\u00e9n\u00e9rateur de revenus, pendant plus de 10 \u00e0 15 ans.<\/li>\n<li>Adaptation universelle : Con\u00e7u pour \u00eatre compatible avec la plupart des cadres de panneaux solaires standard sur le march\u00e9.<\/li>\n<\/ol>\n<p>&nbsp;<\/p>\n<p>Ce kit de protection des panneaux solaires contre les oiseaux est fabriqu\u00e9 \u00e0 partir de fils d'acier galvanis\u00e9s soud\u00e9s en grille et recouverts d'un rev\u00eatement en PVC, ce qui garantit une durabilit\u00e9, une stabilit\u00e9 et une r\u00e9sistance \u00e0 la rouille solides. Il sert de barri\u00e8re de protection contre les oiseaux et autres petits animaux. Convient \u00e0 divers besoins de protection.<\/p>\n<p>&nbsp;<\/p>\n<p>Le pr\u00e9sent <strong><b>Kit de protection contre les oiseaux des panneaux solaires<\/b><\/strong>\u00a0est la facilit\u00e9 d'assemblage. L'installation se fait en quelques minutes gr\u00e2ce \u00e0 des \u00e9tapes simples, sans outils complexes ni comp\u00e9tences professionnelles. En outre, il peut \u00eatre utilis\u00e9 dans divers endroits, y compris dans les jardins potagers et sur les toits.<\/p>\n<p>Cette protection prot\u00e8ge les panneaux solaires contre les oiseaux et autres petits animaux. Elle peut \u00eatre utilis\u00e9e \u00e0 diff\u00e9rents endroits, notamment dans les ouvertures de tuyaux, les chemin\u00e9es, le bas des cl\u00f4tures de jardin et les jardins potagers.<\/p>\n<p>&nbsp;<\/p>\n<p><strong><b>Kit de protection contre les oiseaux des panneaux solaires<\/b><\/strong>\u00a0est id\u00e9al pour les exploitants de fermes solaires, les installateurs r\u00e9sidentiels et les gestionnaires de propri\u00e9t\u00e9s commerciales.<\/p>","protected":false},"excerpt":{"rendered":"<p>Ce kit de protection des panneaux solaires contre les oiseaux est fabriqu\u00e9 \u00e0 partir de fils d'acier galvanis\u00e9s soud\u00e9s en grille et recouverts d'un rev\u00eatement en PVC, ce qui garantit une durabilit\u00e9, une stabilit\u00e9 et une r\u00e9sistance \u00e0 la rouille solides. Il sert de barri\u00e8re de protection contre les oiseaux et autres petits animaux. Convient \u00e0 divers besoins de protection. Id\u00e9al pour les exploitants de fermes solaires, les installateurs r\u00e9sidentiels et les gestionnaires de propri\u00e9t\u00e9s commerciales.<\/p>\n<div class=\"wp-block-button popmake-1937\"><a class=\"wp-block-button__link wp-element-button\">v\u00e9rification des prix<\/a><\/div>","protected":false},"featured_media":2841,"template":"","meta":{"_uag_custom_page_level_css":"","site-sidebar-layout":"default","site-content-layout":"","ast-site-content-layout":"default","site-content-style":"default","site-sidebar-style":"default","ast-global-header-display":"","ast-banner-title-visibility":"","ast-main-header-display":"","ast-hfb-above-header-display":"","ast-hfb-below-header-display":"","ast-hfb-mobile-header-display":"","site-post-title":"","ast-breadcrumbs-content":"","ast-featured-img":"","footer-sml-layout":"","ast-disable-related-posts":"","theme-transparent-header-meta":"default","adv-header-id-meta":"","stick-header-meta":"","header-above-stick-meta":"","header-main-stick-meta":"","header-below-stick-meta":"","astra-migrate-meta-layouts":"set","ast-page-background-enabled":"default","ast-page-background-meta":{"desktop":{"background-color":"","background-image":"","background-repeat":"repeat","background-position":"center center","background-size":"auto","background-attachment":"scroll","background-type":"","background-media":"","overlay-type":"","overlay-color":"","overlay-opacity":"","overlay-gradient":""},"tablet":{"background-color":"","background-image":"","background-repeat":"repeat","background-position":"center center","background-size":"auto","background-attachment":"scroll","background-type":"","background-media":"","overlay-type":"","overlay-color":"","overlay-opacity":"","overlay-gradient":""},"mobile":{"background-color":"","background-image":"","background-repeat":"repeat","background-position":"center center","background-size":"auto","background-attachment":"scroll","background-type":"","background-media":"","overlay-type":"","overlay-color":"","overlay-opacity":"","overlay-gradient":""}},"ast-content-background-meta":{"desktop":{"background-color":"var(--ast-global-color-5)","background-image":"","background-repeat":"repeat","background-position":"center center","background-size":"auto","background-attachment":"scroll","background-type":"","background-media":"","overlay-type":"","overlay-color":"","overlay-opacity":"","overlay-gradient":""},"tablet":{"background-color":"var(--ast-global-color-5)","background-image":"","background-repeat":"repeat","background-position":"center center","background-size":"auto","background-attachment":"scroll","background-type":"","background-media":"","overlay-type":"","overlay-color":"","overlay-opacity":"","overlay-gradient":""},"mobile":{"background-color":"var(--ast-global-color-5)","background-image":"","background-repeat":"repeat","background-position":"center center","background-size":"auto","background-attachment":"scroll","background-type":"","background-media":"","overlay-type":"","overlay-color":"","overlay-opacity":"","overlay-gradient":""}}},"product_brand":[],"product_cat":[25,23,33],"product_tag":[325,320,324,321,323,322],"class_list":{"0":"post-2838","1":"product","2":"type-product","3":"status-publish","4":"has-post-thumbnail","6":"product_cat-excellent","7":"product_cat-solar-accessories","8":"product_cat-solar-panel-accessories","9":"product_tag-guard-kit-for-bird-netting-solar-mesh-panels","10":"product_tag-solar-panel-bird-mesh-guard","11":"product_tag-solar-panel-bird-protection","12":"product_tag-solar-panel-bird-protection-kit","13":"product_tag-solar-panel-mesh-installation","14":"product_tag-solar-panels-bird-mesh","15":"desktop-align-left","16":"tablet-align-left","17":"mobile-align-left","19":"first","20":"instock","21":"shipping-taxable","22":"product-type-simple"},"spectra_custom_meta":{"_uabb_version":["1.36.1"],"_edit_last":["1"],"_edit_lock":["1757656900:1"],"_thumbnail_id":["2841"],"wb_custom_tabs":["a:0:{}"],"total_sales":["0"],"_tax_status":["taxable"],"_tax_class":[""],"_manage_stock":["no"],"_backorders":["no"],"_sold_individually":["no"],"_virtual":["no"],"_downloadable":["no"],"_download_limit":["-1"],"_download_expiry":["-1"],"_stock":[null],"_stock_status":["instock"],"_wc_average_rating":["0"],"_wc_review_count":["0"],"_product_version":["9.6.2"],"_product_image_gallery":["2843,2840,2839,2842"],"site-sidebar-layout":["default"],"ast-site-content-layout":["default"],"site-content-style":["default"],"site-sidebar-style":["default"],"theme-transparent-header-meta":["default"],"astra-migrate-meta-layouts":["set"],"_uag_page_assets":["a:9:{s:3:\"css\";s:5318:\".uag-blocks-common-selector{z-index:var(--z-index-desktop) !important}@media (max-width: 976px){.uag-blocks-common-selector{z-index:var(--z-index-tablet) !important}}@media (max-width: 767px){.uag-blocks-common-selector{z-index:var(--z-index-mobile) !important}}\n.wp-block-uagb-faq{width:100%}.wp-block-uagb-faq.uagb-faq-layout-accordion .uagb-faq-child__outer-wrap .uagb-faq-questions-button{cursor:pointer}.wp-block-uagb-faq .uagb-faq-content{margin-bottom:0}.wp-block-uagb-faq .uagb-faq-content p{margin:auto}.uagb-faq-layout-grid.uagb-faq-equal-height.uagb-faq__wrap .uagb-faq-child__outer-wrap,.uagb-faq-layout-grid.uagb-faq-equal-height.uagb-faq__wrap .uagb-faq-item{height:100%}body[class*=\"astra\"] .uagb-faq-questions{line-height:normal}.uagb-faq-item{overflow:hidden}\n.wp-block-uagb-faq-child .uagb-faq-questions-button{display:flex;align-items:center}.wp-block-uagb-faq-child .uagb-faq-questions-button .uagb-faq-icon-wrap{display:flex;align-items:center}.wp-block-uagb-faq-child .uagb-faq-questions-button .uagb-question{width:100%;margin-top:0;margin-bottom:0}.wp-block-uagb-faq-child .uagb-icon svg,.wp-block-uagb-faq-child .uagb-icon-active svg{width:15px;height:15px;font-size:15px}.wp-block-uagb-faq-child.uagb-faq-child__outer-wrap.uagb-faq-item .uagb-icon-active,.wp-block-uagb-faq-child.uagb-faq-child__outer-wrap.uagb-faq-item.uagb-faq-item-active .uagb-icon,.wp-block-uagb-faq-child.uagb-faq-child__outer-wrap .uagb-faq-item .uagb-icon-active,.wp-block-uagb-faq-child.uagb-faq-child__outer-wrap .uagb-faq-item.uagb-faq-item-active .uagb-icon{display:none;width:0;padding:0;height:0;margin:0}.wp-block-uagb-faq-child.uagb-faq-child__outer-wrap.uagb-faq-item .uagb-icon,.wp-block-uagb-faq-child.uagb-faq-child__outer-wrap.uagb-faq-item.uagb-faq-item-active .uagb-icon-active,.wp-block-uagb-faq-child.uagb-faq-child__outer-wrap .uagb-faq-item .uagb-icon,.wp-block-uagb-faq-child.uagb-faq-child__outer-wrap .uagb-faq-item.uagb-faq-item-active .uagb-icon-active{display:flex;width:auto;height:auto}.uagb-faq-layout-grid .uagb-faq-child__outer-wrap.uagb-faq-item .uagb-icon,.uagb-faq-layout-grid .uagb-faq-child__outer-wrap.uagb-faq-item.uagb-faq-item-active .uagb-icon-active,.uagb-faq-layout-grid .uagb-faq-child__outer-wrap .uagb-faq-item .uagb-icon,.uagb-faq-layout-grid .uagb-faq-child__outer-wrap .uagb-faq-item.uagb-faq-item-active .uagb-icon-active{display:none}.uagb-faq-layout-grid .uagb-faq-child__outer-wrap.uagb-faq-item span.uagb-icon-active.uagb-faq-icon-wrap,.uagb-faq-layout-grid .uagb-faq-child__outer-wrap.uagb-faq-item.uagb-faq-item-active .uagb-icon-active,.uagb-faq-layout-grid .uagb-faq-child__outer-wrap .uagb-faq-item span.uagb-icon-active.uagb-faq-icon-wrap,.uagb-faq-layout-grid .uagb-faq-child__outer-wrap .uagb-faq-item.uagb-faq-item-active .uagb-icon-active{display:none}\n.uagb-block-55b5edaf .uagb-icon svg{width: 12px;height: 12px;font-size: 12px;}.uagb-block-55b5edaf .uagb-icon-active svg{width: 12px;height: 12px;font-size: 12px;}.uagb-block-55b5edaf .uagb-faq-child__outer-wrap{margin-bottom: 10px;}.uagb-block-55b5edaf .uagb-faq-item{border-top-width: 1px;border-left-width: 1px;border-right-width: 1px;border-bottom-width: 1px;border-top-left-radius: 2px;border-top-right-radius: 2px;border-bottom-left-radius: 2px;border-bottom-right-radius: 2px;border-color: #1e1e1e;border-style: solid;}.uagb-block-55b5edaf .uagb-faq-questions-button{padding-top: 10px;padding-bottom: 10px;padding-right: 10px;padding-left: 10px;}.uagb-block-55b5edaf .uagb-faq-content{padding-top: 10px;padding-bottom: 10px;padding-right: 10px;padding-left: 10px;}.uagb-block-55b5edaf .uagb-faq-content span{margin-top: 10px;margin-bottom: 10px;margin-right: 10px;margin-left: 10px;}.uagb-block-55b5edaf.uagb-faq-icon-row .uagb-faq-item .uagb-faq-icon-wrap{margin-right: 10px;}.uagb-block-55b5edaf.uagb-faq-icon-row-reverse .uagb-faq-item .uagb-faq-icon-wrap{margin-left: 10px;}.uagb-block-55b5edaf .uagb-faq-item .uagb-faq-questions-button.uagb-faq-questions{flex-direction: row;}.uagb-block-55b5edaf .wp-block-uagb-faq-child.uagb-faq-child__outer-wrap .uagb-faq-content {display: none;}@media only screen and (max-width: 976px) {.uagb-block-55b5edaf.uagb-faq-icon-row .uagb-faq-item .uagb-faq-icon-wrap{margin-right: 10px;}.uagb-block-55b5edaf.uagb-faq-icon-row-reverse .uagb-faq-item .uagb-faq-icon-wrap{margin-left: 10px;}.uagb-block-55b5edaf .uagb-faq-questions-button{padding-top: 10px;padding-bottom: 10px;padding-right: 10px;padding-left: 10px;}.uagb-block-55b5edaf .uagb-faq-content{padding-top: 10px;padding-bottom: 10px;padding-right: 10px;padding-left: 10px;}.uagb-block-55b5edaf .uagb-faq-content span{margin-top: 10px;margin-bottom: 10px;margin-right: 10px;margin-left: 10px;}}@media only screen and (max-width: 767px) {.uagb-block-55b5edaf.uagb-faq-icon-row .uagb-faq-item .uagb-faq-icon-wrap{margin-right: 10px;}.uagb-block-55b5edaf.uagb-faq-icon-row-reverse .uagb-faq-item .uagb-faq-icon-wrap{margin-left: 10px;}.uagb-block-55b5edaf .uagb-faq-questions-button{padding-top: 10px;padding-bottom: 10px;padding-right: 10px;padding-left: 10px;}.uagb-block-55b5edaf .uagb-faq-content{padding-top: 10px;padding-bottom: 10px;padding-right: 10px;padding-left: 10px;}.uagb-block-55b5edaf .uagb-faq-content span{margin-top: 10px;margin-bottom: 10px;margin-right: 10px;margin-left: 10px;}}\";s:2:\"js\";s:0:\"\";s:18:\"current_block_list\";a:10:{i:0;s:11:\"core\/search\";i:1;s:10:\"core\/group\";i:2;s:12:\"core\/heading\";i:3;s:17:\"core\/latest-posts\";i:4;s:20:\"core\/latest-comments\";i:5;s:13:\"core\/archives\";i:6;s:15:\"core\/categories\";i:7;s:14:\"core\/paragraph\";i:8;s:8:\"uagb\/faq\";i:9;s:14:\"uagb\/faq-child\";}s:8:\"uag_flag\";b:1;s:11:\"uag_version\";s:10:\"1775829763\";s:6:\"gfonts\";a:0:{}s:10:\"gfonts_url\";s:0:\"\";s:12:\"gfonts_files\";a:0:{}s:14:\"uag_faq_layout\";b:1;}"],"_uag_css_file_name":["uag-css-2838.css"]},"uagb_featured_image_src":{"full":["https:\/\/senyenergy.com\/wp-content\/uploads\/2025\/09\/Solar-Panel-Bird-Mesh-Guard-Kit-Factory.jpg",800,800,false],"thumbnail":["https:\/\/senyenergy.com\/wp-content\/uploads\/2025\/09\/Solar-Panel-Bird-Mesh-Guard-Kit-Factory-150x150.jpg",150,150,true],"medium":["https:\/\/senyenergy.com\/wp-content\/uploads\/2025\/09\/Solar-Panel-Bird-Mesh-Guard-Kit-Factory-300x300.jpg",300,300,true],"medium_large":["https:\/\/senyenergy.com\/wp-content\/uploads\/2025\/09\/Solar-Panel-Bird-Mesh-Guard-Kit-Factory-768x768.jpg",768,768,true],"large":["https:\/\/senyenergy.com\/wp-content\/uploads\/2025\/09\/Solar-Panel-Bird-Mesh-Guard-Kit-Factory.jpg",800,800,false],"1536x1536":["https:\/\/senyenergy.com\/wp-content\/uploads\/2025\/09\/Solar-Panel-Bird-Mesh-Guard-Kit-Factory.jpg",800,800,false],"2048x2048":["https:\/\/senyenergy.com\/wp-content\/uploads\/2025\/09\/Solar-Panel-Bird-Mesh-Guard-Kit-Factory.jpg",800,800,false],"trp-custom-language-flag":["https:\/\/senyenergy.com\/wp-content\/uploads\/2025\/09\/Solar-Panel-Bird-Mesh-Guard-Kit-Factory-12x12.jpg",12,12,true],"woocommerce_thumbnail":["https:\/\/senyenergy.com\/wp-content\/uploads\/2025\/09\/Solar-Panel-Bird-Mesh-Guard-Kit-Factory-300x300.jpg",300,300,true],"woocommerce_single":["https:\/\/senyenergy.com\/wp-content\/uploads\/2025\/09\/Solar-Panel-Bird-Mesh-Guard-Kit-Factory-600x600.jpg",600,600,true],"woocommerce_gallery_thumbnail":["https:\/\/senyenergy.com\/wp-content\/uploads\/2025\/09\/Solar-Panel-Bird-Mesh-Guard-Kit-Factory-100x100.jpg",100,100,true]},"uagb_author_info":{"display_name":"wp-admin","author_link":"https:\/\/senyenergy.com\/fr\/author\/"},"uagb_comment_info":0,"uagb_excerpt":"This Solar Panel Bird Mesh Guard Kit is constructed with galvanized steel wire welded into a grid and covered with PVC coating, ensuring robust durability, stability, and rust resistance. It serves as a protective barrier to prevent birds and other small animals. Suitable for various protective needs. Ideal for solar farm operators, residential installers, and\u2026","_links":{"self":[{"href":"https:\/\/senyenergy.com\/fr\/wp-json\/wp\/v2\/product\/2838","targetHints":{"allow":["GET"]}}],"collection":[{"href":"https:\/\/senyenergy.com\/fr\/wp-json\/wp\/v2\/product"}],"about":[{"href":"https:\/\/senyenergy.com\/fr\/wp-json\/wp\/v2\/types\/product"}],"wp:featuredmedia":[{"embeddable":true,"href":"https:\/\/senyenergy.com\/fr\/wp-json\/wp\/v2\/media\/2841"}],"wp:attachment":[{"href":"https:\/\/senyenergy.com\/fr\/wp-json\/wp\/v2\/media?parent=2838"}],"wp:term":[{"taxonomy":"product_brand","embeddable":true,"href":"https:\/\/senyenergy.com\/fr\/wp-json\/wp\/v2\/product_brand?post=2838"},{"taxonomy":"product_cat","embeddable":true,"href":"https:\/\/senyenergy.com\/fr\/wp-json\/wp\/v2\/product_cat?post=2838"},{"taxonomy":"product_tag","embeddable":true,"href":"https:\/\/senyenergy.com\/fr\/wp-json\/wp\/v2\/product_tag?post=2838"}],"curies":[{"name":"wp","href":"https:\/\/api.w.org\/{rel}","templated":true}]}}