{"id":2800,"date":"2025-08-14T15:57:17","date_gmt":"2025-08-14T07:57:17","guid":{"rendered":"https:\/\/senyenergy.com\/?post_type=product&#038;p=2800"},"modified":"2025-08-15T10:25:44","modified_gmt":"2025-08-15T02:25:44","slug":"vis-autoperceuses-a-tete-hexagonale-pour-montage-solaire","status":"publish","type":"product","link":"https:\/\/senyenergy.com\/fr\/produit\/vis-autoperceuses-a-tete-hexagonale-pour-montage-solaire\/","title":{"rendered":"Vis autoperceuses \u00e0 t\u00eate hexagonale pour montage solaire"},"content":{"rendered":"<p>Les<strong><b>\u00a0Vis autoperceuses<\/b><\/strong>\u00a0Les vis autotaraudeuses pour montage solaire sont principalement utilis\u00e9es pour fixer les supports de toit. Les vis de haute qualit\u00e9 sont utilis\u00e9es pour fixer les supports de toit lors de la fixation des panneaux solaires. Ces vis facilitent et acc\u00e9l\u00e8rent le montage.<\/p>\n<p>Les vis autoperceuses pour poutre en bois et poutre en acier sont des composants essentiels des syst\u00e8mes d'installation solaire, con\u00e7us pour assurer une connexion solide et fiable entre les supports d'installation, les poutres et d'autres \u00e9l\u00e9ments structurels.<\/p>\n<p>&nbsp;<\/p>\n<p>Les principaux \u00e9l\u00e9ments de la <strong><b>Vis autoperceuses \u00e0 t\u00eate de rondelle hexagonale<\/b><\/strong><\/p>\n<p>Rondelle \u00e0 t\u00eate hexagonale (HWH) :<\/p>\n<p>Application d'un couple \u00e9lev\u00e9 : L'entra\u00eenement hexagonal interne (6 lobes) permet d'appliquer un couple nettement plus \u00e9lev\u00e9 que les entra\u00eenements Phillips ou Torx. Cette caract\u00e9ristique est essentielle pour enfoncer la vis dans des chevrons \u00e9pais en acier ou en bois sans d\u00e9nuder l'entra\u00eenement.<\/p>\n<p>Rondelle int\u00e9gr\u00e9e : La rondelle int\u00e9gr\u00e9e offre une grande surface d'appui. Elle r\u00e9partit efficacement la force de serrage. Aide \u00e0 sceller le trou contre les infiltrations d'eau (ce qui est essentiel pour la long\u00e9vit\u00e9 du toit). Et emp\u00eache la t\u00eate de tirer \u00e0 travers les composants en t\u00f4le plus minces. Agit comme une rondelle de blocage contre le desserrage (en particulier avec la face inf\u00e9rieure dentel\u00e9e).<\/p>\n<p>Point d'auto-per\u00e7age : Aucun pr\u00e9-per\u00e7age n'est n\u00e9cessaire : La pointe agit comme une m\u00e8che, cr\u00e9ant son propre trou pilote dans le m\u00e9tal de base (g\u00e9n\u00e9ralement des pannes, des chevrons ou des rails en acier). Cela permet d'acc\u00e9l\u00e9rer consid\u00e9rablement l'installation et de r\u00e9duire les co\u00fbts de main-d'\u0153uvre.<\/p>\n<p>Mat\u00e9riaux : Acier au carbone galvanis\u00e9 ou acier inoxydable, garantissant leur solidit\u00e9 et leur r\u00e9sistance \u00e0 la corrosion.<\/p>\n<p>&nbsp;<\/p>\n<p>Nous red\u00e9finissons l'avenir des installations de panneaux solaires avec nos vis autoforeuses solaires innovantes. Ces vis remarquables sont con\u00e7ues pour percer sans effort diff\u00e9rents mat\u00e9riaux, ce qui en fait le meilleur choix pour s\u00e9curiser le mat\u00e9riel de montage des panneaux solaires. D\u00e9couvrez comment nos vis autoperceuses transforment l'industrie solaire.<\/p>\n<p>&nbsp;<\/p>\n<p><strong><b>Caract\u00e9ristiques des vis autoperceuses \u00e0 t\u00eate hexagonale pour montage solaire<\/b><\/strong><\/p>\n<ol>\n<li>Conception autoperceuse \u00e0 la pointe de la technologie :<\/li>\n<\/ol>\n<p>Nos vis solaires autoperceuses sont dot\u00e9es d'une conception de pointe qui \u00e9limine la n\u00e9cessit\u00e9 de pr\u00e9-percer des trous. En s'enfon\u00e7ant dans la surface, elles cr\u00e9ent leurs propres avant-trous pr\u00e9cis, ce qui r\u00e9duit le temps et les efforts d'installation.<\/p>\n<ol start=\"2\">\n<li>Compatibilit\u00e9 sup\u00e9rieure avec les mat\u00e9riaux :<\/li>\n<\/ol>\n<p>Ces vis sont con\u00e7ues pour exceller dans divers mat\u00e9riaux, notamment le m\u00e9tal, le bois et les surfaces composites. Que vous montiez des panneaux solaires sur des toits ou d'autres structures, nos vis offrent une polyvalence in\u00e9gal\u00e9e.<\/p>\n<ol start=\"3\">\n<li>Puissance de maintien in\u00e9gal\u00e9e :<\/li>\n<\/ol>\n<p>Faites l'exp\u00e9rience d'une fixation s\u00fbre de vos panneaux solaires. Nos vis autoperceuses offrent une force de maintien in\u00e9gal\u00e9e, garantissant que vos panneaux restent fermement en place, m\u00eame dans des conditions m\u00e9t\u00e9orologiques difficiles.<\/p>\n<ol start=\"4\">\n<li>Gamme compl\u00e8te :<\/li>\n<\/ol>\n<p>Faites votre choix parmi notre vaste gamme de vis solaires autoperceuses, con\u00e7ues pour r\u00e9pondre aux divers besoins de vos projets solaires. Que vous travailliez sur des installations r\u00e9sidentielles ou commerciales, nous avons la vis qu'il vous faut.<\/p>\n<ol start=\"5\">\n<li>Efficacit\u00e9 et pr\u00e9cision :<\/li>\n<\/ol>\n<p>Ces vis sont synonymes d'efficacit\u00e9 et de pr\u00e9cision. Sans pr\u00e9-per\u00e7age fastidieux, vous pouvez r\u00e9aliser des installations plus rapidement, en r\u00e9duisant les co\u00fbts de main d'\u0153uvre et les d\u00e9lais du projet.<\/p>\n<ol start=\"6\">\n<li>La durabilit\u00e9 rencontre le d\u00e9veloppement durable :<\/li>\n<\/ol>\n<p>Nous nous engageons en faveur de la durabilit\u00e9 et nos vis refl\u00e8tent cet engagement. Fabriqu\u00e9es \u00e0 partir de mat\u00e9riaux de haute qualit\u00e9 et r\u00e9sistants \u00e0 la corrosion, elles sont con\u00e7ues pour r\u00e9sister \u00e0 l'\u00e9preuve du temps, contribuant ainsi \u00e0 la long\u00e9vit\u00e9 de vos installations solaires.<\/p>\n<p>&nbsp;<\/p>\n<p>Les <strong><b>Vis autoperceuses<\/b><\/strong>\u00a0pour les poutres en bois et les poutres en acier sont normalement utilis\u00e9es par nos clients pour toutes sortes de toits, tels que les toits en tuiles, les toits en t\u00f4le, les toits m\u00e9talliques trap\u00e9zo\u00efdaux, etc.<\/p>\n<p>&nbsp;<\/p>\n<p>Les professionnels de l'industrie solaire font confiance \u00e0 notre\u00a0<strong><b>Vis autoperceuses<\/b><\/strong>\u00a0pour leur qualit\u00e9 et leur fiabilit\u00e9 in\u00e9gal\u00e9es. Rejoignez les rangs des clients satisfaits qui font confiance \u00e0 nos vis pour mener \u00e0 bien leurs projets solaires.<\/p>\n<p>&nbsp;<\/p>","protected":false},"excerpt":{"rendered":"<p>Les <strong><b>Vis autoperceuses<\/b><\/strong>\u00a0pour les poutres en bois et les poutres en acier sont normalement utilis\u00e9es par nos clients pour toutes sortes de toits, tels que les toits en tuiles, les toits en t\u00f4le, les toits m\u00e9talliques trap\u00e9zo\u00efdaux, etc. Les sp\u00e9cifications des vis autoperceuses peuvent \u00eatre personnalis\u00e9es.<\/p>\n<div class=\"wp-block-button popmake-1937\"><a class=\"wp-block-button__link wp-element-button\">v\u00e9rification des prix<\/a><\/div>","protected":false},"featured_media":2801,"template":"","meta":{"_uag_custom_page_level_css":"","site-sidebar-layout":"default","site-content-layout":"","ast-site-content-layout":"default","site-content-style":"default","site-sidebar-style":"default","ast-global-header-display":"","ast-banner-title-visibility":"","ast-main-header-display":"","ast-hfb-above-header-display":"","ast-hfb-below-header-display":"","ast-hfb-mobile-header-display":"","site-post-title":"","ast-breadcrumbs-content":"","ast-featured-img":"","footer-sml-layout":"","ast-disable-related-posts":"","theme-transparent-header-meta":"default","adv-header-id-meta":"","stick-header-meta":"","header-above-stick-meta":"","header-main-stick-meta":"","header-below-stick-meta":"","astra-migrate-meta-layouts":"set","ast-page-background-enabled":"default","ast-page-background-meta":{"desktop":{"background-color":"","background-image":"","background-repeat":"repeat","background-position":"center center","background-size":"auto","background-attachment":"scroll","background-type":"","background-media":"","overlay-type":"","overlay-color":"","overlay-opacity":"","overlay-gradient":""},"tablet":{"background-color":"","background-image":"","background-repeat":"repeat","background-position":"center center","background-size":"auto","background-attachment":"scroll","background-type":"","background-media":"","overlay-type":"","overlay-color":"","overlay-opacity":"","overlay-gradient":""},"mobile":{"background-color":"","background-image":"","background-repeat":"repeat","background-position":"center center","background-size":"auto","background-attachment":"scroll","background-type":"","background-media":"","overlay-type":"","overlay-color":"","overlay-opacity":"","overlay-gradient":""}},"ast-content-background-meta":{"desktop":{"background-color":"var(--ast-global-color-5)","background-image":"","background-repeat":"repeat","background-position":"center center","background-size":"auto","background-attachment":"scroll","background-type":"","background-media":"","overlay-type":"","overlay-color":"","overlay-opacity":"","overlay-gradient":""},"tablet":{"background-color":"var(--ast-global-color-5)","background-image":"","background-repeat":"repeat","background-position":"center center","background-size":"auto","background-attachment":"scroll","background-type":"","background-media":"","overlay-type":"","overlay-color":"","overlay-opacity":"","overlay-gradient":""},"mobile":{"background-color":"var(--ast-global-color-5)","background-image":"","background-repeat":"repeat","background-position":"center center","background-size":"auto","background-attachment":"scroll","background-type":"","background-media":"","overlay-type":"","overlay-color":"","overlay-opacity":"","overlay-gradient":""}}},"product_brand":[],"product_cat":[25,23],"product_tag":[297,295,298,292,293,294,296],"class_list":{"0":"post-2800","1":"product","2":"type-product","3":"status-publish","4":"has-post-thumbnail","6":"product_cat-excellent","7":"product_cat-solar-accessories","8":"product_tag-drywall-screw","9":"product_tag-metal-screws","10":"product_tag-roofing-screws","11":"product_tag-self-drilling-screws","12":"product_tag-self-tapping-screws","13":"product_tag-solar-screws","14":"product_tag-wood-screws","15":"desktop-align-left","16":"tablet-align-left","17":"mobile-align-left","19":"first","20":"instock","21":"shipping-taxable","22":"product-type-simple"},"spectra_custom_meta":{"_uabb_version":["1.36.1"],"_edit_last":["1"],"_edit_lock":["1755224744:1"],"_thumbnail_id":["2801"],"wb_custom_tabs":["a:0:{}"],"total_sales":["0"],"_tax_status":["taxable"],"_tax_class":[""],"_manage_stock":["no"],"_backorders":["no"],"_sold_individually":["no"],"_virtual":["no"],"_downloadable":["no"],"_download_limit":["-1"],"_download_expiry":["-1"],"_stock":[null],"_stock_status":["instock"],"_wc_average_rating":["0"],"_wc_review_count":["0"],"_product_version":["9.6.2"],"_product_image_gallery":["2802,2803,2804,2805"],"site-sidebar-layout":["default"],"ast-site-content-layout":["default"],"site-content-style":["default"],"site-sidebar-style":["default"],"theme-transparent-header-meta":["default"],"astra-migrate-meta-layouts":["set"],"_uag_page_assets":["a:9:{s:3:\"css\";s:5318:\".uag-blocks-common-selector{z-index:var(--z-index-desktop) !important}@media (max-width: 976px){.uag-blocks-common-selector{z-index:var(--z-index-tablet) !important}}@media (max-width: 767px){.uag-blocks-common-selector{z-index:var(--z-index-mobile) !important}}\n.wp-block-uagb-faq{width:100%}.wp-block-uagb-faq.uagb-faq-layout-accordion .uagb-faq-child__outer-wrap .uagb-faq-questions-button{cursor:pointer}.wp-block-uagb-faq .uagb-faq-content{margin-bottom:0}.wp-block-uagb-faq .uagb-faq-content p{margin:auto}.uagb-faq-layout-grid.uagb-faq-equal-height.uagb-faq__wrap .uagb-faq-child__outer-wrap,.uagb-faq-layout-grid.uagb-faq-equal-height.uagb-faq__wrap .uagb-faq-item{height:100%}body[class*=\"astra\"] .uagb-faq-questions{line-height:normal}.uagb-faq-item{overflow:hidden}\n.wp-block-uagb-faq-child .uagb-faq-questions-button{display:flex;align-items:center}.wp-block-uagb-faq-child .uagb-faq-questions-button .uagb-faq-icon-wrap{display:flex;align-items:center}.wp-block-uagb-faq-child .uagb-faq-questions-button .uagb-question{width:100%;margin-top:0;margin-bottom:0}.wp-block-uagb-faq-child .uagb-icon svg,.wp-block-uagb-faq-child .uagb-icon-active svg{width:15px;height:15px;font-size:15px}.wp-block-uagb-faq-child.uagb-faq-child__outer-wrap.uagb-faq-item .uagb-icon-active,.wp-block-uagb-faq-child.uagb-faq-child__outer-wrap.uagb-faq-item.uagb-faq-item-active .uagb-icon,.wp-block-uagb-faq-child.uagb-faq-child__outer-wrap .uagb-faq-item .uagb-icon-active,.wp-block-uagb-faq-child.uagb-faq-child__outer-wrap .uagb-faq-item.uagb-faq-item-active .uagb-icon{display:none;width:0;padding:0;height:0;margin:0}.wp-block-uagb-faq-child.uagb-faq-child__outer-wrap.uagb-faq-item .uagb-icon,.wp-block-uagb-faq-child.uagb-faq-child__outer-wrap.uagb-faq-item.uagb-faq-item-active .uagb-icon-active,.wp-block-uagb-faq-child.uagb-faq-child__outer-wrap .uagb-faq-item .uagb-icon,.wp-block-uagb-faq-child.uagb-faq-child__outer-wrap .uagb-faq-item.uagb-faq-item-active .uagb-icon-active{display:flex;width:auto;height:auto}.uagb-faq-layout-grid .uagb-faq-child__outer-wrap.uagb-faq-item .uagb-icon,.uagb-faq-layout-grid .uagb-faq-child__outer-wrap.uagb-faq-item.uagb-faq-item-active .uagb-icon-active,.uagb-faq-layout-grid .uagb-faq-child__outer-wrap .uagb-faq-item .uagb-icon,.uagb-faq-layout-grid .uagb-faq-child__outer-wrap .uagb-faq-item.uagb-faq-item-active .uagb-icon-active{display:none}.uagb-faq-layout-grid .uagb-faq-child__outer-wrap.uagb-faq-item span.uagb-icon-active.uagb-faq-icon-wrap,.uagb-faq-layout-grid .uagb-faq-child__outer-wrap.uagb-faq-item.uagb-faq-item-active .uagb-icon-active,.uagb-faq-layout-grid .uagb-faq-child__outer-wrap .uagb-faq-item span.uagb-icon-active.uagb-faq-icon-wrap,.uagb-faq-layout-grid .uagb-faq-child__outer-wrap .uagb-faq-item.uagb-faq-item-active .uagb-icon-active{display:none}\n.uagb-block-55b5edaf .uagb-icon svg{width: 12px;height: 12px;font-size: 12px;}.uagb-block-55b5edaf .uagb-icon-active svg{width: 12px;height: 12px;font-size: 12px;}.uagb-block-55b5edaf .uagb-faq-child__outer-wrap{margin-bottom: 10px;}.uagb-block-55b5edaf .uagb-faq-item{border-top-width: 1px;border-left-width: 1px;border-right-width: 1px;border-bottom-width: 1px;border-top-left-radius: 2px;border-top-right-radius: 2px;border-bottom-left-radius: 2px;border-bottom-right-radius: 2px;border-color: #1e1e1e;border-style: solid;}.uagb-block-55b5edaf .uagb-faq-questions-button{padding-top: 10px;padding-bottom: 10px;padding-right: 10px;padding-left: 10px;}.uagb-block-55b5edaf .uagb-faq-content{padding-top: 10px;padding-bottom: 10px;padding-right: 10px;padding-left: 10px;}.uagb-block-55b5edaf .uagb-faq-content span{margin-top: 10px;margin-bottom: 10px;margin-right: 10px;margin-left: 10px;}.uagb-block-55b5edaf.uagb-faq-icon-row .uagb-faq-item .uagb-faq-icon-wrap{margin-right: 10px;}.uagb-block-55b5edaf.uagb-faq-icon-row-reverse .uagb-faq-item .uagb-faq-icon-wrap{margin-left: 10px;}.uagb-block-55b5edaf .uagb-faq-item .uagb-faq-questions-button.uagb-faq-questions{flex-direction: row;}.uagb-block-55b5edaf .wp-block-uagb-faq-child.uagb-faq-child__outer-wrap .uagb-faq-content {display: none;}@media only screen and (max-width: 976px) {.uagb-block-55b5edaf.uagb-faq-icon-row .uagb-faq-item .uagb-faq-icon-wrap{margin-right: 10px;}.uagb-block-55b5edaf.uagb-faq-icon-row-reverse .uagb-faq-item .uagb-faq-icon-wrap{margin-left: 10px;}.uagb-block-55b5edaf .uagb-faq-questions-button{padding-top: 10px;padding-bottom: 10px;padding-right: 10px;padding-left: 10px;}.uagb-block-55b5edaf .uagb-faq-content{padding-top: 10px;padding-bottom: 10px;padding-right: 10px;padding-left: 10px;}.uagb-block-55b5edaf .uagb-faq-content span{margin-top: 10px;margin-bottom: 10px;margin-right: 10px;margin-left: 10px;}}@media only screen and (max-width: 767px) {.uagb-block-55b5edaf.uagb-faq-icon-row .uagb-faq-item .uagb-faq-icon-wrap{margin-right: 10px;}.uagb-block-55b5edaf.uagb-faq-icon-row-reverse .uagb-faq-item .uagb-faq-icon-wrap{margin-left: 10px;}.uagb-block-55b5edaf .uagb-faq-questions-button{padding-top: 10px;padding-bottom: 10px;padding-right: 10px;padding-left: 10px;}.uagb-block-55b5edaf .uagb-faq-content{padding-top: 10px;padding-bottom: 10px;padding-right: 10px;padding-left: 10px;}.uagb-block-55b5edaf .uagb-faq-content span{margin-top: 10px;margin-bottom: 10px;margin-right: 10px;margin-left: 10px;}}\";s:2:\"js\";s:0:\"\";s:18:\"current_block_list\";a:10:{i:0;s:11:\"core\/search\";i:1;s:10:\"core\/group\";i:2;s:12:\"core\/heading\";i:3;s:17:\"core\/latest-posts\";i:4;s:20:\"core\/latest-comments\";i:5;s:13:\"core\/archives\";i:6;s:15:\"core\/categories\";i:7;s:14:\"core\/paragraph\";i:8;s:8:\"uagb\/faq\";i:9;s:14:\"uagb\/faq-child\";}s:8:\"uag_flag\";b:1;s:11:\"uag_version\";s:10:\"1775829763\";s:6:\"gfonts\";a:0:{}s:10:\"gfonts_url\";s:0:\"\";s:12:\"gfonts_files\";a:0:{}s:14:\"uag_faq_layout\";b:1;}"],"_uag_css_file_name":["uag-css-2800.css"]},"uagb_featured_image_src":{"full":["https:\/\/senyenergy.com\/wp-content\/uploads\/2025\/08\/stainless-steel-Self-Drilling-Screws-for-solar-system.jpg",800,800,false],"thumbnail":["https:\/\/senyenergy.com\/wp-content\/uploads\/2025\/08\/stainless-steel-Self-Drilling-Screws-for-solar-system-150x150.jpg",150,150,true],"medium":["https:\/\/senyenergy.com\/wp-content\/uploads\/2025\/08\/stainless-steel-Self-Drilling-Screws-for-solar-system-300x300.jpg",300,300,true],"medium_large":["https:\/\/senyenergy.com\/wp-content\/uploads\/2025\/08\/stainless-steel-Self-Drilling-Screws-for-solar-system-768x768.jpg",768,768,true],"large":["https:\/\/senyenergy.com\/wp-content\/uploads\/2025\/08\/stainless-steel-Self-Drilling-Screws-for-solar-system.jpg",800,800,false],"1536x1536":["https:\/\/senyenergy.com\/wp-content\/uploads\/2025\/08\/stainless-steel-Self-Drilling-Screws-for-solar-system.jpg",800,800,false],"2048x2048":["https:\/\/senyenergy.com\/wp-content\/uploads\/2025\/08\/stainless-steel-Self-Drilling-Screws-for-solar-system.jpg",800,800,false],"trp-custom-language-flag":["https:\/\/senyenergy.com\/wp-content\/uploads\/2025\/08\/stainless-steel-Self-Drilling-Screws-for-solar-system-12x12.jpg",12,12,true],"woocommerce_thumbnail":["https:\/\/senyenergy.com\/wp-content\/uploads\/2025\/08\/stainless-steel-Self-Drilling-Screws-for-solar-system-300x300.jpg",300,300,true],"woocommerce_single":["https:\/\/senyenergy.com\/wp-content\/uploads\/2025\/08\/stainless-steel-Self-Drilling-Screws-for-solar-system-600x600.jpg",600,600,true],"woocommerce_gallery_thumbnail":["https:\/\/senyenergy.com\/wp-content\/uploads\/2025\/08\/stainless-steel-Self-Drilling-Screws-for-solar-system-100x100.jpg",100,100,true]},"uagb_author_info":{"display_name":"wp-admin","author_link":"https:\/\/senyenergy.com\/fr\/author\/"},"uagb_comment_info":0,"uagb_excerpt":"The Self-Drilling Screws\u00a0for wooden beams and steel beams are normally used by our customers for all kinds of roofs, such as tile roof, metal tin roof, trapezoidal metal roofs and etc. The specifications of Self-Drilling Screws can be customized. price check","_links":{"self":[{"href":"https:\/\/senyenergy.com\/fr\/wp-json\/wp\/v2\/product\/2800","targetHints":{"allow":["GET"]}}],"collection":[{"href":"https:\/\/senyenergy.com\/fr\/wp-json\/wp\/v2\/product"}],"about":[{"href":"https:\/\/senyenergy.com\/fr\/wp-json\/wp\/v2\/types\/product"}],"wp:featuredmedia":[{"embeddable":true,"href":"https:\/\/senyenergy.com\/fr\/wp-json\/wp\/v2\/media\/2801"}],"wp:attachment":[{"href":"https:\/\/senyenergy.com\/fr\/wp-json\/wp\/v2\/media?parent=2800"}],"wp:term":[{"taxonomy":"product_brand","embeddable":true,"href":"https:\/\/senyenergy.com\/fr\/wp-json\/wp\/v2\/product_brand?post=2800"},{"taxonomy":"product_cat","embeddable":true,"href":"https:\/\/senyenergy.com\/fr\/wp-json\/wp\/v2\/product_cat?post=2800"},{"taxonomy":"product_tag","embeddable":true,"href":"https:\/\/senyenergy.com\/fr\/wp-json\/wp\/v2\/product_tag?post=2800"}],"curies":[{"name":"wp","href":"https:\/\/api.w.org\/{rel}","templated":true}]}}