{"id":2658,"date":"2025-07-08T15:43:40","date_gmt":"2025-07-08T07:43:40","guid":{"rendered":"https:\/\/senyenergy.com\/?post_type=product&#038;p=2658"},"modified":"2025-07-13T12:10:53","modified_gmt":"2025-07-13T04:10:53","slug":"pince-solaire-moyenne-en-aluminium-pour-module-solaire-30mm-35mm","status":"publish","type":"product","link":"https:\/\/senyenergy.com\/fr\/produit\/pince-solaire-moyenne-en-aluminium-pour-module-solaire-30mm-35mm\/","title":{"rendered":"Collier de serrage en aluminium pour module solaire 30mm \/35mm"},"content":{"rendered":"<p><strong><b>Aluminium S<\/b><\/strong><strong><b>olar <\/b><\/strong><strong><b>M<\/b><\/strong><strong><b>id <\/b><\/strong><strong><b>C<\/b><\/strong><strong><b>lampe<\/b><\/strong>\u00a0est un composant essentiel utilis\u00e9 pour fixer les panneaux solaires aux rails de montage dans les installations solaires. Ces pinces assurent une connexion fiable, garantissant que les panneaux solaires restent stables et correctement align\u00e9s. La pince interm\u00e9diaire, \u00e9galement connue sous le nom de pince m\u00e9diane, est utilis\u00e9e pour fixer les panneaux solaires entre deux modules solaires. Elle est assembl\u00e9e \u00e0 l'aide de boulons et d'\u00e9crous et fix\u00e9e au rail pour prot\u00e9ger fermement les panneaux du vent et de toute autre secousse. La pince interm\u00e9diaire est fabriqu\u00e9e en aluminium 6005 T5 anodis\u00e9 et est compatible avec les panneaux solaires de 30 \u00e0 50 mm.<\/p>\n<p>&nbsp;<\/p>\n<p>Fabriqu\u00e9e en aluminium anodis\u00e9 r\u00e9sistant \u00e0 la corrosion, la pince est l\u00e9g\u00e8re, r\u00e9sistante aux intemp\u00e9ries et con\u00e7ue pour supporter les charges dynamiques et les conditions environnementales rencontr\u00e9es. Elle est id\u00e9ale pour les installateurs qui ont besoin d'une fixation rapide et reproductible des panneaux avec une fiabilit\u00e9 \u00e0 long terme.<\/p>\n<p>&nbsp;<\/p>\n<p>Notre <strong><b>Aluminium S<\/b><\/strong><strong><b>olar <\/b><\/strong><strong><b>M<\/b><\/strong><strong><b>id <\/b><\/strong><strong><b>C<\/b><\/strong><strong><b>lampe<\/b><\/strong>\u00a0Le panneau solaire est fabriqu\u00e9 en aluminium anodis\u00e9 extrud\u00e9, ce qui lui conf\u00e8re une bonne protection contre la rouille et la corrosion. Le collier de serrage interm\u00e9diaire est normalement anodis\u00e9 en surface. Nous pouvons \u00e9galement anodiser la surface en noir pour l'adapter aux panneaux solaires \u00e0 cadre noir. Il peut \u00e9galement \u00eatre usin\u00e9 \u00e0 la demande du client. Nous proposons des produits argent\u00e9s et noirs pour votre choix ou personnalis\u00e9s pour r\u00e9pondre \u00e0 vos demandes. Notre usine fournit diff\u00e9rentes s\u00e9ries de pinces interm\u00e9diaires, y compris 30\/35\/40\/45\/50mm et plus pour s'adapter aux panneaux solaires. Le collier de serrage interm\u00e9diaire en aluminium pour panneaux solaires est assorti d'une vis \u00e0 t\u00eate creuse, d'une rondelle plate, d'une rondelle \u00e9lastique et d'un \u00e9crou coulissant. Elle peut \u00e9galement \u00eatre \u00e9quip\u00e9e d'un clip de mise \u00e0 la terre pour la fixer dans le rail de montage afin d'atteindre la proposition de mise \u00e0 la terre. Nous sommes tr\u00e8s attentifs \u00e0 la qualit\u00e9 de nos colliers de serrage et nous offrons la m\u00eame garantie que pour nos autres produits.<\/p>\n<p>&nbsp;<\/p>\n<p>Caract\u00e9ristiques <strong><b>Aluminium S<\/b><\/strong><strong><b>olar <\/b><\/strong><strong><b>M<\/b><\/strong><strong><b>id <\/b><\/strong><strong><b>C<\/b><\/strong><strong><b>lampe<\/b><\/strong>\u00a0pour les panneaux solaires :<\/p>\n<ol>\n<li>Installation simple et facile ;<\/li>\n<li>Haut pr\u00e9-assembl\u00e9 en usine ;<\/li>\n<li>Haute r\u00e9sistance \u00e0 la corrosion, longue dur\u00e9e de vie ;<\/li>\n<li>Bonne qualit\u00e9 et haute r\u00e9sistance ;<\/li>\n<li>\u00catre de diff\u00e9rentes tailles pour s'adapter aux panneaux solaires ;<\/li>\n<li>Tr\u00e8s rentable et prix d'usine ;<\/li>\n<\/ol>\n<p>&nbsp;<\/p>\n<p>Composants de cet aluminium <strong><b>Aluminium S<\/b><\/strong><strong><b>olar <\/b><\/strong><strong><b>M<\/b><\/strong><strong><b>id <\/b><\/strong><strong><b>C<\/b><\/strong><strong><b>lampe<\/b><\/strong><\/p>\n<p>Il est livr\u00e9 avec une base de montage en aluminium, un boulon hexagonal en acier inoxydable et un module Senyang T. Il peut \u00eatre fourni avec un \u00e9crou personnalis\u00e9.<\/p>\n<p>et le boulon, le cas \u00e9ch\u00e9ant.<\/p>\n<p>&nbsp;<\/p>\n<p>Sp\u00e9cification de cette <strong><b>Aluminium S<\/b><\/strong><strong><b>olar <\/b><\/strong><strong><b>M<\/b><\/strong><strong><b>id <\/b><\/strong><strong><b>C<\/b><\/strong><strong><b>lampe<\/b><\/strong><\/p>\n<p>- Longueur standard de la pince : 40mm, autres dimensions personnalis\u00e9es : 40 \/ 50 \/60 \/80... disponibles<\/p>\n<p>- Boulons \u00e0 vis : M8\u00d7450mm,M8\u00d745mm,M8\u00d750mm,M8\u00d755mm,M8\u00d760mm,M8\u00d765mm\u2026<\/p>\n<p>- Traitement de surface : Anodis\u00e9 ;<\/p>\n<p>- Couleur : argent \/ noir ...<\/p>\n<p>&nbsp;<\/p>\n<p><strong><b>S<\/b><\/strong><strong><b>olar <\/b><\/strong><strong><b>M<\/b><\/strong><strong><b>id <\/b><\/strong><strong><b>C<\/b><\/strong><strong><b>lampe<\/b><\/strong> Il peut \u00e9galement \u00eatre \u00e9quip\u00e9 d'un clip de mise \u00e0 la terre \u00e0 fixer sur le rail de montage pour atteindre l'objectif de mise \u00e0 la terre, pour plus d'informations sur la mise \u00e0 la terre, veuillez cliquer ici.<\/p>\n<p>se r\u00e9f\u00e9rer au montage solaire Syst\u00e8mes de mise \u00e0 la terre<\/p>\n<p>&nbsp;<\/p>\n<p>SENYANG propose des pinces interm\u00e9diaires et finales pour films minces ou \u00e0 cadre, fixes ou r\u00e9glables. Et con\u00e7oit diff\u00e9rents <strong><b>Aluminium S<\/b><\/strong><strong><b>olar <\/b><\/strong><strong><b>M<\/b><\/strong><strong><b>id <\/b><\/strong><strong><b>C<\/b><\/strong><strong><b>lampe<\/b><\/strong>\u00a0Pour des rails diff\u00e9rents, n'h\u00e9sitez pas \u00e0 nous contacter pour des pinces interm\u00e9diaires personnalis\u00e9es, nous offrons un service OEM !<\/p>\n<p>&nbsp;<\/p>","protected":false},"excerpt":{"rendered":"<p>Notre aluminium <strong><b>S<\/b><\/strong><strong><b>olar <\/b><\/strong><strong><b>M<\/b><\/strong><strong><b>id <\/b><\/strong><strong><b>C<\/b><\/strong><strong><b>lampe<\/b><\/strong>\u00a0Le panneau solaire est fabriqu\u00e9 en aluminium extrud\u00e9 anodis\u00e9, qui r\u00e9siste bien \u00e0 la rouille et \u00e0 la corrosion. Nous pouvons \u00e9galement anodiser la surface en noir pour l'adapter aux panneaux solaires \u00e0 cadre noir. Il peut \u00e9galement \u00eatre usin\u00e9 \u00e0 la demande du client. Nous proposons des produits argent\u00e9s et noirs pour votre choix ou personnalis\u00e9s pour r\u00e9pondre \u00e0 vos demandes. Notre usine fournit diff\u00e9rentes s\u00e9ries de pinces interm\u00e9diaires, y compris 30\/35\/40\/45\/50mm et plus pour s'adapter aux panneaux solaires. Le collier de serrage interm\u00e9diaire en aluminium pour panneaux solaires est assorti d'une vis \u00e0 t\u00eate creuse, d'une rondelle plate, d'une rondelle \u00e9lastique et d'un \u00e9crou coulissant. Elle peut \u00e9galement \u00eatre \u00e9quip\u00e9e d'un clip de mise \u00e0 la terre pour la fixer dans le rail de montage afin d'atteindre la proposition de mise \u00e0 la terre. Nous sommes tr\u00e8s attentifs \u00e0 la qualit\u00e9 de nos colliers de serrage et nous offrons la m\u00eame garantie que pour nos autres produits.<\/p>\n<div class=\"wp-block-button popmake-1937\"><a class=\"wp-block-button__link wp-element-button\">v\u00e9rification des prix<\/a><\/div>","protected":false},"featured_media":2663,"template":"","meta":{"_uag_custom_page_level_css":"","site-sidebar-layout":"default","site-content-layout":"","ast-site-content-layout":"default","site-content-style":"default","site-sidebar-style":"default","ast-global-header-display":"","ast-banner-title-visibility":"","ast-main-header-display":"","ast-hfb-above-header-display":"","ast-hfb-below-header-display":"","ast-hfb-mobile-header-display":"","site-post-title":"","ast-breadcrumbs-content":"","ast-featured-img":"","footer-sml-layout":"","ast-disable-related-posts":"","theme-transparent-header-meta":"default","adv-header-id-meta":"","stick-header-meta":"","header-above-stick-meta":"","header-main-stick-meta":"","header-below-stick-meta":"","astra-migrate-meta-layouts":"set","ast-page-background-enabled":"default","ast-page-background-meta":{"desktop":{"background-color":"","background-image":"","background-repeat":"repeat","background-position":"center center","background-size":"auto","background-attachment":"scroll","background-type":"","background-media":"","overlay-type":"","overlay-color":"","overlay-opacity":"","overlay-gradient":""},"tablet":{"background-color":"","background-image":"","background-repeat":"repeat","background-position":"center center","background-size":"auto","background-attachment":"scroll","background-type":"","background-media":"","overlay-type":"","overlay-color":"","overlay-opacity":"","overlay-gradient":""},"mobile":{"background-color":"","background-image":"","background-repeat":"repeat","background-position":"center center","background-size":"auto","background-attachment":"scroll","background-type":"","background-media":"","overlay-type":"","overlay-color":"","overlay-opacity":"","overlay-gradient":""}},"ast-content-background-meta":{"desktop":{"background-color":"var(--ast-global-color-5)","background-image":"","background-repeat":"repeat","background-position":"center center","background-size":"auto","background-attachment":"scroll","background-type":"","background-media":"","overlay-type":"","overlay-color":"","overlay-opacity":"","overlay-gradient":""},"tablet":{"background-color":"var(--ast-global-color-5)","background-image":"","background-repeat":"repeat","background-position":"center center","background-size":"auto","background-attachment":"scroll","background-type":"","background-media":"","overlay-type":"","overlay-color":"","overlay-opacity":"","overlay-gradient":""},"mobile":{"background-color":"var(--ast-global-color-5)","background-image":"","background-repeat":"repeat","background-position":"center center","background-size":"auto","background-attachment":"scroll","background-type":"","background-media":"","overlay-type":"","overlay-color":"","overlay-opacity":"","overlay-gradient":""}}},"product_brand":[],"product_cat":[25,23,132,33],"product_tag":[238,240,58,239],"class_list":{"0":"post-2658","1":"product","2":"type-product","3":"status-publish","4":"has-post-thumbnail","6":"product_cat-excellent","7":"product_cat-solar-accessories","8":"product_cat-solar-mounting-components","9":"product_cat-solar-panel-accessories","10":"product_tag-mid-clamp","11":"product_tag-solar-inter-clamp","12":"product_tag-solar-mid-clamp","13":"product_tag-solar-middle-clamp","14":"desktop-align-left","15":"tablet-align-left","16":"mobile-align-left","18":"first","19":"instock","20":"shipping-taxable","21":"product-type-simple"},"spectra_custom_meta":{"_uabb_version":["1.36.1"],"_edit_last":["1"],"_edit_lock":["1752484926:1"],"_thumbnail_id":["2663"],"total_sales":["0"],"_tax_status":["taxable"],"_tax_class":[""],"_manage_stock":["no"],"_backorders":["no"],"_sold_individually":["no"],"_virtual":["no"],"_downloadable":["no"],"_download_limit":["-1"],"_download_expiry":["-1"],"_stock":[null],"_stock_status":["instock"],"_wc_average_rating":["0"],"_wc_review_count":["0"],"_product_version":["9.6.2"],"_product_image_gallery":["2662,2660,2661,2659"],"site-sidebar-layout":["default"],"ast-site-content-layout":["default"],"site-content-style":["default"],"site-sidebar-style":["default"],"theme-transparent-header-meta":["default"],"astra-migrate-meta-layouts":["set"],"_uag_page_assets":["a:9:{s:3:\"css\";s:5318:\".uag-blocks-common-selector{z-index:var(--z-index-desktop) !important}@media (max-width: 976px){.uag-blocks-common-selector{z-index:var(--z-index-tablet) !important}}@media (max-width: 767px){.uag-blocks-common-selector{z-index:var(--z-index-mobile) !important}}\n.wp-block-uagb-faq{width:100%}.wp-block-uagb-faq.uagb-faq-layout-accordion .uagb-faq-child__outer-wrap .uagb-faq-questions-button{cursor:pointer}.wp-block-uagb-faq .uagb-faq-content{margin-bottom:0}.wp-block-uagb-faq .uagb-faq-content p{margin:auto}.uagb-faq-layout-grid.uagb-faq-equal-height.uagb-faq__wrap .uagb-faq-child__outer-wrap,.uagb-faq-layout-grid.uagb-faq-equal-height.uagb-faq__wrap .uagb-faq-item{height:100%}body[class*=\"astra\"] .uagb-faq-questions{line-height:normal}.uagb-faq-item{overflow:hidden}\n.wp-block-uagb-faq-child .uagb-faq-questions-button{display:flex;align-items:center}.wp-block-uagb-faq-child .uagb-faq-questions-button .uagb-faq-icon-wrap{display:flex;align-items:center}.wp-block-uagb-faq-child .uagb-faq-questions-button .uagb-question{width:100%;margin-top:0;margin-bottom:0}.wp-block-uagb-faq-child .uagb-icon svg,.wp-block-uagb-faq-child .uagb-icon-active svg{width:15px;height:15px;font-size:15px}.wp-block-uagb-faq-child.uagb-faq-child__outer-wrap.uagb-faq-item .uagb-icon-active,.wp-block-uagb-faq-child.uagb-faq-child__outer-wrap.uagb-faq-item.uagb-faq-item-active .uagb-icon,.wp-block-uagb-faq-child.uagb-faq-child__outer-wrap .uagb-faq-item .uagb-icon-active,.wp-block-uagb-faq-child.uagb-faq-child__outer-wrap .uagb-faq-item.uagb-faq-item-active .uagb-icon{display:none;width:0;padding:0;height:0;margin:0}.wp-block-uagb-faq-child.uagb-faq-child__outer-wrap.uagb-faq-item .uagb-icon,.wp-block-uagb-faq-child.uagb-faq-child__outer-wrap.uagb-faq-item.uagb-faq-item-active .uagb-icon-active,.wp-block-uagb-faq-child.uagb-faq-child__outer-wrap .uagb-faq-item .uagb-icon,.wp-block-uagb-faq-child.uagb-faq-child__outer-wrap .uagb-faq-item.uagb-faq-item-active .uagb-icon-active{display:flex;width:auto;height:auto}.uagb-faq-layout-grid .uagb-faq-child__outer-wrap.uagb-faq-item .uagb-icon,.uagb-faq-layout-grid .uagb-faq-child__outer-wrap.uagb-faq-item.uagb-faq-item-active .uagb-icon-active,.uagb-faq-layout-grid .uagb-faq-child__outer-wrap .uagb-faq-item .uagb-icon,.uagb-faq-layout-grid .uagb-faq-child__outer-wrap .uagb-faq-item.uagb-faq-item-active .uagb-icon-active{display:none}.uagb-faq-layout-grid .uagb-faq-child__outer-wrap.uagb-faq-item span.uagb-icon-active.uagb-faq-icon-wrap,.uagb-faq-layout-grid .uagb-faq-child__outer-wrap.uagb-faq-item.uagb-faq-item-active .uagb-icon-active,.uagb-faq-layout-grid .uagb-faq-child__outer-wrap .uagb-faq-item span.uagb-icon-active.uagb-faq-icon-wrap,.uagb-faq-layout-grid .uagb-faq-child__outer-wrap .uagb-faq-item.uagb-faq-item-active .uagb-icon-active{display:none}\n.uagb-block-55b5edaf .uagb-icon svg{width: 12px;height: 12px;font-size: 12px;}.uagb-block-55b5edaf .uagb-icon-active svg{width: 12px;height: 12px;font-size: 12px;}.uagb-block-55b5edaf .uagb-faq-child__outer-wrap{margin-bottom: 10px;}.uagb-block-55b5edaf .uagb-faq-item{border-top-width: 1px;border-left-width: 1px;border-right-width: 1px;border-bottom-width: 1px;border-top-left-radius: 2px;border-top-right-radius: 2px;border-bottom-left-radius: 2px;border-bottom-right-radius: 2px;border-color: #1e1e1e;border-style: solid;}.uagb-block-55b5edaf .uagb-faq-questions-button{padding-top: 10px;padding-bottom: 10px;padding-right: 10px;padding-left: 10px;}.uagb-block-55b5edaf .uagb-faq-content{padding-top: 10px;padding-bottom: 10px;padding-right: 10px;padding-left: 10px;}.uagb-block-55b5edaf .uagb-faq-content span{margin-top: 10px;margin-bottom: 10px;margin-right: 10px;margin-left: 10px;}.uagb-block-55b5edaf.uagb-faq-icon-row .uagb-faq-item .uagb-faq-icon-wrap{margin-right: 10px;}.uagb-block-55b5edaf.uagb-faq-icon-row-reverse .uagb-faq-item .uagb-faq-icon-wrap{margin-left: 10px;}.uagb-block-55b5edaf .uagb-faq-item .uagb-faq-questions-button.uagb-faq-questions{flex-direction: row;}.uagb-block-55b5edaf .wp-block-uagb-faq-child.uagb-faq-child__outer-wrap .uagb-faq-content {display: none;}@media only screen and (max-width: 976px) {.uagb-block-55b5edaf.uagb-faq-icon-row .uagb-faq-item .uagb-faq-icon-wrap{margin-right: 10px;}.uagb-block-55b5edaf.uagb-faq-icon-row-reverse .uagb-faq-item .uagb-faq-icon-wrap{margin-left: 10px;}.uagb-block-55b5edaf .uagb-faq-questions-button{padding-top: 10px;padding-bottom: 10px;padding-right: 10px;padding-left: 10px;}.uagb-block-55b5edaf .uagb-faq-content{padding-top: 10px;padding-bottom: 10px;padding-right: 10px;padding-left: 10px;}.uagb-block-55b5edaf .uagb-faq-content span{margin-top: 10px;margin-bottom: 10px;margin-right: 10px;margin-left: 10px;}}@media only screen and (max-width: 767px) {.uagb-block-55b5edaf.uagb-faq-icon-row .uagb-faq-item .uagb-faq-icon-wrap{margin-right: 10px;}.uagb-block-55b5edaf.uagb-faq-icon-row-reverse .uagb-faq-item .uagb-faq-icon-wrap{margin-left: 10px;}.uagb-block-55b5edaf .uagb-faq-questions-button{padding-top: 10px;padding-bottom: 10px;padding-right: 10px;padding-left: 10px;}.uagb-block-55b5edaf .uagb-faq-content{padding-top: 10px;padding-bottom: 10px;padding-right: 10px;padding-left: 10px;}.uagb-block-55b5edaf .uagb-faq-content span{margin-top: 10px;margin-bottom: 10px;margin-right: 10px;margin-left: 10px;}}\";s:2:\"js\";s:0:\"\";s:18:\"current_block_list\";a:10:{i:0;s:11:\"core\/search\";i:1;s:10:\"core\/group\";i:2;s:12:\"core\/heading\";i:3;s:17:\"core\/latest-posts\";i:4;s:20:\"core\/latest-comments\";i:5;s:13:\"core\/archives\";i:6;s:15:\"core\/categories\";i:7;s:14:\"core\/paragraph\";i:8;s:8:\"uagb\/faq\";i:9;s:14:\"uagb\/faq-child\";}s:8:\"uag_flag\";b:1;s:11:\"uag_version\";s:10:\"1775829763\";s:6:\"gfonts\";a:0:{}s:10:\"gfonts_url\";s:0:\"\";s:12:\"gfonts_files\";a:0:{}s:14:\"uag_faq_layout\";b:1;}"],"_uag_css_file_name":["uag-css-2658.css"]},"uagb_featured_image_src":{"full":["https:\/\/senyenergy.com\/wp-content\/uploads\/2025\/07\/Solar-Mid-Clamp-size.jpg",800,800,false],"thumbnail":["https:\/\/senyenergy.com\/wp-content\/uploads\/2025\/07\/Solar-Mid-Clamp-size-150x150.jpg",150,150,true],"medium":["https:\/\/senyenergy.com\/wp-content\/uploads\/2025\/07\/Solar-Mid-Clamp-size-300x300.jpg",300,300,true],"medium_large":["https:\/\/senyenergy.com\/wp-content\/uploads\/2025\/07\/Solar-Mid-Clamp-size-768x768.jpg",768,768,true],"large":["https:\/\/senyenergy.com\/wp-content\/uploads\/2025\/07\/Solar-Mid-Clamp-size.jpg",800,800,false],"1536x1536":["https:\/\/senyenergy.com\/wp-content\/uploads\/2025\/07\/Solar-Mid-Clamp-size.jpg",800,800,false],"2048x2048":["https:\/\/senyenergy.com\/wp-content\/uploads\/2025\/07\/Solar-Mid-Clamp-size.jpg",800,800,false],"trp-custom-language-flag":["https:\/\/senyenergy.com\/wp-content\/uploads\/2025\/07\/Solar-Mid-Clamp-size-12x12.jpg",12,12,true],"woocommerce_thumbnail":["https:\/\/senyenergy.com\/wp-content\/uploads\/2025\/07\/Solar-Mid-Clamp-size-300x300.jpg",300,300,true],"woocommerce_single":["https:\/\/senyenergy.com\/wp-content\/uploads\/2025\/07\/Solar-Mid-Clamp-size-600x600.jpg",600,600,true],"woocommerce_gallery_thumbnail":["https:\/\/senyenergy.com\/wp-content\/uploads\/2025\/07\/Solar-Mid-Clamp-size-100x100.jpg",100,100,true]},"uagb_author_info":{"display_name":"wp-admin","author_link":"https:\/\/senyenergy.com\/fr\/author\/"},"uagb_comment_info":0,"uagb_excerpt":"Our aluminum Solar Mid Clamp\u00a0for solar panel is made of extruded anodized aluminum material, which has good rust-proof and corrosion protection. The mid clamp is anodized on surface finish normally.We can also do black anodized on the surface to meet with black framed solar panels. It can be mill finish as customer\u2019s request also. We\u2026","_links":{"self":[{"href":"https:\/\/senyenergy.com\/fr\/wp-json\/wp\/v2\/product\/2658","targetHints":{"allow":["GET"]}}],"collection":[{"href":"https:\/\/senyenergy.com\/fr\/wp-json\/wp\/v2\/product"}],"about":[{"href":"https:\/\/senyenergy.com\/fr\/wp-json\/wp\/v2\/types\/product"}],"wp:featuredmedia":[{"embeddable":true,"href":"https:\/\/senyenergy.com\/fr\/wp-json\/wp\/v2\/media\/2663"}],"wp:attachment":[{"href":"https:\/\/senyenergy.com\/fr\/wp-json\/wp\/v2\/media?parent=2658"}],"wp:term":[{"taxonomy":"product_brand","embeddable":true,"href":"https:\/\/senyenergy.com\/fr\/wp-json\/wp\/v2\/product_brand?post=2658"},{"taxonomy":"product_cat","embeddable":true,"href":"https:\/\/senyenergy.com\/fr\/wp-json\/wp\/v2\/product_cat?post=2658"},{"taxonomy":"product_tag","embeddable":true,"href":"https:\/\/senyenergy.com\/fr\/wp-json\/wp\/v2\/product_tag?post=2658"}],"curies":[{"name":"wp","href":"https:\/\/api.w.org\/{rel}","templated":true}]}}