{"id":2643,"date":"2025-07-02T15:42:03","date_gmt":"2025-07-02T07:42:03","guid":{"rendered":"https:\/\/senyenergy.com\/?post_type=product&#038;p=2643"},"modified":"2025-07-02T15:42:04","modified_gmt":"2025-07-02T07:42:04","slug":"fabricants-de-chemins-de-cables-solaires-pour-toits","status":"publish","type":"product","link":"https:\/\/senyenergy.com\/fr\/produit\/fabricants-de-chemins-de-cables-solaires-pour-toits\/","title":{"rendered":"Fabricants de chemins de c\u00e2bles solaires pour toits"},"content":{"rendered":"<p><strong><b>Solaire<\/b><\/strong><strong><b>\u00a0<\/b><\/strong><strong><b>Chemin de c\u00e2bles<\/b><\/strong>\u00a0est un syst\u00e8me de support sp\u00e9cialis\u00e9 con\u00e7u pour acheminer, organiser et prot\u00e9ger en toute s\u00e9curit\u00e9 les c\u00e2bles \u00e9lectriques (cha\u00eenes de courant continu, sortie de courant alternatif, communications) sur les toits des installations solaires photovolta\u00efques (PV). Il remplace les conduits encombrants ou les c\u00e2bles expos\u00e9s, garantissant ainsi la conformit\u00e9, la s\u00e9curit\u00e9 et la long\u00e9vit\u00e9.<\/p>\n<p>&nbsp;<\/p>\n<p><strong><b>Solaire<\/b><\/strong><strong><b>\u00a0<\/b><\/strong><strong><b>Chemin de c\u00e2bles<\/b><\/strong>\u00a0Les chemins de c\u00e2bles solaires sont con\u00e7us pour r\u00e9pondre aux exigences uniques de l'industrie solaire. Nos syst\u00e8mes de chemins de c\u00e2bles solaires et nos syst\u00e8mes de support de c\u00e2bles solaires sont con\u00e7us pour les applications de montage de panneaux solaires. Nos chemins de c\u00e2bles solaires sont fabriqu\u00e9s en acier galvanis\u00e9 de haute qualit\u00e9, en acier inoxydable et en aluminium. Le syst\u00e8me de chemin de c\u00e2bles ouvert permet aux installateurs de poser les c\u00e2bles. La conception fiable et durable r\u00e9siste aux dommages caus\u00e9s par les environnements difficiles et la lumi\u00e8re UV. Le chemin de c\u00e2bles Solar est compos\u00e9 de trois \u00e9l\u00e9ments principaux qui s'embo\u00eetent rapidement et facilement. Le couvercle sup\u00e9rieur permet de poser les c\u00e2bles dans le chemin de c\u00e2bles. Une fois le c\u00e2blage termin\u00e9, il suffit d'enclencher le couvercle sur le chemin de c\u00e2bles. Le r\u00e9sultat est un aspect \u00e9l\u00e9gant qui r\u00e9duit le temps d'installation et les frais de main-d'\u0153uvre.<\/p>\n<p>&nbsp;<\/p>\n<p>Caract\u00e9ristiques <strong><b>Solaire<\/b><\/strong><strong><b>\u00a0<\/b><\/strong><strong><b>Chemin de c\u00e2bles<\/b><\/strong>:<\/p>\n<ol>\n<li>Conception ventil\u00e9e : De nombreux plateaux comportent des fentes d'a\u00e9ration pour permettre la dissipation de la chaleur et prot\u00e9ger les c\u00e2bles contre la surchauffe.<\/li>\n<li>Syst\u00e8me modulaire : Disponible en diff\u00e9rentes longueurs et configurations, permettant des am\u00e9nagements personnalis\u00e9s pour r\u00e9pondre \u00e0 des besoins d'installation sp\u00e9cifiques.<\/li>\n<li>Acc\u00e8s facile : Con\u00e7u pour un acc\u00e8s direct aux c\u00e2bles pour l'entretien et le d\u00e9pannage.<\/li>\n<li>Gestion organis\u00e9e des c\u00e2bles : Permet de maintenir le c\u00e2blage propre et ordonn\u00e9, r\u00e9duisant ainsi l'encombrement et les dommages potentiels.<\/li>\n<li>S\u00e9curit\u00e9 renforc\u00e9e : Prot\u00e8ge les c\u00e2bles des risques environnementaux, des dommages physiques et de l'exposition aux UV, minimisant ainsi les risques d'incendie.<\/li>\n<\/ol>\n<p>&nbsp;<\/p>\n<p><strong><b>Solaire<\/b><\/strong><strong><b>\u00a0<\/b><\/strong><strong><b>Chemin de c\u00e2bles<\/b><\/strong>\u00a0est essentiel pour la gestion s\u00fbre et efficace du c\u00e2blage \u00e9lectrique dans les installations solaires. Une installation correcte am\u00e9liore l'organisation, la s\u00e9curit\u00e9 et la long\u00e9vit\u00e9 du syst\u00e8me d'\u00e9nergie solaire.  Dans les installations de panneaux solaires r\u00e9sidentielles et commerciales, ils permettent d'organiser et de soutenir les c\u00e2bles qui relient les panneaux solaires aux onduleurs, aux r\u00e9gulateurs de charge et aux batteries, en veillant \u00e0 ce que les c\u00e2bles soient s\u00e9curis\u00e9s et prot\u00e9g\u00e9s des agressions ext\u00e9rieures. Dans les grandes centrales solaires, ces plateaux guident les c\u00e2bles d'alimentation des panneaux vers les onduleurs et les connexions au r\u00e9seau, ce qui permet de rationaliser et d'am\u00e9liorer l'efficacit\u00e9 du syst\u00e8me tout en simplifiant les t\u00e2ches de maintenance. Ils sont indispensables pour manipuler les c\u00e2bles \u00e0 haute tension dans les installations solaires industrielles, ce qui favorise la s\u00e9curit\u00e9 et la fiabilit\u00e9. Les chemins de c\u00e2bles solaires sont \u00e9galement utilis\u00e9s dans les stations de recharge des v\u00e9hicules \u00e9lectriques \u00e0 \u00e9nergie solaire et dans les installations hors r\u00e9seau, o\u00f9 ils permettent d'organiser et de prot\u00e9ger les c\u00e2bles importants.<\/p>\n<p>&nbsp;<\/p>\n<p>&nbsp;<\/p>\n<p>En r\u00e9sum\u00e9, <strong><b>chemin de c\u00e2bles solaires<\/b><\/strong>Les chemins de c\u00e2bles sont essentiels pour pr\u00e9server l'int\u00e9grit\u00e9 des c\u00e2bles, am\u00e9liorer l'efficacit\u00e9 du syst\u00e8me et garantir la s\u00e9curit\u00e9 et la durabilit\u00e9 des syst\u00e8mes d'\u00e9nergie solaire dans diff\u00e9rents secteurs. Forts de nos ann\u00e9es d'expertise, nous sommes des fabricants r\u00e9put\u00e9s de chemins de c\u00e2bles pour l'\u00e9nergie solaire. Nous nous consacrons \u00e0 l'innovation, \u00e0 la durabilit\u00e9 et \u00e0 la pr\u00e9cision, en fournissant des solutions compl\u00e8tes de gestion des c\u00e2bles qui am\u00e9liorent l'efficacit\u00e9, la s\u00e9curit\u00e9 et la dur\u00e9e de vie des syst\u00e8mes d'\u00e9nergie solaire.Ces chemins de c\u00e2bles solaires sont con\u00e7us pour supporter les conditions environnementales les plus s\u00e9v\u00e8res, en fournissant une protection exceptionnelle pour les c\u00e2bles contre les rayons UV, les intemp\u00e9ries et la corrosion. Qu'il s'agisse d'installations r\u00e9sidentielles sur le toit ou de grandes centrales solaires, nos chemins de c\u00e2bles sont con\u00e7us pour soutenir, organiser et prot\u00e9ger les c\u00e2bles \u00e9lectriques, afin de permettre une transmission fluide de l'\u00e9nergie et de r\u00e9duire les temps d'arr\u00eat. Les chemins de c\u00e2bles solaires sont fabriqu\u00e9s \u00e0 partir de mat\u00e9riaux de haute qualit\u00e9 et r\u00e9sistants \u00e0 la corrosion, tels que l'aluminium et l'acier inoxydable, ce qui leur permet de durer dans le temps tout en offrant une gestion optimale des c\u00e2bles pendant toutes les phases du cycle de vie de l'\u00e9nergie solaire.<\/p>\n<p>&nbsp;<\/p>\n<p>&nbsp;<\/p>","protected":false},"excerpt":{"rendered":"<p>Les chemins de c\u00e2bles solaires sont con\u00e7us pour r\u00e9pondre aux exigences uniques de l'industrie solaire. Nos syst\u00e8mes de chemins de c\u00e2bles solaires et de supports de c\u00e2bles solaires sont con\u00e7us pour les applications de montage de panneaux solaires utilitaires et assurent le support et la protection des c\u00e2bles ainsi que la gestion des fils. Nos chemins de c\u00e2bles solaires sont fabriqu\u00e9s en acier galvanis\u00e9 de haute qualit\u00e9, en acier inoxydable et en aluminium. Le syst\u00e8me de chemin de c\u00e2bles ouvert permet aux installateurs de poser les c\u00e2bles. Pas de traction, pas d'enfilage. La conception fiable et durable r\u00e9siste aux dommages caus\u00e9s par les environnements difficiles et la lumi\u00e8re UV. Le chemin de c\u00e2bles Solar est compos\u00e9 de trois \u00e9l\u00e9ments principaux qui s'embo\u00eetent rapidement et facilement. Le couvercle sup\u00e9rieur permet de poser les c\u00e2bles dans le chemin de c\u00e2bles. Une fois le c\u00e2blage termin\u00e9, il suffit d'enclencher le couvercle sur le chemin de c\u00e2bles. Le r\u00e9sultat est un aspect \u00e9l\u00e9gant qui r\u00e9duit le temps d'installation et les frais de main-d'\u0153uvre.<\/p>\n<div class=\"wp-block-button popmake-1937\"><a class=\"wp-block-button__link wp-element-button\">v\u00e9rification des prix<\/a><\/div>","protected":false},"featured_media":2645,"template":"","meta":{"_uag_custom_page_level_css":"","site-sidebar-layout":"default","site-content-layout":"","ast-site-content-layout":"default","site-content-style":"default","site-sidebar-style":"default","ast-global-header-display":"","ast-banner-title-visibility":"","ast-main-header-display":"","ast-hfb-above-header-display":"","ast-hfb-below-header-display":"","ast-hfb-mobile-header-display":"","site-post-title":"","ast-breadcrumbs-content":"","ast-featured-img":"","footer-sml-layout":"","ast-disable-related-posts":"","theme-transparent-header-meta":"default","adv-header-id-meta":"","stick-header-meta":"","header-above-stick-meta":"","header-main-stick-meta":"","header-below-stick-meta":"","astra-migrate-meta-layouts":"set","ast-page-background-enabled":"default","ast-page-background-meta":{"desktop":{"background-color":"","background-image":"","background-repeat":"repeat","background-position":"center center","background-size":"auto","background-attachment":"scroll","background-type":"","background-media":"","overlay-type":"","overlay-color":"","overlay-opacity":"","overlay-gradient":""},"tablet":{"background-color":"","background-image":"","background-repeat":"repeat","background-position":"center center","background-size":"auto","background-attachment":"scroll","background-type":"","background-media":"","overlay-type":"","overlay-color":"","overlay-opacity":"","overlay-gradient":""},"mobile":{"background-color":"","background-image":"","background-repeat":"repeat","background-position":"center center","background-size":"auto","background-attachment":"scroll","background-type":"","background-media":"","overlay-type":"","overlay-color":"","overlay-opacity":"","overlay-gradient":""}},"ast-content-background-meta":{"desktop":{"background-color":"var(--ast-global-color-5)","background-image":"","background-repeat":"repeat","background-position":"center center","background-size":"auto","background-attachment":"scroll","background-type":"","background-media":"","overlay-type":"","overlay-color":"","overlay-opacity":"","overlay-gradient":""},"tablet":{"background-color":"var(--ast-global-color-5)","background-image":"","background-repeat":"repeat","background-position":"center center","background-size":"auto","background-attachment":"scroll","background-type":"","background-media":"","overlay-type":"","overlay-color":"","overlay-opacity":"","overlay-gradient":""},"mobile":{"background-color":"var(--ast-global-color-5)","background-image":"","background-repeat":"repeat","background-position":"center center","background-size":"auto","background-attachment":"scroll","background-type":"","background-media":"","overlay-type":"","overlay-color":"","overlay-opacity":"","overlay-gradient":""}}},"product_brand":[],"product_cat":[25,23,132],"product_tag":[229,231,235,232,54,233,34,234,230],"class_list":{"0":"post-2643","1":"product","2":"type-product","3":"status-publish","4":"has-post-thumbnail","6":"product_cat-excellent","7":"product_cat-solar-accessories","8":"product_cat-solar-mounting-components","9":"product_tag-cable-tray","10":"product_tag-cable-tray-systems","11":"product_tag-cable-trays-and-accessories","12":"product_tag-pv-cable-tray","13":"product_tag-rooftop-solar-mounting","14":"product_tag-solar-cable-tray","15":"product_tag-solar-panel","16":"product_tag-wire-and-cable-management","17":"product_tag-wire-mesh-cable-tray","18":"desktop-align-left","19":"tablet-align-left","20":"mobile-align-left","22":"first","23":"instock","24":"shipping-taxable","25":"product-type-simple"},"spectra_custom_meta":{"_uabb_version":["1.36.1"],"_edit_last":["1"],"_edit_lock":["1752377930:1"],"_thumbnail_id":["2645"],"total_sales":["0"],"_tax_status":["taxable"],"_tax_class":[""],"_manage_stock":["no"],"_backorders":["no"],"_sold_individually":["no"],"_virtual":["no"],"_downloadable":["no"],"_download_limit":["-1"],"_download_expiry":["-1"],"_stock":[null],"_stock_status":["instock"],"_wc_average_rating":["0"],"_wc_review_count":["0"],"_product_version":["9.6.2"],"_product_image_gallery":["2646,2647,2648,2644"],"site-sidebar-layout":["default"],"ast-site-content-layout":["default"],"site-content-style":["default"],"site-sidebar-style":["default"],"theme-transparent-header-meta":["default"],"astra-migrate-meta-layouts":["set"],"_uag_page_assets":["a:9:{s:3:\"css\";s:5318:\".uag-blocks-common-selector{z-index:var(--z-index-desktop) !important}@media (max-width: 976px){.uag-blocks-common-selector{z-index:var(--z-index-tablet) !important}}@media (max-width: 767px){.uag-blocks-common-selector{z-index:var(--z-index-mobile) !important}}\n.wp-block-uagb-faq{width:100%}.wp-block-uagb-faq.uagb-faq-layout-accordion .uagb-faq-child__outer-wrap .uagb-faq-questions-button{cursor:pointer}.wp-block-uagb-faq .uagb-faq-content{margin-bottom:0}.wp-block-uagb-faq .uagb-faq-content p{margin:auto}.uagb-faq-layout-grid.uagb-faq-equal-height.uagb-faq__wrap .uagb-faq-child__outer-wrap,.uagb-faq-layout-grid.uagb-faq-equal-height.uagb-faq__wrap .uagb-faq-item{height:100%}body[class*=\"astra\"] .uagb-faq-questions{line-height:normal}.uagb-faq-item{overflow:hidden}\n.wp-block-uagb-faq-child .uagb-faq-questions-button{display:flex;align-items:center}.wp-block-uagb-faq-child .uagb-faq-questions-button .uagb-faq-icon-wrap{display:flex;align-items:center}.wp-block-uagb-faq-child .uagb-faq-questions-button .uagb-question{width:100%;margin-top:0;margin-bottom:0}.wp-block-uagb-faq-child .uagb-icon svg,.wp-block-uagb-faq-child .uagb-icon-active svg{width:15px;height:15px;font-size:15px}.wp-block-uagb-faq-child.uagb-faq-child__outer-wrap.uagb-faq-item .uagb-icon-active,.wp-block-uagb-faq-child.uagb-faq-child__outer-wrap.uagb-faq-item.uagb-faq-item-active .uagb-icon,.wp-block-uagb-faq-child.uagb-faq-child__outer-wrap .uagb-faq-item .uagb-icon-active,.wp-block-uagb-faq-child.uagb-faq-child__outer-wrap .uagb-faq-item.uagb-faq-item-active .uagb-icon{display:none;width:0;padding:0;height:0;margin:0}.wp-block-uagb-faq-child.uagb-faq-child__outer-wrap.uagb-faq-item .uagb-icon,.wp-block-uagb-faq-child.uagb-faq-child__outer-wrap.uagb-faq-item.uagb-faq-item-active .uagb-icon-active,.wp-block-uagb-faq-child.uagb-faq-child__outer-wrap .uagb-faq-item .uagb-icon,.wp-block-uagb-faq-child.uagb-faq-child__outer-wrap .uagb-faq-item.uagb-faq-item-active .uagb-icon-active{display:flex;width:auto;height:auto}.uagb-faq-layout-grid .uagb-faq-child__outer-wrap.uagb-faq-item .uagb-icon,.uagb-faq-layout-grid .uagb-faq-child__outer-wrap.uagb-faq-item.uagb-faq-item-active .uagb-icon-active,.uagb-faq-layout-grid .uagb-faq-child__outer-wrap .uagb-faq-item .uagb-icon,.uagb-faq-layout-grid .uagb-faq-child__outer-wrap .uagb-faq-item.uagb-faq-item-active .uagb-icon-active{display:none}.uagb-faq-layout-grid .uagb-faq-child__outer-wrap.uagb-faq-item span.uagb-icon-active.uagb-faq-icon-wrap,.uagb-faq-layout-grid .uagb-faq-child__outer-wrap.uagb-faq-item.uagb-faq-item-active .uagb-icon-active,.uagb-faq-layout-grid .uagb-faq-child__outer-wrap .uagb-faq-item span.uagb-icon-active.uagb-faq-icon-wrap,.uagb-faq-layout-grid .uagb-faq-child__outer-wrap .uagb-faq-item.uagb-faq-item-active .uagb-icon-active{display:none}\n.uagb-block-55b5edaf .uagb-icon svg{width: 12px;height: 12px;font-size: 12px;}.uagb-block-55b5edaf .uagb-icon-active svg{width: 12px;height: 12px;font-size: 12px;}.uagb-block-55b5edaf .uagb-faq-child__outer-wrap{margin-bottom: 10px;}.uagb-block-55b5edaf .uagb-faq-item{border-top-width: 1px;border-left-width: 1px;border-right-width: 1px;border-bottom-width: 1px;border-top-left-radius: 2px;border-top-right-radius: 2px;border-bottom-left-radius: 2px;border-bottom-right-radius: 2px;border-color: #1e1e1e;border-style: solid;}.uagb-block-55b5edaf .uagb-faq-questions-button{padding-top: 10px;padding-bottom: 10px;padding-right: 10px;padding-left: 10px;}.uagb-block-55b5edaf .uagb-faq-content{padding-top: 10px;padding-bottom: 10px;padding-right: 10px;padding-left: 10px;}.uagb-block-55b5edaf .uagb-faq-content span{margin-top: 10px;margin-bottom: 10px;margin-right: 10px;margin-left: 10px;}.uagb-block-55b5edaf.uagb-faq-icon-row .uagb-faq-item .uagb-faq-icon-wrap{margin-right: 10px;}.uagb-block-55b5edaf.uagb-faq-icon-row-reverse .uagb-faq-item .uagb-faq-icon-wrap{margin-left: 10px;}.uagb-block-55b5edaf .uagb-faq-item .uagb-faq-questions-button.uagb-faq-questions{flex-direction: row;}.uagb-block-55b5edaf .wp-block-uagb-faq-child.uagb-faq-child__outer-wrap .uagb-faq-content {display: none;}@media only screen and (max-width: 976px) {.uagb-block-55b5edaf.uagb-faq-icon-row .uagb-faq-item .uagb-faq-icon-wrap{margin-right: 10px;}.uagb-block-55b5edaf.uagb-faq-icon-row-reverse .uagb-faq-item .uagb-faq-icon-wrap{margin-left: 10px;}.uagb-block-55b5edaf .uagb-faq-questions-button{padding-top: 10px;padding-bottom: 10px;padding-right: 10px;padding-left: 10px;}.uagb-block-55b5edaf .uagb-faq-content{padding-top: 10px;padding-bottom: 10px;padding-right: 10px;padding-left: 10px;}.uagb-block-55b5edaf .uagb-faq-content span{margin-top: 10px;margin-bottom: 10px;margin-right: 10px;margin-left: 10px;}}@media only screen and (max-width: 767px) {.uagb-block-55b5edaf.uagb-faq-icon-row .uagb-faq-item .uagb-faq-icon-wrap{margin-right: 10px;}.uagb-block-55b5edaf.uagb-faq-icon-row-reverse .uagb-faq-item .uagb-faq-icon-wrap{margin-left: 10px;}.uagb-block-55b5edaf .uagb-faq-questions-button{padding-top: 10px;padding-bottom: 10px;padding-right: 10px;padding-left: 10px;}.uagb-block-55b5edaf .uagb-faq-content{padding-top: 10px;padding-bottom: 10px;padding-right: 10px;padding-left: 10px;}.uagb-block-55b5edaf .uagb-faq-content span{margin-top: 10px;margin-bottom: 10px;margin-right: 10px;margin-left: 10px;}}\";s:2:\"js\";s:0:\"\";s:18:\"current_block_list\";a:10:{i:0;s:11:\"core\/search\";i:1;s:10:\"core\/group\";i:2;s:12:\"core\/heading\";i:3;s:17:\"core\/latest-posts\";i:4;s:20:\"core\/latest-comments\";i:5;s:13:\"core\/archives\";i:6;s:15:\"core\/categories\";i:7;s:14:\"core\/paragraph\";i:8;s:8:\"uagb\/faq\";i:9;s:14:\"uagb\/faq-child\";}s:8:\"uag_flag\";b:1;s:11:\"uag_version\";s:10:\"1775829763\";s:6:\"gfonts\";a:0:{}s:10:\"gfonts_url\";s:0:\"\";s:12:\"gfonts_files\";a:0:{}s:14:\"uag_faq_layout\";b:1;}"],"_uag_css_file_name":["uag-css-2643.css"]},"uagb_featured_image_src":{"full":["https:\/\/senyenergy.com\/wp-content\/uploads\/2025\/07\/Solar-Cable-Tray.jpg",800,800,false],"thumbnail":["https:\/\/senyenergy.com\/wp-content\/uploads\/2025\/07\/Solar-Cable-Tray-150x150.jpg",150,150,true],"medium":["https:\/\/senyenergy.com\/wp-content\/uploads\/2025\/07\/Solar-Cable-Tray-300x300.jpg",300,300,true],"medium_large":["https:\/\/senyenergy.com\/wp-content\/uploads\/2025\/07\/Solar-Cable-Tray-768x768.jpg",768,768,true],"large":["https:\/\/senyenergy.com\/wp-content\/uploads\/2025\/07\/Solar-Cable-Tray.jpg",800,800,false],"1536x1536":["https:\/\/senyenergy.com\/wp-content\/uploads\/2025\/07\/Solar-Cable-Tray.jpg",800,800,false],"2048x2048":["https:\/\/senyenergy.com\/wp-content\/uploads\/2025\/07\/Solar-Cable-Tray.jpg",800,800,false],"trp-custom-language-flag":["https:\/\/senyenergy.com\/wp-content\/uploads\/2025\/07\/Solar-Cable-Tray-12x12.jpg",12,12,true],"woocommerce_thumbnail":["https:\/\/senyenergy.com\/wp-content\/uploads\/2025\/07\/Solar-Cable-Tray-300x300.jpg",300,300,true],"woocommerce_single":["https:\/\/senyenergy.com\/wp-content\/uploads\/2025\/07\/Solar-Cable-Tray-600x600.jpg",600,600,true],"woocommerce_gallery_thumbnail":["https:\/\/senyenergy.com\/wp-content\/uploads\/2025\/07\/Solar-Cable-Tray-100x100.jpg",100,100,true]},"uagb_author_info":{"display_name":"wp-admin","author_link":"https:\/\/senyenergy.com\/fr\/author\/"},"uagb_comment_info":0,"uagb_excerpt":"Solar Cable Tray is designed to meet the unique requirements of the solar industry. Providing cable support, cable protection, and wire management, Our solar cable tray systems and solar cable support systems are engineered for utility solar mounting applications. Our The Solar cable tray are made of High Grade galvanized steel, stainless steel &amp; aluminum.\u2026","_links":{"self":[{"href":"https:\/\/senyenergy.com\/fr\/wp-json\/wp\/v2\/product\/2643","targetHints":{"allow":["GET"]}}],"collection":[{"href":"https:\/\/senyenergy.com\/fr\/wp-json\/wp\/v2\/product"}],"about":[{"href":"https:\/\/senyenergy.com\/fr\/wp-json\/wp\/v2\/types\/product"}],"wp:featuredmedia":[{"embeddable":true,"href":"https:\/\/senyenergy.com\/fr\/wp-json\/wp\/v2\/media\/2645"}],"wp:attachment":[{"href":"https:\/\/senyenergy.com\/fr\/wp-json\/wp\/v2\/media?parent=2643"}],"wp:term":[{"taxonomy":"product_brand","embeddable":true,"href":"https:\/\/senyenergy.com\/fr\/wp-json\/wp\/v2\/product_brand?post=2643"},{"taxonomy":"product_cat","embeddable":true,"href":"https:\/\/senyenergy.com\/fr\/wp-json\/wp\/v2\/product_cat?post=2643"},{"taxonomy":"product_tag","embeddable":true,"href":"https:\/\/senyenergy.com\/fr\/wp-json\/wp\/v2\/product_tag?post=2643"}],"curies":[{"name":"wp","href":"https:\/\/api.w.org\/{rel}","templated":true}]}}