{"id":2631,"date":"2025-06-30T14:49:16","date_gmt":"2025-06-30T06:49:16","guid":{"rendered":"https:\/\/senyenergy.com\/?post_type=product&#038;p=2631"},"modified":"2025-06-30T14:49:16","modified_gmt":"2025-06-30T06:49:16","slug":"rondelle-de-mise-a-la-terre-pour-panneaux-solaires-en-acier-inoxydable","status":"publish","type":"product","link":"https:\/\/senyenergy.com\/fr\/produit\/rondelle-de-mise-a-la-terre-pour-panneaux-solaires-en-acier-inoxydable\/","title":{"rendered":"Rondelle de mise \u00e0 la terre en acier inoxydable pour panneaux solaires Factory"},"content":{"rendered":"<p><strong><b>Rondelle de mise \u00e0 la terre du panneau solaire<\/b><\/strong>\u00a0(\u00e9galement appel\u00e9e rondelle de mise \u00e0 la terre, rondelle \u00e9toile de mise \u00e0 la terre ou rondelle de liaison) est un composant mat\u00e9riel sp\u00e9cialis\u00e9 essentiel pour la mise \u00e0 la terre \u00e9lectrique s\u00fbre et conforme au code des cadres de panneaux solaires au sein d'un syst\u00e8me photovolta\u00efque (PV).<\/p>\n<p><strong><b>Clip de rondelle de mise \u00e0 la terre du panneau solaire<\/b><\/strong>\u00a0sont des composants essentiels con\u00e7us pour assurer la mise \u00e0 la terre correcte des panneaux solaires et des syst\u00e8mes de montage. Ces rondelles cr\u00e9ent une connexion \u00e9lectrique s\u00fbre entre les panneaux solaires et les structures de montage m\u00e9talliques, \u00e9vitant ainsi les d\u00e9fauts \u00e9lectriques et am\u00e9liorant la s\u00e9curit\u00e9 globale du syst\u00e8me en facilitant une voie de mise \u00e0 la terre fiable.<\/p>\n<p>&nbsp;<\/p>\n<p><strong><b>Rondelle de mise \u00e0 la terre du panneau solaire<\/b><\/strong><strong><b>\u00a0<\/b><\/strong>Le clip de mise \u00e0 la terre a son intelligence et une vari\u00e9t\u00e9 de conceptions qui est ins\u00e9r\u00e9 entre le cadre du module et le rail de montage, les dents du clip de mise \u00e0 la terre percent bien le rev\u00eatement anodis\u00e9. Le r\u00e9sultat est une excellente conductivit\u00e9 sans oxydation, un clip de mise \u00e0 la terre pour panneau solaire, une rondelle de mise \u00e0 la terre pour montage solaire qui fait que le module et le rail deviennent une seule pi\u00e8ce de m\u00e9tal, un clip de mise \u00e0 la terre en acier inoxydable qui cr\u00e9e un chemin \u00e9lectrique vers la terre.<\/p>\n<p>&nbsp;<\/p>\n<p>Caract\u00e9ristiques<strong><b>\u00a0Rondelle de mise \u00e0 la terre du panneau solaire<\/b><\/strong>:<\/p>\n<ol>\n<li>Mat\u00e9riau conducteur : G\u00e9n\u00e9ralement fabriqu\u00e9 en acier inoxydable, qui offre une excellente conductivit\u00e9 \u00e9lectrique.<\/li>\n<li>R\u00e9sistance \u00e0 la corrosion : Con\u00e7us pour r\u00e9sister \u00e0 la corrosion, ils garantissent une fiabilit\u00e9 \u00e0 long terme, en particulier dans les environnements ext\u00e9rieurs.<\/li>\n<li>Vari\u00e9t\u00e9 de tailles : Disponible en plusieurs tailles pour s'adapter aux diff\u00e9rents diam\u00e8tres de boulons et aux exigences d'installation.<\/li>\n<li>Conception plate : La forme plate permet une installation facile et un contact efficace avec les surfaces de mise \u00e0 la terre.<\/li>\n<li>S\u00e9curit\u00e9 accrue : Fournit une connexion de mise \u00e0 la terre s\u00fbre, r\u00e9duisant le risque de d\u00e9fauts \u00e9lectriques et am\u00e9liorant la s\u00e9curit\u00e9 globale du syst\u00e8me.<\/li>\n<li>Protection contre la foudre : Aide \u00e0 dissiper les surtensions dues \u00e0 la foudre, prot\u00e9geant ainsi les panneaux solaires et les \u00e9quipements associ\u00e9s.<\/li>\n<li>Durabilit\u00e9 : Con\u00e7ue pour des performances durables, elle contribue \u00e0 la dur\u00e9e de vie du syst\u00e8me d'\u00e9nergie solaire.<\/li>\n<\/ol>\n<p>&nbsp;<\/p>\n<p>Clip de mise \u00e0 la terre pour panneaux solaires Les panneaux solaires sont g\u00e9n\u00e9ralement install\u00e9s entre le rail de montage et la bride interm\u00e9diaire. Cela signifie que chaque pince interm\u00e9diaire doit \u00eatre \u00e9quip\u00e9e d'un clip de mise \u00e0 la terre pour le syst\u00e8me de montage sur toiture solaire.<\/p>\n<p>&nbsp;<\/p>\n<p>En outre, SENYANG propose de nombreux styles diff\u00e9rents de rondelles de mise \u00e0 la terre pour panneaux solaires. <strong><b>Lavage de mise \u00e0 la terre des panneaux solaires<\/b><\/strong>r est con\u00e7ue pour diff\u00e9rents types de syst\u00e8mes de montage de mise \u00e0 la terre de panneaux solaires. Nous proposons plusieurs types de rondelles de mise \u00e0 la terre pour panneaux solaires. Toutes ces rondelles sont de haute qualit\u00e9, tr\u00e8s r\u00e9sistantes et rentables. Nous esp\u00e9rons que nos produits vous satisferont.<\/p>","protected":false},"excerpt":{"rendered":"<p>SENYANG propose de nombreux styles diff\u00e9rents de rondelles de mise \u00e0 la terre pour panneaux solaires. <strong><b>Lavage de mise \u00e0 la terre des panneaux solaires<\/b><\/strong>r est con\u00e7ue pour diff\u00e9rents types de syst\u00e8mes de montage de mise \u00e0 la terre de panneaux solaires. Nous proposons plusieurs types de rondelles de mise \u00e0 la terre pour panneaux solaires. Toutes ces rondelles sont de haute qualit\u00e9, tr\u00e8s r\u00e9sistantes et rentables. Nous esp\u00e9rons que nos produits vous satisferont.<\/p>\n<div class=\"wp-block-button popmake-1937\"><a class=\"wp-block-button__link wp-element-button\">v\u00e9rification des prix<\/a><\/div>","protected":false},"featured_media":2634,"template":"","meta":{"_uag_custom_page_level_css":"","site-sidebar-layout":"default","site-content-layout":"","ast-site-content-layout":"default","site-content-style":"default","site-sidebar-style":"default","ast-global-header-display":"","ast-banner-title-visibility":"","ast-main-header-display":"","ast-hfb-above-header-display":"","ast-hfb-below-header-display":"","ast-hfb-mobile-header-display":"","site-post-title":"","ast-breadcrumbs-content":"","ast-featured-img":"","footer-sml-layout":"","ast-disable-related-posts":"","theme-transparent-header-meta":"default","adv-header-id-meta":"","stick-header-meta":"","header-above-stick-meta":"","header-main-stick-meta":"","header-below-stick-meta":"","astra-migrate-meta-layouts":"set","ast-page-background-enabled":"default","ast-page-background-meta":{"desktop":{"background-color":"","background-image":"","background-repeat":"repeat","background-position":"center center","background-size":"auto","background-attachment":"scroll","background-type":"","background-media":"","overlay-type":"","overlay-color":"","overlay-opacity":"","overlay-gradient":""},"tablet":{"background-color":"","background-image":"","background-repeat":"repeat","background-position":"center center","background-size":"auto","background-attachment":"scroll","background-type":"","background-media":"","overlay-type":"","overlay-color":"","overlay-opacity":"","overlay-gradient":""},"mobile":{"background-color":"","background-image":"","background-repeat":"repeat","background-position":"center center","background-size":"auto","background-attachment":"scroll","background-type":"","background-media":"","overlay-type":"","overlay-color":"","overlay-opacity":"","overlay-gradient":""}},"ast-content-background-meta":{"desktop":{"background-color":"var(--ast-global-color-5)","background-image":"","background-repeat":"repeat","background-position":"center center","background-size":"auto","background-attachment":"scroll","background-type":"","background-media":"","overlay-type":"","overlay-color":"","overlay-opacity":"","overlay-gradient":""},"tablet":{"background-color":"var(--ast-global-color-5)","background-image":"","background-repeat":"repeat","background-position":"center center","background-size":"auto","background-attachment":"scroll","background-type":"","background-media":"","overlay-type":"","overlay-color":"","overlay-opacity":"","overlay-gradient":""},"mobile":{"background-color":"var(--ast-global-color-5)","background-image":"","background-repeat":"repeat","background-position":"center center","background-size":"auto","background-attachment":"scroll","background-type":"","background-media":"","overlay-type":"","overlay-color":"","overlay-opacity":"","overlay-gradient":""}}},"product_brand":[],"product_cat":[25,23,132,33],"product_tag":[225,198,223,224,222,55,120,226,36,65],"class_list":{"0":"post-2631","1":"product","2":"type-product","3":"status-publish","4":"has-post-thumbnail","6":"product_cat-excellent","7":"product_cat-solar-accessories","8":"product_cat-solar-mounting-components","9":"product_cat-solar-panel-accessories","10":"product_tag-bonding-washer","11":"product_tag-grounding-clip","12":"product_tag-grounding-lug-washer","13":"product_tag-grounding-star-washer","14":"product_tag-grounding-washer","15":"product_tag-solar-clamp","16":"product_tag-solar-energy","17":"product_tag-solar-grounding-washers","18":"product_tag-solar-panel-clip","19":"product_tag-solar-pv-clip","20":"desktop-align-left","21":"tablet-align-left","22":"mobile-align-left","24":"first","25":"instock","26":"shipping-taxable","27":"product-type-simple"},"spectra_custom_meta":{"_uabb_version":["1.36.1"],"_edit_last":["1"],"_edit_lock":["1751266263:1"],"_thumbnail_id":["2634"],"total_sales":["0"],"_tax_status":["taxable"],"_tax_class":[""],"_manage_stock":["no"],"_backorders":["no"],"_sold_individually":["no"],"_virtual":["no"],"_downloadable":["no"],"_download_limit":["-1"],"_download_expiry":["-1"],"_stock":[null],"_stock_status":["instock"],"_wc_average_rating":["0"],"_wc_review_count":["0"],"_product_version":["9.6.2"],"_product_image_gallery":["2635,2632,2633,2636"],"site-sidebar-layout":["default"],"ast-site-content-layout":["default"],"site-content-style":["default"],"site-sidebar-style":["default"],"theme-transparent-header-meta":["default"],"astra-migrate-meta-layouts":["set"],"_uag_page_assets":["a:9:{s:3:\"css\";s:5318:\".uag-blocks-common-selector{z-index:var(--z-index-desktop) !important}@media (max-width: 976px){.uag-blocks-common-selector{z-index:var(--z-index-tablet) !important}}@media (max-width: 767px){.uag-blocks-common-selector{z-index:var(--z-index-mobile) !important}}\n.wp-block-uagb-faq{width:100%}.wp-block-uagb-faq.uagb-faq-layout-accordion .uagb-faq-child__outer-wrap .uagb-faq-questions-button{cursor:pointer}.wp-block-uagb-faq .uagb-faq-content{margin-bottom:0}.wp-block-uagb-faq .uagb-faq-content p{margin:auto}.uagb-faq-layout-grid.uagb-faq-equal-height.uagb-faq__wrap .uagb-faq-child__outer-wrap,.uagb-faq-layout-grid.uagb-faq-equal-height.uagb-faq__wrap .uagb-faq-item{height:100%}body[class*=\"astra\"] .uagb-faq-questions{line-height:normal}.uagb-faq-item{overflow:hidden}\n.wp-block-uagb-faq-child .uagb-faq-questions-button{display:flex;align-items:center}.wp-block-uagb-faq-child .uagb-faq-questions-button .uagb-faq-icon-wrap{display:flex;align-items:center}.wp-block-uagb-faq-child .uagb-faq-questions-button .uagb-question{width:100%;margin-top:0;margin-bottom:0}.wp-block-uagb-faq-child .uagb-icon svg,.wp-block-uagb-faq-child .uagb-icon-active svg{width:15px;height:15px;font-size:15px}.wp-block-uagb-faq-child.uagb-faq-child__outer-wrap.uagb-faq-item .uagb-icon-active,.wp-block-uagb-faq-child.uagb-faq-child__outer-wrap.uagb-faq-item.uagb-faq-item-active .uagb-icon,.wp-block-uagb-faq-child.uagb-faq-child__outer-wrap .uagb-faq-item .uagb-icon-active,.wp-block-uagb-faq-child.uagb-faq-child__outer-wrap .uagb-faq-item.uagb-faq-item-active .uagb-icon{display:none;width:0;padding:0;height:0;margin:0}.wp-block-uagb-faq-child.uagb-faq-child__outer-wrap.uagb-faq-item .uagb-icon,.wp-block-uagb-faq-child.uagb-faq-child__outer-wrap.uagb-faq-item.uagb-faq-item-active .uagb-icon-active,.wp-block-uagb-faq-child.uagb-faq-child__outer-wrap .uagb-faq-item .uagb-icon,.wp-block-uagb-faq-child.uagb-faq-child__outer-wrap .uagb-faq-item.uagb-faq-item-active .uagb-icon-active{display:flex;width:auto;height:auto}.uagb-faq-layout-grid .uagb-faq-child__outer-wrap.uagb-faq-item .uagb-icon,.uagb-faq-layout-grid .uagb-faq-child__outer-wrap.uagb-faq-item.uagb-faq-item-active .uagb-icon-active,.uagb-faq-layout-grid .uagb-faq-child__outer-wrap .uagb-faq-item .uagb-icon,.uagb-faq-layout-grid .uagb-faq-child__outer-wrap .uagb-faq-item.uagb-faq-item-active .uagb-icon-active{display:none}.uagb-faq-layout-grid .uagb-faq-child__outer-wrap.uagb-faq-item span.uagb-icon-active.uagb-faq-icon-wrap,.uagb-faq-layout-grid .uagb-faq-child__outer-wrap.uagb-faq-item.uagb-faq-item-active .uagb-icon-active,.uagb-faq-layout-grid .uagb-faq-child__outer-wrap .uagb-faq-item span.uagb-icon-active.uagb-faq-icon-wrap,.uagb-faq-layout-grid .uagb-faq-child__outer-wrap .uagb-faq-item.uagb-faq-item-active .uagb-icon-active{display:none}\n.uagb-block-55b5edaf .uagb-icon svg{width: 12px;height: 12px;font-size: 12px;}.uagb-block-55b5edaf .uagb-icon-active svg{width: 12px;height: 12px;font-size: 12px;}.uagb-block-55b5edaf .uagb-faq-child__outer-wrap{margin-bottom: 10px;}.uagb-block-55b5edaf .uagb-faq-item{border-top-width: 1px;border-left-width: 1px;border-right-width: 1px;border-bottom-width: 1px;border-top-left-radius: 2px;border-top-right-radius: 2px;border-bottom-left-radius: 2px;border-bottom-right-radius: 2px;border-color: #1e1e1e;border-style: solid;}.uagb-block-55b5edaf .uagb-faq-questions-button{padding-top: 10px;padding-bottom: 10px;padding-right: 10px;padding-left: 10px;}.uagb-block-55b5edaf .uagb-faq-content{padding-top: 10px;padding-bottom: 10px;padding-right: 10px;padding-left: 10px;}.uagb-block-55b5edaf .uagb-faq-content span{margin-top: 10px;margin-bottom: 10px;margin-right: 10px;margin-left: 10px;}.uagb-block-55b5edaf.uagb-faq-icon-row .uagb-faq-item .uagb-faq-icon-wrap{margin-right: 10px;}.uagb-block-55b5edaf.uagb-faq-icon-row-reverse .uagb-faq-item .uagb-faq-icon-wrap{margin-left: 10px;}.uagb-block-55b5edaf .uagb-faq-item .uagb-faq-questions-button.uagb-faq-questions{flex-direction: row;}.uagb-block-55b5edaf .wp-block-uagb-faq-child.uagb-faq-child__outer-wrap .uagb-faq-content {display: none;}@media only screen and (max-width: 976px) {.uagb-block-55b5edaf.uagb-faq-icon-row .uagb-faq-item .uagb-faq-icon-wrap{margin-right: 10px;}.uagb-block-55b5edaf.uagb-faq-icon-row-reverse .uagb-faq-item .uagb-faq-icon-wrap{margin-left: 10px;}.uagb-block-55b5edaf .uagb-faq-questions-button{padding-top: 10px;padding-bottom: 10px;padding-right: 10px;padding-left: 10px;}.uagb-block-55b5edaf .uagb-faq-content{padding-top: 10px;padding-bottom: 10px;padding-right: 10px;padding-left: 10px;}.uagb-block-55b5edaf .uagb-faq-content span{margin-top: 10px;margin-bottom: 10px;margin-right: 10px;margin-left: 10px;}}@media only screen and (max-width: 767px) {.uagb-block-55b5edaf.uagb-faq-icon-row .uagb-faq-item .uagb-faq-icon-wrap{margin-right: 10px;}.uagb-block-55b5edaf.uagb-faq-icon-row-reverse .uagb-faq-item .uagb-faq-icon-wrap{margin-left: 10px;}.uagb-block-55b5edaf .uagb-faq-questions-button{padding-top: 10px;padding-bottom: 10px;padding-right: 10px;padding-left: 10px;}.uagb-block-55b5edaf .uagb-faq-content{padding-top: 10px;padding-bottom: 10px;padding-right: 10px;padding-left: 10px;}.uagb-block-55b5edaf .uagb-faq-content span{margin-top: 10px;margin-bottom: 10px;margin-right: 10px;margin-left: 10px;}}\";s:2:\"js\";s:0:\"\";s:18:\"current_block_list\";a:10:{i:0;s:11:\"core\/search\";i:1;s:10:\"core\/group\";i:2;s:12:\"core\/heading\";i:3;s:17:\"core\/latest-posts\";i:4;s:20:\"core\/latest-comments\";i:5;s:13:\"core\/archives\";i:6;s:15:\"core\/categories\";i:7;s:14:\"core\/paragraph\";i:8;s:8:\"uagb\/faq\";i:9;s:14:\"uagb\/faq-child\";}s:8:\"uag_flag\";b:1;s:11:\"uag_version\";s:10:\"1775829763\";s:6:\"gfonts\";a:0:{}s:10:\"gfonts_url\";s:0:\"\";s:12:\"gfonts_files\";a:0:{}s:14:\"uag_faq_layout\";b:1;}"],"_uag_css_file_name":["uag-css-2631.css"]},"uagb_featured_image_src":{"full":["https:\/\/senyenergy.com\/wp-content\/uploads\/2025\/06\/Solar-Panel-Grounding-Washer-Grounding-clip.jpg",800,800,false],"thumbnail":["https:\/\/senyenergy.com\/wp-content\/uploads\/2025\/06\/Solar-Panel-Grounding-Washer-Grounding-clip-150x150.jpg",150,150,true],"medium":["https:\/\/senyenergy.com\/wp-content\/uploads\/2025\/06\/Solar-Panel-Grounding-Washer-Grounding-clip-300x300.jpg",300,300,true],"medium_large":["https:\/\/senyenergy.com\/wp-content\/uploads\/2025\/06\/Solar-Panel-Grounding-Washer-Grounding-clip-768x768.jpg",768,768,true],"large":["https:\/\/senyenergy.com\/wp-content\/uploads\/2025\/06\/Solar-Panel-Grounding-Washer-Grounding-clip.jpg",800,800,false],"1536x1536":["https:\/\/senyenergy.com\/wp-content\/uploads\/2025\/06\/Solar-Panel-Grounding-Washer-Grounding-clip.jpg",800,800,false],"2048x2048":["https:\/\/senyenergy.com\/wp-content\/uploads\/2025\/06\/Solar-Panel-Grounding-Washer-Grounding-clip.jpg",800,800,false],"trp-custom-language-flag":["https:\/\/senyenergy.com\/wp-content\/uploads\/2025\/06\/Solar-Panel-Grounding-Washer-Grounding-clip-12x12.jpg",12,12,true],"woocommerce_thumbnail":["https:\/\/senyenergy.com\/wp-content\/uploads\/2025\/06\/Solar-Panel-Grounding-Washer-Grounding-clip-300x300.jpg",300,300,true],"woocommerce_single":["https:\/\/senyenergy.com\/wp-content\/uploads\/2025\/06\/Solar-Panel-Grounding-Washer-Grounding-clip-600x600.jpg",600,600,true],"woocommerce_gallery_thumbnail":["https:\/\/senyenergy.com\/wp-content\/uploads\/2025\/06\/Solar-Panel-Grounding-Washer-Grounding-clip-100x100.jpg",100,100,true]},"uagb_author_info":{"display_name":"wp-admin","author_link":"https:\/\/senyenergy.com\/fr\/author\/"},"uagb_comment_info":0,"uagb_excerpt":"SENYANG provides many different styles of solar panel earthing washers for choice, Our Solar Panel Grounding Washer is designed for different kinds of solar grounding mounting system. We provide several kinds of solar panel grounding washers for your options. All of them are with high quality, high strength and cost effective. Hope that our products\u2026","_links":{"self":[{"href":"https:\/\/senyenergy.com\/fr\/wp-json\/wp\/v2\/product\/2631","targetHints":{"allow":["GET"]}}],"collection":[{"href":"https:\/\/senyenergy.com\/fr\/wp-json\/wp\/v2\/product"}],"about":[{"href":"https:\/\/senyenergy.com\/fr\/wp-json\/wp\/v2\/types\/product"}],"wp:featuredmedia":[{"embeddable":true,"href":"https:\/\/senyenergy.com\/fr\/wp-json\/wp\/v2\/media\/2634"}],"wp:attachment":[{"href":"https:\/\/senyenergy.com\/fr\/wp-json\/wp\/v2\/media?parent=2631"}],"wp:term":[{"taxonomy":"product_brand","embeddable":true,"href":"https:\/\/senyenergy.com\/fr\/wp-json\/wp\/v2\/product_brand?post=2631"},{"taxonomy":"product_cat","embeddable":true,"href":"https:\/\/senyenergy.com\/fr\/wp-json\/wp\/v2\/product_cat?post=2631"},{"taxonomy":"product_tag","embeddable":true,"href":"https:\/\/senyenergy.com\/fr\/wp-json\/wp\/v2\/product_tag?post=2631"}],"curies":[{"name":"wp","href":"https:\/\/api.w.org\/{rel}","templated":true}]}}