{"id":2625,"date":"2025-06-27T11:58:12","date_gmt":"2025-06-27T03:58:12","guid":{"rendered":"https:\/\/senyenergy.com\/?post_type=product&#038;p=2625"},"modified":"2025-11-24T16:37:09","modified_gmt":"2025-11-24T08:37:09","slug":"boulon-de-suspension-solaire-autoperceur-pour-pannes-de-toit-en-acier-ondule","status":"publish","type":"product","link":"https:\/\/senyenergy.com\/fr\/produit\/boulon-de-suspension-solaire-autoperceur-pour-pannes-de-toit-en-acier-ondule\/","title":{"rendered":"Boulon de suspension solaire auto-foreur pour pannes de toit en acier ondul\u00e9"},"content":{"rendered":"<p><strong>Autoperceur<\/strong> <strong>Boulon de suspension solaire<\/strong>\u00a0for steel purlins\u00a0are essential for securely mounting solar panels to steel purlins. These bolts simplify installation and provide a robust solution for anchoring solar mounting systems. This solar hanger bolt for steel purlins is designed with self-drilling point. It is applicable for metal or corrugated cement roofs with steel supports. It usually use with aluminum L bracket or SUS304 connecting plate to fix the mounting rail.<\/p>\n<p><strong>Autoperceur <\/strong><strong>Boulon de suspension solaire <\/strong>for steel purlin is made of zinc-nickel alloys which the strength is higher than copper material and high corrosion resistance. It comes supplied with EPDM rubber gasket and three stainless steel M10 flange nuts. The bracket is locked between the upper two nuts and the height is adjustable, the bottom nut is used for fix the metal sheet of the roof.<\/p>\n<p>&nbsp;<\/p>\n<p>Caract\u00e9ristiques de cette <strong>Autoperceur <\/strong><strong>Boulon de suspension solaire<\/strong>\u00a0pour les supports en acier :<\/p>\n<ol>\n<li>Pointe auto-per\u00e7ante : Con\u00e7ue avec une pointe ac\u00e9r\u00e9e et auto-per\u00e7ante qui \u00e9limine le besoin de pr\u00e9-per\u00e7age, ce qui rend l'installation plus rapide et plus facile.<\/li>\n<li>Mat\u00e9riau \u00e0 haute r\u00e9sistance : G\u00e9n\u00e9ralement fabriqu\u00e9 en acier de haute qualit\u00e9 avec un rev\u00eatement r\u00e9sistant \u00e0 la corrosion, ce qui garantit la durabilit\u00e9 et la long\u00e9vit\u00e9.<\/li>\n<li>Diff\u00e9rentes longueurs et diff\u00e9rents diam\u00e8tres : Disponibles en plusieurs tailles pour r\u00e9pondre aux diff\u00e9rents besoins d'installation et de configuration des panneaux.<\/li>\n<li>Compatible avec les syst\u00e8mes de montage solaire : Fonctionne parfaitement avec divers supports et structures de montage solaire.<\/li>\n<li>Gain de temps : La fonction d'auto-per\u00e7age r\u00e9duit le temps d'installation et les co\u00fbts de main d'\u0153uvre.<\/li>\n<li>Solide et s\u00fbr : Assure une connexion fiable avec les pannes en acier, garantissant un ancrage s\u00fbr des panneaux solaires.<\/li>\n<li>R\u00e9sistance \u00e0 la corrosion : Le rev\u00eatement protecteur aide \u00e0 pr\u00e9venir la rouille et la corrosion, prolongeant ainsi la dur\u00e9e de vie du syst\u00e8me de montage.<\/li>\n<li>Utilisation polyvalente : convient \u00e0 une large gamme d'installations de panneaux solaires sur des structures en acier.<\/li>\n<\/ol>\n<p><strong>Autoperceur <\/strong><strong>Boulon de suspension solaire<\/strong>\u00a0est une fixation sp\u00e9cialis\u00e9e con\u00e7ue sp\u00e9cifiquement pour fixer rapidement et solidement les rails de montage des panneaux solaires directement sur les pannes en acier structurel d'une toiture m\u00e9tallique. Elle combine le per\u00e7age, le taraudage et la fixation en une seule op\u00e9ration. Elle permet une installation rapide des panneaux solaires sur les pannes en acier des toits m\u00e9talliques. Gr\u00e2ce \u00e0 la\u00a0<strong>Autoperceur <\/strong><strong>Boulon de suspension solaire<\/strong>\u00a0pour les supports en acier sont auto-per\u00e7ants, ils peuvent percer la t\u00f4le et la panne en acier ou le ciment directement, sans qu'il soit n\u00e9cessaire de pr\u00e9percer les trous. Cela permet de gagner du temps lors de l'installation sur site.<\/p>\n<p>&nbsp;<\/p>\n<p>Nous proposons en gros des boulons d'accrochage pour le montage de panneaux solaires sur les toits en m\u00e9tal, pour les pannes en bois et en acier.<\/p>\n<p>Notre usine fournit \u00e9galement des syst\u00e8mes de montage complets pour les toits m\u00e9talliques et les toits en tuiles, des montages au sol, des abris de voiture.....<\/p>\n<p>Si vous \u00eates int\u00e9ress\u00e9 par nos produits ou si vous avez des projets solaires, n'h\u00e9sitez pas \u00e0 nous contacter, nous vous aiderons \u00e0 trouver et \u00e0 vous recommander la solution cl\u00e9 en main qui vous convient.<\/p>\n<p>&nbsp;<\/p>\n<p>&nbsp;<\/p>","protected":false},"excerpt":{"rendered":"<p>Le boulon de suspension solaire pour panne en acier est fabriqu\u00e9 en alliage de zinc et de nickel, ce qui lui conf\u00e8re une r\u00e9sistance sup\u00e9rieure \u00e0 celle du cuivre et une grande r\u00e9sistance \u00e0 la corrosion. Le support est bloqu\u00e9 entre les deux \u00e9crous sup\u00e9rieurs et la hauteur est r\u00e9glable. L'\u00e9crou inf\u00e9rieur est utilis\u00e9 pour fixer la t\u00f4le du toit.<\/p>\n<p>Il est applicable aux toits en m\u00e9tal ou en ciment ondul\u00e9 avec des supports en acier. Il est g\u00e9n\u00e9ralement utilis\u00e9 avec un support en L en aluminium ou une plaque de connexion SUS304 pour fixer le rail de montage.<\/p>\n<div class=\"wp-block-button popmake-1937\"><a class=\"wp-block-button__link wp-element-button\">v\u00e9rification des prix<\/a><\/div>","protected":false},"featured_media":2628,"template":"","meta":{"_uag_custom_page_level_css":"","site-sidebar-layout":"default","site-content-layout":"","ast-site-content-layout":"default","site-content-style":"default","site-sidebar-style":"default","ast-global-header-display":"","ast-banner-title-visibility":"","ast-main-header-display":"","ast-hfb-above-header-display":"","ast-hfb-below-header-display":"","ast-hfb-mobile-header-display":"","site-post-title":"","ast-breadcrumbs-content":"","ast-featured-img":"","footer-sml-layout":"","ast-disable-related-posts":"","theme-transparent-header-meta":"default","adv-header-id-meta":"","stick-header-meta":"","header-above-stick-meta":"","header-main-stick-meta":"","header-below-stick-meta":"","astra-migrate-meta-layouts":"set","ast-page-background-enabled":"default","ast-page-background-meta":{"desktop":{"background-color":"","background-image":"","background-repeat":"repeat","background-position":"center center","background-size":"auto","background-attachment":"scroll","background-type":"","background-media":"","overlay-type":"","overlay-color":"","overlay-opacity":"","overlay-gradient":""},"tablet":{"background-color":"","background-image":"","background-repeat":"repeat","background-position":"center center","background-size":"auto","background-attachment":"scroll","background-type":"","background-media":"","overlay-type":"","overlay-color":"","overlay-opacity":"","overlay-gradient":""},"mobile":{"background-color":"","background-image":"","background-repeat":"repeat","background-position":"center center","background-size":"auto","background-attachment":"scroll","background-type":"","background-media":"","overlay-type":"","overlay-color":"","overlay-opacity":"","overlay-gradient":""}},"ast-content-background-meta":{"desktop":{"background-color":"var(--ast-global-color-5)","background-image":"","background-repeat":"repeat","background-position":"center center","background-size":"auto","background-attachment":"scroll","background-type":"","background-media":"","overlay-type":"","overlay-color":"","overlay-opacity":"","overlay-gradient":""},"tablet":{"background-color":"var(--ast-global-color-5)","background-image":"","background-repeat":"repeat","background-position":"center center","background-size":"auto","background-attachment":"scroll","background-type":"","background-media":"","overlay-type":"","overlay-color":"","overlay-opacity":"","overlay-gradient":""},"mobile":{"background-color":"var(--ast-global-color-5)","background-image":"","background-repeat":"repeat","background-position":"center center","background-size":"auto","background-attachment":"scroll","background-type":"","background-media":"","overlay-type":"","overlay-color":"","overlay-opacity":"","overlay-gradient":""}}},"product_brand":[],"product_cat":[25,23,132],"product_tag":[378,221,218,220],"class_list":{"0":"post-2625","1":"product","2":"type-product","3":"status-publish","4":"has-post-thumbnail","6":"product_cat-excellent","7":"product_cat-solar-accessories","8":"product_cat-solar-mounting-components","9":"product_tag-double-head-hanger-bolt","10":"product_tag-hanger-bolt-and-hex-flange-nut","11":"product_tag-solar-hanger-bolt","12":"product_tag-solar-mounting-fastener","13":"desktop-align-left","14":"tablet-align-left","15":"mobile-align-left","17":"first","18":"instock","19":"shipping-taxable","20":"product-type-simple"},"spectra_custom_meta":{"_uabb_version":["1.36.1"],"_edit_last":["1"],"_edit_lock":["1763973382:1"],"_thumbnail_id":["2628"],"total_sales":["0"],"_tax_status":["taxable"],"_tax_class":[""],"_manage_stock":["no"],"_backorders":["no"],"_sold_individually":["no"],"_virtual":["no"],"_downloadable":["no"],"_download_limit":["-1"],"_download_expiry":["-1"],"_stock":[null],"_stock_status":["instock"],"_wc_average_rating":["0"],"_wc_review_count":["0"],"_product_version":["9.6.2"],"_product_image_gallery":["2627,2630,2626,2629"],"site-sidebar-layout":["default"],"ast-site-content-layout":["default"],"site-content-style":["default"],"site-sidebar-style":["default"],"theme-transparent-header-meta":["default"],"wb_custom_tabs":["a:0:{}"],"astra-migrate-meta-layouts":["set"],"_uag_page_assets":["a:9:{s:3:\"css\";s:5318:\".uag-blocks-common-selector{z-index:var(--z-index-desktop) !important}@media (max-width: 976px){.uag-blocks-common-selector{z-index:var(--z-index-tablet) !important}}@media (max-width: 767px){.uag-blocks-common-selector{z-index:var(--z-index-mobile) !important}}\n.wp-block-uagb-faq{width:100%}.wp-block-uagb-faq.uagb-faq-layout-accordion .uagb-faq-child__outer-wrap .uagb-faq-questions-button{cursor:pointer}.wp-block-uagb-faq .uagb-faq-content{margin-bottom:0}.wp-block-uagb-faq .uagb-faq-content p{margin:auto}.uagb-faq-layout-grid.uagb-faq-equal-height.uagb-faq__wrap .uagb-faq-child__outer-wrap,.uagb-faq-layout-grid.uagb-faq-equal-height.uagb-faq__wrap .uagb-faq-item{height:100%}body[class*=\"astra\"] .uagb-faq-questions{line-height:normal}.uagb-faq-item{overflow:hidden}\n.wp-block-uagb-faq-child .uagb-faq-questions-button{display:flex;align-items:center}.wp-block-uagb-faq-child .uagb-faq-questions-button .uagb-faq-icon-wrap{display:flex;align-items:center}.wp-block-uagb-faq-child .uagb-faq-questions-button .uagb-question{width:100%;margin-top:0;margin-bottom:0}.wp-block-uagb-faq-child .uagb-icon svg,.wp-block-uagb-faq-child .uagb-icon-active svg{width:15px;height:15px;font-size:15px}.wp-block-uagb-faq-child.uagb-faq-child__outer-wrap.uagb-faq-item .uagb-icon-active,.wp-block-uagb-faq-child.uagb-faq-child__outer-wrap.uagb-faq-item.uagb-faq-item-active .uagb-icon,.wp-block-uagb-faq-child.uagb-faq-child__outer-wrap .uagb-faq-item .uagb-icon-active,.wp-block-uagb-faq-child.uagb-faq-child__outer-wrap .uagb-faq-item.uagb-faq-item-active .uagb-icon{display:none;width:0;padding:0;height:0;margin:0}.wp-block-uagb-faq-child.uagb-faq-child__outer-wrap.uagb-faq-item .uagb-icon,.wp-block-uagb-faq-child.uagb-faq-child__outer-wrap.uagb-faq-item.uagb-faq-item-active .uagb-icon-active,.wp-block-uagb-faq-child.uagb-faq-child__outer-wrap .uagb-faq-item .uagb-icon,.wp-block-uagb-faq-child.uagb-faq-child__outer-wrap .uagb-faq-item.uagb-faq-item-active .uagb-icon-active{display:flex;width:auto;height:auto}.uagb-faq-layout-grid .uagb-faq-child__outer-wrap.uagb-faq-item .uagb-icon,.uagb-faq-layout-grid .uagb-faq-child__outer-wrap.uagb-faq-item.uagb-faq-item-active .uagb-icon-active,.uagb-faq-layout-grid .uagb-faq-child__outer-wrap .uagb-faq-item .uagb-icon,.uagb-faq-layout-grid .uagb-faq-child__outer-wrap .uagb-faq-item.uagb-faq-item-active .uagb-icon-active{display:none}.uagb-faq-layout-grid .uagb-faq-child__outer-wrap.uagb-faq-item span.uagb-icon-active.uagb-faq-icon-wrap,.uagb-faq-layout-grid .uagb-faq-child__outer-wrap.uagb-faq-item.uagb-faq-item-active .uagb-icon-active,.uagb-faq-layout-grid .uagb-faq-child__outer-wrap .uagb-faq-item span.uagb-icon-active.uagb-faq-icon-wrap,.uagb-faq-layout-grid .uagb-faq-child__outer-wrap .uagb-faq-item.uagb-faq-item-active .uagb-icon-active{display:none}\n.uagb-block-55b5edaf .uagb-icon svg{width: 12px;height: 12px;font-size: 12px;}.uagb-block-55b5edaf .uagb-icon-active svg{width: 12px;height: 12px;font-size: 12px;}.uagb-block-55b5edaf .uagb-faq-child__outer-wrap{margin-bottom: 10px;}.uagb-block-55b5edaf .uagb-faq-item{border-top-width: 1px;border-left-width: 1px;border-right-width: 1px;border-bottom-width: 1px;border-top-left-radius: 2px;border-top-right-radius: 2px;border-bottom-left-radius: 2px;border-bottom-right-radius: 2px;border-color: #1e1e1e;border-style: solid;}.uagb-block-55b5edaf .uagb-faq-questions-button{padding-top: 10px;padding-bottom: 10px;padding-right: 10px;padding-left: 10px;}.uagb-block-55b5edaf .uagb-faq-content{padding-top: 10px;padding-bottom: 10px;padding-right: 10px;padding-left: 10px;}.uagb-block-55b5edaf .uagb-faq-content span{margin-top: 10px;margin-bottom: 10px;margin-right: 10px;margin-left: 10px;}.uagb-block-55b5edaf.uagb-faq-icon-row .uagb-faq-item .uagb-faq-icon-wrap{margin-right: 10px;}.uagb-block-55b5edaf.uagb-faq-icon-row-reverse .uagb-faq-item .uagb-faq-icon-wrap{margin-left: 10px;}.uagb-block-55b5edaf .uagb-faq-item .uagb-faq-questions-button.uagb-faq-questions{flex-direction: row;}.uagb-block-55b5edaf .wp-block-uagb-faq-child.uagb-faq-child__outer-wrap .uagb-faq-content {display: none;}@media only screen and (max-width: 976px) {.uagb-block-55b5edaf.uagb-faq-icon-row .uagb-faq-item .uagb-faq-icon-wrap{margin-right: 10px;}.uagb-block-55b5edaf.uagb-faq-icon-row-reverse .uagb-faq-item .uagb-faq-icon-wrap{margin-left: 10px;}.uagb-block-55b5edaf .uagb-faq-questions-button{padding-top: 10px;padding-bottom: 10px;padding-right: 10px;padding-left: 10px;}.uagb-block-55b5edaf .uagb-faq-content{padding-top: 10px;padding-bottom: 10px;padding-right: 10px;padding-left: 10px;}.uagb-block-55b5edaf .uagb-faq-content span{margin-top: 10px;margin-bottom: 10px;margin-right: 10px;margin-left: 10px;}}@media only screen and (max-width: 767px) {.uagb-block-55b5edaf.uagb-faq-icon-row .uagb-faq-item .uagb-faq-icon-wrap{margin-right: 10px;}.uagb-block-55b5edaf.uagb-faq-icon-row-reverse .uagb-faq-item .uagb-faq-icon-wrap{margin-left: 10px;}.uagb-block-55b5edaf .uagb-faq-questions-button{padding-top: 10px;padding-bottom: 10px;padding-right: 10px;padding-left: 10px;}.uagb-block-55b5edaf .uagb-faq-content{padding-top: 10px;padding-bottom: 10px;padding-right: 10px;padding-left: 10px;}.uagb-block-55b5edaf .uagb-faq-content span{margin-top: 10px;margin-bottom: 10px;margin-right: 10px;margin-left: 10px;}}\";s:2:\"js\";s:0:\"\";s:18:\"current_block_list\";a:10:{i:0;s:11:\"core\/search\";i:1;s:10:\"core\/group\";i:2;s:12:\"core\/heading\";i:3;s:17:\"core\/latest-posts\";i:4;s:20:\"core\/latest-comments\";i:5;s:13:\"core\/archives\";i:6;s:15:\"core\/categories\";i:7;s:14:\"core\/paragraph\";i:8;s:8:\"uagb\/faq\";i:9;s:14:\"uagb\/faq-child\";}s:8:\"uag_flag\";b:1;s:11:\"uag_version\";s:10:\"1775829763\";s:6:\"gfonts\";a:0:{}s:10:\"gfonts_url\";s:0:\"\";s:12:\"gfonts_files\";a:0:{}s:14:\"uag_faq_layout\";b:1;}"],"_uag_css_file_name":["uag-css-2625.css"]},"uagb_featured_image_src":{"full":["https:\/\/senyenergy.com\/wp-content\/uploads\/2025\/06\/Solar-Hanger-Bolt-use-with-L-bracket-and-connecting-plate.jpg",800,800,false],"thumbnail":["https:\/\/senyenergy.com\/wp-content\/uploads\/2025\/06\/Solar-Hanger-Bolt-use-with-L-bracket-and-connecting-plate-150x150.jpg",150,150,true],"medium":["https:\/\/senyenergy.com\/wp-content\/uploads\/2025\/06\/Solar-Hanger-Bolt-use-with-L-bracket-and-connecting-plate-300x300.jpg",300,300,true],"medium_large":["https:\/\/senyenergy.com\/wp-content\/uploads\/2025\/06\/Solar-Hanger-Bolt-use-with-L-bracket-and-connecting-plate-768x768.jpg",768,768,true],"large":["https:\/\/senyenergy.com\/wp-content\/uploads\/2025\/06\/Solar-Hanger-Bolt-use-with-L-bracket-and-connecting-plate.jpg",800,800,false],"1536x1536":["https:\/\/senyenergy.com\/wp-content\/uploads\/2025\/06\/Solar-Hanger-Bolt-use-with-L-bracket-and-connecting-plate.jpg",800,800,false],"2048x2048":["https:\/\/senyenergy.com\/wp-content\/uploads\/2025\/06\/Solar-Hanger-Bolt-use-with-L-bracket-and-connecting-plate.jpg",800,800,false],"trp-custom-language-flag":["https:\/\/senyenergy.com\/wp-content\/uploads\/2025\/06\/Solar-Hanger-Bolt-use-with-L-bracket-and-connecting-plate-12x12.jpg",12,12,true],"woocommerce_thumbnail":["https:\/\/senyenergy.com\/wp-content\/uploads\/2025\/06\/Solar-Hanger-Bolt-use-with-L-bracket-and-connecting-plate-300x300.jpg",300,300,true],"woocommerce_single":["https:\/\/senyenergy.com\/wp-content\/uploads\/2025\/06\/Solar-Hanger-Bolt-use-with-L-bracket-and-connecting-plate-600x600.jpg",600,600,true],"woocommerce_gallery_thumbnail":["https:\/\/senyenergy.com\/wp-content\/uploads\/2025\/06\/Solar-Hanger-Bolt-use-with-L-bracket-and-connecting-plate-100x100.jpg",100,100,true]},"uagb_author_info":{"display_name":"wp-admin","author_link":"https:\/\/senyenergy.com\/fr\/author\/"},"uagb_comment_info":0,"uagb_excerpt":"Solar hanger bolt for steel purlin is made of zinc-nickel alloys which the strength is higher than copper material and high corrosion resistance.It comes supplied with EPDM rubber gasket and three stainless steel M10 flange nuts. The bracket is locked between the upper two nuts and the height is adjustable, the bottom nut is used\u2026","_links":{"self":[{"href":"https:\/\/senyenergy.com\/fr\/wp-json\/wp\/v2\/product\/2625","targetHints":{"allow":["GET"]}}],"collection":[{"href":"https:\/\/senyenergy.com\/fr\/wp-json\/wp\/v2\/product"}],"about":[{"href":"https:\/\/senyenergy.com\/fr\/wp-json\/wp\/v2\/types\/product"}],"wp:featuredmedia":[{"embeddable":true,"href":"https:\/\/senyenergy.com\/fr\/wp-json\/wp\/v2\/media\/2628"}],"wp:attachment":[{"href":"https:\/\/senyenergy.com\/fr\/wp-json\/wp\/v2\/media?parent=2625"}],"wp:term":[{"taxonomy":"product_brand","embeddable":true,"href":"https:\/\/senyenergy.com\/fr\/wp-json\/wp\/v2\/product_brand?post=2625"},{"taxonomy":"product_cat","embeddable":true,"href":"https:\/\/senyenergy.com\/fr\/wp-json\/wp\/v2\/product_cat?post=2625"},{"taxonomy":"product_tag","embeddable":true,"href":"https:\/\/senyenergy.com\/fr\/wp-json\/wp\/v2\/product_tag?post=2625"}],"curies":[{"name":"wp","href":"https:\/\/api.w.org\/{rel}","templated":true}]}}