{"id":2615,"date":"2025-06-24T16:45:20","date_gmt":"2025-06-24T08:45:20","guid":{"rendered":"https:\/\/senyenergy.com\/?post_type=product&#038;p=2615"},"modified":"2025-07-13T11:30:39","modified_gmt":"2025-07-13T03:30:39","slug":"bande-detancheite-en-caoutchouc-epdm-pour-panneaux-solaires-en-forme-de-t","status":"publish","type":"product","link":"https:\/\/senyenergy.com\/fr\/produit\/bande-detancheite-en-caoutchouc-epdm-pour-panneaux-solaires-en-forme-de-t\/","title":{"rendered":"Bande d'\u00e9tanch\u00e9it\u00e9 en caoutchouc EPDM pour panneaux solaires en forme de T"},"content":{"rendered":"<p>A<strong> Bande d'\u00e9tanch\u00e9it\u00e9 en caoutchouc EPDM pour panneaux solaires\u00a0<\/strong>est un composant essentiel pour garantir l'int\u00e9grit\u00e9 et la long\u00e9vit\u00e9 des installations de panneaux solaires. Il assure une \u00e9tanch\u00e9it\u00e9 fiable \u00e0 l'eau, \u00e0 la poussi\u00e8re et aux d\u00e9bris, am\u00e9liorant ainsi les performances globales des syst\u00e8mes d'\u00e9nergie solaire.<\/p>\n<p>&nbsp;<\/p>\n<p>Principaux objectifs et fonctions <strong>Bande d'\u00e9tanch\u00e9it\u00e9 en caoutchouc EPDM pour panneaux solaires<\/strong>:<\/p>\n<ul>\n<li>\u00c9tanch\u00e9it\u00e9 : Cr\u00e9e une barri\u00e8re \u00e9tanche entre les panneaux solaires et les rails\/cadres de montage, emp\u00eachant la pluie, la neige et l'humidit\u00e9 de p\u00e9n\u00e9trer.<\/li>\n<li>Protection contre les d\u00e9bris : Emp\u00eache la poussi\u00e8re, les feuilles, les insectes et les petits d\u00e9bris de s'accumuler sous les panneaux.<\/li>\n<li>R\u00e9sistance au soul\u00e8vement par le vent : Aide \u00e0 fixer les panneaux en remplissant les espaces, r\u00e9duisant ainsi les vibrations ou le soul\u00e8vement induits par le vent.<\/li>\n<li>Tampon de dilatation thermique : Absorbe la dilatation\/contraction naturelle des panneaux et des cadres m\u00e9talliques due aux changements de temp\u00e9rature.<\/li>\n<\/ul>\n<p>&nbsp;<\/p>\n<p>En forme de T <strong>Bande d'\u00e9tanch\u00e9it\u00e9 en caoutchouc EPDM pour panneaux solaires<\/strong> est utilis\u00e9 pour les panneaux solaires photovolta\u00efques. Une bande d'\u00e9tanch\u00e9it\u00e9 en caoutchouc EPDM s'ins\u00e8re entre les panneaux pour sceller les interstices, faisant de la couverture solaire un abri \u00e9tanche, id\u00e9al pour les abris de voiture ou les structures solaires. Il pr\u00e9sente une grande r\u00e9sistance \u00e0 la chaleur. Le joint d'extrusion en caoutchouc de silicone poss\u00e8de d'excellentes propri\u00e9t\u00e9s chimiques et physiques, r\u00e9siste aux temp\u00e9ratures \u00e9lev\u00e9es et basses, \u00e0 l'usure, \u00e0 l'huile, \u00e0 la poussi\u00e8re, etc. Il peut \u00e9galement \u00eatre utilis\u00e9 dans la construction navale, les t\u00e9l\u00e9communications, l'aviation, les appareils m\u00e9nagers, l'\u00e9clairage, les \u00e9quipements m\u00e9dicaux, les salons de beaut\u00e9, etc.<\/p>\n<p>&nbsp;<\/p>\n<p>Caract\u00e9ristiques de l'imperm\u00e9able en forme de T <strong>Bande d'\u00e9tanch\u00e9it\u00e9 en caoutchouc EPDM pour panneaux solaires<\/strong>:<\/p>\n<ol>\n<li>Mat\u00e9riau EPDM de haute qualit\u00e9 : Fabriqu\u00e9 en caoutchouc EPDM (\u00e9thyl\u00e8ne-propyl\u00e8ne-di\u00e8ne-monom\u00e8re) durable, connu pour son excellente r\u00e9sistance aux intemp\u00e9ries et son \u00e9lasticit\u00e9.<\/li>\n<li>Propri\u00e9t\u00e9s d'\u00e9tanch\u00e9it\u00e9 : Con\u00e7u pour cr\u00e9er un joint \u00e9tanche, emp\u00eachant la p\u00e9n\u00e9tration de l'humidit\u00e9 qui pourrait endommager les panneaux solaires et les structures de montage.<\/li>\n<li>R\u00e9sistance aux UV : R\u00e9siste \u00e0 la d\u00e9gradation due \u00e0 l'exposition aux UV, garantissant une performance durable dans des conditions ext\u00e9rieures.<\/li>\n<li>Flexible et facile \u00e0 couper : Peut \u00eatre facilement coup\u00e9 \u00e0 la longueur souhait\u00e9e pour des applications personnalis\u00e9es.<\/li>\n<li>Am\u00e9lioration des performances : Aide \u00e0 maintenir des conditions de fonctionnement optimales en emp\u00eachant l'accumulation d'humidit\u00e9 et la corrosion.<\/li>\n<li>Installation facile : Simple \u00e0 appliquer, il est accessible aussi bien aux installateurs professionnels qu'aux bricoleurs.<\/li>\n<li>Solution rentable : R\u00e9duit le risque de d\u00e9g\u00e2ts des eaux, ce qui permet de r\u00e9aliser des \u00e9conomies sur les r\u00e9parations et les remplacements.<\/li>\n<li>Large champ d'application : Convient \u00e0 tous les types de panneaux solaires encadr\u00e9s \u00e0 usage g\u00e9n\u00e9ral sur le march\u00e9 actuel, des petits syst\u00e8mes solaires aux grands syst\u00e8mes de plusieurs m\u00e9gawatts, en passant par les grands syst\u00e8mes de plusieurs m\u00e9gawatts.<\/li>\n<\/ol>\n<p>&nbsp;<\/p>\n<p>Nos caoutchoucs sont produits localement, \u00e0 partir de caoutchouc PVC \u00e9lastique hautement modifi\u00e9 et r\u00e9sistant aux UV, fabriqu\u00e9 \u00e0 partir de trois groupes diff\u00e9rents de mati\u00e8res premi\u00e8res, conform\u00e9ment aux directives de l'Union europ\u00e9enne, et peuvent \u00eatre color\u00e9s et dimensionn\u00e9s sur mesure.<\/p>\n<p>&nbsp;<\/p>\n<p>M\u00e9thode d'installation du joint d'\u00e9tanch\u00e9it\u00e9 du panneau solaire :<\/p>\n<ol>\n<li>Nettoyer l'aluminium qui borde les panneaux.<\/li>\n<li>D\u00e9rouler le joint en caoutchouc \u00e0 la bonne longueur.<\/li>\n<li>Lorsque vous arrivez \u00e0 une pince, coupez le caoutchouc \u00e0 l'aide d'un couteau Stanley ou d'une cisaille.<\/li>\n<li>Couper le caoutchouc de mani\u00e8re \u00e0 ce que le bord sup\u00e9rieur imperm\u00e9able \u00e0 l'eau s'ins\u00e8re autour du collier.<\/li>\n<li>Appliquer une fine couche de produit sur la face inf\u00e9rieure du joint en caoutchouc et la coincer dans l'espace pour cr\u00e9er un joint \u00e9tanche.<\/li>\n<\/ol>\n<p>L'\u00e9tanch\u00e9it\u00e9 du syst\u00e8me solaire PV <strong>Bande d'\u00e9tanch\u00e9it\u00e9 en caoutchouc EPDM pour panneaux solaires<\/strong>\u00a0est essentiel pour maintenir l'int\u00e9grit\u00e9 et la performance des installations solaires. Sa conception durable et flexible offre une protection efficace contre l'humidit\u00e9 et les \u00e9l\u00e9ments environnementaux. Les bandes d'\u00e9tanch\u00e9it\u00e9 en caoutchouc EPDM pour joints de panneaux solaires ne sont pas n\u00e9gociables pour des installations solaires durables et \u00e9tanches. Elles emp\u00eachent les dommages dus \u00e0 l'humidit\u00e9, am\u00e9liorent la s\u00e9curit\u00e9 et prolongent la dur\u00e9e de vie du syst\u00e8me en tirant parti de la r\u00e9sistance exceptionnelle de l'EPDM aux intemp\u00e9ries.<\/p>","protected":false},"excerpt":{"rendered":"<p>La bande d'\u00e9tanch\u00e9it\u00e9 en caoutchouc EPDM en forme de T est utilis\u00e9e pour les panneaux solaires photovolta\u00efques. La bande d'\u00e9tanch\u00e9it\u00e9 en caoutchouc EPDM s'ins\u00e8re entre les panneaux pour sceller les interstices, faisant de la couverture solaire un abri \u00e9tanche, id\u00e9al pour les abris de voiture ou les structures solaires. Il pr\u00e9sente une grande r\u00e9sistance \u00e0 la chaleur. Le joint d'extrusion en caoutchouc de silicone poss\u00e8de d'excellentes propri\u00e9t\u00e9s chimiques et physiques, r\u00e9siste aux temp\u00e9ratures \u00e9lev\u00e9es et basses, \u00e0 l'usure, \u00e0 l'huile, \u00e0 la poussi\u00e8re, etc. Il peut \u00e9galement \u00eatre utilis\u00e9 dans la construction navale, les t\u00e9l\u00e9communications, l'aviation, les appareils m\u00e9nagers, l'\u00e9clairage, les \u00e9quipements m\u00e9dicaux, les salons de beaut\u00e9, etc.<\/p>\n<div class=\"wp-block-button popmake-1937\"><a class=\"wp-block-button__link wp-element-button\">v\u00e9rification des prix<\/a><\/div>","protected":false},"featured_media":2618,"template":"","meta":{"_uag_custom_page_level_css":"","site-sidebar-layout":"default","site-content-layout":"","ast-site-content-layout":"default","site-content-style":"default","site-sidebar-style":"default","ast-global-header-display":"","ast-banner-title-visibility":"","ast-main-header-display":"","ast-hfb-above-header-display":"","ast-hfb-below-header-display":"","ast-hfb-mobile-header-display":"","site-post-title":"","ast-breadcrumbs-content":"","ast-featured-img":"","footer-sml-layout":"","ast-disable-related-posts":"","theme-transparent-header-meta":"default","adv-header-id-meta":"","stick-header-meta":"","header-above-stick-meta":"","header-main-stick-meta":"","header-below-stick-meta":"","astra-migrate-meta-layouts":"set","ast-page-background-enabled":"default","ast-page-background-meta":{"desktop":{"background-color":"","background-image":"","background-repeat":"repeat","background-position":"center center","background-size":"auto","background-attachment":"scroll","background-type":"","background-media":"","overlay-type":"","overlay-color":"","overlay-opacity":"","overlay-gradient":""},"tablet":{"background-color":"","background-image":"","background-repeat":"repeat","background-position":"center center","background-size":"auto","background-attachment":"scroll","background-type":"","background-media":"","overlay-type":"","overlay-color":"","overlay-opacity":"","overlay-gradient":""},"mobile":{"background-color":"","background-image":"","background-repeat":"repeat","background-position":"center center","background-size":"auto","background-attachment":"scroll","background-type":"","background-media":"","overlay-type":"","overlay-color":"","overlay-opacity":"","overlay-gradient":""}},"ast-content-background-meta":{"desktop":{"background-color":"var(--ast-global-color-5)","background-image":"","background-repeat":"repeat","background-position":"center center","background-size":"auto","background-attachment":"scroll","background-type":"","background-media":"","overlay-type":"","overlay-color":"","overlay-opacity":"","overlay-gradient":""},"tablet":{"background-color":"var(--ast-global-color-5)","background-image":"","background-repeat":"repeat","background-position":"center center","background-size":"auto","background-attachment":"scroll","background-type":"","background-media":"","overlay-type":"","overlay-color":"","overlay-opacity":"","overlay-gradient":""},"mobile":{"background-color":"var(--ast-global-color-5)","background-image":"","background-repeat":"repeat","background-position":"center center","background-size":"auto","background-attachment":"scroll","background-type":"","background-media":"","overlay-type":"","overlay-color":"","overlay-opacity":"","overlay-gradient":""}}},"product_brand":[],"product_cat":[25,23,132,33],"product_tag":[216,215,217,39,38,37,214],"class_list":{"0":"post-2615","1":"product","2":"type-product","3":"status-publish","4":"has-post-thumbnail","6":"product_cat-excellent","7":"product_cat-solar-accessories","8":"product_cat-solar-mounting-components","9":"product_cat-solar-panel-accessories","10":"product_tag-epdm-rubber-pad","11":"product_tag-solar-panel-seam-gasket","12":"product_tag-solar-panel-waterproof","13":"product_tag-solar-waterproof-solutions","14":"product_tag-solar-waterproof-system","15":"product_tag-waterproof-mounting","16":"product_tag-waterproof-rubber-seal-strip","17":"desktop-align-left","18":"tablet-align-left","19":"mobile-align-left","21":"first","22":"instock","23":"shipping-taxable","24":"product-type-simple"},"spectra_custom_meta":{"_uabb_version":["1.36.1"],"_edit_last":["1"],"_edit_lock":["1752377432:1"],"_thumbnail_id":["2618"],"total_sales":["0"],"_tax_status":["taxable"],"_tax_class":[""],"_manage_stock":["no"],"_backorders":["no"],"_sold_individually":["no"],"_virtual":["no"],"_downloadable":["no"],"_download_limit":["-1"],"_download_expiry":["-1"],"_stock":[null],"_stock_status":["instock"],"_wc_average_rating":["0"],"_wc_review_count":["0"],"_product_version":["9.6.2"],"_product_image_gallery":["2616,2619,2617,2620"],"site-sidebar-layout":["default"],"ast-site-content-layout":["default"],"site-content-style":["default"],"site-sidebar-style":["default"],"theme-transparent-header-meta":["default"],"astra-migrate-meta-layouts":["set"],"_uag_page_assets":["a:9:{s:3:\"css\";s:5318:\".uag-blocks-common-selector{z-index:var(--z-index-desktop) !important}@media (max-width: 976px){.uag-blocks-common-selector{z-index:var(--z-index-tablet) !important}}@media (max-width: 767px){.uag-blocks-common-selector{z-index:var(--z-index-mobile) !important}}\n.wp-block-uagb-faq{width:100%}.wp-block-uagb-faq.uagb-faq-layout-accordion .uagb-faq-child__outer-wrap .uagb-faq-questions-button{cursor:pointer}.wp-block-uagb-faq .uagb-faq-content{margin-bottom:0}.wp-block-uagb-faq .uagb-faq-content p{margin:auto}.uagb-faq-layout-grid.uagb-faq-equal-height.uagb-faq__wrap .uagb-faq-child__outer-wrap,.uagb-faq-layout-grid.uagb-faq-equal-height.uagb-faq__wrap .uagb-faq-item{height:100%}body[class*=\"astra\"] .uagb-faq-questions{line-height:normal}.uagb-faq-item{overflow:hidden}\n.wp-block-uagb-faq-child .uagb-faq-questions-button{display:flex;align-items:center}.wp-block-uagb-faq-child .uagb-faq-questions-button .uagb-faq-icon-wrap{display:flex;align-items:center}.wp-block-uagb-faq-child .uagb-faq-questions-button .uagb-question{width:100%;margin-top:0;margin-bottom:0}.wp-block-uagb-faq-child .uagb-icon svg,.wp-block-uagb-faq-child .uagb-icon-active svg{width:15px;height:15px;font-size:15px}.wp-block-uagb-faq-child.uagb-faq-child__outer-wrap.uagb-faq-item .uagb-icon-active,.wp-block-uagb-faq-child.uagb-faq-child__outer-wrap.uagb-faq-item.uagb-faq-item-active .uagb-icon,.wp-block-uagb-faq-child.uagb-faq-child__outer-wrap .uagb-faq-item .uagb-icon-active,.wp-block-uagb-faq-child.uagb-faq-child__outer-wrap .uagb-faq-item.uagb-faq-item-active .uagb-icon{display:none;width:0;padding:0;height:0;margin:0}.wp-block-uagb-faq-child.uagb-faq-child__outer-wrap.uagb-faq-item .uagb-icon,.wp-block-uagb-faq-child.uagb-faq-child__outer-wrap.uagb-faq-item.uagb-faq-item-active .uagb-icon-active,.wp-block-uagb-faq-child.uagb-faq-child__outer-wrap .uagb-faq-item .uagb-icon,.wp-block-uagb-faq-child.uagb-faq-child__outer-wrap .uagb-faq-item.uagb-faq-item-active .uagb-icon-active{display:flex;width:auto;height:auto}.uagb-faq-layout-grid .uagb-faq-child__outer-wrap.uagb-faq-item .uagb-icon,.uagb-faq-layout-grid .uagb-faq-child__outer-wrap.uagb-faq-item.uagb-faq-item-active .uagb-icon-active,.uagb-faq-layout-grid .uagb-faq-child__outer-wrap .uagb-faq-item .uagb-icon,.uagb-faq-layout-grid .uagb-faq-child__outer-wrap .uagb-faq-item.uagb-faq-item-active .uagb-icon-active{display:none}.uagb-faq-layout-grid .uagb-faq-child__outer-wrap.uagb-faq-item span.uagb-icon-active.uagb-faq-icon-wrap,.uagb-faq-layout-grid .uagb-faq-child__outer-wrap.uagb-faq-item.uagb-faq-item-active .uagb-icon-active,.uagb-faq-layout-grid .uagb-faq-child__outer-wrap .uagb-faq-item span.uagb-icon-active.uagb-faq-icon-wrap,.uagb-faq-layout-grid .uagb-faq-child__outer-wrap .uagb-faq-item.uagb-faq-item-active .uagb-icon-active{display:none}\n.uagb-block-55b5edaf .uagb-icon svg{width: 12px;height: 12px;font-size: 12px;}.uagb-block-55b5edaf .uagb-icon-active svg{width: 12px;height: 12px;font-size: 12px;}.uagb-block-55b5edaf .uagb-faq-child__outer-wrap{margin-bottom: 10px;}.uagb-block-55b5edaf .uagb-faq-item{border-top-width: 1px;border-left-width: 1px;border-right-width: 1px;border-bottom-width: 1px;border-top-left-radius: 2px;border-top-right-radius: 2px;border-bottom-left-radius: 2px;border-bottom-right-radius: 2px;border-color: #1e1e1e;border-style: solid;}.uagb-block-55b5edaf .uagb-faq-questions-button{padding-top: 10px;padding-bottom: 10px;padding-right: 10px;padding-left: 10px;}.uagb-block-55b5edaf .uagb-faq-content{padding-top: 10px;padding-bottom: 10px;padding-right: 10px;padding-left: 10px;}.uagb-block-55b5edaf .uagb-faq-content span{margin-top: 10px;margin-bottom: 10px;margin-right: 10px;margin-left: 10px;}.uagb-block-55b5edaf.uagb-faq-icon-row .uagb-faq-item .uagb-faq-icon-wrap{margin-right: 10px;}.uagb-block-55b5edaf.uagb-faq-icon-row-reverse .uagb-faq-item .uagb-faq-icon-wrap{margin-left: 10px;}.uagb-block-55b5edaf .uagb-faq-item .uagb-faq-questions-button.uagb-faq-questions{flex-direction: row;}.uagb-block-55b5edaf .wp-block-uagb-faq-child.uagb-faq-child__outer-wrap .uagb-faq-content {display: none;}@media only screen and (max-width: 976px) {.uagb-block-55b5edaf.uagb-faq-icon-row .uagb-faq-item .uagb-faq-icon-wrap{margin-right: 10px;}.uagb-block-55b5edaf.uagb-faq-icon-row-reverse .uagb-faq-item .uagb-faq-icon-wrap{margin-left: 10px;}.uagb-block-55b5edaf .uagb-faq-questions-button{padding-top: 10px;padding-bottom: 10px;padding-right: 10px;padding-left: 10px;}.uagb-block-55b5edaf .uagb-faq-content{padding-top: 10px;padding-bottom: 10px;padding-right: 10px;padding-left: 10px;}.uagb-block-55b5edaf .uagb-faq-content span{margin-top: 10px;margin-bottom: 10px;margin-right: 10px;margin-left: 10px;}}@media only screen and (max-width: 767px) {.uagb-block-55b5edaf.uagb-faq-icon-row .uagb-faq-item .uagb-faq-icon-wrap{margin-right: 10px;}.uagb-block-55b5edaf.uagb-faq-icon-row-reverse .uagb-faq-item .uagb-faq-icon-wrap{margin-left: 10px;}.uagb-block-55b5edaf .uagb-faq-questions-button{padding-top: 10px;padding-bottom: 10px;padding-right: 10px;padding-left: 10px;}.uagb-block-55b5edaf .uagb-faq-content{padding-top: 10px;padding-bottom: 10px;padding-right: 10px;padding-left: 10px;}.uagb-block-55b5edaf .uagb-faq-content span{margin-top: 10px;margin-bottom: 10px;margin-right: 10px;margin-left: 10px;}}\";s:2:\"js\";s:0:\"\";s:18:\"current_block_list\";a:10:{i:0;s:11:\"core\/search\";i:1;s:10:\"core\/group\";i:2;s:12:\"core\/heading\";i:3;s:17:\"core\/latest-posts\";i:4;s:20:\"core\/latest-comments\";i:5;s:13:\"core\/archives\";i:6;s:15:\"core\/categories\";i:7;s:14:\"core\/paragraph\";i:8;s:8:\"uagb\/faq\";i:9;s:14:\"uagb\/faq-child\";}s:8:\"uag_flag\";b:1;s:11:\"uag_version\";s:10:\"1775829763\";s:6:\"gfonts\";a:0:{}s:10:\"gfonts_url\";s:0:\"\";s:12:\"gfonts_files\";a:0:{}s:14:\"uag_faq_layout\";b:1;}"],"_uag_css_file_name":["uag-css-2615.css"]},"uagb_featured_image_src":{"full":["https:\/\/senyenergy.com\/wp-content\/uploads\/2025\/06\/Solar-panel-seam-gasket.jpg",800,800,false],"thumbnail":["https:\/\/senyenergy.com\/wp-content\/uploads\/2025\/06\/Solar-panel-seam-gasket-150x150.jpg",150,150,true],"medium":["https:\/\/senyenergy.com\/wp-content\/uploads\/2025\/06\/Solar-panel-seam-gasket-300x300.jpg",300,300,true],"medium_large":["https:\/\/senyenergy.com\/wp-content\/uploads\/2025\/06\/Solar-panel-seam-gasket-768x768.jpg",768,768,true],"large":["https:\/\/senyenergy.com\/wp-content\/uploads\/2025\/06\/Solar-panel-seam-gasket.jpg",800,800,false],"1536x1536":["https:\/\/senyenergy.com\/wp-content\/uploads\/2025\/06\/Solar-panel-seam-gasket.jpg",800,800,false],"2048x2048":["https:\/\/senyenergy.com\/wp-content\/uploads\/2025\/06\/Solar-panel-seam-gasket.jpg",800,800,false],"trp-custom-language-flag":["https:\/\/senyenergy.com\/wp-content\/uploads\/2025\/06\/Solar-panel-seam-gasket-12x12.jpg",12,12,true],"woocommerce_thumbnail":["https:\/\/senyenergy.com\/wp-content\/uploads\/2025\/06\/Solar-panel-seam-gasket-300x300.jpg",300,300,true],"woocommerce_single":["https:\/\/senyenergy.com\/wp-content\/uploads\/2025\/06\/Solar-panel-seam-gasket-600x600.jpg",600,600,true],"woocommerce_gallery_thumbnail":["https:\/\/senyenergy.com\/wp-content\/uploads\/2025\/06\/Solar-panel-seam-gasket-100x100.jpg",100,100,true]},"uagb_author_info":{"display_name":"wp-admin","author_link":"https:\/\/senyenergy.com\/fr\/author\/"},"uagb_comment_info":0,"uagb_excerpt":"T-shaped waterproof EPDM rubber seal strip is used for solar photovoltaic panels. And EPDM rubber seal strip fits in between the panels to seal the gaps, making a Solar cover a water - tight shelter, ideal for Solar car ports or structures. It has great heat resistance. Silicone rubber extrusion seal has excellent chemical and\u2026","_links":{"self":[{"href":"https:\/\/senyenergy.com\/fr\/wp-json\/wp\/v2\/product\/2615","targetHints":{"allow":["GET"]}}],"collection":[{"href":"https:\/\/senyenergy.com\/fr\/wp-json\/wp\/v2\/product"}],"about":[{"href":"https:\/\/senyenergy.com\/fr\/wp-json\/wp\/v2\/types\/product"}],"wp:featuredmedia":[{"embeddable":true,"href":"https:\/\/senyenergy.com\/fr\/wp-json\/wp\/v2\/media\/2618"}],"wp:attachment":[{"href":"https:\/\/senyenergy.com\/fr\/wp-json\/wp\/v2\/media?parent=2615"}],"wp:term":[{"taxonomy":"product_brand","embeddable":true,"href":"https:\/\/senyenergy.com\/fr\/wp-json\/wp\/v2\/product_brand?post=2615"},{"taxonomy":"product_cat","embeddable":true,"href":"https:\/\/senyenergy.com\/fr\/wp-json\/wp\/v2\/product_cat?post=2615"},{"taxonomy":"product_tag","embeddable":true,"href":"https:\/\/senyenergy.com\/fr\/wp-json\/wp\/v2\/product_tag?post=2615"}],"curies":[{"name":"wp","href":"https:\/\/api.w.org\/{rel}","templated":true}]}}