{"id":2602,"date":"2025-06-20T13:09:30","date_gmt":"2025-06-20T05:09:30","guid":{"rendered":"https:\/\/senyenergy.com\/?post_type=product&#038;p=2602"},"modified":"2025-06-20T13:09:31","modified_gmt":"2025-06-20T05:09:31","slug":"panneau-solaire-en-aluminium-collier-de-serrage-ajustable-30-50mm","status":"publish","type":"product","link":"https:\/\/senyenergy.com\/fr\/produit\/panneau-solaire-en-aluminium-collier-de-serrage-ajustable-30-50mm\/","title":{"rendered":"Collier de serrage ajustable pour panneau solaire en aluminium 30-50mm"},"content":{"rendered":"<p>Aluminium <strong><b>Collier de serrage r\u00e9glable pour panneau solaire<\/b><\/strong> est un composant multifonctionnel de haute qualit\u00e9 utilis\u00e9 pour fixer l'extr\u00e9mit\u00e9 des panneaux solaires dans les syst\u00e8mes d'installation solaire. Cette pince d'extr\u00e9mit\u00e9 r\u00e9glable permet une installation plus simple et plus flexible pour le montage des panneaux solaires. Il est con\u00e7u pour s'adapter \u00e0 diff\u00e9rentes \u00e9paisseurs de cadres de modules photovolta\u00efques allant de 30 \u00e0 50 mm. C'est un composant solaire id\u00e9al lorsque vous n'\u00eates pas s\u00fbr de l'\u00e9paisseur du cadre des modules PV, il est tr\u00e8s pratique pour le syst\u00e8me de montage solaire.<\/p>\n<p>&nbsp;<\/p>\n<p>La pince d'extr\u00e9mit\u00e9 r\u00e9glable pour panneaux solaires maintient fermement les panneaux solaires sur les bords du cadre. Elle fonctionne en conjonction avec la pince interm\u00e9diaire pour offrir plus de stabilit\u00e9 sur les rails.<\/p>\n<p>&nbsp;<\/p>\n<p>Notre <strong><b>Collier de serrage r\u00e9glable pour panneau solaire<\/b><\/strong>\u00a0\u00a0Les kits comprennent : la base, la fixation sup\u00e9rieure, la vis SUS304 et l'\u00e9crou coulissant en aluminium. Nous pouvons \u00e9galement vendre la pince s\u00e9par\u00e9ment. Les mat\u00e9riaux de fixation en aluminium anodis\u00e9 et en acier inoxydable sont tr\u00e8s r\u00e9sistants \u00e0 la corrosion et \u00e0 la rouille. La couleur noire est optionnelle. Nous sommes toujours tr\u00e8s attentifs \u00e0 la qualit\u00e9 de nos produits, de chaque petite pi\u00e8ce \u00e0 l'ensemble du support, et nous fournissons une garantie pour tous nos produits.<\/p>\n<p>&nbsp;<\/p>\n<p>Caract\u00e9ristiques de cette <strong><b>Collier de serrage r\u00e9glable pour panneau solaire<\/b><\/strong>\u00a0:<\/p>\n<ul>\n<li>Conception r\u00e9glable : Permet un r\u00e9glage fin de la position de la pince pour s'adapter \u00e0 diff\u00e9rentes tailles et configurations de panneaux.<\/li>\n<li>Mat\u00e9riaux durables : G\u00e9n\u00e9ralement fabriqu\u00e9s \u00e0 partir d'aluminium et d'acier inoxydable r\u00e9sistant \u00e0 la corrosion, ils garantissent la long\u00e9vit\u00e9 et la r\u00e9sistance aux conditions environnementales.<\/li>\n<li>Installation facile : Con\u00e7u pour une installation simple, sans outils sp\u00e9cialis\u00e9s.<\/li>\n<li>Compatibilit\u00e9 : Fonctionne avec diff\u00e9rents types de panneaux solaires et de syst\u00e8mes de montage, offrant ainsi une grande souplesse d'installation.<\/li>\n<\/ul>\n<p>&nbsp;<\/p>\n<p>Pourquoi utiliser le\u00a0<strong><b>Collier de serrage r\u00e9glable pour panneau solaire<\/b><\/strong> ?<\/p>\n<ol>\n<li>La polyvalence : Le plus grand avantage. Un seul mod\u00e8le de pince peut \u00eatre utilis\u00e9 avec de nombreuses marques et de nombreux mod\u00e8les de panneaux solaires, ce qui \u00e9vite d'avoir \u00e0 recourir \u00e0 de multiples pinces sp\u00e9cifiques. Cela simplifie l'approvisionnement et l'inventaire.<\/li>\n<li>Compatibilit\u00e9 : Indispensable lors de l'installation de plusieurs types de panneaux sur un m\u00eame projet ou lorsque les futurs remplacements\/am\u00e9liorations de panneaux peuvent avoir des dimensions de cadre diff\u00e9rentes.<\/li>\n<li>Absorption des tol\u00e9rances : Compense les variations mineures dans l'\u00e9paisseur du cadre du panneau et les tol\u00e9rances de fabrication, garantissant un ajustement coh\u00e9rent et s\u00fbr.<\/li>\n<li>R\u00e9duction des erreurs d'installation : Moins de risques d'utiliser le mauvais collier de serrage.<\/li>\n<li>Efficacit\u00e9 : Les installateurs n'ont pas besoin de v\u00e9rifier constamment qu'ils disposent de la pince fixe exacte pour chaque type\/section de panneau.<\/li>\n<li>Rentabilit\u00e9 : Bien que les pinces individuelles puissent co\u00fbter l\u00e9g\u00e8rement plus cher que les versions fixes, le co\u00fbt global du projet est souvent inf\u00e9rieur en raison de la r\u00e9duction du nombre de r\u00e9f\u00e9rences et de la simplification de la logistique.<\/li>\n<\/ol>\n<p>&nbsp;<\/p>\n<p><strong><b>Collier de serrage r\u00e9glable pour panneau solaire<\/b><\/strong>sont la solution moderne et flexible pour fixer les extr\u00e9mit\u00e9s des panneaux solaires aux rails de montage. Leur capacit\u00e9 \u00e0 s'adapter \u00e0 diff\u00e9rentes \u00e9paisseurs de cadre de panneau en fait des composants tr\u00e8s polyvalents, rentables et fiables, essentiels pour des installations de panneaux solaires efficaces et s\u00fbres.<\/p>","protected":false},"excerpt":{"rendered":"<p>Cette pince d'extr\u00e9mit\u00e9 r\u00e9glable permet une installation plus simple et plus flexible pour le montage des panneaux solaires. Elle est con\u00e7ue pour s'adapter \u00e0 diff\u00e9rentes \u00e9paisseurs de modules PV allant de 30 mm \u00e0 50 mm. C'est un composant solaire id\u00e9al lorsque vous n'\u00eates pas s\u00fbr de l'\u00e9paisseur du cadre des modules PV, il est tr\u00e8s pratique pour le syst\u00e8me de montage solaire.<\/p>\n<div class=\"wp-block-button popmake-1937\"><a class=\"wp-block-button__link wp-element-button\">v\u00e9rification des prix<\/a><\/div>","protected":false},"featured_media":2603,"template":"","meta":{"_uag_custom_page_level_css":"","site-sidebar-layout":"default","site-content-layout":"","ast-site-content-layout":"default","site-content-style":"default","site-sidebar-style":"default","ast-global-header-display":"","ast-banner-title-visibility":"","ast-main-header-display":"","ast-hfb-above-header-display":"","ast-hfb-below-header-display":"","ast-hfb-mobile-header-display":"","site-post-title":"","ast-breadcrumbs-content":"","ast-featured-img":"","footer-sml-layout":"","ast-disable-related-posts":"","theme-transparent-header-meta":"default","adv-header-id-meta":"","stick-header-meta":"","header-above-stick-meta":"","header-main-stick-meta":"","header-below-stick-meta":"","astra-migrate-meta-layouts":"set","ast-page-background-enabled":"default","ast-page-background-meta":{"desktop":{"background-color":"","background-image":"","background-repeat":"repeat","background-position":"center center","background-size":"auto","background-attachment":"scroll","background-type":"","background-media":"","overlay-type":"","overlay-color":"","overlay-opacity":"","overlay-gradient":""},"tablet":{"background-color":"","background-image":"","background-repeat":"repeat","background-position":"center center","background-size":"auto","background-attachment":"scroll","background-type":"","background-media":"","overlay-type":"","overlay-color":"","overlay-opacity":"","overlay-gradient":""},"mobile":{"background-color":"","background-image":"","background-repeat":"repeat","background-position":"center center","background-size":"auto","background-attachment":"scroll","background-type":"","background-media":"","overlay-type":"","overlay-color":"","overlay-opacity":"","overlay-gradient":""}},"ast-content-background-meta":{"desktop":{"background-color":"var(--ast-global-color-5)","background-image":"","background-repeat":"repeat","background-position":"center center","background-size":"auto","background-attachment":"scroll","background-type":"","background-media":"","overlay-type":"","overlay-color":"","overlay-opacity":"","overlay-gradient":""},"tablet":{"background-color":"var(--ast-global-color-5)","background-image":"","background-repeat":"repeat","background-position":"center center","background-size":"auto","background-attachment":"scroll","background-type":"","background-media":"","overlay-type":"","overlay-color":"","overlay-opacity":"","overlay-gradient":""},"mobile":{"background-color":"var(--ast-global-color-5)","background-image":"","background-repeat":"repeat","background-position":"center center","background-size":"auto","background-attachment":"scroll","background-type":"","background-media":"","overlay-type":"","overlay-color":"","overlay-opacity":"","overlay-gradient":""}}},"product_brand":[],"product_cat":[25,23,132,33],"product_tag":[142,210,209,47,46,55,207,34,208,211,65],"class_list":{"0":"post-2602","1":"product","2":"type-product","3":"status-publish","4":"has-post-thumbnail","6":"product_cat-excellent","7":"product_cat-solar-accessories","8":"product_cat-solar-mounting-components","9":"product_cat-solar-panel-accessories","10":"product_tag-rv-solar-panel-mount","11":"product_tag-solar-adjustable-clamp","12":"product_tag-solar-adjustable-end-clamp","13":"product_tag-solar-adjustable-kits","14":"product_tag-solar-adjustable-mounting","15":"product_tag-solar-clamp","16":"product_tag-solar-end-clamp","17":"product_tag-solar-panel","18":"product_tag-solar-panel-clamp","19":"product_tag-solar-pv-clamp","20":"product_tag-solar-pv-clip","21":"desktop-align-left","22":"tablet-align-left","23":"mobile-align-left","25":"first","26":"instock","27":"shipping-taxable","28":"product-type-simple"},"spectra_custom_meta":{"_uabb_version":["1.36.1"],"_edit_last":["1"],"_edit_lock":["1750664215:1"],"_thumbnail_id":["2603"],"total_sales":["0"],"_tax_status":["taxable"],"_tax_class":[""],"_manage_stock":["no"],"_backorders":["no"],"_sold_individually":["no"],"_virtual":["no"],"_downloadable":["no"],"_download_limit":["-1"],"_download_expiry":["-1"],"_stock":[null],"_stock_status":["instock"],"_wc_average_rating":["0"],"_wc_review_count":["0"],"_product_version":["9.6.2"],"_product_image_gallery":["2604,2607,2605,2606,2608"],"site-sidebar-layout":["default"],"ast-site-content-layout":["default"],"site-content-style":["default"],"site-sidebar-style":["default"],"theme-transparent-header-meta":["default"],"astra-migrate-meta-layouts":["set"],"_uag_page_assets":["a:9:{s:3:\"css\";s:5055:\".wp-block-uagb-faq{width:100%}.wp-block-uagb-faq.uagb-faq-layout-accordion .uagb-faq-child__outer-wrap .uagb-faq-questions-button{cursor:pointer}.wp-block-uagb-faq .uagb-faq-content{margin-bottom:0}.wp-block-uagb-faq .uagb-faq-content p{margin:auto}.uagb-faq-layout-grid.uagb-faq-equal-height.uagb-faq__wrap .uagb-faq-child__outer-wrap,.uagb-faq-layout-grid.uagb-faq-equal-height.uagb-faq__wrap .uagb-faq-item{height:100%}body[class*=\"astra\"] .uagb-faq-questions{line-height:normal}.uagb-faq-item{overflow:hidden}\n.wp-block-uagb-faq-child .uagb-faq-questions-button{display:flex;align-items:center}.wp-block-uagb-faq-child .uagb-faq-questions-button .uagb-faq-icon-wrap{display:flex;align-items:center}.wp-block-uagb-faq-child .uagb-faq-questions-button .uagb-question{width:100%;margin-top:0;margin-bottom:0}.wp-block-uagb-faq-child .uagb-icon svg,.wp-block-uagb-faq-child .uagb-icon-active svg{width:15px;height:15px;font-size:15px}.wp-block-uagb-faq-child.uagb-faq-child__outer-wrap.uagb-faq-item .uagb-icon-active,.wp-block-uagb-faq-child.uagb-faq-child__outer-wrap.uagb-faq-item.uagb-faq-item-active .uagb-icon,.wp-block-uagb-faq-child.uagb-faq-child__outer-wrap .uagb-faq-item .uagb-icon-active,.wp-block-uagb-faq-child.uagb-faq-child__outer-wrap .uagb-faq-item.uagb-faq-item-active .uagb-icon{display:none;width:0;padding:0;height:0;margin:0}.wp-block-uagb-faq-child.uagb-faq-child__outer-wrap.uagb-faq-item .uagb-icon,.wp-block-uagb-faq-child.uagb-faq-child__outer-wrap.uagb-faq-item.uagb-faq-item-active .uagb-icon-active,.wp-block-uagb-faq-child.uagb-faq-child__outer-wrap .uagb-faq-item .uagb-icon,.wp-block-uagb-faq-child.uagb-faq-child__outer-wrap .uagb-faq-item.uagb-faq-item-active .uagb-icon-active{display:flex;width:auto;height:auto}.uagb-faq-layout-grid .uagb-faq-child__outer-wrap.uagb-faq-item .uagb-icon,.uagb-faq-layout-grid .uagb-faq-child__outer-wrap.uagb-faq-item.uagb-faq-item-active .uagb-icon-active,.uagb-faq-layout-grid .uagb-faq-child__outer-wrap .uagb-faq-item .uagb-icon,.uagb-faq-layout-grid .uagb-faq-child__outer-wrap .uagb-faq-item.uagb-faq-item-active .uagb-icon-active{display:none}.uagb-faq-layout-grid .uagb-faq-child__outer-wrap.uagb-faq-item span.uagb-icon-active.uagb-faq-icon-wrap,.uagb-faq-layout-grid .uagb-faq-child__outer-wrap.uagb-faq-item.uagb-faq-item-active .uagb-icon-active,.uagb-faq-layout-grid .uagb-faq-child__outer-wrap .uagb-faq-item span.uagb-icon-active.uagb-faq-icon-wrap,.uagb-faq-layout-grid .uagb-faq-child__outer-wrap .uagb-faq-item.uagb-faq-item-active .uagb-icon-active{display:none}\n.uagb-block-55b5edaf .uagb-icon svg{width: 12px;height: 12px;font-size: 12px;}.uagb-block-55b5edaf .uagb-icon-active svg{width: 12px;height: 12px;font-size: 12px;}.uagb-block-55b5edaf .uagb-faq-child__outer-wrap{margin-bottom: 10px;}.uagb-block-55b5edaf .uagb-faq-item{border-top-width: 1px;border-left-width: 1px;border-right-width: 1px;border-bottom-width: 1px;border-top-left-radius: 2px;border-top-right-radius: 2px;border-bottom-left-radius: 2px;border-bottom-right-radius: 2px;border-color: #1e1e1e;border-style: solid;}.uagb-block-55b5edaf .uagb-faq-questions-button{padding-top: 10px;padding-bottom: 10px;padding-right: 10px;padding-left: 10px;}.uagb-block-55b5edaf .uagb-faq-content{padding-top: 10px;padding-bottom: 10px;padding-right: 10px;padding-left: 10px;}.uagb-block-55b5edaf .uagb-faq-content span{margin-top: 10px;margin-bottom: 10px;margin-right: 10px;margin-left: 10px;}.uagb-block-55b5edaf.uagb-faq-icon-row .uagb-faq-item .uagb-faq-icon-wrap{margin-right: 10px;}.uagb-block-55b5edaf.uagb-faq-icon-row-reverse .uagb-faq-item .uagb-faq-icon-wrap{margin-left: 10px;}.uagb-block-55b5edaf .uagb-faq-item .uagb-faq-questions-button.uagb-faq-questions{flex-direction: row;}.uagb-block-55b5edaf .wp-block-uagb-faq-child.uagb-faq-child__outer-wrap .uagb-faq-content {display: none;}@media only screen and (max-width: 976px) {.uagb-block-55b5edaf.uagb-faq-icon-row .uagb-faq-item .uagb-faq-icon-wrap{margin-right: 10px;}.uagb-block-55b5edaf.uagb-faq-icon-row-reverse .uagb-faq-item .uagb-faq-icon-wrap{margin-left: 10px;}.uagb-block-55b5edaf .uagb-faq-questions-button{padding-top: 10px;padding-bottom: 10px;padding-right: 10px;padding-left: 10px;}.uagb-block-55b5edaf .uagb-faq-content{padding-top: 10px;padding-bottom: 10px;padding-right: 10px;padding-left: 10px;}.uagb-block-55b5edaf .uagb-faq-content span{margin-top: 10px;margin-bottom: 10px;margin-right: 10px;margin-left: 10px;}}@media only screen and (max-width: 767px) {.uagb-block-55b5edaf.uagb-faq-icon-row .uagb-faq-item .uagb-faq-icon-wrap{margin-right: 10px;}.uagb-block-55b5edaf.uagb-faq-icon-row-reverse .uagb-faq-item .uagb-faq-icon-wrap{margin-left: 10px;}.uagb-block-55b5edaf .uagb-faq-questions-button{padding-top: 10px;padding-bottom: 10px;padding-right: 10px;padding-left: 10px;}.uagb-block-55b5edaf .uagb-faq-content{padding-top: 10px;padding-bottom: 10px;padding-right: 10px;padding-left: 10px;}.uagb-block-55b5edaf .uagb-faq-content span{margin-top: 10px;margin-bottom: 10px;margin-right: 10px;margin-left: 10px;}}\";s:2:\"js\";s:0:\"\";s:18:\"current_block_list\";a:10:{i:0;s:11:\"core\/search\";i:1;s:10:\"core\/group\";i:2;s:12:\"core\/heading\";i:3;s:17:\"core\/latest-posts\";i:4;s:20:\"core\/latest-comments\";i:5;s:13:\"core\/archives\";i:6;s:15:\"core\/categories\";i:7;s:14:\"core\/paragraph\";i:8;s:8:\"uagb\/faq\";i:9;s:14:\"uagb\/faq-child\";}s:8:\"uag_flag\";b:1;s:11:\"uag_version\";s:10:\"1775829763\";s:6:\"gfonts\";a:0:{}s:10:\"gfonts_url\";s:0:\"\";s:12:\"gfonts_files\";a:0:{}s:14:\"uag_faq_layout\";b:1;}"],"_uag_css_file_name":["uag-css-2602.css"]},"uagb_featured_image_src":{"full":["https:\/\/senyenergy.com\/wp-content\/uploads\/2025\/06\/solar-adjustable-end-clamp.jpg",800,800,false],"thumbnail":["https:\/\/senyenergy.com\/wp-content\/uploads\/2025\/06\/solar-adjustable-end-clamp-150x150.jpg",150,150,true],"medium":["https:\/\/senyenergy.com\/wp-content\/uploads\/2025\/06\/solar-adjustable-end-clamp-300x300.jpg",300,300,true],"medium_large":["https:\/\/senyenergy.com\/wp-content\/uploads\/2025\/06\/solar-adjustable-end-clamp-768x768.jpg",768,768,true],"large":["https:\/\/senyenergy.com\/wp-content\/uploads\/2025\/06\/solar-adjustable-end-clamp.jpg",800,800,false],"1536x1536":["https:\/\/senyenergy.com\/wp-content\/uploads\/2025\/06\/solar-adjustable-end-clamp.jpg",800,800,false],"2048x2048":["https:\/\/senyenergy.com\/wp-content\/uploads\/2025\/06\/solar-adjustable-end-clamp.jpg",800,800,false],"trp-custom-language-flag":["https:\/\/senyenergy.com\/wp-content\/uploads\/2025\/06\/solar-adjustable-end-clamp-12x12.jpg",12,12,true],"woocommerce_thumbnail":["https:\/\/senyenergy.com\/wp-content\/uploads\/2025\/06\/solar-adjustable-end-clamp-300x300.jpg",300,300,true],"woocommerce_single":["https:\/\/senyenergy.com\/wp-content\/uploads\/2025\/06\/solar-adjustable-end-clamp-600x600.jpg",600,600,true],"woocommerce_gallery_thumbnail":["https:\/\/senyenergy.com\/wp-content\/uploads\/2025\/06\/solar-adjustable-end-clamp-100x100.jpg",100,100,true]},"uagb_author_info":{"display_name":"wp-admin","author_link":"https:\/\/senyenergy.com\/fr\/author\/"},"uagb_comment_info":0,"uagb_excerpt":"This adjustable end clamp provides more simple and flexible installation for solar panel mounting. It is designed to be adjusted for different PV modules framed thickness ranging from 30mm to 50mm. It is an ideal solar component when you don\u2019t sure the framed thickness of the PV modules,it is very convenient for solar mounting system.\u2026","_links":{"self":[{"href":"https:\/\/senyenergy.com\/fr\/wp-json\/wp\/v2\/product\/2602","targetHints":{"allow":["GET"]}}],"collection":[{"href":"https:\/\/senyenergy.com\/fr\/wp-json\/wp\/v2\/product"}],"about":[{"href":"https:\/\/senyenergy.com\/fr\/wp-json\/wp\/v2\/types\/product"}],"wp:featuredmedia":[{"embeddable":true,"href":"https:\/\/senyenergy.com\/fr\/wp-json\/wp\/v2\/media\/2603"}],"wp:attachment":[{"href":"https:\/\/senyenergy.com\/fr\/wp-json\/wp\/v2\/media?parent=2602"}],"wp:term":[{"taxonomy":"product_brand","embeddable":true,"href":"https:\/\/senyenergy.com\/fr\/wp-json\/wp\/v2\/product_brand?post=2602"},{"taxonomy":"product_cat","embeddable":true,"href":"https:\/\/senyenergy.com\/fr\/wp-json\/wp\/v2\/product_cat?post=2602"},{"taxonomy":"product_tag","embeddable":true,"href":"https:\/\/senyenergy.com\/fr\/wp-json\/wp\/v2\/product_tag?post=2602"}],"curies":[{"name":"wp","href":"https:\/\/api.w.org\/{rel}","templated":true}]}}