{"id":2595,"date":"2025-06-20T11:13:38","date_gmt":"2025-06-20T03:13:38","guid":{"rendered":"https:\/\/senyenergy.com\/?post_type=product&#038;p=2595"},"modified":"2025-07-13T11:10:31","modified_gmt":"2025-07-13T03:10:31","slug":"cosse-de-mise-a-la-terre-de-panneau-solaire-en-cuivre-pince-de-mise-a-la-terre","status":"publish","type":"product","link":"https:\/\/senyenergy.com\/fr\/produit\/cosse-de-mise-a-la-terre-de-panneau-solaire-en-cuivre-pince-de-mise-a-la-terre\/","title":{"rendered":"Pince de mise \u00e0 la terre pour panneau solaire en cuivre Pince de mise \u00e0 la terre"},"content":{"rendered":"<p>A <strong>Cuivre<\/strong> <strong><b>Panneau solaire au sol<\/b><\/strong><strong><b>ingurgiter<\/b><\/strong><strong><b>\u00a0Lu<\/b><\/strong>g est un composant de s\u00e9curit\u00e9 essentiel des syst\u00e8mes photovolta\u00efques (PV), con\u00e7u pour relier \u00e9lectriquement et mettre \u00e0 la terre le cadre m\u00e9tallique des panneaux solaires. Cela permet d'\u00e9viter les chocs \u00e9lectriques, les risques d'incendie et les dommages caus\u00e9s \u00e0 l'\u00e9quipement par la foudre, l'accumulation d'\u00e9lectricit\u00e9 statique ou les courants de d\u00e9faut.<\/p>\n<p>&nbsp;<\/p>\n<p>Caract\u00e9ristiques <strong>Cuivre<\/strong>\u00a0<strong><b>Panneau solaire au sol<\/b><\/strong><strong><b>ingurgiter<\/b><\/strong><strong><b>\u00a0Lu<\/b><\/strong>g<\/p>\n<ul>\n<li>Mat\u00e9riau : Cuivre (souvent \u00e9tam\u00e9) pour une conductivit\u00e9 \u00e9lev\u00e9e et une r\u00e9sistance \u00e0 la corrosion.<\/li>\n<li>Design : Trou ou fente : Se fixe au trou de mise \u00e0 la terre pr\u00e9-perc\u00e9 du panneau solaire.<\/li>\n<li>Vis de r\u00e9glage ou clip de compression : Fixe le conducteur de mise \u00e0 la terre (fil de cuivre).<\/li>\n<li>Dents dentel\u00e9es : Mordent dans le cadre du panneau pour une connexion \u00e0 faible r\u00e9sistance.<\/li>\n<li>Grande polyvalence : Cette cosse de mise \u00e0 la terre est con\u00e7ue comme la m\u00e9thode de mise \u00e0 la terre solaire la plus courante au monde. Elle convient aux toits solaires, aux terrains solaires, aux abris de voiture solaires, aux serres v\u00e9g\u00e9tales solaires et \u00e0 d'autres applications de mise \u00e0 la terre pour la protection contre la foudre des syst\u00e8mes solaires photovolta\u00efques.<\/li>\n<li>Forte compatibilit\u00e9 : Ce syst\u00e8me convient \u00e0 presque tous les panneaux solaires avec cadre sur le march\u00e9, et est compatible avec les rails en aluminium et les supports au sol les plus courants.<\/li>\n<\/ul>\n<p>&nbsp;<\/p>\n<p>Pourquoi <strong>Cuivre\u00a0<b>Panneau solaire au sol<\/b><\/strong><strong><b>ingurgiter<\/b><\/strong><strong><b>\u00a0Lu<\/b><\/strong>g ? Meilleure conductivit\u00e9 que l'aluminium et moins de corrosion galvanique lorsqu'il est coll\u00e9 \u00e0 des cadres en aluminium.<\/p>\n<ol>\n<li>Moins il y a de connexions parall\u00e8les, meilleur est l'effet de conduction de la foudre.<\/li>\n<li>Sur le toit, il occupe une grande surface et est in\u00e9vitablement soumis \u00e0 la foudre et aux chocs \u00e9lectriques les jours d'orage.<\/li>\n<li>Lors de l'installation du syst\u00e8me, le fil de mise \u00e0 la terre est directement install\u00e9 sur le panneau solaire puis reli\u00e9 \u00e0 la terre, ou bien plusieurs panneaux sont connect\u00e9s en parall\u00e8le puis reli\u00e9s \u00e0 la terre.<\/li>\n<li>Il est utilis\u00e9 pour conduire rapidement le courant de foudre vers la terre afin d'\u00e9viter les dommages caus\u00e9s par la foudre et de prot\u00e9ger les composants.<\/li>\n<li>Installez-en un pour chaque composant et connectez-les \u00e0 la terre en parall\u00e8le, ou connectez chacun d'eux directement \u00e0 la terre. Moins il y a de connexions en parall\u00e8le, meilleur est l'effet de conduction de la foudre.<\/li>\n<li>Il convient pour connecter le fil de terre jaune-vert du composant ou d'autres produits \u00e0 la terre du syst\u00e8me d'\u00e9clairage.<\/li>\n<li>Le serre-fils de protection contre la foudre et de mise \u00e0 la terre est fix\u00e9 en spirale, ce qui est pratique pour l'installation et la fixation sur divers \u00e9quipements.<\/li>\n<li>Mat\u00e9riau : cuivre ; cuivre nickel\u00e9 - le terminal est en cuivre, la surface est nickel\u00e9e, et il poss\u00e8de les caract\u00e9ristiques de r\u00e9sistance \u00e0 l'oxydation et \u00e0 la corrosion.<\/li>\n<li>Couleur : blanc argent\u00e9<\/li>\n<li>\u00c9paisseur du cadre : 0,8mm-4,5mm<\/li>\n<li>Diam\u00e8tre de fil applicable 2,5mm2\/4,0mm2\/6,0mm2\/10mm2\/35mm2<\/li>\n<\/ol>\n<p>Les <strong>Cuivre<\/strong> <strong><b>Panneau solaire au sol<\/b><\/strong><strong><b>ingurgiter<\/b><\/strong><strong><b>\u00a0Lu<\/b>g<\/strong>\u00a0 ou connecteur de mise \u00e0 la terre a \u00e9t\u00e9 adapt\u00e9 \u00e0 diff\u00e9rents cadres de panneaux solaires, rails en aluminium, carports solaires et rails en acier en forme de C (acier en forme de U). Il a une large gamme d'applications.<\/p>","protected":false},"excerpt":{"rendered":"<p>Cosse de mise \u00e0 la terre pour panneau solaire en cuivre Liaison \u00e0 la terre avec un fil nu de 6 AWG et 8 AWG pour 6-14AWG et cosse de mise \u00e0 la terre pour panneau solaire en cuivre Meilleure conductivit\u00e9 que l'aluminium et moins de corrosion galvanique lorsqu'elle est coll\u00e9e \u00e0 des cadres en aluminium.<\/p>\n<div class=\"wp-block-button popmake-1937\"><a class=\"wp-block-button__link wp-element-button\">v\u00e9rification des prix<\/a><\/div>","protected":false},"featured_media":2596,"template":"","meta":{"_uag_custom_page_level_css":"","site-sidebar-layout":"default","site-content-layout":"","ast-site-content-layout":"default","site-content-style":"default","site-sidebar-style":"default","ast-global-header-display":"","ast-banner-title-visibility":"","ast-main-header-display":"","ast-hfb-above-header-display":"","ast-hfb-below-header-display":"","ast-hfb-mobile-header-display":"","site-post-title":"","ast-breadcrumbs-content":"","ast-featured-img":"","footer-sml-layout":"","ast-disable-related-posts":"","theme-transparent-header-meta":"default","adv-header-id-meta":"","stick-header-meta":"","header-above-stick-meta":"","header-main-stick-meta":"","header-below-stick-meta":"","astra-migrate-meta-layouts":"set","ast-page-background-enabled":"default","ast-page-background-meta":{"desktop":{"background-color":"","background-image":"","background-repeat":"repeat","background-position":"center center","background-size":"auto","background-attachment":"scroll","background-type":"","background-media":"","overlay-type":"","overlay-color":"","overlay-opacity":"","overlay-gradient":""},"tablet":{"background-color":"","background-image":"","background-repeat":"repeat","background-position":"center center","background-size":"auto","background-attachment":"scroll","background-type":"","background-media":"","overlay-type":"","overlay-color":"","overlay-opacity":"","overlay-gradient":""},"mobile":{"background-color":"","background-image":"","background-repeat":"repeat","background-position":"center center","background-size":"auto","background-attachment":"scroll","background-type":"","background-media":"","overlay-type":"","overlay-color":"","overlay-opacity":"","overlay-gradient":""}},"ast-content-background-meta":{"desktop":{"background-color":"var(--ast-global-color-5)","background-image":"","background-repeat":"repeat","background-position":"center center","background-size":"auto","background-attachment":"scroll","background-type":"","background-media":"","overlay-type":"","overlay-color":"","overlay-opacity":"","overlay-gradient":""},"tablet":{"background-color":"var(--ast-global-color-5)","background-image":"","background-repeat":"repeat","background-position":"center center","background-size":"auto","background-attachment":"scroll","background-type":"","background-media":"","overlay-type":"","overlay-color":"","overlay-opacity":"","overlay-gradient":""},"mobile":{"background-color":"var(--ast-global-color-5)","background-image":"","background-repeat":"repeat","background-position":"center center","background-size":"auto","background-attachment":"scroll","background-type":"","background-media":"","overlay-type":"","overlay-color":"","overlay-opacity":"","overlay-gradient":""}}},"product_brand":[],"product_cat":[25,23,132,33],"product_tag":[197,198,59,55,203,205,204,206,89,199,200],"class_list":{"0":"post-2595","1":"product","2":"type-product","3":"status-publish","4":"has-post-thumbnail","6":"product_cat-excellent","7":"product_cat-solar-accessories","8":"product_cat-solar-mounting-components","9":"product_cat-solar-panel-accessories","10":"product_tag-earthing-lug","11":"product_tag-grounding-clip","12":"product_tag-grounding-lug","13":"product_tag-solar-clamp","14":"product_tag-solar-earthing-clip","15":"product_tag-solar-ground-bonding","16":"product_tag-solar-grounding-bonding","17":"product_tag-solar-grounding-connector","18":"product_tag-solar-grounding-system","19":"product_tag-solar-panel-earthing","20":"product_tag-solar-panel-grounding-lug","21":"desktop-align-left","22":"tablet-align-left","23":"mobile-align-left","25":"first","26":"instock","27":"shipping-taxable","28":"product-type-simple"},"spectra_custom_meta":{"_uabb_version":["1.36.1"],"_edit_last":["1"],"_edit_lock":["1752376234:1"],"_thumbnail_id":["2596"],"total_sales":["0"],"_tax_status":["taxable"],"_tax_class":[""],"_manage_stock":["no"],"_backorders":["no"],"_sold_individually":["no"],"_virtual":["no"],"_downloadable":["no"],"_download_limit":["-1"],"_download_expiry":["-1"],"_stock":[null],"_stock_status":["instock"],"_wc_average_rating":["0"],"_wc_review_count":["0"],"_product_version":["9.6.2"],"_product_image_gallery":["2601,2598,2599,2597"],"site-sidebar-layout":["default"],"ast-site-content-layout":["default"],"site-content-style":["default"],"site-sidebar-style":["default"],"theme-transparent-header-meta":["default"],"astra-migrate-meta-layouts":["set"],"_uag_page_assets":["a:9:{s:3:\"css\";s:5318:\".uag-blocks-common-selector{z-index:var(--z-index-desktop) !important}@media (max-width: 976px){.uag-blocks-common-selector{z-index:var(--z-index-tablet) !important}}@media (max-width: 767px){.uag-blocks-common-selector{z-index:var(--z-index-mobile) !important}}\n.wp-block-uagb-faq{width:100%}.wp-block-uagb-faq.uagb-faq-layout-accordion .uagb-faq-child__outer-wrap .uagb-faq-questions-button{cursor:pointer}.wp-block-uagb-faq .uagb-faq-content{margin-bottom:0}.wp-block-uagb-faq .uagb-faq-content p{margin:auto}.uagb-faq-layout-grid.uagb-faq-equal-height.uagb-faq__wrap .uagb-faq-child__outer-wrap,.uagb-faq-layout-grid.uagb-faq-equal-height.uagb-faq__wrap .uagb-faq-item{height:100%}body[class*=\"astra\"] .uagb-faq-questions{line-height:normal}.uagb-faq-item{overflow:hidden}\n.wp-block-uagb-faq-child .uagb-faq-questions-button{display:flex;align-items:center}.wp-block-uagb-faq-child .uagb-faq-questions-button .uagb-faq-icon-wrap{display:flex;align-items:center}.wp-block-uagb-faq-child .uagb-faq-questions-button .uagb-question{width:100%;margin-top:0;margin-bottom:0}.wp-block-uagb-faq-child .uagb-icon svg,.wp-block-uagb-faq-child .uagb-icon-active svg{width:15px;height:15px;font-size:15px}.wp-block-uagb-faq-child.uagb-faq-child__outer-wrap.uagb-faq-item .uagb-icon-active,.wp-block-uagb-faq-child.uagb-faq-child__outer-wrap.uagb-faq-item.uagb-faq-item-active .uagb-icon,.wp-block-uagb-faq-child.uagb-faq-child__outer-wrap .uagb-faq-item .uagb-icon-active,.wp-block-uagb-faq-child.uagb-faq-child__outer-wrap .uagb-faq-item.uagb-faq-item-active .uagb-icon{display:none;width:0;padding:0;height:0;margin:0}.wp-block-uagb-faq-child.uagb-faq-child__outer-wrap.uagb-faq-item .uagb-icon,.wp-block-uagb-faq-child.uagb-faq-child__outer-wrap.uagb-faq-item.uagb-faq-item-active .uagb-icon-active,.wp-block-uagb-faq-child.uagb-faq-child__outer-wrap .uagb-faq-item .uagb-icon,.wp-block-uagb-faq-child.uagb-faq-child__outer-wrap .uagb-faq-item.uagb-faq-item-active .uagb-icon-active{display:flex;width:auto;height:auto}.uagb-faq-layout-grid .uagb-faq-child__outer-wrap.uagb-faq-item .uagb-icon,.uagb-faq-layout-grid .uagb-faq-child__outer-wrap.uagb-faq-item.uagb-faq-item-active .uagb-icon-active,.uagb-faq-layout-grid .uagb-faq-child__outer-wrap .uagb-faq-item .uagb-icon,.uagb-faq-layout-grid .uagb-faq-child__outer-wrap .uagb-faq-item.uagb-faq-item-active .uagb-icon-active{display:none}.uagb-faq-layout-grid .uagb-faq-child__outer-wrap.uagb-faq-item span.uagb-icon-active.uagb-faq-icon-wrap,.uagb-faq-layout-grid .uagb-faq-child__outer-wrap.uagb-faq-item.uagb-faq-item-active .uagb-icon-active,.uagb-faq-layout-grid .uagb-faq-child__outer-wrap .uagb-faq-item span.uagb-icon-active.uagb-faq-icon-wrap,.uagb-faq-layout-grid .uagb-faq-child__outer-wrap .uagb-faq-item.uagb-faq-item-active .uagb-icon-active{display:none}\n.uagb-block-55b5edaf .uagb-icon svg{width: 12px;height: 12px;font-size: 12px;}.uagb-block-55b5edaf .uagb-icon-active svg{width: 12px;height: 12px;font-size: 12px;}.uagb-block-55b5edaf .uagb-faq-child__outer-wrap{margin-bottom: 10px;}.uagb-block-55b5edaf .uagb-faq-item{border-top-width: 1px;border-left-width: 1px;border-right-width: 1px;border-bottom-width: 1px;border-top-left-radius: 2px;border-top-right-radius: 2px;border-bottom-left-radius: 2px;border-bottom-right-radius: 2px;border-color: #1e1e1e;border-style: solid;}.uagb-block-55b5edaf .uagb-faq-questions-button{padding-top: 10px;padding-bottom: 10px;padding-right: 10px;padding-left: 10px;}.uagb-block-55b5edaf .uagb-faq-content{padding-top: 10px;padding-bottom: 10px;padding-right: 10px;padding-left: 10px;}.uagb-block-55b5edaf .uagb-faq-content span{margin-top: 10px;margin-bottom: 10px;margin-right: 10px;margin-left: 10px;}.uagb-block-55b5edaf.uagb-faq-icon-row .uagb-faq-item .uagb-faq-icon-wrap{margin-right: 10px;}.uagb-block-55b5edaf.uagb-faq-icon-row-reverse .uagb-faq-item .uagb-faq-icon-wrap{margin-left: 10px;}.uagb-block-55b5edaf .uagb-faq-item .uagb-faq-questions-button.uagb-faq-questions{flex-direction: row;}.uagb-block-55b5edaf .wp-block-uagb-faq-child.uagb-faq-child__outer-wrap .uagb-faq-content {display: none;}@media only screen and (max-width: 976px) {.uagb-block-55b5edaf.uagb-faq-icon-row .uagb-faq-item .uagb-faq-icon-wrap{margin-right: 10px;}.uagb-block-55b5edaf.uagb-faq-icon-row-reverse .uagb-faq-item .uagb-faq-icon-wrap{margin-left: 10px;}.uagb-block-55b5edaf .uagb-faq-questions-button{padding-top: 10px;padding-bottom: 10px;padding-right: 10px;padding-left: 10px;}.uagb-block-55b5edaf .uagb-faq-content{padding-top: 10px;padding-bottom: 10px;padding-right: 10px;padding-left: 10px;}.uagb-block-55b5edaf .uagb-faq-content span{margin-top: 10px;margin-bottom: 10px;margin-right: 10px;margin-left: 10px;}}@media only screen and (max-width: 767px) {.uagb-block-55b5edaf.uagb-faq-icon-row .uagb-faq-item .uagb-faq-icon-wrap{margin-right: 10px;}.uagb-block-55b5edaf.uagb-faq-icon-row-reverse .uagb-faq-item .uagb-faq-icon-wrap{margin-left: 10px;}.uagb-block-55b5edaf .uagb-faq-questions-button{padding-top: 10px;padding-bottom: 10px;padding-right: 10px;padding-left: 10px;}.uagb-block-55b5edaf .uagb-faq-content{padding-top: 10px;padding-bottom: 10px;padding-right: 10px;padding-left: 10px;}.uagb-block-55b5edaf .uagb-faq-content span{margin-top: 10px;margin-bottom: 10px;margin-right: 10px;margin-left: 10px;}}\";s:2:\"js\";s:0:\"\";s:18:\"current_block_list\";a:10:{i:0;s:11:\"core\/search\";i:1;s:10:\"core\/group\";i:2;s:12:\"core\/heading\";i:3;s:17:\"core\/latest-posts\";i:4;s:20:\"core\/latest-comments\";i:5;s:13:\"core\/archives\";i:6;s:15:\"core\/categories\";i:7;s:14:\"core\/paragraph\";i:8;s:8:\"uagb\/faq\";i:9;s:14:\"uagb\/faq-child\";}s:8:\"uag_flag\";b:1;s:11:\"uag_version\";s:10:\"1775829763\";s:6:\"gfonts\";a:0:{}s:10:\"gfonts_url\";s:0:\"\";s:12:\"gfonts_files\";a:0:{}s:14:\"uag_faq_layout\";b:1;}"],"_uag_css_file_name":["uag-css-2595.css"]},"uagb_featured_image_src":{"full":["https:\/\/senyenergy.com\/wp-content\/uploads\/2025\/06\/Copper-Solar-Panel-Grounding-Lug.jpg",800,800,false],"thumbnail":["https:\/\/senyenergy.com\/wp-content\/uploads\/2025\/06\/Copper-Solar-Panel-Grounding-Lug-150x150.jpg",150,150,true],"medium":["https:\/\/senyenergy.com\/wp-content\/uploads\/2025\/06\/Copper-Solar-Panel-Grounding-Lug-300x300.jpg",300,300,true],"medium_large":["https:\/\/senyenergy.com\/wp-content\/uploads\/2025\/06\/Copper-Solar-Panel-Grounding-Lug-768x768.jpg",768,768,true],"large":["https:\/\/senyenergy.com\/wp-content\/uploads\/2025\/06\/Copper-Solar-Panel-Grounding-Lug.jpg",800,800,false],"1536x1536":["https:\/\/senyenergy.com\/wp-content\/uploads\/2025\/06\/Copper-Solar-Panel-Grounding-Lug.jpg",800,800,false],"2048x2048":["https:\/\/senyenergy.com\/wp-content\/uploads\/2025\/06\/Copper-Solar-Panel-Grounding-Lug.jpg",800,800,false],"trp-custom-language-flag":["https:\/\/senyenergy.com\/wp-content\/uploads\/2025\/06\/Copper-Solar-Panel-Grounding-Lug-12x12.jpg",12,12,true],"woocommerce_thumbnail":["https:\/\/senyenergy.com\/wp-content\/uploads\/2025\/06\/Copper-Solar-Panel-Grounding-Lug-300x300.jpg",300,300,true],"woocommerce_single":["https:\/\/senyenergy.com\/wp-content\/uploads\/2025\/06\/Copper-Solar-Panel-Grounding-Lug-600x600.jpg",600,600,true],"woocommerce_gallery_thumbnail":["https:\/\/senyenergy.com\/wp-content\/uploads\/2025\/06\/Copper-Solar-Panel-Grounding-Lug-100x100.jpg",100,100,true]},"uagb_author_info":{"display_name":"wp-admin","author_link":"https:\/\/senyenergy.com\/fr\/author\/"},"uagb_comment_info":0,"uagb_excerpt":"Copper Solar Panel Grounding Lug Ground Bonding to 6 AWG and 8 AWG Bare Wire for 6-14AWG and Copper Solar Panel Grounding Lug Better conductivity than aluminum and less galvanic corrosion when bonded to aluminum frames. price check","_links":{"self":[{"href":"https:\/\/senyenergy.com\/fr\/wp-json\/wp\/v2\/product\/2595","targetHints":{"allow":["GET"]}}],"collection":[{"href":"https:\/\/senyenergy.com\/fr\/wp-json\/wp\/v2\/product"}],"about":[{"href":"https:\/\/senyenergy.com\/fr\/wp-json\/wp\/v2\/types\/product"}],"wp:featuredmedia":[{"embeddable":true,"href":"https:\/\/senyenergy.com\/fr\/wp-json\/wp\/v2\/media\/2596"}],"wp:attachment":[{"href":"https:\/\/senyenergy.com\/fr\/wp-json\/wp\/v2\/media?parent=2595"}],"wp:term":[{"taxonomy":"product_brand","embeddable":true,"href":"https:\/\/senyenergy.com\/fr\/wp-json\/wp\/v2\/product_brand?post=2595"},{"taxonomy":"product_cat","embeddable":true,"href":"https:\/\/senyenergy.com\/fr\/wp-json\/wp\/v2\/product_cat?post=2595"},{"taxonomy":"product_tag","embeddable":true,"href":"https:\/\/senyenergy.com\/fr\/wp-json\/wp\/v2\/product_tag?post=2595"}],"curies":[{"name":"wp","href":"https:\/\/api.w.org\/{rel}","templated":true}]}}