{"id":2588,"date":"2025-06-18T17:03:16","date_gmt":"2025-06-18T09:03:16","guid":{"rendered":"https:\/\/senyenergy.com\/?post_type=product&#038;p=2588"},"modified":"2025-07-13T11:05:43","modified_gmt":"2025-07-13T03:05:43","slug":"cosse-de-mise-a-la-terre-solaire-kits-de-mise-a-la-terre-des-panneaux-solaires","status":"publish","type":"product","link":"https:\/\/senyenergy.com\/fr\/produit\/cosse-de-mise-a-la-terre-solaire-kits-de-mise-a-la-terre-des-panneaux-solaires\/","title":{"rendered":"Kits de cosses de mise \u00e0 la terre pour panneaux solaires"},"content":{"rendered":"<p>A <strong>Kits de cosses de mise \u00e0 la terre solaire<\/strong> \u00a0est un composant essentiel des kits de mise \u00e0 la terre des panneaux solaires, con\u00e7u pour assurer la s\u00e9curit\u00e9 \u00e9lectrique et la protection contre la foudre et les surtensions. Elle est \u00e9galement appel\u00e9e cosse de mise \u00e0 la terre solaire et fait partie de notre famille de mise \u00e0 la terre. Elle est con\u00e7ue pour \u00eatre mont\u00e9e sur le rail afin de maintenir le c\u00e2ble de mise \u00e0 la terre. Le kit de cosse de mise \u00e0 la terre se compose d'une cosse de mise \u00e0 la terre \u00e9tam\u00e9e, d'une rondelle sp\u00e9cialement con\u00e7ue, d'un boulon en acier inoxydable et d'un tampon. Les dents pointues de la rondelle sont con\u00e7ues pour s'encastrer dans le rail en aluminium anodis\u00e9 afin de cr\u00e9er un chemin de mise \u00e0 la terre. Utilis\u00e9e avec le clip de mise \u00e0 la terre, la cosse de mise \u00e0 la terre permet de fixer facilement le fil de terre en cuivre, ce qui \u00e9vite de faire courir le fil autour de chaque module.<\/p>\n<p>&nbsp;<\/p>\n<p><strong>Kits de cosses de mise \u00e0 la terre solaire<\/strong> est utilis\u00e9 pour monter le fil de terre en cuivre sur le rail en aluminium. C'est un membre important de notre famille de mise \u00e0 la terre. En l'utilisant avec d'autres composants de mise \u00e0 la terre, il facilite la mise \u00e0 la terre des syst\u00e8mes solaires photovolta\u00efques. L'ensemble de notre \u00a0<strong>Kits de cosses de mise \u00e0 la terre solaire<\/strong>\u00a0L'ensemble comprend une rondelle, une cosse de mise \u00e0 la terre, un boulon en acier inoxydable et un tampon en acier inoxydable.<\/p>\n<p>&nbsp;<\/p>\n<p>Il est facile de r\u00e9aliser la mise \u00e0 la terre d'un ensemble de panneaux solaires photovolta\u00efques, il suffit de monter la cosse de mise \u00e0 la terre \u00e0 l'extr\u00e9mit\u00e9 de chaque rail de montage, puis de serrer le boulon hexagonal. Cela forcera les dents de la rondelle \u00e0 p\u00e9n\u00e9trer dans le rail de montage anodis\u00e9, le cercle conducteur de mise \u00e0 la terre sera cr\u00e9\u00e9 !<\/p>\n<p>&nbsp;<\/p>\n<p>Caract\u00e9ristiques \u00a0<strong>Kits de cosses de mise \u00e0 la terre solaire<\/strong><strong><b>\u00a0<\/b><\/strong>pour le syst\u00e8me solaire :<\/p>\n<p>Construction robuste : Nous disposons de mat\u00e9riaux de haute qualit\u00e9<\/p>\n<p>cuivre ou aluminium pour une excellente conductivit\u00e9 et durabilit\u00e9.<\/p>\n<p>R\u00e9sistance \u00e0 la corrosion : Souvent rev\u00eatus ou trait\u00e9s pour r\u00e9sister \u00e0 la corrosion, ils garantissent des performances \u00e0 long terme dans les environnements ext\u00e9rieurs.<\/p>\n<p>Vari\u00e9t\u00e9 de tailles : Disponible en plusieurs tailles et configurations pour s'adapter aux diff\u00e9rentes tailles de c\u00e2bles et aux besoins d'installation.<\/p>\n<p>Installation facile : Con\u00e7u pour une fixation directe aux cadres des panneaux solaires ou aux structures de montage.<\/p>\n<p>S\u00e9curit\u00e9 \u00e9lectrique : Fournit un point de mise \u00e0 la terre fiable pour prot\u00e9ger les syst\u00e8mes solaires contre les d\u00e9fauts et les surtensions \u00e9lectriques.<\/p>\n<p>Protection contre la foudre : Aide \u00e0 dissiper les charges \u00e9lectriques dues \u00e0 la foudre, r\u00e9duisant ainsi le risque d'endommagement de l'\u00e9quipement solaire.<\/p>\n<p>Am\u00e9lioration de la long\u00e9vit\u00e9 du syst\u00e8me : Prot\u00e8ge les panneaux solaires et les \u00e9quipements associ\u00e9s, contribuant ainsi \u00e0 prolonger la dur\u00e9e de vie de l'ensemble du syst\u00e8me.<\/p>\n<p>&nbsp;<\/p>\n<p>A \u00a0<strong>Kits de cosses de mise \u00e0 la terre solaire<\/strong>\u00a0est un \u00e9l\u00e9ment essentiel pour garantir la s\u00e9curit\u00e9 \u00e9lectrique des syst\u00e8mes de panneaux solaires. Vous pouvez am\u00e9liorer la protection de votre syst\u00e8me d'\u00e9nergie solaire contre les d\u00e9fauts \u00e9lectriques et les risques environnementaux. Notre gamme de syst\u00e8mes de mise \u00e0 la terre pour l'\u00e9nergie solaire comprend des cosses de mise \u00e0 la terre pour l'\u00e9nergie solaire photovolta\u00efque, des clips de mise \u00e0 la terre pour l'\u00e9nergie solaire. Cavalier de liaison et divers colliers de serrage. N'h\u00e9sitez pas \u00e0 nous contacter pour en savoir plus sur les syst\u00e8mes de mise \u00e0 la terre.<\/p>","protected":false},"excerpt":{"rendered":"<p>La cosse de mise \u00e0 la terre PV est utilis\u00e9e pour \u00eatre mont\u00e9e sur le rail en aluminium afin de maintenir le c\u00e2ble de mise \u00e0 la terre. C'est un membre important de notre famille de mise \u00e0 la terre, en l'utilisant avec d'autres composants de mise \u00e0 la terre, elle facilite la mise \u00e0 la terre des syst\u00e8mes PV solaires.<\/p>\n<p>Notre ensemble de cosses de mise \u00e0 la terre solaire comprend une rondelle, une cosse de mise \u00e0 la terre, un boulon en acier inoxydable et un tampon en acier inoxydable.<\/p>\n<div class=\"wp-block-button popmake-1937\"><a class=\"wp-block-button__link wp-element-button\">v\u00e9rification des prix<\/a><\/div>","protected":false},"featured_media":2589,"template":"","meta":{"_uag_custom_page_level_css":"","site-sidebar-layout":"default","site-content-layout":"","ast-site-content-layout":"default","site-content-style":"default","site-sidebar-style":"default","ast-global-header-display":"","ast-banner-title-visibility":"","ast-main-header-display":"","ast-hfb-above-header-display":"","ast-hfb-below-header-display":"","ast-hfb-mobile-header-display":"","site-post-title":"","ast-breadcrumbs-content":"","ast-featured-img":"","footer-sml-layout":"","ast-disable-related-posts":"","theme-transparent-header-meta":"default","adv-header-id-meta":"","stick-header-meta":"","header-above-stick-meta":"","header-main-stick-meta":"","header-below-stick-meta":"","astra-migrate-meta-layouts":"set","ast-page-background-enabled":"default","ast-page-background-meta":{"desktop":{"background-color":"","background-image":"","background-repeat":"repeat","background-position":"center center","background-size":"auto","background-attachment":"scroll","background-type":"","background-media":"","overlay-type":"","overlay-color":"","overlay-opacity":"","overlay-gradient":""},"tablet":{"background-color":"","background-image":"","background-repeat":"repeat","background-position":"center center","background-size":"auto","background-attachment":"scroll","background-type":"","background-media":"","overlay-type":"","overlay-color":"","overlay-opacity":"","overlay-gradient":""},"mobile":{"background-color":"","background-image":"","background-repeat":"repeat","background-position":"center center","background-size":"auto","background-attachment":"scroll","background-type":"","background-media":"","overlay-type":"","overlay-color":"","overlay-opacity":"","overlay-gradient":""}},"ast-content-background-meta":{"desktop":{"background-color":"var(--ast-global-color-5)","background-image":"","background-repeat":"repeat","background-position":"center center","background-size":"auto","background-attachment":"scroll","background-type":"","background-media":"","overlay-type":"","overlay-color":"","overlay-opacity":"","overlay-gradient":""},"tablet":{"background-color":"var(--ast-global-color-5)","background-image":"","background-repeat":"repeat","background-position":"center center","background-size":"auto","background-attachment":"scroll","background-type":"","background-media":"","overlay-type":"","overlay-color":"","overlay-opacity":"","overlay-gradient":""},"mobile":{"background-color":"var(--ast-global-color-5)","background-image":"","background-repeat":"repeat","background-position":"center center","background-size":"auto","background-attachment":"scroll","background-type":"","background-media":"","overlay-type":"","overlay-color":"","overlay-opacity":"","overlay-gradient":""}}},"product_brand":[],"product_cat":[25,23,132,33],"product_tag":[197,198,59,203,202,201,199,200],"class_list":{"0":"post-2588","1":"product","2":"type-product","3":"status-publish","4":"has-post-thumbnail","6":"product_cat-excellent","7":"product_cat-solar-accessories","8":"product_cat-solar-mounting-components","9":"product_cat-solar-panel-accessories","10":"product_tag-earthing-lug","11":"product_tag-grounding-clip","12":"product_tag-grounding-lug","13":"product_tag-solar-earthing-clip","14":"product_tag-solar-grounding-clip","15":"product_tag-solar-grounding-system-kits","16":"product_tag-solar-panel-earthing","17":"product_tag-solar-panel-grounding-lug","18":"desktop-align-left","19":"tablet-align-left","20":"mobile-align-left","22":"first","23":"instock","24":"shipping-taxable","25":"product-type-simple"},"spectra_custom_meta":{"_uabb_version":["1.36.1"],"_edit_last":["1"],"_edit_lock":["1752375988:1"],"_thumbnail_id":["2589"],"total_sales":["0"],"_tax_status":["taxable"],"_tax_class":[""],"_manage_stock":["no"],"_backorders":["no"],"_sold_individually":["no"],"_virtual":["no"],"_downloadable":["no"],"_download_limit":["-1"],"_download_expiry":["-1"],"_stock":[null],"_stock_status":["instock"],"_wc_average_rating":["0"],"_wc_review_count":["0"],"_product_version":["9.6.2"],"_product_image_gallery":["2593,2590,2592,2591"],"site-sidebar-layout":["default"],"ast-site-content-layout":["default"],"site-content-style":["default"],"site-sidebar-style":["default"],"theme-transparent-header-meta":["default"],"astra-migrate-meta-layouts":["set"],"_uag_page_assets":["a:9:{s:3:\"css\";s:5318:\".uag-blocks-common-selector{z-index:var(--z-index-desktop) !important}@media (max-width: 976px){.uag-blocks-common-selector{z-index:var(--z-index-tablet) !important}}@media (max-width: 767px){.uag-blocks-common-selector{z-index:var(--z-index-mobile) !important}}\n.wp-block-uagb-faq{width:100%}.wp-block-uagb-faq.uagb-faq-layout-accordion .uagb-faq-child__outer-wrap .uagb-faq-questions-button{cursor:pointer}.wp-block-uagb-faq .uagb-faq-content{margin-bottom:0}.wp-block-uagb-faq .uagb-faq-content p{margin:auto}.uagb-faq-layout-grid.uagb-faq-equal-height.uagb-faq__wrap .uagb-faq-child__outer-wrap,.uagb-faq-layout-grid.uagb-faq-equal-height.uagb-faq__wrap .uagb-faq-item{height:100%}body[class*=\"astra\"] .uagb-faq-questions{line-height:normal}.uagb-faq-item{overflow:hidden}\n.wp-block-uagb-faq-child .uagb-faq-questions-button{display:flex;align-items:center}.wp-block-uagb-faq-child .uagb-faq-questions-button .uagb-faq-icon-wrap{display:flex;align-items:center}.wp-block-uagb-faq-child .uagb-faq-questions-button .uagb-question{width:100%;margin-top:0;margin-bottom:0}.wp-block-uagb-faq-child .uagb-icon svg,.wp-block-uagb-faq-child .uagb-icon-active svg{width:15px;height:15px;font-size:15px}.wp-block-uagb-faq-child.uagb-faq-child__outer-wrap.uagb-faq-item .uagb-icon-active,.wp-block-uagb-faq-child.uagb-faq-child__outer-wrap.uagb-faq-item.uagb-faq-item-active .uagb-icon,.wp-block-uagb-faq-child.uagb-faq-child__outer-wrap .uagb-faq-item .uagb-icon-active,.wp-block-uagb-faq-child.uagb-faq-child__outer-wrap .uagb-faq-item.uagb-faq-item-active .uagb-icon{display:none;width:0;padding:0;height:0;margin:0}.wp-block-uagb-faq-child.uagb-faq-child__outer-wrap.uagb-faq-item .uagb-icon,.wp-block-uagb-faq-child.uagb-faq-child__outer-wrap.uagb-faq-item.uagb-faq-item-active .uagb-icon-active,.wp-block-uagb-faq-child.uagb-faq-child__outer-wrap .uagb-faq-item .uagb-icon,.wp-block-uagb-faq-child.uagb-faq-child__outer-wrap .uagb-faq-item.uagb-faq-item-active .uagb-icon-active{display:flex;width:auto;height:auto}.uagb-faq-layout-grid .uagb-faq-child__outer-wrap.uagb-faq-item .uagb-icon,.uagb-faq-layout-grid .uagb-faq-child__outer-wrap.uagb-faq-item.uagb-faq-item-active .uagb-icon-active,.uagb-faq-layout-grid .uagb-faq-child__outer-wrap .uagb-faq-item .uagb-icon,.uagb-faq-layout-grid .uagb-faq-child__outer-wrap .uagb-faq-item.uagb-faq-item-active .uagb-icon-active{display:none}.uagb-faq-layout-grid .uagb-faq-child__outer-wrap.uagb-faq-item span.uagb-icon-active.uagb-faq-icon-wrap,.uagb-faq-layout-grid .uagb-faq-child__outer-wrap.uagb-faq-item.uagb-faq-item-active .uagb-icon-active,.uagb-faq-layout-grid .uagb-faq-child__outer-wrap .uagb-faq-item span.uagb-icon-active.uagb-faq-icon-wrap,.uagb-faq-layout-grid .uagb-faq-child__outer-wrap .uagb-faq-item.uagb-faq-item-active .uagb-icon-active{display:none}\n.uagb-block-55b5edaf .uagb-icon svg{width: 12px;height: 12px;font-size: 12px;}.uagb-block-55b5edaf .uagb-icon-active svg{width: 12px;height: 12px;font-size: 12px;}.uagb-block-55b5edaf .uagb-faq-child__outer-wrap{margin-bottom: 10px;}.uagb-block-55b5edaf .uagb-faq-item{border-top-width: 1px;border-left-width: 1px;border-right-width: 1px;border-bottom-width: 1px;border-top-left-radius: 2px;border-top-right-radius: 2px;border-bottom-left-radius: 2px;border-bottom-right-radius: 2px;border-color: #1e1e1e;border-style: solid;}.uagb-block-55b5edaf .uagb-faq-questions-button{padding-top: 10px;padding-bottom: 10px;padding-right: 10px;padding-left: 10px;}.uagb-block-55b5edaf .uagb-faq-content{padding-top: 10px;padding-bottom: 10px;padding-right: 10px;padding-left: 10px;}.uagb-block-55b5edaf .uagb-faq-content span{margin-top: 10px;margin-bottom: 10px;margin-right: 10px;margin-left: 10px;}.uagb-block-55b5edaf.uagb-faq-icon-row .uagb-faq-item .uagb-faq-icon-wrap{margin-right: 10px;}.uagb-block-55b5edaf.uagb-faq-icon-row-reverse .uagb-faq-item .uagb-faq-icon-wrap{margin-left: 10px;}.uagb-block-55b5edaf .uagb-faq-item .uagb-faq-questions-button.uagb-faq-questions{flex-direction: row;}.uagb-block-55b5edaf .wp-block-uagb-faq-child.uagb-faq-child__outer-wrap .uagb-faq-content {display: none;}@media only screen and (max-width: 976px) {.uagb-block-55b5edaf.uagb-faq-icon-row .uagb-faq-item .uagb-faq-icon-wrap{margin-right: 10px;}.uagb-block-55b5edaf.uagb-faq-icon-row-reverse .uagb-faq-item .uagb-faq-icon-wrap{margin-left: 10px;}.uagb-block-55b5edaf .uagb-faq-questions-button{padding-top: 10px;padding-bottom: 10px;padding-right: 10px;padding-left: 10px;}.uagb-block-55b5edaf .uagb-faq-content{padding-top: 10px;padding-bottom: 10px;padding-right: 10px;padding-left: 10px;}.uagb-block-55b5edaf .uagb-faq-content span{margin-top: 10px;margin-bottom: 10px;margin-right: 10px;margin-left: 10px;}}@media only screen and (max-width: 767px) {.uagb-block-55b5edaf.uagb-faq-icon-row .uagb-faq-item .uagb-faq-icon-wrap{margin-right: 10px;}.uagb-block-55b5edaf.uagb-faq-icon-row-reverse .uagb-faq-item .uagb-faq-icon-wrap{margin-left: 10px;}.uagb-block-55b5edaf .uagb-faq-questions-button{padding-top: 10px;padding-bottom: 10px;padding-right: 10px;padding-left: 10px;}.uagb-block-55b5edaf .uagb-faq-content{padding-top: 10px;padding-bottom: 10px;padding-right: 10px;padding-left: 10px;}.uagb-block-55b5edaf .uagb-faq-content span{margin-top: 10px;margin-bottom: 10px;margin-right: 10px;margin-left: 10px;}}\";s:2:\"js\";s:0:\"\";s:18:\"current_block_list\";a:10:{i:0;s:11:\"core\/search\";i:1;s:10:\"core\/group\";i:2;s:12:\"core\/heading\";i:3;s:17:\"core\/latest-posts\";i:4;s:20:\"core\/latest-comments\";i:5;s:13:\"core\/archives\";i:6;s:15:\"core\/categories\";i:7;s:14:\"core\/paragraph\";i:8;s:8:\"uagb\/faq\";i:9;s:14:\"uagb\/faq-child\";}s:8:\"uag_flag\";b:1;s:11:\"uag_version\";s:10:\"1775829763\";s:6:\"gfonts\";a:0:{}s:10:\"gfonts_url\";s:0:\"\";s:12:\"gfonts_files\";a:0:{}s:14:\"uag_faq_layout\";b:1;}"],"_uag_css_file_name":["uag-css-2588.css"]},"uagb_featured_image_src":{"full":["https:\/\/senyenergy.com\/wp-content\/uploads\/2025\/06\/Anodized-aluminum-Solar-Grounding-Lugs.jpg",800,800,false],"thumbnail":["https:\/\/senyenergy.com\/wp-content\/uploads\/2025\/06\/Anodized-aluminum-Solar-Grounding-Lugs-150x150.jpg",150,150,true],"medium":["https:\/\/senyenergy.com\/wp-content\/uploads\/2025\/06\/Anodized-aluminum-Solar-Grounding-Lugs-300x300.jpg",300,300,true],"medium_large":["https:\/\/senyenergy.com\/wp-content\/uploads\/2025\/06\/Anodized-aluminum-Solar-Grounding-Lugs-768x768.jpg",768,768,true],"large":["https:\/\/senyenergy.com\/wp-content\/uploads\/2025\/06\/Anodized-aluminum-Solar-Grounding-Lugs.jpg",800,800,false],"1536x1536":["https:\/\/senyenergy.com\/wp-content\/uploads\/2025\/06\/Anodized-aluminum-Solar-Grounding-Lugs.jpg",800,800,false],"2048x2048":["https:\/\/senyenergy.com\/wp-content\/uploads\/2025\/06\/Anodized-aluminum-Solar-Grounding-Lugs.jpg",800,800,false],"trp-custom-language-flag":["https:\/\/senyenergy.com\/wp-content\/uploads\/2025\/06\/Anodized-aluminum-Solar-Grounding-Lugs-12x12.jpg",12,12,true],"woocommerce_thumbnail":["https:\/\/senyenergy.com\/wp-content\/uploads\/2025\/06\/Anodized-aluminum-Solar-Grounding-Lugs-300x300.jpg",300,300,true],"woocommerce_single":["https:\/\/senyenergy.com\/wp-content\/uploads\/2025\/06\/Anodized-aluminum-Solar-Grounding-Lugs-600x600.jpg",600,600,true],"woocommerce_gallery_thumbnail":["https:\/\/senyenergy.com\/wp-content\/uploads\/2025\/06\/Anodized-aluminum-Solar-Grounding-Lugs-100x100.jpg",100,100,true]},"uagb_author_info":{"display_name":"wp-admin","author_link":"https:\/\/senyenergy.com\/fr\/author\/"},"uagb_comment_info":0,"uagb_excerpt":"Solar PV grounding lug is used to mounted on the aluminum rail to hold the coppe!grounding wire. lt is important member of our earthing family,by using with other earthingcomponents, it make the solar PV systems grounding easy. Our whole solar grounding lug set is including washer, lay-in earthing lug, stainless steel bolt and stainless steel\u2026","_links":{"self":[{"href":"https:\/\/senyenergy.com\/fr\/wp-json\/wp\/v2\/product\/2588","targetHints":{"allow":["GET"]}}],"collection":[{"href":"https:\/\/senyenergy.com\/fr\/wp-json\/wp\/v2\/product"}],"about":[{"href":"https:\/\/senyenergy.com\/fr\/wp-json\/wp\/v2\/types\/product"}],"wp:featuredmedia":[{"embeddable":true,"href":"https:\/\/senyenergy.com\/fr\/wp-json\/wp\/v2\/media\/2589"}],"wp:attachment":[{"href":"https:\/\/senyenergy.com\/fr\/wp-json\/wp\/v2\/media?parent=2588"}],"wp:term":[{"taxonomy":"product_brand","embeddable":true,"href":"https:\/\/senyenergy.com\/fr\/wp-json\/wp\/v2\/product_brand?post=2588"},{"taxonomy":"product_cat","embeddable":true,"href":"https:\/\/senyenergy.com\/fr\/wp-json\/wp\/v2\/product_cat?post=2588"},{"taxonomy":"product_tag","embeddable":true,"href":"https:\/\/senyenergy.com\/fr\/wp-json\/wp\/v2\/product_tag?post=2588"}],"curies":[{"name":"wp","href":"https:\/\/api.w.org\/{rel}","templated":true}]}}