{"id":2576,"date":"2025-06-16T12:07:43","date_gmt":"2025-06-16T04:07:43","guid":{"rendered":"https:\/\/senyenergy.com\/?post_type=product&#038;p=2576"},"modified":"2025-07-13T10:17:34","modified_gmt":"2025-07-13T02:17:34","slug":"fixation-solaire-universelle-reglable-pour-toit-metallique-trapezoidal","status":"publish","type":"product","link":"https:\/\/senyenergy.com\/fr\/produit\/fixation-solaire-universelle-reglable-pour-toit-metallique-trapezoidal\/","title":{"rendered":"Pince solaire universelle r\u00e9glable pour montage sur toit trap\u00e9zo\u00efdal"},"content":{"rendered":"<p>Un syst\u00e8me ajustable <strong>Collier solaire pour toit trap\u00e9zo\u00efdal<\/strong> \u00a0est con\u00e7u pour fixer solidement les panneaux solaires tout en s'adaptant \u00e0 divers profils trap\u00e9zo\u00efdaux pour fixer solidement les rails de montage des panneaux solaires sur les nervures sur\u00e9lev\u00e9es (profils trap\u00e9zo\u00efdaux) des toitures m\u00e9talliques.<\/p>\n<p>&nbsp;<\/p>\n<p>Universel R\u00e9glable<strong><b> Collier solaire pour toit trap\u00e9zo\u00efdal<\/b><\/strong>\u00a0est une solution de montage sophistiqu\u00e9e pour les toits m\u00e9talliques trap\u00e9zo\u00efdaux. Sa capacit\u00e9 d'ajustement et sa conception pour une gamme de profils offrent aux installateurs flexibilit\u00e9 et efficacit\u00e9, tandis que son objectif principal est de fournir une fondation robuste, \u00e9tanche et fiable pour les installations solaires sur ces types de toits sp\u00e9cifiques.<\/p>\n<p>&nbsp;<\/p>\n<p>Caract\u00e9ristiques de Ajustable <strong>Collier solaire pour toit trap\u00e9zo\u00efdal<\/strong>:<\/p>\n<p>1. Ajustement :<\/p>\n<ul>\n<li>R\u00e9glage vertical : Permet de r\u00e9gler avec pr\u00e9cision la hauteur du rail de montage au-dessus de la surface du toit. Cela permet de compenser les variations de la hauteur des nervures et de l'inclinaison du toit, et de s'assurer que les panneaux sont de niveau.<\/li>\n<li>R\u00e9glage lat\u00e9ral : Permet un positionnement pr\u00e9cis de la pince sur la longueur de la nervure pour un alignement optimal avec les trous de montage du panneau ou les sections du rail.<\/li>\n<\/ul>\n<p>2. L'universalit\u00e9 :<\/p>\n<ul>\n<li>Adaptation \u00e0 divers profils trap\u00e9zo\u00efdaux compatibles.<\/li>\n<li>Compatibilit\u00e9 avec les rails : G\u00e9n\u00e9ralement compatible avec les rails de montage en aluminium standard (par exemple, UNIRAC, Renusol, K2, profils IronRidge) \u00e0 l'aide de boulons en T standard ou de connecteurs sp\u00e9cifiques.<\/li>\n<\/ul>\n<p>Compatible avec divers profils de toits m\u00e9talliques trap\u00e9zo\u00efdaux, ce qui permet une grande souplesse d'installation.<\/p>\n<p>Agnostique : fonctionne avec la plupart des panneaux solaires puisqu'ils se fixent sur les rails et non directement sur la pince.<\/p>\n<p>3. Fabriqu\u00e9 en acier inoxydable de haute qualit\u00e9, r\u00e9sistant \u00e0 la corrosion, pour une plus grande long\u00e9vit\u00e9.<\/p>\n<p>4. \u00c9tanch\u00e9it\u00e9 : Incorporer des tampons\/joints en caoutchouc EPDM ou n\u00e9opr\u00e8ne entre le collier et la toiture m\u00e9tallique pour pr\u00e9venir l'abrasion, amortir les vibrations et assurer une \u00e9tanch\u00e9it\u00e9 \u00e0 l'eau.<\/p>\n<p>5. Fixation s\u00fbre : Utilise des boulons\/vis en acier inoxydable pour appliquer une pression contr\u00f4l\u00e9e et uniforme afin de saisir la nervure en toute s\u00e9curit\u00e9 sans l'endommager.<\/p>\n<p>6. Stabilit\u00e9 accrue : Con\u00e7us pour r\u00e9sister aux vents violents et aux conditions m\u00e9t\u00e9orologiques d\u00e9favorables, ils garantissent la s\u00e9curit\u00e9 des panneaux.<\/p>\n<p>7. Installation rapide : La conception simplifi\u00e9e permet une installation facile et rapide, ce qui \u00e9conomise du temps et des co\u00fbts de main-d'\u0153uvre.<\/p>\n<p>&nbsp;<\/p>\n<p>L'Universel Ajustable<strong><b> Collier solaire pour toit trap\u00e9zo\u00efdal<\/b><\/strong>\u00a0offre une solution fiable pour le montage de panneaux solaires tout en s'adaptant \u00e0 diff\u00e9rents profils de toit. Sa conception durable et sa facilit\u00e9 d'installation en font un choix id\u00e9al pour maximiser la production d'\u00e9nergie solaire.<\/p>","protected":false},"excerpt":{"rendered":"<p><strong>Ajustement<\/strong>:<\/p>\n<p>1. r\u00e9glage vertical : Permet de r\u00e9gler avec pr\u00e9cision la hauteur du rail de montage au-dessus de la surface du toit. Cela permet de compenser les variations de la hauteur des nervures et de l'inclinaison du toit, et de s'assurer que les panneaux sont de niveau.<\/p>\n<p>2. r\u00e9glage lat\u00e9ral : Permet un positionnement pr\u00e9cis de la pince sur la longueur de la nervure pour un alignement optimal avec les trous de montage du panneau ou les sections du rail.<\/p>\n<p><strong>Universalit\u00e9<\/strong>:<\/p>\n<ol>\n<li>Adaptation \u00e0 divers profils trap\u00e9zo\u00efdaux compatibles.<\/li>\n<li>Compatibilit\u00e9 avec les rails : G\u00e9n\u00e9ralement compatible avec les rails de montage en aluminium standard (par exemple, UNIRAC, Renusol, K2, profils IronRidge) \u00e0 l'aide de boulons en T standard ou de connecteurs sp\u00e9cifiques.<\/li>\n<\/ol>\n<p>Compatible avec divers profils de toits m\u00e9talliques trap\u00e9zo\u00efdaux, ce qui permet une grande souplesse d'installation.<\/p>\n<p>Agnostique : fonctionne avec la plupart des panneaux solaires puisqu'ils se fixent sur les rails et non directement sur la pince.<\/p>\n<div class=\"wp-block-button popmake-1937\"><a class=\"wp-block-button__link wp-element-button\">v\u00e9rification des prix<\/a><\/div>","protected":false},"featured_media":2581,"template":"","meta":{"_uag_custom_page_level_css":"","site-sidebar-layout":"default","site-content-layout":"","ast-site-content-layout":"default","site-content-style":"default","site-sidebar-style":"default","ast-global-header-display":"","ast-banner-title-visibility":"","ast-main-header-display":"","ast-hfb-above-header-display":"","ast-hfb-below-header-display":"","ast-hfb-mobile-header-display":"","site-post-title":"","ast-breadcrumbs-content":"","ast-featured-img":"","footer-sml-layout":"","ast-disable-related-posts":"","theme-transparent-header-meta":"default","adv-header-id-meta":"","stick-header-meta":"","header-above-stick-meta":"","header-main-stick-meta":"","header-below-stick-meta":"","astra-migrate-meta-layouts":"set","ast-page-background-enabled":"default","ast-page-background-meta":{"desktop":{"background-color":"","background-image":"","background-repeat":"repeat","background-position":"center center","background-size":"auto","background-attachment":"scroll","background-type":"","background-media":"","overlay-type":"","overlay-color":"","overlay-opacity":"","overlay-gradient":""},"tablet":{"background-color":"","background-image":"","background-repeat":"repeat","background-position":"center center","background-size":"auto","background-attachment":"scroll","background-type":"","background-media":"","overlay-type":"","overlay-color":"","overlay-opacity":"","overlay-gradient":""},"mobile":{"background-color":"","background-image":"","background-repeat":"repeat","background-position":"center center","background-size":"auto","background-attachment":"scroll","background-type":"","background-media":"","overlay-type":"","overlay-color":"","overlay-opacity":"","overlay-gradient":""}},"ast-content-background-meta":{"desktop":{"background-color":"var(--ast-global-color-5)","background-image":"","background-repeat":"repeat","background-position":"center center","background-size":"auto","background-attachment":"scroll","background-type":"","background-media":"","overlay-type":"","overlay-color":"","overlay-opacity":"","overlay-gradient":""},"tablet":{"background-color":"var(--ast-global-color-5)","background-image":"","background-repeat":"repeat","background-position":"center center","background-size":"auto","background-attachment":"scroll","background-type":"","background-media":"","overlay-type":"","overlay-color":"","overlay-opacity":"","overlay-gradient":""},"mobile":{"background-color":"var(--ast-global-color-5)","background-image":"","background-repeat":"repeat","background-position":"center center","background-size":"auto","background-attachment":"scroll","background-type":"","background-media":"","overlay-type":"","overlay-color":"","overlay-opacity":"","overlay-gradient":""}}},"product_brand":[],"product_cat":[25,61,132,24],"product_tag":[51,46,55,120,52,118],"class_list":{"0":"post-2576","1":"product","2":"type-product","3":"status-publish","4":"has-post-thumbnail","6":"product_cat-excellent","7":"product_cat-solar-metal-roof-mounting-system","8":"product_cat-solar-mounting-components","9":"product_cat-solar-mounting-system","10":"product_tag-metal-roof-solar-mounting","11":"product_tag-solar-adjustable-mounting","12":"product_tag-solar-clamp","13":"product_tag-solar-energy","14":"product_tag-trapezoidal-metal-roof-solar-mounting","15":"product_tag-trapezoidal-sheet-solar-mounting","16":"desktop-align-left","17":"tablet-align-left","18":"mobile-align-left","20":"first","21":"instock","22":"shipping-taxable","23":"product-type-simple"},"spectra_custom_meta":{"_uabb_version":["1.36.1"],"_edit_last":["1"],"_edit_lock":["1752373029:1"],"_thumbnail_id":["2581"],"total_sales":["0"],"_tax_status":["taxable"],"_tax_class":[""],"_manage_stock":["no"],"_backorders":["no"],"_sold_individually":["no"],"_virtual":["no"],"_downloadable":["no"],"_download_limit":["-1"],"_download_expiry":["-1"],"_stock":[null],"_stock_status":["instock"],"_wc_average_rating":["0"],"_wc_review_count":["0"],"_product_version":["9.6.2"],"_product_image_gallery":["2579,2580,2578,2577"],"site-sidebar-layout":["default"],"ast-site-content-layout":["default"],"site-content-style":["default"],"site-sidebar-style":["default"],"theme-transparent-header-meta":["default"],"astra-migrate-meta-layouts":["set"],"_uag_page_assets":["a:9:{s:3:\"css\";s:5318:\".uag-blocks-common-selector{z-index:var(--z-index-desktop) !important}@media (max-width: 976px){.uag-blocks-common-selector{z-index:var(--z-index-tablet) !important}}@media (max-width: 767px){.uag-blocks-common-selector{z-index:var(--z-index-mobile) !important}}\n.wp-block-uagb-faq{width:100%}.wp-block-uagb-faq.uagb-faq-layout-accordion .uagb-faq-child__outer-wrap .uagb-faq-questions-button{cursor:pointer}.wp-block-uagb-faq .uagb-faq-content{margin-bottom:0}.wp-block-uagb-faq .uagb-faq-content p{margin:auto}.uagb-faq-layout-grid.uagb-faq-equal-height.uagb-faq__wrap .uagb-faq-child__outer-wrap,.uagb-faq-layout-grid.uagb-faq-equal-height.uagb-faq__wrap .uagb-faq-item{height:100%}body[class*=\"astra\"] .uagb-faq-questions{line-height:normal}.uagb-faq-item{overflow:hidden}\n.wp-block-uagb-faq-child .uagb-faq-questions-button{display:flex;align-items:center}.wp-block-uagb-faq-child .uagb-faq-questions-button .uagb-faq-icon-wrap{display:flex;align-items:center}.wp-block-uagb-faq-child .uagb-faq-questions-button .uagb-question{width:100%;margin-top:0;margin-bottom:0}.wp-block-uagb-faq-child .uagb-icon svg,.wp-block-uagb-faq-child .uagb-icon-active svg{width:15px;height:15px;font-size:15px}.wp-block-uagb-faq-child.uagb-faq-child__outer-wrap.uagb-faq-item .uagb-icon-active,.wp-block-uagb-faq-child.uagb-faq-child__outer-wrap.uagb-faq-item.uagb-faq-item-active .uagb-icon,.wp-block-uagb-faq-child.uagb-faq-child__outer-wrap .uagb-faq-item .uagb-icon-active,.wp-block-uagb-faq-child.uagb-faq-child__outer-wrap .uagb-faq-item.uagb-faq-item-active .uagb-icon{display:none;width:0;padding:0;height:0;margin:0}.wp-block-uagb-faq-child.uagb-faq-child__outer-wrap.uagb-faq-item .uagb-icon,.wp-block-uagb-faq-child.uagb-faq-child__outer-wrap.uagb-faq-item.uagb-faq-item-active .uagb-icon-active,.wp-block-uagb-faq-child.uagb-faq-child__outer-wrap .uagb-faq-item .uagb-icon,.wp-block-uagb-faq-child.uagb-faq-child__outer-wrap .uagb-faq-item.uagb-faq-item-active .uagb-icon-active{display:flex;width:auto;height:auto}.uagb-faq-layout-grid .uagb-faq-child__outer-wrap.uagb-faq-item .uagb-icon,.uagb-faq-layout-grid .uagb-faq-child__outer-wrap.uagb-faq-item.uagb-faq-item-active .uagb-icon-active,.uagb-faq-layout-grid .uagb-faq-child__outer-wrap .uagb-faq-item .uagb-icon,.uagb-faq-layout-grid .uagb-faq-child__outer-wrap .uagb-faq-item.uagb-faq-item-active .uagb-icon-active{display:none}.uagb-faq-layout-grid .uagb-faq-child__outer-wrap.uagb-faq-item span.uagb-icon-active.uagb-faq-icon-wrap,.uagb-faq-layout-grid .uagb-faq-child__outer-wrap.uagb-faq-item.uagb-faq-item-active .uagb-icon-active,.uagb-faq-layout-grid .uagb-faq-child__outer-wrap .uagb-faq-item span.uagb-icon-active.uagb-faq-icon-wrap,.uagb-faq-layout-grid .uagb-faq-child__outer-wrap .uagb-faq-item.uagb-faq-item-active .uagb-icon-active{display:none}\n.uagb-block-55b5edaf .uagb-icon svg{width: 12px;height: 12px;font-size: 12px;}.uagb-block-55b5edaf .uagb-icon-active svg{width: 12px;height: 12px;font-size: 12px;}.uagb-block-55b5edaf .uagb-faq-child__outer-wrap{margin-bottom: 10px;}.uagb-block-55b5edaf .uagb-faq-item{border-top-width: 1px;border-left-width: 1px;border-right-width: 1px;border-bottom-width: 1px;border-top-left-radius: 2px;border-top-right-radius: 2px;border-bottom-left-radius: 2px;border-bottom-right-radius: 2px;border-color: #1e1e1e;border-style: solid;}.uagb-block-55b5edaf .uagb-faq-questions-button{padding-top: 10px;padding-bottom: 10px;padding-right: 10px;padding-left: 10px;}.uagb-block-55b5edaf .uagb-faq-content{padding-top: 10px;padding-bottom: 10px;padding-right: 10px;padding-left: 10px;}.uagb-block-55b5edaf .uagb-faq-content span{margin-top: 10px;margin-bottom: 10px;margin-right: 10px;margin-left: 10px;}.uagb-block-55b5edaf.uagb-faq-icon-row .uagb-faq-item .uagb-faq-icon-wrap{margin-right: 10px;}.uagb-block-55b5edaf.uagb-faq-icon-row-reverse .uagb-faq-item .uagb-faq-icon-wrap{margin-left: 10px;}.uagb-block-55b5edaf .uagb-faq-item .uagb-faq-questions-button.uagb-faq-questions{flex-direction: row;}.uagb-block-55b5edaf .wp-block-uagb-faq-child.uagb-faq-child__outer-wrap .uagb-faq-content {display: none;}@media only screen and (max-width: 976px) {.uagb-block-55b5edaf.uagb-faq-icon-row .uagb-faq-item .uagb-faq-icon-wrap{margin-right: 10px;}.uagb-block-55b5edaf.uagb-faq-icon-row-reverse .uagb-faq-item .uagb-faq-icon-wrap{margin-left: 10px;}.uagb-block-55b5edaf .uagb-faq-questions-button{padding-top: 10px;padding-bottom: 10px;padding-right: 10px;padding-left: 10px;}.uagb-block-55b5edaf .uagb-faq-content{padding-top: 10px;padding-bottom: 10px;padding-right: 10px;padding-left: 10px;}.uagb-block-55b5edaf .uagb-faq-content span{margin-top: 10px;margin-bottom: 10px;margin-right: 10px;margin-left: 10px;}}@media only screen and (max-width: 767px) {.uagb-block-55b5edaf.uagb-faq-icon-row .uagb-faq-item .uagb-faq-icon-wrap{margin-right: 10px;}.uagb-block-55b5edaf.uagb-faq-icon-row-reverse .uagb-faq-item .uagb-faq-icon-wrap{margin-left: 10px;}.uagb-block-55b5edaf .uagb-faq-questions-button{padding-top: 10px;padding-bottom: 10px;padding-right: 10px;padding-left: 10px;}.uagb-block-55b5edaf .uagb-faq-content{padding-top: 10px;padding-bottom: 10px;padding-right: 10px;padding-left: 10px;}.uagb-block-55b5edaf .uagb-faq-content span{margin-top: 10px;margin-bottom: 10px;margin-right: 10px;margin-left: 10px;}}\";s:2:\"js\";s:0:\"\";s:18:\"current_block_list\";a:10:{i:0;s:11:\"core\/search\";i:1;s:10:\"core\/group\";i:2;s:12:\"core\/heading\";i:3;s:17:\"core\/latest-posts\";i:4;s:20:\"core\/latest-comments\";i:5;s:13:\"core\/archives\";i:6;s:15:\"core\/categories\";i:7;s:14:\"core\/paragraph\";i:8;s:8:\"uagb\/faq\";i:9;s:14:\"uagb\/faq-child\";}s:8:\"uag_flag\";b:1;s:11:\"uag_version\";s:10:\"1775829763\";s:6:\"gfonts\";a:0:{}s:10:\"gfonts_url\";s:0:\"\";s:12:\"gfonts_files\";a:0:{}s:14:\"uag_faq_layout\";b:1;}"],"_uag_css_file_name":["uag-css-2576.css"]},"uagb_featured_image_src":{"full":["https:\/\/senyenergy.com\/wp-content\/uploads\/2025\/06\/Universal-Solar-Clamp-Fastener-Mount.jpg",800,800,false],"thumbnail":["https:\/\/senyenergy.com\/wp-content\/uploads\/2025\/06\/Universal-Solar-Clamp-Fastener-Mount-150x150.jpg",150,150,true],"medium":["https:\/\/senyenergy.com\/wp-content\/uploads\/2025\/06\/Universal-Solar-Clamp-Fastener-Mount-300x300.jpg",300,300,true],"medium_large":["https:\/\/senyenergy.com\/wp-content\/uploads\/2025\/06\/Universal-Solar-Clamp-Fastener-Mount-768x768.jpg",768,768,true],"large":["https:\/\/senyenergy.com\/wp-content\/uploads\/2025\/06\/Universal-Solar-Clamp-Fastener-Mount.jpg",800,800,false],"1536x1536":["https:\/\/senyenergy.com\/wp-content\/uploads\/2025\/06\/Universal-Solar-Clamp-Fastener-Mount.jpg",800,800,false],"2048x2048":["https:\/\/senyenergy.com\/wp-content\/uploads\/2025\/06\/Universal-Solar-Clamp-Fastener-Mount.jpg",800,800,false],"trp-custom-language-flag":["https:\/\/senyenergy.com\/wp-content\/uploads\/2025\/06\/Universal-Solar-Clamp-Fastener-Mount-12x12.jpg",12,12,true],"woocommerce_thumbnail":["https:\/\/senyenergy.com\/wp-content\/uploads\/2025\/06\/Universal-Solar-Clamp-Fastener-Mount-300x300.jpg",300,300,true],"woocommerce_single":["https:\/\/senyenergy.com\/wp-content\/uploads\/2025\/06\/Universal-Solar-Clamp-Fastener-Mount-600x600.jpg",600,600,true],"woocommerce_gallery_thumbnail":["https:\/\/senyenergy.com\/wp-content\/uploads\/2025\/06\/Universal-Solar-Clamp-Fastener-Mount-100x100.jpg",100,100,true]},"uagb_author_info":{"display_name":"wp-admin","author_link":"https:\/\/senyenergy.com\/fr\/author\/"},"uagb_comment_info":0,"uagb_excerpt":"Adjustability: 1.Vertical Adjustment: Allows fine-tuning the height of the mounting rail above the roof surface. This compensates for variations in rib height, roof pitch, and ensures panels sit level. 2.Lateral Adjustment: Enables precise positioning of the clamp along the length of the rib for optimal alignment with panel mounting holes or rail sections. Universality: Accommodating\u2026","_links":{"self":[{"href":"https:\/\/senyenergy.com\/fr\/wp-json\/wp\/v2\/product\/2576","targetHints":{"allow":["GET"]}}],"collection":[{"href":"https:\/\/senyenergy.com\/fr\/wp-json\/wp\/v2\/product"}],"about":[{"href":"https:\/\/senyenergy.com\/fr\/wp-json\/wp\/v2\/types\/product"}],"wp:featuredmedia":[{"embeddable":true,"href":"https:\/\/senyenergy.com\/fr\/wp-json\/wp\/v2\/media\/2581"}],"wp:attachment":[{"href":"https:\/\/senyenergy.com\/fr\/wp-json\/wp\/v2\/media?parent=2576"}],"wp:term":[{"taxonomy":"product_brand","embeddable":true,"href":"https:\/\/senyenergy.com\/fr\/wp-json\/wp\/v2\/product_brand?post=2576"},{"taxonomy":"product_cat","embeddable":true,"href":"https:\/\/senyenergy.com\/fr\/wp-json\/wp\/v2\/product_cat?post=2576"},{"taxonomy":"product_tag","embeddable":true,"href":"https:\/\/senyenergy.com\/fr\/wp-json\/wp\/v2\/product_tag?post=2576"}],"curies":[{"name":"wp","href":"https:\/\/api.w.org\/{rel}","templated":true}]}}