{"id":2550,"date":"2025-06-09T11:13:08","date_gmt":"2025-06-09T03:13:08","guid":{"rendered":"https:\/\/senyenergy.com\/?post_type=product&#038;p=2550"},"modified":"2025-07-13T10:58:54","modified_gmt":"2025-07-13T02:58:54","slug":"serre-cables-metalliques-en-acier-inoxydable-auto-bloquants","status":"publish","type":"product","link":"https:\/\/senyenergy.com\/fr\/produit\/serre-cables-metalliques-en-acier-inoxydable-auto-bloquants\/","title":{"rendered":"Attaches de c\u00e2ble en acier inoxydable autobloquantes"},"content":{"rendered":"<p>Tous les 304 <strong><b>Attaches de c\u00e2ble en acier inoxydable autobloquantes<\/b><\/strong>\u00a0Par rapport aux colliers traditionnels en nylon, les colliers m\u00e9talliques ont des co\u00fbts de fabrication plus \u00e9lev\u00e9s mais des performances nettement sup\u00e9rieures. Ils ont une plus grande r\u00e9sistance \u00e0 la traction, \u00e0 l'abrasion et \u00e0 la corrosion, ne sont pas faciles \u00e0 vieillir et \u00e0 d\u00e9former, peuvent \u00eatre utilis\u00e9s \u00e0 haute temp\u00e9rature pour certaines applications sp\u00e9ciales telles que l'emballage des pots d'\u00e9chappement...<\/p>\n<p>&nbsp;<\/p>\n<p>Caract\u00e9ristiques <strong><b>Attaches de c\u00e2ble en acier inoxydable autobloquantes<\/b><\/strong>:<\/p>\n<p>R\u00e9sistance \u00e0 la corrosion : Fabriqu\u00e9s en acier inoxydable de haute qualit\u00e9, ils r\u00e9sistent \u00e0 la rouille et \u00e0 la corrosion, ce qui les rend adapt\u00e9s aux environnements ext\u00e9rieurs et difficiles.<\/p>\n<p>Haute r\u00e9sistance \u00e0 la traction : Con\u00e7ue pour r\u00e9sister \u00e0 des charges et des contraintes \u00e9lev\u00e9es, elle garantit des performances fiables dans des conditions exigeantes.<\/p>\n<p>R\u00e9sistance \u00e0 la temp\u00e9rature : Ils peuvent r\u00e9sister \u00e0 des temp\u00e9ratures extr\u00eames, ce qui les rend id\u00e9aux pour les applications \u00e0 haute et basse temp\u00e9rature.<\/p>\n<p>Vari\u00e9t\u00e9 de tailles : Disponible en plusieurs longueurs et largeurs pour s'adapter aux diff\u00e9rentes tailles de c\u00e2bles et applications.<\/p>\n<p>Durabilit\u00e9 : Performance durable par rapport aux attaches en plastique, en particulier dans les environnements difficiles.<\/p>\n<p>S\u00e9curit\u00e9 : Offre une prise s\u00fbre qui ne se desserre pas avec le temps, r\u00e9duisant ainsi le risque de d\u00e9connexions accidentelles.<\/p>\n<p>Polyvalence : Convient \u00e0 un large \u00e9ventail d'applications, des milieux industriels \u00e0 l'usage domestique.<\/p>\n<p>Respect de l'environnement : l'acier inoxydable est recyclable, ce qui fait de ces cravates une option plus respectueuse de l'environnement.<\/p>\n<p>&nbsp;<\/p>\n<p>Longueur : 300 mm (standard\uff09support 150-1200mm ou personnalis\u00e9)<\/p>\n<p>Largeur : 4,6 mm\/0,18 pouces (standard\uff09support4,6\/7,9\/10\/12\/16mm)<\/p>\n<p>\u00c9paisseur : 0,25 mm\/0,01 pouce (standard\uff09)<\/p>\n<p>50\/100 pcs zip ties m\u00e9talliques emball\u00e9s dans des sachets scell\u00e9s<\/p>\n<p>&nbsp;<\/p>\n<p>Utilisations courantes des <strong><b>Attaches de c\u00e2ble en acier inoxydable autobloquantes<\/b><\/strong>:<\/p>\n<p>\u00c9lectricit\u00e9 et t\u00e9l\u00e9communications : Organisation et s\u00e9curisation des c\u00e2bles dans les centres de donn\u00e9es, les installations de t\u00e9l\u00e9communications et les panneaux \u00e9lectriques.<\/p>\n<p>Construction et fabrication : Utilis\u00e9 pour regrouper et s\u00e9curiser les mat\u00e9riaux, les tuyaux et les fils dans les chantiers de construction et les usines de fabrication.<\/p>\n<p>Transport : Utilis\u00e9 dans les industries automobile et a\u00e9rospatiale pour fixer les composants et les faisceaux de c\u00e2bles.<\/p>\n<p>Syst\u00e8mes HVAC : Id\u00e9al pour s\u00e9curiser les conduits, la tuyauterie et le c\u00e2blage \u00e9lectrique dans les syst\u00e8mes de chauffage, de ventilation et de climatisation.<\/p>\n<p>&nbsp;<\/p>\n<p>Les attaches zip m\u00e9talliques en acier inoxydable 304 ignifug\u00e9 offrent une meilleure protection \u00e0 vos biens que les attaches en plastique ordinaires. Elles offrent une protection en cas d'utilisation dans des environnements corrosifs et \u00e0 des temp\u00e9ratures extr\u00eames.<\/p>\n<p>Cette fermeture \u00e0 glissi\u00e8re tr\u00e8s r\u00e9sistante <strong><b>Colliers de serrage en acier inoxydable<\/b><\/strong>\u00a0M\u00e9canisme autobloquant \u00e0 roulement \u00e0 billes, qui assure une r\u00e9sistance \u00e0 la traction de 200 LBS minimum et une insertion facile lors de la fixation de tuyaux, de c\u00e2bles, de tubes, etc.<\/p>\n<p>Les bords arrondis et la surface lisse rendent ces serre-c\u00e2bles faciles \u00e0 manipuler. La t\u00eate enti\u00e8rement ferm\u00e9e ne permet pas \u00e0 la salet\u00e9 ou aux gravillons d'interf\u00e9rer avec le m\u00e9canisme de verrouillage.<\/p>\n<p>Haute r\u00e9sistance \u00e0 la traction pour une fiabilit\u00e9 et une s\u00e9curit\u00e9 accrues dans les applications lourdes telles que l'enroulement des gaz d'\u00e9chappement, les cl\u00f4tures, le renforcement des auvents, le travail en ext\u00e9rieur et dans l'industrie.<\/p>\n<p>&nbsp;<\/p>","protected":false},"excerpt":{"rendered":"<p>Les attaches zip m\u00e9talliques en acier inoxydable 304 ignifug\u00e9 offrent une meilleure protection \u00e0 vos biens que les attaches en plastique ordinaires. Elles offrent une protection en cas d'utilisation dans des environnements corrosifs et \u00e0 des temp\u00e9ratures extr\u00eames.<br \/>\nCe collier de serrage robuste est dot\u00e9 d'un m\u00e9canisme autobloquant \u00e0 roulement \u00e0 billes, qui assure une r\u00e9sistance \u00e0 la traction de 200 LBS minimum et une insertion facile lors de la fixation de tuyaux, de c\u00e2bles, de tubes et autres.<br \/>\nLes bords arrondis et la surface lisse rendent ces serre-c\u00e2bles faciles \u00e0 manipuler. La t\u00eate enti\u00e8rement ferm\u00e9e ne permet pas \u00e0 la salet\u00e9 ou aux gravillons d'interf\u00e9rer avec le m\u00e9canisme de verrouillage.<br \/>\nHaute r\u00e9sistance \u00e0 la traction pour une fiabilit\u00e9 et une s\u00e9curit\u00e9 accrues dans les applications lourdes telles que l'enroulement des gaz d'\u00e9chappement, les cl\u00f4tures, le renforcement des auvents, le travail en ext\u00e9rieur et dans l'industrie.<\/p>\n<div class=\"wp-block-button popmake-1937\"><a class=\"wp-block-button__link wp-element-button\">v\u00e9rification des prix<\/a><\/div>","protected":false},"featured_media":2552,"template":"","meta":{"_uag_custom_page_level_css":"","site-sidebar-layout":"default","site-content-layout":"","ast-site-content-layout":"default","site-content-style":"default","site-sidebar-style":"default","ast-global-header-display":"","ast-banner-title-visibility":"","ast-main-header-display":"","ast-hfb-above-header-display":"","ast-hfb-below-header-display":"","ast-hfb-mobile-header-display":"","site-post-title":"","ast-breadcrumbs-content":"","ast-featured-img":"","footer-sml-layout":"","ast-disable-related-posts":"","theme-transparent-header-meta":"default","adv-header-id-meta":"","stick-header-meta":"","header-above-stick-meta":"","header-main-stick-meta":"","header-below-stick-meta":"","astra-migrate-meta-layouts":"set","ast-page-background-enabled":"default","ast-page-background-meta":{"desktop":{"background-color":"","background-image":"","background-repeat":"repeat","background-position":"center center","background-size":"auto","background-attachment":"scroll","background-type":"","background-media":"","overlay-type":"","overlay-color":"","overlay-opacity":"","overlay-gradient":""},"tablet":{"background-color":"","background-image":"","background-repeat":"repeat","background-position":"center center","background-size":"auto","background-attachment":"scroll","background-type":"","background-media":"","overlay-type":"","overlay-color":"","overlay-opacity":"","overlay-gradient":""},"mobile":{"background-color":"","background-image":"","background-repeat":"repeat","background-position":"center center","background-size":"auto","background-attachment":"scroll","background-type":"","background-media":"","overlay-type":"","overlay-color":"","overlay-opacity":"","overlay-gradient":""}},"ast-content-background-meta":{"desktop":{"background-color":"var(--ast-global-color-5)","background-image":"","background-repeat":"repeat","background-position":"center center","background-size":"auto","background-attachment":"scroll","background-type":"","background-media":"","overlay-type":"","overlay-color":"","overlay-opacity":"","overlay-gradient":""},"tablet":{"background-color":"var(--ast-global-color-5)","background-image":"","background-repeat":"repeat","background-position":"center center","background-size":"auto","background-attachment":"scroll","background-type":"","background-media":"","overlay-type":"","overlay-color":"","overlay-opacity":"","overlay-gradient":""},"mobile":{"background-color":"var(--ast-global-color-5)","background-image":"","background-repeat":"repeat","background-position":"center center","background-size":"auto","background-attachment":"scroll","background-type":"","background-media":"","overlay-type":"","overlay-color":"","overlay-opacity":"","overlay-gradient":""}}},"product_brand":[],"product_cat":[25,23,132,33],"product_tag":[171,173,169,174,168,34,36,65,119,170,175,172,176],"class_list":{"0":"post-2550","1":"product","2":"type-product","3":"status-publish","4":"has-post-thumbnail","6":"product_cat-excellent","7":"product_cat-solar-accessories","8":"product_cat-solar-mounting-components","9":"product_cat-solar-panel-accessories","10":"product_tag-cable-ties","11":"product_tag-cable-ties-metal","12":"product_tag-metal-cable-ties","13":"product_tag-metal-zip-tie","14":"product_tag-solar-cable-ties","15":"product_tag-solar-panel","16":"product_tag-solar-panel-clip","17":"product_tag-solar-pv-clip","18":"product_tag-solar-system","19":"product_tag-stainless-steel-metal-cable-ties","20":"product_tag-stainless-steel-zip","21":"product_tag-wire-cable-ties","22":"product_tag-zip-ties","23":"desktop-align-left","24":"tablet-align-left","25":"mobile-align-left","27":"first","28":"instock","29":"shipping-taxable","30":"product-type-simple"},"spectra_custom_meta":{"_uabb_version":["1.36.1"],"_edit_last":["1"],"_edit_lock":["1752375513:1"],"_thumbnail_id":["2552"],"total_sales":["0"],"_tax_status":["taxable"],"_tax_class":[""],"_manage_stock":["no"],"_backorders":["no"],"_sold_individually":["no"],"_virtual":["no"],"_downloadable":["no"],"_download_limit":["-1"],"_download_expiry":["-1"],"_stock":[null],"_stock_status":["instock"],"_wc_average_rating":["0"],"_wc_review_count":["0"],"_product_version":["9.6.2"],"_product_image_gallery":["2554,2551,2556,2555,2553"],"site-sidebar-layout":["default"],"ast-site-content-layout":["default"],"site-content-style":["default"],"site-sidebar-style":["default"],"theme-transparent-header-meta":["default"],"astra-migrate-meta-layouts":["set"],"_uag_page_assets":["a:9:{s:3:\"css\";s:5318:\".uag-blocks-common-selector{z-index:var(--z-index-desktop) !important}@media (max-width: 976px){.uag-blocks-common-selector{z-index:var(--z-index-tablet) !important}}@media (max-width: 767px){.uag-blocks-common-selector{z-index:var(--z-index-mobile) !important}}\n.wp-block-uagb-faq{width:100%}.wp-block-uagb-faq.uagb-faq-layout-accordion .uagb-faq-child__outer-wrap .uagb-faq-questions-button{cursor:pointer}.wp-block-uagb-faq .uagb-faq-content{margin-bottom:0}.wp-block-uagb-faq .uagb-faq-content p{margin:auto}.uagb-faq-layout-grid.uagb-faq-equal-height.uagb-faq__wrap .uagb-faq-child__outer-wrap,.uagb-faq-layout-grid.uagb-faq-equal-height.uagb-faq__wrap .uagb-faq-item{height:100%}body[class*=\"astra\"] .uagb-faq-questions{line-height:normal}.uagb-faq-item{overflow:hidden}\n.wp-block-uagb-faq-child .uagb-faq-questions-button{display:flex;align-items:center}.wp-block-uagb-faq-child .uagb-faq-questions-button .uagb-faq-icon-wrap{display:flex;align-items:center}.wp-block-uagb-faq-child .uagb-faq-questions-button .uagb-question{width:100%;margin-top:0;margin-bottom:0}.wp-block-uagb-faq-child .uagb-icon svg,.wp-block-uagb-faq-child .uagb-icon-active svg{width:15px;height:15px;font-size:15px}.wp-block-uagb-faq-child.uagb-faq-child__outer-wrap.uagb-faq-item .uagb-icon-active,.wp-block-uagb-faq-child.uagb-faq-child__outer-wrap.uagb-faq-item.uagb-faq-item-active .uagb-icon,.wp-block-uagb-faq-child.uagb-faq-child__outer-wrap .uagb-faq-item .uagb-icon-active,.wp-block-uagb-faq-child.uagb-faq-child__outer-wrap .uagb-faq-item.uagb-faq-item-active .uagb-icon{display:none;width:0;padding:0;height:0;margin:0}.wp-block-uagb-faq-child.uagb-faq-child__outer-wrap.uagb-faq-item .uagb-icon,.wp-block-uagb-faq-child.uagb-faq-child__outer-wrap.uagb-faq-item.uagb-faq-item-active .uagb-icon-active,.wp-block-uagb-faq-child.uagb-faq-child__outer-wrap .uagb-faq-item .uagb-icon,.wp-block-uagb-faq-child.uagb-faq-child__outer-wrap .uagb-faq-item.uagb-faq-item-active .uagb-icon-active{display:flex;width:auto;height:auto}.uagb-faq-layout-grid .uagb-faq-child__outer-wrap.uagb-faq-item .uagb-icon,.uagb-faq-layout-grid .uagb-faq-child__outer-wrap.uagb-faq-item.uagb-faq-item-active .uagb-icon-active,.uagb-faq-layout-grid .uagb-faq-child__outer-wrap .uagb-faq-item .uagb-icon,.uagb-faq-layout-grid .uagb-faq-child__outer-wrap .uagb-faq-item.uagb-faq-item-active .uagb-icon-active{display:none}.uagb-faq-layout-grid .uagb-faq-child__outer-wrap.uagb-faq-item span.uagb-icon-active.uagb-faq-icon-wrap,.uagb-faq-layout-grid .uagb-faq-child__outer-wrap.uagb-faq-item.uagb-faq-item-active .uagb-icon-active,.uagb-faq-layout-grid .uagb-faq-child__outer-wrap .uagb-faq-item span.uagb-icon-active.uagb-faq-icon-wrap,.uagb-faq-layout-grid .uagb-faq-child__outer-wrap .uagb-faq-item.uagb-faq-item-active .uagb-icon-active{display:none}\n.uagb-block-55b5edaf .uagb-icon svg{width: 12px;height: 12px;font-size: 12px;}.uagb-block-55b5edaf .uagb-icon-active svg{width: 12px;height: 12px;font-size: 12px;}.uagb-block-55b5edaf .uagb-faq-child__outer-wrap{margin-bottom: 10px;}.uagb-block-55b5edaf .uagb-faq-item{border-top-width: 1px;border-left-width: 1px;border-right-width: 1px;border-bottom-width: 1px;border-top-left-radius: 2px;border-top-right-radius: 2px;border-bottom-left-radius: 2px;border-bottom-right-radius: 2px;border-color: #1e1e1e;border-style: solid;}.uagb-block-55b5edaf .uagb-faq-questions-button{padding-top: 10px;padding-bottom: 10px;padding-right: 10px;padding-left: 10px;}.uagb-block-55b5edaf .uagb-faq-content{padding-top: 10px;padding-bottom: 10px;padding-right: 10px;padding-left: 10px;}.uagb-block-55b5edaf .uagb-faq-content span{margin-top: 10px;margin-bottom: 10px;margin-right: 10px;margin-left: 10px;}.uagb-block-55b5edaf.uagb-faq-icon-row .uagb-faq-item .uagb-faq-icon-wrap{margin-right: 10px;}.uagb-block-55b5edaf.uagb-faq-icon-row-reverse .uagb-faq-item .uagb-faq-icon-wrap{margin-left: 10px;}.uagb-block-55b5edaf .uagb-faq-item .uagb-faq-questions-button.uagb-faq-questions{flex-direction: row;}.uagb-block-55b5edaf .wp-block-uagb-faq-child.uagb-faq-child__outer-wrap .uagb-faq-content {display: none;}@media only screen and (max-width: 976px) {.uagb-block-55b5edaf.uagb-faq-icon-row .uagb-faq-item .uagb-faq-icon-wrap{margin-right: 10px;}.uagb-block-55b5edaf.uagb-faq-icon-row-reverse .uagb-faq-item .uagb-faq-icon-wrap{margin-left: 10px;}.uagb-block-55b5edaf .uagb-faq-questions-button{padding-top: 10px;padding-bottom: 10px;padding-right: 10px;padding-left: 10px;}.uagb-block-55b5edaf .uagb-faq-content{padding-top: 10px;padding-bottom: 10px;padding-right: 10px;padding-left: 10px;}.uagb-block-55b5edaf .uagb-faq-content span{margin-top: 10px;margin-bottom: 10px;margin-right: 10px;margin-left: 10px;}}@media only screen and (max-width: 767px) {.uagb-block-55b5edaf.uagb-faq-icon-row .uagb-faq-item .uagb-faq-icon-wrap{margin-right: 10px;}.uagb-block-55b5edaf.uagb-faq-icon-row-reverse .uagb-faq-item .uagb-faq-icon-wrap{margin-left: 10px;}.uagb-block-55b5edaf .uagb-faq-questions-button{padding-top: 10px;padding-bottom: 10px;padding-right: 10px;padding-left: 10px;}.uagb-block-55b5edaf .uagb-faq-content{padding-top: 10px;padding-bottom: 10px;padding-right: 10px;padding-left: 10px;}.uagb-block-55b5edaf .uagb-faq-content span{margin-top: 10px;margin-bottom: 10px;margin-right: 10px;margin-left: 10px;}}\";s:2:\"js\";s:0:\"\";s:18:\"current_block_list\";a:10:{i:0;s:11:\"core\/search\";i:1;s:10:\"core\/group\";i:2;s:12:\"core\/heading\";i:3;s:17:\"core\/latest-posts\";i:4;s:20:\"core\/latest-comments\";i:5;s:13:\"core\/archives\";i:6;s:15:\"core\/categories\";i:7;s:14:\"core\/paragraph\";i:8;s:8:\"uagb\/faq\";i:9;s:14:\"uagb\/faq-child\";}s:8:\"uag_flag\";b:1;s:11:\"uag_version\";s:10:\"1775829763\";s:6:\"gfonts\";a:0:{}s:10:\"gfonts_url\";s:0:\"\";s:12:\"gfonts_files\";a:0:{}s:14:\"uag_faq_layout\";b:1;}"],"_uag_css_file_name":["uag-css-2550.css"]},"uagb_featured_image_src":{"full":["https:\/\/senyenergy.com\/wp-content\/uploads\/2025\/06\/Stainless-Steel-Metal-Cable-Ties.jpg",800,800,false],"thumbnail":["https:\/\/senyenergy.com\/wp-content\/uploads\/2025\/06\/Stainless-Steel-Metal-Cable-Ties-150x150.jpg",150,150,true],"medium":["https:\/\/senyenergy.com\/wp-content\/uploads\/2025\/06\/Stainless-Steel-Metal-Cable-Ties-300x300.jpg",300,300,true],"medium_large":["https:\/\/senyenergy.com\/wp-content\/uploads\/2025\/06\/Stainless-Steel-Metal-Cable-Ties-768x768.jpg",768,768,true],"large":["https:\/\/senyenergy.com\/wp-content\/uploads\/2025\/06\/Stainless-Steel-Metal-Cable-Ties.jpg",800,800,false],"1536x1536":["https:\/\/senyenergy.com\/wp-content\/uploads\/2025\/06\/Stainless-Steel-Metal-Cable-Ties.jpg",800,800,false],"2048x2048":["https:\/\/senyenergy.com\/wp-content\/uploads\/2025\/06\/Stainless-Steel-Metal-Cable-Ties.jpg",800,800,false],"trp-custom-language-flag":["https:\/\/senyenergy.com\/wp-content\/uploads\/2025\/06\/Stainless-Steel-Metal-Cable-Ties-12x12.jpg",12,12,true],"woocommerce_thumbnail":["https:\/\/senyenergy.com\/wp-content\/uploads\/2025\/06\/Stainless-Steel-Metal-Cable-Ties-300x300.jpg",300,300,true],"woocommerce_single":["https:\/\/senyenergy.com\/wp-content\/uploads\/2025\/06\/Stainless-Steel-Metal-Cable-Ties-600x600.jpg",600,600,true],"woocommerce_gallery_thumbnail":["https:\/\/senyenergy.com\/wp-content\/uploads\/2025\/06\/Stainless-Steel-Metal-Cable-Ties-100x100.jpg",100,100,true]},"uagb_author_info":{"display_name":"wp-admin","author_link":"https:\/\/senyenergy.com\/fr\/author\/"},"uagb_comment_info":0,"uagb_excerpt":"304 grade fire proof stainless steel metal zip ties offer better protection to your belongs compared to ordinary plastic ties, providing protection when used in corrosive environments and extreme temperature This heavy duty zip ties features Self locking, ball bearing mechanism, which assures 200 LBS min tensile strength and easy insertion when securing hoses, cables,\u2026","_links":{"self":[{"href":"https:\/\/senyenergy.com\/fr\/wp-json\/wp\/v2\/product\/2550","targetHints":{"allow":["GET"]}}],"collection":[{"href":"https:\/\/senyenergy.com\/fr\/wp-json\/wp\/v2\/product"}],"about":[{"href":"https:\/\/senyenergy.com\/fr\/wp-json\/wp\/v2\/types\/product"}],"wp:featuredmedia":[{"embeddable":true,"href":"https:\/\/senyenergy.com\/fr\/wp-json\/wp\/v2\/media\/2552"}],"wp:attachment":[{"href":"https:\/\/senyenergy.com\/fr\/wp-json\/wp\/v2\/media?parent=2550"}],"wp:term":[{"taxonomy":"product_brand","embeddable":true,"href":"https:\/\/senyenergy.com\/fr\/wp-json\/wp\/v2\/product_brand?post=2550"},{"taxonomy":"product_cat","embeddable":true,"href":"https:\/\/senyenergy.com\/fr\/wp-json\/wp\/v2\/product_cat?post=2550"},{"taxonomy":"product_tag","embeddable":true,"href":"https:\/\/senyenergy.com\/fr\/wp-json\/wp\/v2\/product_tag?post=2550"}],"curies":[{"name":"wp","href":"https:\/\/api.w.org\/{rel}","templated":true}]}}