{"id":2544,"date":"2025-06-06T15:56:25","date_gmt":"2025-06-06T07:56:25","guid":{"rendered":"https:\/\/senyenergy.com\/?post_type=product&#038;p=2544"},"modified":"2025-06-06T15:56:26","modified_gmt":"2025-06-06T07:56:26","slug":"systeme-de-fixation-solaire-klip-lok-700","status":"publish","type":"product","link":"https:\/\/senyenergy.com\/fr\/produit\/systeme-de-fixation-solaire-klip-lok-700\/","title":{"rendered":"Syst\u00e8me de montage Solar Klip Lok 700 Clamp"},"content":{"rendered":"<p>Les <strong>Solar Klip Lok 700 Fixation par pince<\/strong> Le syst\u00e8me est con\u00e7u pour fixer solidement les panneaux solaires sur les toits m\u00e9talliques \u00e0 nervures trap\u00e9zo\u00efdales Klip Lok 700 - un profil populaire en Australie, en Nouvelle-Z\u00e9lande, dans les pays d'Asie du Sud-Est, etc. Contrairement aux toits \u00e0 joint debout, Klip Lok 700 a une forme distincte de nervure trap\u00e9zo\u00efdale, n\u00e9cessitant des pinces sp\u00e9cialis\u00e9es pour des installations non p\u00e9n\u00e9trantes et s\u00fbres du point de vue de la garantie.<\/p>\n<p>&nbsp;<\/p>\n<p>Les <strong>Fixation par pince Solar Klip Lok 700<\/strong> est une pince sur rail pour installation solaire sur toiture m\u00e9tallique \u00e0 joint debout pour toiture Lysaght Klip-lok, sp\u00e9cialement con\u00e7ue pour la toiture m\u00e9tallique \u00e0 joint debout Lysaght Klip-lok 700 de dimensions similaires. Le collier pr\u00e9serve l'\u00e9l\u00e9gance de votre toiture m\u00e9tallique \u00e0 joint debout sans endommager le mat\u00e9riau de la toiture. L'absence d'endommagement signifie l'absence de p\u00e9n\u00e9tration, ce qui signifie que la toiture est \u00e0 l'abri des intemp\u00e9ries et qu'elle a une dur\u00e9e de vie plus longue. Il garantit \u00e9galement la permanence et la durabilit\u00e9 du montage sur le toit. Il est simplement compatible avec le syst\u00e8me de montage en L pour rendre le syst\u00e8me plus solide et plus robuste. L'installation est aussi simple que de placer le collier sur le joint et de serrer la vis sans t\u00eate \u00e0 la tension sp\u00e9cifi\u00e9e pour atteindre la force de maintien maximale.<\/p>\n<p>&nbsp;<\/p>\n<p>Caract\u00e9ristiques <strong>Fixation par pince Solar Klip Lok 700<\/strong>:<\/p>\n<p>Compatibilit\u00e9 avec les joints : Con\u00e7u pour s'adapter aux profils de toit Klip Lok 700, assurant une fixation s\u00fbre et stable.<\/p>\n<p>Conception non p\u00e9n\u00e9trante : Se fixe sur les joints de la toiture sans les p\u00e9n\u00e9trer, ce qui permet d'\u00e9viter les fuites et de prot\u00e9ger la toiture.<\/p>\n<p>Construction durable : Fabriqu\u00e9 \u00e0 partir de mat\u00e9riaux de haute qualit\u00e9, r\u00e9sistants \u00e0 la corrosion, tels que l'aluminium et l'acier inoxydable.<\/p>\n<p>Pr\u00e9vention des fuites : R\u00e9duit le risque d'intrusion d'eau et pr\u00e9serve l'int\u00e9grit\u00e9 de la toiture.<\/p>\n<p>Facilement compatible avec le syst\u00e8me de montage des pieds en L, l'installation des panneaux solaires peut se faire aussi bien \u00e0 l'horizontale qu'\u00e0 la verticale.<\/p>\n<p>Installation rapide : Con\u00e7u pour une installation facile et rapide, r\u00e9duisant les co\u00fbts et le temps de travail.<\/p>\n<p>&nbsp;<\/p>\n<p>En outre, nous proposons \u00e9galement la solution de fixation sans rail Klip Lok 700, qui est une fixation sans rail pour l'installation PV sur toiture m\u00e9tallique \u00e0 joint debout pour la toiture Lysaght Klip-lok, sp\u00e9cialement con\u00e7ue pour la toiture \u00e0 joint m\u00e9tallique Lysaght Klip-lok 700 avec des dimensions similaires. Le montage paysager sans rail avec seulement 3 composants est possible gr\u00e2ce \u00e0 nos pinces universelles. La pince conserve l'\u00e9l\u00e9gance de votre toiture \u00e0 joint debout sans p\u00e9n\u00e9trer dans le mat\u00e9riau de la toiture. L'absence de p\u00e9n\u00e9tration signifie que le toit est \u00e0 l'abri des intemp\u00e9ries, ce qui lui assure une plus longue dur\u00e9e de vie. Elle garantit \u00e9galement la permanence et la durabilit\u00e9 des \u00e9l\u00e9ments qui doivent \u00eatre mont\u00e9s sur le toit. Nombre minimal de composants et pr\u00e9-assemblage par deux vis pour une installation ultra rapide.<\/p>\n<p>&nbsp;<\/p>\n<p>Les <strong>Fixation par pince Solar Klip Lok 700<\/strong> constitue une solution fiable et efficace pour le montage de panneaux solaires sur les toits Klip-Lok. Sa conception durable et sa facilit\u00e9 d'installation en font un excellent choix pour le montage de panneaux solaires sur les toitures Lysaght Klip-lok.<\/p>\n<p>Besoin de contacts de fournisseurs ou de guides d'installation ? Faites-moi part de votre projet !<\/p>","protected":false},"excerpt":{"rendered":"<p>Le syst\u00e8me de fixation Solar Klip Lok 700 est une fixation sur rail pour l'installation de panneaux solaires sur les toitures m\u00e9talliques \u00e0 joint debout pour les toitures Lysaght Klip-lok, sp\u00e9cialement con\u00e7ue pour les toitures m\u00e9talliques \u00e0 joint debout Lysaght Klip-lok 700 de dimensions similaires. Le collier pr\u00e9serve l'\u00e9l\u00e9gance de votre toiture m\u00e9tallique \u00e0 joint debout sans endommager le mat\u00e9riau de la toiture. L'absence d'endommagement signifie l'absence de p\u00e9n\u00e9tration, ce qui signifie que la toiture est \u00e0 l'abri des intemp\u00e9ries et qu'elle a une dur\u00e9e de vie plus longue. Il garantit \u00e9galement la permanence et la durabilit\u00e9 du montage sur le toit. Il est simplement compatible avec le syst\u00e8me de montage en L pour rendre le syst\u00e8me plus solide et plus robuste. L'installation est aussi simple que de placer le collier sur le joint et de serrer la vis sans t\u00eate \u00e0 la tension sp\u00e9cifi\u00e9e pour atteindre la force de maintien maximale.<\/p>\n<div class=\"wp-block-button popmake-1937\"><a class=\"wp-block-button__link wp-element-button\">v\u00e9rification des prix<\/a><\/div>","protected":false},"featured_media":2545,"template":"","meta":{"_uag_custom_page_level_css":"","site-sidebar-layout":"default","site-content-layout":"","ast-site-content-layout":"default","site-content-style":"default","site-sidebar-style":"default","ast-global-header-display":"","ast-banner-title-visibility":"","ast-main-header-display":"","ast-hfb-above-header-display":"","ast-hfb-below-header-display":"","ast-hfb-mobile-header-display":"","site-post-title":"","ast-breadcrumbs-content":"","ast-featured-img":"","footer-sml-layout":"","ast-disable-related-posts":"","theme-transparent-header-meta":"default","adv-header-id-meta":"","stick-header-meta":"","header-above-stick-meta":"","header-main-stick-meta":"","header-below-stick-meta":"","astra-migrate-meta-layouts":"set","ast-page-background-enabled":"default","ast-page-background-meta":{"desktop":{"background-color":"","background-image":"","background-repeat":"repeat","background-position":"center center","background-size":"auto","background-attachment":"scroll","background-type":"","background-media":"","overlay-type":"","overlay-color":"","overlay-opacity":"","overlay-gradient":""},"tablet":{"background-color":"","background-image":"","background-repeat":"repeat","background-position":"center center","background-size":"auto","background-attachment":"scroll","background-type":"","background-media":"","overlay-type":"","overlay-color":"","overlay-opacity":"","overlay-gradient":""},"mobile":{"background-color":"","background-image":"","background-repeat":"repeat","background-position":"center center","background-size":"auto","background-attachment":"scroll","background-type":"","background-media":"","overlay-type":"","overlay-color":"","overlay-opacity":"","overlay-gradient":""}},"ast-content-background-meta":{"desktop":{"background-color":"var(--ast-global-color-5)","background-image":"","background-repeat":"repeat","background-position":"center center","background-size":"auto","background-attachment":"scroll","background-type":"","background-media":"","overlay-type":"","overlay-color":"","overlay-opacity":"","overlay-gradient":""},"tablet":{"background-color":"var(--ast-global-color-5)","background-image":"","background-repeat":"repeat","background-position":"center center","background-size":"auto","background-attachment":"scroll","background-type":"","background-media":"","overlay-type":"","overlay-color":"","overlay-opacity":"","overlay-gradient":""},"mobile":{"background-color":"var(--ast-global-color-5)","background-image":"","background-repeat":"repeat","background-position":"center center","background-size":"auto","background-attachment":"scroll","background-type":"","background-media":"","overlay-type":"","overlay-color":"","overlay-opacity":"","overlay-gradient":""}}},"product_brand":[],"product_cat":[25,61,132,24],"product_tag":[51,141,55,120,53,39,117],"class_list":{"0":"post-2544","1":"product","2":"type-product","3":"status-publish","4":"has-post-thumbnail","6":"product_cat-excellent","7":"product_cat-solar-metal-roof-mounting-system","8":"product_cat-solar-mounting-components","9":"product_cat-solar-mounting-system","10":"product_tag-metal-roof-solar-mounting","11":"product_tag-roof-solar-mounting","12":"product_tag-solar-clamp","13":"product_tag-solar-energy","14":"product_tag-solar-mounting-system","15":"product_tag-solar-waterproof-solutions","16":"product_tag-tin-roof-solar-mounting","17":"desktop-align-left","18":"tablet-align-left","19":"mobile-align-left","21":"first","22":"instock","23":"shipping-taxable","24":"product-type-simple"},"spectra_custom_meta":{"_uabb_version":["1.36.1"],"_edit_last":["1"],"_edit_lock":["1749437769:1"],"_thumbnail_id":["2545"],"total_sales":["0"],"_tax_status":["taxable"],"_tax_class":[""],"_manage_stock":["no"],"_backorders":["no"],"_sold_individually":["no"],"_virtual":["no"],"_downloadable":["no"],"_download_limit":["-1"],"_download_expiry":["-1"],"_stock":[null],"_stock_status":["instock"],"_wc_average_rating":["0"],"_wc_review_count":["0"],"_product_version":["9.6.2"],"_product_image_gallery":["2547,2546,2548,2549"],"site-sidebar-layout":["default"],"ast-site-content-layout":["default"],"site-content-style":["default"],"site-sidebar-style":["default"],"theme-transparent-header-meta":["default"],"astra-migrate-meta-layouts":["set"],"_uag_page_assets":["a:9:{s:3:\"css\";s:5318:\".uag-blocks-common-selector{z-index:var(--z-index-desktop) !important}@media (max-width: 976px){.uag-blocks-common-selector{z-index:var(--z-index-tablet) !important}}@media (max-width: 767px){.uag-blocks-common-selector{z-index:var(--z-index-mobile) !important}}\n.wp-block-uagb-faq{width:100%}.wp-block-uagb-faq.uagb-faq-layout-accordion .uagb-faq-child__outer-wrap .uagb-faq-questions-button{cursor:pointer}.wp-block-uagb-faq .uagb-faq-content{margin-bottom:0}.wp-block-uagb-faq .uagb-faq-content p{margin:auto}.uagb-faq-layout-grid.uagb-faq-equal-height.uagb-faq__wrap .uagb-faq-child__outer-wrap,.uagb-faq-layout-grid.uagb-faq-equal-height.uagb-faq__wrap .uagb-faq-item{height:100%}body[class*=\"astra\"] .uagb-faq-questions{line-height:normal}.uagb-faq-item{overflow:hidden}\n.wp-block-uagb-faq-child .uagb-faq-questions-button{display:flex;align-items:center}.wp-block-uagb-faq-child .uagb-faq-questions-button .uagb-faq-icon-wrap{display:flex;align-items:center}.wp-block-uagb-faq-child .uagb-faq-questions-button .uagb-question{width:100%;margin-top:0;margin-bottom:0}.wp-block-uagb-faq-child .uagb-icon svg,.wp-block-uagb-faq-child .uagb-icon-active svg{width:15px;height:15px;font-size:15px}.wp-block-uagb-faq-child.uagb-faq-child__outer-wrap.uagb-faq-item .uagb-icon-active,.wp-block-uagb-faq-child.uagb-faq-child__outer-wrap.uagb-faq-item.uagb-faq-item-active .uagb-icon,.wp-block-uagb-faq-child.uagb-faq-child__outer-wrap .uagb-faq-item .uagb-icon-active,.wp-block-uagb-faq-child.uagb-faq-child__outer-wrap .uagb-faq-item.uagb-faq-item-active .uagb-icon{display:none;width:0;padding:0;height:0;margin:0}.wp-block-uagb-faq-child.uagb-faq-child__outer-wrap.uagb-faq-item .uagb-icon,.wp-block-uagb-faq-child.uagb-faq-child__outer-wrap.uagb-faq-item.uagb-faq-item-active .uagb-icon-active,.wp-block-uagb-faq-child.uagb-faq-child__outer-wrap .uagb-faq-item .uagb-icon,.wp-block-uagb-faq-child.uagb-faq-child__outer-wrap .uagb-faq-item.uagb-faq-item-active .uagb-icon-active{display:flex;width:auto;height:auto}.uagb-faq-layout-grid .uagb-faq-child__outer-wrap.uagb-faq-item .uagb-icon,.uagb-faq-layout-grid .uagb-faq-child__outer-wrap.uagb-faq-item.uagb-faq-item-active .uagb-icon-active,.uagb-faq-layout-grid .uagb-faq-child__outer-wrap .uagb-faq-item .uagb-icon,.uagb-faq-layout-grid .uagb-faq-child__outer-wrap .uagb-faq-item.uagb-faq-item-active .uagb-icon-active{display:none}.uagb-faq-layout-grid .uagb-faq-child__outer-wrap.uagb-faq-item span.uagb-icon-active.uagb-faq-icon-wrap,.uagb-faq-layout-grid .uagb-faq-child__outer-wrap.uagb-faq-item.uagb-faq-item-active .uagb-icon-active,.uagb-faq-layout-grid .uagb-faq-child__outer-wrap .uagb-faq-item span.uagb-icon-active.uagb-faq-icon-wrap,.uagb-faq-layout-grid .uagb-faq-child__outer-wrap .uagb-faq-item.uagb-faq-item-active .uagb-icon-active{display:none}\n.uagb-block-55b5edaf .uagb-icon svg{width: 12px;height: 12px;font-size: 12px;}.uagb-block-55b5edaf .uagb-icon-active svg{width: 12px;height: 12px;font-size: 12px;}.uagb-block-55b5edaf .uagb-faq-child__outer-wrap{margin-bottom: 10px;}.uagb-block-55b5edaf .uagb-faq-item{border-top-width: 1px;border-left-width: 1px;border-right-width: 1px;border-bottom-width: 1px;border-top-left-radius: 2px;border-top-right-radius: 2px;border-bottom-left-radius: 2px;border-bottom-right-radius: 2px;border-color: #1e1e1e;border-style: solid;}.uagb-block-55b5edaf .uagb-faq-questions-button{padding-top: 10px;padding-bottom: 10px;padding-right: 10px;padding-left: 10px;}.uagb-block-55b5edaf .uagb-faq-content{padding-top: 10px;padding-bottom: 10px;padding-right: 10px;padding-left: 10px;}.uagb-block-55b5edaf .uagb-faq-content span{margin-top: 10px;margin-bottom: 10px;margin-right: 10px;margin-left: 10px;}.uagb-block-55b5edaf.uagb-faq-icon-row .uagb-faq-item .uagb-faq-icon-wrap{margin-right: 10px;}.uagb-block-55b5edaf.uagb-faq-icon-row-reverse .uagb-faq-item .uagb-faq-icon-wrap{margin-left: 10px;}.uagb-block-55b5edaf .uagb-faq-item .uagb-faq-questions-button.uagb-faq-questions{flex-direction: row;}.uagb-block-55b5edaf .wp-block-uagb-faq-child.uagb-faq-child__outer-wrap .uagb-faq-content {display: none;}@media only screen and (max-width: 976px) {.uagb-block-55b5edaf.uagb-faq-icon-row .uagb-faq-item .uagb-faq-icon-wrap{margin-right: 10px;}.uagb-block-55b5edaf.uagb-faq-icon-row-reverse .uagb-faq-item .uagb-faq-icon-wrap{margin-left: 10px;}.uagb-block-55b5edaf .uagb-faq-questions-button{padding-top: 10px;padding-bottom: 10px;padding-right: 10px;padding-left: 10px;}.uagb-block-55b5edaf .uagb-faq-content{padding-top: 10px;padding-bottom: 10px;padding-right: 10px;padding-left: 10px;}.uagb-block-55b5edaf .uagb-faq-content span{margin-top: 10px;margin-bottom: 10px;margin-right: 10px;margin-left: 10px;}}@media only screen and (max-width: 767px) {.uagb-block-55b5edaf.uagb-faq-icon-row .uagb-faq-item .uagb-faq-icon-wrap{margin-right: 10px;}.uagb-block-55b5edaf.uagb-faq-icon-row-reverse .uagb-faq-item .uagb-faq-icon-wrap{margin-left: 10px;}.uagb-block-55b5edaf .uagb-faq-questions-button{padding-top: 10px;padding-bottom: 10px;padding-right: 10px;padding-left: 10px;}.uagb-block-55b5edaf .uagb-faq-content{padding-top: 10px;padding-bottom: 10px;padding-right: 10px;padding-left: 10px;}.uagb-block-55b5edaf .uagb-faq-content span{margin-top: 10px;margin-bottom: 10px;margin-right: 10px;margin-left: 10px;}}\";s:2:\"js\";s:0:\"\";s:18:\"current_block_list\";a:10:{i:0;s:11:\"core\/search\";i:1;s:10:\"core\/group\";i:2;s:12:\"core\/heading\";i:3;s:17:\"core\/latest-posts\";i:4;s:20:\"core\/latest-comments\";i:5;s:13:\"core\/archives\";i:6;s:15:\"core\/categories\";i:7;s:14:\"core\/paragraph\";i:8;s:8:\"uagb\/faq\";i:9;s:14:\"uagb\/faq-child\";}s:8:\"uag_flag\";b:1;s:11:\"uag_version\";s:10:\"1775829763\";s:6:\"gfonts\";a:0:{}s:10:\"gfonts_url\";s:0:\"\";s:12:\"gfonts_files\";a:0:{}s:14:\"uag_faq_layout\";b:1;}"],"_uag_css_file_name":["uag-css-2544.css"]},"uagb_featured_image_src":{"full":["https:\/\/senyenergy.com\/wp-content\/uploads\/2025\/06\/Solar-Klip-Lok-700.jpg",800,800,false],"thumbnail":["https:\/\/senyenergy.com\/wp-content\/uploads\/2025\/06\/Solar-Klip-Lok-700-150x150.jpg",150,150,true],"medium":["https:\/\/senyenergy.com\/wp-content\/uploads\/2025\/06\/Solar-Klip-Lok-700-300x300.jpg",300,300,true],"medium_large":["https:\/\/senyenergy.com\/wp-content\/uploads\/2025\/06\/Solar-Klip-Lok-700-768x768.jpg",768,768,true],"large":["https:\/\/senyenergy.com\/wp-content\/uploads\/2025\/06\/Solar-Klip-Lok-700.jpg",800,800,false],"1536x1536":["https:\/\/senyenergy.com\/wp-content\/uploads\/2025\/06\/Solar-Klip-Lok-700.jpg",800,800,false],"2048x2048":["https:\/\/senyenergy.com\/wp-content\/uploads\/2025\/06\/Solar-Klip-Lok-700.jpg",800,800,false],"trp-custom-language-flag":["https:\/\/senyenergy.com\/wp-content\/uploads\/2025\/06\/Solar-Klip-Lok-700-12x12.jpg",12,12,true],"woocommerce_thumbnail":["https:\/\/senyenergy.com\/wp-content\/uploads\/2025\/06\/Solar-Klip-Lok-700-300x300.jpg",300,300,true],"woocommerce_single":["https:\/\/senyenergy.com\/wp-content\/uploads\/2025\/06\/Solar-Klip-Lok-700-600x600.jpg",600,600,true],"woocommerce_gallery_thumbnail":["https:\/\/senyenergy.com\/wp-content\/uploads\/2025\/06\/Solar-Klip-Lok-700-100x100.jpg",100,100,true]},"uagb_author_info":{"display_name":"wp-admin","author_link":"https:\/\/senyenergy.com\/fr\/author\/"},"uagb_comment_info":0,"uagb_excerpt":"The Solar Klip Lok 700 clamp mounting system is rail-based clamp for solar installation on standing seam metal roof for Lysaght Klip-lok roofing, specifically made for Lysaght Klip-lok 700 metal seam roofing with similar dimension. The clamp maintains the elegance of your standing seam metal roof with no harm to the rood material. No harm\u2026","_links":{"self":[{"href":"https:\/\/senyenergy.com\/fr\/wp-json\/wp\/v2\/product\/2544","targetHints":{"allow":["GET"]}}],"collection":[{"href":"https:\/\/senyenergy.com\/fr\/wp-json\/wp\/v2\/product"}],"about":[{"href":"https:\/\/senyenergy.com\/fr\/wp-json\/wp\/v2\/types\/product"}],"wp:featuredmedia":[{"embeddable":true,"href":"https:\/\/senyenergy.com\/fr\/wp-json\/wp\/v2\/media\/2545"}],"wp:attachment":[{"href":"https:\/\/senyenergy.com\/fr\/wp-json\/wp\/v2\/media?parent=2544"}],"wp:term":[{"taxonomy":"product_brand","embeddable":true,"href":"https:\/\/senyenergy.com\/fr\/wp-json\/wp\/v2\/product_brand?post=2544"},{"taxonomy":"product_cat","embeddable":true,"href":"https:\/\/senyenergy.com\/fr\/wp-json\/wp\/v2\/product_cat?post=2544"},{"taxonomy":"product_tag","embeddable":true,"href":"https:\/\/senyenergy.com\/fr\/wp-json\/wp\/v2\/product_tag?post=2544"}],"curies":[{"name":"wp","href":"https:\/\/api.w.org\/{rel}","templated":true}]}}