{"id":2521,"date":"2025-05-30T17:09:28","date_gmt":"2025-05-30T09:09:28","guid":{"rendered":"https:\/\/senyenergy.com\/?post_type=product&#038;p=2521"},"modified":"2026-03-04T16:34:59","modified_gmt":"2026-03-04T08:34:59","slug":"adjustable-solar-triangle-bracket-for-roof","status":"publish","type":"product","link":"https:\/\/senyenergy.com\/fr\/produit\/adjustable-solar-triangle-bracket-for-roof\/","title":{"rendered":"Adjustable Solar Triangle Bracket for Roof"},"content":{"rendered":"<p><strong>R\u00e9glable<b>\u00a0<\/b><\/strong><strong><b>Solaire<\/b><\/strong><strong><b>\u00a0T<\/b><\/strong><strong><b>riangle <\/b><\/strong><strong><b>B<\/b><\/strong><strong><b>raquette <\/b><\/strong>est une solution de montage polyvalente con\u00e7ue pour les installations de panneaux solaires portables et semi-permanentes sur les toits, les v\u00e9hicules de loisirs, les bateaux et les sites hors r\u00e9seau, offrant stabilit\u00e9 et flexibilit\u00e9.<\/p>\n<p>&nbsp;<\/p>\n<p>Caract\u00e9ristiques <strong>R\u00e9glable<b>\u00a0<\/b><\/strong><strong><b>Solaire<\/b><\/strong><strong><b>\u00a0T<\/b><\/strong><strong><b>riangle <\/b><\/strong><strong><b>B<\/b><\/strong><strong><b>raquette <\/b><\/strong><\/p>\n<p>[Plus d'efficacit\u00e9] - Augmentez l'efficacit\u00e9 de vos panneaux solaires jusqu'\u00e0 25% gr\u00e2ce \u00e0 notre syst\u00e8me d'inclinaison qui vous permet d'orienter vos panneaux vers le soleil pour une production d'\u00e9nergie optimale.<\/p>\n<p>[Application polyvalente] - Notre kit de montage de panneaux solaires est parfait pour une large gamme de syst\u00e8mes hors r\u00e9seau, y compris les v\u00e9hicules r\u00e9cr\u00e9atifs, les bateaux, les camping-cars, les hangars et bien plus encore. (\u00e9viter l'ombre pour recevoir plus de lumi\u00e8re du soleil)<\/p>\n<p>[Improve Adaptability ] &#8211; The newly upgraded triangle tripod bracket can accommodate solar panel arrays ranging from 100W to 400W or panels with a width of approximately 45 inches. One bracket can support a solar panel ranging from 100W to 400W<\/p>\n<p>[Assemblage plus facile] - La nouvelle version du support 45 est d\u00e9j\u00e0 pr\u00e9install\u00e9e dans sa partie principale. Apr\u00e8s avoir re\u00e7u le support, il vous suffit de l'assembler en suivant les instructions.<\/p>\n<p>[Conception triangulaire] - Assure la stabilit\u00e9 et le soutien, permettant un positionnement optimal des panneaux.<\/p>\n<p>[Angles ajustables]- Permet d'ajuster les angles pour maximiser l'exposition solaire en fonction de la saison et de l'emplacement.<\/p>\n<p>[Mat\u00e9riaux durables]- Fabriqu\u00e9s en aluminium et en acier inoxydable r\u00e9sistants \u00e0 la corrosion, ils garantissent une longue dur\u00e9e de vie dans des conditions ext\u00e9rieures.<\/p>\n<p>[L\u00e9ger et portable]-Facile \u00e0 transporter et \u00e0 installer, il est id\u00e9al pour les applications mobiles telles que les v\u00e9hicules de loisirs et les bateaux.<\/p>\n<p>&nbsp;<\/p>\n<p>New <strong>R\u00e9glable<b>\u00a0<\/b><\/strong><strong><b>Solaire<\/b><\/strong><strong><b>\u00a0T<\/b><\/strong><strong><b>riangle <\/b><\/strong><strong><b>B<\/b><\/strong><strong><b>raquette <\/b><\/strong>offre un moyen flexible, non invasif et portable de monter des panneaux solaires l\u00e0 o\u00f9 les supports traditionnels ne sont pas r\u00e9alisables ou souhaitables. Sa stabilit\u00e9 et son inclinaison r\u00e9glable en font un choix populaire pour les camping-caristes, les plaisanciers, les personnes hors r\u00e9seau et tous ceux qui ont besoin d'un support semi-permanent au sol ou sur le toit.<\/p>","protected":false},"excerpt":{"rendered":"<p><strong>R\u00e9glable<b>\u00a0<\/b><\/strong><strong><b>Solaire<\/b><\/strong><strong><b>\u00a0T<\/b><\/strong><strong><b>riangle<\/b><\/strong><strong><b>\u00a0B<\/b><\/strong><strong><b>raquette <\/b><\/strong>est une solution de montage polyvalente con\u00e7ue pour les installations de panneaux solaires portables et semi-permanentes sur les toits, les v\u00e9hicules de loisirs, les bateaux et les sites hors r\u00e9seau, offrant stabilit\u00e9 et flexibilit\u00e9.<\/p>\n<p>The newly upgraded triangle tripod bracket can accommodate solar panel arrays ranging from 100W to 400W or panels with a width of approximately 45 inches. One bracket can support a solar panel ranging from 100W to 400W<\/p>\n<div class=\"wp-block-button popmake-1937\"><a class=\"wp-block-button__link wp-element-button\">v\u00e9rification des prix<\/a><\/div>","protected":false},"featured_media":2523,"template":"","meta":{"_uag_custom_page_level_css":"","site-sidebar-layout":"default","site-content-layout":"","ast-site-content-layout":"default","site-content-style":"default","site-sidebar-style":"default","ast-global-header-display":"","ast-banner-title-visibility":"","ast-main-header-display":"","ast-hfb-above-header-display":"","ast-hfb-below-header-display":"","ast-hfb-mobile-header-display":"","site-post-title":"","ast-breadcrumbs-content":"","ast-featured-img":"","footer-sml-layout":"","ast-disable-related-posts":"","theme-transparent-header-meta":"default","adv-header-id-meta":"","stick-header-meta":"default","header-above-stick-meta":"","header-main-stick-meta":"","header-below-stick-meta":"","astra-migrate-meta-layouts":"set","ast-page-background-enabled":"default","ast-page-background-meta":{"desktop":{"background-color":"","background-image":"","background-repeat":"repeat","background-position":"center center","background-size":"auto","background-attachment":"scroll","background-type":"","background-media":"","overlay-type":"","overlay-color":"","overlay-opacity":"","overlay-gradient":""},"tablet":{"background-color":"","background-image":"","background-repeat":"repeat","background-position":"center center","background-size":"auto","background-attachment":"scroll","background-type":"","background-media":"","overlay-type":"","overlay-color":"","overlay-opacity":"","overlay-gradient":""},"mobile":{"background-color":"","background-image":"","background-repeat":"repeat","background-position":"center center","background-size":"auto","background-attachment":"scroll","background-type":"","background-media":"","overlay-type":"","overlay-color":"","overlay-opacity":"","overlay-gradient":""}},"ast-content-background-meta":{"desktop":{"background-color":"var(--ast-global-color-5)","background-image":"","background-repeat":"repeat","background-position":"center center","background-size":"auto","background-attachment":"scroll","background-type":"","background-media":"","overlay-type":"","overlay-color":"","overlay-opacity":"","overlay-gradient":""},"tablet":{"background-color":"var(--ast-global-color-5)","background-image":"","background-repeat":"repeat","background-position":"center center","background-size":"auto","background-attachment":"scroll","background-type":"","background-media":"","overlay-type":"","overlay-color":"","overlay-opacity":"","overlay-gradient":""},"mobile":{"background-color":"var(--ast-global-color-5)","background-image":"","background-repeat":"repeat","background-position":"center center","background-size":"auto","background-attachment":"scroll","background-type":"","background-media":"","overlay-type":"","overlay-color":"","overlay-opacity":"","overlay-gradient":""}}},"product_brand":[],"product_cat":[25,24],"product_tag":[165,449,54,163],"class_list":{"0":"post-2521","1":"product","2":"type-product","3":"status-publish","4":"has-post-thumbnail","6":"product_cat-excellent","7":"product_cat-solar-mounting-system","8":"product_tag-adjustable-solar-mounting","9":"product_tag-adjustable-solar-triangle-bracket","10":"product_tag-rooftop-solar-mounting","11":"product_tag-solar-triangle-mounting","12":"desktop-align-left","13":"tablet-align-left","14":"mobile-align-left","16":"first","17":"instock","18":"shipping-taxable","19":"product-type-simple"},"spectra_custom_meta":{"_uabb_version":["1.36.1"],"_edit_last":["1"],"_edit_lock":["1772613405:1"],"_thumbnail_id":["2523"],"total_sales":["0"],"_tax_status":["taxable"],"_tax_class":[""],"_manage_stock":["no"],"_backorders":["no"],"_sold_individually":["no"],"_virtual":["no"],"_downloadable":["no"],"_download_limit":["-1"],"_download_expiry":["-1"],"_stock":[null],"_stock_status":["instock"],"_wc_average_rating":["0"],"_wc_review_count":["0"],"_product_version":["10.4.3"],"_product_image_gallery":["2524,2526,2527,2525"],"site-sidebar-layout":["default"],"ast-site-content-layout":["default"],"site-content-style":["default"],"site-sidebar-style":["default"],"theme-transparent-header-meta":["default"],"wb_custom_tabs":["a:0:{}"],"stick-header-meta":["default"],"_wp_old_slug":["aluminum-adjustable-solar-triangle-tripod-bracket-for-roof-rv-boat-and-off-grid"],"astra-migrate-meta-layouts":["set"],"_uag_page_assets":["a:9:{s:3:\"css\";s:5055:\".wp-block-uagb-faq{width:100%}.wp-block-uagb-faq.uagb-faq-layout-accordion .uagb-faq-child__outer-wrap .uagb-faq-questions-button{cursor:pointer}.wp-block-uagb-faq .uagb-faq-content{margin-bottom:0}.wp-block-uagb-faq .uagb-faq-content p{margin:auto}.uagb-faq-layout-grid.uagb-faq-equal-height.uagb-faq__wrap .uagb-faq-child__outer-wrap,.uagb-faq-layout-grid.uagb-faq-equal-height.uagb-faq__wrap .uagb-faq-item{height:100%}body[class*=\"astra\"] .uagb-faq-questions{line-height:normal}.uagb-faq-item{overflow:hidden}\n.wp-block-uagb-faq-child .uagb-faq-questions-button{display:flex;align-items:center}.wp-block-uagb-faq-child .uagb-faq-questions-button .uagb-faq-icon-wrap{display:flex;align-items:center}.wp-block-uagb-faq-child .uagb-faq-questions-button .uagb-question{width:100%;margin-top:0;margin-bottom:0}.wp-block-uagb-faq-child .uagb-icon svg,.wp-block-uagb-faq-child .uagb-icon-active svg{width:15px;height:15px;font-size:15px}.wp-block-uagb-faq-child.uagb-faq-child__outer-wrap.uagb-faq-item .uagb-icon-active,.wp-block-uagb-faq-child.uagb-faq-child__outer-wrap.uagb-faq-item.uagb-faq-item-active .uagb-icon,.wp-block-uagb-faq-child.uagb-faq-child__outer-wrap .uagb-faq-item .uagb-icon-active,.wp-block-uagb-faq-child.uagb-faq-child__outer-wrap .uagb-faq-item.uagb-faq-item-active .uagb-icon{display:none;width:0;padding:0;height:0;margin:0}.wp-block-uagb-faq-child.uagb-faq-child__outer-wrap.uagb-faq-item .uagb-icon,.wp-block-uagb-faq-child.uagb-faq-child__outer-wrap.uagb-faq-item.uagb-faq-item-active .uagb-icon-active,.wp-block-uagb-faq-child.uagb-faq-child__outer-wrap .uagb-faq-item .uagb-icon,.wp-block-uagb-faq-child.uagb-faq-child__outer-wrap .uagb-faq-item.uagb-faq-item-active .uagb-icon-active{display:flex;width:auto;height:auto}.uagb-faq-layout-grid .uagb-faq-child__outer-wrap.uagb-faq-item .uagb-icon,.uagb-faq-layout-grid .uagb-faq-child__outer-wrap.uagb-faq-item.uagb-faq-item-active .uagb-icon-active,.uagb-faq-layout-grid .uagb-faq-child__outer-wrap .uagb-faq-item .uagb-icon,.uagb-faq-layout-grid .uagb-faq-child__outer-wrap .uagb-faq-item.uagb-faq-item-active .uagb-icon-active{display:none}.uagb-faq-layout-grid .uagb-faq-child__outer-wrap.uagb-faq-item span.uagb-icon-active.uagb-faq-icon-wrap,.uagb-faq-layout-grid .uagb-faq-child__outer-wrap.uagb-faq-item.uagb-faq-item-active .uagb-icon-active,.uagb-faq-layout-grid .uagb-faq-child__outer-wrap .uagb-faq-item span.uagb-icon-active.uagb-faq-icon-wrap,.uagb-faq-layout-grid .uagb-faq-child__outer-wrap .uagb-faq-item.uagb-faq-item-active .uagb-icon-active{display:none}\n.uagb-block-55b5edaf .uagb-icon svg{width: 12px;height: 12px;font-size: 12px;}.uagb-block-55b5edaf .uagb-icon-active svg{width: 12px;height: 12px;font-size: 12px;}.uagb-block-55b5edaf .uagb-faq-child__outer-wrap{margin-bottom: 10px;}.uagb-block-55b5edaf .uagb-faq-item{border-top-width: 1px;border-left-width: 1px;border-right-width: 1px;border-bottom-width: 1px;border-top-left-radius: 2px;border-top-right-radius: 2px;border-bottom-left-radius: 2px;border-bottom-right-radius: 2px;border-color: #1e1e1e;border-style: solid;}.uagb-block-55b5edaf .uagb-faq-questions-button{padding-top: 10px;padding-bottom: 10px;padding-right: 10px;padding-left: 10px;}.uagb-block-55b5edaf .uagb-faq-content{padding-top: 10px;padding-bottom: 10px;padding-right: 10px;padding-left: 10px;}.uagb-block-55b5edaf .uagb-faq-content span{margin-top: 10px;margin-bottom: 10px;margin-right: 10px;margin-left: 10px;}.uagb-block-55b5edaf.uagb-faq-icon-row .uagb-faq-item .uagb-faq-icon-wrap{margin-right: 10px;}.uagb-block-55b5edaf.uagb-faq-icon-row-reverse .uagb-faq-item .uagb-faq-icon-wrap{margin-left: 10px;}.uagb-block-55b5edaf .uagb-faq-item .uagb-faq-questions-button.uagb-faq-questions{flex-direction: row;}.uagb-block-55b5edaf .wp-block-uagb-faq-child.uagb-faq-child__outer-wrap .uagb-faq-content {display: none;}@media only screen and (max-width: 976px) {.uagb-block-55b5edaf.uagb-faq-icon-row .uagb-faq-item .uagb-faq-icon-wrap{margin-right: 10px;}.uagb-block-55b5edaf.uagb-faq-icon-row-reverse .uagb-faq-item .uagb-faq-icon-wrap{margin-left: 10px;}.uagb-block-55b5edaf .uagb-faq-questions-button{padding-top: 10px;padding-bottom: 10px;padding-right: 10px;padding-left: 10px;}.uagb-block-55b5edaf .uagb-faq-content{padding-top: 10px;padding-bottom: 10px;padding-right: 10px;padding-left: 10px;}.uagb-block-55b5edaf .uagb-faq-content span{margin-top: 10px;margin-bottom: 10px;margin-right: 10px;margin-left: 10px;}}@media only screen and (max-width: 767px) {.uagb-block-55b5edaf.uagb-faq-icon-row .uagb-faq-item .uagb-faq-icon-wrap{margin-right: 10px;}.uagb-block-55b5edaf.uagb-faq-icon-row-reverse .uagb-faq-item .uagb-faq-icon-wrap{margin-left: 10px;}.uagb-block-55b5edaf .uagb-faq-questions-button{padding-top: 10px;padding-bottom: 10px;padding-right: 10px;padding-left: 10px;}.uagb-block-55b5edaf .uagb-faq-content{padding-top: 10px;padding-bottom: 10px;padding-right: 10px;padding-left: 10px;}.uagb-block-55b5edaf .uagb-faq-content span{margin-top: 10px;margin-bottom: 10px;margin-right: 10px;margin-left: 10px;}}\";s:2:\"js\";s:0:\"\";s:18:\"current_block_list\";a:10:{i:0;s:11:\"core\/search\";i:1;s:10:\"core\/group\";i:2;s:12:\"core\/heading\";i:3;s:17:\"core\/latest-posts\";i:4;s:20:\"core\/latest-comments\";i:5;s:13:\"core\/archives\";i:6;s:15:\"core\/categories\";i:7;s:14:\"core\/paragraph\";i:8;s:8:\"uagb\/faq\";i:9;s:14:\"uagb\/faq-child\";}s:8:\"uag_flag\";b:1;s:11:\"uag_version\";s:10:\"1775829763\";s:6:\"gfonts\";a:0:{}s:10:\"gfonts_url\";s:0:\"\";s:12:\"gfonts_files\";a:0:{}s:14:\"uag_faq_layout\";b:1;}"],"_uag_css_file_name":["uag-css-2521.css"]},"uagb_featured_image_src":{"full":["https:\/\/senyenergy.com\/wp-content\/uploads\/2025\/05\/Solar-Triangle-Tripod-Bracket.jpg",800,800,false],"thumbnail":["https:\/\/senyenergy.com\/wp-content\/uploads\/2025\/05\/Solar-Triangle-Tripod-Bracket-150x150.jpg",150,150,true],"medium":["https:\/\/senyenergy.com\/wp-content\/uploads\/2025\/05\/Solar-Triangle-Tripod-Bracket-300x300.jpg",300,300,true],"medium_large":["https:\/\/senyenergy.com\/wp-content\/uploads\/2025\/05\/Solar-Triangle-Tripod-Bracket-768x768.jpg",768,768,true],"large":["https:\/\/senyenergy.com\/wp-content\/uploads\/2025\/05\/Solar-Triangle-Tripod-Bracket.jpg",800,800,false],"1536x1536":["https:\/\/senyenergy.com\/wp-content\/uploads\/2025\/05\/Solar-Triangle-Tripod-Bracket.jpg",800,800,false],"2048x2048":["https:\/\/senyenergy.com\/wp-content\/uploads\/2025\/05\/Solar-Triangle-Tripod-Bracket.jpg",800,800,false],"trp-custom-language-flag":["https:\/\/senyenergy.com\/wp-content\/uploads\/2025\/05\/Solar-Triangle-Tripod-Bracket-12x12.jpg",12,12,true],"woocommerce_thumbnail":["https:\/\/senyenergy.com\/wp-content\/uploads\/2025\/05\/Solar-Triangle-Tripod-Bracket-300x300.jpg",300,300,true],"woocommerce_single":["https:\/\/senyenergy.com\/wp-content\/uploads\/2025\/05\/Solar-Triangle-Tripod-Bracket-600x600.jpg",600,600,true],"woocommerce_gallery_thumbnail":["https:\/\/senyenergy.com\/wp-content\/uploads\/2025\/05\/Solar-Triangle-Tripod-Bracket-100x100.jpg",100,100,true]},"uagb_author_info":{"display_name":"wp-admin","author_link":"https:\/\/senyenergy.com\/fr\/author\/"},"uagb_comment_info":0,"uagb_excerpt":"Adjustable\u00a0Solar\u00a0Triangle\u00a0Bracket is a versatile mounting solution designed for portable, semi-permanent solar panel installations on roofs, RVs, boats, and off-grid sites, offering stability and flexibility The newly upgraded triangle tripod bracket can accommodate solar panel arrays ranging from 100W to 400W or panels with a width of approximately 45 inches. One bracket can support a solar\u2026","_links":{"self":[{"href":"https:\/\/senyenergy.com\/fr\/wp-json\/wp\/v2\/product\/2521","targetHints":{"allow":["GET"]}}],"collection":[{"href":"https:\/\/senyenergy.com\/fr\/wp-json\/wp\/v2\/product"}],"about":[{"href":"https:\/\/senyenergy.com\/fr\/wp-json\/wp\/v2\/types\/product"}],"wp:featuredmedia":[{"embeddable":true,"href":"https:\/\/senyenergy.com\/fr\/wp-json\/wp\/v2\/media\/2523"}],"wp:attachment":[{"href":"https:\/\/senyenergy.com\/fr\/wp-json\/wp\/v2\/media?parent=2521"}],"wp:term":[{"taxonomy":"product_brand","embeddable":true,"href":"https:\/\/senyenergy.com\/fr\/wp-json\/wp\/v2\/product_brand?post=2521"},{"taxonomy":"product_cat","embeddable":true,"href":"https:\/\/senyenergy.com\/fr\/wp-json\/wp\/v2\/product_cat?post=2521"},{"taxonomy":"product_tag","embeddable":true,"href":"https:\/\/senyenergy.com\/fr\/wp-json\/wp\/v2\/product_tag?post=2521"}],"curies":[{"name":"wp","href":"https:\/\/api.w.org\/{rel}","templated":true}]}}