{"id":2494,"date":"2025-05-28T12:03:25","date_gmt":"2025-05-28T04:03:25","guid":{"rendered":"https:\/\/senyenergy.com\/?post_type=product&#038;p=2494"},"modified":"2025-07-13T12:00:56","modified_gmt":"2025-07-13T04:00:56","slug":"nouveau-kit-de-support-en-z-pour-panneau-solaire-ajustable-pour-rvs-remorques-bateaux-yachts-toit","status":"publish","type":"product","link":"https:\/\/senyenergy.com\/fr\/produit\/nouveau-kit-de-support-en-z-pour-panneau-solaire-ajustable-pour-rvs-remorques-bateaux-yachts-toit\/","title":{"rendered":"Nouveau kit de support de panneau solaire ajustable pour VR, remorques, bateaux, yachts, toit"},"content":{"rendered":"<p>Fatigu\u00e9 des montures solaires peu fiables ? Notre Ne<strong>w Support r\u00e9glable pour panneau solaire<\/strong> offre une solution robuste pour maximiser votre investissement solaire. Con\u00e7us pour \u00eatre durables et flexibles, ces supports permettent des ajustements d'angle pr\u00e9cis pour capter le maximum de lumi\u00e8re du soleil, que ce soit en stationnement, \u00e0 l'ancre ou en d\u00e9placement. Id\u00e9ales pour les surfaces irr\u00e9guli\u00e8res, leur construction r\u00e9sistante \u00e0 la corrosion garantit leur long\u00e9vit\u00e9 dans les environnements marins et ext\u00e9rieurs.<\/p>\n<p>Le nouveau <strong>R\u00e9glable <b>Support de panneau solaire <\/b><\/strong>Ce kit permet de r\u00e9gler l'angle et la hauteur, ce qui est id\u00e9al pour l'installation sur des surfaces irr\u00e9guli\u00e8res et pour optimiser l'angle d'inclinaison des panneaux solaires.Ces supports pr\u00e9sentent une conception en forme de Z qui offre une r\u00e9sistance et une stabilit\u00e9 optimales avec une plage de r\u00e9glage de l'angle : 0\u00b0-180\u00b0R\u00e9glage de la hauteur du support : 4.7\u2033-6.7\u2033(120-170mm) garantissant que vos panneaux solaires sont fermement fix\u00e9s en place, m\u00eame dans des conditions difficiles telles que des eaux agit\u00e9es ou des sites de camping VR venteux.<\/p>\n<p>&nbsp;<\/p>\n<p>Caract\u00e9ristiques du nouveau <strong>R\u00e9glable<b> Support de panneau solaire <\/b><\/strong>kit<\/p>\n<ol>\n<li>Conception r\u00e9glable : Permet de r\u00e9gler l'angle afin d'optimiser le positionnement du panneau solaire pour une exposition maximale \u00e0 la lumi\u00e8re du soleil.<\/li>\n<li>Compatibilit\u00e9 polyvalente : Convient \u00e0 diff\u00e9rents types et tailles de panneaux solaires, ce qui permet de l'adapter \u00e0 diff\u00e9rentes applications.<\/li>\n<li>Kit complet : Il comprend g\u00e9n\u00e9ralement tout le mat\u00e9riel n\u00e9cessaire \u00e0 l'installation, comme les vis, les rondelles et les supports de montage.<\/li>\n<li>Facile \u00e0 utiliser : Design unique, parfait pour les surfaces irr\u00e9guli\u00e8res, id\u00e9al pour le montage de petits panneaux solaires<\/li>\n<li>Peu encombrant : Le design compact est id\u00e9al pour les espaces limit\u00e9s sur les v\u00e9hicules de loisirs, les remorques, les bateaux, les camping-cars, les yachts, les murs, les cabines, les remises, les garages et les autres toits non couverts.<\/li>\n<\/ol>\n<p>Alliage d'aluminium, anodisation de la surface (anticorrosion, isolation de la r\u00e9sistance \u00e0 l'usure, haute r\u00e9sistance et t\u00e9nacit\u00e9)<\/p>\n<p>Longueur flexible : 4.7\u2033-6.7\u2033 (120-170mm),<\/p>\n<p>Angle r\u00e9glable de 20\u00b0 \u00e0 160\u00b0.<\/p>\n<p>Paquet : 4 pcs support de montage inclin\u00e9 pour panneau solaire, 3pcs \u00e9crous et 3pcs boulons<\/p>\n<p>&nbsp;<\/p>\n<p>Applications des nouvelles <strong>R\u00e9glable<b> Support de panneau solaire <\/b><\/strong>kit<\/p>\n<p>Le nouveau <strong>R\u00e9glable<b> Support de panneau solaire <\/b><\/strong>kit Convient pour : Supports pour panneaux solaires pour v\u00e9hicules de loisirs, Supports pour panneaux solaires pour v\u00e9hicules de loisirs. Supports pour panneaux solaires de camping-car, Supports pour panneaux solaires de camping-car. Supports pour panneaux solaires de camping, Supports pour panneaux solaires de camping. Supports en aluminium en forme de Z pour panneaux solaires de v\u00e9hicules de plaisance pour l'installation de modules plats fixes. Il peut \u00e9galement \u00eatre utilis\u00e9 pour l'installation de modules solaires avec diff\u00e9rentes sp\u00e9cifications telles que les feux de circulation, les feux d'avertissement, les feux indicateurs et l'\u00e9clairage de s\u00e9curit\u00e9 de secours.<\/p>\n<p>&nbsp;<\/p>\n<p>Ce produit est un bon choix pour les syst\u00e8mes mont\u00e9s \u00e0 plat sur des toits plats ou incurv\u00e9s. Il s'adapte \u00e0 tous les types de toits et de modules solaires.<\/p>\n<p><strong><b>Support r\u00e9glable pour panneau solaire <\/b><\/strong>Les kits sont id\u00e9alement con\u00e7us pour installer des panneaux solaires simples de 50w~200w sur les VR, remorques, bateaux, camping-cars, yachts, murs, cabanes, remises, garages et autres toits hors sol. Pour les grands syst\u00e8mes de panneaux solaires, nous vous recommandons de choisir 4 supports (2 paires) pour une installation plus stable.<\/p>\n<p>&nbsp;<\/p>\n<p>&nbsp;<\/p>","protected":false},"excerpt":{"rendered":"<p>Le nouvel ajustable <strong><b>Kit de fixation en Z du panneau solaire<\/b><\/strong>\u00a0Ces supports sont con\u00e7us en forme de Z, ce qui leur conf\u00e8re une r\u00e9sistance et une stabilit\u00e9 optimales, avec une plage de r\u00e9glage de l'angle : 0\u00b0-180\u00b0R\u00e9glage de la hauteur du support : 4.7\u2033-6.7\u2033(120-170mm) garantissant que vos panneaux solaires sont fermement fix\u00e9s en place, m\u00eame dans des conditions difficiles telles que des eaux agit\u00e9es ou des sites de camping VR venteux.<\/p>\n<div class=\"wp-block-button popmake-1937\"><a class=\"wp-block-button__link wp-element-button\">v\u00e9rification des prix<\/a><\/div>","protected":false},"featured_media":2495,"template":"","meta":{"_uag_custom_page_level_css":"","site-sidebar-layout":"default","site-content-layout":"","ast-site-content-layout":"default","site-content-style":"default","site-sidebar-style":"default","ast-global-header-display":"","ast-banner-title-visibility":"","ast-main-header-display":"","ast-hfb-above-header-display":"","ast-hfb-below-header-display":"","ast-hfb-mobile-header-display":"","site-post-title":"","ast-breadcrumbs-content":"","ast-featured-img":"","footer-sml-layout":"","ast-disable-related-posts":"","theme-transparent-header-meta":"default","adv-header-id-meta":"","stick-header-meta":"","header-above-stick-meta":"","header-main-stick-meta":"","header-below-stick-meta":"","astra-migrate-meta-layouts":"set","ast-page-background-enabled":"default","ast-page-background-meta":{"desktop":{"background-color":"","background-image":"","background-repeat":"repeat","background-position":"center center","background-size":"auto","background-attachment":"scroll","background-type":"","background-media":"","overlay-type":"","overlay-color":"","overlay-opacity":"","overlay-gradient":""},"tablet":{"background-color":"","background-image":"","background-repeat":"repeat","background-position":"center center","background-size":"auto","background-attachment":"scroll","background-type":"","background-media":"","overlay-type":"","overlay-color":"","overlay-opacity":"","overlay-gradient":""},"mobile":{"background-color":"","background-image":"","background-repeat":"repeat","background-position":"center center","background-size":"auto","background-attachment":"scroll","background-type":"","background-media":"","overlay-type":"","overlay-color":"","overlay-opacity":"","overlay-gradient":""}},"ast-content-background-meta":{"desktop":{"background-color":"var(--ast-global-color-5)","background-image":"","background-repeat":"repeat","background-position":"center center","background-size":"auto","background-attachment":"scroll","background-type":"","background-media":"","overlay-type":"","overlay-color":"","overlay-opacity":"","overlay-gradient":""},"tablet":{"background-color":"var(--ast-global-color-5)","background-image":"","background-repeat":"repeat","background-position":"center center","background-size":"auto","background-attachment":"scroll","background-type":"","background-media":"","overlay-type":"","overlay-color":"","overlay-opacity":"","overlay-gradient":""},"mobile":{"background-color":"var(--ast-global-color-5)","background-image":"","background-repeat":"repeat","background-position":"center center","background-size":"auto","background-attachment":"scroll","background-type":"","background-media":"","overlay-type":"","overlay-color":"","overlay-opacity":"","overlay-gradient":""}}},"product_brand":[],"product_cat":[25,132,24],"product_tag":[147,144,139,80,143,142,137,47,46,138,145,140],"class_list":{"0":"post-2494","1":"product","2":"type-product","3":"status-publish","4":"has-post-thumbnail","6":"product_cat-excellent","7":"product_cat-solar-mounting-components","8":"product_cat-solar-mounting-system","9":"product_tag-adjustable-solar-panel-brackets","10":"product_tag-boat-solar-installation","11":"product_tag-boats-solar-mounting","12":"product_tag-rail-free-solar-mounting","13":"product_tag-rv-solar-mounting-kit","14":"product_tag-rv-solar-panel-mount","15":"product_tag-rvs-solar-mounting","16":"product_tag-solar-adjustable-kits","17":"product_tag-solar-adjustable-mounting","18":"product_tag-trailers-solar-system","19":"product_tag-universal-z-brackets","20":"product_tag-yachts-solar-brackets","21":"desktop-align-left","22":"tablet-align-left","23":"mobile-align-left","25":"first","26":"instock","27":"shipping-taxable","28":"product-type-simple"},"spectra_custom_meta":{"_uabb_version":["1.36.1"],"_edit_last":["1"],"_edit_lock":["1752379184:1"],"_thumbnail_id":["2495"],"total_sales":["0"],"_tax_status":["taxable"],"_tax_class":[""],"_manage_stock":["no"],"_backorders":["no"],"_sold_individually":["no"],"_virtual":["no"],"_downloadable":["no"],"_download_limit":["-1"],"_download_expiry":["-1"],"_stock":[null],"_stock_status":["instock"],"_wc_average_rating":["0"],"_wc_review_count":["0"],"_product_version":["9.6.2"],"_product_image_gallery":["2497,2496,2498,2499,2500"],"site-sidebar-layout":["default"],"ast-site-content-layout":["default"],"site-content-style":["default"],"site-sidebar-style":["default"],"theme-transparent-header-meta":["default"],"astra-migrate-meta-layouts":["set"],"_uag_page_assets":["a:9:{s:3:\"css\";s:5318:\".uag-blocks-common-selector{z-index:var(--z-index-desktop) !important}@media (max-width: 976px){.uag-blocks-common-selector{z-index:var(--z-index-tablet) !important}}@media (max-width: 767px){.uag-blocks-common-selector{z-index:var(--z-index-mobile) !important}}\n.wp-block-uagb-faq{width:100%}.wp-block-uagb-faq.uagb-faq-layout-accordion .uagb-faq-child__outer-wrap .uagb-faq-questions-button{cursor:pointer}.wp-block-uagb-faq .uagb-faq-content{margin-bottom:0}.wp-block-uagb-faq .uagb-faq-content p{margin:auto}.uagb-faq-layout-grid.uagb-faq-equal-height.uagb-faq__wrap .uagb-faq-child__outer-wrap,.uagb-faq-layout-grid.uagb-faq-equal-height.uagb-faq__wrap .uagb-faq-item{height:100%}body[class*=\"astra\"] .uagb-faq-questions{line-height:normal}.uagb-faq-item{overflow:hidden}\n.wp-block-uagb-faq-child .uagb-faq-questions-button{display:flex;align-items:center}.wp-block-uagb-faq-child .uagb-faq-questions-button .uagb-faq-icon-wrap{display:flex;align-items:center}.wp-block-uagb-faq-child .uagb-faq-questions-button .uagb-question{width:100%;margin-top:0;margin-bottom:0}.wp-block-uagb-faq-child .uagb-icon svg,.wp-block-uagb-faq-child .uagb-icon-active svg{width:15px;height:15px;font-size:15px}.wp-block-uagb-faq-child.uagb-faq-child__outer-wrap.uagb-faq-item .uagb-icon-active,.wp-block-uagb-faq-child.uagb-faq-child__outer-wrap.uagb-faq-item.uagb-faq-item-active .uagb-icon,.wp-block-uagb-faq-child.uagb-faq-child__outer-wrap .uagb-faq-item .uagb-icon-active,.wp-block-uagb-faq-child.uagb-faq-child__outer-wrap .uagb-faq-item.uagb-faq-item-active .uagb-icon{display:none;width:0;padding:0;height:0;margin:0}.wp-block-uagb-faq-child.uagb-faq-child__outer-wrap.uagb-faq-item .uagb-icon,.wp-block-uagb-faq-child.uagb-faq-child__outer-wrap.uagb-faq-item.uagb-faq-item-active .uagb-icon-active,.wp-block-uagb-faq-child.uagb-faq-child__outer-wrap .uagb-faq-item .uagb-icon,.wp-block-uagb-faq-child.uagb-faq-child__outer-wrap .uagb-faq-item.uagb-faq-item-active .uagb-icon-active{display:flex;width:auto;height:auto}.uagb-faq-layout-grid .uagb-faq-child__outer-wrap.uagb-faq-item .uagb-icon,.uagb-faq-layout-grid .uagb-faq-child__outer-wrap.uagb-faq-item.uagb-faq-item-active .uagb-icon-active,.uagb-faq-layout-grid .uagb-faq-child__outer-wrap .uagb-faq-item .uagb-icon,.uagb-faq-layout-grid .uagb-faq-child__outer-wrap .uagb-faq-item.uagb-faq-item-active .uagb-icon-active{display:none}.uagb-faq-layout-grid .uagb-faq-child__outer-wrap.uagb-faq-item span.uagb-icon-active.uagb-faq-icon-wrap,.uagb-faq-layout-grid .uagb-faq-child__outer-wrap.uagb-faq-item.uagb-faq-item-active .uagb-icon-active,.uagb-faq-layout-grid .uagb-faq-child__outer-wrap .uagb-faq-item span.uagb-icon-active.uagb-faq-icon-wrap,.uagb-faq-layout-grid .uagb-faq-child__outer-wrap .uagb-faq-item.uagb-faq-item-active .uagb-icon-active{display:none}\n.uagb-block-55b5edaf .uagb-icon svg{width: 12px;height: 12px;font-size: 12px;}.uagb-block-55b5edaf .uagb-icon-active svg{width: 12px;height: 12px;font-size: 12px;}.uagb-block-55b5edaf .uagb-faq-child__outer-wrap{margin-bottom: 10px;}.uagb-block-55b5edaf .uagb-faq-item{border-top-width: 1px;border-left-width: 1px;border-right-width: 1px;border-bottom-width: 1px;border-top-left-radius: 2px;border-top-right-radius: 2px;border-bottom-left-radius: 2px;border-bottom-right-radius: 2px;border-color: #1e1e1e;border-style: solid;}.uagb-block-55b5edaf .uagb-faq-questions-button{padding-top: 10px;padding-bottom: 10px;padding-right: 10px;padding-left: 10px;}.uagb-block-55b5edaf .uagb-faq-content{padding-top: 10px;padding-bottom: 10px;padding-right: 10px;padding-left: 10px;}.uagb-block-55b5edaf .uagb-faq-content span{margin-top: 10px;margin-bottom: 10px;margin-right: 10px;margin-left: 10px;}.uagb-block-55b5edaf.uagb-faq-icon-row .uagb-faq-item .uagb-faq-icon-wrap{margin-right: 10px;}.uagb-block-55b5edaf.uagb-faq-icon-row-reverse .uagb-faq-item .uagb-faq-icon-wrap{margin-left: 10px;}.uagb-block-55b5edaf .uagb-faq-item .uagb-faq-questions-button.uagb-faq-questions{flex-direction: row;}.uagb-block-55b5edaf .wp-block-uagb-faq-child.uagb-faq-child__outer-wrap .uagb-faq-content {display: none;}@media only screen and (max-width: 976px) {.uagb-block-55b5edaf.uagb-faq-icon-row .uagb-faq-item .uagb-faq-icon-wrap{margin-right: 10px;}.uagb-block-55b5edaf.uagb-faq-icon-row-reverse .uagb-faq-item .uagb-faq-icon-wrap{margin-left: 10px;}.uagb-block-55b5edaf .uagb-faq-questions-button{padding-top: 10px;padding-bottom: 10px;padding-right: 10px;padding-left: 10px;}.uagb-block-55b5edaf .uagb-faq-content{padding-top: 10px;padding-bottom: 10px;padding-right: 10px;padding-left: 10px;}.uagb-block-55b5edaf .uagb-faq-content span{margin-top: 10px;margin-bottom: 10px;margin-right: 10px;margin-left: 10px;}}@media only screen and (max-width: 767px) {.uagb-block-55b5edaf.uagb-faq-icon-row .uagb-faq-item .uagb-faq-icon-wrap{margin-right: 10px;}.uagb-block-55b5edaf.uagb-faq-icon-row-reverse .uagb-faq-item .uagb-faq-icon-wrap{margin-left: 10px;}.uagb-block-55b5edaf .uagb-faq-questions-button{padding-top: 10px;padding-bottom: 10px;padding-right: 10px;padding-left: 10px;}.uagb-block-55b5edaf .uagb-faq-content{padding-top: 10px;padding-bottom: 10px;padding-right: 10px;padding-left: 10px;}.uagb-block-55b5edaf .uagb-faq-content span{margin-top: 10px;margin-bottom: 10px;margin-right: 10px;margin-left: 10px;}}\";s:2:\"js\";s:0:\"\";s:18:\"current_block_list\";a:10:{i:0;s:11:\"core\/search\";i:1;s:10:\"core\/group\";i:2;s:12:\"core\/heading\";i:3;s:17:\"core\/latest-posts\";i:4;s:20:\"core\/latest-comments\";i:5;s:13:\"core\/archives\";i:6;s:15:\"core\/categories\";i:7;s:14:\"core\/paragraph\";i:8;s:8:\"uagb\/faq\";i:9;s:14:\"uagb\/faq-child\";}s:8:\"uag_flag\";b:1;s:11:\"uag_version\";s:10:\"1775829763\";s:6:\"gfonts\";a:0:{}s:10:\"gfonts_url\";s:0:\"\";s:12:\"gfonts_files\";a:0:{}s:14:\"uag_faq_layout\";b:1;}"],"_uag_css_file_name":["uag-css-2494.css"]},"uagb_featured_image_src":{"full":["https:\/\/senyenergy.com\/wp-content\/uploads\/2025\/05\/Adjustable-Solar-Panel-Z-Brackets-kit.jpg",800,800,false],"thumbnail":["https:\/\/senyenergy.com\/wp-content\/uploads\/2025\/05\/Adjustable-Solar-Panel-Z-Brackets-kit-150x150.jpg",150,150,true],"medium":["https:\/\/senyenergy.com\/wp-content\/uploads\/2025\/05\/Adjustable-Solar-Panel-Z-Brackets-kit-300x300.jpg",300,300,true],"medium_large":["https:\/\/senyenergy.com\/wp-content\/uploads\/2025\/05\/Adjustable-Solar-Panel-Z-Brackets-kit-768x768.jpg",768,768,true],"large":["https:\/\/senyenergy.com\/wp-content\/uploads\/2025\/05\/Adjustable-Solar-Panel-Z-Brackets-kit.jpg",800,800,false],"1536x1536":["https:\/\/senyenergy.com\/wp-content\/uploads\/2025\/05\/Adjustable-Solar-Panel-Z-Brackets-kit.jpg",800,800,false],"2048x2048":["https:\/\/senyenergy.com\/wp-content\/uploads\/2025\/05\/Adjustable-Solar-Panel-Z-Brackets-kit.jpg",800,800,false],"trp-custom-language-flag":["https:\/\/senyenergy.com\/wp-content\/uploads\/2025\/05\/Adjustable-Solar-Panel-Z-Brackets-kit-12x12.jpg",12,12,true],"woocommerce_thumbnail":["https:\/\/senyenergy.com\/wp-content\/uploads\/2025\/05\/Adjustable-Solar-Panel-Z-Brackets-kit-300x300.jpg",300,300,true],"woocommerce_single":["https:\/\/senyenergy.com\/wp-content\/uploads\/2025\/05\/Adjustable-Solar-Panel-Z-Brackets-kit-600x600.jpg",600,600,true],"woocommerce_gallery_thumbnail":["https:\/\/senyenergy.com\/wp-content\/uploads\/2025\/05\/Adjustable-Solar-Panel-Z-Brackets-kit-100x100.jpg",100,100,true]},"uagb_author_info":{"display_name":"wp-admin","author_link":"https:\/\/senyenergy.com\/fr\/author\/"},"uagb_comment_info":0,"uagb_excerpt":"The New Adjustable Solar Panel Z Bracket kit\u00a0can adjust angle and height, ideal for the installation on irregular surfaces and for the optimal tilt angle of solar panels.These brackets feature a Z-shaped design that provides optimal strength and stability with angle adjustment range: 0\u00b0-180\u00b0Bracket height adjustment range: 4.7\"-6.7\"(120-170mm) ensuring your solar panels are firmly fixed\u2026","_links":{"self":[{"href":"https:\/\/senyenergy.com\/fr\/wp-json\/wp\/v2\/product\/2494","targetHints":{"allow":["GET"]}}],"collection":[{"href":"https:\/\/senyenergy.com\/fr\/wp-json\/wp\/v2\/product"}],"about":[{"href":"https:\/\/senyenergy.com\/fr\/wp-json\/wp\/v2\/types\/product"}],"wp:featuredmedia":[{"embeddable":true,"href":"https:\/\/senyenergy.com\/fr\/wp-json\/wp\/v2\/media\/2495"}],"wp:attachment":[{"href":"https:\/\/senyenergy.com\/fr\/wp-json\/wp\/v2\/media?parent=2494"}],"wp:term":[{"taxonomy":"product_brand","embeddable":true,"href":"https:\/\/senyenergy.com\/fr\/wp-json\/wp\/v2\/product_brand?post=2494"},{"taxonomy":"product_cat","embeddable":true,"href":"https:\/\/senyenergy.com\/fr\/wp-json\/wp\/v2\/product_cat?post=2494"},{"taxonomy":"product_tag","embeddable":true,"href":"https:\/\/senyenergy.com\/fr\/wp-json\/wp\/v2\/product_tag?post=2494"}],"curies":[{"name":"wp","href":"https:\/\/api.w.org\/{rel}","templated":true}]}}