{"id":2488,"date":"2025-05-27T12:22:04","date_gmt":"2025-05-27T04:22:04","guid":{"rendered":"https:\/\/senyenergy.com\/?post_type=product&#038;p=2488"},"modified":"2026-03-04T16:20:42","modified_gmt":"2026-03-04T08:20:42","slug":"solar-clamp-for-standing-seam-roof","status":"publish","type":"product","link":"https:\/\/senyenergy.com\/fr\/produit\/solar-clamp-for-standing-seam-roof\/","title":{"rendered":"Solar Clamp for Standing Seam Roof SY-S5"},"content":{"rendered":"<p>Les <strong>Solar Clamp for Standing Seam Roof<\/strong> SY-S5\u00a0for Standing Seam Metal Roof is a specialized mounting solution designed for attaching solar panels to standing seam metal roofs without penetrating the roof surface.<\/p>\n<p>&nbsp;<\/p>\n<p>Les <strong>Solar Clamp for Standing Seam Roof<\/strong>\u00a0est de loin notre pince la plus populaire et la plus polyvalente. Elle convient \u00e0 environ 85% des profil\u00e9s \u00e0 joint debout, y compris la plupart des profil\u00e9s structurels et architecturaux. Elle peut \u00eatre utilis\u00e9e sur des joints verticaux et, en tournant la pince de 90 degr\u00e9s, elle peut \u00e9galement \u00eatre utilis\u00e9e sur la plupart des profils de joints horizontaux de 2\u2033.<\/p>\n<p>&nbsp;<\/p>\n<p>Caract\u00e9ristiques <strong>Solar Clamp for Standing Seam Roof<\/strong> \u00a0pour les toits m\u00e9talliques \u00e0 joint debout<\/p>\n<ol>\n<li>Conception non p\u00e9n\u00e9trative : Fix\u00e9 \u00e0 l'aide de vis hexagonales, le processus d'installation est rapide et pratique, sans qu'il soit n\u00e9cessaire de p\u00e9n\u00e9trer dans la dalle du toit ou d'endommager la couche d'\u00e9tanch\u00e9it\u00e9, ce qui permet de pr\u00e9server l'int\u00e9grit\u00e9 du toit en \u00e9vitant les fuites.<\/li>\n<li>Compatibilit\u00e9 et polyvalence : Con\u00e7u pour les toits \u00e0 joint debout, qui pr\u00e9sentent des joints verticaux imbriqu\u00e9s. Adaptable \u00e0 diff\u00e9rents profils de joints avec un dimensionnement appropri\u00e9. Et supportant l'installation de panneaux solaires, de bases starlink, de c\u00e2bles chauffants et de fixations de garde-neige.<\/li>\n<li>Contraction robuste\uff1aLes pinces pour toits debout en alliage d'aluminium et les vis M8 en acier inoxydable se fixent solidement aux joints sur\u00e9lev\u00e9s, emp\u00eachant la rouille et la corrosion, et peuvent r\u00e9sister aux conditions m\u00e9t\u00e9orologiques difficiles.<\/li>\n<li>Stabilit\u00e9 : Fournit un point de fixation s\u00fbr, garantissant que les panneaux solaires restent stables dans diverses conditions m\u00e9t\u00e9orologiques.<\/li>\n<\/ol>\n<p>Applications de la\u00a0 <strong>Solar Clamp for Standing Seam Roof<\/strong> :<\/p>\n<p>Id\u00e9al pour les toits m\u00e9talliques r\u00e9sidentiels, commerciaux ou agricoles \u00e0 joints debout \u00e0 la recherche d'une solution de montage solaire fiable et \u00e0 faible impact.<\/p>\n<p>&nbsp;<\/p>\n<p>In summary, the <strong>Solar Clamp for Standing Seam Roof<\/strong> SY-S5 \u00a0offers a secure, efficient way to mount solar arrays on metal roofs, balancing ease of installation with long-term durability and Sturdy Contraction\u00a0or Stability. If you have further questions or need specific recommendations, feel free to ask!<\/p>","protected":false},"excerpt":{"rendered":"<p>Les <strong>Solar Clamp for Standing Seam Roof <\/strong><strong><b>SY-S5<\/b><\/strong>\u00a0est de loin notre pince la plus populaire et la plus polyvalente. Elle convient \u00e0 environ 85% des profil\u00e9s \u00e0 joint debout, y compris la plupart des profil\u00e9s structurels et architecturaux. Elle peut \u00eatre utilis\u00e9e sur des joints verticaux et, en tournant la pince de 90 degr\u00e9s, elle peut \u00e9galement \u00eatre utilis\u00e9e sur la plupart des profils de joints horizontaux de 2\u2033.<\/p>\n<div class=\"wp-block-button popmake-1937\"><a class=\"wp-block-button__link wp-element-button\">v\u00e9rification des prix<\/a><\/div>","protected":false},"featured_media":2489,"template":"","meta":{"_uag_custom_page_level_css":"","site-sidebar-layout":"default","site-content-layout":"","ast-site-content-layout":"default","site-content-style":"default","site-sidebar-style":"default","ast-global-header-display":"","ast-banner-title-visibility":"","ast-main-header-display":"","ast-hfb-above-header-display":"","ast-hfb-below-header-display":"","ast-hfb-mobile-header-display":"","site-post-title":"","ast-breadcrumbs-content":"","ast-featured-img":"","footer-sml-layout":"","ast-disable-related-posts":"","theme-transparent-header-meta":"default","adv-header-id-meta":"","stick-header-meta":"default","header-above-stick-meta":"","header-main-stick-meta":"","header-below-stick-meta":"","astra-migrate-meta-layouts":"set","ast-page-background-enabled":"default","ast-page-background-meta":{"desktop":{"background-color":"","background-image":"","background-repeat":"repeat","background-position":"center center","background-size":"auto","background-attachment":"scroll","background-type":"","background-media":"","overlay-type":"","overlay-color":"","overlay-opacity":"","overlay-gradient":""},"tablet":{"background-color":"","background-image":"","background-repeat":"repeat","background-position":"center center","background-size":"auto","background-attachment":"scroll","background-type":"","background-media":"","overlay-type":"","overlay-color":"","overlay-opacity":"","overlay-gradient":""},"mobile":{"background-color":"","background-image":"","background-repeat":"repeat","background-position":"center center","background-size":"auto","background-attachment":"scroll","background-type":"","background-media":"","overlay-type":"","overlay-color":"","overlay-opacity":"","overlay-gradient":""}},"ast-content-background-meta":{"desktop":{"background-color":"var(--ast-global-color-5)","background-image":"","background-repeat":"repeat","background-position":"center center","background-size":"auto","background-attachment":"scroll","background-type":"","background-media":"","overlay-type":"","overlay-color":"","overlay-opacity":"","overlay-gradient":""},"tablet":{"background-color":"var(--ast-global-color-5)","background-image":"","background-repeat":"repeat","background-position":"center center","background-size":"auto","background-attachment":"scroll","background-type":"","background-media":"","overlay-type":"","overlay-color":"","overlay-opacity":"","overlay-gradient":""},"mobile":{"background-color":"var(--ast-global-color-5)","background-image":"","background-repeat":"repeat","background-position":"center center","background-size":"auto","background-attachment":"scroll","background-type":"","background-media":"","overlay-type":"","overlay-color":"","overlay-opacity":"","overlay-gradient":""}}},"product_brand":[],"product_cat":[25,23,132],"product_tag":[133,136],"class_list":{"0":"post-2488","1":"product","2":"type-product","3":"status-publish","4":"has-post-thumbnail","6":"product_cat-excellent","7":"product_cat-solar-accessories","8":"product_cat-solar-mounting-components","9":"product_tag-standing-seam-roof-clamp","10":"product_tag-standing-seam-roof-kliplock","11":"desktop-align-left","12":"tablet-align-left","13":"mobile-align-left","15":"first","16":"instock","17":"shipping-taxable","18":"product-type-simple"},"spectra_custom_meta":{"_uabb_version":["1.36.1"],"_edit_last":["1"],"_edit_lock":["1772612681:1"],"_thumbnail_id":["2489"],"total_sales":["0"],"_tax_status":["taxable"],"_tax_class":[""],"_manage_stock":["no"],"_backorders":["no"],"_sold_individually":["no"],"_virtual":["no"],"_downloadable":["no"],"_download_limit":["-1"],"_download_expiry":["-1"],"_stock":[null],"_stock_status":["instock"],"_wc_average_rating":["0"],"_wc_review_count":["0"],"_product_version":["10.4.3"],"_product_image_gallery":["2492,2490,2491,2493"],"site-sidebar-layout":["default"],"ast-site-content-layout":["default"],"site-content-style":["default"],"site-sidebar-style":["default"],"theme-transparent-header-meta":["default"],"_wp_old_slug":["sy-s5-solar-clamp-for-standing-seam-metal-roof"],"wb_custom_tabs":["a:0:{}"],"astra-migrate-meta-layouts":["set"],"stick-header-meta":["default"],"_uag_page_assets":["a:9:{s:3:\"css\";s:5318:\".uag-blocks-common-selector{z-index:var(--z-index-desktop) !important}@media (max-width: 976px){.uag-blocks-common-selector{z-index:var(--z-index-tablet) !important}}@media (max-width: 767px){.uag-blocks-common-selector{z-index:var(--z-index-mobile) !important}}\n.wp-block-uagb-faq{width:100%}.wp-block-uagb-faq.uagb-faq-layout-accordion .uagb-faq-child__outer-wrap .uagb-faq-questions-button{cursor:pointer}.wp-block-uagb-faq .uagb-faq-content{margin-bottom:0}.wp-block-uagb-faq .uagb-faq-content p{margin:auto}.uagb-faq-layout-grid.uagb-faq-equal-height.uagb-faq__wrap .uagb-faq-child__outer-wrap,.uagb-faq-layout-grid.uagb-faq-equal-height.uagb-faq__wrap .uagb-faq-item{height:100%}body[class*=\"astra\"] .uagb-faq-questions{line-height:normal}.uagb-faq-item{overflow:hidden}\n.wp-block-uagb-faq-child .uagb-faq-questions-button{display:flex;align-items:center}.wp-block-uagb-faq-child .uagb-faq-questions-button .uagb-faq-icon-wrap{display:flex;align-items:center}.wp-block-uagb-faq-child .uagb-faq-questions-button .uagb-question{width:100%;margin-top:0;margin-bottom:0}.wp-block-uagb-faq-child .uagb-icon svg,.wp-block-uagb-faq-child .uagb-icon-active svg{width:15px;height:15px;font-size:15px}.wp-block-uagb-faq-child.uagb-faq-child__outer-wrap.uagb-faq-item .uagb-icon-active,.wp-block-uagb-faq-child.uagb-faq-child__outer-wrap.uagb-faq-item.uagb-faq-item-active .uagb-icon,.wp-block-uagb-faq-child.uagb-faq-child__outer-wrap .uagb-faq-item .uagb-icon-active,.wp-block-uagb-faq-child.uagb-faq-child__outer-wrap .uagb-faq-item.uagb-faq-item-active .uagb-icon{display:none;width:0;padding:0;height:0;margin:0}.wp-block-uagb-faq-child.uagb-faq-child__outer-wrap.uagb-faq-item .uagb-icon,.wp-block-uagb-faq-child.uagb-faq-child__outer-wrap.uagb-faq-item.uagb-faq-item-active .uagb-icon-active,.wp-block-uagb-faq-child.uagb-faq-child__outer-wrap .uagb-faq-item .uagb-icon,.wp-block-uagb-faq-child.uagb-faq-child__outer-wrap .uagb-faq-item.uagb-faq-item-active .uagb-icon-active{display:flex;width:auto;height:auto}.uagb-faq-layout-grid .uagb-faq-child__outer-wrap.uagb-faq-item .uagb-icon,.uagb-faq-layout-grid .uagb-faq-child__outer-wrap.uagb-faq-item.uagb-faq-item-active .uagb-icon-active,.uagb-faq-layout-grid .uagb-faq-child__outer-wrap .uagb-faq-item .uagb-icon,.uagb-faq-layout-grid .uagb-faq-child__outer-wrap .uagb-faq-item.uagb-faq-item-active .uagb-icon-active{display:none}.uagb-faq-layout-grid .uagb-faq-child__outer-wrap.uagb-faq-item span.uagb-icon-active.uagb-faq-icon-wrap,.uagb-faq-layout-grid .uagb-faq-child__outer-wrap.uagb-faq-item.uagb-faq-item-active .uagb-icon-active,.uagb-faq-layout-grid .uagb-faq-child__outer-wrap .uagb-faq-item span.uagb-icon-active.uagb-faq-icon-wrap,.uagb-faq-layout-grid .uagb-faq-child__outer-wrap .uagb-faq-item.uagb-faq-item-active .uagb-icon-active{display:none}\n.uagb-block-55b5edaf .uagb-icon svg{width: 12px;height: 12px;font-size: 12px;}.uagb-block-55b5edaf .uagb-icon-active svg{width: 12px;height: 12px;font-size: 12px;}.uagb-block-55b5edaf .uagb-faq-child__outer-wrap{margin-bottom: 10px;}.uagb-block-55b5edaf .uagb-faq-item{border-top-width: 1px;border-left-width: 1px;border-right-width: 1px;border-bottom-width: 1px;border-top-left-radius: 2px;border-top-right-radius: 2px;border-bottom-left-radius: 2px;border-bottom-right-radius: 2px;border-color: #1e1e1e;border-style: solid;}.uagb-block-55b5edaf .uagb-faq-questions-button{padding-top: 10px;padding-bottom: 10px;padding-right: 10px;padding-left: 10px;}.uagb-block-55b5edaf .uagb-faq-content{padding-top: 10px;padding-bottom: 10px;padding-right: 10px;padding-left: 10px;}.uagb-block-55b5edaf .uagb-faq-content span{margin-top: 10px;margin-bottom: 10px;margin-right: 10px;margin-left: 10px;}.uagb-block-55b5edaf.uagb-faq-icon-row .uagb-faq-item .uagb-faq-icon-wrap{margin-right: 10px;}.uagb-block-55b5edaf.uagb-faq-icon-row-reverse .uagb-faq-item .uagb-faq-icon-wrap{margin-left: 10px;}.uagb-block-55b5edaf .uagb-faq-item .uagb-faq-questions-button.uagb-faq-questions{flex-direction: row;}.uagb-block-55b5edaf .wp-block-uagb-faq-child.uagb-faq-child__outer-wrap .uagb-faq-content {display: none;}@media only screen and (max-width: 976px) {.uagb-block-55b5edaf.uagb-faq-icon-row .uagb-faq-item .uagb-faq-icon-wrap{margin-right: 10px;}.uagb-block-55b5edaf.uagb-faq-icon-row-reverse .uagb-faq-item .uagb-faq-icon-wrap{margin-left: 10px;}.uagb-block-55b5edaf .uagb-faq-questions-button{padding-top: 10px;padding-bottom: 10px;padding-right: 10px;padding-left: 10px;}.uagb-block-55b5edaf .uagb-faq-content{padding-top: 10px;padding-bottom: 10px;padding-right: 10px;padding-left: 10px;}.uagb-block-55b5edaf .uagb-faq-content span{margin-top: 10px;margin-bottom: 10px;margin-right: 10px;margin-left: 10px;}}@media only screen and (max-width: 767px) {.uagb-block-55b5edaf.uagb-faq-icon-row .uagb-faq-item .uagb-faq-icon-wrap{margin-right: 10px;}.uagb-block-55b5edaf.uagb-faq-icon-row-reverse .uagb-faq-item .uagb-faq-icon-wrap{margin-left: 10px;}.uagb-block-55b5edaf .uagb-faq-questions-button{padding-top: 10px;padding-bottom: 10px;padding-right: 10px;padding-left: 10px;}.uagb-block-55b5edaf .uagb-faq-content{padding-top: 10px;padding-bottom: 10px;padding-right: 10px;padding-left: 10px;}.uagb-block-55b5edaf .uagb-faq-content span{margin-top: 10px;margin-bottom: 10px;margin-right: 10px;margin-left: 10px;}}\";s:2:\"js\";s:0:\"\";s:18:\"current_block_list\";a:10:{i:0;s:11:\"core\/search\";i:1;s:10:\"core\/group\";i:2;s:12:\"core\/heading\";i:3;s:17:\"core\/latest-posts\";i:4;s:20:\"core\/latest-comments\";i:5;s:13:\"core\/archives\";i:6;s:15:\"core\/categories\";i:7;s:14:\"core\/paragraph\";i:8;s:8:\"uagb\/faq\";i:9;s:14:\"uagb\/faq-child\";}s:8:\"uag_flag\";b:1;s:11:\"uag_version\";s:10:\"1775829763\";s:6:\"gfonts\";a:0:{}s:10:\"gfonts_url\";s:0:\"\";s:12:\"gfonts_files\";a:0:{}s:14:\"uag_faq_layout\";b:1;}"],"_uag_css_file_name":["uag-css-2488.css"]},"uagb_featured_image_src":{"full":["https:\/\/senyenergy.com\/wp-content\/uploads\/2025\/05\/Solar-clamp-for-Standing-Seam-roof.jpg",800,800,false],"thumbnail":["https:\/\/senyenergy.com\/wp-content\/uploads\/2025\/05\/Solar-clamp-for-Standing-Seam-roof-150x150.jpg",150,150,true],"medium":["https:\/\/senyenergy.com\/wp-content\/uploads\/2025\/05\/Solar-clamp-for-Standing-Seam-roof-300x300.jpg",300,300,true],"medium_large":["https:\/\/senyenergy.com\/wp-content\/uploads\/2025\/05\/Solar-clamp-for-Standing-Seam-roof-768x768.jpg",768,768,true],"large":["https:\/\/senyenergy.com\/wp-content\/uploads\/2025\/05\/Solar-clamp-for-Standing-Seam-roof.jpg",800,800,false],"1536x1536":["https:\/\/senyenergy.com\/wp-content\/uploads\/2025\/05\/Solar-clamp-for-Standing-Seam-roof.jpg",800,800,false],"2048x2048":["https:\/\/senyenergy.com\/wp-content\/uploads\/2025\/05\/Solar-clamp-for-Standing-Seam-roof.jpg",800,800,false],"trp-custom-language-flag":["https:\/\/senyenergy.com\/wp-content\/uploads\/2025\/05\/Solar-clamp-for-Standing-Seam-roof-12x12.jpg",12,12,true],"woocommerce_thumbnail":["https:\/\/senyenergy.com\/wp-content\/uploads\/2025\/05\/Solar-clamp-for-Standing-Seam-roof-300x300.jpg",300,300,true],"woocommerce_single":["https:\/\/senyenergy.com\/wp-content\/uploads\/2025\/05\/Solar-clamp-for-Standing-Seam-roof-600x600.jpg",600,600,true],"woocommerce_gallery_thumbnail":["https:\/\/senyenergy.com\/wp-content\/uploads\/2025\/05\/Solar-clamp-for-Standing-Seam-roof-100x100.jpg",100,100,true]},"uagb_author_info":{"display_name":"wp-admin","author_link":"https:\/\/senyenergy.com\/fr\/author\/"},"uagb_comment_info":0,"uagb_excerpt":"The Solar Clamp for Standing Seam Roof SY-S5\u00a0is by far our most popular and most versatile clamp. It fits about 85% of the standing seam profiles -including most structural and architectural profiles. It can be used on vertically oriented seams and, by rotating the clamp 90 degrees, it can also be used on most horizontal\u2026","_links":{"self":[{"href":"https:\/\/senyenergy.com\/fr\/wp-json\/wp\/v2\/product\/2488","targetHints":{"allow":["GET"]}}],"collection":[{"href":"https:\/\/senyenergy.com\/fr\/wp-json\/wp\/v2\/product"}],"about":[{"href":"https:\/\/senyenergy.com\/fr\/wp-json\/wp\/v2\/types\/product"}],"wp:featuredmedia":[{"embeddable":true,"href":"https:\/\/senyenergy.com\/fr\/wp-json\/wp\/v2\/media\/2489"}],"wp:attachment":[{"href":"https:\/\/senyenergy.com\/fr\/wp-json\/wp\/v2\/media?parent=2488"}],"wp:term":[{"taxonomy":"product_brand","embeddable":true,"href":"https:\/\/senyenergy.com\/fr\/wp-json\/wp\/v2\/product_brand?post=2488"},{"taxonomy":"product_cat","embeddable":true,"href":"https:\/\/senyenergy.com\/fr\/wp-json\/wp\/v2\/product_cat?post=2488"},{"taxonomy":"product_tag","embeddable":true,"href":"https:\/\/senyenergy.com\/fr\/wp-json\/wp\/v2\/product_tag?post=2488"}],"curies":[{"name":"wp","href":"https:\/\/api.w.org\/{rel}","templated":true}]}}