{"id":2476,"date":"2025-05-23T10:11:51","date_gmt":"2025-05-23T02:11:51","guid":{"rendered":"https:\/\/senyenergy.com\/?post_type=product&#038;p=2476"},"modified":"2025-07-13T10:53:01","modified_gmt":"2025-07-13T02:53:01","slug":"hauteur-de-125-mm-support-de-pied-en-l-pour-montage-sur-toiture-metallique-solaire","status":"publish","type":"product","link":"https:\/\/senyenergy.com\/fr\/produit\/hauteur-de-125-mm-support-de-pied-en-l-pour-montage-sur-toiture-metallique-solaire\/","title":{"rendered":"Support de pied en L solaire 125mm pour montage sur toiture m\u00e9tallique"},"content":{"rendered":"<p><strong><b>Support de pied solaire en L de 125 mm <\/b><\/strong>pour le montage solaire sur toiture m\u00e9tallique est un composant de montage solaire tr\u00e8s universel car il peut \u00eatre utilis\u00e9 pour la plupart des types de montage PV sur toiture m\u00e9tallique. Les angles d'installation sont disponibles de 0 \u00e0 60 degr\u00e9s. Les pieds en L pour montage solaire permettent une installation simple pour le montage solaire sur toiture m\u00e9tallique. En outre, il s'agit de l'une des solutions les plus rentables pour les toits en t\u00f4le ondul\u00e9e et trap\u00e9zo\u00efdale.<\/p>\n<p>&nbsp;<\/p>\n<p><strong><b>Ce support de pied solaire en L de 125 mm<\/b><\/strong>La conception du rail permet d'augmenter l'espace entre le panneau solaire et la toiture, ce qui favorise la dissipation de la chaleur des panneaux solaires et garantit la dur\u00e9e de vie des panneaux solaires et la production d'\u00e9nergie la plus efficace possible. La conception du long trou permet d'ajuster la hauteur du rail, ce qui acc\u00e9l\u00e8re l'installation.<\/p>\n<p>&nbsp;<\/p>\n<p>Ce support de montage pour pieds en L est fabriqu\u00e9 en mat\u00e9riau AL6005-T5 de bonne qualit\u00e9, l\u00e9ger, r\u00e9sistant \u00e0 la corrosion et durable. Le traitement de surface dentel\u00e9 de la partie sup\u00e9rieure permet de fixer fermement le rail afin d'\u00e9viter tout glissement. Le tampon en caoutchouc EPDM de haute qualit\u00e9 est tr\u00e8s r\u00e9sistant pour une longue dur\u00e9e de vie.<\/p>\n<p>&nbsp;<\/p>\n<p>Caract\u00e9ristiques <strong><b>Support de pied solaire en L de 125 mm<\/b><\/strong><strong><b> pour montage sur toiture m\u00e9tallique<\/b><\/strong>:<\/p>\n<p>Conception en forme de L : Fournit un point d'ancrage solide et stable pour les panneaux solaires, assurant une fixation s\u00fbre.<\/p>\n<p>Hauteur de 125 mm : Offre un espace suffisant pour une ventilation et un drainage ad\u00e9quats sous les panneaux solaires.<\/p>\n<p>Compatibilit\u00e9 polyvalente : Convient \u00e0 diverses configurations de panneaux solaires et \u00e0 divers types de toits.<\/p>\n<p>Stabilit\u00e9 : Assure une fixation s\u00fbre, r\u00e9duisant le risque de mouvement du panneau en cas de vents violents.<\/p>\n<p>Facilit\u00e9 d'installation : Con\u00e7u pour une installation rapide et simple, minimisant le temps de travail.<\/p>\n<p>Am\u00e9lioration des performances : La ventilation permet de maintenir des temp\u00e9ratures de fonctionnement optimales pour les panneaux solaires.<\/p>\n<p>R\u00e9sistance \u00e0 la corrosion : Les mat\u00e9riaux durables garantissent des performances \u00e0 long terme dans diverses conditions m\u00e9t\u00e9orologiques.<\/p>\n<p>&nbsp;<\/p>\n<p>Les <strong><b>Support de pied solaire en L de 125 mm <\/b><\/strong>Les pieds en L peuvent \u00eatre fix\u00e9s \u00e0 l'aide de vis \u00e0 bois et de vis autoperceuses ou de nos boulons de suspension pour s'adapter aux diff\u00e9rentes pannes de toit et aux exigences, et le tampon en caoutchouc EPDM peut emp\u00eacher les fuites d'eau caus\u00e9es par le per\u00e7age. Les pieds en L se montent directement sur le toit m\u00e9tallique et se connectent aux rails qui sont mont\u00e9s sur le c\u00f4t\u00e9, ce qui est simple et facile \u00e0 installer.<\/p>\n<p>&nbsp;<\/p>\n<p>FAQ<\/p>\n<p>Q : Puis-je empiler les pieds en L pour augmenter la hauteur ?<\/p>\n<p>R : Non recommand\u00e9 ; utiliser un support plus haut ou consulter le fabricant.<\/p>\n<p>&nbsp;<\/p>\n<p>Q : Le diam\u00e8tre 125 mm est-il adapt\u00e9 aux toits plats ?<\/p>\n<p>R : Oui, mais il faut veiller \u00e0 ce que l'angle d'inclinaison soit suffisant pour permettre le drainage.<\/p>\n<p>&nbsp;<\/p>\n<p>Q : Combien de pieds L par panneau ?<\/p>\n<p>R : G\u00e9n\u00e9ralement de 4 \u00e0 8, en fonction de la taille du panneau et de l'espacement.<\/p>\n<p>Pour des exigences pr\u00e9cises, communiquez les d\u00e9tails de votre projet (type de toit, emplacement, caract\u00e9ristiques des panneaux) \u00e0 un installateur ou \u00e0 un fournisseur de syst\u00e8mes solaires afin de confirmer la compatibilit\u00e9.<\/p>","protected":false},"excerpt":{"rendered":"<p>125mm de hauteur de ce <strong><b>Pied en L pour support solaire<\/b><\/strong>La conception des trous longs permet d'ajuster la hauteur du rail, ce qui acc\u00e9l\u00e8re l'installation.<\/p>\n<div class=\"wp-block-button popmake-1937\"><a class=\"wp-block-button__link wp-element-button\">v\u00e9rification des prix<\/a><\/div>","protected":false},"featured_media":2477,"template":"","meta":{"_uag_custom_page_level_css":"","site-sidebar-layout":"default","site-content-layout":"","ast-site-content-layout":"default","site-content-style":"default","site-sidebar-style":"default","ast-global-header-display":"","ast-banner-title-visibility":"","ast-main-header-display":"","ast-hfb-above-header-display":"","ast-hfb-below-header-display":"","ast-hfb-mobile-header-display":"","site-post-title":"","ast-breadcrumbs-content":"","ast-featured-img":"","footer-sml-layout":"","ast-disable-related-posts":"","theme-transparent-header-meta":"default","adv-header-id-meta":"","stick-header-meta":"","header-above-stick-meta":"","header-main-stick-meta":"","header-below-stick-meta":"","astra-migrate-meta-layouts":"set","ast-page-background-enabled":"default","ast-page-background-meta":{"desktop":{"background-color":"","background-image":"","background-repeat":"repeat","background-position":"center center","background-size":"auto","background-attachment":"scroll","background-type":"","background-media":"","overlay-type":"","overlay-color":"","overlay-opacity":"","overlay-gradient":""},"tablet":{"background-color":"","background-image":"","background-repeat":"repeat","background-position":"center center","background-size":"auto","background-attachment":"scroll","background-type":"","background-media":"","overlay-type":"","overlay-color":"","overlay-opacity":"","overlay-gradient":""},"mobile":{"background-color":"","background-image":"","background-repeat":"repeat","background-position":"center center","background-size":"auto","background-attachment":"scroll","background-type":"","background-media":"","overlay-type":"","overlay-color":"","overlay-opacity":"","overlay-gradient":""}},"ast-content-background-meta":{"desktop":{"background-color":"var(--ast-global-color-5)","background-image":"","background-repeat":"repeat","background-position":"center center","background-size":"auto","background-attachment":"scroll","background-type":"","background-media":"","overlay-type":"","overlay-color":"","overlay-opacity":"","overlay-gradient":""},"tablet":{"background-color":"var(--ast-global-color-5)","background-image":"","background-repeat":"repeat","background-position":"center center","background-size":"auto","background-attachment":"scroll","background-type":"","background-media":"","overlay-type":"","overlay-color":"","overlay-opacity":"","overlay-gradient":""},"mobile":{"background-color":"var(--ast-global-color-5)","background-image":"","background-repeat":"repeat","background-position":"center center","background-size":"auto","background-attachment":"scroll","background-type":"","background-media":"","overlay-type":"","overlay-color":"","overlay-opacity":"","overlay-gradient":""}}},"product_brand":[],"product_cat":[25,23,33],"product_tag":[123,124,51,54,120,125,53,34,119,117,52,118],"class_list":{"0":"post-2476","1":"product","2":"type-product","3":"status-publish","4":"has-post-thumbnail","6":"product_cat-excellent","7":"product_cat-solar-accessories","8":"product_cat-solar-panel-accessories","9":"product_tag-l-foot-solar-bracket","10":"product_tag-l-foot-solar-mounting","11":"product_tag-metal-roof-solar-mounting","12":"product_tag-rooftop-solar-mounting","13":"product_tag-solar-energy","14":"product_tag-solar-l-foot-system","15":"product_tag-solar-mounting-system","16":"product_tag-solar-panel","17":"product_tag-solar-system","18":"product_tag-tin-roof-solar-mounting","19":"product_tag-trapezoidal-metal-roof-solar-mounting","20":"product_tag-trapezoidal-sheet-solar-mounting","21":"desktop-align-left","22":"tablet-align-left","23":"mobile-align-left","25":"first","26":"instock","27":"shipping-taxable","28":"product-type-simple"},"spectra_custom_meta":{"_uabb_version":["1.36.1"],"_edit_last":["1"],"_edit_lock":["1752375205:1"],"_thumbnail_id":["2477"],"total_sales":["0"],"_tax_status":["taxable"],"_tax_class":[""],"_manage_stock":["no"],"_backorders":["no"],"_sold_individually":["no"],"_virtual":["no"],"_downloadable":["no"],"_download_limit":["-1"],"_download_expiry":["-1"],"_stock":[null],"_stock_status":["instock"],"_wc_average_rating":["0"],"_wc_review_count":["0"],"_product_version":["9.6.2"],"_product_image_gallery":["2481,2478,2479,2480"],"site-sidebar-layout":["default"],"ast-site-content-layout":["default"],"site-content-style":["default"],"site-sidebar-style":["default"],"theme-transparent-header-meta":["default"],"astra-migrate-meta-layouts":["set"],"_uag_page_assets":["a:9:{s:3:\"css\";s:5055:\".wp-block-uagb-faq{width:100%}.wp-block-uagb-faq.uagb-faq-layout-accordion .uagb-faq-child__outer-wrap .uagb-faq-questions-button{cursor:pointer}.wp-block-uagb-faq .uagb-faq-content{margin-bottom:0}.wp-block-uagb-faq .uagb-faq-content p{margin:auto}.uagb-faq-layout-grid.uagb-faq-equal-height.uagb-faq__wrap .uagb-faq-child__outer-wrap,.uagb-faq-layout-grid.uagb-faq-equal-height.uagb-faq__wrap .uagb-faq-item{height:100%}body[class*=\"astra\"] .uagb-faq-questions{line-height:normal}.uagb-faq-item{overflow:hidden}\n.wp-block-uagb-faq-child .uagb-faq-questions-button{display:flex;align-items:center}.wp-block-uagb-faq-child .uagb-faq-questions-button .uagb-faq-icon-wrap{display:flex;align-items:center}.wp-block-uagb-faq-child .uagb-faq-questions-button .uagb-question{width:100%;margin-top:0;margin-bottom:0}.wp-block-uagb-faq-child .uagb-icon svg,.wp-block-uagb-faq-child .uagb-icon-active svg{width:15px;height:15px;font-size:15px}.wp-block-uagb-faq-child.uagb-faq-child__outer-wrap.uagb-faq-item .uagb-icon-active,.wp-block-uagb-faq-child.uagb-faq-child__outer-wrap.uagb-faq-item.uagb-faq-item-active .uagb-icon,.wp-block-uagb-faq-child.uagb-faq-child__outer-wrap .uagb-faq-item .uagb-icon-active,.wp-block-uagb-faq-child.uagb-faq-child__outer-wrap .uagb-faq-item.uagb-faq-item-active .uagb-icon{display:none;width:0;padding:0;height:0;margin:0}.wp-block-uagb-faq-child.uagb-faq-child__outer-wrap.uagb-faq-item .uagb-icon,.wp-block-uagb-faq-child.uagb-faq-child__outer-wrap.uagb-faq-item.uagb-faq-item-active .uagb-icon-active,.wp-block-uagb-faq-child.uagb-faq-child__outer-wrap .uagb-faq-item .uagb-icon,.wp-block-uagb-faq-child.uagb-faq-child__outer-wrap .uagb-faq-item.uagb-faq-item-active .uagb-icon-active{display:flex;width:auto;height:auto}.uagb-faq-layout-grid .uagb-faq-child__outer-wrap.uagb-faq-item .uagb-icon,.uagb-faq-layout-grid .uagb-faq-child__outer-wrap.uagb-faq-item.uagb-faq-item-active .uagb-icon-active,.uagb-faq-layout-grid .uagb-faq-child__outer-wrap .uagb-faq-item .uagb-icon,.uagb-faq-layout-grid .uagb-faq-child__outer-wrap .uagb-faq-item.uagb-faq-item-active .uagb-icon-active{display:none}.uagb-faq-layout-grid .uagb-faq-child__outer-wrap.uagb-faq-item span.uagb-icon-active.uagb-faq-icon-wrap,.uagb-faq-layout-grid .uagb-faq-child__outer-wrap.uagb-faq-item.uagb-faq-item-active .uagb-icon-active,.uagb-faq-layout-grid .uagb-faq-child__outer-wrap .uagb-faq-item span.uagb-icon-active.uagb-faq-icon-wrap,.uagb-faq-layout-grid .uagb-faq-child__outer-wrap .uagb-faq-item.uagb-faq-item-active .uagb-icon-active{display:none}\n.uagb-block-55b5edaf .uagb-icon svg{width: 12px;height: 12px;font-size: 12px;}.uagb-block-55b5edaf .uagb-icon-active svg{width: 12px;height: 12px;font-size: 12px;}.uagb-block-55b5edaf .uagb-faq-child__outer-wrap{margin-bottom: 10px;}.uagb-block-55b5edaf .uagb-faq-item{border-top-width: 1px;border-left-width: 1px;border-right-width: 1px;border-bottom-width: 1px;border-top-left-radius: 2px;border-top-right-radius: 2px;border-bottom-left-radius: 2px;border-bottom-right-radius: 2px;border-color: #1e1e1e;border-style: solid;}.uagb-block-55b5edaf .uagb-faq-questions-button{padding-top: 10px;padding-bottom: 10px;padding-right: 10px;padding-left: 10px;}.uagb-block-55b5edaf .uagb-faq-content{padding-top: 10px;padding-bottom: 10px;padding-right: 10px;padding-left: 10px;}.uagb-block-55b5edaf .uagb-faq-content span{margin-top: 10px;margin-bottom: 10px;margin-right: 10px;margin-left: 10px;}.uagb-block-55b5edaf.uagb-faq-icon-row .uagb-faq-item .uagb-faq-icon-wrap{margin-right: 10px;}.uagb-block-55b5edaf.uagb-faq-icon-row-reverse .uagb-faq-item .uagb-faq-icon-wrap{margin-left: 10px;}.uagb-block-55b5edaf .uagb-faq-item .uagb-faq-questions-button.uagb-faq-questions{flex-direction: row;}.uagb-block-55b5edaf .wp-block-uagb-faq-child.uagb-faq-child__outer-wrap .uagb-faq-content {display: none;}@media only screen and (max-width: 976px) {.uagb-block-55b5edaf.uagb-faq-icon-row .uagb-faq-item .uagb-faq-icon-wrap{margin-right: 10px;}.uagb-block-55b5edaf.uagb-faq-icon-row-reverse .uagb-faq-item .uagb-faq-icon-wrap{margin-left: 10px;}.uagb-block-55b5edaf .uagb-faq-questions-button{padding-top: 10px;padding-bottom: 10px;padding-right: 10px;padding-left: 10px;}.uagb-block-55b5edaf .uagb-faq-content{padding-top: 10px;padding-bottom: 10px;padding-right: 10px;padding-left: 10px;}.uagb-block-55b5edaf .uagb-faq-content span{margin-top: 10px;margin-bottom: 10px;margin-right: 10px;margin-left: 10px;}}@media only screen and (max-width: 767px) {.uagb-block-55b5edaf.uagb-faq-icon-row .uagb-faq-item .uagb-faq-icon-wrap{margin-right: 10px;}.uagb-block-55b5edaf.uagb-faq-icon-row-reverse .uagb-faq-item .uagb-faq-icon-wrap{margin-left: 10px;}.uagb-block-55b5edaf .uagb-faq-questions-button{padding-top: 10px;padding-bottom: 10px;padding-right: 10px;padding-left: 10px;}.uagb-block-55b5edaf .uagb-faq-content{padding-top: 10px;padding-bottom: 10px;padding-right: 10px;padding-left: 10px;}.uagb-block-55b5edaf .uagb-faq-content span{margin-top: 10px;margin-bottom: 10px;margin-right: 10px;margin-left: 10px;}}\";s:2:\"js\";s:0:\"\";s:18:\"current_block_list\";a:10:{i:0;s:11:\"core\/search\";i:1;s:10:\"core\/group\";i:2;s:12:\"core\/heading\";i:3;s:17:\"core\/latest-posts\";i:4;s:20:\"core\/latest-comments\";i:5;s:13:\"core\/archives\";i:6;s:15:\"core\/categories\";i:7;s:14:\"core\/paragraph\";i:8;s:8:\"uagb\/faq\";i:9;s:14:\"uagb\/faq-child\";}s:8:\"uag_flag\";b:1;s:11:\"uag_version\";s:10:\"1775829763\";s:6:\"gfonts\";a:0:{}s:10:\"gfonts_url\";s:0:\"\";s:12:\"gfonts_files\";a:0:{}s:14:\"uag_faq_layout\";b:1;}"],"_uag_css_file_name":["uag-css-2476.css"]},"uagb_featured_image_src":{"full":["https:\/\/senyenergy.com\/wp-content\/uploads\/2025\/05\/125mm-L-foot-bracket-for-solar-metal-roof-mounting.jpg",800,800,false],"thumbnail":["https:\/\/senyenergy.com\/wp-content\/uploads\/2025\/05\/125mm-L-foot-bracket-for-solar-metal-roof-mounting-150x150.jpg",150,150,true],"medium":["https:\/\/senyenergy.com\/wp-content\/uploads\/2025\/05\/125mm-L-foot-bracket-for-solar-metal-roof-mounting-300x300.jpg",300,300,true],"medium_large":["https:\/\/senyenergy.com\/wp-content\/uploads\/2025\/05\/125mm-L-foot-bracket-for-solar-metal-roof-mounting-768x768.jpg",768,768,true],"large":["https:\/\/senyenergy.com\/wp-content\/uploads\/2025\/05\/125mm-L-foot-bracket-for-solar-metal-roof-mounting.jpg",800,800,false],"1536x1536":["https:\/\/senyenergy.com\/wp-content\/uploads\/2025\/05\/125mm-L-foot-bracket-for-solar-metal-roof-mounting.jpg",800,800,false],"2048x2048":["https:\/\/senyenergy.com\/wp-content\/uploads\/2025\/05\/125mm-L-foot-bracket-for-solar-metal-roof-mounting.jpg",800,800,false],"trp-custom-language-flag":["https:\/\/senyenergy.com\/wp-content\/uploads\/2025\/05\/125mm-L-foot-bracket-for-solar-metal-roof-mounting-12x12.jpg",12,12,true],"woocommerce_thumbnail":["https:\/\/senyenergy.com\/wp-content\/uploads\/2025\/05\/125mm-L-foot-bracket-for-solar-metal-roof-mounting-300x300.jpg",300,300,true],"woocommerce_single":["https:\/\/senyenergy.com\/wp-content\/uploads\/2025\/05\/125mm-L-foot-bracket-for-solar-metal-roof-mounting-600x600.jpg",600,600,true],"woocommerce_gallery_thumbnail":["https:\/\/senyenergy.com\/wp-content\/uploads\/2025\/05\/125mm-L-foot-bracket-for-solar-metal-roof-mounting-100x100.jpg",100,100,true]},"uagb_author_info":{"display_name":"wp-admin","author_link":"https:\/\/senyenergy.com\/fr\/author\/"},"uagb_comment_info":0,"uagb_excerpt":"125mm height of this L foot for solar bracket, make more space between solar panel and roofing,conducive to the heat dissipation of solar panels.Ensure the service life of solar panels and the most efficient power generation output.The long hole design is flexible for adjusting the height of \u00a0the rail, make the installation more faster. price\u2026","_links":{"self":[{"href":"https:\/\/senyenergy.com\/fr\/wp-json\/wp\/v2\/product\/2476","targetHints":{"allow":["GET"]}}],"collection":[{"href":"https:\/\/senyenergy.com\/fr\/wp-json\/wp\/v2\/product"}],"about":[{"href":"https:\/\/senyenergy.com\/fr\/wp-json\/wp\/v2\/types\/product"}],"wp:featuredmedia":[{"embeddable":true,"href":"https:\/\/senyenergy.com\/fr\/wp-json\/wp\/v2\/media\/2477"}],"wp:attachment":[{"href":"https:\/\/senyenergy.com\/fr\/wp-json\/wp\/v2\/media?parent=2476"}],"wp:term":[{"taxonomy":"product_brand","embeddable":true,"href":"https:\/\/senyenergy.com\/fr\/wp-json\/wp\/v2\/product_brand?post=2476"},{"taxonomy":"product_cat","embeddable":true,"href":"https:\/\/senyenergy.com\/fr\/wp-json\/wp\/v2\/product_cat?post=2476"},{"taxonomy":"product_tag","embeddable":true,"href":"https:\/\/senyenergy.com\/fr\/wp-json\/wp\/v2\/product_tag?post=2476"}],"curies":[{"name":"wp","href":"https:\/\/api.w.org\/{rel}","templated":true}]}}