{"id":2442,"date":"2025-05-15T15:57:59","date_gmt":"2025-05-15T07:57:59","guid":{"rendered":"https:\/\/senyenergy.com\/?post_type=product&#038;p=2442"},"modified":"2025-05-15T15:57:59","modified_gmt":"2025-05-15T07:57:59","slug":"montage-solaire-sur-toiture-plate-tpo-etanche-et-flexible","status":"publish","type":"product","link":"https:\/\/senyenergy.com\/fr\/produit\/montage-solaire-sur-toiture-plate-tpo-etanche-et-flexible\/","title":{"rendered":"Montage solaire sur toiture plate en TPO \u00e9tanche et flexible"},"content":{"rendered":"<p>Les toits plats en TPO (ol\u00e9fine thermoplastique) sont couramment utilis\u00e9s pour les toits commerciaux et industriels et peuvent \u00eatre utilis\u00e9s efficacement pour les installations de panneaux solaires.<\/p>\n<p>Nous avons mis au point une nouvelle structure de montage photovolta\u00efque en acier inoxydable et en aluminium, qui s'adapte parfaitement aux supports de fixation TPO et aux toits m\u00e9talliques trap\u00e9zo\u00efdaux. L'appareil comprend un rail, des kits de fixation, un kit de support, le support de fixation pour toiture TPO et une plaque de couverture TPO.<\/p>\n<p>Notre <strong><b>Toit plat en TPO Montage solaire<\/b><\/strong>\u00a0La toiture \u00e9tanche flexible est principalement con\u00e7ue pour les toits en tuiles d'acier de couleur, et r\u00e9pond \u00e0 des probl\u00e8mes cl\u00e9s tels que l'\u00e9tanch\u00e9it\u00e9 et le vieillissement. Il ajoute une couche d'isolation et une couche de mat\u00e9riau TPO\/PVC \u00e0 longue dur\u00e9e de vie au-dessus de la couche structurelle. La structure principale du syst\u00e8me de support solaire pour toiture \u00e9tanche TPO (base TPO) est faite d'acier inoxydable et d'alliage d'aluminium. Sa conception \u00e9tanche professionnelle garantit que les propri\u00e9taires n'ont pas \u00e0 s'inqui\u00e9ter des fuites du toit, r\u00e9pondant ainsi efficacement au double besoin de l'installation de la centrale solaire et de la protection du toit.<\/p>\n<p>&nbsp;<\/p>\n<p>Caract\u00e9ristiques de la <strong><b>Toit plat en TPO Montage solaire<\/b><\/strong>\u00a0:<\/p>\n<p>Syst\u00e8mes de montage non p\u00e9n\u00e9trants : Con\u00e7us pour fixer les panneaux solaires sans p\u00e9n\u00e9trer la membrane, ils r\u00e9duisent le risque de fuites. Excellentes performances d'\u00e9tanch\u00e9it\u00e9<\/p>\n<p>Rayonnage r\u00e9glable : De nombreux syst\u00e8mes offrent des angles r\u00e9glables afin d'optimiser l'orientation des panneaux solaires pour une exposition maximale \u00e0 la lumi\u00e8re du soleil.<\/p>\n<p>Mat\u00e9riaux r\u00e9sistants \u00e0 la corrosion : Construit en aluminium et en acier inoxydable pour r\u00e9sister aux conditions m\u00e9t\u00e9orologiques.<\/p>\n<p>Int\u00e9grit\u00e9 de la toiture : Minimise le risque d'endommager la membrane du toit, pr\u00e9servant ainsi la garantie et l'int\u00e9grit\u00e9 de la toiture.<\/p>\n<p>Facilit\u00e9 d'installation : Les syst\u00e8mes non p\u00e9n\u00e9trants peuvent \u00eatre install\u00e9s rapidement, ce qui n\u00e9cessite souvent moins de temps et de main-d'\u0153uvre.<\/p>\n<p>Flexibilit\u00e9 : Le rayonnage r\u00e9glable permet de positionner les panneaux de mani\u00e8re optimale, ce qui am\u00e9liore la production d'\u00e9nergie.<\/p>\n<p>&nbsp;<\/p>\n<p>\u00c9tapes d'installation de <strong><b>Toit plat en TPO Montage solaire <\/b><\/strong>:<\/p>\n<p>1. positionnement et forage.<\/p>\n<p>2. nettoyage des trous et lavage de la surface.<\/p>\n<p>3. installation des supports.<\/p>\n<p>4. le soudage \u00e0 l'air chaud.<\/p>\n<p>5. installation des rails.<\/p>\n<p>La membrane d'\u00e9tanch\u00e9it\u00e9 TPO, ou membrane d'\u00e9tanch\u00e9it\u00e9 en polyol\u00e9fine thermoplastique, est un nouveau type de mat\u00e9riau d'\u00e9tanch\u00e9it\u00e9. Elle est fabriqu\u00e9e \u00e0 partir de r\u00e9sine synth\u00e9tique de polyol\u00e9fine thermoplastique (TPO), qui combine le caoutchouc \u00e9thyl\u00e8ne-propyl\u00e8ne et le polypropyl\u00e8ne gr\u00e2ce \u00e0 une technologie de polym\u00e9risation avanc\u00e9e. Des antioxydants, des agents antivieillissement et des adoucisseurs sont ajout\u00e9s pour am\u00e9liorer ses propri\u00e9t\u00e9s. En outre, le tissu en fibres de polyester peut \u00eatre utilis\u00e9 comme mat\u00e9riau de renforcement interne pour cr\u00e9er une membrane imperm\u00e9able am\u00e9lior\u00e9e. Ce produit appartient \u00e0 la cat\u00e9gorie des membranes d'\u00e9tanch\u00e9it\u00e9 en polym\u00e8re synth\u00e9tique.<\/p>\n<p>&nbsp;<\/p>\n<p><strong><b>Toit plat en TPO Montage solaire<\/b><\/strong>\u00a0Les principales caract\u00e9ristiques de la solution imperm\u00e9able sont les suivantes : forte adaptabilit\u00e9 \u00e0 l'environnement, r\u00e9sistance \u00e9lev\u00e9e au d\u00e9collement des coutures, excellente r\u00e9sistance au vieillissement, r\u00e9sistance \u00e0 la corrosion chimique, bonne plasticit\u00e9, pas besoin de couche protectrice en cas d'exposition, construction pratique et non polluante, et r\u00e9sistance exceptionnelle \u00e0 la perforation.<\/p>","protected":false},"excerpt":{"rendered":"<p>Notre <strong><b>Toit plat en TPO Montage solaire<\/b><\/strong> La toiture \u00e9tanche flexible est principalement con\u00e7ue pour les toits en tuiles d'acier de couleur, et r\u00e9pond \u00e0 des probl\u00e8mes cl\u00e9s tels que l'\u00e9tanch\u00e9it\u00e9 et le vieillissement. Il ajoute une couche d'isolation et une couche de mat\u00e9riau TPO\/PVC \u00e0 longue dur\u00e9e de vie au-dessus de la couche structurelle. La structure principale du syst\u00e8me de support solaire pour toiture \u00e9tanche TPO (base TPO) est faite d'acier inoxydable et d'alliage d'aluminium. Sa conception \u00e9tanche professionnelle garantit que les propri\u00e9taires n'ont pas \u00e0 s'inqui\u00e9ter des fuites du toit, r\u00e9pondant ainsi efficacement au double besoin de l'installation de la centrale solaire et de la protection du toit.<\/p>\n<div class=\"wp-block-button popmake-1937\"><a class=\"wp-block-button__link wp-element-button\">v\u00e9rification des prix<\/a><\/div>","protected":false},"featured_media":2448,"template":"","meta":{"_uag_custom_page_level_css":"","site-sidebar-layout":"default","site-content-layout":"","ast-site-content-layout":"default","site-content-style":"default","site-sidebar-style":"default","ast-global-header-display":"","ast-banner-title-visibility":"","ast-main-header-display":"","ast-hfb-above-header-display":"","ast-hfb-below-header-display":"","ast-hfb-mobile-header-display":"","site-post-title":"","ast-breadcrumbs-content":"","ast-featured-img":"","footer-sml-layout":"","ast-disable-related-posts":"","theme-transparent-header-meta":"default","adv-header-id-meta":"","stick-header-meta":"","header-above-stick-meta":"","header-main-stick-meta":"","header-below-stick-meta":"","astra-migrate-meta-layouts":"set","ast-page-background-enabled":"default","ast-page-background-meta":{"desktop":{"background-color":"","background-image":"","background-repeat":"repeat","background-position":"center center","background-size":"auto","background-attachment":"scroll","background-type":"","background-media":"","overlay-type":"","overlay-color":"","overlay-opacity":"","overlay-gradient":""},"tablet":{"background-color":"","background-image":"","background-repeat":"repeat","background-position":"center center","background-size":"auto","background-attachment":"scroll","background-type":"","background-media":"","overlay-type":"","overlay-color":"","overlay-opacity":"","overlay-gradient":""},"mobile":{"background-color":"","background-image":"","background-repeat":"repeat","background-position":"center center","background-size":"auto","background-attachment":"scroll","background-type":"","background-media":"","overlay-type":"","overlay-color":"","overlay-opacity":"","overlay-gradient":""}},"ast-content-background-meta":{"desktop":{"background-color":"var(--ast-global-color-5)","background-image":"","background-repeat":"repeat","background-position":"center center","background-size":"auto","background-attachment":"scroll","background-type":"","background-media":"","overlay-type":"","overlay-color":"","overlay-opacity":"","overlay-gradient":""},"tablet":{"background-color":"var(--ast-global-color-5)","background-image":"","background-repeat":"repeat","background-position":"center center","background-size":"auto","background-attachment":"scroll","background-type":"","background-media":"","overlay-type":"","overlay-color":"","overlay-opacity":"","overlay-gradient":""},"mobile":{"background-color":"var(--ast-global-color-5)","background-image":"","background-repeat":"repeat","background-position":"center center","background-size":"auto","background-attachment":"scroll","background-type":"","background-media":"","overlay-type":"","overlay-color":"","overlay-opacity":"","overlay-gradient":""}}},"product_brand":[],"product_cat":[25,61,24],"product_tag":[54,46,53,34,101,98,100,99],"class_list":{"0":"post-2442","1":"product","2":"type-product","3":"status-publish","4":"has-post-thumbnail","6":"product_cat-excellent","7":"product_cat-solar-metal-roof-mounting-system","8":"product_cat-solar-mounting-system","9":"product_tag-rooftop-solar-mounting","10":"product_tag-solar-adjustable-mounting","11":"product_tag-solar-mounting-system","12":"product_tag-solar-panel","13":"product_tag-thermoplastic-polyolefin-tpo-waterproof-membrane","14":"product_tag-tpo-roof-solar-mounting","15":"product_tag-tpo-solar-solution","16":"product_tag-tpo-solar-system","17":"desktop-align-left","18":"tablet-align-left","19":"mobile-align-left","21":"first","22":"instock","23":"shipping-taxable","24":"product-type-simple"},"spectra_custom_meta":{"_uabb_version":["1.36.1"],"_edit_last":["1"],"_edit_lock":["1747295803:1"],"_thumbnail_id":["2448"],"total_sales":["0"],"_tax_status":["taxable"],"_tax_class":[""],"_manage_stock":["no"],"_backorders":["no"],"_sold_individually":["no"],"_virtual":["no"],"_downloadable":["no"],"_download_limit":["-1"],"_download_expiry":["-1"],"_stock":[null],"_stock_status":["instock"],"_wc_average_rating":["0"],"_wc_review_count":["0"],"_product_version":["9.6.2"],"_product_image_gallery":["2444,2445,2446,2443,2447"],"site-sidebar-layout":["default"],"ast-site-content-layout":["default"],"site-content-style":["default"],"site-sidebar-style":["default"],"theme-transparent-header-meta":["default"],"astra-migrate-meta-layouts":["set"],"_uag_page_assets":["a:9:{s:3:\"css\";s:5318:\".uag-blocks-common-selector{z-index:var(--z-index-desktop) !important}@media (max-width: 976px){.uag-blocks-common-selector{z-index:var(--z-index-tablet) !important}}@media (max-width: 767px){.uag-blocks-common-selector{z-index:var(--z-index-mobile) !important}}\n.wp-block-uagb-faq{width:100%}.wp-block-uagb-faq.uagb-faq-layout-accordion .uagb-faq-child__outer-wrap .uagb-faq-questions-button{cursor:pointer}.wp-block-uagb-faq .uagb-faq-content{margin-bottom:0}.wp-block-uagb-faq .uagb-faq-content p{margin:auto}.uagb-faq-layout-grid.uagb-faq-equal-height.uagb-faq__wrap .uagb-faq-child__outer-wrap,.uagb-faq-layout-grid.uagb-faq-equal-height.uagb-faq__wrap .uagb-faq-item{height:100%}body[class*=\"astra\"] .uagb-faq-questions{line-height:normal}.uagb-faq-item{overflow:hidden}\n.wp-block-uagb-faq-child .uagb-faq-questions-button{display:flex;align-items:center}.wp-block-uagb-faq-child .uagb-faq-questions-button .uagb-faq-icon-wrap{display:flex;align-items:center}.wp-block-uagb-faq-child .uagb-faq-questions-button .uagb-question{width:100%;margin-top:0;margin-bottom:0}.wp-block-uagb-faq-child .uagb-icon svg,.wp-block-uagb-faq-child .uagb-icon-active svg{width:15px;height:15px;font-size:15px}.wp-block-uagb-faq-child.uagb-faq-child__outer-wrap.uagb-faq-item .uagb-icon-active,.wp-block-uagb-faq-child.uagb-faq-child__outer-wrap.uagb-faq-item.uagb-faq-item-active .uagb-icon,.wp-block-uagb-faq-child.uagb-faq-child__outer-wrap .uagb-faq-item .uagb-icon-active,.wp-block-uagb-faq-child.uagb-faq-child__outer-wrap .uagb-faq-item.uagb-faq-item-active .uagb-icon{display:none;width:0;padding:0;height:0;margin:0}.wp-block-uagb-faq-child.uagb-faq-child__outer-wrap.uagb-faq-item .uagb-icon,.wp-block-uagb-faq-child.uagb-faq-child__outer-wrap.uagb-faq-item.uagb-faq-item-active .uagb-icon-active,.wp-block-uagb-faq-child.uagb-faq-child__outer-wrap .uagb-faq-item .uagb-icon,.wp-block-uagb-faq-child.uagb-faq-child__outer-wrap .uagb-faq-item.uagb-faq-item-active .uagb-icon-active{display:flex;width:auto;height:auto}.uagb-faq-layout-grid .uagb-faq-child__outer-wrap.uagb-faq-item .uagb-icon,.uagb-faq-layout-grid .uagb-faq-child__outer-wrap.uagb-faq-item.uagb-faq-item-active .uagb-icon-active,.uagb-faq-layout-grid .uagb-faq-child__outer-wrap .uagb-faq-item .uagb-icon,.uagb-faq-layout-grid .uagb-faq-child__outer-wrap .uagb-faq-item.uagb-faq-item-active .uagb-icon-active{display:none}.uagb-faq-layout-grid .uagb-faq-child__outer-wrap.uagb-faq-item span.uagb-icon-active.uagb-faq-icon-wrap,.uagb-faq-layout-grid .uagb-faq-child__outer-wrap.uagb-faq-item.uagb-faq-item-active .uagb-icon-active,.uagb-faq-layout-grid .uagb-faq-child__outer-wrap .uagb-faq-item span.uagb-icon-active.uagb-faq-icon-wrap,.uagb-faq-layout-grid .uagb-faq-child__outer-wrap .uagb-faq-item.uagb-faq-item-active .uagb-icon-active{display:none}\n.uagb-block-55b5edaf .uagb-icon svg{width: 12px;height: 12px;font-size: 12px;}.uagb-block-55b5edaf .uagb-icon-active svg{width: 12px;height: 12px;font-size: 12px;}.uagb-block-55b5edaf .uagb-faq-child__outer-wrap{margin-bottom: 10px;}.uagb-block-55b5edaf .uagb-faq-item{border-top-width: 1px;border-left-width: 1px;border-right-width: 1px;border-bottom-width: 1px;border-top-left-radius: 2px;border-top-right-radius: 2px;border-bottom-left-radius: 2px;border-bottom-right-radius: 2px;border-color: #1e1e1e;border-style: solid;}.uagb-block-55b5edaf .uagb-faq-questions-button{padding-top: 10px;padding-bottom: 10px;padding-right: 10px;padding-left: 10px;}.uagb-block-55b5edaf .uagb-faq-content{padding-top: 10px;padding-bottom: 10px;padding-right: 10px;padding-left: 10px;}.uagb-block-55b5edaf .uagb-faq-content span{margin-top: 10px;margin-bottom: 10px;margin-right: 10px;margin-left: 10px;}.uagb-block-55b5edaf.uagb-faq-icon-row .uagb-faq-item .uagb-faq-icon-wrap{margin-right: 10px;}.uagb-block-55b5edaf.uagb-faq-icon-row-reverse .uagb-faq-item .uagb-faq-icon-wrap{margin-left: 10px;}.uagb-block-55b5edaf .uagb-faq-item .uagb-faq-questions-button.uagb-faq-questions{flex-direction: row;}.uagb-block-55b5edaf .wp-block-uagb-faq-child.uagb-faq-child__outer-wrap .uagb-faq-content {display: none;}@media only screen and (max-width: 976px) {.uagb-block-55b5edaf.uagb-faq-icon-row .uagb-faq-item .uagb-faq-icon-wrap{margin-right: 10px;}.uagb-block-55b5edaf.uagb-faq-icon-row-reverse .uagb-faq-item .uagb-faq-icon-wrap{margin-left: 10px;}.uagb-block-55b5edaf .uagb-faq-questions-button{padding-top: 10px;padding-bottom: 10px;padding-right: 10px;padding-left: 10px;}.uagb-block-55b5edaf .uagb-faq-content{padding-top: 10px;padding-bottom: 10px;padding-right: 10px;padding-left: 10px;}.uagb-block-55b5edaf .uagb-faq-content span{margin-top: 10px;margin-bottom: 10px;margin-right: 10px;margin-left: 10px;}}@media only screen and (max-width: 767px) {.uagb-block-55b5edaf.uagb-faq-icon-row .uagb-faq-item .uagb-faq-icon-wrap{margin-right: 10px;}.uagb-block-55b5edaf.uagb-faq-icon-row-reverse .uagb-faq-item .uagb-faq-icon-wrap{margin-left: 10px;}.uagb-block-55b5edaf .uagb-faq-questions-button{padding-top: 10px;padding-bottom: 10px;padding-right: 10px;padding-left: 10px;}.uagb-block-55b5edaf .uagb-faq-content{padding-top: 10px;padding-bottom: 10px;padding-right: 10px;padding-left: 10px;}.uagb-block-55b5edaf .uagb-faq-content span{margin-top: 10px;margin-bottom: 10px;margin-right: 10px;margin-left: 10px;}}\";s:2:\"js\";s:0:\"\";s:18:\"current_block_list\";a:10:{i:0;s:11:\"core\/search\";i:1;s:10:\"core\/group\";i:2;s:12:\"core\/heading\";i:3;s:17:\"core\/latest-posts\";i:4;s:20:\"core\/latest-comments\";i:5;s:13:\"core\/archives\";i:6;s:15:\"core\/categories\";i:7;s:14:\"core\/paragraph\";i:8;s:8:\"uagb\/faq\";i:9;s:14:\"uagb\/faq-child\";}s:8:\"uag_flag\";b:1;s:11:\"uag_version\";s:10:\"1775829763\";s:6:\"gfonts\";a:0:{}s:10:\"gfonts_url\";s:0:\"\";s:12:\"gfonts_files\";a:0:{}s:14:\"uag_faq_layout\";b:1;}"],"_uag_css_file_name":["uag-css-2442.css"]},"uagb_featured_image_src":{"full":["https:\/\/senyenergy.com\/wp-content\/uploads\/2025\/05\/TPO-solar-mounting-structures.jpg",800,800,false],"thumbnail":["https:\/\/senyenergy.com\/wp-content\/uploads\/2025\/05\/TPO-solar-mounting-structures-150x150.jpg",150,150,true],"medium":["https:\/\/senyenergy.com\/wp-content\/uploads\/2025\/05\/TPO-solar-mounting-structures-300x300.jpg",300,300,true],"medium_large":["https:\/\/senyenergy.com\/wp-content\/uploads\/2025\/05\/TPO-solar-mounting-structures-768x768.jpg",768,768,true],"large":["https:\/\/senyenergy.com\/wp-content\/uploads\/2025\/05\/TPO-solar-mounting-structures.jpg",800,800,false],"1536x1536":["https:\/\/senyenergy.com\/wp-content\/uploads\/2025\/05\/TPO-solar-mounting-structures.jpg",800,800,false],"2048x2048":["https:\/\/senyenergy.com\/wp-content\/uploads\/2025\/05\/TPO-solar-mounting-structures.jpg",800,800,false],"trp-custom-language-flag":["https:\/\/senyenergy.com\/wp-content\/uploads\/2025\/05\/TPO-solar-mounting-structures-12x12.jpg",12,12,true],"woocommerce_thumbnail":["https:\/\/senyenergy.com\/wp-content\/uploads\/2025\/05\/TPO-solar-mounting-structures-300x300.jpg",300,300,true],"woocommerce_single":["https:\/\/senyenergy.com\/wp-content\/uploads\/2025\/05\/TPO-solar-mounting-structures-600x600.jpg",600,600,true],"woocommerce_gallery_thumbnail":["https:\/\/senyenergy.com\/wp-content\/uploads\/2025\/05\/TPO-solar-mounting-structures-100x100.jpg",100,100,true]},"uagb_author_info":{"display_name":"wp-admin","author_link":"https:\/\/senyenergy.com\/fr\/author\/"},"uagb_comment_info":0,"uagb_excerpt":"Our Flat TPO Roof Solar Mounting flexible waterproof roof is primarily designed for color steel tile roofs, addressing key issues such as waterproofing and aging. It adds an insulation layer and a long-life TPO\/PVC material layer on top of the structural layer. The main structure of the TPO waterproof roof solar bracket system (TPO base)\u2026","_links":{"self":[{"href":"https:\/\/senyenergy.com\/fr\/wp-json\/wp\/v2\/product\/2442","targetHints":{"allow":["GET"]}}],"collection":[{"href":"https:\/\/senyenergy.com\/fr\/wp-json\/wp\/v2\/product"}],"about":[{"href":"https:\/\/senyenergy.com\/fr\/wp-json\/wp\/v2\/types\/product"}],"wp:featuredmedia":[{"embeddable":true,"href":"https:\/\/senyenergy.com\/fr\/wp-json\/wp\/v2\/media\/2448"}],"wp:attachment":[{"href":"https:\/\/senyenergy.com\/fr\/wp-json\/wp\/v2\/media?parent=2442"}],"wp:term":[{"taxonomy":"product_brand","embeddable":true,"href":"https:\/\/senyenergy.com\/fr\/wp-json\/wp\/v2\/product_brand?post=2442"},{"taxonomy":"product_cat","embeddable":true,"href":"https:\/\/senyenergy.com\/fr\/wp-json\/wp\/v2\/product_cat?post=2442"},{"taxonomy":"product_tag","embeddable":true,"href":"https:\/\/senyenergy.com\/fr\/wp-json\/wp\/v2\/product_tag?post=2442"}],"curies":[{"name":"wp","href":"https:\/\/api.w.org\/{rel}","templated":true}]}}