{"id":2429,"date":"2025-05-13T15:49:59","date_gmt":"2025-05-13T07:49:59","guid":{"rendered":"https:\/\/senyenergy.com\/?post_type=product&#038;p=2429"},"modified":"2025-06-30T15:27:39","modified_gmt":"2025-06-30T07:27:39","slug":"cavalier-de-mise-a-la-terre-solaire-en-cuivre-pour-systeme-de-mise-a-la-terre-solaire","status":"publish","type":"product","link":"https:\/\/senyenergy.com\/fr\/produit\/cavalier-de-mise-a-la-terre-solaire-en-cuivre-pour-systeme-de-mise-a-la-terre-solaire\/","title":{"rendered":"Cavalier de mise \u00e0 la terre solaire en cuivre pour syst\u00e8me de mise \u00e0 la terre solaire"},"content":{"rendered":"<p>Les <strong><b>Cuivre<\/b><\/strong> <strong><b>Jumpe de mise \u00e0 la terre solaire<\/b><\/strong><strong><b>r<\/b><\/strong> est utilis\u00e9 pour cr\u00e9er une connexion \u00e9lectrique entre deux pi\u00e8ces d'aluminium anodis\u00e9, d'acier galvanis\u00e9 ou de tout autre m\u00e9tal conducteur d'\u00e9lectricit\u00e9 qui a \u00e9t\u00e9 \u00e9piss\u00e9 m\u00e9caniquement. Il permet \u00e9galement de relier les rails de montage et d'assurer la mise \u00e0 la terre des modules photovolta\u00efques. En outre, une mise \u00e0 la terre et une liaison appropri\u00e9es sont essentielles pour la s\u00e9curit\u00e9, la pr\u00e9vention des chocs \u00e9lectriques et la protection de l'\u00e9quipement solaire contre la foudre et les surtensions.  Le cavalier de liaison est compos\u00e9 d'un fil de cuivre tress\u00e9 \u00e9tam\u00e9, et le WEEB est connect\u00e9 aux deux extr\u00e9mit\u00e9s du cavalier. Le WEEB assure des connexions \u00e9lectriques fiables et \u00e9tanches, tandis que les fils de cuivre tress\u00e9s permettent la dilatation thermique.<\/p>\n<p>L'ensemble forme une connexion \u00e9lectrique flexible entre les rails reli\u00e9s par l'\u00e9trier. Il faut en utiliser un \u00e0 chaque jonction. En collant le module photovolta\u00efque sur le cavalier de liaison, il n'est plus n\u00e9cessaire de c\u00e2bler les modules s\u00e9par\u00e9ment : il suffit de mettre \u00e0 la terre la structure de l'installation. C'est un conducteur fiable pour assurer la conductivit\u00e9 requise entre les rails qui n\u00e9cessitent une connexion \u00e9lectrique. Un syst\u00e8me d'installation de mise \u00e0 la terre de haute qualit\u00e9 joue un r\u00f4le important dans le fonctionnement normal des \u00e9quipements \u00e9lectroniques solaires sensibles.<\/p>\n<p>Les<strong><b> Cavalier de mise \u00e0 la terre solaire <\/b><\/strong>pour le syst\u00e8me de montage solaire est con\u00e7u pour \u00eatre facile \u00e0 installer et avoir une excellente durabilit\u00e9. Les mat\u00e9riaux de la meilleure qualit\u00e9 sont utilis\u00e9s dans le processus de fabrication pour garantir les meilleures performances dans les conditions environnementales les plus extr\u00eames.<\/p>\n<p>Caract\u00e9ristique de cette <strong>Cavalier de mise \u00e0 la terre solaire<\/strong><\/p>\n<ol>\n<li>Syst\u00e8me de connexion hautement pr\u00e9-assembl\u00e9 ;<\/li>\n<li>Conception fixe, assemblage rapide ;<\/li>\n<li>Il pr\u00e9sente une r\u00e9sistance \u00e0 la corrosion extr\u00eamement \u00e9lev\u00e9e ;<\/li>\n<li>Fabriqu\u00e9 en cuivre tr\u00e8s r\u00e9sistant ;<\/li>\n<li>Assemblage complet du cavalier ;<\/li>\n<\/ol>\n<p>Applications de cette <strong>Cavalier de mise \u00e0 la terre solaire<\/strong><\/p>\n<ul>\n<li>Syst\u00e8mes solaires r\u00e9sidentiels : Utilis\u00e9 dans les installations solaires domestiques pour mettre \u00e0 la terre les composants du syst\u00e8me de mani\u00e8re efficace.<\/li>\n<li>Installations commerciales : Essentiel pour les grands projets solaires afin de garantir la s\u00e9curit\u00e9 et le respect des r\u00e9glementations.<\/li>\n<li>Fermes solaires \u00e0 l'\u00e9chelle de l'entreprise : Essentiel pour la mise \u00e0 la terre des grands panneaux et onduleurs dans les syst\u00e8mes d'\u00e9nergie solaire \u00e0 l'\u00e9chelle de l'entreprise.<\/li>\n<\/ul>\n<p>Le cavalier de mise \u00e0 la terre du kit de mise \u00e0 la terre solaire est utilis\u00e9 pour relier les modules solaires aux supports en aluminium et aux rails de montage. Ensuite, il faut mettre \u00e0 la terre le module solaire et le syst\u00e8me de support, puis mettre \u00e0 la terre et interconnecter l'ensemble en un seul syst\u00e8me de mise \u00e0 la terre. L'utilisation d'un cavalier de liaison \u00e9limine la n\u00e9cessit\u00e9 d'utiliser des cosses encastr\u00e9es et\/ou des vis autotaraudeuses sur chaque module. L'utilisation de ce composant \u00e9limine \u00e9galement la n\u00e9cessit\u00e9 d'un c\u00e2blage continu pour chaque module.<\/p>\n<p>Les <strong>Cavalier de mise \u00e0 la terre solaire<\/strong>\u00a0La mise \u00e0 la terre des modules photovolta\u00efques offre une solution innovante et rentable. La gamme de produits solaires peut r\u00e9duire l'\u00e9quilibre de l'installation du co\u00fbt du syst\u00e8me en simplifiant l'installation. Nos produits sont parfaitement durables et compatibles. Fixez le cavalier \u00e0 la fente de montage sup\u00e9rieure du rail et serrez-le \u00e0 l'aide d'\u00e9crous \u00e0 bride. La pointe de la rondelle mise \u00e0 la terre et le boulon en T mis \u00e0 la terre p\u00e9n\u00e8trent dans la couche anodis\u00e9e du rail de guidage et forment un chemin de mise \u00e0 la terre menant au rail de guidage et \u00e0 travers le cavalier de connexion.<\/p>\n<p>Les cavaliers de liaison SY en cuivre \u00e9tam\u00e9, r\u00e9sistants \u00e0 la corrosion, sont des solutions de haute qualit\u00e9 pour cr\u00e9er une liaison \u00e9lectrique entre deux pi\u00e8ces de m\u00e9tal galvanis\u00e9 ou d'autres m\u00e9taux conducteurs non rev\u00eatus. Les longueurs standard vont de 150 mm \u00e0 300 mm, avec ou sans mat\u00e9riel d'installation, assembl\u00e9s ou non assembl\u00e9s. Des longueurs personnalis\u00e9es sont \u00e9galement disponibles sur demande.<\/p>\n<p>Pour les accessoires du syst\u00e8me de mise \u00e0 la terre solaire tels que : plaque de mise \u00e0 la terre, cosse de mise \u00e0 la terre... Nous vous invitons \u00e0 nous contacter.  Nous sommes un fabricant professionnel de supports et de pi\u00e8ces solaires.  Nos ing\u00e9nieurs professionnels et notre \u00e9quipe de vente fournissent le meilleur service pour votre installation solaire.<\/p>","protected":false},"excerpt":{"rendered":"<p>Les cavaliers de liaison SY en cuivre \u00e9tam\u00e9, r\u00e9sistants \u00e0 la corrosion, sont des solutions de haute qualit\u00e9 pour cr\u00e9er une liaison \u00e9lectrique entre deux pi\u00e8ces de m\u00e9tal galvanis\u00e9 ou d'autres m\u00e9taux conducteurs non rev\u00eatus. Les longueurs standard vont de 150 mm \u00e0 300 mm, avec ou sans mat\u00e9riel d'installation, assembl\u00e9s ou non assembl\u00e9s. Des longueurs personnalis\u00e9es sont \u00e9galement disponibles sur demande.<\/p>\n<div class=\"wp-block-button popmake-1937\"><a class=\"wp-block-button__link wp-element-button\">v\u00e9rification des prix<\/a><\/div>","protected":false},"featured_media":2430,"template":"","meta":{"_uag_custom_page_level_css":"","site-sidebar-layout":"default","site-content-layout":"","ast-site-content-layout":"default","site-content-style":"default","site-sidebar-style":"default","ast-global-header-display":"","ast-banner-title-visibility":"","ast-main-header-display":"","ast-hfb-above-header-display":"","ast-hfb-below-header-display":"","ast-hfb-mobile-header-display":"","site-post-title":"","ast-breadcrumbs-content":"","ast-featured-img":"","footer-sml-layout":"","ast-disable-related-posts":"","theme-transparent-header-meta":"default","adv-header-id-meta":"","stick-header-meta":"","header-above-stick-meta":"","header-main-stick-meta":"","header-below-stick-meta":"","astra-migrate-meta-layouts":"set","ast-page-background-enabled":"default","ast-page-background-meta":{"desktop":{"background-color":"","background-image":"","background-repeat":"repeat","background-position":"center center","background-size":"auto","background-attachment":"scroll","background-type":"","background-media":"","overlay-type":"","overlay-color":"","overlay-opacity":"","overlay-gradient":""},"tablet":{"background-color":"","background-image":"","background-repeat":"repeat","background-position":"center center","background-size":"auto","background-attachment":"scroll","background-type":"","background-media":"","overlay-type":"","overlay-color":"","overlay-opacity":"","overlay-gradient":""},"mobile":{"background-color":"","background-image":"","background-repeat":"repeat","background-position":"center center","background-size":"auto","background-attachment":"scroll","background-type":"","background-media":"","overlay-type":"","overlay-color":"","overlay-opacity":"","overlay-gradient":""}},"ast-content-background-meta":{"desktop":{"background-color":"var(--ast-global-color-5)","background-image":"","background-repeat":"repeat","background-position":"center center","background-size":"auto","background-attachment":"scroll","background-type":"","background-media":"","overlay-type":"","overlay-color":"","overlay-opacity":"","overlay-gradient":""},"tablet":{"background-color":"var(--ast-global-color-5)","background-image":"","background-repeat":"repeat","background-position":"center center","background-size":"auto","background-attachment":"scroll","background-type":"","background-media":"","overlay-type":"","overlay-color":"","overlay-opacity":"","overlay-gradient":""},"mobile":{"background-color":"var(--ast-global-color-5)","background-image":"","background-repeat":"repeat","background-position":"center center","background-size":"auto","background-attachment":"scroll","background-type":"","background-media":"","overlay-type":"","overlay-color":"","overlay-opacity":"","overlay-gradient":""}}},"product_brand":[],"product_cat":[25,23,33],"product_tag":[85,88,86,89,87],"class_list":{"0":"post-2429","1":"product","2":"type-product","3":"status-publish","4":"has-post-thumbnail","6":"product_cat-excellent","7":"product_cat-solar-accessories","8":"product_cat-solar-panel-accessories","9":"product_tag-copper-bonding-jumper","10":"product_tag-solar-bonding-jumper","11":"product_tag-solar-grounding-bonding-jumper","12":"product_tag-solar-grounding-system","13":"product_tag-solar-panel-grounding-copper-bonding-jumper","14":"desktop-align-left","15":"tablet-align-left","16":"mobile-align-left","18":"first","19":"instock","20":"shipping-taxable","21":"product-type-simple"},"spectra_custom_meta":{"_uabb_version":["1.36.1"],"_edit_last":["1"],"_edit_lock":["1751268393:1"],"_thumbnail_id":["2430"],"total_sales":["0"],"_tax_status":["taxable"],"_tax_class":[""],"_manage_stock":["no"],"_backorders":["no"],"_sold_individually":["no"],"_virtual":["no"],"_downloadable":["no"],"_download_limit":["-1"],"_download_expiry":["-1"],"_stock":[null],"_stock_status":["instock"],"_wc_average_rating":["0"],"_wc_review_count":["0"],"_product_version":["9.6.2"],"_product_image_gallery":["2431,2432,2434,2433"],"site-sidebar-layout":["default"],"ast-site-content-layout":["default"],"site-content-style":["default"],"site-sidebar-style":["default"],"theme-transparent-header-meta":["default"],"astra-migrate-meta-layouts":["set"],"_uag_page_assets":["a:9:{s:3:\"css\";s:5318:\".uag-blocks-common-selector{z-index:var(--z-index-desktop) !important}@media (max-width: 976px){.uag-blocks-common-selector{z-index:var(--z-index-tablet) !important}}@media (max-width: 767px){.uag-blocks-common-selector{z-index:var(--z-index-mobile) !important}}\n.wp-block-uagb-faq{width:100%}.wp-block-uagb-faq.uagb-faq-layout-accordion .uagb-faq-child__outer-wrap .uagb-faq-questions-button{cursor:pointer}.wp-block-uagb-faq .uagb-faq-content{margin-bottom:0}.wp-block-uagb-faq .uagb-faq-content p{margin:auto}.uagb-faq-layout-grid.uagb-faq-equal-height.uagb-faq__wrap .uagb-faq-child__outer-wrap,.uagb-faq-layout-grid.uagb-faq-equal-height.uagb-faq__wrap .uagb-faq-item{height:100%}body[class*=\"astra\"] .uagb-faq-questions{line-height:normal}.uagb-faq-item{overflow:hidden}\n.wp-block-uagb-faq-child .uagb-faq-questions-button{display:flex;align-items:center}.wp-block-uagb-faq-child .uagb-faq-questions-button .uagb-faq-icon-wrap{display:flex;align-items:center}.wp-block-uagb-faq-child .uagb-faq-questions-button .uagb-question{width:100%;margin-top:0;margin-bottom:0}.wp-block-uagb-faq-child .uagb-icon svg,.wp-block-uagb-faq-child .uagb-icon-active svg{width:15px;height:15px;font-size:15px}.wp-block-uagb-faq-child.uagb-faq-child__outer-wrap.uagb-faq-item .uagb-icon-active,.wp-block-uagb-faq-child.uagb-faq-child__outer-wrap.uagb-faq-item.uagb-faq-item-active .uagb-icon,.wp-block-uagb-faq-child.uagb-faq-child__outer-wrap .uagb-faq-item .uagb-icon-active,.wp-block-uagb-faq-child.uagb-faq-child__outer-wrap .uagb-faq-item.uagb-faq-item-active .uagb-icon{display:none;width:0;padding:0;height:0;margin:0}.wp-block-uagb-faq-child.uagb-faq-child__outer-wrap.uagb-faq-item .uagb-icon,.wp-block-uagb-faq-child.uagb-faq-child__outer-wrap.uagb-faq-item.uagb-faq-item-active .uagb-icon-active,.wp-block-uagb-faq-child.uagb-faq-child__outer-wrap .uagb-faq-item .uagb-icon,.wp-block-uagb-faq-child.uagb-faq-child__outer-wrap .uagb-faq-item.uagb-faq-item-active .uagb-icon-active{display:flex;width:auto;height:auto}.uagb-faq-layout-grid .uagb-faq-child__outer-wrap.uagb-faq-item .uagb-icon,.uagb-faq-layout-grid .uagb-faq-child__outer-wrap.uagb-faq-item.uagb-faq-item-active .uagb-icon-active,.uagb-faq-layout-grid .uagb-faq-child__outer-wrap .uagb-faq-item .uagb-icon,.uagb-faq-layout-grid .uagb-faq-child__outer-wrap .uagb-faq-item.uagb-faq-item-active .uagb-icon-active{display:none}.uagb-faq-layout-grid .uagb-faq-child__outer-wrap.uagb-faq-item span.uagb-icon-active.uagb-faq-icon-wrap,.uagb-faq-layout-grid .uagb-faq-child__outer-wrap.uagb-faq-item.uagb-faq-item-active .uagb-icon-active,.uagb-faq-layout-grid .uagb-faq-child__outer-wrap .uagb-faq-item span.uagb-icon-active.uagb-faq-icon-wrap,.uagb-faq-layout-grid .uagb-faq-child__outer-wrap .uagb-faq-item.uagb-faq-item-active .uagb-icon-active{display:none}\n.uagb-block-55b5edaf .uagb-icon svg{width: 12px;height: 12px;font-size: 12px;}.uagb-block-55b5edaf .uagb-icon-active svg{width: 12px;height: 12px;font-size: 12px;}.uagb-block-55b5edaf .uagb-faq-child__outer-wrap{margin-bottom: 10px;}.uagb-block-55b5edaf .uagb-faq-item{border-top-width: 1px;border-left-width: 1px;border-right-width: 1px;border-bottom-width: 1px;border-top-left-radius: 2px;border-top-right-radius: 2px;border-bottom-left-radius: 2px;border-bottom-right-radius: 2px;border-color: #1e1e1e;border-style: solid;}.uagb-block-55b5edaf .uagb-faq-questions-button{padding-top: 10px;padding-bottom: 10px;padding-right: 10px;padding-left: 10px;}.uagb-block-55b5edaf .uagb-faq-content{padding-top: 10px;padding-bottom: 10px;padding-right: 10px;padding-left: 10px;}.uagb-block-55b5edaf .uagb-faq-content span{margin-top: 10px;margin-bottom: 10px;margin-right: 10px;margin-left: 10px;}.uagb-block-55b5edaf.uagb-faq-icon-row .uagb-faq-item .uagb-faq-icon-wrap{margin-right: 10px;}.uagb-block-55b5edaf.uagb-faq-icon-row-reverse .uagb-faq-item .uagb-faq-icon-wrap{margin-left: 10px;}.uagb-block-55b5edaf .uagb-faq-item .uagb-faq-questions-button.uagb-faq-questions{flex-direction: row;}.uagb-block-55b5edaf .wp-block-uagb-faq-child.uagb-faq-child__outer-wrap .uagb-faq-content {display: none;}@media only screen and (max-width: 976px) {.uagb-block-55b5edaf.uagb-faq-icon-row .uagb-faq-item .uagb-faq-icon-wrap{margin-right: 10px;}.uagb-block-55b5edaf.uagb-faq-icon-row-reverse .uagb-faq-item .uagb-faq-icon-wrap{margin-left: 10px;}.uagb-block-55b5edaf .uagb-faq-questions-button{padding-top: 10px;padding-bottom: 10px;padding-right: 10px;padding-left: 10px;}.uagb-block-55b5edaf .uagb-faq-content{padding-top: 10px;padding-bottom: 10px;padding-right: 10px;padding-left: 10px;}.uagb-block-55b5edaf .uagb-faq-content span{margin-top: 10px;margin-bottom: 10px;margin-right: 10px;margin-left: 10px;}}@media only screen and (max-width: 767px) {.uagb-block-55b5edaf.uagb-faq-icon-row .uagb-faq-item .uagb-faq-icon-wrap{margin-right: 10px;}.uagb-block-55b5edaf.uagb-faq-icon-row-reverse .uagb-faq-item .uagb-faq-icon-wrap{margin-left: 10px;}.uagb-block-55b5edaf .uagb-faq-questions-button{padding-top: 10px;padding-bottom: 10px;padding-right: 10px;padding-left: 10px;}.uagb-block-55b5edaf .uagb-faq-content{padding-top: 10px;padding-bottom: 10px;padding-right: 10px;padding-left: 10px;}.uagb-block-55b5edaf .uagb-faq-content span{margin-top: 10px;margin-bottom: 10px;margin-right: 10px;margin-left: 10px;}}\";s:2:\"js\";s:0:\"\";s:18:\"current_block_list\";a:10:{i:0;s:11:\"core\/search\";i:1;s:10:\"core\/group\";i:2;s:12:\"core\/heading\";i:3;s:17:\"core\/latest-posts\";i:4;s:20:\"core\/latest-comments\";i:5;s:13:\"core\/archives\";i:6;s:15:\"core\/categories\";i:7;s:14:\"core\/paragraph\";i:8;s:8:\"uagb\/faq\";i:9;s:14:\"uagb\/faq-child\";}s:8:\"uag_flag\";b:1;s:11:\"uag_version\";s:10:\"1775829763\";s:6:\"gfonts\";a:0:{}s:10:\"gfonts_url\";s:0:\"\";s:12:\"gfonts_files\";a:0:{}s:14:\"uag_faq_layout\";b:1;}"],"_uag_css_file_name":["uag-css-2429.css"]},"uagb_featured_image_src":{"full":["https:\/\/senyenergy.com\/wp-content\/uploads\/2025\/05\/1-2.jpg",800,800,false],"thumbnail":["https:\/\/senyenergy.com\/wp-content\/uploads\/2025\/05\/1-2-150x150.jpg",150,150,true],"medium":["https:\/\/senyenergy.com\/wp-content\/uploads\/2025\/05\/1-2-300x300.jpg",300,300,true],"medium_large":["https:\/\/senyenergy.com\/wp-content\/uploads\/2025\/05\/1-2-768x768.jpg",768,768,true],"large":["https:\/\/senyenergy.com\/wp-content\/uploads\/2025\/05\/1-2.jpg",800,800,false],"1536x1536":["https:\/\/senyenergy.com\/wp-content\/uploads\/2025\/05\/1-2.jpg",800,800,false],"2048x2048":["https:\/\/senyenergy.com\/wp-content\/uploads\/2025\/05\/1-2.jpg",800,800,false],"trp-custom-language-flag":["https:\/\/senyenergy.com\/wp-content\/uploads\/2025\/05\/1-2-12x12.jpg",12,12,true],"woocommerce_thumbnail":["https:\/\/senyenergy.com\/wp-content\/uploads\/2025\/05\/1-2-300x300.jpg",300,300,true],"woocommerce_single":["https:\/\/senyenergy.com\/wp-content\/uploads\/2025\/05\/1-2-600x600.jpg",600,600,true],"woocommerce_gallery_thumbnail":["https:\/\/senyenergy.com\/wp-content\/uploads\/2025\/05\/1-2-100x100.jpg",100,100,true]},"uagb_author_info":{"display_name":"wp-admin","author_link":"https:\/\/senyenergy.com\/fr\/author\/"},"uagb_comment_info":0,"uagb_excerpt":"The corrosion resistant, tin plated copper SY line of bonding jumpers are high quality solutions for your system to create an electrical bond between two pieces of galvanized or other uncoated electrically conductive metals. Standard lengths range from 150mm to 300mm, with or without installation hardware assembled or unassembled. Custom lengths are also available on\u2026","_links":{"self":[{"href":"https:\/\/senyenergy.com\/fr\/wp-json\/wp\/v2\/product\/2429","targetHints":{"allow":["GET"]}}],"collection":[{"href":"https:\/\/senyenergy.com\/fr\/wp-json\/wp\/v2\/product"}],"about":[{"href":"https:\/\/senyenergy.com\/fr\/wp-json\/wp\/v2\/types\/product"}],"wp:featuredmedia":[{"embeddable":true,"href":"https:\/\/senyenergy.com\/fr\/wp-json\/wp\/v2\/media\/2430"}],"wp:attachment":[{"href":"https:\/\/senyenergy.com\/fr\/wp-json\/wp\/v2\/media?parent=2429"}],"wp:term":[{"taxonomy":"product_brand","embeddable":true,"href":"https:\/\/senyenergy.com\/fr\/wp-json\/wp\/v2\/product_brand?post=2429"},{"taxonomy":"product_cat","embeddable":true,"href":"https:\/\/senyenergy.com\/fr\/wp-json\/wp\/v2\/product_cat?post=2429"},{"taxonomy":"product_tag","embeddable":true,"href":"https:\/\/senyenergy.com\/fr\/wp-json\/wp\/v2\/product_tag?post=2429"}],"curies":[{"name":"wp","href":"https:\/\/api.w.org\/{rel}","templated":true}]}}