{"id":2417,"date":"2025-05-08T11:32:50","date_gmt":"2025-05-08T03:32:50","guid":{"rendered":"https:\/\/senyenergy.com\/?post_type=product&#038;p=2417"},"modified":"2025-07-13T11:58:13","modified_gmt":"2025-07-13T03:58:13","slug":"support-de-ballast-solaire-reglable-sans-rail-pour-toit-plat","status":"publish","type":"product","link":"https:\/\/senyenergy.com\/fr\/produit\/support-de-ballast-solaire-reglable-sans-rail-pour-toit-plat\/","title":{"rendered":"Rail moins Montage ajustable du ballast solaire pour toit plat"},"content":{"rendered":"<p>Rail moins\u00a0<strong><b>Montage r\u00e9glable du ballast solaire<\/b><\/strong>\u00a0fixe les panneaux solaires sur un toit plat \u00e0 l'aide de poids (blocs de lestage, pav\u00e9s de b\u00e9ton ou poids en acier) au lieu de p\u00e9n\u00e9trer dans le toit. Le syst\u00e8me s'appuie sur la gravit\u00e9 et la friction pour maintenir le r\u00e9seau en place tout en r\u00e9sistant au soul\u00e8vement par le vent. Les syst\u00e8mes solaires mont\u00e9s sur ballast sont un choix populaire pour les toits plats car ils \u00e9vitent les p\u00e9n\u00e9trations dans le toit, ce qui r\u00e9duit le risque de fuites et simplifie l'installation.<\/p>\n<p>notre Rail moins\u00a0<strong><b>Montage r\u00e9glable du ballast solaire<\/b><\/strong>\u00a0s'applique au toit o\u00f9 le trou ne peut pas \u00eatre ouvert. Le bloc de b\u00e9ton est plac\u00e9 tout au long du syst\u00e8me pour fixer le cadre au toit, r\u00e9sister \u00e0 la force du vent et emp\u00eacher tout mouvement. De plus, la r\u00e9sistance \u00e0 la corrosion et l'usinabilit\u00e9 sont excellentes dans le produit utilisant l'acier ZAM de la t\u00f4le d'acier plaqu\u00e9e d'alliage d'aluminium et de zinc \u00e0 chaud \u00e0 haute r\u00e9sistance \u00e0 la corrosion.<\/p>\n<p>Composants d'un rail moins\u00a0<strong><b>Montage r\u00e9glable du ballast solaire<\/b><\/strong><\/p>\n<ul>\n<li>Rails\/cadres : notre structure de ballast sans rail qui supporte les panneaux solaires.<\/li>\n<li>Poids de lestage : Blocs de b\u00e9ton, pav\u00e9s ou plaques d'acier qui assurent la stabilit\u00e9.<\/li>\n<li>Kits d'inclinaison (en option) : Supports r\u00e9glables permettant d'incliner les panneaux pour une meilleure exposition au soleil.<\/li>\n<li>Coussinets en caoutchouc ou en EPDM : Prot\u00e8gent la membrane du toit contre l'abrasion.<\/li>\n<li>D\u00e9flecteurs de vent (si n\u00e9cessaire) : R\u00e9duire les forces de soul\u00e8vement du vent.<\/li>\n<\/ul>\n<p><strong><b>Caract\u00e9ristiques<\/b><\/strong>\u00a0<strong><b>Rail moins<\/b><\/strong><strong><b>\u00a0Montage r\u00e9glable du ballast solaire<\/b><\/strong><\/p>\n<p>\u2705 Pas de p\u00e9n\u00e9tration dans le toit - Minimise les fuites et les probl\u00e8mes de garantie.<\/p>\n<p>Installation plus rapide - Aucun per\u00e7age ni scellement n'est n\u00e9cessaire.<\/p>\n<p>\u2705 Modulaire et ajustable - Facile \u00e0 d\u00e9placer ou \u00e0 \u00e9tendre le syst\u00e8me.<\/p>\n<p>\u2705 Protection de la toiture - Le ballast peut prot\u00e9ger la toiture contre les UV et les dommages caus\u00e9s par les intemp\u00e9ries.<\/p>\n<p>\u2705 Ajustable - notre structure avec des trous plus longs et des pi\u00e8ces flexibles peut \u00eatre ajust\u00e9e lors de l'installation.<\/p>\n<p>\u2705 Plus \u00e9conomique - le syst\u00e8me n'a pas besoin de rails suppl\u00e9mentaires pour \u00e9conomiser du mat\u00e9riel et ne comporte que 3 parties : le collier central, le collier final et la structure de lestage, soit environ 20% de moins que le cadre en aluminium.<\/p>\n<p>\u2705 Universel - s'adaptant \u00e0 chaque type de panneau<\/p>\n<p>&nbsp;<\/p>\n<p>Rail moins\u00a0<strong><b>Montage r\u00e9glable du ballast solaire<\/b><\/strong>\u00a0est une solution non invasive et rentable pour les toits plats ayant une capacit\u00e9 de charge suffisante. Une bonne ing\u00e9nierie, des calculs de vent et une protection de la toiture sont essentiels pour une installation s\u00fbre et durable.<\/p>\n<p>Vous souhaitez obtenir de l'aide pour calculer les besoins en ballast d'un projet sp\u00e9cifique ? Faites-moi part des dimensions et de l'emplacement de votre toit !<\/p>","protected":false},"excerpt":{"rendered":"<p>notre <strong><b>Rail moins<\/b><\/strong><strong><b>\u00a0Montage r\u00e9glable du ballast solaire<\/b><\/strong>\u00a0s'applique au toit o\u00f9 le trou ne peut pas \u00eatre ouvert. Le bloc de b\u00e9ton est plac\u00e9 tout au long du syst\u00e8me pour fixer le cadre au toit, r\u00e9sister \u00e0 la force du vent et emp\u00eacher tout mouvement. De plus, la r\u00e9sistance \u00e0 la corrosion et l'usinabilit\u00e9 sont excellentes dans le produit utilisant l'acier ZAM de la t\u00f4le d'acier plaqu\u00e9e d'alliage d'aluminium et de zinc \u00e0 chaud \u00e0 haute r\u00e9sistance \u00e0 la corrosion.<\/p>\n<div class=\"wp-block-button popmake-1937\"><a class=\"wp-block-button__link wp-element-button\">v\u00e9rification des prix<\/a><\/div>","protected":false},"featured_media":2418,"template":"","meta":{"_uag_custom_page_level_css":"","site-sidebar-layout":"default","site-content-layout":"","ast-site-content-layout":"default","site-content-style":"default","site-sidebar-style":"default","ast-global-header-display":"","ast-banner-title-visibility":"","ast-main-header-display":"","ast-hfb-above-header-display":"","ast-hfb-below-header-display":"","ast-hfb-mobile-header-display":"","site-post-title":"","ast-breadcrumbs-content":"","ast-featured-img":"","footer-sml-layout":"","ast-disable-related-posts":"","theme-transparent-header-meta":"default","adv-header-id-meta":"","stick-header-meta":"","header-above-stick-meta":"","header-main-stick-meta":"","header-below-stick-meta":"","astra-migrate-meta-layouts":"set","ast-page-background-enabled":"default","ast-page-background-meta":{"desktop":{"background-color":"","background-image":"","background-repeat":"repeat","background-position":"center center","background-size":"auto","background-attachment":"scroll","background-type":"","background-media":"","overlay-type":"","overlay-color":"","overlay-opacity":"","overlay-gradient":""},"tablet":{"background-color":"","background-image":"","background-repeat":"repeat","background-position":"center center","background-size":"auto","background-attachment":"scroll","background-type":"","background-media":"","overlay-type":"","overlay-color":"","overlay-opacity":"","overlay-gradient":""},"mobile":{"background-color":"","background-image":"","background-repeat":"repeat","background-position":"center center","background-size":"auto","background-attachment":"scroll","background-type":"","background-media":"","overlay-type":"","overlay-color":"","overlay-opacity":"","overlay-gradient":""}},"ast-content-background-meta":{"desktop":{"background-color":"var(--ast-global-color-5)","background-image":"","background-repeat":"repeat","background-position":"center center","background-size":"auto","background-attachment":"scroll","background-type":"","background-media":"","overlay-type":"","overlay-color":"","overlay-opacity":"","overlay-gradient":""},"tablet":{"background-color":"var(--ast-global-color-5)","background-image":"","background-repeat":"repeat","background-position":"center center","background-size":"auto","background-attachment":"scroll","background-type":"","background-media":"","overlay-type":"","overlay-color":"","overlay-opacity":"","overlay-gradient":""},"mobile":{"background-color":"var(--ast-global-color-5)","background-image":"","background-repeat":"repeat","background-position":"center center","background-size":"auto","background-attachment":"scroll","background-type":"","background-media":"","overlay-type":"","overlay-color":"","overlay-opacity":"","overlay-gradient":""}}},"product_brand":[],"product_cat":[25,24],"product_tag":[256,254,255,257],"class_list":{"0":"post-2417","1":"product","2":"type-product","3":"status-publish","4":"has-post-thumbnail","6":"product_cat-excellent","7":"product_cat-solar-mounting-system","8":"product_tag-adjustable-solar-ballast-mount","9":"product_tag-solar-ballast-mounting","10":"product_tag-solar-ballast-mounting-system","11":"product_tag-solar-flat-roof-solar-ballast-mounting","12":"desktop-align-left","13":"tablet-align-left","14":"mobile-align-left","16":"first","17":"instock","18":"shipping-taxable","19":"product-type-simple"},"spectra_custom_meta":{"_uabb_version":["1.36.1"],"_edit_last":["1"],"_edit_lock":["1752379011:1"],"_thumbnail_id":["2418"],"total_sales":["0"],"_tax_status":["taxable"],"_tax_class":[""],"_manage_stock":["no"],"_backorders":["no"],"_sold_individually":["no"],"_virtual":["no"],"_downloadable":["no"],"_download_limit":["-1"],"_download_expiry":["-1"],"_stock":[null],"_stock_status":["instock"],"_wc_average_rating":["0"],"_wc_review_count":["0"],"_product_version":["9.6.2"],"_product_image_gallery":["2420,2421,2419,2422"],"site-sidebar-layout":["default"],"ast-site-content-layout":["default"],"site-content-style":["default"],"site-sidebar-style":["default"],"theme-transparent-header-meta":["default"],"astra-migrate-meta-layouts":["set"],"_uag_page_assets":["a:9:{s:3:\"css\";s:5318:\".uag-blocks-common-selector{z-index:var(--z-index-desktop) !important}@media (max-width: 976px){.uag-blocks-common-selector{z-index:var(--z-index-tablet) !important}}@media (max-width: 767px){.uag-blocks-common-selector{z-index:var(--z-index-mobile) !important}}\n.wp-block-uagb-faq{width:100%}.wp-block-uagb-faq.uagb-faq-layout-accordion .uagb-faq-child__outer-wrap .uagb-faq-questions-button{cursor:pointer}.wp-block-uagb-faq .uagb-faq-content{margin-bottom:0}.wp-block-uagb-faq .uagb-faq-content p{margin:auto}.uagb-faq-layout-grid.uagb-faq-equal-height.uagb-faq__wrap .uagb-faq-child__outer-wrap,.uagb-faq-layout-grid.uagb-faq-equal-height.uagb-faq__wrap .uagb-faq-item{height:100%}body[class*=\"astra\"] .uagb-faq-questions{line-height:normal}.uagb-faq-item{overflow:hidden}\n.wp-block-uagb-faq-child .uagb-faq-questions-button{display:flex;align-items:center}.wp-block-uagb-faq-child .uagb-faq-questions-button .uagb-faq-icon-wrap{display:flex;align-items:center}.wp-block-uagb-faq-child .uagb-faq-questions-button .uagb-question{width:100%;margin-top:0;margin-bottom:0}.wp-block-uagb-faq-child .uagb-icon svg,.wp-block-uagb-faq-child .uagb-icon-active svg{width:15px;height:15px;font-size:15px}.wp-block-uagb-faq-child.uagb-faq-child__outer-wrap.uagb-faq-item .uagb-icon-active,.wp-block-uagb-faq-child.uagb-faq-child__outer-wrap.uagb-faq-item.uagb-faq-item-active .uagb-icon,.wp-block-uagb-faq-child.uagb-faq-child__outer-wrap .uagb-faq-item .uagb-icon-active,.wp-block-uagb-faq-child.uagb-faq-child__outer-wrap .uagb-faq-item.uagb-faq-item-active .uagb-icon{display:none;width:0;padding:0;height:0;margin:0}.wp-block-uagb-faq-child.uagb-faq-child__outer-wrap.uagb-faq-item .uagb-icon,.wp-block-uagb-faq-child.uagb-faq-child__outer-wrap.uagb-faq-item.uagb-faq-item-active .uagb-icon-active,.wp-block-uagb-faq-child.uagb-faq-child__outer-wrap .uagb-faq-item .uagb-icon,.wp-block-uagb-faq-child.uagb-faq-child__outer-wrap .uagb-faq-item.uagb-faq-item-active .uagb-icon-active{display:flex;width:auto;height:auto}.uagb-faq-layout-grid .uagb-faq-child__outer-wrap.uagb-faq-item .uagb-icon,.uagb-faq-layout-grid .uagb-faq-child__outer-wrap.uagb-faq-item.uagb-faq-item-active .uagb-icon-active,.uagb-faq-layout-grid .uagb-faq-child__outer-wrap .uagb-faq-item .uagb-icon,.uagb-faq-layout-grid .uagb-faq-child__outer-wrap .uagb-faq-item.uagb-faq-item-active .uagb-icon-active{display:none}.uagb-faq-layout-grid .uagb-faq-child__outer-wrap.uagb-faq-item span.uagb-icon-active.uagb-faq-icon-wrap,.uagb-faq-layout-grid .uagb-faq-child__outer-wrap.uagb-faq-item.uagb-faq-item-active .uagb-icon-active,.uagb-faq-layout-grid .uagb-faq-child__outer-wrap .uagb-faq-item span.uagb-icon-active.uagb-faq-icon-wrap,.uagb-faq-layout-grid .uagb-faq-child__outer-wrap .uagb-faq-item.uagb-faq-item-active .uagb-icon-active{display:none}\n.uagb-block-55b5edaf .uagb-icon svg{width: 12px;height: 12px;font-size: 12px;}.uagb-block-55b5edaf .uagb-icon-active svg{width: 12px;height: 12px;font-size: 12px;}.uagb-block-55b5edaf .uagb-faq-child__outer-wrap{margin-bottom: 10px;}.uagb-block-55b5edaf .uagb-faq-item{border-top-width: 1px;border-left-width: 1px;border-right-width: 1px;border-bottom-width: 1px;border-top-left-radius: 2px;border-top-right-radius: 2px;border-bottom-left-radius: 2px;border-bottom-right-radius: 2px;border-color: #1e1e1e;border-style: solid;}.uagb-block-55b5edaf .uagb-faq-questions-button{padding-top: 10px;padding-bottom: 10px;padding-right: 10px;padding-left: 10px;}.uagb-block-55b5edaf .uagb-faq-content{padding-top: 10px;padding-bottom: 10px;padding-right: 10px;padding-left: 10px;}.uagb-block-55b5edaf .uagb-faq-content span{margin-top: 10px;margin-bottom: 10px;margin-right: 10px;margin-left: 10px;}.uagb-block-55b5edaf.uagb-faq-icon-row .uagb-faq-item .uagb-faq-icon-wrap{margin-right: 10px;}.uagb-block-55b5edaf.uagb-faq-icon-row-reverse .uagb-faq-item .uagb-faq-icon-wrap{margin-left: 10px;}.uagb-block-55b5edaf .uagb-faq-item .uagb-faq-questions-button.uagb-faq-questions{flex-direction: row;}.uagb-block-55b5edaf .wp-block-uagb-faq-child.uagb-faq-child__outer-wrap .uagb-faq-content {display: none;}@media only screen and (max-width: 976px) {.uagb-block-55b5edaf.uagb-faq-icon-row .uagb-faq-item .uagb-faq-icon-wrap{margin-right: 10px;}.uagb-block-55b5edaf.uagb-faq-icon-row-reverse .uagb-faq-item .uagb-faq-icon-wrap{margin-left: 10px;}.uagb-block-55b5edaf .uagb-faq-questions-button{padding-top: 10px;padding-bottom: 10px;padding-right: 10px;padding-left: 10px;}.uagb-block-55b5edaf .uagb-faq-content{padding-top: 10px;padding-bottom: 10px;padding-right: 10px;padding-left: 10px;}.uagb-block-55b5edaf .uagb-faq-content span{margin-top: 10px;margin-bottom: 10px;margin-right: 10px;margin-left: 10px;}}@media only screen and (max-width: 767px) {.uagb-block-55b5edaf.uagb-faq-icon-row .uagb-faq-item .uagb-faq-icon-wrap{margin-right: 10px;}.uagb-block-55b5edaf.uagb-faq-icon-row-reverse .uagb-faq-item .uagb-faq-icon-wrap{margin-left: 10px;}.uagb-block-55b5edaf .uagb-faq-questions-button{padding-top: 10px;padding-bottom: 10px;padding-right: 10px;padding-left: 10px;}.uagb-block-55b5edaf .uagb-faq-content{padding-top: 10px;padding-bottom: 10px;padding-right: 10px;padding-left: 10px;}.uagb-block-55b5edaf .uagb-faq-content span{margin-top: 10px;margin-bottom: 10px;margin-right: 10px;margin-left: 10px;}}\";s:2:\"js\";s:0:\"\";s:18:\"current_block_list\";a:10:{i:0;s:11:\"core\/search\";i:1;s:10:\"core\/group\";i:2;s:12:\"core\/heading\";i:3;s:17:\"core\/latest-posts\";i:4;s:20:\"core\/latest-comments\";i:5;s:13:\"core\/archives\";i:6;s:15:\"core\/categories\";i:7;s:14:\"core\/paragraph\";i:8;s:8:\"uagb\/faq\";i:9;s:14:\"uagb\/faq-child\";}s:8:\"uag_flag\";b:1;s:11:\"uag_version\";s:10:\"1775829763\";s:6:\"gfonts\";a:0:{}s:10:\"gfonts_url\";s:0:\"\";s:12:\"gfonts_files\";a:0:{}s:14:\"uag_faq_layout\";b:1;}"],"_uag_css_file_name":["uag-css-2417.css"]},"uagb_featured_image_src":{"full":["https:\/\/senyenergy.com\/wp-content\/uploads\/2025\/05\/1.jpg",800,800,false],"thumbnail":["https:\/\/senyenergy.com\/wp-content\/uploads\/2025\/05\/1-150x150.jpg",150,150,true],"medium":["https:\/\/senyenergy.com\/wp-content\/uploads\/2025\/05\/1-300x300.jpg",300,300,true],"medium_large":["https:\/\/senyenergy.com\/wp-content\/uploads\/2025\/05\/1-768x768.jpg",768,768,true],"large":["https:\/\/senyenergy.com\/wp-content\/uploads\/2025\/05\/1.jpg",800,800,false],"1536x1536":["https:\/\/senyenergy.com\/wp-content\/uploads\/2025\/05\/1.jpg",800,800,false],"2048x2048":["https:\/\/senyenergy.com\/wp-content\/uploads\/2025\/05\/1.jpg",800,800,false],"trp-custom-language-flag":["https:\/\/senyenergy.com\/wp-content\/uploads\/2025\/05\/1-12x12.jpg",12,12,true],"woocommerce_thumbnail":["https:\/\/senyenergy.com\/wp-content\/uploads\/2025\/05\/1-300x300.jpg",300,300,true],"woocommerce_single":["https:\/\/senyenergy.com\/wp-content\/uploads\/2025\/05\/1-600x600.jpg",600,600,true],"woocommerce_gallery_thumbnail":["https:\/\/senyenergy.com\/wp-content\/uploads\/2025\/05\/1-100x100.jpg",100,100,true]},"uagb_author_info":{"display_name":"wp-admin","author_link":"https:\/\/senyenergy.com\/fr\/author\/"},"uagb_comment_info":0,"uagb_excerpt":"our Rail less\u00a0Adjustable Solar Ballast Mounting\u00a0applies to the roof where the hole cannot be opened. The concrete block is placed throughout the system to fix the frame to the roof, resisting wind force, and preventing movement. Moreover, the corrosion resistance and the machinability excellent in the product using ZAM steel of the high corrosion resistance\u2026","_links":{"self":[{"href":"https:\/\/senyenergy.com\/fr\/wp-json\/wp\/v2\/product\/2417","targetHints":{"allow":["GET"]}}],"collection":[{"href":"https:\/\/senyenergy.com\/fr\/wp-json\/wp\/v2\/product"}],"about":[{"href":"https:\/\/senyenergy.com\/fr\/wp-json\/wp\/v2\/types\/product"}],"wp:featuredmedia":[{"embeddable":true,"href":"https:\/\/senyenergy.com\/fr\/wp-json\/wp\/v2\/media\/2418"}],"wp:attachment":[{"href":"https:\/\/senyenergy.com\/fr\/wp-json\/wp\/v2\/media?parent=2417"}],"wp:term":[{"taxonomy":"product_brand","embeddable":true,"href":"https:\/\/senyenergy.com\/fr\/wp-json\/wp\/v2\/product_brand?post=2417"},{"taxonomy":"product_cat","embeddable":true,"href":"https:\/\/senyenergy.com\/fr\/wp-json\/wp\/v2\/product_cat?post=2417"},{"taxonomy":"product_tag","embeddable":true,"href":"https:\/\/senyenergy.com\/fr\/wp-json\/wp\/v2\/product_tag?post=2417"}],"curies":[{"name":"wp","href":"https:\/\/api.w.org\/{rel}","templated":true}]}}